{"id":2853,"date":"2019-11-29T09:13:30","date_gmt":"2019-11-29T08:13:30","guid":{"rendered":"https:\/\/cybul.eu\/shop\/mazda-mx-5-nc-mocowanie-fotela-kubelkowego\/"},"modified":"2025-06-05T11:56:58","modified_gmt":"2025-06-05T09:56:58","slug":"mazda-mx-5-nc-mocowanie-fotela-kubelkowego","status":"publish","type":"product","link":"https:\/\/cybul.eu\/pl\/sklep\/mazda-mx-5-nc-mocowanie-fotela-kubelkowego\/","title":{"rendered":"Mazda MX-5 NC &#8211; mocowanie fotela kube\u0142kowego"},"content":{"rendered":"<p>Mocowania fotela kube\u0142kowego do Mazdy MX-5 NC<\/p>\n<div class=\"\" data-block=\"true\" data-editor=\"bnd4h\" data-offset-key=\"402cu-0-0\">\n<p class=\"public-DraftStyleDefault-block public-DraftStyleDefault-ltr\" data-offset-key=\"402cu-0-0\">G\u0142\u00f3wne korzy\u015bci:<\/p>\n<ul>\n<li data-line-height=\"m\">Niski profil &#8211; pozwalaj\u0105 na monta\u017c fotela tak nisko, jak pozwala na to konstrukcja auta<\/li>\n<li data-line-height=\"m\">Kompatybilne z wszystkimi modelami foteli kube\u0142kowych z bocznymi mocowaniami<\/li>\n<li data-line-height=\"m\">Du\u017cy zakres regulacji po\u0142o\u017cenia fotela prawo-lewo i ty\u0142 prz\u00f3d<\/li>\n<li data-line-height=\"m\">Wyposa\u017cone w mocowanie krokowej cz\u0119\u015bci pas\u00f3w szelkowych<\/li>\n<\/ul>\n<\/div>\n<p data-line-height=\"m\">G\u0142\u00f3wne cechy wahaczy:<\/p>\n<ul>\n<li data-line-height=\"m\">Wykonane ze stali E355 o grubo\u015bci 3mm<\/li>\n<li data-line-height=\"m\">Wyci\u0119te laserem, gi\u0119te CNC<\/li>\n<li data-line-height=\"m\">Lakierowane proszkowo na metaliczny grafit<\/li>\n<li data-line-height=\"m\">Rozwi\u0105zanie w 100% bolt-on<\/li>\n<li data-line-height=\"m\">Zaprojektowane w \u015brodowisku CAD 3D<\/li>\n<li data-line-height=\"m\">W 100% wykonane w Polsce<\/li>\n<\/ul>\n<p data-line-height=\"m\">W paczce dostajesz:<\/p>\n<ul>\n<li data-line-height=\"m\">Dwa mocowania boczne<\/li>\n<li data-line-height=\"m\">Doln\u0105 p\u0142yt\u0119<\/li>\n<li data-line-height=\"m\">Zestaw \u015brub i nakr\u0119tek<\/li>\n<\/ul>\n","protected":false},"excerpt":{"rendered":"<p>Wszystko, czego potrzebujesz do zamotwoania fotela kube\u0142kowego w swojej MX-5 NC.<\/p>\n","protected":false},"featured_media":4506,"comment_status":"open","ping_status":"closed","template":"","meta":[],"product_cat":[447],"product_tag":[],"class_list":{"0":"post-2853","1":"product","2":"type-product","3":"status-publish","4":"has-post-thumbnail","6":"product_cat-mx-5-nc-pl","8":"first","9":"instock","10":"taxable","11":"shipping-taxable","12":"purchasable","13":"product-type-simple"},"bundled_by":[],"bundle_stock_status":"instock","bundle_stock_quantity":null,"bundle_virtual":false,"bundle_layout":"","bundle_add_to_cart_form_location":"","bundle_editable_in_cart":false,"bundle_sold_individually_context":"","bundle_item_grouping":"","bundle_min_size":"","bundle_max_size":"","bundle_price":[],"bundled_items":[],"bundle_sell_ids":[],"acf":{"zdjecie_bez_watermarka":null,"zdjecie_bez_watermarka_url":"","product_orgin_url":""},"yoast_head":"<!-- This site is optimized with the Yoast SEO plugin v23.9 - https:\/\/yoast.com\/wordpress\/plugins\/seo\/ -->\n<title>Mazda MX-5 NC - mocowanie fotela kube\u0142kowego - CYBUL<\/title>\n<meta name=\"robots\" content=\"index, follow, max-snippet:-1, max-image-preview:large, max-video-preview:-1\" \/>\n<link rel=\"canonical\" href=\"https:\/\/cybul.eu\/pl\/sklep\/mazda-mx-5-nc-mocowanie-fotela-kubelkowego\/\" \/>\n<meta property=\"og:locale\" content=\"pl_PL\" \/>\n<meta property=\"og:type\" content=\"article\" \/>\n<meta property=\"og:title\" content=\"Mazda MX-5 NC - mocowanie fotela kube\u0142kowego - CYBUL\" \/>\n<meta property=\"og:description\" content=\"Wszystko, czego potrzebujesz do zamotwoania fotela kube\u0142kowego w swojej MX-5 NC.\" \/>\n<meta property=\"og:url\" content=\"https:\/\/cybul.eu\/pl\/sklep\/mazda-mx-5-nc-mocowanie-fotela-kubelkowego\/\" \/>\n<meta property=\"og:site_name\" content=\"CYBUL\" \/>\n<meta property=\"article:modified_time\" content=\"2025-06-05T09:56:58+00:00\" \/>\n<meta property=\"og:image\" content=\"https:\/\/cybul.eu\/wp-content\/uploads\/2019\/11\/MX-5-NC-bucket-seat-mounts-1.jpg\" \/>\n\t<meta property=\"og:image:width\" content=\"800\" \/>\n\t<meta property=\"og:image:height\" content=\"800\" \/>\n\t<meta property=\"og:image:type\" content=\"image\/jpeg\" \/>\n<meta name=\"twitter:card\" content=\"summary_large_image\" \/>\n<meta name=\"twitter:label1\" content=\"Szacowany czas czytania\" \/>\n\t<meta name=\"twitter:data1\" content=\"1 minuta\" \/>\n<script type=\"application\/ld+json\" class=\"yoast-schema-graph\">{\"@context\":\"https:\/\/schema.org\",\"@graph\":[{\"@type\":\"WebPage\",\"@id\":\"https:\/\/cybul.eu\/pl\/sklep\/mazda-mx-5-nc-mocowanie-fotela-kubelkowego\/\",\"url\":\"https:\/\/cybul.eu\/pl\/sklep\/mazda-mx-5-nc-mocowanie-fotela-kubelkowego\/\",\"name\":\"Mazda MX-5 NC - mocowanie fotela kube\u0142kowego - CYBUL\",\"isPartOf\":{\"@id\":\"https:\/\/cybul.eu\/pl\/#website\"},\"primaryImageOfPage\":{\"@id\":\"https:\/\/cybul.eu\/pl\/sklep\/mazda-mx-5-nc-mocowanie-fotela-kubelkowego\/#primaryimage\"},\"image\":{\"@id\":\"https:\/\/cybul.eu\/pl\/sklep\/mazda-mx-5-nc-mocowanie-fotela-kubelkowego\/#primaryimage\"},\"thumbnailUrl\":\"https:\/\/cybul.eu\/wp-content\/uploads\/2019\/11\/MX-5-NC-bucket-seat-mounts-1.jpg\",\"datePublished\":\"2019-11-29T08:13:30+00:00\",\"dateModified\":\"2025-06-05T09:56:58+00:00\",\"breadcrumb\":{\"@id\":\"https:\/\/cybul.eu\/pl\/sklep\/mazda-mx-5-nc-mocowanie-fotela-kubelkowego\/#breadcrumb\"},\"inLanguage\":\"pl-PL\",\"potentialAction\":[{\"@type\":\"ReadAction\",\"target\":[\"https:\/\/cybul.eu\/pl\/sklep\/mazda-mx-5-nc-mocowanie-fotela-kubelkowego\/\"]}]},{\"@type\":\"ImageObject\",\"inLanguage\":\"pl-PL\",\"@id\":\"https:\/\/cybul.eu\/pl\/sklep\/mazda-mx-5-nc-mocowanie-fotela-kubelkowego\/#primaryimage\",\"url\":\"https:\/\/cybul.eu\/wp-content\/uploads\/2019\/11\/MX-5-NC-bucket-seat-mounts-1.jpg\",\"contentUrl\":\"https:\/\/cybul.eu\/wp-content\/uploads\/2019\/11\/MX-5-NC-bucket-seat-mounts-1.jpg\",\"width\":800,\"height\":800,\"caption\":\"Mazda MX-5 NC mocowanie fotela kube\u0142kowego by Cybul Radical Solutions\"},{\"@type\":\"BreadcrumbList\",\"@id\":\"https:\/\/cybul.eu\/pl\/sklep\/mazda-mx-5-nc-mocowanie-fotela-kubelkowego\/#breadcrumb\",\"itemListElement\":[{\"@type\":\"ListItem\",\"position\":1,\"name\":\"Strona g\u0142\u00f3wna\",\"item\":\"https:\/\/cybul.eu\/pl\/\"},{\"@type\":\"ListItem\",\"position\":2,\"name\":\"Sklep\",\"item\":\"https:\/\/cybul.eu\/pl\/sklep\/\"},{\"@type\":\"ListItem\",\"position\":3,\"name\":\"Mazda MX-5 NC &#8211; mocowanie fotela kube\u0142kowego\"}]},{\"@type\":\"WebSite\",\"@id\":\"https:\/\/cybul.eu\/pl\/#website\",\"url\":\"https:\/\/cybul.eu\/pl\/\",\"name\":\"CYBUL\",\"description\":\"\",\"potentialAction\":[{\"@type\":\"SearchAction\",\"target\":{\"@type\":\"EntryPoint\",\"urlTemplate\":\"https:\/\/cybul.eu\/pl\/?s={search_term_string}\"},\"query-input\":{\"@type\":\"PropertyValueSpecification\",\"valueRequired\":true,\"valueName\":\"search_term_string\"}}],\"inLanguage\":\"pl-PL\"}]}<\/script>\n<!-- \/ Yoast SEO plugin. -->","yoast_head_json":{"title":"Mazda MX-5 NC - mocowanie fotela kube\u0142kowego - CYBUL","robots":{"index":"index","follow":"follow","max-snippet":"max-snippet:-1","max-image-preview":"max-image-preview:large","max-video-preview":"max-video-preview:-1"},"canonical":"https:\/\/cybul.eu\/pl\/sklep\/mazda-mx-5-nc-mocowanie-fotela-kubelkowego\/","og_locale":"pl_PL","og_type":"article","og_title":"Mazda MX-5 NC - mocowanie fotela kube\u0142kowego - CYBUL","og_description":"Wszystko, czego potrzebujesz do zamotwoania fotela kube\u0142kowego w swojej MX-5 NC.","og_url":"https:\/\/cybul.eu\/pl\/sklep\/mazda-mx-5-nc-mocowanie-fotela-kubelkowego\/","og_site_name":"CYBUL","article_modified_time":"2025-06-05T09:56:58+00:00","og_image":[{"width":800,"height":800,"url":"https:\/\/cybul.eu\/wp-content\/uploads\/2019\/11\/MX-5-NC-bucket-seat-mounts-1.jpg","type":"image\/jpeg"}],"twitter_card":"summary_large_image","twitter_misc":{"Szacowany czas czytania":"1 minuta"},"schema":{"@context":"https:\/\/schema.org","@graph":[{"@type":"WebPage","@id":"https:\/\/cybul.eu\/pl\/sklep\/mazda-mx-5-nc-mocowanie-fotela-kubelkowego\/","url":"https:\/\/cybul.eu\/pl\/sklep\/mazda-mx-5-nc-mocowanie-fotela-kubelkowego\/","name":"Mazda MX-5 NC - mocowanie fotela kube\u0142kowego - CYBUL","isPartOf":{"@id":"https:\/\/cybul.eu\/pl\/#website"},"primaryImageOfPage":{"@id":"https:\/\/cybul.eu\/pl\/sklep\/mazda-mx-5-nc-mocowanie-fotela-kubelkowego\/#primaryimage"},"image":{"@id":"https:\/\/cybul.eu\/pl\/sklep\/mazda-mx-5-nc-mocowanie-fotela-kubelkowego\/#primaryimage"},"thumbnailUrl":"https:\/\/cybul.eu\/wp-content\/uploads\/2019\/11\/MX-5-NC-bucket-seat-mounts-1.jpg","datePublished":"2019-11-29T08:13:30+00:00","dateModified":"2025-06-05T09:56:58+00:00","breadcrumb":{"@id":"https:\/\/cybul.eu\/pl\/sklep\/mazda-mx-5-nc-mocowanie-fotela-kubelkowego\/#breadcrumb"},"inLanguage":"pl-PL","potentialAction":[{"@type":"ReadAction","target":["https:\/\/cybul.eu\/pl\/sklep\/mazda-mx-5-nc-mocowanie-fotela-kubelkowego\/"]}]},{"@type":"ImageObject","inLanguage":"pl-PL","@id":"https:\/\/cybul.eu\/pl\/sklep\/mazda-mx-5-nc-mocowanie-fotela-kubelkowego\/#primaryimage","url":"https:\/\/cybul.eu\/wp-content\/uploads\/2019\/11\/MX-5-NC-bucket-seat-mounts-1.jpg","contentUrl":"https:\/\/cybul.eu\/wp-content\/uploads\/2019\/11\/MX-5-NC-bucket-seat-mounts-1.jpg","width":800,"height":800,"caption":"Mazda MX-5 NC mocowanie fotela kube\u0142kowego by Cybul Radical Solutions"},{"@type":"BreadcrumbList","@id":"https:\/\/cybul.eu\/pl\/sklep\/mazda-mx-5-nc-mocowanie-fotela-kubelkowego\/#breadcrumb","itemListElement":[{"@type":"ListItem","position":1,"name":"Strona g\u0142\u00f3wna","item":"https:\/\/cybul.eu\/pl\/"},{"@type":"ListItem","position":2,"name":"Sklep","item":"https:\/\/cybul.eu\/pl\/sklep\/"},{"@type":"ListItem","position":3,"name":"Mazda MX-5 NC &#8211; mocowanie fotela kube\u0142kowego"}]},{"@type":"WebSite","@id":"https:\/\/cybul.eu\/pl\/#website","url":"https:\/\/cybul.eu\/pl\/","name":"CYBUL","description":"","potentialAction":[{"@type":"SearchAction","target":{"@type":"EntryPoint","urlTemplate":"https:\/\/cybul.eu\/pl\/?s={search_term_string}"},"query-input":{"@type":"PropertyValueSpecification","valueRequired":true,"valueName":"search_term_string"}}],"inLanguage":"pl-PL"}]}},"_links":{"self":[{"href":"https:\/\/cybul.eu\/pl\/wp-json\/wp\/v2\/product\/2853","targetHints":{"allow":["GET"]}}],"collection":[{"href":"https:\/\/cybul.eu\/pl\/wp-json\/wp\/v2\/product"}],"about":[{"href":"https:\/\/cybul.eu\/pl\/wp-json\/wp\/v2\/types\/product"}],"replies":[{"embeddable":true,"href":"https:\/\/cybul.eu\/pl\/wp-json\/wp\/v2\/comments?post=2853"}],"wp:featuredmedia":[{"embeddable":true,"href":"https:\/\/cybul.eu\/pl\/wp-json\/wp\/v2\/media\/4506"}],"wp:attachment":[{"href":"https:\/\/cybul.eu\/pl\/wp-json\/wp\/v2\/media?parent=2853"}],"wp:term":[{"taxonomy":"product_cat","embeddable":true,"href":"https:\/\/cybul.eu\/pl\/wp-json\/wp\/v2\/product_cat?post=2853"},{"taxonomy":"product_tag","embeddable":true,"href":"https:\/\/cybul.eu\/pl\/wp-json\/wp\/v2\/product_tag?post=2853"}],"curies":[{"name":"wp","href":"https:\/\/api.w.org\/{rel}","templated":true}]}}