{"id":25217,"date":"2026-04-07T11:13:35","date_gmt":"2026-04-07T09:13:35","guid":{"rendered":"https:\/\/cybul.eu\/?post_type=product&#038;p=25217"},"modified":"2026-04-07T11:28:44","modified_gmt":"2026-04-07T09:28:44","slug":"mazda-mx-5-na-nb-przednie-dolne-regulowane-wahacze-copy","status":"publish","type":"product","link":"https:\/\/cybul.eu\/pl\/sklep\/mazda-mx-5-na-nb-przednie-dolne-regulowane-wahacze-copy\/","title":{"rendered":"Mazda MX-5 NC &#8211; przednie dolne regulowane wahacze"},"content":{"rendered":"<p>Najl\u017cejsze i najbardziej zaawansowane wahacze do mazdy MX-5 NA\/NB na rynku. Wykonane w Polsce, z chromowo-molibdenowych rur 4130, zaprojektowane w \u015brodowisku CAD, przetestowane na torze.<\/p>\n<div class=\"\" data-block=\"true\" data-editor=\"bnd4h\" data-offset-key=\"402cu-0-0\">\n<p class=\"public-DraftStyleDefault-block public-DraftStyleDefault-ltr\" data-offset-key=\"402cu-0-0\"><span style=\"font-size: 115%;\">G\u0142\u00f3wne korzy\u015bci:<\/span><\/p>\n<ul>\n<li data-offset-key=\"402cu-0-0\">Najl\u017cejsze regulowane przednie dolne wahacze na rynku<\/li>\n<li class=\"public-DraftStyleDefault-block public-DraftStyleDefault-ltr\" data-offset-key=\"402cu-0-0\"><span style=\"font-size: 100%; color: #333333;\">Poprawione prowadzenie i reakcja na ruch kierownic\u0105 dzi\u0119ki zastosowaniu uniballi<\/span><\/li>\n<li data-line-height=\"m\"><span style=\"font-size: 100%;\">Regulacja k\u0105ta pochylenia ko\u0142a w szerokim zakresie<\/span><\/li>\n<li>Umo\u017cliwiaj\u0105 poszerzenie auta o ponad 50mm<\/li>\n<li>Zast\u0119puj\u0105 seryjn\u0105 gumow\u0105 tulej\u0119 mocowania amortyzatora \u0142o\u017cyskiem sferycznym, eliminuj\u0105c ugi\u0119cia i zapewniaj\u0105c maksymaln\u0105 precyzj\u0119 pod obci\u0105\u017ceniem<\/li>\n<\/ul>\n<\/div>\n<p data-line-height=\"m\"><span style=\"font-size: 115%;\">G\u0142\u00f3wne funkcje wahaczy:<\/span><\/p>\n<ul>\n<li data-line-height=\"m\">Wykonanie z cienko\u015bciennych, ultra lekkich rur chromowo-molibdenowych<\/li>\n<li data-line-height=\"m\">Gniazdo sworznia wykonane na maszynach CNC z aluminium 7075 T6<\/li>\n<li data-line-height=\"m\">Wyposa\u017cone w najwy\u017cszej jako\u015bci sworznie do MX-5 NA\/NB<\/li>\n<li>Posiadaj\u0105 mocowanie przewod\u00f3w hamulcowych<\/li>\n<li data-line-height=\"m\">Zaprojektowane w \u015brodowisku CAD 3D<\/li>\n<li data-line-height=\"m\">W 100% wykonane w Polsce<\/li>\n<li>Zestaw dostarczamy wst\u0119pnie z\u0142o\u017cony<\/li>\n<\/ul>\n<p data-line-height=\"m\"><span style=\"font-size: 115%;\">W paczce dostajesz:<\/span><\/p>\n<ul>\n<li data-line-height=\"m\">Dwa chromowo-molibdenowe wahacze<\/li>\n<li data-line-height=\"m\">Dwa sworznie<\/li>\n<li data-line-height=\"m\">Dwa gniazda sworzni wykonanych na maszynie CNC<\/li>\n<li data-line-height=\"m\">Cztery tuleje poliuretanowe o twardo\u015bci 85ShA<\/li>\n<li data-line-height=\"m\">Podk\u0142adki pod \u015bruby mocuj\u0105ce gniazda sworzni, wyci\u0119te laserem<\/li>\n<li data-line-height=\"m\">Zestaw \u015brub<\/li>\n<\/ul>\n","protected":false},"excerpt":{"rendered":"<ul>\n<li data-line-height=\"m\">Najl\u017cejsze wahacze do MX-5 NA\/NB na rynku<\/li>\n<li data-line-height=\"m\">Poprawiaj\u0105 prowadzenie<\/li>\n<li data-line-height=\"m\">Umo\u017cliwiaj\u0105 regulacj\u0119 pocylenia ko\u0142a w du\u017cym zakresie<\/li>\n<li data-line-height=\"m\">Zwi\u0119kszaj\u0105 sztywno\u015b\u0107 w por\u00f3wnaniu do seryjnych wahaczy<\/li>\n<\/ul>\n","protected":false},"featured_media":25219,"comment_status":"open","ping_status":"closed","template":"","meta":[],"product_cat":[486,447,496],"product_tag":[346,347],"class_list":{"0":"post-25217","1":"product","2":"type-product","3":"status-publish","4":"has-post-thumbnail","6":"product_cat-rx-8-pl-mazda","7":"product_cat-mx-5-nc-pl","8":"product_cat-zawieszenie","9":"product_tag-mx5-pl","10":"product_tag-mx5-podwozie-i-nadwozie","12":"first","13":"instock","14":"taxable","15":"shipping-taxable","16":"purchasable","17":"product-type-simple"},"bundled_by":[],"bundle_stock_status":"instock","bundle_stock_quantity":null,"bundle_virtual":false,"bundle_layout":"","bundle_add_to_cart_form_location":"","bundle_editable_in_cart":false,"bundle_sold_individually_context":"","bundle_item_grouping":"","bundle_min_size":"","bundle_max_size":"","bundle_price":[],"bundled_items":[],"bundle_sell_ids":[],"acf":{"zdjecie_bez_watermarka":null,"zdjecie_bez_watermarka_url":"","product_orgin_url":""},"yoast_head":"<!-- This site is optimized with the Yoast SEO plugin v23.9 - https:\/\/yoast.com\/wordpress\/plugins\/seo\/ -->\n<title>Mazda MX-5 NC - przednie dolne regulowane wahacze - CYBUL<\/title>\n<meta name=\"description\" content=\"Najl\u017cejsze regulowane wahacze do MX-5 NA\/NB na rynku. Umo\u017cliwiaj\u0105 regulacj\u0119 pochylenia ko\u0142a w du\u017cym zakresie. Sztywniejsze od seryjnych wahaczy.\" \/>\n<meta name=\"robots\" content=\"index, follow, max-snippet:-1, max-image-preview:large, max-video-preview:-1\" \/>\n<link rel=\"canonical\" href=\"https:\/\/cybul.eu\/pl\/sklep\/mazda-mx-5-na-nb-przednie-dolne-regulowane-wahacze-copy\/\" \/>\n<meta property=\"og:locale\" content=\"pl_PL\" \/>\n<meta property=\"og:type\" content=\"article\" \/>\n<meta property=\"og:title\" content=\"Mazda MX-5 NC - przednie dolne regulowane wahacze - CYBUL\" \/>\n<meta property=\"og:description\" content=\"Najl\u017cejsze regulowane wahacze do MX-5 NA\/NB na rynku. Umo\u017cliwiaj\u0105 regulacj\u0119 pochylenia ko\u0142a w du\u017cym zakresie. Sztywniejsze od seryjnych wahaczy.\" \/>\n<meta property=\"og:url\" content=\"https:\/\/cybul.eu\/pl\/sklep\/mazda-mx-5-na-nb-przednie-dolne-regulowane-wahacze-copy\/\" \/>\n<meta property=\"og:site_name\" content=\"CYBUL\" \/>\n<meta property=\"article:modified_time\" content=\"2026-04-07T09:28:44+00:00\" \/>\n<meta property=\"og:image\" content=\"https:\/\/cybul.eu\/wp-content\/uploads\/2026\/04\/MX5_NC_WPD_-scaled.jpg\" \/>\n\t<meta property=\"og:image:width\" content=\"2560\" \/>\n\t<meta property=\"og:image:height\" content=\"2560\" \/>\n\t<meta property=\"og:image:type\" content=\"image\/jpeg\" \/>\n<meta name=\"twitter:card\" content=\"summary_large_image\" \/>\n<meta name=\"twitter:label1\" content=\"Szacowany czas czytania\" \/>\n\t<meta name=\"twitter:data1\" content=\"1 minuta\" \/>\n<script type=\"application\/ld+json\" class=\"yoast-schema-graph\">{\"@context\":\"https:\/\/schema.org\",\"@graph\":[{\"@type\":\"WebPage\",\"@id\":\"https:\/\/cybul.eu\/pl\/sklep\/mazda-mx-5-na-nb-przednie-dolne-regulowane-wahacze-copy\/\",\"url\":\"https:\/\/cybul.eu\/pl\/sklep\/mazda-mx-5-na-nb-przednie-dolne-regulowane-wahacze-copy\/\",\"name\":\"Mazda MX-5 NC - przednie dolne regulowane wahacze - CYBUL\",\"isPartOf\":{\"@id\":\"https:\/\/cybul.eu\/pl\/#website\"},\"primaryImageOfPage\":{\"@id\":\"https:\/\/cybul.eu\/pl\/sklep\/mazda-mx-5-na-nb-przednie-dolne-regulowane-wahacze-copy\/#primaryimage\"},\"image\":{\"@id\":\"https:\/\/cybul.eu\/pl\/sklep\/mazda-mx-5-na-nb-przednie-dolne-regulowane-wahacze-copy\/#primaryimage\"},\"thumbnailUrl\":\"https:\/\/cybul.eu\/wp-content\/uploads\/2026\/04\/MX5_NC_WPD_-scaled.jpg\",\"datePublished\":\"2026-04-07T09:13:35+00:00\",\"dateModified\":\"2026-04-07T09:28:44+00:00\",\"description\":\"Najl\u017cejsze regulowane wahacze do MX-5 NA\/NB na rynku. Umo\u017cliwiaj\u0105 regulacj\u0119 pochylenia ko\u0142a w du\u017cym zakresie. Sztywniejsze od seryjnych wahaczy.\",\"breadcrumb\":{\"@id\":\"https:\/\/cybul.eu\/pl\/sklep\/mazda-mx-5-na-nb-przednie-dolne-regulowane-wahacze-copy\/#breadcrumb\"},\"inLanguage\":\"pl-PL\",\"potentialAction\":[{\"@type\":\"ReadAction\",\"target\":[\"https:\/\/cybul.eu\/pl\/sklep\/mazda-mx-5-na-nb-przednie-dolne-regulowane-wahacze-copy\/\"]}]},{\"@type\":\"ImageObject\",\"inLanguage\":\"pl-PL\",\"@id\":\"https:\/\/cybul.eu\/pl\/sklep\/mazda-mx-5-na-nb-przednie-dolne-regulowane-wahacze-copy\/#primaryimage\",\"url\":\"https:\/\/cybul.eu\/wp-content\/uploads\/2026\/04\/MX5_NC_WPD_-scaled.jpg\",\"contentUrl\":\"https:\/\/cybul.eu\/wp-content\/uploads\/2026\/04\/MX5_NC_WPD_-scaled.jpg\",\"width\":2560,\"height\":2560,\"caption\":\"MX-5 NC Front lower adjustable control arms by Cybul Radical Solutions\"},{\"@type\":\"BreadcrumbList\",\"@id\":\"https:\/\/cybul.eu\/pl\/sklep\/mazda-mx-5-na-nb-przednie-dolne-regulowane-wahacze-copy\/#breadcrumb\",\"itemListElement\":[{\"@type\":\"ListItem\",\"position\":1,\"name\":\"Strona g\u0142\u00f3wna\",\"item\":\"https:\/\/cybul.eu\/pl\/\"},{\"@type\":\"ListItem\",\"position\":2,\"name\":\"Sklep\",\"item\":\"https:\/\/cybul.eu\/pl\/sklep\/\"},{\"@type\":\"ListItem\",\"position\":3,\"name\":\"Mazda MX-5 NC &#8211; przednie dolne regulowane wahacze\"}]},{\"@type\":\"WebSite\",\"@id\":\"https:\/\/cybul.eu\/pl\/#website\",\"url\":\"https:\/\/cybul.eu\/pl\/\",\"name\":\"CYBUL\",\"description\":\"\",\"potentialAction\":[{\"@type\":\"SearchAction\",\"target\":{\"@type\":\"EntryPoint\",\"urlTemplate\":\"https:\/\/cybul.eu\/pl\/?s={search_term_string}\"},\"query-input\":{\"@type\":\"PropertyValueSpecification\",\"valueRequired\":true,\"valueName\":\"search_term_string\"}}],\"inLanguage\":\"pl-PL\"}]}<\/script>\n<!-- \/ Yoast SEO plugin. -->","yoast_head_json":{"title":"Mazda MX-5 NC - przednie dolne regulowane wahacze - CYBUL","description":"Najl\u017cejsze regulowane wahacze do MX-5 NA\/NB na rynku. Umo\u017cliwiaj\u0105 regulacj\u0119 pochylenia ko\u0142a w du\u017cym zakresie. Sztywniejsze od seryjnych wahaczy.","robots":{"index":"index","follow":"follow","max-snippet":"max-snippet:-1","max-image-preview":"max-image-preview:large","max-video-preview":"max-video-preview:-1"},"canonical":"https:\/\/cybul.eu\/pl\/sklep\/mazda-mx-5-na-nb-przednie-dolne-regulowane-wahacze-copy\/","og_locale":"pl_PL","og_type":"article","og_title":"Mazda MX-5 NC - przednie dolne regulowane wahacze - CYBUL","og_description":"Najl\u017cejsze regulowane wahacze do MX-5 NA\/NB na rynku. Umo\u017cliwiaj\u0105 regulacj\u0119 pochylenia ko\u0142a w du\u017cym zakresie. Sztywniejsze od seryjnych wahaczy.","og_url":"https:\/\/cybul.eu\/pl\/sklep\/mazda-mx-5-na-nb-przednie-dolne-regulowane-wahacze-copy\/","og_site_name":"CYBUL","article_modified_time":"2026-04-07T09:28:44+00:00","og_image":[{"width":2560,"height":2560,"url":"https:\/\/cybul.eu\/wp-content\/uploads\/2026\/04\/MX5_NC_WPD_-scaled.jpg","type":"image\/jpeg"}],"twitter_card":"summary_large_image","twitter_misc":{"Szacowany czas czytania":"1 minuta"},"schema":{"@context":"https:\/\/schema.org","@graph":[{"@type":"WebPage","@id":"https:\/\/cybul.eu\/pl\/sklep\/mazda-mx-5-na-nb-przednie-dolne-regulowane-wahacze-copy\/","url":"https:\/\/cybul.eu\/pl\/sklep\/mazda-mx-5-na-nb-przednie-dolne-regulowane-wahacze-copy\/","name":"Mazda MX-5 NC - przednie dolne regulowane wahacze - CYBUL","isPartOf":{"@id":"https:\/\/cybul.eu\/pl\/#website"},"primaryImageOfPage":{"@id":"https:\/\/cybul.eu\/pl\/sklep\/mazda-mx-5-na-nb-przednie-dolne-regulowane-wahacze-copy\/#primaryimage"},"image":{"@id":"https:\/\/cybul.eu\/pl\/sklep\/mazda-mx-5-na-nb-przednie-dolne-regulowane-wahacze-copy\/#primaryimage"},"thumbnailUrl":"https:\/\/cybul.eu\/wp-content\/uploads\/2026\/04\/MX5_NC_WPD_-scaled.jpg","datePublished":"2026-04-07T09:13:35+00:00","dateModified":"2026-04-07T09:28:44+00:00","description":"Najl\u017cejsze regulowane wahacze do MX-5 NA\/NB na rynku. Umo\u017cliwiaj\u0105 regulacj\u0119 pochylenia ko\u0142a w du\u017cym zakresie. Sztywniejsze od seryjnych wahaczy.","breadcrumb":{"@id":"https:\/\/cybul.eu\/pl\/sklep\/mazda-mx-5-na-nb-przednie-dolne-regulowane-wahacze-copy\/#breadcrumb"},"inLanguage":"pl-PL","potentialAction":[{"@type":"ReadAction","target":["https:\/\/cybul.eu\/pl\/sklep\/mazda-mx-5-na-nb-przednie-dolne-regulowane-wahacze-copy\/"]}]},{"@type":"ImageObject","inLanguage":"pl-PL","@id":"https:\/\/cybul.eu\/pl\/sklep\/mazda-mx-5-na-nb-przednie-dolne-regulowane-wahacze-copy\/#primaryimage","url":"https:\/\/cybul.eu\/wp-content\/uploads\/2026\/04\/MX5_NC_WPD_-scaled.jpg","contentUrl":"https:\/\/cybul.eu\/wp-content\/uploads\/2026\/04\/MX5_NC_WPD_-scaled.jpg","width":2560,"height":2560,"caption":"MX-5 NC Front lower adjustable control arms by Cybul Radical Solutions"},{"@type":"BreadcrumbList","@id":"https:\/\/cybul.eu\/pl\/sklep\/mazda-mx-5-na-nb-przednie-dolne-regulowane-wahacze-copy\/#breadcrumb","itemListElement":[{"@type":"ListItem","position":1,"name":"Strona g\u0142\u00f3wna","item":"https:\/\/cybul.eu\/pl\/"},{"@type":"ListItem","position":2,"name":"Sklep","item":"https:\/\/cybul.eu\/pl\/sklep\/"},{"@type":"ListItem","position":3,"name":"Mazda MX-5 NC &#8211; przednie dolne regulowane wahacze"}]},{"@type":"WebSite","@id":"https:\/\/cybul.eu\/pl\/#website","url":"https:\/\/cybul.eu\/pl\/","name":"CYBUL","description":"","potentialAction":[{"@type":"SearchAction","target":{"@type":"EntryPoint","urlTemplate":"https:\/\/cybul.eu\/pl\/?s={search_term_string}"},"query-input":{"@type":"PropertyValueSpecification","valueRequired":true,"valueName":"search_term_string"}}],"inLanguage":"pl-PL"}]}},"_links":{"self":[{"href":"https:\/\/cybul.eu\/pl\/wp-json\/wp\/v2\/product\/25217","targetHints":{"allow":["GET"]}}],"collection":[{"href":"https:\/\/cybul.eu\/pl\/wp-json\/wp\/v2\/product"}],"about":[{"href":"https:\/\/cybul.eu\/pl\/wp-json\/wp\/v2\/types\/product"}],"replies":[{"embeddable":true,"href":"https:\/\/cybul.eu\/pl\/wp-json\/wp\/v2\/comments?post=25217"}],"wp:featuredmedia":[{"embeddable":true,"href":"https:\/\/cybul.eu\/pl\/wp-json\/wp\/v2\/media\/25219"}],"wp:attachment":[{"href":"https:\/\/cybul.eu\/pl\/wp-json\/wp\/v2\/media?parent=25217"}],"wp:term":[{"taxonomy":"product_cat","embeddable":true,"href":"https:\/\/cybul.eu\/pl\/wp-json\/wp\/v2\/product_cat?post=25217"},{"taxonomy":"product_tag","embeddable":true,"href":"https:\/\/cybul.eu\/pl\/wp-json\/wp\/v2\/product_tag?post=25217"}],"curies":[{"name":"wp","href":"https:\/\/api.w.org\/{rel}","templated":true}]}}