{"id":25129,"date":"2026-03-06T10:16:45","date_gmt":"2026-03-06T09:16:45","guid":{"rendered":"https:\/\/cybul.eu\/?post_type=product&#038;p=25129"},"modified":"2026-04-01T09:45:44","modified_gmt":"2026-04-01T07:45:44","slug":"bmw-m2-g87-zabudowa-tylnej-kanapy-copy","status":"publish","type":"product","link":"https:\/\/cybul.eu\/pl\/sklep\/bmw-m2-g87-zabudowa-tylnej-kanapy-copy\/","title":{"rendered":"BMW M2 F87 &#8211; zabudowa tylnej kanapy"},"content":{"rendered":"<p data-start=\"94\" data-end=\"442\"><strong data-start=\"94\" data-end=\"134\">Zabudowa tylnej kanapy do BMW M2 F87<\/strong><br data-start=\"134\" data-end=\"137\" \/>Idealne wyko\u0144czenie wn\u0119trza ka\u017cdego M2 z usuni\u0119t\u0105 tyln\u0105 kanap\u0105. Ten zestaw porz\u0105dkuje wn\u0119trze po demonta\u017cu tylnej kanapy, poprawia bezpiecze\u0144stwo i akustyk\u0119, a tak\u017ce nadaje wn\u0119trzu M2 estetyczny, dopracowany wygl\u0105d. Zosta\u0142 zaprojektowany tak, by idealnie pasowa\u0142 do roll bara Cybul Radical Solutions.<\/p>\n<p data-start=\"449\" data-end=\"466\"><strong data-start=\"449\" data-end=\"466\">G\u0142\u00f3wne zalety<\/strong><\/p>\n<ul data-start=\"468\" data-end=\"977\">\n<li data-start=\"468\" data-end=\"534\">\n<p data-start=\"470\" data-end=\"534\">Nadaje wn\u0119trzu czysty i estetyczny wygl\u0105d po monta\u017cu roll bara<\/p>\n<\/li>\n<li data-start=\"535\" data-end=\"607\">\n<p data-start=\"537\" data-end=\"607\">Zas\u0142ania postrz\u0119pione wyk\u0142adziny, uchwyty pas\u00f3w i inne seryjne elementy, kt\u00f3re wygl\u0105daj\u0105 nieestetycznie<\/p>\n<\/li>\n<li data-start=\"608\" data-end=\"691\">\n<p data-start=\"610\" data-end=\"691\">Oddziela baga\u017cnik od kabiny \u2013 zwi\u0119ksza bezpiecze\u0144stwo przy gwa\u0142townym hamowaniu<\/p>\n<\/li>\n<li data-start=\"692\" data-end=\"745\">\n<p data-start=\"694\" data-end=\"745\">Ogranicza ha\u0142as i drgania dobiegaj\u0105ce z baga\u017cnika<\/p>\n<\/li>\n<li data-start=\"746\" data-end=\"821\">\n<p data-start=\"748\" data-end=\"821\">Poprawia estetyk\u0119 wn\u0119trza<\/p>\n<\/li>\n<li data-start=\"822\" data-end=\"909\">\n<p data-start=\"824\" data-end=\"909\">Idealnie komponuje si\u0119 z seryjnym wyko\u0144czeniem<\/p>\n<\/li>\n<li data-start=\"910\" data-end=\"977\">\n<p data-start=\"912\" data-end=\"977\">Monta\u017c wy\u0142\u0105cznie w seryjne punkty \u2013 prosty i w pe\u0142ni odwracalny<\/p>\n<\/li>\n<\/ul>\n<p data-start=\"984\" data-end=\"1001\"><strong data-start=\"984\" data-end=\"1001\">Cechy zestawu<\/strong><\/p>\n<ul data-start=\"1003\" data-end=\"1398\">\n<li data-start=\"1003\" data-end=\"1072\">\n<p data-start=\"1005\" data-end=\"1072\">Panele z aluminium ci\u0119te CNC, idealnie dopasowane do nadwozia F87<\/p>\n<\/li>\n<li data-start=\"1073\" data-end=\"1145\">\n<p data-start=\"1075\" data-end=\"1145\">Strona kabinowa wyko\u0144czona materia\u0142em typu alkantara dla efektu OEM+<\/p>\n<\/li>\n<li data-start=\"1146\" data-end=\"1220\">\n<p data-start=\"1148\" data-end=\"1220\">Strona baga\u017cnika pokryta tkanin\u0105 dopasowan\u0105 do fabrycznego wyko\u0144czenia<\/p>\n<\/li>\n<li data-start=\"1221\" data-end=\"1289\">\n<p data-start=\"1223\" data-end=\"1289\">Lekka, sztywna konstrukcja \u2013 pe\u0142na mo\u017cliwo\u015b\u0107 demonta\u017cu bez \u015bladu<\/p>\n<\/li>\n<li data-start=\"1290\" data-end=\"1354\">\n<p data-start=\"1292\" data-end=\"1354\">W zestawie panel grodziowy zamykaj\u0105cy przestrze\u0144 za fotelami<\/p>\n<\/li>\n<li data-start=\"1355\" data-end=\"1398\">\n<p data-start=\"1357\" data-end=\"1398\">Wizualnie dopasowany do roll bara Cybul<\/p>\n<\/li>\n<\/ul>\n<p data-start=\"1405\" data-end=\"1431\"><strong data-start=\"1405\" data-end=\"1431\">W zestawie otrzymujesz<\/strong><\/p>\n<ul data-start=\"1433\" data-end=\"1600\">\n<li data-start=\"1433\" data-end=\"1492\">\n<p data-start=\"1435\" data-end=\"1492\">Panel zabudowy podstawy tylnej kanapy (gotowy, obszyty)<\/p>\n<\/li>\n<li data-start=\"1493\" data-end=\"1543\">\n<p data-start=\"1495\" data-end=\"1543\">Panel zamykaj\u0105cy tyln\u0105 grod\u017a (gotowy, obszyty)<\/p>\n<\/li>\n<li data-start=\"1544\" data-end=\"1577\">\n<p data-start=\"1546\" data-end=\"1577\">Komplet element\u00f3w monta\u017cowych<\/p>\n<\/li>\n<li data-start=\"1578\" data-end=\"1600\">\n<p data-start=\"1580\" data-end=\"1600\">Instrukcj\u0119 monta\u017cu<\/p>\n<\/li>\n<\/ul>\n<p data-start=\"1607\" data-end=\"1963\"><strong data-start=\"1607\" data-end=\"1626\">Dlaczego warto?<\/strong><br data-start=\"1626\" data-end=\"1629\" \/>Wi\u0119kszo\u015b\u0107 montowanych roll bar\u00f3w zostawia po sobie ba\u0142agan: wyci\u0119te wyk\u0142adziny, pianki, odstaj\u0105ce pasy. Ten zestaw rozwi\u0105zuje problem raz na zawsze. Tworzysz cich\u0105, uporz\u0105dkowan\u0105 przestrze\u0144, kt\u00f3ra wygl\u0105da jak fabryczne rozwi\u0105zanie. Czy zale\u017cy Ci na czasie na torze, czy po prostu na schludnym wn\u0119trzu \u2013 tak w\u0142a\u015bnie robi si\u0119 to dobrze.<\/p>\n","protected":false},"excerpt":{"rendered":"<p>Zabudowa tylnej kanapy do BMW M2 F87Idealne wyko\u0144czenie wn\u0119trza ka\u017cdego M2 z usuni\u0119t\u0105 tyln\u0105 kanap\u0105. Ten zestaw porz\u0105dkuje wn\u0119trze po demonta\u017cu tylnej kanapy, poprawia bezpiecze\u0144stwo i akustyk\u0119, a tak\u017ce nadaje wn\u0119trzu M2 estetyczny, dopracowany wygl\u0105d. Zosta\u0142 zaprojektowany tak, by idealnie pasowa\u0142 do roll bara Cybul Radical Solutions. G\u0142\u00f3wne zalety Nadaje wn\u0119trzu czysty i estetyczny wygl\u0105d [&#8230;]\n","protected":false},"featured_media":25149,"comment_status":"open","ping_status":"closed","template":"","meta":[],"product_cat":[637],"product_tag":[],"class_list":{"0":"post-25129","1":"product","2":"type-product","3":"status-publish","4":"has-post-thumbnail","6":"product_cat-f87-m2-pl","8":"first","9":"instock","10":"taxable","11":"shipping-taxable","12":"purchasable","13":"product-type-simple"},"bundled_by":[],"bundle_stock_status":"instock","bundle_stock_quantity":null,"bundle_virtual":false,"bundle_layout":"","bundle_add_to_cart_form_location":"","bundle_editable_in_cart":false,"bundle_sold_individually_context":"","bundle_item_grouping":"","bundle_min_size":"","bundle_max_size":"","bundle_price":[],"bundled_items":[],"bundle_sell_ids":[],"acf":{"zdjecie_bez_watermarka":null,"zdjecie_bez_watermarka_url":"","product_orgin_url":""},"yoast_head":"<!-- This site is optimized with the Yoast SEO plugin v23.9 - https:\/\/yoast.com\/wordpress\/plugins\/seo\/ -->\n<title>BMW M2 F87 - zabudowa tylnej kanapy - CYBUL<\/title>\n<meta name=\"robots\" content=\"index, follow, max-snippet:-1, max-image-preview:large, max-video-preview:-1\" \/>\n<link rel=\"canonical\" href=\"https:\/\/cybul.eu\/pl\/sklep\/bmw-m2-g87-zabudowa-tylnej-kanapy-copy\/\" \/>\n<meta property=\"og:locale\" content=\"pl_PL\" \/>\n<meta property=\"og:type\" content=\"article\" \/>\n<meta property=\"og:title\" content=\"BMW M2 F87 - zabudowa tylnej kanapy - CYBUL\" \/>\n<meta property=\"og:description\" content=\"Zabudowa tylnej kanapy do BMW M2 F87Idealne wyko\u0144czenie wn\u0119trza ka\u017cdego M2 z usuni\u0119t\u0105 tyln\u0105 kanap\u0105. Ten zestaw porz\u0105dkuje wn\u0119trze po demonta\u017cu tylnej kanapy, poprawia bezpiecze\u0144stwo i akustyk\u0119, a tak\u017ce nadaje wn\u0119trzu M2 estetyczny, dopracowany wygl\u0105d. Zosta\u0142 zaprojektowany tak, by idealnie pasowa\u0142 do roll bara Cybul Radical Solutions. G\u0142\u00f3wne zalety Nadaje wn\u0119trzu czysty i estetyczny wygl\u0105d [...]\" \/>\n<meta property=\"og:url\" content=\"https:\/\/cybul.eu\/pl\/sklep\/bmw-m2-g87-zabudowa-tylnej-kanapy-copy\/\" \/>\n<meta property=\"og:site_name\" content=\"CYBUL\" \/>\n<meta property=\"article:modified_time\" content=\"2026-04-01T07:45:44+00:00\" \/>\n<meta property=\"og:image\" content=\"https:\/\/cybul.eu\/wp-content\/uploads\/2026\/03\/004_BMW_F87_-scaled.jpg\" \/>\n\t<meta property=\"og:image:width\" content=\"2560\" \/>\n\t<meta property=\"og:image:height\" content=\"2560\" \/>\n\t<meta property=\"og:image:type\" content=\"image\/jpeg\" \/>\n<meta name=\"twitter:card\" content=\"summary_large_image\" \/>\n<meta name=\"twitter:label1\" content=\"Szacowany czas czytania\" \/>\n\t<meta name=\"twitter:data1\" content=\"2 minuty\" \/>\n<script type=\"application\/ld+json\" class=\"yoast-schema-graph\">{\"@context\":\"https:\/\/schema.org\",\"@graph\":[{\"@type\":\"WebPage\",\"@id\":\"https:\/\/cybul.eu\/pl\/sklep\/bmw-m2-g87-zabudowa-tylnej-kanapy-copy\/\",\"url\":\"https:\/\/cybul.eu\/pl\/sklep\/bmw-m2-g87-zabudowa-tylnej-kanapy-copy\/\",\"name\":\"BMW M2 F87 - zabudowa tylnej kanapy - CYBUL\",\"isPartOf\":{\"@id\":\"https:\/\/cybul.eu\/pl\/#website\"},\"primaryImageOfPage\":{\"@id\":\"https:\/\/cybul.eu\/pl\/sklep\/bmw-m2-g87-zabudowa-tylnej-kanapy-copy\/#primaryimage\"},\"image\":{\"@id\":\"https:\/\/cybul.eu\/pl\/sklep\/bmw-m2-g87-zabudowa-tylnej-kanapy-copy\/#primaryimage\"},\"thumbnailUrl\":\"https:\/\/cybul.eu\/wp-content\/uploads\/2026\/03\/004_BMW_F87_-scaled.jpg\",\"datePublished\":\"2026-03-06T09:16:45+00:00\",\"dateModified\":\"2026-04-01T07:45:44+00:00\",\"breadcrumb\":{\"@id\":\"https:\/\/cybul.eu\/pl\/sklep\/bmw-m2-g87-zabudowa-tylnej-kanapy-copy\/#breadcrumb\"},\"inLanguage\":\"pl-PL\",\"potentialAction\":[{\"@type\":\"ReadAction\",\"target\":[\"https:\/\/cybul.eu\/pl\/sklep\/bmw-m2-g87-zabudowa-tylnej-kanapy-copy\/\"]}]},{\"@type\":\"ImageObject\",\"inLanguage\":\"pl-PL\",\"@id\":\"https:\/\/cybul.eu\/pl\/sklep\/bmw-m2-g87-zabudowa-tylnej-kanapy-copy\/#primaryimage\",\"url\":\"https:\/\/cybul.eu\/wp-content\/uploads\/2026\/03\/004_BMW_F87_-scaled.jpg\",\"contentUrl\":\"https:\/\/cybul.eu\/wp-content\/uploads\/2026\/03\/004_BMW_F87_-scaled.jpg\",\"width\":2560,\"height\":2560,\"caption\":\"Rear seat delete kit for BMW M2 F87 for roll bar by Cybul Radical Solutions\"},{\"@type\":\"BreadcrumbList\",\"@id\":\"https:\/\/cybul.eu\/pl\/sklep\/bmw-m2-g87-zabudowa-tylnej-kanapy-copy\/#breadcrumb\",\"itemListElement\":[{\"@type\":\"ListItem\",\"position\":1,\"name\":\"Strona g\u0142\u00f3wna\",\"item\":\"https:\/\/cybul.eu\/pl\/\"},{\"@type\":\"ListItem\",\"position\":2,\"name\":\"Sklep\",\"item\":\"https:\/\/cybul.eu\/pl\/sklep\/\"},{\"@type\":\"ListItem\",\"position\":3,\"name\":\"BMW M2 F87 &#8211; zabudowa tylnej kanapy\"}]},{\"@type\":\"WebSite\",\"@id\":\"https:\/\/cybul.eu\/pl\/#website\",\"url\":\"https:\/\/cybul.eu\/pl\/\",\"name\":\"CYBUL\",\"description\":\"\",\"potentialAction\":[{\"@type\":\"SearchAction\",\"target\":{\"@type\":\"EntryPoint\",\"urlTemplate\":\"https:\/\/cybul.eu\/pl\/?s={search_term_string}\"},\"query-input\":{\"@type\":\"PropertyValueSpecification\",\"valueRequired\":true,\"valueName\":\"search_term_string\"}}],\"inLanguage\":\"pl-PL\"}]}<\/script>\n<!-- \/ Yoast SEO plugin. -->","yoast_head_json":{"title":"BMW M2 F87 - zabudowa tylnej kanapy - CYBUL","robots":{"index":"index","follow":"follow","max-snippet":"max-snippet:-1","max-image-preview":"max-image-preview:large","max-video-preview":"max-video-preview:-1"},"canonical":"https:\/\/cybul.eu\/pl\/sklep\/bmw-m2-g87-zabudowa-tylnej-kanapy-copy\/","og_locale":"pl_PL","og_type":"article","og_title":"BMW M2 F87 - zabudowa tylnej kanapy - CYBUL","og_description":"Zabudowa tylnej kanapy do BMW M2 F87Idealne wyko\u0144czenie wn\u0119trza ka\u017cdego M2 z usuni\u0119t\u0105 tyln\u0105 kanap\u0105. Ten zestaw porz\u0105dkuje wn\u0119trze po demonta\u017cu tylnej kanapy, poprawia bezpiecze\u0144stwo i akustyk\u0119, a tak\u017ce nadaje wn\u0119trzu M2 estetyczny, dopracowany wygl\u0105d. Zosta\u0142 zaprojektowany tak, by idealnie pasowa\u0142 do roll bara Cybul Radical Solutions. G\u0142\u00f3wne zalety Nadaje wn\u0119trzu czysty i estetyczny wygl\u0105d [...]","og_url":"https:\/\/cybul.eu\/pl\/sklep\/bmw-m2-g87-zabudowa-tylnej-kanapy-copy\/","og_site_name":"CYBUL","article_modified_time":"2026-04-01T07:45:44+00:00","og_image":[{"width":2560,"height":2560,"url":"https:\/\/cybul.eu\/wp-content\/uploads\/2026\/03\/004_BMW_F87_-scaled.jpg","type":"image\/jpeg"}],"twitter_card":"summary_large_image","twitter_misc":{"Szacowany czas czytania":"2 minuty"},"schema":{"@context":"https:\/\/schema.org","@graph":[{"@type":"WebPage","@id":"https:\/\/cybul.eu\/pl\/sklep\/bmw-m2-g87-zabudowa-tylnej-kanapy-copy\/","url":"https:\/\/cybul.eu\/pl\/sklep\/bmw-m2-g87-zabudowa-tylnej-kanapy-copy\/","name":"BMW M2 F87 - zabudowa tylnej kanapy - CYBUL","isPartOf":{"@id":"https:\/\/cybul.eu\/pl\/#website"},"primaryImageOfPage":{"@id":"https:\/\/cybul.eu\/pl\/sklep\/bmw-m2-g87-zabudowa-tylnej-kanapy-copy\/#primaryimage"},"image":{"@id":"https:\/\/cybul.eu\/pl\/sklep\/bmw-m2-g87-zabudowa-tylnej-kanapy-copy\/#primaryimage"},"thumbnailUrl":"https:\/\/cybul.eu\/wp-content\/uploads\/2026\/03\/004_BMW_F87_-scaled.jpg","datePublished":"2026-03-06T09:16:45+00:00","dateModified":"2026-04-01T07:45:44+00:00","breadcrumb":{"@id":"https:\/\/cybul.eu\/pl\/sklep\/bmw-m2-g87-zabudowa-tylnej-kanapy-copy\/#breadcrumb"},"inLanguage":"pl-PL","potentialAction":[{"@type":"ReadAction","target":["https:\/\/cybul.eu\/pl\/sklep\/bmw-m2-g87-zabudowa-tylnej-kanapy-copy\/"]}]},{"@type":"ImageObject","inLanguage":"pl-PL","@id":"https:\/\/cybul.eu\/pl\/sklep\/bmw-m2-g87-zabudowa-tylnej-kanapy-copy\/#primaryimage","url":"https:\/\/cybul.eu\/wp-content\/uploads\/2026\/03\/004_BMW_F87_-scaled.jpg","contentUrl":"https:\/\/cybul.eu\/wp-content\/uploads\/2026\/03\/004_BMW_F87_-scaled.jpg","width":2560,"height":2560,"caption":"Rear seat delete kit for BMW M2 F87 for roll bar by Cybul Radical Solutions"},{"@type":"BreadcrumbList","@id":"https:\/\/cybul.eu\/pl\/sklep\/bmw-m2-g87-zabudowa-tylnej-kanapy-copy\/#breadcrumb","itemListElement":[{"@type":"ListItem","position":1,"name":"Strona g\u0142\u00f3wna","item":"https:\/\/cybul.eu\/pl\/"},{"@type":"ListItem","position":2,"name":"Sklep","item":"https:\/\/cybul.eu\/pl\/sklep\/"},{"@type":"ListItem","position":3,"name":"BMW M2 F87 &#8211; zabudowa tylnej kanapy"}]},{"@type":"WebSite","@id":"https:\/\/cybul.eu\/pl\/#website","url":"https:\/\/cybul.eu\/pl\/","name":"CYBUL","description":"","potentialAction":[{"@type":"SearchAction","target":{"@type":"EntryPoint","urlTemplate":"https:\/\/cybul.eu\/pl\/?s={search_term_string}"},"query-input":{"@type":"PropertyValueSpecification","valueRequired":true,"valueName":"search_term_string"}}],"inLanguage":"pl-PL"}]}},"_links":{"self":[{"href":"https:\/\/cybul.eu\/pl\/wp-json\/wp\/v2\/product\/25129","targetHints":{"allow":["GET"]}}],"collection":[{"href":"https:\/\/cybul.eu\/pl\/wp-json\/wp\/v2\/product"}],"about":[{"href":"https:\/\/cybul.eu\/pl\/wp-json\/wp\/v2\/types\/product"}],"replies":[{"embeddable":true,"href":"https:\/\/cybul.eu\/pl\/wp-json\/wp\/v2\/comments?post=25129"}],"wp:featuredmedia":[{"embeddable":true,"href":"https:\/\/cybul.eu\/pl\/wp-json\/wp\/v2\/media\/25149"}],"wp:attachment":[{"href":"https:\/\/cybul.eu\/pl\/wp-json\/wp\/v2\/media?parent=25129"}],"wp:term":[{"taxonomy":"product_cat","embeddable":true,"href":"https:\/\/cybul.eu\/pl\/wp-json\/wp\/v2\/product_cat?post=25129"},{"taxonomy":"product_tag","embeddable":true,"href":"https:\/\/cybul.eu\/pl\/wp-json\/wp\/v2\/product_tag?post=25129"}],"curies":[{"name":"wp","href":"https:\/\/api.w.org\/{rel}","templated":true}]}}