{"id":25127,"date":"2026-03-06T10:01:52","date_gmt":"2026-03-06T09:01:52","guid":{"rendered":"https:\/\/cybul.eu\/?post_type=product&#038;p=25127"},"modified":"2026-04-01T09:47:27","modified_gmt":"2026-04-01T07:47:27","slug":"bmw-m2-f87-przykrecany-roll-bar-z-rur-chromowo-molibdenowych","status":"publish","type":"product","link":"https:\/\/cybul.eu\/pl\/sklep\/bmw-m2-f87-przykrecany-roll-bar-z-rur-chromowo-molibdenowych\/","title":{"rendered":"BMW M2 F87 &#8211; przykr\u0119cany roll bar z rur chromowo-molibdenowych"},"content":{"rendered":"<p data-start=\"70\" data-end=\"382\"><strong data-start=\"70\" data-end=\"114\">Najbardziej zaawansowany rollbar do BMW M2 F87<\/strong><br data-start=\"114\" data-end=\"117\" \/>Zaprojektowany dla tych, kt\u00f3rzy oczekuj\u0105 maksymalnego bezpiecze\u0144stwa i estetyki \u2013 bez kompromis\u00f3w w zakresie u\u017cyteczno\u015bci wn\u0119trza czy warto\u015bci odsprzeda\u017cy auta. To najbardziej zaawansowane i w pe\u0142ni odwracalne rozwi\u0105zanie dla platformy M2 G87.<\/p>\n<p data-start=\"389\" data-end=\"408\"><strong data-start=\"389\" data-end=\"406\">G\u0142\u00f3wne zalety<\/strong><\/p>\n<ul data-start=\"409\" data-end=\"1194\">\n<li data-start=\"409\" data-end=\"518\">\n<p data-start=\"411\" data-end=\"518\">Wykonany w ca\u0142o\u015bci ze stali chromowo-molibdenowej 4130 produkcji UE (wytrzyma\u0142o\u015b\u0107 na rozci\u0105ganie 755 MPa)<\/p>\n<\/li>\n<li data-start=\"519\" data-end=\"612\">\n<p data-start=\"521\" data-end=\"612\">Zwi\u0119ksza sztywno\u015b\u0107 nadwozia ponad 2-krotnie bardziej od rollbar\u00f3w konkurencji<\/p>\n<\/li>\n<li data-start=\"613\" data-end=\"704\">\n<p data-start=\"615\" data-end=\"704\">100% wkr\u0119cany i ca\u0142kowicie odwracalny monta\u017c \u2013 bez spawania i widocznych modyfikacji karoserii<\/p>\n<\/li>\n<li data-start=\"705\" data-end=\"802\">\n<p data-start=\"707\" data-end=\"802\">Monta\u017c wymaga nawiercenia 6 otwrr\u00f3w\u00a0 ukrytych pod wyk\u0142adzin\u0105 i plastikami<\/p>\n<\/li>\n<li data-start=\"803\" data-end=\"894\">\n<p data-start=\"805\" data-end=\"894\">Zachowuje fabryczn\u0105 ochron\u0119 antykorozyjn\u0105 \u2013 \u017caden z otwor\u00f3w nie jest wykonywany w zewn\u0119rznym poszyciu auta<\/p>\n<\/li>\n<li data-start=\"895\" data-end=\"999\">\n<p data-start=\"897\" data-end=\"999\">Unikalne dolne zastrza\u0142y mi\u0119dzy pa\u0142\u0105kiem g\u0142\u00f3wnym a tylnymi wspornikami znacznie zwi\u0119kszaj\u0105 sztywno\u015b\u0107<\/p>\n<\/li>\n<li data-start=\"1000\" data-end=\"1106\">\n<p data-start=\"1002\" data-end=\"1106\">Profesjonalnie spawany metod\u0105 TIG, wyko\u0144czony podk\u0142adem + lakierem proszkowym w ponad 100 kolorach RAL<\/p>\n<\/li>\n<li data-start=\"1107\" data-end=\"1194\">\n<p data-start=\"1109\" data-end=\"1194\">Opcjonalny zestaw usuwaj\u0105cy tyln\u0105 kanap\u0119 dost\u0119pny osobno w wyko\u0144czeniu typu Alcantara<\/p>\n<\/li>\n<\/ul>\n<p data-start=\"1201\" data-end=\"1223\"><strong data-start=\"1201\" data-end=\"1221\">Cechy szczeg\u00f3lne<\/strong><\/p>\n<ul data-start=\"1224\" data-end=\"1592\">\n<li data-start=\"1224\" data-end=\"1267\">\n<p data-start=\"1226\" data-end=\"1267\">Zawiera harness bar do pas\u00f3w sportowych<\/p>\n<\/li>\n<li data-start=\"1268\" data-end=\"1363\">\n<p data-start=\"1270\" data-end=\"1363\">Wyposa\u017cony w wyprofilowane, spawane TIG wzmocnienia w kluczowych punktach \u2013 dla wytrzyma\u0142o\u015bci i estetyki<\/p>\n<\/li>\n<li data-start=\"1364\" data-end=\"1443\">\n<p data-start=\"1366\" data-end=\"1443\">Monta\u017c wyko\u017cystuje fabryczne otwory \u2013 bez ci\u0119cia wn\u0119trza<\/p>\n<\/li>\n<li data-start=\"1444\" data-end=\"1514\">\n<p data-start=\"1446\" data-end=\"1514\">Po demonta\u017cu ca\u0142kowicie niewidoczny \u2013 bez wp\u0142ywu na wygl\u0105d wn\u0119trza<\/p>\n<\/li>\n<li data-start=\"1515\" data-end=\"1592\">\n<p data-start=\"1517\" data-end=\"1592\">Dwuwarstwowe malowanie: podk\u0142ad + kolor \u2013 dla idealnego wygl\u0105du i trwa\u0142o\u015bci<\/p>\n<\/li>\n<\/ul>\n<p data-start=\"1599\" data-end=\"1628\"><strong data-start=\"1599\" data-end=\"1626\">W zestawie otrzymujesz:<\/strong><\/p>\n<ul data-start=\"1629\" data-end=\"1786\">\n<li data-start=\"1629\" data-end=\"1658\">\n<p data-start=\"1631\" data-end=\"1658\">Rollbar z rur chromowo-moibdenowych<\/p>\n<\/li>\n<li data-start=\"1695\" data-end=\"1716\">\n<p data-start=\"1697\" data-end=\"1716\">Pe\u0142ny zestaw \u015brub<\/p>\n<\/li>\n<li data-start=\"1717\" data-end=\"1786\">\n<p data-start=\"1719\" data-end=\"1786\">Drukowan\u0105 instrukcj\u0119 monta\u017cu z wyj\u0105tkowo szczeg\u00f3\u0142owymi ilustracjami<\/p>\n<\/li>\n<\/ul>\n<p data-start=\"1793\" data-end=\"2177\"><strong data-start=\"1793\" data-end=\"1825\">Dlaczego akurat ten rollbar?<\/strong><br data-start=\"1825\" data-end=\"1828\" \/>To jedyny rollbar na \u015bwiecie do M2 F87 z dolnymi zastrza\u0142ami \u0142\u0105cz\u0105cymi pa\u0142\u0105k g\u0142\u00f3wny z tylnymi wspornikami \u2014 innowacja konstrukcyjna, kt\u00f3ra ca\u0142kowicie zmienia sztywno\u015b\u0107 auta. Monta\u017c jest dyskretny, przemy\u015blany i w pe\u0142ni odwracalny. Ka\u017cdy spaw wykonany r\u0119cznie, ka\u017cdy detal dopracowany \u2014 to nie tylko upgrade bezpiecze\u0144stwa, to deklaracja jako\u015bci.<\/p>\n","protected":false},"excerpt":{"rendered":"<p>Najbardziej zaawansowany rollbar do BMW M2 F87Zaprojektowany dla tych, kt\u00f3rzy oczekuj\u0105 maksymalnego bezpiecze\u0144stwa i estetyki \u2013 bez kompromis\u00f3w w zakresie u\u017cyteczno\u015bci wn\u0119trza czy warto\u015bci odsprzeda\u017cy auta. To najbardziej zaawansowane i w pe\u0142ni odwracalne rozwi\u0105zanie dla platformy M2 G87. G\u0142\u00f3wne zalety Wykonany w ca\u0142o\u015bci ze stali chromowo-molibdenowej 4130 produkcji UE (wytrzyma\u0142o\u015b\u0107 na rozci\u0105ganie 755 MPa) Zwi\u0119ksza [&#8230;]\n","protected":false},"featured_media":25143,"comment_status":"open","ping_status":"closed","template":"","meta":[],"product_cat":[637],"product_tag":[],"class_list":{"0":"post-25127","1":"product","2":"type-product","3":"status-publish","4":"has-post-thumbnail","6":"product_cat-f87-m2-pl","7":"product_shipping_class-roll-bar-x-pl","9":"first","10":"instock","11":"taxable","12":"shipping-taxable","13":"purchasable","14":"product-type-simple"},"bundled_by":[],"bundle_stock_status":"instock","bundle_stock_quantity":null,"bundle_virtual":false,"bundle_layout":"","bundle_add_to_cart_form_location":"","bundle_editable_in_cart":false,"bundle_sold_individually_context":"","bundle_item_grouping":"","bundle_min_size":"","bundle_max_size":"","bundle_price":[],"bundled_items":[],"bundle_sell_ids":[],"acf":{"zdjecie_bez_watermarka":null,"zdjecie_bez_watermarka_url":"","product_orgin_url":""},"yoast_head":"<!-- This site is optimized with the Yoast SEO plugin v23.9 - https:\/\/yoast.com\/wordpress\/plugins\/seo\/ -->\n<title>BMW M2 F87 - przykr\u0119cany roll bar z rur chromowo-molibdenowych - CYBUL<\/title>\n<meta name=\"robots\" content=\"index, follow, max-snippet:-1, max-image-preview:large, max-video-preview:-1\" \/>\n<link rel=\"canonical\" href=\"https:\/\/cybul.eu\/pl\/sklep\/bmw-m2-f87-przykrecany-roll-bar-z-rur-chromowo-molibdenowych\/\" \/>\n<meta property=\"og:locale\" content=\"pl_PL\" \/>\n<meta property=\"og:type\" content=\"article\" \/>\n<meta property=\"og:title\" content=\"BMW M2 F87 - przykr\u0119cany roll bar z rur chromowo-molibdenowych - CYBUL\" \/>\n<meta property=\"og:description\" content=\"Najbardziej zaawansowany rollbar do BMW M2 F87Zaprojektowany dla tych, kt\u00f3rzy oczekuj\u0105 maksymalnego bezpiecze\u0144stwa i estetyki \u2013 bez kompromis\u00f3w w zakresie u\u017cyteczno\u015bci wn\u0119trza czy warto\u015bci odsprzeda\u017cy auta. To najbardziej zaawansowane i w pe\u0142ni odwracalne rozwi\u0105zanie dla platformy M2 G87. G\u0142\u00f3wne zalety Wykonany w ca\u0142o\u015bci ze stali chromowo-molibdenowej 4130 produkcji UE (wytrzyma\u0142o\u015b\u0107 na rozci\u0105ganie 755 MPa) Zwi\u0119ksza [...]\" \/>\n<meta property=\"og:url\" content=\"https:\/\/cybul.eu\/pl\/sklep\/bmw-m2-f87-przykrecany-roll-bar-z-rur-chromowo-molibdenowych\/\" \/>\n<meta property=\"og:site_name\" content=\"CYBUL\" \/>\n<meta property=\"article:modified_time\" content=\"2026-04-01T07:47:27+00:00\" \/>\n<meta property=\"og:image\" content=\"https:\/\/cybul.eu\/wp-content\/uploads\/2026\/03\/001_BMW_F87_-scaled.jpg\" \/>\n\t<meta property=\"og:image:width\" content=\"2560\" \/>\n\t<meta property=\"og:image:height\" content=\"2560\" \/>\n\t<meta property=\"og:image:type\" content=\"image\/jpeg\" \/>\n<meta name=\"twitter:card\" content=\"summary_large_image\" \/>\n<meta name=\"twitter:label1\" content=\"Szacowany czas czytania\" \/>\n\t<meta name=\"twitter:data1\" content=\"2 minuty\" \/>\n<script type=\"application\/ld+json\" class=\"yoast-schema-graph\">{\"@context\":\"https:\/\/schema.org\",\"@graph\":[{\"@type\":\"WebPage\",\"@id\":\"https:\/\/cybul.eu\/pl\/sklep\/bmw-m2-f87-przykrecany-roll-bar-z-rur-chromowo-molibdenowych\/\",\"url\":\"https:\/\/cybul.eu\/pl\/sklep\/bmw-m2-f87-przykrecany-roll-bar-z-rur-chromowo-molibdenowych\/\",\"name\":\"BMW M2 F87 - przykr\u0119cany roll bar z rur chromowo-molibdenowych - CYBUL\",\"isPartOf\":{\"@id\":\"https:\/\/cybul.eu\/pl\/#website\"},\"primaryImageOfPage\":{\"@id\":\"https:\/\/cybul.eu\/pl\/sklep\/bmw-m2-f87-przykrecany-roll-bar-z-rur-chromowo-molibdenowych\/#primaryimage\"},\"image\":{\"@id\":\"https:\/\/cybul.eu\/pl\/sklep\/bmw-m2-f87-przykrecany-roll-bar-z-rur-chromowo-molibdenowych\/#primaryimage\"},\"thumbnailUrl\":\"https:\/\/cybul.eu\/wp-content\/uploads\/2026\/03\/001_BMW_F87_-scaled.jpg\",\"datePublished\":\"2026-03-06T09:01:52+00:00\",\"dateModified\":\"2026-04-01T07:47:27+00:00\",\"breadcrumb\":{\"@id\":\"https:\/\/cybul.eu\/pl\/sklep\/bmw-m2-f87-przykrecany-roll-bar-z-rur-chromowo-molibdenowych\/#breadcrumb\"},\"inLanguage\":\"pl-PL\",\"potentialAction\":[{\"@type\":\"ReadAction\",\"target\":[\"https:\/\/cybul.eu\/pl\/sklep\/bmw-m2-f87-przykrecany-roll-bar-z-rur-chromowo-molibdenowych\/\"]}]},{\"@type\":\"ImageObject\",\"inLanguage\":\"pl-PL\",\"@id\":\"https:\/\/cybul.eu\/pl\/sklep\/bmw-m2-f87-przykrecany-roll-bar-z-rur-chromowo-molibdenowych\/#primaryimage\",\"url\":\"https:\/\/cybul.eu\/wp-content\/uploads\/2026\/03\/001_BMW_F87_-scaled.jpg\",\"contentUrl\":\"https:\/\/cybul.eu\/wp-content\/uploads\/2026\/03\/001_BMW_F87_-scaled.jpg\",\"width\":2560,\"height\":2560,\"caption\":\"bolt-in roll bar for BMW M2 F87 made of 4130 chromoly tubes by Cybul Radical Solutions\"},{\"@type\":\"BreadcrumbList\",\"@id\":\"https:\/\/cybul.eu\/pl\/sklep\/bmw-m2-f87-przykrecany-roll-bar-z-rur-chromowo-molibdenowych\/#breadcrumb\",\"itemListElement\":[{\"@type\":\"ListItem\",\"position\":1,\"name\":\"Strona g\u0142\u00f3wna\",\"item\":\"https:\/\/cybul.eu\/pl\/\"},{\"@type\":\"ListItem\",\"position\":2,\"name\":\"Sklep\",\"item\":\"https:\/\/cybul.eu\/pl\/sklep\/\"},{\"@type\":\"ListItem\",\"position\":3,\"name\":\"BMW M2 F87 &#8211; przykr\u0119cany roll bar z rur chromowo-molibdenowych\"}]},{\"@type\":\"WebSite\",\"@id\":\"https:\/\/cybul.eu\/pl\/#website\",\"url\":\"https:\/\/cybul.eu\/pl\/\",\"name\":\"CYBUL\",\"description\":\"\",\"potentialAction\":[{\"@type\":\"SearchAction\",\"target\":{\"@type\":\"EntryPoint\",\"urlTemplate\":\"https:\/\/cybul.eu\/pl\/?s={search_term_string}\"},\"query-input\":{\"@type\":\"PropertyValueSpecification\",\"valueRequired\":true,\"valueName\":\"search_term_string\"}}],\"inLanguage\":\"pl-PL\"}]}<\/script>\n<!-- \/ Yoast SEO plugin. -->","yoast_head_json":{"title":"BMW M2 F87 - przykr\u0119cany roll bar z rur chromowo-molibdenowych - CYBUL","robots":{"index":"index","follow":"follow","max-snippet":"max-snippet:-1","max-image-preview":"max-image-preview:large","max-video-preview":"max-video-preview:-1"},"canonical":"https:\/\/cybul.eu\/pl\/sklep\/bmw-m2-f87-przykrecany-roll-bar-z-rur-chromowo-molibdenowych\/","og_locale":"pl_PL","og_type":"article","og_title":"BMW M2 F87 - przykr\u0119cany roll bar z rur chromowo-molibdenowych - CYBUL","og_description":"Najbardziej zaawansowany rollbar do BMW M2 F87Zaprojektowany dla tych, kt\u00f3rzy oczekuj\u0105 maksymalnego bezpiecze\u0144stwa i estetyki \u2013 bez kompromis\u00f3w w zakresie u\u017cyteczno\u015bci wn\u0119trza czy warto\u015bci odsprzeda\u017cy auta. To najbardziej zaawansowane i w pe\u0142ni odwracalne rozwi\u0105zanie dla platformy M2 G87. G\u0142\u00f3wne zalety Wykonany w ca\u0142o\u015bci ze stali chromowo-molibdenowej 4130 produkcji UE (wytrzyma\u0142o\u015b\u0107 na rozci\u0105ganie 755 MPa) Zwi\u0119ksza [...]","og_url":"https:\/\/cybul.eu\/pl\/sklep\/bmw-m2-f87-przykrecany-roll-bar-z-rur-chromowo-molibdenowych\/","og_site_name":"CYBUL","article_modified_time":"2026-04-01T07:47:27+00:00","og_image":[{"width":2560,"height":2560,"url":"https:\/\/cybul.eu\/wp-content\/uploads\/2026\/03\/001_BMW_F87_-scaled.jpg","type":"image\/jpeg"}],"twitter_card":"summary_large_image","twitter_misc":{"Szacowany czas czytania":"2 minuty"},"schema":{"@context":"https:\/\/schema.org","@graph":[{"@type":"WebPage","@id":"https:\/\/cybul.eu\/pl\/sklep\/bmw-m2-f87-przykrecany-roll-bar-z-rur-chromowo-molibdenowych\/","url":"https:\/\/cybul.eu\/pl\/sklep\/bmw-m2-f87-przykrecany-roll-bar-z-rur-chromowo-molibdenowych\/","name":"BMW M2 F87 - przykr\u0119cany roll bar z rur chromowo-molibdenowych - CYBUL","isPartOf":{"@id":"https:\/\/cybul.eu\/pl\/#website"},"primaryImageOfPage":{"@id":"https:\/\/cybul.eu\/pl\/sklep\/bmw-m2-f87-przykrecany-roll-bar-z-rur-chromowo-molibdenowych\/#primaryimage"},"image":{"@id":"https:\/\/cybul.eu\/pl\/sklep\/bmw-m2-f87-przykrecany-roll-bar-z-rur-chromowo-molibdenowych\/#primaryimage"},"thumbnailUrl":"https:\/\/cybul.eu\/wp-content\/uploads\/2026\/03\/001_BMW_F87_-scaled.jpg","datePublished":"2026-03-06T09:01:52+00:00","dateModified":"2026-04-01T07:47:27+00:00","breadcrumb":{"@id":"https:\/\/cybul.eu\/pl\/sklep\/bmw-m2-f87-przykrecany-roll-bar-z-rur-chromowo-molibdenowych\/#breadcrumb"},"inLanguage":"pl-PL","potentialAction":[{"@type":"ReadAction","target":["https:\/\/cybul.eu\/pl\/sklep\/bmw-m2-f87-przykrecany-roll-bar-z-rur-chromowo-molibdenowych\/"]}]},{"@type":"ImageObject","inLanguage":"pl-PL","@id":"https:\/\/cybul.eu\/pl\/sklep\/bmw-m2-f87-przykrecany-roll-bar-z-rur-chromowo-molibdenowych\/#primaryimage","url":"https:\/\/cybul.eu\/wp-content\/uploads\/2026\/03\/001_BMW_F87_-scaled.jpg","contentUrl":"https:\/\/cybul.eu\/wp-content\/uploads\/2026\/03\/001_BMW_F87_-scaled.jpg","width":2560,"height":2560,"caption":"bolt-in roll bar for BMW M2 F87 made of 4130 chromoly tubes by Cybul Radical Solutions"},{"@type":"BreadcrumbList","@id":"https:\/\/cybul.eu\/pl\/sklep\/bmw-m2-f87-przykrecany-roll-bar-z-rur-chromowo-molibdenowych\/#breadcrumb","itemListElement":[{"@type":"ListItem","position":1,"name":"Strona g\u0142\u00f3wna","item":"https:\/\/cybul.eu\/pl\/"},{"@type":"ListItem","position":2,"name":"Sklep","item":"https:\/\/cybul.eu\/pl\/sklep\/"},{"@type":"ListItem","position":3,"name":"BMW M2 F87 &#8211; przykr\u0119cany roll bar z rur chromowo-molibdenowych"}]},{"@type":"WebSite","@id":"https:\/\/cybul.eu\/pl\/#website","url":"https:\/\/cybul.eu\/pl\/","name":"CYBUL","description":"","potentialAction":[{"@type":"SearchAction","target":{"@type":"EntryPoint","urlTemplate":"https:\/\/cybul.eu\/pl\/?s={search_term_string}"},"query-input":{"@type":"PropertyValueSpecification","valueRequired":true,"valueName":"search_term_string"}}],"inLanguage":"pl-PL"}]}},"_links":{"self":[{"href":"https:\/\/cybul.eu\/pl\/wp-json\/wp\/v2\/product\/25127","targetHints":{"allow":["GET"]}}],"collection":[{"href":"https:\/\/cybul.eu\/pl\/wp-json\/wp\/v2\/product"}],"about":[{"href":"https:\/\/cybul.eu\/pl\/wp-json\/wp\/v2\/types\/product"}],"replies":[{"embeddable":true,"href":"https:\/\/cybul.eu\/pl\/wp-json\/wp\/v2\/comments?post=25127"}],"wp:featuredmedia":[{"embeddable":true,"href":"https:\/\/cybul.eu\/pl\/wp-json\/wp\/v2\/media\/25143"}],"wp:attachment":[{"href":"https:\/\/cybul.eu\/pl\/wp-json\/wp\/v2\/media?parent=25127"}],"wp:term":[{"taxonomy":"product_cat","embeddable":true,"href":"https:\/\/cybul.eu\/pl\/wp-json\/wp\/v2\/product_cat?post=25127"},{"taxonomy":"product_tag","embeddable":true,"href":"https:\/\/cybul.eu\/pl\/wp-json\/wp\/v2\/product_tag?post=25127"}],"curies":[{"name":"wp","href":"https:\/\/api.w.org\/{rel}","templated":true}]}}