{"id":25089,"date":"2026-02-23T13:42:05","date_gmt":"2026-02-23T12:42:05","guid":{"rendered":"https:\/\/cybul.eu\/?post_type=product&#038;p=25089"},"modified":"2026-02-23T13:50:42","modified_gmt":"2026-02-23T12:50:42","slug":"jeep-xj-i-zj-drazek-panharda-track-bar-copy","status":"publish","type":"product","link":"https:\/\/cybul.eu\/pl\/sklep\/jeep-xj-i-zj-drazek-panharda-track-bar-copy\/","title":{"rendered":"Jeep ZJ &#8211; regulowany tylny dr\u0105\u017cek panharda"},"content":{"rendered":"<p data-start=\"121\" data-end=\"348\">Wzmocniony, regulowany tylny dr\u0105\u017cek Panharda (track bar) przeznaczony do Jeep&#8217;a ZJ.<br data-start=\"211\" data-end=\"214\" \/>Zaprojektowany w celu precyzyjnej korekty po\u0142o\u017cenia osi po podniesieniu zawieszenia oraz do pracy w najci\u0119\u017cszych warunkach terenowych.<\/p>\n<p data-start=\"350\" data-end=\"489\">Rozwi\u0105zanie typu <strong data-start=\"367\" data-end=\"382\">plug &amp; play<\/strong>, z do\u0142\u0105czonym wzmocnionym mocowaniem do ramy zapewniaj\u0105cym prawid\u0142ow\u0105 geometri\u0119 i maksymaln\u0105 wytrzyma\u0142o\u015b\u0107.<\/p>\n<h2 data-start=\"496\" data-end=\"513\">G\u0142\u00f3wne zalety:<\/h2>\n<ul data-start=\"515\" data-end=\"776\">\n<li data-start=\"515\" data-end=\"565\">\n<p data-start=\"517\" data-end=\"565\"><strong data-start=\"517\" data-end=\"563\">Zakres regulacji od 0\u201d do ponad 6,5\u201d liftu<\/strong><\/p>\n<\/li>\n<li data-start=\"566\" data-end=\"638\">\n<p data-start=\"568\" data-end=\"638\"><strong data-start=\"568\" data-end=\"609\">Precyzyjne centrowanie osi prawo\u2013lewo<\/strong> po modyfikacji zawieszenia<\/p>\n<\/li>\n<li data-start=\"639\" data-end=\"707\">\n<p data-start=\"641\" data-end=\"707\"><strong data-start=\"641\" data-end=\"705\">Ekstremalna wytrzyma\u0142o\u015b\u0107 do off-roadu i rajd\u00f3w cross-country<\/strong><\/p>\n<\/li>\n<li data-start=\"708\" data-end=\"776\">\n<p data-start=\"710\" data-end=\"776\"><strong data-start=\"710\" data-end=\"776\">Monta\u017c plug &amp; play\u00a0<\/strong><\/p>\n<\/li>\n<\/ul>\n<hr data-start=\"778\" data-end=\"781\" \/>\n<h2 data-start=\"783\" data-end=\"801\">Cechy produktu:<\/h2>\n<ul data-start=\"803\" data-end=\"1188\">\n<li data-start=\"803\" data-end=\"860\">\n<p data-start=\"805\" data-end=\"860\">Wykonany z precyzyjnej, grubo\u015bciennej rury bezszwowej<\/p>\n<\/li>\n<li data-start=\"861\" data-end=\"905\">\n<p data-start=\"863\" data-end=\"905\">Spawany przez wykwalifikowanego spawacza<\/p>\n<\/li>\n<li data-start=\"947\" data-end=\"1043\">\n<p data-start=\"949\" data-end=\"1043\">Poliuretanowe tuleje o twardo\u015bci 95ShA \u2013 optymalny kompromis mi\u0119dzy sztywno\u015bci\u0105 a trwa\u0142o\u015bci\u0105<\/p>\n<\/li>\n<li data-start=\"1044\" data-end=\"1132\">\n<p data-start=\"1046\" data-end=\"1132\">Zaprojektowany do pracy przy du\u017cych wychyleniach zawieszenia i wysokich obci\u0105\u017ceniach<\/p>\n<\/li>\n<li data-start=\"1133\" data-end=\"1188\">\n<p data-start=\"1135\" data-end=\"1188\">Przetestowany w najtrudniejszych rajdach terenowych<\/p>\n<\/li>\n<\/ul>\n<hr data-start=\"1190\" data-end=\"1193\" \/>\n<h2 data-start=\"1195\" data-end=\"1221\">W zestawie otrzymujesz:<\/h2>\n<ul data-start=\"1223\" data-end=\"1363\">\n<li data-start=\"1223\" data-end=\"1265\">\n<p data-start=\"1225\" data-end=\"1265\">Regulowany dr\u0105\u017cek Panharda \/ track bar<\/p>\n<\/li>\n<li data-start=\"1299\" data-end=\"1329\">\n<p data-start=\"1301\" data-end=\"1329\">Tuleje poliuretanowe 95ShA<\/p>\n<\/li>\n<\/ul>\n<p data-start=\"1365\" data-end=\"1496\" data-is-last-node=\"\" data-is-only-node=\"\">Stworzony do podniesionych zawiesze\u0144, wymagaj\u0105cego terenu i u\u017cytkownik\u00f3w, kt\u00f3rzy oczekuj\u0105 maksymalnej trwa\u0142o\u015bci oraz niezawodno\u015bci.<\/p>\n","protected":false},"excerpt":{"rendered":"<p>Umo\u017cliwia regulacj\u0119 po\u0142o\u017cenie mostu prawo-lewo<\/p>\n","protected":false},"featured_media":25091,"comment_status":"open","ping_status":"closed","template":"","meta":[],"product_cat":[276,393],"product_tag":[349,350],"class_list":{"0":"post-25089","1":"product","2":"type-product","3":"status-publish","4":"has-post-thumbnail","6":"product_cat-zj","7":"product_cat-jeep-pl","8":"product_tag-track-bar-pl","9":"product_tag-drazek-panharda","11":"first","12":"instock","13":"taxable","14":"shipping-taxable","15":"purchasable","16":"product-type-simple"},"bundled_by":[],"bundle_stock_status":"instock","bundle_stock_quantity":null,"bundle_virtual":false,"bundle_layout":"","bundle_add_to_cart_form_location":"","bundle_editable_in_cart":false,"bundle_sold_individually_context":"","bundle_item_grouping":"","bundle_min_size":"","bundle_max_size":"","bundle_price":[],"bundled_items":[],"bundle_sell_ids":[],"acf":{"zdjecie_bez_watermarka":null,"zdjecie_bez_watermarka_url":"","product_orgin_url":""},"yoast_head":"<!-- This site is optimized with the Yoast SEO plugin v23.9 - https:\/\/yoast.com\/wordpress\/plugins\/seo\/ -->\n<title>Jeep ZJ - regulowany tylny dr\u0105\u017cek panharda - CYBUL<\/title>\n<meta name=\"robots\" content=\"index, follow, max-snippet:-1, max-image-preview:large, max-video-preview:-1\" \/>\n<link rel=\"canonical\" href=\"https:\/\/cybul.eu\/pl\/sklep\/jeep-xj-i-zj-drazek-panharda-track-bar-copy\/\" \/>\n<meta property=\"og:locale\" content=\"pl_PL\" \/>\n<meta property=\"og:type\" content=\"article\" \/>\n<meta property=\"og:title\" content=\"Jeep ZJ - regulowany tylny dr\u0105\u017cek panharda - CYBUL\" \/>\n<meta property=\"og:description\" content=\"Umo\u017cliwia regulacj\u0119 po\u0142o\u017cenie mostu prawo-lewo\" \/>\n<meta property=\"og:url\" content=\"https:\/\/cybul.eu\/pl\/sklep\/jeep-xj-i-zj-drazek-panharda-track-bar-copy\/\" \/>\n<meta property=\"og:site_name\" content=\"CYBUL\" \/>\n<meta property=\"article:modified_time\" content=\"2026-02-23T12:50:42+00:00\" \/>\n<meta property=\"og:image\" content=\"https:\/\/cybul.eu\/wp-content\/uploads\/2026\/02\/ZJ_panhard-scaled.jpg\" \/>\n\t<meta property=\"og:image:width\" content=\"2560\" \/>\n\t<meta property=\"og:image:height\" content=\"2560\" \/>\n\t<meta property=\"og:image:type\" content=\"image\/jpeg\" \/>\n<meta name=\"twitter:card\" content=\"summary_large_image\" \/>\n<meta name=\"twitter:label1\" content=\"Szacowany czas czytania\" \/>\n\t<meta name=\"twitter:data1\" content=\"1 minuta\" \/>\n<script type=\"application\/ld+json\" class=\"yoast-schema-graph\">{\"@context\":\"https:\/\/schema.org\",\"@graph\":[{\"@type\":\"WebPage\",\"@id\":\"https:\/\/cybul.eu\/pl\/sklep\/jeep-xj-i-zj-drazek-panharda-track-bar-copy\/\",\"url\":\"https:\/\/cybul.eu\/pl\/sklep\/jeep-xj-i-zj-drazek-panharda-track-bar-copy\/\",\"name\":\"Jeep ZJ - regulowany tylny dr\u0105\u017cek panharda - CYBUL\",\"isPartOf\":{\"@id\":\"https:\/\/cybul.eu\/pl\/#website\"},\"primaryImageOfPage\":{\"@id\":\"https:\/\/cybul.eu\/pl\/sklep\/jeep-xj-i-zj-drazek-panharda-track-bar-copy\/#primaryimage\"},\"image\":{\"@id\":\"https:\/\/cybul.eu\/pl\/sklep\/jeep-xj-i-zj-drazek-panharda-track-bar-copy\/#primaryimage\"},\"thumbnailUrl\":\"https:\/\/cybul.eu\/wp-content\/uploads\/2026\/02\/ZJ_panhard-scaled.jpg\",\"datePublished\":\"2026-02-23T12:42:05+00:00\",\"dateModified\":\"2026-02-23T12:50:42+00:00\",\"breadcrumb\":{\"@id\":\"https:\/\/cybul.eu\/pl\/sklep\/jeep-xj-i-zj-drazek-panharda-track-bar-copy\/#breadcrumb\"},\"inLanguage\":\"pl-PL\",\"potentialAction\":[{\"@type\":\"ReadAction\",\"target\":[\"https:\/\/cybul.eu\/pl\/sklep\/jeep-xj-i-zj-drazek-panharda-track-bar-copy\/\"]}]},{\"@type\":\"ImageObject\",\"inLanguage\":\"pl-PL\",\"@id\":\"https:\/\/cybul.eu\/pl\/sklep\/jeep-xj-i-zj-drazek-panharda-track-bar-copy\/#primaryimage\",\"url\":\"https:\/\/cybul.eu\/wp-content\/uploads\/2026\/02\/ZJ_panhard-scaled.jpg\",\"contentUrl\":\"https:\/\/cybul.eu\/wp-content\/uploads\/2026\/02\/ZJ_panhard-scaled.jpg\",\"width\":2560,\"height\":2560,\"caption\":\"Jeep ZJ rear adjustable track bar \/ panhard rod by Cybul Radical Solutions\"},{\"@type\":\"BreadcrumbList\",\"@id\":\"https:\/\/cybul.eu\/pl\/sklep\/jeep-xj-i-zj-drazek-panharda-track-bar-copy\/#breadcrumb\",\"itemListElement\":[{\"@type\":\"ListItem\",\"position\":1,\"name\":\"Strona g\u0142\u00f3wna\",\"item\":\"https:\/\/cybul.eu\/pl\/\"},{\"@type\":\"ListItem\",\"position\":2,\"name\":\"Sklep\",\"item\":\"https:\/\/cybul.eu\/pl\/sklep\/\"},{\"@type\":\"ListItem\",\"position\":3,\"name\":\"Jeep ZJ &#8211; regulowany tylny dr\u0105\u017cek panharda\"}]},{\"@type\":\"WebSite\",\"@id\":\"https:\/\/cybul.eu\/pl\/#website\",\"url\":\"https:\/\/cybul.eu\/pl\/\",\"name\":\"CYBUL\",\"description\":\"\",\"potentialAction\":[{\"@type\":\"SearchAction\",\"target\":{\"@type\":\"EntryPoint\",\"urlTemplate\":\"https:\/\/cybul.eu\/pl\/?s={search_term_string}\"},\"query-input\":{\"@type\":\"PropertyValueSpecification\",\"valueRequired\":true,\"valueName\":\"search_term_string\"}}],\"inLanguage\":\"pl-PL\"}]}<\/script>\n<!-- \/ Yoast SEO plugin. -->","yoast_head_json":{"title":"Jeep ZJ - regulowany tylny dr\u0105\u017cek panharda - CYBUL","robots":{"index":"index","follow":"follow","max-snippet":"max-snippet:-1","max-image-preview":"max-image-preview:large","max-video-preview":"max-video-preview:-1"},"canonical":"https:\/\/cybul.eu\/pl\/sklep\/jeep-xj-i-zj-drazek-panharda-track-bar-copy\/","og_locale":"pl_PL","og_type":"article","og_title":"Jeep ZJ - regulowany tylny dr\u0105\u017cek panharda - CYBUL","og_description":"Umo\u017cliwia regulacj\u0119 po\u0142o\u017cenie mostu prawo-lewo","og_url":"https:\/\/cybul.eu\/pl\/sklep\/jeep-xj-i-zj-drazek-panharda-track-bar-copy\/","og_site_name":"CYBUL","article_modified_time":"2026-02-23T12:50:42+00:00","og_image":[{"width":2560,"height":2560,"url":"https:\/\/cybul.eu\/wp-content\/uploads\/2026\/02\/ZJ_panhard-scaled.jpg","type":"image\/jpeg"}],"twitter_card":"summary_large_image","twitter_misc":{"Szacowany czas czytania":"1 minuta"},"schema":{"@context":"https:\/\/schema.org","@graph":[{"@type":"WebPage","@id":"https:\/\/cybul.eu\/pl\/sklep\/jeep-xj-i-zj-drazek-panharda-track-bar-copy\/","url":"https:\/\/cybul.eu\/pl\/sklep\/jeep-xj-i-zj-drazek-panharda-track-bar-copy\/","name":"Jeep ZJ - regulowany tylny dr\u0105\u017cek panharda - CYBUL","isPartOf":{"@id":"https:\/\/cybul.eu\/pl\/#website"},"primaryImageOfPage":{"@id":"https:\/\/cybul.eu\/pl\/sklep\/jeep-xj-i-zj-drazek-panharda-track-bar-copy\/#primaryimage"},"image":{"@id":"https:\/\/cybul.eu\/pl\/sklep\/jeep-xj-i-zj-drazek-panharda-track-bar-copy\/#primaryimage"},"thumbnailUrl":"https:\/\/cybul.eu\/wp-content\/uploads\/2026\/02\/ZJ_panhard-scaled.jpg","datePublished":"2026-02-23T12:42:05+00:00","dateModified":"2026-02-23T12:50:42+00:00","breadcrumb":{"@id":"https:\/\/cybul.eu\/pl\/sklep\/jeep-xj-i-zj-drazek-panharda-track-bar-copy\/#breadcrumb"},"inLanguage":"pl-PL","potentialAction":[{"@type":"ReadAction","target":["https:\/\/cybul.eu\/pl\/sklep\/jeep-xj-i-zj-drazek-panharda-track-bar-copy\/"]}]},{"@type":"ImageObject","inLanguage":"pl-PL","@id":"https:\/\/cybul.eu\/pl\/sklep\/jeep-xj-i-zj-drazek-panharda-track-bar-copy\/#primaryimage","url":"https:\/\/cybul.eu\/wp-content\/uploads\/2026\/02\/ZJ_panhard-scaled.jpg","contentUrl":"https:\/\/cybul.eu\/wp-content\/uploads\/2026\/02\/ZJ_panhard-scaled.jpg","width":2560,"height":2560,"caption":"Jeep ZJ rear adjustable track bar \/ panhard rod by Cybul Radical Solutions"},{"@type":"BreadcrumbList","@id":"https:\/\/cybul.eu\/pl\/sklep\/jeep-xj-i-zj-drazek-panharda-track-bar-copy\/#breadcrumb","itemListElement":[{"@type":"ListItem","position":1,"name":"Strona g\u0142\u00f3wna","item":"https:\/\/cybul.eu\/pl\/"},{"@type":"ListItem","position":2,"name":"Sklep","item":"https:\/\/cybul.eu\/pl\/sklep\/"},{"@type":"ListItem","position":3,"name":"Jeep ZJ &#8211; regulowany tylny dr\u0105\u017cek panharda"}]},{"@type":"WebSite","@id":"https:\/\/cybul.eu\/pl\/#website","url":"https:\/\/cybul.eu\/pl\/","name":"CYBUL","description":"","potentialAction":[{"@type":"SearchAction","target":{"@type":"EntryPoint","urlTemplate":"https:\/\/cybul.eu\/pl\/?s={search_term_string}"},"query-input":{"@type":"PropertyValueSpecification","valueRequired":true,"valueName":"search_term_string"}}],"inLanguage":"pl-PL"}]}},"_links":{"self":[{"href":"https:\/\/cybul.eu\/pl\/wp-json\/wp\/v2\/product\/25089","targetHints":{"allow":["GET"]}}],"collection":[{"href":"https:\/\/cybul.eu\/pl\/wp-json\/wp\/v2\/product"}],"about":[{"href":"https:\/\/cybul.eu\/pl\/wp-json\/wp\/v2\/types\/product"}],"replies":[{"embeddable":true,"href":"https:\/\/cybul.eu\/pl\/wp-json\/wp\/v2\/comments?post=25089"}],"wp:featuredmedia":[{"embeddable":true,"href":"https:\/\/cybul.eu\/pl\/wp-json\/wp\/v2\/media\/25091"}],"wp:attachment":[{"href":"https:\/\/cybul.eu\/pl\/wp-json\/wp\/v2\/media?parent=25089"}],"wp:term":[{"taxonomy":"product_cat","embeddable":true,"href":"https:\/\/cybul.eu\/pl\/wp-json\/wp\/v2\/product_cat?post=25089"},{"taxonomy":"product_tag","embeddable":true,"href":"https:\/\/cybul.eu\/pl\/wp-json\/wp\/v2\/product_tag?post=25089"}],"curies":[{"name":"wp","href":"https:\/\/api.w.org\/{rel}","templated":true}]}}