{"id":25085,"date":"2026-02-23T12:41:25","date_gmt":"2026-02-23T11:41:25","guid":{"rendered":"https:\/\/cybul.eu\/?post_type=product&#038;p=25085"},"modified":"2026-02-23T13:41:11","modified_gmt":"2026-02-23T12:41:11","slug":"mazda-mx-5-nc-przednie-rurowe-sanki-copy-copy-copy-2","status":"publish","type":"product","link":"https:\/\/cybul.eu\/pl\/sklep\/mazda-mx-5-nc-przednie-rurowe-sanki-copy-copy-copy-2\/","title":{"rendered":"Mazda MX-5 NA \/ NB \u2013  zestaw V3 do swapa silnika 1UZ \/ 3UZ"},"content":{"rendered":"<p data-start=\"0\" data-end=\"115\"><strong data-start=\"0\" data-end=\"115\">Zestaw do swapa silnika przeznaczony do monta\u017cu jednostek Toyota 1UZ \/ 3UZ V8 w nadwoziu Mazda MX-5 NA oraz NB.<\/strong><\/p>\n<p data-start=\"117\" data-end=\"378\">Wersja <strong data-start=\"124\" data-end=\"130\">V3<\/strong> bazuje na konfiguracji V2 (z rurowymi sankami chromowo-molibdenowymi) i dodatkowo zawiera w pe\u0142ni zaprojektowane kolektory wydechowe dedykowane do podwozia MX-5. To najbardziej zbli\u017cona do \u201ebolt-on\u201d konfiguracja swapa V8 dost\u0119pna w naszej ofercie.<\/p>\n<h2 data-start=\"385\" data-end=\"402\">G\u0142\u00f3wne zalety:<\/h2>\n<ul data-start=\"404\" data-end=\"788\">\n<li data-start=\"404\" data-end=\"473\">\n<p data-start=\"406\" data-end=\"473\">Najbardziej kompletny zestaw do swapa 1UZ \/ 3UZ dost\u0119pny na rynku<\/p>\n<\/li>\n<li data-start=\"474\" data-end=\"578\">\n<p data-start=\"476\" data-end=\"578\">Miska olejowa, rurowe sanki, mocowania silnika oraz kolektory wydechowe \u2013 wszystko w jednym zestawie<\/p>\n<\/li>\n<li data-start=\"579\" data-end=\"652\">\n<p data-start=\"581\" data-end=\"652\">Zoptymalizowany uk\u0142ad olejowy zaprojektowany specjalnie do MX-5 NA\/NB<\/p>\n<\/li>\n<li data-start=\"653\" data-end=\"719\">\n<p data-start=\"655\" data-end=\"719\">Wi\u0119cej miejsca w komorze silnika \u2013 \u0142atwiejszy dost\u0119p serwisowy<\/p>\n<\/li>\n<li data-start=\"720\" data-end=\"788\">\n<p data-start=\"722\" data-end=\"788\">Wzmocniony system mocowania silnika gotowy na moment obrotowy V8<\/p>\n<\/li>\n<\/ul>\n<h2 data-start=\"795\" data-end=\"813\">Cechy produktu:<\/h2>\n<ul data-start=\"815\" data-end=\"1628\">\n<li data-start=\"815\" data-end=\"887\">\n<p data-start=\"817\" data-end=\"887\">Miska olejowa zaprojektowana specjalnie do nadwozia Mazda MX-5 NA\/NB<\/p>\n<\/li>\n<li data-start=\"888\" data-end=\"935\">\n<p data-start=\"890\" data-end=\"935\">Dedykowany smok olejowy dopasowany do miski<\/p>\n<\/li>\n<li data-start=\"936\" data-end=\"1017\">\n<p data-start=\"938\" data-end=\"1017\">Bagnet oleju z prowadzeniem umo\u017cliwiaj\u0105cym bezkolizyjne poprowadzenie wydechu<\/p>\n<\/li>\n<li data-start=\"1018\" data-end=\"1083\">\n<p data-start=\"1020\" data-end=\"1083\">\u0141apy silnika zapewniaj\u0105ce prawid\u0142owe pozycjonowanie 1UZ \/ 3UZ<\/p>\n<\/li>\n<li data-start=\"1084\" data-end=\"1175\">\n<p data-start=\"1086\" data-end=\"1175\">Wzmocnione poliuretanowe poduszki silnika przystosowane do wysokiego momentu obrotowego<\/p>\n<\/li>\n<li data-start=\"1176\" data-end=\"1256\">\n<p data-start=\"1178\" data-end=\"1256\">Os\u0142ony termiczne chroni\u0105ce poduszki przed temperatur\u0105 kolektor\u00f3w wydechowych<\/p>\n<\/li>\n<li data-start=\"1257\" data-end=\"1347\">\n<p data-start=\"1259\" data-end=\"1347\">Rurowe sanki przednie z chromowo-molibdenowej stali z p\u0142yt\u0105 ochronn\u0105 pod misk\u0119 olejow\u0105<\/p>\n<\/li>\n<li data-start=\"1348\" data-end=\"1418\">\n<p data-start=\"1350\" data-end=\"1418\">Korekta roll center (punkty mocowania wahaczy podniesione o 18 mm)<\/p>\n<\/li>\n<li data-start=\"1419\" data-end=\"1488\">\n<p data-start=\"1421\" data-end=\"1488\">Zachowane kluczowe seryjne punkty mocowania (maglownica, osprz\u0119t)<\/p>\n<\/li>\n<li data-start=\"1489\" data-end=\"1566\">\n<p data-start=\"1491\" data-end=\"1566\">Dwa dedykowane kolektory wydechowe (lewy i prawy) zaprojektowane pod MX-5<\/p>\n<\/li>\n<li data-start=\"1567\" data-end=\"1628\">\n<p data-start=\"1569\" data-end=\"1628\">Komplet \u015brub, nakr\u0119tek i niezb\u0119dnych uszczelek w zestawie<\/p>\n<\/li>\n<\/ul>\n<h2 data-start=\"1635\" data-end=\"1661\">W zestawie otrzymujesz:<\/h2>\n<ul data-start=\"1663\" data-end=\"2049\">\n<li data-start=\"1663\" data-end=\"1694\">\n<p data-start=\"1665\" data-end=\"1694\">Misk\u0119 olejow\u0105 do MX-5 NA\/NB<\/p>\n<\/li>\n<li data-start=\"1695\" data-end=\"1722\">\n<p data-start=\"1697\" data-end=\"1722\">Dedykowany smok olejowy<\/p>\n<\/li>\n<li data-start=\"1723\" data-end=\"1747\">\n<p data-start=\"1725\" data-end=\"1747\">Zestaw bagnetu oleju<\/p>\n<\/li>\n<li data-start=\"1748\" data-end=\"1764\">\n<p data-start=\"1750\" data-end=\"1764\">\u0141apy silnika<\/p>\n<\/li>\n<li data-start=\"1765\" data-end=\"1810\">\n<p data-start=\"1767\" data-end=\"1810\">Wzmocnione poliuretanowe poduszki silnika<\/p>\n<\/li>\n<li data-start=\"1811\" data-end=\"1840\">\n<p data-start=\"1813\" data-end=\"1840\">Os\u0142ony termiczne poduszek<\/p>\n<\/li>\n<li data-start=\"1841\" data-end=\"1896\">\n<p data-start=\"1843\" data-end=\"1896\">Rurowe sanki przednie z chromowo-molibdenowej stali<\/p>\n<\/li>\n<li data-start=\"1897\" data-end=\"1933\">\n<p data-start=\"1899\" data-end=\"1933\">P\u0142yt\u0119 ochronn\u0105 pod misk\u0119 olejow\u0105<\/p>\n<\/li>\n<li data-start=\"1934\" data-end=\"1985\">\n<p data-start=\"1936\" data-end=\"1985\">2 dedykowane kolektory wydechowe (lewy i prawy)<\/p>\n<\/li>\n<li data-start=\"1986\" data-end=\"2049\">\n<p data-start=\"1988\" data-end=\"2049\">Komplet \u015brub, nakr\u0119tek monta\u017cowych oraz niezb\u0119dne uszczelki<\/p>\n<\/li>\n<\/ul>\n<h2 data-start=\"2056\" data-end=\"2064\">Wa\u017cne<\/h2>\n<p data-start=\"2066\" data-end=\"2157\">Wersja <strong data-start=\"2073\" data-end=\"2079\">V3<\/strong> to najbardziej rozbudowana mechanicznie konfiguracja systemu swapa 1UZ \/ 3UZ.<\/p>\n<p data-start=\"2159\" data-end=\"2356\" data-is-last-node=\"\" data-is-only-node=\"\">Do wykonania pozostaj\u0105 elementy takie jak: dob\u00f3r sprz\u0119g\u0142a, wyb\u00f3r skrzyni bieg\u00f3w, wa\u0142 nap\u0119dowy, uk\u0142ad ch\u0142odzenia, instalacja elektryczna oraz konfiguracja ECU \u2013 zgodnie ze specyfik\u0105 danego projektu.<\/p>\n","protected":false},"excerpt":{"rendered":"<p>Zestaw do swapa silnika przeznaczony do monta\u017cu jednostek Toyota 1UZ \/ 3UZ V8 w nadwoziu Mazda MX-5 NA oraz NB. Wersja V3 bazuje na konfiguracji V2 (z rurowymi sankami chromowo-molibdenowymi) i dodatkowo zawiera w pe\u0142ni zaprojektowane kolektory wydechowe dedykowane do podwozia MX-5. To najbardziej zbli\u017cona do \u201ebolt-on\u201d konfiguracja swapa V8 dost\u0119pna w naszej ofercie. G\u0142\u00f3wne [&#8230;]\n","protected":false},"featured_media":25087,"comment_status":"open","ping_status":"closed","template":"","meta":[],"product_cat":[387,388,502,491],"product_tag":[429,462],"class_list":{"0":"post-25085","1":"product","2":"type-product","3":"status-publish","4":"has-post-thumbnail","6":"product_cat-mx5-na-pl","7":"product_cat-mx5-nb-pl","8":"product_cat-silnik-pl","9":"product_cat-silnik","10":"product_tag-drift-pl","11":"product_tag-mx-5-nc-pl","12":"product_shipping_class-standard","14":"first","15":"instock","16":"taxable","17":"shipping-taxable","18":"purchasable","19":"product-type-simple"},"bundled_by":[],"bundle_stock_status":"instock","bundle_stock_quantity":null,"bundle_virtual":false,"bundle_layout":"","bundle_add_to_cart_form_location":"","bundle_editable_in_cart":false,"bundle_sold_individually_context":"","bundle_item_grouping":"","bundle_min_size":"","bundle_max_size":"","bundle_price":[],"bundled_items":[],"bundle_sell_ids":[23348,4315,4350],"acf":{"zdjecie_bez_watermarka":null,"zdjecie_bez_watermarka_url":"","product_orgin_url":""},"yoast_head":"<!-- This site is optimized with the Yoast SEO plugin v23.9 - https:\/\/yoast.com\/wordpress\/plugins\/seo\/ -->\n<title>Mazda MX-5 NA \/ NB \u2013 zestaw V3 do swapa silnika 1UZ \/ 3UZ - CYBUL<\/title>\n<meta name=\"robots\" content=\"index, follow, max-snippet:-1, max-image-preview:large, max-video-preview:-1\" \/>\n<link rel=\"canonical\" href=\"https:\/\/cybul.eu\/pl\/sklep\/mazda-mx-5-nc-przednie-rurowe-sanki-copy-copy-copy-2\/\" \/>\n<meta property=\"og:locale\" content=\"pl_PL\" \/>\n<meta property=\"og:type\" content=\"article\" \/>\n<meta property=\"og:title\" content=\"Mazda MX-5 NA \/ NB \u2013 zestaw V3 do swapa silnika 1UZ \/ 3UZ - CYBUL\" \/>\n<meta property=\"og:description\" content=\"Zestaw do swapa silnika przeznaczony do monta\u017cu jednostek Toyota 1UZ \/ 3UZ V8 w nadwoziu Mazda MX-5 NA oraz NB. Wersja V3 bazuje na konfiguracji V2 (z rurowymi sankami chromowo-molibdenowymi) i dodatkowo zawiera w pe\u0142ni zaprojektowane kolektory wydechowe dedykowane do podwozia MX-5. To najbardziej zbli\u017cona do \u201ebolt-on\u201d konfiguracja swapa V8 dost\u0119pna w naszej ofercie. G\u0142\u00f3wne [...]\" \/>\n<meta property=\"og:url\" content=\"https:\/\/cybul.eu\/pl\/sklep\/mazda-mx-5-nc-przednie-rurowe-sanki-copy-copy-copy-2\/\" \/>\n<meta property=\"og:site_name\" content=\"CYBUL\" \/>\n<meta property=\"article:modified_time\" content=\"2026-02-23T12:41:11+00:00\" \/>\n<meta property=\"og:image\" content=\"https:\/\/cybul.eu\/wp-content\/uploads\/2026\/02\/UZ_SANKI_KOLEKTORY_OSLONA_v2-scaled.jpg\" \/>\n\t<meta property=\"og:image:width\" content=\"2560\" \/>\n\t<meta property=\"og:image:height\" content=\"2560\" \/>\n\t<meta property=\"og:image:type\" content=\"image\/jpeg\" \/>\n<meta name=\"twitter:card\" content=\"summary_large_image\" \/>\n<meta name=\"twitter:label1\" content=\"Szacowany czas czytania\" \/>\n\t<meta name=\"twitter:data1\" content=\"2 minuty\" \/>\n<script type=\"application\/ld+json\" class=\"yoast-schema-graph\">{\"@context\":\"https:\/\/schema.org\",\"@graph\":[{\"@type\":\"WebPage\",\"@id\":\"https:\/\/cybul.eu\/pl\/sklep\/mazda-mx-5-nc-przednie-rurowe-sanki-copy-copy-copy-2\/\",\"url\":\"https:\/\/cybul.eu\/pl\/sklep\/mazda-mx-5-nc-przednie-rurowe-sanki-copy-copy-copy-2\/\",\"name\":\"Mazda MX-5 NA \/ NB \u2013 zestaw V3 do swapa silnika 1UZ \/ 3UZ - CYBUL\",\"isPartOf\":{\"@id\":\"https:\/\/cybul.eu\/pl\/#website\"},\"primaryImageOfPage\":{\"@id\":\"https:\/\/cybul.eu\/pl\/sklep\/mazda-mx-5-nc-przednie-rurowe-sanki-copy-copy-copy-2\/#primaryimage\"},\"image\":{\"@id\":\"https:\/\/cybul.eu\/pl\/sklep\/mazda-mx-5-nc-przednie-rurowe-sanki-copy-copy-copy-2\/#primaryimage\"},\"thumbnailUrl\":\"https:\/\/cybul.eu\/wp-content\/uploads\/2026\/02\/UZ_SANKI_KOLEKTORY_OSLONA_v2-scaled.jpg\",\"datePublished\":\"2026-02-23T11:41:25+00:00\",\"dateModified\":\"2026-02-23T12:41:11+00:00\",\"breadcrumb\":{\"@id\":\"https:\/\/cybul.eu\/pl\/sklep\/mazda-mx-5-nc-przednie-rurowe-sanki-copy-copy-copy-2\/#breadcrumb\"},\"inLanguage\":\"pl-PL\",\"potentialAction\":[{\"@type\":\"ReadAction\",\"target\":[\"https:\/\/cybul.eu\/pl\/sklep\/mazda-mx-5-nc-przednie-rurowe-sanki-copy-copy-copy-2\/\"]}]},{\"@type\":\"ImageObject\",\"inLanguage\":\"pl-PL\",\"@id\":\"https:\/\/cybul.eu\/pl\/sklep\/mazda-mx-5-nc-przednie-rurowe-sanki-copy-copy-copy-2\/#primaryimage\",\"url\":\"https:\/\/cybul.eu\/wp-content\/uploads\/2026\/02\/UZ_SANKI_KOLEKTORY_OSLONA_v2-scaled.jpg\",\"contentUrl\":\"https:\/\/cybul.eu\/wp-content\/uploads\/2026\/02\/UZ_SANKI_KOLEKTORY_OSLONA_v2-scaled.jpg\",\"width\":2560,\"height\":2560,\"caption\":\"Mazda MX-5 NA \/ NB \u2013 zestaw V3 do swapa silnika 1UZ \/ 3UZ\"},{\"@type\":\"BreadcrumbList\",\"@id\":\"https:\/\/cybul.eu\/pl\/sklep\/mazda-mx-5-nc-przednie-rurowe-sanki-copy-copy-copy-2\/#breadcrumb\",\"itemListElement\":[{\"@type\":\"ListItem\",\"position\":1,\"name\":\"Strona g\u0142\u00f3wna\",\"item\":\"https:\/\/cybul.eu\/pl\/\"},{\"@type\":\"ListItem\",\"position\":2,\"name\":\"Sklep\",\"item\":\"https:\/\/cybul.eu\/pl\/sklep\/\"},{\"@type\":\"ListItem\",\"position\":3,\"name\":\"Mazda MX-5 NA \/ NB \u2013 zestaw V3 do swapa silnika 1UZ \/ 3UZ\"}]},{\"@type\":\"WebSite\",\"@id\":\"https:\/\/cybul.eu\/pl\/#website\",\"url\":\"https:\/\/cybul.eu\/pl\/\",\"name\":\"CYBUL\",\"description\":\"\",\"potentialAction\":[{\"@type\":\"SearchAction\",\"target\":{\"@type\":\"EntryPoint\",\"urlTemplate\":\"https:\/\/cybul.eu\/pl\/?s={search_term_string}\"},\"query-input\":{\"@type\":\"PropertyValueSpecification\",\"valueRequired\":true,\"valueName\":\"search_term_string\"}}],\"inLanguage\":\"pl-PL\"}]}<\/script>\n<!-- \/ Yoast SEO plugin. -->","yoast_head_json":{"title":"Mazda MX-5 NA \/ NB \u2013 zestaw V3 do swapa silnika 1UZ \/ 3UZ - CYBUL","robots":{"index":"index","follow":"follow","max-snippet":"max-snippet:-1","max-image-preview":"max-image-preview:large","max-video-preview":"max-video-preview:-1"},"canonical":"https:\/\/cybul.eu\/pl\/sklep\/mazda-mx-5-nc-przednie-rurowe-sanki-copy-copy-copy-2\/","og_locale":"pl_PL","og_type":"article","og_title":"Mazda MX-5 NA \/ NB \u2013 zestaw V3 do swapa silnika 1UZ \/ 3UZ - CYBUL","og_description":"Zestaw do swapa silnika przeznaczony do monta\u017cu jednostek Toyota 1UZ \/ 3UZ V8 w nadwoziu Mazda MX-5 NA oraz NB. Wersja V3 bazuje na konfiguracji V2 (z rurowymi sankami chromowo-molibdenowymi) i dodatkowo zawiera w pe\u0142ni zaprojektowane kolektory wydechowe dedykowane do podwozia MX-5. To najbardziej zbli\u017cona do \u201ebolt-on\u201d konfiguracja swapa V8 dost\u0119pna w naszej ofercie. G\u0142\u00f3wne [...]","og_url":"https:\/\/cybul.eu\/pl\/sklep\/mazda-mx-5-nc-przednie-rurowe-sanki-copy-copy-copy-2\/","og_site_name":"CYBUL","article_modified_time":"2026-02-23T12:41:11+00:00","og_image":[{"width":2560,"height":2560,"url":"https:\/\/cybul.eu\/wp-content\/uploads\/2026\/02\/UZ_SANKI_KOLEKTORY_OSLONA_v2-scaled.jpg","type":"image\/jpeg"}],"twitter_card":"summary_large_image","twitter_misc":{"Szacowany czas czytania":"2 minuty"},"schema":{"@context":"https:\/\/schema.org","@graph":[{"@type":"WebPage","@id":"https:\/\/cybul.eu\/pl\/sklep\/mazda-mx-5-nc-przednie-rurowe-sanki-copy-copy-copy-2\/","url":"https:\/\/cybul.eu\/pl\/sklep\/mazda-mx-5-nc-przednie-rurowe-sanki-copy-copy-copy-2\/","name":"Mazda MX-5 NA \/ NB \u2013 zestaw V3 do swapa silnika 1UZ \/ 3UZ - CYBUL","isPartOf":{"@id":"https:\/\/cybul.eu\/pl\/#website"},"primaryImageOfPage":{"@id":"https:\/\/cybul.eu\/pl\/sklep\/mazda-mx-5-nc-przednie-rurowe-sanki-copy-copy-copy-2\/#primaryimage"},"image":{"@id":"https:\/\/cybul.eu\/pl\/sklep\/mazda-mx-5-nc-przednie-rurowe-sanki-copy-copy-copy-2\/#primaryimage"},"thumbnailUrl":"https:\/\/cybul.eu\/wp-content\/uploads\/2026\/02\/UZ_SANKI_KOLEKTORY_OSLONA_v2-scaled.jpg","datePublished":"2026-02-23T11:41:25+00:00","dateModified":"2026-02-23T12:41:11+00:00","breadcrumb":{"@id":"https:\/\/cybul.eu\/pl\/sklep\/mazda-mx-5-nc-przednie-rurowe-sanki-copy-copy-copy-2\/#breadcrumb"},"inLanguage":"pl-PL","potentialAction":[{"@type":"ReadAction","target":["https:\/\/cybul.eu\/pl\/sklep\/mazda-mx-5-nc-przednie-rurowe-sanki-copy-copy-copy-2\/"]}]},{"@type":"ImageObject","inLanguage":"pl-PL","@id":"https:\/\/cybul.eu\/pl\/sklep\/mazda-mx-5-nc-przednie-rurowe-sanki-copy-copy-copy-2\/#primaryimage","url":"https:\/\/cybul.eu\/wp-content\/uploads\/2026\/02\/UZ_SANKI_KOLEKTORY_OSLONA_v2-scaled.jpg","contentUrl":"https:\/\/cybul.eu\/wp-content\/uploads\/2026\/02\/UZ_SANKI_KOLEKTORY_OSLONA_v2-scaled.jpg","width":2560,"height":2560,"caption":"Mazda MX-5 NA \/ NB \u2013 zestaw V3 do swapa silnika 1UZ \/ 3UZ"},{"@type":"BreadcrumbList","@id":"https:\/\/cybul.eu\/pl\/sklep\/mazda-mx-5-nc-przednie-rurowe-sanki-copy-copy-copy-2\/#breadcrumb","itemListElement":[{"@type":"ListItem","position":1,"name":"Strona g\u0142\u00f3wna","item":"https:\/\/cybul.eu\/pl\/"},{"@type":"ListItem","position":2,"name":"Sklep","item":"https:\/\/cybul.eu\/pl\/sklep\/"},{"@type":"ListItem","position":3,"name":"Mazda MX-5 NA \/ NB \u2013 zestaw V3 do swapa silnika 1UZ \/ 3UZ"}]},{"@type":"WebSite","@id":"https:\/\/cybul.eu\/pl\/#website","url":"https:\/\/cybul.eu\/pl\/","name":"CYBUL","description":"","potentialAction":[{"@type":"SearchAction","target":{"@type":"EntryPoint","urlTemplate":"https:\/\/cybul.eu\/pl\/?s={search_term_string}"},"query-input":{"@type":"PropertyValueSpecification","valueRequired":true,"valueName":"search_term_string"}}],"inLanguage":"pl-PL"}]}},"_links":{"self":[{"href":"https:\/\/cybul.eu\/pl\/wp-json\/wp\/v2\/product\/25085","targetHints":{"allow":["GET"]}}],"collection":[{"href":"https:\/\/cybul.eu\/pl\/wp-json\/wp\/v2\/product"}],"about":[{"href":"https:\/\/cybul.eu\/pl\/wp-json\/wp\/v2\/types\/product"}],"replies":[{"embeddable":true,"href":"https:\/\/cybul.eu\/pl\/wp-json\/wp\/v2\/comments?post=25085"}],"wp:featuredmedia":[{"embeddable":true,"href":"https:\/\/cybul.eu\/pl\/wp-json\/wp\/v2\/media\/25087"}],"wp:attachment":[{"href":"https:\/\/cybul.eu\/pl\/wp-json\/wp\/v2\/media?parent=25085"}],"wp:term":[{"taxonomy":"product_cat","embeddable":true,"href":"https:\/\/cybul.eu\/pl\/wp-json\/wp\/v2\/product_cat?post=25085"},{"taxonomy":"product_tag","embeddable":true,"href":"https:\/\/cybul.eu\/pl\/wp-json\/wp\/v2\/product_tag?post=25085"}],"curies":[{"name":"wp","href":"https:\/\/api.w.org\/{rel}","templated":true}]}}