{"id":25045,"date":"2026-02-06T09:21:36","date_gmt":"2026-02-06T08:21:37","guid":{"rendered":"https:\/\/cybul.eu\/?post_type=product&#038;p=25045"},"modified":"2026-04-01T09:52:38","modified_gmt":"2026-04-01T07:52:38","slug":"mazda-mx-5-na-nb-przednie-rurowe-sanki","status":"publish","type":"product","link":"https:\/\/cybul.eu\/pl\/sklep\/mazda-mx-5-na-nb-przednie-rurowe-sanki\/","title":{"rendered":"Mazda MX-5 NA NB przednie rurowe sanki"},"content":{"rendered":"<p data-start=\"0\" data-end=\"178\">Rewolucyjne, przednie sanki do Mazdy MX-5 NA. Wykonane z wytrzyma\u0142ych rur chromowo-molibdenowych, znacz\u0105co zwi\u0119kszaj\u0105 sztywno\u015b\u0107 pojazdu i redukuje mas\u0119.<\/p>\n<p data-start=\"180\" data-end=\"198\"><strong data-start=\"180\" data-end=\"198\">G\u0142\u00f3wne zalety:<\/strong><\/p>\n<ul data-start=\"200\" data-end=\"775\">\n<li data-section-id=\"665tqd\" data-start=\"200\" data-end=\"444\"><strong data-start=\"202\" data-end=\"227\">Korekcja roll center:<\/strong> Dodatkowe punkty mocowania dla dolnych i g\u00f3rnych wahaczy, podniesione o 18 mm. Pozwala to skorygowa\u0107 po\u0142o\u017cenie \u015brodka przechy\u0142u, co jest kluczowe w obni\u017conych autach \u2013 poprawia prowadzenie i redukuje podsterowno\u015b\u0107.<\/li>\n<li data-section-id=\"1l90kwx\" data-start=\"445\" data-end=\"582\"><strong data-start=\"447\" data-end=\"465\">Redukcja masy:<\/strong> O 15% l\u017cejsze od seryjnych, co bezpo\u015brednio przek\u0142ada si\u0119 na lepsz\u0105 reakcj\u0119 auta i bardziej precyzyjne prowadzenie.<\/li>\n<li data-section-id=\"9kgg3m\" data-start=\"583\" data-end=\"775\"><strong data-start=\"585\" data-end=\"619\">Zwi\u0119kszona sztywno\u015b\u0107 nadwozia:<\/strong> Konstrukcja przestrzenna z licznymi zastrza\u0142ami, wykonana ze stali chromowo-molibdenowej, znacz\u0105co zwi\u0119ksza sztywno\u015b\u0107 w por\u00f3wnaniu do seryjnych sanek<\/li>\n<\/ul>\n<p data-start=\"777\" data-end=\"796\"><strong data-start=\"777\" data-end=\"796\">Kluczowe cechy:<\/strong><\/p>\n<ul data-start=\"798\" data-end=\"1421\">\n<li data-section-id=\"18j3mhp\" data-start=\"798\" data-end=\"977\"><strong data-start=\"800\" data-end=\"847\">Konstrukcja ze stali chromowo-molibdenowej:<\/strong> Zastosowanie rur chromoly zapewnia znacznie wi\u0119ksz\u0105 wytrzyma\u0142o\u015b\u0107 i odporno\u015b\u0107 na obci\u0105\u017cenia w por\u00f3wnaniu do seryjnych rozwi\u0105za\u0144.<\/li>\n<li data-section-id=\"i531y7\" data-start=\"978\" data-end=\"1168\"><strong data-start=\"980\" data-end=\"1028\">Pe\u0142na kompatybilno\u015b\u0107 z seryjnymi elementami:<\/strong> Zachowane wszystkie fabryczne punkty monta\u017cowe dla \u0142ap silnika, os\u0142on, ch\u0142odnicy i innych komponent\u00f3w \u2013 bezproblemowy monta\u017c plug &amp; play.<\/li>\n<li data-section-id=\"aliva\" data-start=\"1169\" data-end=\"1301\"><strong data-start=\"1171\" data-end=\"1200\">Lepszy dost\u0119p do silnika:<\/strong> Wi\u0119cej przestrzeni pod mask\u0105 u\u0142atwia serwis, prowadzenie wi\u0105zek oraz monta\u017c dodatkowych element\u00f3w.<\/li>\n<li data-section-id=\"x1ibbn\" data-start=\"1302\" data-end=\"1421\"><strong data-start=\"1304\" data-end=\"1332\">Gotowy pod swap silnika:<\/strong> U\u0142atwia monta\u017c wi\u0119kszych jednostek, np. V8, dzi\u0119ki odpowiedniej przestrzeni i geometrii.<\/li>\n<\/ul>\n<p data-start=\"1423\" data-end=\"1438\"><strong data-start=\"1423\" data-end=\"1438\">W zestawie:<\/strong><\/p>\n<ul data-start=\"1440\" data-end=\"1516\">\n<li data-section-id=\"x1jafb\" data-start=\"1440\" data-end=\"1476\">rurowe sanki do Mazdy MX-5 NA \/ NB<\/li>\n<li data-section-id=\"14ikmjl\" data-start=\"1477\" data-end=\"1516\">komplet \u015brub i nakr\u0119tek monta\u017cowych<\/li>\n<\/ul>\n<p data-start=\"1518\" data-end=\"1848\">Po korekcji roll center kluczowe jest r\u00f3wnie\u017c skorygowanie bump steer. W tym celu niezb\u0119dne s\u0105 nasze obni\u017cone ko\u0144c\u00f3wki dr\u0105\u017ck\u00f3w kierowniczych, kt\u00f3re przesuwaj\u0105 punkt mocowania w d\u00f3\u0142, przywracaj\u0105c prawid\u0142ow\u0105 geometri\u0119 uk\u0142adu kierowniczego i eliminuj\u0105c bump steer. Efektem jest lepsza kontrola i stabilno\u015b\u0107 podczas pracy zawieszenia.<\/p>\n<p data-start=\"1850\" data-end=\"2106\">Podana redukcja masy na poziomie 15% zosta\u0142a obliczona bez uwzgl\u0119dnienia dodatkowego tylnego zastrza\u0142u, kt\u00f3ry nie wyst\u0119puje w seryjnym subframe. Poniewa\u017c ten element jest cz\u0119\u015bci\u0105 naszego zestawu, bezpo\u015brednie por\u00f3wnanie z OEM nie by\u0142oby w pe\u0142ni miarodajne.<\/p>\n<p data-start=\"2108\" data-end=\"2213\" data-is-last-node=\"\" data-is-only-node=\"\">Po zamontowaniu tylnego zastrza\u0142u ca\u0142kowita redukcja masy wzgl\u0119dem seryjnego subframe\u2019u wynosi oko\u0142o 12%.<\/p>\n","protected":false},"excerpt":{"rendered":"<ul>\n<li>Umo\u017cliwiaj\u0105 korekcj\u0119 roll center przez podniesienie mocowa\u0144 wahaczy o 20 mm.<\/li>\n<li>30% l\u017cejsze od seryjnych sanek<\/li>\n<li>Sztywniejsze od seryjnych sanek<\/li>\n<li>Umo\u017cliwiaj\u0105 swap silnika na V8<\/li>\n<\/ul>\n","protected":false},"featured_media":25055,"comment_status":"open","ping_status":"closed","template":"","meta":[],"product_cat":[497,498],"product_tag":[429,462],"class_list":{"0":"post-25045","1":"product","2":"type-product","3":"status-publish","4":"has-post-thumbnail","6":"product_cat-zawieszenie-pl","7":"product_cat-zawieszenie-pl-2","8":"product_tag-drift-pl","9":"product_tag-mx-5-nc-pl","10":"product_shipping_class-standard","12":"first","13":"instock","14":"taxable","15":"shipping-taxable","16":"purchasable","17":"product-type-simple"},"bundled_by":[],"bundle_stock_status":"instock","bundle_stock_quantity":null,"bundle_virtual":false,"bundle_layout":"","bundle_add_to_cart_form_location":"","bundle_editable_in_cart":false,"bundle_sold_individually_context":"","bundle_item_grouping":"","bundle_min_size":"","bundle_max_size":"","bundle_price":[],"bundled_items":[],"bundle_sell_ids":[23348,4315,4350],"acf":{"zdjecie_bez_watermarka":null,"zdjecie_bez_watermarka_url":"","product_orgin_url":""},"yoast_head":"<!-- This site is optimized with the Yoast SEO plugin v23.9 - https:\/\/yoast.com\/wordpress\/plugins\/seo\/ -->\n<title>Mazda MX-5 NA NB przednie rurowe sanki - CYBUL<\/title>\n<meta name=\"description\" content=\"Jedyne sanki z korekcj\u0105 roll center, wykonane z rur chromowo-molibdenowych 4130. 30% l\u017cejsze od seryjnych, sztywniejsze, umo\u017cliwiaj\u0105 swap silnika V8.\" \/>\n<meta name=\"robots\" content=\"index, follow, max-snippet:-1, max-image-preview:large, max-video-preview:-1\" \/>\n<link rel=\"canonical\" href=\"https:\/\/cybul.eu\/pl\/sklep\/mazda-mx-5-na-nb-przednie-rurowe-sanki\/\" \/>\n<meta property=\"og:locale\" content=\"pl_PL\" \/>\n<meta property=\"og:type\" content=\"article\" \/>\n<meta property=\"og:title\" content=\"Mazda MX-5 NA NB przednie rurowe sanki - CYBUL\" \/>\n<meta property=\"og:description\" content=\"Jedyne sanki z korekcj\u0105 roll center, wykonane z rur chromowo-molibdenowych 4130. 30% l\u017cejsze od seryjnych, sztywniejsze, umo\u017cliwiaj\u0105 swap silnika V8.\" \/>\n<meta property=\"og:url\" content=\"https:\/\/cybul.eu\/pl\/sklep\/mazda-mx-5-na-nb-przednie-rurowe-sanki\/\" \/>\n<meta property=\"og:site_name\" content=\"CYBUL\" \/>\n<meta property=\"article:modified_time\" content=\"2026-04-01T07:52:38+00:00\" \/>\n<meta property=\"og:image\" content=\"https:\/\/cybul.eu\/wp-content\/uploads\/2026\/02\/SANKI_NA_NB_002B-scaled.jpg\" \/>\n\t<meta property=\"og:image:width\" content=\"2560\" \/>\n\t<meta property=\"og:image:height\" content=\"2560\" \/>\n\t<meta property=\"og:image:type\" content=\"image\/jpeg\" \/>\n<meta name=\"twitter:card\" content=\"summary_large_image\" \/>\n<meta name=\"twitter:label1\" content=\"Szacowany czas czytania\" \/>\n\t<meta name=\"twitter:data1\" content=\"2 minuty\" \/>\n<script type=\"application\/ld+json\" class=\"yoast-schema-graph\">{\"@context\":\"https:\/\/schema.org\",\"@graph\":[{\"@type\":\"WebPage\",\"@id\":\"https:\/\/cybul.eu\/pl\/sklep\/mazda-mx-5-na-nb-przednie-rurowe-sanki\/\",\"url\":\"https:\/\/cybul.eu\/pl\/sklep\/mazda-mx-5-na-nb-przednie-rurowe-sanki\/\",\"name\":\"Mazda MX-5 NA NB przednie rurowe sanki - CYBUL\",\"isPartOf\":{\"@id\":\"https:\/\/cybul.eu\/pl\/#website\"},\"primaryImageOfPage\":{\"@id\":\"https:\/\/cybul.eu\/pl\/sklep\/mazda-mx-5-na-nb-przednie-rurowe-sanki\/#primaryimage\"},\"image\":{\"@id\":\"https:\/\/cybul.eu\/pl\/sklep\/mazda-mx-5-na-nb-przednie-rurowe-sanki\/#primaryimage\"},\"thumbnailUrl\":\"https:\/\/cybul.eu\/wp-content\/uploads\/2026\/02\/SANKI_NA_NB_002B-scaled.jpg\",\"datePublished\":\"2026-02-06T08:21:37+00:00\",\"dateModified\":\"2026-04-01T07:52:38+00:00\",\"description\":\"Jedyne sanki z korekcj\u0105 roll center, wykonane z rur chromowo-molibdenowych 4130. 30% l\u017cejsze od seryjnych, sztywniejsze, umo\u017cliwiaj\u0105 swap silnika V8.\",\"breadcrumb\":{\"@id\":\"https:\/\/cybul.eu\/pl\/sklep\/mazda-mx-5-na-nb-przednie-rurowe-sanki\/#breadcrumb\"},\"inLanguage\":\"pl-PL\",\"potentialAction\":[{\"@type\":\"ReadAction\",\"target\":[\"https:\/\/cybul.eu\/pl\/sklep\/mazda-mx-5-na-nb-przednie-rurowe-sanki\/\"]}]},{\"@type\":\"ImageObject\",\"inLanguage\":\"pl-PL\",\"@id\":\"https:\/\/cybul.eu\/pl\/sklep\/mazda-mx-5-na-nb-przednie-rurowe-sanki\/#primaryimage\",\"url\":\"https:\/\/cybul.eu\/wp-content\/uploads\/2026\/02\/SANKI_NA_NB_002B-scaled.jpg\",\"contentUrl\":\"https:\/\/cybul.eu\/wp-content\/uploads\/2026\/02\/SANKI_NA_NB_002B-scaled.jpg\",\"width\":2560,\"height\":2560,\"caption\":\"Mazda MX-5 NA NB tubular chromoly front subframe by Cybul Radical Solutions\"},{\"@type\":\"BreadcrumbList\",\"@id\":\"https:\/\/cybul.eu\/pl\/sklep\/mazda-mx-5-na-nb-przednie-rurowe-sanki\/#breadcrumb\",\"itemListElement\":[{\"@type\":\"ListItem\",\"position\":1,\"name\":\"Strona g\u0142\u00f3wna\",\"item\":\"https:\/\/cybul.eu\/pl\/\"},{\"@type\":\"ListItem\",\"position\":2,\"name\":\"Sklep\",\"item\":\"https:\/\/cybul.eu\/pl\/sklep\/\"},{\"@type\":\"ListItem\",\"position\":3,\"name\":\"Mazda MX-5 NA NB przednie rurowe sanki\"}]},{\"@type\":\"WebSite\",\"@id\":\"https:\/\/cybul.eu\/pl\/#website\",\"url\":\"https:\/\/cybul.eu\/pl\/\",\"name\":\"CYBUL\",\"description\":\"\",\"potentialAction\":[{\"@type\":\"SearchAction\",\"target\":{\"@type\":\"EntryPoint\",\"urlTemplate\":\"https:\/\/cybul.eu\/pl\/?s={search_term_string}\"},\"query-input\":{\"@type\":\"PropertyValueSpecification\",\"valueRequired\":true,\"valueName\":\"search_term_string\"}}],\"inLanguage\":\"pl-PL\"}]}<\/script>\n<!-- \/ Yoast SEO plugin. -->","yoast_head_json":{"title":"Mazda MX-5 NA NB przednie rurowe sanki - CYBUL","description":"Jedyne sanki z korekcj\u0105 roll center, wykonane z rur chromowo-molibdenowych 4130. 30% l\u017cejsze od seryjnych, sztywniejsze, umo\u017cliwiaj\u0105 swap silnika V8.","robots":{"index":"index","follow":"follow","max-snippet":"max-snippet:-1","max-image-preview":"max-image-preview:large","max-video-preview":"max-video-preview:-1"},"canonical":"https:\/\/cybul.eu\/pl\/sklep\/mazda-mx-5-na-nb-przednie-rurowe-sanki\/","og_locale":"pl_PL","og_type":"article","og_title":"Mazda MX-5 NA NB przednie rurowe sanki - CYBUL","og_description":"Jedyne sanki z korekcj\u0105 roll center, wykonane z rur chromowo-molibdenowych 4130. 30% l\u017cejsze od seryjnych, sztywniejsze, umo\u017cliwiaj\u0105 swap silnika V8.","og_url":"https:\/\/cybul.eu\/pl\/sklep\/mazda-mx-5-na-nb-przednie-rurowe-sanki\/","og_site_name":"CYBUL","article_modified_time":"2026-04-01T07:52:38+00:00","og_image":[{"width":2560,"height":2560,"url":"https:\/\/cybul.eu\/wp-content\/uploads\/2026\/02\/SANKI_NA_NB_002B-scaled.jpg","type":"image\/jpeg"}],"twitter_card":"summary_large_image","twitter_misc":{"Szacowany czas czytania":"2 minuty"},"schema":{"@context":"https:\/\/schema.org","@graph":[{"@type":"WebPage","@id":"https:\/\/cybul.eu\/pl\/sklep\/mazda-mx-5-na-nb-przednie-rurowe-sanki\/","url":"https:\/\/cybul.eu\/pl\/sklep\/mazda-mx-5-na-nb-przednie-rurowe-sanki\/","name":"Mazda MX-5 NA NB przednie rurowe sanki - CYBUL","isPartOf":{"@id":"https:\/\/cybul.eu\/pl\/#website"},"primaryImageOfPage":{"@id":"https:\/\/cybul.eu\/pl\/sklep\/mazda-mx-5-na-nb-przednie-rurowe-sanki\/#primaryimage"},"image":{"@id":"https:\/\/cybul.eu\/pl\/sklep\/mazda-mx-5-na-nb-przednie-rurowe-sanki\/#primaryimage"},"thumbnailUrl":"https:\/\/cybul.eu\/wp-content\/uploads\/2026\/02\/SANKI_NA_NB_002B-scaled.jpg","datePublished":"2026-02-06T08:21:37+00:00","dateModified":"2026-04-01T07:52:38+00:00","description":"Jedyne sanki z korekcj\u0105 roll center, wykonane z rur chromowo-molibdenowych 4130. 30% l\u017cejsze od seryjnych, sztywniejsze, umo\u017cliwiaj\u0105 swap silnika V8.","breadcrumb":{"@id":"https:\/\/cybul.eu\/pl\/sklep\/mazda-mx-5-na-nb-przednie-rurowe-sanki\/#breadcrumb"},"inLanguage":"pl-PL","potentialAction":[{"@type":"ReadAction","target":["https:\/\/cybul.eu\/pl\/sklep\/mazda-mx-5-na-nb-przednie-rurowe-sanki\/"]}]},{"@type":"ImageObject","inLanguage":"pl-PL","@id":"https:\/\/cybul.eu\/pl\/sklep\/mazda-mx-5-na-nb-przednie-rurowe-sanki\/#primaryimage","url":"https:\/\/cybul.eu\/wp-content\/uploads\/2026\/02\/SANKI_NA_NB_002B-scaled.jpg","contentUrl":"https:\/\/cybul.eu\/wp-content\/uploads\/2026\/02\/SANKI_NA_NB_002B-scaled.jpg","width":2560,"height":2560,"caption":"Mazda MX-5 NA NB tubular chromoly front subframe by Cybul Radical Solutions"},{"@type":"BreadcrumbList","@id":"https:\/\/cybul.eu\/pl\/sklep\/mazda-mx-5-na-nb-przednie-rurowe-sanki\/#breadcrumb","itemListElement":[{"@type":"ListItem","position":1,"name":"Strona g\u0142\u00f3wna","item":"https:\/\/cybul.eu\/pl\/"},{"@type":"ListItem","position":2,"name":"Sklep","item":"https:\/\/cybul.eu\/pl\/sklep\/"},{"@type":"ListItem","position":3,"name":"Mazda MX-5 NA NB przednie rurowe sanki"}]},{"@type":"WebSite","@id":"https:\/\/cybul.eu\/pl\/#website","url":"https:\/\/cybul.eu\/pl\/","name":"CYBUL","description":"","potentialAction":[{"@type":"SearchAction","target":{"@type":"EntryPoint","urlTemplate":"https:\/\/cybul.eu\/pl\/?s={search_term_string}"},"query-input":{"@type":"PropertyValueSpecification","valueRequired":true,"valueName":"search_term_string"}}],"inLanguage":"pl-PL"}]}},"_links":{"self":[{"href":"https:\/\/cybul.eu\/pl\/wp-json\/wp\/v2\/product\/25045","targetHints":{"allow":["GET"]}}],"collection":[{"href":"https:\/\/cybul.eu\/pl\/wp-json\/wp\/v2\/product"}],"about":[{"href":"https:\/\/cybul.eu\/pl\/wp-json\/wp\/v2\/types\/product"}],"replies":[{"embeddable":true,"href":"https:\/\/cybul.eu\/pl\/wp-json\/wp\/v2\/comments?post=25045"}],"wp:featuredmedia":[{"embeddable":true,"href":"https:\/\/cybul.eu\/pl\/wp-json\/wp\/v2\/media\/25055"}],"wp:attachment":[{"href":"https:\/\/cybul.eu\/pl\/wp-json\/wp\/v2\/media?parent=25045"}],"wp:term":[{"taxonomy":"product_cat","embeddable":true,"href":"https:\/\/cybul.eu\/pl\/wp-json\/wp\/v2\/product_cat?post=25045"},{"taxonomy":"product_tag","embeddable":true,"href":"https:\/\/cybul.eu\/pl\/wp-json\/wp\/v2\/product_tag?post=25045"}],"curies":[{"name":"wp","href":"https:\/\/api.w.org\/{rel}","templated":true}]}}