{"id":25041,"date":"2026-02-06T09:12:12","date_gmt":"2026-02-06T08:12:12","guid":{"rendered":"https:\/\/cybul.eu\/?post_type=product&#038;p=25041"},"modified":"2026-04-01T09:49:52","modified_gmt":"2026-04-01T07:49:52","slug":"bmw-e36-i-z3-zestaw-do-swapa-silnika-n62","status":"publish","type":"product","link":"https:\/\/cybul.eu\/pl\/sklep\/bmw-e36-i-z3-zestaw-do-swapa-silnika-n62\/","title":{"rendered":"BMW E36 i Z3 \u2013 zestaw do SWAP\u2019a silnika N62"},"content":{"rendered":"<div class=\"\" data-block=\"true\" data-editor=\"bnd4h\" data-offset-key=\"3oeri-0-0\">\n<div class=\"\" data-offset-key=\"fhdhd-0-0\" data-editor=\"bnd4h\" data-block=\"true\">\n<div class=\"public-DraftStyleDefault-block public-DraftStyleDefault-ltr\" data-offset-key=\"fhdhd-0-0\">\n<div class=\"\" data-offset-key=\"fhdhd-0-0\" data-editor=\"bnd4h\" data-block=\"true\">\n<div class=\"public-DraftStyleDefault-block public-DraftStyleDefault-ltr\" data-offset-key=\"fhdhd-0-0\">\n<p data-start=\"0\" data-end=\"187\">Ten produkt zosta\u0142 zaprojektowany dla najbardziej wymagaj\u0105cych klient\u00f3w poszukuj\u0105cych zestawu swapowego silnika N62 do BMW E36 i Z3. Jest to jedyne takie rozwi\u0105zanie na rynku dla tego silnika.<\/p>\n<p data-start=\"189\" data-end=\"207\"><strong data-start=\"189\" data-end=\"207\">G\u0142\u00f3wne zalety:<\/strong><\/p>\n<ul data-start=\"209\" data-end=\"422\">\n<li data-section-id=\"z6610v\" data-start=\"209\" data-end=\"264\">100% rozwi\u0105zanie typu bolt-on \u2013 nie wymaga spawania<\/li>\n<li data-section-id=\"zlna66\" data-start=\"265\" data-end=\"349\">misa olejowa spawana metod\u0105 TIG z blachy 1,5 mm \u2013 najl\u017cejsze mo\u017cliwe rozwi\u0105zanie<\/li>\n<li data-section-id=\"1g9z8s2\" data-start=\"350\" data-end=\"422\">maksymalne cofni\u0119cie silnika w komorze dla optymalnego rozk\u0142adu masy<\/li>\n<\/ul>\n<p data-start=\"424\" data-end=\"443\"><strong data-start=\"424\" data-end=\"443\">Kluczowe cechy:<\/strong><\/p>\n<ul data-start=\"445\" data-end=\"616\">\n<li data-section-id=\"2rkv2y\" data-start=\"445\" data-end=\"523\">kompletny zestaw \u2013 zawiera wszystkie elementy potrzebne do monta\u017cu silnika<\/li>\n<li data-section-id=\"ugs62\" data-start=\"524\" data-end=\"563\">brak konieczno\u015bci modyfikacji maski<\/li>\n<li data-section-id=\"1lr3pks\" data-start=\"564\" data-end=\"616\">kompatybilny ze wszystkimi wersjami silnik\u00f3w N62<\/li>\n<\/ul>\n<p data-start=\"618\" data-end=\"633\"><strong data-start=\"618\" data-end=\"633\">W zestawie:<\/strong><\/p>\n<ul data-start=\"635\" data-end=\"826\">\n<li data-section-id=\"376e17\" data-start=\"635\" data-end=\"651\">misa olejowa<\/li>\n<li data-section-id=\"vme6ps\" data-start=\"652\" data-end=\"672\">sanki<\/li>\n<li data-section-id=\"2j1mqh\" data-start=\"673\" data-end=\"689\">\u0142apy silnika<\/li>\n<li data-section-id=\"191yy3t\" data-start=\"690\" data-end=\"730\">poduszki silnika z poliuretanu 90ShA<\/li>\n<li data-section-id=\"tdtj7u\" data-start=\"731\" data-end=\"785\">po\u015bredni wa\u0142ek kierowniczy z uchwytem relokacyjnym<\/li>\n<li data-section-id=\"16okt1i\" data-start=\"786\" data-end=\"799\">uszczelki<\/li>\n<li data-section-id=\"1jv0hes\" data-start=\"800\" data-end=\"826\">zestaw \u015brub i nakr\u0119tek<\/li>\n<\/ul>\n<p data-start=\"828\" data-end=\"1042\">Zestaw blokuje regulacj\u0119 kierownicy w najwy\u017cszej i najbardziej wysuni\u0119tej do ty\u0142u pozycji \u2013 w komorze silnika nie ma miejsca na jej regulacj\u0119. Wymagane jest zastosowanie mniejszego serwa hamulcowego lub pedal boxa.<\/p>\n<p data-start=\"1044\" data-end=\"1240\" data-is-last-node=\"\" data-is-only-node=\"\">W zale\u017cno\u015bci od zastosowanej skrzyni bieg\u00f3w mo\u017ce by\u0107 konieczna modyfikacja wa\u0142u nap\u0119dowego, mocowania skrzyni oraz wybieraka. Fabryczne kolektory wydechowe N62 pasuj\u0105 po niewielkich modyfikacjach.<\/p>\n<\/div>\n<\/div>\n<\/div>\n<\/div>\n<\/div>\n","protected":false},"excerpt":{"rendered":"<p>Umo\u017cliwia bezproblemowego SWAP\u2019a silnika S62B50 do E36 i Z3<\/p>\n","protected":false},"featured_media":25043,"comment_status":"open","ping_status":"closed","template":"","meta":[],"product_cat":[376,397,372],"product_tag":[367],"class_list":{"0":"post-25041","1":"product","2":"type-product","3":"status-publish","4":"has-post-thumbnail","6":"product_cat-e36","7":"product_cat-e36-compact","8":"product_cat-miski-olejowe","9":"product_tag-swap-kity","11":"first","12":"instock","13":"taxable","14":"shipping-taxable","15":"purchasable","16":"product-type-simple"},"bundled_by":[],"bundle_stock_status":"instock","bundle_stock_quantity":null,"bundle_virtual":false,"bundle_layout":"","bundle_add_to_cart_form_location":"","bundle_editable_in_cart":false,"bundle_sold_individually_context":"","bundle_item_grouping":"","bundle_min_size":"","bundle_max_size":"","bundle_price":[],"bundled_items":[],"bundle_sell_ids":[8089,8149,8162,8173],"acf":{"zdjecie_bez_watermarka":null,"zdjecie_bez_watermarka_url":"","product_orgin_url":""},"yoast_head":"<!-- This site is optimized with the Yoast SEO plugin v23.9 - https:\/\/yoast.com\/wordpress\/plugins\/seo\/ -->\n<title>BMW E36 i Z3 \u2013 zestaw do SWAP\u2019a silnika N62 - CYBUL<\/title>\n<meta name=\"robots\" content=\"index, follow, max-snippet:-1, max-image-preview:large, max-video-preview:-1\" \/>\n<link rel=\"canonical\" href=\"https:\/\/cybul.eu\/pl\/sklep\/bmw-e36-i-z3-zestaw-do-swapa-silnika-n62\/\" \/>\n<meta property=\"og:locale\" content=\"pl_PL\" \/>\n<meta property=\"og:type\" content=\"article\" \/>\n<meta property=\"og:title\" content=\"BMW E36 i Z3 \u2013 zestaw do SWAP\u2019a silnika N62 - CYBUL\" \/>\n<meta property=\"og:description\" content=\"Umo\u017cliwia bezproblemowego SWAP\u2019a silnika S62B50 do E36 i Z3\" \/>\n<meta property=\"og:url\" content=\"https:\/\/cybul.eu\/pl\/sklep\/bmw-e36-i-z3-zestaw-do-swapa-silnika-n62\/\" \/>\n<meta property=\"og:site_name\" content=\"CYBUL\" \/>\n<meta property=\"article:modified_time\" content=\"2026-04-01T07:49:52+00:00\" \/>\n<meta property=\"og:image\" content=\"https:\/\/cybul.eu\/wp-content\/uploads\/2026\/02\/MISKA_N-e36.jpg\" \/>\n\t<meta property=\"og:image:width\" content=\"1600\" \/>\n\t<meta property=\"og:image:height\" content=\"1600\" \/>\n\t<meta property=\"og:image:type\" content=\"image\/jpeg\" \/>\n<meta name=\"twitter:card\" content=\"summary_large_image\" \/>\n<meta name=\"twitter:label1\" content=\"Szacowany czas czytania\" \/>\n\t<meta name=\"twitter:data1\" content=\"1 minuta\" \/>\n<script type=\"application\/ld+json\" class=\"yoast-schema-graph\">{\"@context\":\"https:\/\/schema.org\",\"@graph\":[{\"@type\":\"WebPage\",\"@id\":\"https:\/\/cybul.eu\/pl\/sklep\/bmw-e36-i-z3-zestaw-do-swapa-silnika-n62\/\",\"url\":\"https:\/\/cybul.eu\/pl\/sklep\/bmw-e36-i-z3-zestaw-do-swapa-silnika-n62\/\",\"name\":\"BMW E36 i Z3 \u2013 zestaw do SWAP\u2019a silnika N62 - CYBUL\",\"isPartOf\":{\"@id\":\"https:\/\/cybul.eu\/pl\/#website\"},\"primaryImageOfPage\":{\"@id\":\"https:\/\/cybul.eu\/pl\/sklep\/bmw-e36-i-z3-zestaw-do-swapa-silnika-n62\/#primaryimage\"},\"image\":{\"@id\":\"https:\/\/cybul.eu\/pl\/sklep\/bmw-e36-i-z3-zestaw-do-swapa-silnika-n62\/#primaryimage\"},\"thumbnailUrl\":\"https:\/\/cybul.eu\/wp-content\/uploads\/2026\/02\/MISKA_N-e36.jpg\",\"datePublished\":\"2026-02-06T08:12:12+00:00\",\"dateModified\":\"2026-04-01T07:49:52+00:00\",\"breadcrumb\":{\"@id\":\"https:\/\/cybul.eu\/pl\/sklep\/bmw-e36-i-z3-zestaw-do-swapa-silnika-n62\/#breadcrumb\"},\"inLanguage\":\"pl-PL\",\"potentialAction\":[{\"@type\":\"ReadAction\",\"target\":[\"https:\/\/cybul.eu\/pl\/sklep\/bmw-e36-i-z3-zestaw-do-swapa-silnika-n62\/\"]}]},{\"@type\":\"ImageObject\",\"inLanguage\":\"pl-PL\",\"@id\":\"https:\/\/cybul.eu\/pl\/sklep\/bmw-e36-i-z3-zestaw-do-swapa-silnika-n62\/#primaryimage\",\"url\":\"https:\/\/cybul.eu\/wp-content\/uploads\/2026\/02\/MISKA_N-e36.jpg\",\"contentUrl\":\"https:\/\/cybul.eu\/wp-content\/uploads\/2026\/02\/MISKA_N-e36.jpg\",\"width\":1600,\"height\":1600,\"caption\":\"BMW E36 N62 V8 engine swap kit by Cybul Radical Solutions\"},{\"@type\":\"BreadcrumbList\",\"@id\":\"https:\/\/cybul.eu\/pl\/sklep\/bmw-e36-i-z3-zestaw-do-swapa-silnika-n62\/#breadcrumb\",\"itemListElement\":[{\"@type\":\"ListItem\",\"position\":1,\"name\":\"Strona g\u0142\u00f3wna\",\"item\":\"https:\/\/cybul.eu\/pl\/\"},{\"@type\":\"ListItem\",\"position\":2,\"name\":\"Sklep\",\"item\":\"https:\/\/cybul.eu\/pl\/sklep\/\"},{\"@type\":\"ListItem\",\"position\":3,\"name\":\"BMW E36 i Z3 \u2013 zestaw do SWAP\u2019a silnika N62\"}]},{\"@type\":\"WebSite\",\"@id\":\"https:\/\/cybul.eu\/pl\/#website\",\"url\":\"https:\/\/cybul.eu\/pl\/\",\"name\":\"CYBUL\",\"description\":\"\",\"potentialAction\":[{\"@type\":\"SearchAction\",\"target\":{\"@type\":\"EntryPoint\",\"urlTemplate\":\"https:\/\/cybul.eu\/pl\/?s={search_term_string}\"},\"query-input\":{\"@type\":\"PropertyValueSpecification\",\"valueRequired\":true,\"valueName\":\"search_term_string\"}}],\"inLanguage\":\"pl-PL\"}]}<\/script>\n<!-- \/ Yoast SEO plugin. -->","yoast_head_json":{"title":"BMW E36 i Z3 \u2013 zestaw do SWAP\u2019a silnika N62 - CYBUL","robots":{"index":"index","follow":"follow","max-snippet":"max-snippet:-1","max-image-preview":"max-image-preview:large","max-video-preview":"max-video-preview:-1"},"canonical":"https:\/\/cybul.eu\/pl\/sklep\/bmw-e36-i-z3-zestaw-do-swapa-silnika-n62\/","og_locale":"pl_PL","og_type":"article","og_title":"BMW E36 i Z3 \u2013 zestaw do SWAP\u2019a silnika N62 - CYBUL","og_description":"Umo\u017cliwia bezproblemowego SWAP\u2019a silnika S62B50 do E36 i Z3","og_url":"https:\/\/cybul.eu\/pl\/sklep\/bmw-e36-i-z3-zestaw-do-swapa-silnika-n62\/","og_site_name":"CYBUL","article_modified_time":"2026-04-01T07:49:52+00:00","og_image":[{"width":1600,"height":1600,"url":"https:\/\/cybul.eu\/wp-content\/uploads\/2026\/02\/MISKA_N-e36.jpg","type":"image\/jpeg"}],"twitter_card":"summary_large_image","twitter_misc":{"Szacowany czas czytania":"1 minuta"},"schema":{"@context":"https:\/\/schema.org","@graph":[{"@type":"WebPage","@id":"https:\/\/cybul.eu\/pl\/sklep\/bmw-e36-i-z3-zestaw-do-swapa-silnika-n62\/","url":"https:\/\/cybul.eu\/pl\/sklep\/bmw-e36-i-z3-zestaw-do-swapa-silnika-n62\/","name":"BMW E36 i Z3 \u2013 zestaw do SWAP\u2019a silnika N62 - CYBUL","isPartOf":{"@id":"https:\/\/cybul.eu\/pl\/#website"},"primaryImageOfPage":{"@id":"https:\/\/cybul.eu\/pl\/sklep\/bmw-e36-i-z3-zestaw-do-swapa-silnika-n62\/#primaryimage"},"image":{"@id":"https:\/\/cybul.eu\/pl\/sklep\/bmw-e36-i-z3-zestaw-do-swapa-silnika-n62\/#primaryimage"},"thumbnailUrl":"https:\/\/cybul.eu\/wp-content\/uploads\/2026\/02\/MISKA_N-e36.jpg","datePublished":"2026-02-06T08:12:12+00:00","dateModified":"2026-04-01T07:49:52+00:00","breadcrumb":{"@id":"https:\/\/cybul.eu\/pl\/sklep\/bmw-e36-i-z3-zestaw-do-swapa-silnika-n62\/#breadcrumb"},"inLanguage":"pl-PL","potentialAction":[{"@type":"ReadAction","target":["https:\/\/cybul.eu\/pl\/sklep\/bmw-e36-i-z3-zestaw-do-swapa-silnika-n62\/"]}]},{"@type":"ImageObject","inLanguage":"pl-PL","@id":"https:\/\/cybul.eu\/pl\/sklep\/bmw-e36-i-z3-zestaw-do-swapa-silnika-n62\/#primaryimage","url":"https:\/\/cybul.eu\/wp-content\/uploads\/2026\/02\/MISKA_N-e36.jpg","contentUrl":"https:\/\/cybul.eu\/wp-content\/uploads\/2026\/02\/MISKA_N-e36.jpg","width":1600,"height":1600,"caption":"BMW E36 N62 V8 engine swap kit by Cybul Radical Solutions"},{"@type":"BreadcrumbList","@id":"https:\/\/cybul.eu\/pl\/sklep\/bmw-e36-i-z3-zestaw-do-swapa-silnika-n62\/#breadcrumb","itemListElement":[{"@type":"ListItem","position":1,"name":"Strona g\u0142\u00f3wna","item":"https:\/\/cybul.eu\/pl\/"},{"@type":"ListItem","position":2,"name":"Sklep","item":"https:\/\/cybul.eu\/pl\/sklep\/"},{"@type":"ListItem","position":3,"name":"BMW E36 i Z3 \u2013 zestaw do SWAP\u2019a silnika N62"}]},{"@type":"WebSite","@id":"https:\/\/cybul.eu\/pl\/#website","url":"https:\/\/cybul.eu\/pl\/","name":"CYBUL","description":"","potentialAction":[{"@type":"SearchAction","target":{"@type":"EntryPoint","urlTemplate":"https:\/\/cybul.eu\/pl\/?s={search_term_string}"},"query-input":{"@type":"PropertyValueSpecification","valueRequired":true,"valueName":"search_term_string"}}],"inLanguage":"pl-PL"}]}},"_links":{"self":[{"href":"https:\/\/cybul.eu\/pl\/wp-json\/wp\/v2\/product\/25041","targetHints":{"allow":["GET"]}}],"collection":[{"href":"https:\/\/cybul.eu\/pl\/wp-json\/wp\/v2\/product"}],"about":[{"href":"https:\/\/cybul.eu\/pl\/wp-json\/wp\/v2\/types\/product"}],"replies":[{"embeddable":true,"href":"https:\/\/cybul.eu\/pl\/wp-json\/wp\/v2\/comments?post=25041"}],"wp:featuredmedia":[{"embeddable":true,"href":"https:\/\/cybul.eu\/pl\/wp-json\/wp\/v2\/media\/25043"}],"wp:attachment":[{"href":"https:\/\/cybul.eu\/pl\/wp-json\/wp\/v2\/media?parent=25041"}],"wp:term":[{"taxonomy":"product_cat","embeddable":true,"href":"https:\/\/cybul.eu\/pl\/wp-json\/wp\/v2\/product_cat?post=25041"},{"taxonomy":"product_tag","embeddable":true,"href":"https:\/\/cybul.eu\/pl\/wp-json\/wp\/v2\/product_tag?post=25041"}],"curies":[{"name":"wp","href":"https:\/\/api.w.org\/{rel}","templated":true}]}}