{"id":24705,"date":"2025-07-24T10:36:42","date_gmt":"2025-07-24T08:36:43","guid":{"rendered":"https:\/\/cybul.eu\/?post_type=product&#038;p=24705"},"modified":"2025-07-24T12:15:59","modified_gmt":"2025-07-24T10:15:59","slug":"toyota-supra-a90-przykrecany-roll-bar-z-rur-chromowo-molibdenowych","status":"publish","type":"product","link":"https:\/\/cybul.eu\/pl\/sklep\/toyota-supra-a90-przykrecany-roll-bar-z-rur-chromowo-molibdenowych\/","title":{"rendered":"Toyota Supra A90 &#8211; przykr\u0119cany roll bar z rur chromowo-molibdenowych"},"content":{"rendered":"<p><strong>Najbardziej zaawansowany rollbar do Toyoty Supra A90<\/strong><\/p>\n<p>Stworzony dla kierowc\u00f3w, kt\u00f3rzy oczekuj\u0105 maksymalnego poziomu bezpiecze\u0144stwa, sztywno\u015bci nadwozia i estetyki \u2013 bez kompromis\u00f3w w zakresie wygl\u0105du wn\u0119trza i mo\u017cliwo\u015bci powrotu do stanu fabrycznego. To najbardziej zaawansowany rollbar dost\u0119pny dla platformy A90.<\/p>\n<p><strong>G\u0142\u00f3wne zalety<\/strong><\/p>\n<ul>\n<li>Konstrukcja w ca\u0142o\u015bci stali chromowo-molibdenowej 4130 o wytrzyma\u0142o\u015bci 755 MPa<\/li>\n<li>Znacznie zwi\u0119ksza sztywno\u015b\u0107 nadwozia<\/li>\n<li>Drastycznie zwi\u0119ksza bezpiecze\u0144stwo w przypadku dachowania<\/li>\n<li>Brak widocznych spaw\u00f3w i modyfikacji po demonta\u017cu \u2013 zachowany fabryczny wygl\u0105d<\/li>\n<li>Brak konieczno\u015bci ci\u0119cia wyk\u0142adziny z przodu \u2013 mo\u017cna j\u0105 odwin\u0105\u0107 i ponownie zamontowa\u0107<\/li>\n<li>Brak widocznych naci\u0119\u0107 w plastikach \u2013 usuwane s\u0105 jedynie ukryte zaczepy<\/li>\n<li>W zestawie samoprzylepne podk\u0142adki ochronne eliminuj\u0105ce skrzypienie i zarysowania w miejscach styku z plastikami<\/li>\n<li>Spawany w technologii TIG, wyko\u0144czony podk\u0142adem i lakierem proszkowym w jednym z 100+ kolor\u00f3w RAL<\/li>\n<\/ul>\n<p><strong>Najwa\u017cniejsze cechy<\/strong><\/p>\n<ul>\n<li>Zintegrowany harness bar \u2013 gotowy do u\u017cycia z pasami 4, 5 lub 6-punktowymi<\/li>\n<li>\u0141ukowe \u201ew\u0119z\u0142\u00f3wki\u201d spawane TIG-iem dla dodatkowej wytrzyma\u0142o\u015bci i efektu wizualnego<\/li>\n<li>Zachowana przestrze\u0144 baga\u017cnika<\/li>\n<li>Kompatybilny z fabrycznymi pasami bezpiecze\u0144stwa<\/li>\n<li>Dwuwarstwowe lakierowanie: podk\u0142ad + lakier proszkowy o jako\u015bci OEM<\/li>\n<li>Zaprojektowany tak, by przylega\u0142 maksymalnie blisko do fabrycznych plastik\u00f3w \u2013 dla bezpiecze\u0144stwa i estetycznego, zintegrowanego wygl\u0105du<\/li>\n<\/ul>\n<p><strong>Uwagi monta\u017cowe<\/strong><\/p>\n<ul>\n<li>Przednie mocowania s\u0105 przykr\u0119cane \u2013 wykorzystuj\u0105 fabryczne punkty monta\u017cowe + wymagaj\u0105 wywiercenia 6 ma\u0142ych otwor\u00f3w, wszystkie ukryte pod wyk\u0142adzin\u0105<\/li>\n<li>Tylne mocowania wymagaj\u0105 wspawania 4 tulejek w pod\u0142u\u017cnice \u2013 zapewniaj\u0105 one sztywno\u015b\u0107 i bezpiecze\u0144stwo<\/li>\n<li>Tulejki s\u0105 niewidoczne po demonta\u017cu i ukryte pod pod\u0142og\u0105 baga\u017cnika \u2013 wystarczy wymieni\u0107 wyk\u0142adzin\u0119 baga\u017cnika, aby uzyska\u0107 wygl\u0105d fabryczny<\/li>\n<li>Brak konieczno\u015bci ci\u0119cia przedniej wyk\u0142adziny \u2013 wystarczy j\u0105 wywin\u0105\u0107<\/li>\n<li>Wymagane niewielkie podci\u0119cie niewidocznych zaczep\u00f3w w plastikach \u2013 nie wp\u0142ywa to na ponowny monta\u017c ani wygl\u0105d wn\u0119trza<\/li>\n<li>Pasuje idealnie mi\u0119dzy fabryczne plastiki<\/li>\n<li>Zalecamy zakup dost\u0119pnej u nas dwucz\u0119\u015bciowej pod\u0142ogi baga\u017cnika \u2013 znacznie u\u0142atwia ona dost\u0119p do akumulatora po monta\u017cu rollbara.\\<\/li>\n<\/ul>\n<p><strong>Zawarto\u015b\u0107 zestawu<\/strong><\/p>\n<ul>\n<li>Kompletny rollbar z chromowo-molibdenowej stali<\/li>\n<li>Wycinane laserowo mocowania i wzmocnienia<\/li>\n<li>Pe\u0142en zestaw \u015brub monta\u017cowych<\/li>\n<li>Tuleje do wspawania z ty\u0142u<\/li>\n<li>Samoprzylepne podk\u0142adki ochronne<\/li>\n<li>Drukowana instrukcja monta\u017cu z dok\u0142adnymi ilustracjami krok po kroku<\/li>\n<\/ul>\n<p><strong>Dlaczego ten rollbar?<\/strong><br \/>\nTo nie tylko rollbar \u2013 to kluczowy element usztywniaj\u0105cy nadwozie i wizyt\u00f3wka jako\u015bci wykonania. Ka\u017cdy szczeg\u00f3\u0142 zosta\u0142 zaprojektowany z my\u015bl\u0105 o r\u00f3wnowadze mi\u0119dzy bezpiecze\u0144stwem, sztywno\u015bci\u0105, estetyk\u0105 i mo\u017cliwo\u015bci\u0105 powrotu do serii. Z naszym roll barem mo\u017cesz je\u017adzi\u0107 ostrzej, wiedz\u0105c, \u017ce nadwozie jest usztywnione, pasy zamocowane bezpiecznie, jeste\u015b chroniony w przypadku dachowania a w razie potrzeby wszystko wr\u00f3ci do stanu fabrycznego. Projekt stworzony przez ludzi, kt\u00f3rzy \u017cyj\u0105 motoryzacj\u0105.<\/p>\n","protected":false},"excerpt":{"rendered":"<p>Najbardziej zaawansowany rollbar do Toyoty Supra A90 Stworzony dla kierowc\u00f3w, kt\u00f3rzy oczekuj\u0105 maksymalnego poziomu bezpiecze\u0144stwa, sztywno\u015bci nadwozia i estetyki \u2013 bez kompromis\u00f3w w zakresie wygl\u0105du wn\u0119trza i mo\u017cliwo\u015bci powrotu do stanu fabrycznego. To najbardziej zaawansowany rollbar dost\u0119pny dla platformy A90. G\u0142\u00f3wne zalety Konstrukcja w ca\u0142o\u015bci stali chromowo-molibdenowej 4130 o wytrzyma\u0142o\u015bci 755 MPa Znacznie zwi\u0119ksza sztywno\u015b\u0107 [&#8230;]\n","protected":false},"featured_media":24707,"comment_status":"open","ping_status":"closed","template":"","meta":[],"product_cat":[633,394],"product_tag":[],"class_list":{"0":"post-24705","1":"product","2":"type-product","3":"status-publish","4":"has-post-thumbnail","6":"product_cat-supra-a90-pl","7":"product_cat-toyota-pl","8":"product_shipping_class-roll-bar-x-pl","10":"first","11":"instock","12":"taxable","13":"shipping-taxable","14":"purchasable","15":"product-type-simple"},"bundled_by":[],"bundle_stock_status":"instock","bundle_stock_quantity":null,"bundle_virtual":false,"bundle_layout":"","bundle_add_to_cart_form_location":"","bundle_editable_in_cart":false,"bundle_sold_individually_context":"","bundle_item_grouping":"","bundle_min_size":"","bundle_max_size":"","bundle_price":[],"bundled_items":[],"bundle_sell_ids":[],"acf":{"zdjecie_bez_watermarka":null,"zdjecie_bez_watermarka_url":"","product_orgin_url":""},"yoast_head":"<!-- This site is optimized with the Yoast SEO plugin v23.9 - https:\/\/yoast.com\/wordpress\/plugins\/seo\/ -->\n<title>Toyota Supra A90 - przykr\u0119cany roll bar z rur chromowo-molibdenowych - CYBUL<\/title>\n<meta name=\"robots\" content=\"index, follow, max-snippet:-1, max-image-preview:large, max-video-preview:-1\" \/>\n<link rel=\"canonical\" href=\"https:\/\/cybul.eu\/pl\/sklep\/toyota-supra-a90-przykrecany-roll-bar-z-rur-chromowo-molibdenowych\/\" \/>\n<meta property=\"og:locale\" content=\"pl_PL\" \/>\n<meta property=\"og:type\" content=\"article\" \/>\n<meta property=\"og:title\" content=\"Toyota Supra A90 - przykr\u0119cany roll bar z rur chromowo-molibdenowych - CYBUL\" \/>\n<meta property=\"og:description\" content=\"Najbardziej zaawansowany rollbar do Toyoty Supra A90 Stworzony dla kierowc\u00f3w, kt\u00f3rzy oczekuj\u0105 maksymalnego poziomu bezpiecze\u0144stwa, sztywno\u015bci nadwozia i estetyki \u2013 bez kompromis\u00f3w w zakresie wygl\u0105du wn\u0119trza i mo\u017cliwo\u015bci powrotu do stanu fabrycznego. To najbardziej zaawansowany rollbar dost\u0119pny dla platformy A90. G\u0142\u00f3wne zalety Konstrukcja w ca\u0142o\u015bci stali chromowo-molibdenowej 4130 o wytrzyma\u0142o\u015bci 755 MPa Znacznie zwi\u0119ksza sztywno\u015b\u0107 [...]\" \/>\n<meta property=\"og:url\" content=\"https:\/\/cybul.eu\/pl\/sklep\/toyota-supra-a90-przykrecany-roll-bar-z-rur-chromowo-molibdenowych\/\" \/>\n<meta property=\"og:site_name\" content=\"CYBUL\" \/>\n<meta property=\"article:modified_time\" content=\"2025-07-24T10:15:59+00:00\" \/>\n<meta property=\"og:image\" content=\"https:\/\/cybul.eu\/wp-content\/uploads\/2025\/07\/Supra_RollBar_MK5_001A-scaled.jpg\" \/>\n\t<meta property=\"og:image:width\" content=\"2560\" \/>\n\t<meta property=\"og:image:height\" content=\"2560\" \/>\n\t<meta property=\"og:image:type\" content=\"image\/jpeg\" \/>\n<meta name=\"twitter:card\" content=\"summary_large_image\" \/>\n<meta name=\"twitter:label1\" content=\"Szacowany czas czytania\" \/>\n\t<meta name=\"twitter:data1\" content=\"2 minuty\" \/>\n<script type=\"application\/ld+json\" class=\"yoast-schema-graph\">{\"@context\":\"https:\/\/schema.org\",\"@graph\":[{\"@type\":\"WebPage\",\"@id\":\"https:\/\/cybul.eu\/pl\/sklep\/toyota-supra-a90-przykrecany-roll-bar-z-rur-chromowo-molibdenowych\/\",\"url\":\"https:\/\/cybul.eu\/pl\/sklep\/toyota-supra-a90-przykrecany-roll-bar-z-rur-chromowo-molibdenowych\/\",\"name\":\"Toyota Supra A90 - przykr\u0119cany roll bar z rur chromowo-molibdenowych - CYBUL\",\"isPartOf\":{\"@id\":\"https:\/\/cybul.eu\/pl\/#website\"},\"primaryImageOfPage\":{\"@id\":\"https:\/\/cybul.eu\/pl\/sklep\/toyota-supra-a90-przykrecany-roll-bar-z-rur-chromowo-molibdenowych\/#primaryimage\"},\"image\":{\"@id\":\"https:\/\/cybul.eu\/pl\/sklep\/toyota-supra-a90-przykrecany-roll-bar-z-rur-chromowo-molibdenowych\/#primaryimage\"},\"thumbnailUrl\":\"https:\/\/cybul.eu\/wp-content\/uploads\/2025\/07\/Supra_RollBar_MK5_001A-scaled.jpg\",\"datePublished\":\"2025-07-24T08:36:43+00:00\",\"dateModified\":\"2025-07-24T10:15:59+00:00\",\"breadcrumb\":{\"@id\":\"https:\/\/cybul.eu\/pl\/sklep\/toyota-supra-a90-przykrecany-roll-bar-z-rur-chromowo-molibdenowych\/#breadcrumb\"},\"inLanguage\":\"pl-PL\",\"potentialAction\":[{\"@type\":\"ReadAction\",\"target\":[\"https:\/\/cybul.eu\/pl\/sklep\/toyota-supra-a90-przykrecany-roll-bar-z-rur-chromowo-molibdenowych\/\"]}]},{\"@type\":\"ImageObject\",\"inLanguage\":\"pl-PL\",\"@id\":\"https:\/\/cybul.eu\/pl\/sklep\/toyota-supra-a90-przykrecany-roll-bar-z-rur-chromowo-molibdenowych\/#primaryimage\",\"url\":\"https:\/\/cybul.eu\/wp-content\/uploads\/2025\/07\/Supra_RollBar_MK5_001A-scaled.jpg\",\"contentUrl\":\"https:\/\/cybul.eu\/wp-content\/uploads\/2025\/07\/Supra_RollBar_MK5_001A-scaled.jpg\",\"width\":2560,\"height\":2560,\"caption\":\"bolt-in roll bar for Toyota Supra A90 made of 4130 chromoly tubes with rear seat delete kit by Cybul Radical Solutions\"},{\"@type\":\"BreadcrumbList\",\"@id\":\"https:\/\/cybul.eu\/pl\/sklep\/toyota-supra-a90-przykrecany-roll-bar-z-rur-chromowo-molibdenowych\/#breadcrumb\",\"itemListElement\":[{\"@type\":\"ListItem\",\"position\":1,\"name\":\"Strona g\u0142\u00f3wna\",\"item\":\"https:\/\/cybul.eu\/pl\/\"},{\"@type\":\"ListItem\",\"position\":2,\"name\":\"Sklep\",\"item\":\"https:\/\/cybul.eu\/pl\/sklep\/\"},{\"@type\":\"ListItem\",\"position\":3,\"name\":\"Toyota Supra A90 &#8211; przykr\u0119cany roll bar z rur chromowo-molibdenowych\"}]},{\"@type\":\"WebSite\",\"@id\":\"https:\/\/cybul.eu\/pl\/#website\",\"url\":\"https:\/\/cybul.eu\/pl\/\",\"name\":\"CYBUL\",\"description\":\"\",\"potentialAction\":[{\"@type\":\"SearchAction\",\"target\":{\"@type\":\"EntryPoint\",\"urlTemplate\":\"https:\/\/cybul.eu\/pl\/?s={search_term_string}\"},\"query-input\":{\"@type\":\"PropertyValueSpecification\",\"valueRequired\":true,\"valueName\":\"search_term_string\"}}],\"inLanguage\":\"pl-PL\"}]}<\/script>\n<!-- \/ Yoast SEO plugin. -->","yoast_head_json":{"title":"Toyota Supra A90 - przykr\u0119cany roll bar z rur chromowo-molibdenowych - CYBUL","robots":{"index":"index","follow":"follow","max-snippet":"max-snippet:-1","max-image-preview":"max-image-preview:large","max-video-preview":"max-video-preview:-1"},"canonical":"https:\/\/cybul.eu\/pl\/sklep\/toyota-supra-a90-przykrecany-roll-bar-z-rur-chromowo-molibdenowych\/","og_locale":"pl_PL","og_type":"article","og_title":"Toyota Supra A90 - przykr\u0119cany roll bar z rur chromowo-molibdenowych - CYBUL","og_description":"Najbardziej zaawansowany rollbar do Toyoty Supra A90 Stworzony dla kierowc\u00f3w, kt\u00f3rzy oczekuj\u0105 maksymalnego poziomu bezpiecze\u0144stwa, sztywno\u015bci nadwozia i estetyki \u2013 bez kompromis\u00f3w w zakresie wygl\u0105du wn\u0119trza i mo\u017cliwo\u015bci powrotu do stanu fabrycznego. To najbardziej zaawansowany rollbar dost\u0119pny dla platformy A90. G\u0142\u00f3wne zalety Konstrukcja w ca\u0142o\u015bci stali chromowo-molibdenowej 4130 o wytrzyma\u0142o\u015bci 755 MPa Znacznie zwi\u0119ksza sztywno\u015b\u0107 [...]","og_url":"https:\/\/cybul.eu\/pl\/sklep\/toyota-supra-a90-przykrecany-roll-bar-z-rur-chromowo-molibdenowych\/","og_site_name":"CYBUL","article_modified_time":"2025-07-24T10:15:59+00:00","og_image":[{"width":2560,"height":2560,"url":"https:\/\/cybul.eu\/wp-content\/uploads\/2025\/07\/Supra_RollBar_MK5_001A-scaled.jpg","type":"image\/jpeg"}],"twitter_card":"summary_large_image","twitter_misc":{"Szacowany czas czytania":"2 minuty"},"schema":{"@context":"https:\/\/schema.org","@graph":[{"@type":"WebPage","@id":"https:\/\/cybul.eu\/pl\/sklep\/toyota-supra-a90-przykrecany-roll-bar-z-rur-chromowo-molibdenowych\/","url":"https:\/\/cybul.eu\/pl\/sklep\/toyota-supra-a90-przykrecany-roll-bar-z-rur-chromowo-molibdenowych\/","name":"Toyota Supra A90 - przykr\u0119cany roll bar z rur chromowo-molibdenowych - CYBUL","isPartOf":{"@id":"https:\/\/cybul.eu\/pl\/#website"},"primaryImageOfPage":{"@id":"https:\/\/cybul.eu\/pl\/sklep\/toyota-supra-a90-przykrecany-roll-bar-z-rur-chromowo-molibdenowych\/#primaryimage"},"image":{"@id":"https:\/\/cybul.eu\/pl\/sklep\/toyota-supra-a90-przykrecany-roll-bar-z-rur-chromowo-molibdenowych\/#primaryimage"},"thumbnailUrl":"https:\/\/cybul.eu\/wp-content\/uploads\/2025\/07\/Supra_RollBar_MK5_001A-scaled.jpg","datePublished":"2025-07-24T08:36:43+00:00","dateModified":"2025-07-24T10:15:59+00:00","breadcrumb":{"@id":"https:\/\/cybul.eu\/pl\/sklep\/toyota-supra-a90-przykrecany-roll-bar-z-rur-chromowo-molibdenowych\/#breadcrumb"},"inLanguage":"pl-PL","potentialAction":[{"@type":"ReadAction","target":["https:\/\/cybul.eu\/pl\/sklep\/toyota-supra-a90-przykrecany-roll-bar-z-rur-chromowo-molibdenowych\/"]}]},{"@type":"ImageObject","inLanguage":"pl-PL","@id":"https:\/\/cybul.eu\/pl\/sklep\/toyota-supra-a90-przykrecany-roll-bar-z-rur-chromowo-molibdenowych\/#primaryimage","url":"https:\/\/cybul.eu\/wp-content\/uploads\/2025\/07\/Supra_RollBar_MK5_001A-scaled.jpg","contentUrl":"https:\/\/cybul.eu\/wp-content\/uploads\/2025\/07\/Supra_RollBar_MK5_001A-scaled.jpg","width":2560,"height":2560,"caption":"bolt-in roll bar for Toyota Supra A90 made of 4130 chromoly tubes with rear seat delete kit by Cybul Radical Solutions"},{"@type":"BreadcrumbList","@id":"https:\/\/cybul.eu\/pl\/sklep\/toyota-supra-a90-przykrecany-roll-bar-z-rur-chromowo-molibdenowych\/#breadcrumb","itemListElement":[{"@type":"ListItem","position":1,"name":"Strona g\u0142\u00f3wna","item":"https:\/\/cybul.eu\/pl\/"},{"@type":"ListItem","position":2,"name":"Sklep","item":"https:\/\/cybul.eu\/pl\/sklep\/"},{"@type":"ListItem","position":3,"name":"Toyota Supra A90 &#8211; przykr\u0119cany roll bar z rur chromowo-molibdenowych"}]},{"@type":"WebSite","@id":"https:\/\/cybul.eu\/pl\/#website","url":"https:\/\/cybul.eu\/pl\/","name":"CYBUL","description":"","potentialAction":[{"@type":"SearchAction","target":{"@type":"EntryPoint","urlTemplate":"https:\/\/cybul.eu\/pl\/?s={search_term_string}"},"query-input":{"@type":"PropertyValueSpecification","valueRequired":true,"valueName":"search_term_string"}}],"inLanguage":"pl-PL"}]}},"_links":{"self":[{"href":"https:\/\/cybul.eu\/pl\/wp-json\/wp\/v2\/product\/24705","targetHints":{"allow":["GET"]}}],"collection":[{"href":"https:\/\/cybul.eu\/pl\/wp-json\/wp\/v2\/product"}],"about":[{"href":"https:\/\/cybul.eu\/pl\/wp-json\/wp\/v2\/types\/product"}],"replies":[{"embeddable":true,"href":"https:\/\/cybul.eu\/pl\/wp-json\/wp\/v2\/comments?post=24705"}],"wp:featuredmedia":[{"embeddable":true,"href":"https:\/\/cybul.eu\/pl\/wp-json\/wp\/v2\/media\/24707"}],"wp:attachment":[{"href":"https:\/\/cybul.eu\/pl\/wp-json\/wp\/v2\/media?parent=24705"}],"wp:term":[{"taxonomy":"product_cat","embeddable":true,"href":"https:\/\/cybul.eu\/pl\/wp-json\/wp\/v2\/product_cat?post=24705"},{"taxonomy":"product_tag","embeddable":true,"href":"https:\/\/cybul.eu\/pl\/wp-json\/wp\/v2\/product_tag?post=24705"}],"curies":[{"name":"wp","href":"https:\/\/api.w.org\/{rel}","templated":true}]}}