{"id":24589,"date":"2025-05-14T09:44:35","date_gmt":"2025-05-14T07:44:41","guid":{"rendered":"https:\/\/cybul.eu\/?post_type=product&#038;p=24589"},"modified":"2026-04-07T11:11:30","modified_gmt":"2026-04-07T09:11:30","slug":"mazda-mx-5-na-nb-kolektor-wydechowy","status":"publish","type":"product","link":"https:\/\/cybul.eu\/pl\/sklep\/mazda-mx-5-na-nb-kolektor-wydechowy\/","title":{"rendered":"Mazda MX-5 NA NB &#8211; kolektor wydechowy"},"content":{"rendered":"<p class=\"\" data-start=\"198\" data-end=\"424\">Jedyny kolektor wydechowy na rynku z przewodami o r\u00f3wnej d\u0142ugo\u015bci, z tolerancj\u0105 do 1 mm. Wykonany z wysokogatunkowej stali nierdzewnej, precyzyjnie spawany metod\u0105 TIG i wyp\u0142ukiwany argonem dla uzyskania najwy\u017cszej jako\u015bci.<\/p>\n<h3 class=\"\" data-start=\"426\" data-end=\"444\">G\u0142\u00f3wne zalety:<\/h3>\n<ul data-start=\"445\" data-end=\"801\">\n<li class=\"\" data-start=\"445\" data-end=\"539\">\n<p class=\"\" data-start=\"447\" data-end=\"539\">Przewody o r\u00f3wnej d\u0142ugo\u015bci dla optymalnego przebiegu momentu obrotowego i maksymalnej mocy<\/p>\n<\/li>\n<li class=\"\" data-start=\"627\" data-end=\"674\">\n<p class=\"\" data-start=\"629\" data-end=\"674\">Spawy najwy\u017cszej jako\u015bci z pe\u0142n\u0105 penetracj\u0105<\/p>\n<\/li>\n<li class=\"\" data-start=\"675\" data-end=\"745\">\n<p class=\"\" data-start=\"677\" data-end=\"745\">Projekt wykonany w 3D CAD z idealnym dopasowaniem do MAZDY MX-5 NA i NB z silnikiem 1,8<\/p>\n<\/li>\n<li class=\"\" data-start=\"746\" data-end=\"801\">\n<p class=\"\" data-start=\"748\" data-end=\"801\">Dok\u0142adnie przetestowany dla zapewnienia niezawodno\u015bci<\/p>\n<\/li>\n<\/ul>\n<h3 class=\"\" data-start=\"803\" data-end=\"822\">Kluczowe cechy:<\/h3>\n<ul data-start=\"823\" data-end=\"2066\">\n<li class=\"\" data-start=\"823\" data-end=\"1082\">\n<p class=\"\" data-start=\"825\" data-end=\"1082\"><strong data-start=\"825\" data-end=\"851\">Precyzyjna in\u017cynieria:<\/strong> Opracowany z u\u017cyciem zaawansowanego oprogramowania 3D CAD (SolidWorks), z idealn\u0105 geometri\u0105 i dynamik\u0105 przep\u0142ywu spalin. Ka\u017cdy przew\u00f3d zosta\u0142 zmierzony z dok\u0142adno\u015bci\u0105 do 1 mm, aby zapewni\u0107 jednakow\u0105 d\u0142ugo\u015b\u0107 i najlepszy przep\u0142yw.<\/p>\n<\/li>\n<li class=\"\" data-start=\"1083\" data-end=\"1231\">\n<p class=\"\" data-start=\"1085\" data-end=\"1231\"><strong data-start=\"1085\" data-end=\"1113\">Optymalizacja przep\u0142ywu:<\/strong> Przep\u0142yw gaz\u00f3w zosta\u0142 dok\u0142adnie przeanalizowany w celu maksymalnej efektywno\u015bci i osi\u0105g\u00f3w w ca\u0142ym zakresie obrot\u00f3w.<\/p>\n<\/li>\n<li class=\"\" data-start=\"1232\" data-end=\"1497\">\n<p class=\"\" data-start=\"1234\" data-end=\"1497\"><strong data-start=\"1234\" data-end=\"1251\">Spawanie TIG:<\/strong> Wszystkie spoiny wykonane s\u0105 metod\u0105 TIG z pe\u0142n\u0105 penetracj\u0105, zapewniaj\u0105c maksymaln\u0105 wytrzyma\u0142o\u015b\u0107 i wydajno\u015b\u0107. Wn\u0119trze przewod\u00f3w zosta\u0142o wyp\u0142ukane argonem, co gwarantuje g\u0142adk\u0105, woln\u0105 od zanieczyszcze\u0144 powierzchni\u0119, wspomagaj\u0105c\u0105 przep\u0142yw spalin.<\/p>\n<\/li>\n<li class=\"\" data-start=\"1498\" data-end=\"1656\">\n<p class=\"\" data-start=\"1500\" data-end=\"1656\"><strong data-start=\"1500\" data-end=\"1524\">Perfekcja produkcji:<\/strong> Produkowany na bazie szablon\u00f3w CNC oraz rur ci\u0119tych laserowo, co zapewnia powtarzalno\u015b\u0107 i precyzj\u0119 wykonania ka\u017cdego egzemplarza.<\/p>\n<\/li>\n<li class=\"\" data-start=\"1657\" data-end=\"1795\">\n<p class=\"\" data-start=\"1659\" data-end=\"1795\"><strong data-start=\"1659\" data-end=\"1681\">Planowana flansza:<\/strong> Flansza kolektora jest planowana dla idealnego przylegania do bloku silnika i eliminacji ryzyka nieszczelno\u015bci.<\/p>\n<\/li>\n<li class=\"\" data-start=\"1796\" data-end=\"2066\">\n<p class=\"\" data-start=\"1798\" data-end=\"2066\"><strong data-start=\"1798\" data-end=\"1821\">Zaawansowane testy:<\/strong> Ka\u017cdy projekt kolektora i proces spawania by\u0142 poddawany intensywnym testom podczas pe\u0142nego sezonu wy\u015bcig\u00f3w d\u0142ugodystansowych. Takie realne warunki pozwoli\u0142y wyeliminowa\u0107 wszelkie problemy i dostarczy\u0107 produkt gotowy do jazdy torowej i drogowej.<\/p>\n<\/li>\n<\/ul>\n<h3 class=\"\" data-start=\"2068\" data-end=\"2107\">Dlaczego warto wybra\u0107 ten kolektor?<\/h3>\n<p class=\"\" data-start=\"2109\" data-end=\"2453\">Ten kolektor wydechowy to efekt nowoczesnej in\u017cynierii, dok\u0142adnych test\u00f3w i precyzyjnej produkcji. Zapewnia znacz\u0105cy wzrost mocy i momentu obrotowego przy jednoczesnej pe\u0142nej niezawodno\u015bci. Dzi\u0119ki rygorystycznemu procesowi rozwoju i perfekcyjnemu wykonaniu oferuje w\u0142a\u015bcicielom MAZDY MX-5 NA i NB produkt najwy\u017cszej klasy \u2014 gotowy na tor i na ulic\u0119.<\/p>\n","protected":false},"excerpt":{"rendered":"<p>Jedyny kolektor wydechowy na rynku z przewodami o r\u00f3wnej d\u0142ugo\u015bci, z tolerancj\u0105 do 1 mm. Wykonany z wysokogatunkowej stali nierdzewnej, precyzyjnie spawany metod\u0105 TIG i wyp\u0142ukiwany argonem dla uzyskania najwy\u017cszej jako\u015bci. G\u0142\u00f3wne zalety: Przewody o r\u00f3wnej d\u0142ugo\u015bci dla optymalnego przebiegu momentu obrotowego i maksymalnej mocy Spawy najwy\u017cszej jako\u015bci z pe\u0142n\u0105 penetracj\u0105 Projekt wykonany w 3D [&#8230;]\n","protected":false},"featured_media":25213,"comment_status":"open","ping_status":"closed","template":"","meta":[],"product_cat":[387,388,284],"product_tag":[346,347],"class_list":{"0":"post-24589","1":"product","2":"type-product","3":"status-publish","4":"has-post-thumbnail","6":"product_cat-mx5-na-pl","7":"product_cat-mx5-nb-pl","8":"product_cat-mazda-pl","9":"product_tag-mx5-pl","10":"product_tag-mx5-podwozie-i-nadwozie","11":"product_shipping_class-roll-bar-nc-pl","13":"first","14":"instock","15":"taxable","16":"shipping-taxable","17":"purchasable","18":"product-type-simple"},"bundled_by":[],"bundle_stock_status":"instock","bundle_stock_quantity":null,"bundle_virtual":false,"bundle_layout":"","bundle_add_to_cart_form_location":"","bundle_editable_in_cart":false,"bundle_sold_individually_context":"","bundle_item_grouping":"","bundle_min_size":"","bundle_max_size":"","bundle_price":[],"bundled_items":[],"bundle_sell_ids":[],"acf":{"zdjecie_bez_watermarka":null,"zdjecie_bez_watermarka_url":"","product_orgin_url":""},"yoast_head":"<!-- This site is optimized with the Yoast SEO plugin v23.9 - https:\/\/yoast.com\/wordpress\/plugins\/seo\/ -->\n<title>Mazda MX-5 NA NB - kolektor wydechowy - CYBUL<\/title>\n<meta name=\"description\" content=\"Najbardziej zbli\u017cone rozwi\u0105zanie do seryjnego roll bara. Zwi\u0119ksza bezpiecze\u0144stwo, posiada wszystkie funkcje seryjnej &quot;rolki&quot;\" \/>\n<meta name=\"robots\" content=\"index, follow, max-snippet:-1, max-image-preview:large, max-video-preview:-1\" \/>\n<link rel=\"canonical\" href=\"https:\/\/cybul.eu\/pl\/sklep\/mazda-mx-5-na-nb-kolektor-wydechowy\/\" \/>\n<meta property=\"og:locale\" content=\"pl_PL\" \/>\n<meta property=\"og:type\" content=\"article\" \/>\n<meta property=\"og:title\" content=\"Mazda MX-5 NA NB - kolektor wydechowy - CYBUL\" \/>\n<meta property=\"og:description\" content=\"Najbardziej zbli\u017cone rozwi\u0105zanie do seryjnego roll bara. Zwi\u0119ksza bezpiecze\u0144stwo, posiada wszystkie funkcje seryjnej &quot;rolki&quot;\" \/>\n<meta property=\"og:url\" content=\"https:\/\/cybul.eu\/pl\/sklep\/mazda-mx-5-na-nb-kolektor-wydechowy\/\" \/>\n<meta property=\"og:site_name\" content=\"CYBUL\" \/>\n<meta property=\"article:modified_time\" content=\"2026-04-07T09:11:30+00:00\" \/>\n<meta property=\"og:image\" content=\"https:\/\/cybul.eu\/wp-content\/uploads\/2025\/05\/MX5_NA_NB_KOLEKTOR_001-scaled.jpg\" \/>\n\t<meta property=\"og:image:width\" content=\"2560\" \/>\n\t<meta property=\"og:image:height\" content=\"2560\" \/>\n\t<meta property=\"og:image:type\" content=\"image\/jpeg\" \/>\n<meta name=\"twitter:card\" content=\"summary_large_image\" \/>\n<meta name=\"twitter:label1\" content=\"Szacowany czas czytania\" \/>\n\t<meta name=\"twitter:data1\" content=\"2 minuty\" \/>\n<script type=\"application\/ld+json\" class=\"yoast-schema-graph\">{\"@context\":\"https:\/\/schema.org\",\"@graph\":[{\"@type\":\"WebPage\",\"@id\":\"https:\/\/cybul.eu\/pl\/sklep\/mazda-mx-5-na-nb-kolektor-wydechowy\/\",\"url\":\"https:\/\/cybul.eu\/pl\/sklep\/mazda-mx-5-na-nb-kolektor-wydechowy\/\",\"name\":\"Mazda MX-5 NA NB - kolektor wydechowy - CYBUL\",\"isPartOf\":{\"@id\":\"https:\/\/cybul.eu\/pl\/#website\"},\"primaryImageOfPage\":{\"@id\":\"https:\/\/cybul.eu\/pl\/sklep\/mazda-mx-5-na-nb-kolektor-wydechowy\/#primaryimage\"},\"image\":{\"@id\":\"https:\/\/cybul.eu\/pl\/sklep\/mazda-mx-5-na-nb-kolektor-wydechowy\/#primaryimage\"},\"thumbnailUrl\":\"https:\/\/cybul.eu\/wp-content\/uploads\/2025\/05\/MX5_NA_NB_KOLEKTOR_001-scaled.jpg\",\"datePublished\":\"2025-05-14T07:44:41+00:00\",\"dateModified\":\"2026-04-07T09:11:30+00:00\",\"description\":\"Najbardziej zbli\u017cone rozwi\u0105zanie do seryjnego roll bara. Zwi\u0119ksza bezpiecze\u0144stwo, posiada wszystkie funkcje seryjnej \\\"rolki\\\"\",\"breadcrumb\":{\"@id\":\"https:\/\/cybul.eu\/pl\/sklep\/mazda-mx-5-na-nb-kolektor-wydechowy\/#breadcrumb\"},\"inLanguage\":\"pl-PL\",\"potentialAction\":[{\"@type\":\"ReadAction\",\"target\":[\"https:\/\/cybul.eu\/pl\/sklep\/mazda-mx-5-na-nb-kolektor-wydechowy\/\"]}]},{\"@type\":\"ImageObject\",\"inLanguage\":\"pl-PL\",\"@id\":\"https:\/\/cybul.eu\/pl\/sklep\/mazda-mx-5-na-nb-kolektor-wydechowy\/#primaryimage\",\"url\":\"https:\/\/cybul.eu\/wp-content\/uploads\/2025\/05\/MX5_NA_NB_KOLEKTOR_001-scaled.jpg\",\"contentUrl\":\"https:\/\/cybul.eu\/wp-content\/uploads\/2025\/05\/MX5_NA_NB_KOLEKTOR_001-scaled.jpg\",\"width\":2560,\"height\":2560,\"caption\":\"Mazda MX-5 NA \/ NB Stainless exhaust manifold by Cybul Radical Solutions\"},{\"@type\":\"BreadcrumbList\",\"@id\":\"https:\/\/cybul.eu\/pl\/sklep\/mazda-mx-5-na-nb-kolektor-wydechowy\/#breadcrumb\",\"itemListElement\":[{\"@type\":\"ListItem\",\"position\":1,\"name\":\"Strona g\u0142\u00f3wna\",\"item\":\"https:\/\/cybul.eu\/pl\/\"},{\"@type\":\"ListItem\",\"position\":2,\"name\":\"Sklep\",\"item\":\"https:\/\/cybul.eu\/pl\/sklep\/\"},{\"@type\":\"ListItem\",\"position\":3,\"name\":\"Mazda MX-5 NA NB &#8211; kolektor wydechowy\"}]},{\"@type\":\"WebSite\",\"@id\":\"https:\/\/cybul.eu\/pl\/#website\",\"url\":\"https:\/\/cybul.eu\/pl\/\",\"name\":\"CYBUL\",\"description\":\"\",\"potentialAction\":[{\"@type\":\"SearchAction\",\"target\":{\"@type\":\"EntryPoint\",\"urlTemplate\":\"https:\/\/cybul.eu\/pl\/?s={search_term_string}\"},\"query-input\":{\"@type\":\"PropertyValueSpecification\",\"valueRequired\":true,\"valueName\":\"search_term_string\"}}],\"inLanguage\":\"pl-PL\"}]}<\/script>\n<!-- \/ Yoast SEO plugin. -->","yoast_head_json":{"title":"Mazda MX-5 NA NB - kolektor wydechowy - CYBUL","description":"Najbardziej zbli\u017cone rozwi\u0105zanie do seryjnego roll bara. Zwi\u0119ksza bezpiecze\u0144stwo, posiada wszystkie funkcje seryjnej \"rolki\"","robots":{"index":"index","follow":"follow","max-snippet":"max-snippet:-1","max-image-preview":"max-image-preview:large","max-video-preview":"max-video-preview:-1"},"canonical":"https:\/\/cybul.eu\/pl\/sklep\/mazda-mx-5-na-nb-kolektor-wydechowy\/","og_locale":"pl_PL","og_type":"article","og_title":"Mazda MX-5 NA NB - kolektor wydechowy - CYBUL","og_description":"Najbardziej zbli\u017cone rozwi\u0105zanie do seryjnego roll bara. Zwi\u0119ksza bezpiecze\u0144stwo, posiada wszystkie funkcje seryjnej \"rolki\"","og_url":"https:\/\/cybul.eu\/pl\/sklep\/mazda-mx-5-na-nb-kolektor-wydechowy\/","og_site_name":"CYBUL","article_modified_time":"2026-04-07T09:11:30+00:00","og_image":[{"width":2560,"height":2560,"url":"https:\/\/cybul.eu\/wp-content\/uploads\/2025\/05\/MX5_NA_NB_KOLEKTOR_001-scaled.jpg","type":"image\/jpeg"}],"twitter_card":"summary_large_image","twitter_misc":{"Szacowany czas czytania":"2 minuty"},"schema":{"@context":"https:\/\/schema.org","@graph":[{"@type":"WebPage","@id":"https:\/\/cybul.eu\/pl\/sklep\/mazda-mx-5-na-nb-kolektor-wydechowy\/","url":"https:\/\/cybul.eu\/pl\/sklep\/mazda-mx-5-na-nb-kolektor-wydechowy\/","name":"Mazda MX-5 NA NB - kolektor wydechowy - CYBUL","isPartOf":{"@id":"https:\/\/cybul.eu\/pl\/#website"},"primaryImageOfPage":{"@id":"https:\/\/cybul.eu\/pl\/sklep\/mazda-mx-5-na-nb-kolektor-wydechowy\/#primaryimage"},"image":{"@id":"https:\/\/cybul.eu\/pl\/sklep\/mazda-mx-5-na-nb-kolektor-wydechowy\/#primaryimage"},"thumbnailUrl":"https:\/\/cybul.eu\/wp-content\/uploads\/2025\/05\/MX5_NA_NB_KOLEKTOR_001-scaled.jpg","datePublished":"2025-05-14T07:44:41+00:00","dateModified":"2026-04-07T09:11:30+00:00","description":"Najbardziej zbli\u017cone rozwi\u0105zanie do seryjnego roll bara. Zwi\u0119ksza bezpiecze\u0144stwo, posiada wszystkie funkcje seryjnej \"rolki\"","breadcrumb":{"@id":"https:\/\/cybul.eu\/pl\/sklep\/mazda-mx-5-na-nb-kolektor-wydechowy\/#breadcrumb"},"inLanguage":"pl-PL","potentialAction":[{"@type":"ReadAction","target":["https:\/\/cybul.eu\/pl\/sklep\/mazda-mx-5-na-nb-kolektor-wydechowy\/"]}]},{"@type":"ImageObject","inLanguage":"pl-PL","@id":"https:\/\/cybul.eu\/pl\/sklep\/mazda-mx-5-na-nb-kolektor-wydechowy\/#primaryimage","url":"https:\/\/cybul.eu\/wp-content\/uploads\/2025\/05\/MX5_NA_NB_KOLEKTOR_001-scaled.jpg","contentUrl":"https:\/\/cybul.eu\/wp-content\/uploads\/2025\/05\/MX5_NA_NB_KOLEKTOR_001-scaled.jpg","width":2560,"height":2560,"caption":"Mazda MX-5 NA \/ NB Stainless exhaust manifold by Cybul Radical Solutions"},{"@type":"BreadcrumbList","@id":"https:\/\/cybul.eu\/pl\/sklep\/mazda-mx-5-na-nb-kolektor-wydechowy\/#breadcrumb","itemListElement":[{"@type":"ListItem","position":1,"name":"Strona g\u0142\u00f3wna","item":"https:\/\/cybul.eu\/pl\/"},{"@type":"ListItem","position":2,"name":"Sklep","item":"https:\/\/cybul.eu\/pl\/sklep\/"},{"@type":"ListItem","position":3,"name":"Mazda MX-5 NA NB &#8211; kolektor wydechowy"}]},{"@type":"WebSite","@id":"https:\/\/cybul.eu\/pl\/#website","url":"https:\/\/cybul.eu\/pl\/","name":"CYBUL","description":"","potentialAction":[{"@type":"SearchAction","target":{"@type":"EntryPoint","urlTemplate":"https:\/\/cybul.eu\/pl\/?s={search_term_string}"},"query-input":{"@type":"PropertyValueSpecification","valueRequired":true,"valueName":"search_term_string"}}],"inLanguage":"pl-PL"}]}},"_links":{"self":[{"href":"https:\/\/cybul.eu\/pl\/wp-json\/wp\/v2\/product\/24589","targetHints":{"allow":["GET"]}}],"collection":[{"href":"https:\/\/cybul.eu\/pl\/wp-json\/wp\/v2\/product"}],"about":[{"href":"https:\/\/cybul.eu\/pl\/wp-json\/wp\/v2\/types\/product"}],"replies":[{"embeddable":true,"href":"https:\/\/cybul.eu\/pl\/wp-json\/wp\/v2\/comments?post=24589"}],"wp:featuredmedia":[{"embeddable":true,"href":"https:\/\/cybul.eu\/pl\/wp-json\/wp\/v2\/media\/25213"}],"wp:attachment":[{"href":"https:\/\/cybul.eu\/pl\/wp-json\/wp\/v2\/media?parent=24589"}],"wp:term":[{"taxonomy":"product_cat","embeddable":true,"href":"https:\/\/cybul.eu\/pl\/wp-json\/wp\/v2\/product_cat?post=24589"},{"taxonomy":"product_tag","embeddable":true,"href":"https:\/\/cybul.eu\/pl\/wp-json\/wp\/v2\/product_tag?post=24589"}],"curies":[{"name":"wp","href":"https:\/\/api.w.org\/{rel}","templated":true}]}}