{"id":2393,"date":"2019-09-25T12:51:03","date_gmt":"2019-09-25T10:51:03","guid":{"rendered":"https:\/\/cybul.eu\/shop\/bmw-e36-e46-regulowane-tylne-wahacze\/"},"modified":"2024-12-03T00:00:36","modified_gmt":"2024-12-02T23:00:36","slug":"bmw-e36-e46-regulowane-tylne-wahacze","status":"publish","type":"product","link":"https:\/\/cybul.eu\/pl\/sklep\/bmw-e36-e46-regulowane-tylne-wahacze\/","title":{"rendered":"BMW E36 \/ E46 &#8211; regulowane tylne wahacze"},"content":{"rendered":"<p>Umo\u017cliwiaj\u0105 p\u0142ynn\u0105 regulacj\u0119 pochylenia ko\u0142a na zasadzie \u015bruby rzymskiej w szerokim zakresie. Sprawdzaj\u0105 si\u0119 zar\u00f3wno w motorsporcie, jak i autach przerobionych do stance\u2019u.<\/p>\n<p>Najwy\u017cszej jako\u015bci chromowo-molibdenowe uniballe PRE zapewniaj\u0105 d\u0142ug\u0105 \u017cywotno\u015b\u0107 oraz o wiele ni\u017csze tarcie od tulei poliuretanowych. Przek\u0142ada si\u0119 to na lepsze t\u0142umienie nier\u00f3wno\u015bci. Maxymalna\/minimalna d\u0142ugo\u015b\u0107 od \u015brodka otworu do \u015brodka otworu 566mm\/513mm<\/p>\n<p>Produkt lakierowany proszkowo na metaliczny szary grafit, element gwintowany cynkowany galwanicznie.<\/p>\n","protected":false},"excerpt":{"rendered":"<p>Umo\u017cliwiaj\u0105 regulacj\u0119 k\u0105ta pocylenia tylnego ko\u0142a w BMW E36 i E46<\/p>\n","protected":false},"featured_media":0,"comment_status":"closed","ping_status":"open","template":"","meta":[],"product_cat":[376,377],"product_tag":[354,366],"class_list":{"0":"post-2393","1":"product","2":"type-product","3":"status-publish","5":"product_cat-e36","6":"product_cat-e46","7":"product_tag-bmw-zawieszenia","8":"product_tag-wahacze-off-road-pl","10":"first","11":"instock","12":"taxable","13":"shipping-taxable","14":"purchasable","15":"product-type-simple"},"bundled_by":[],"bundle_stock_status":"instock","bundle_stock_quantity":null,"bundle_virtual":false,"bundle_layout":"","bundle_add_to_cart_form_location":"","bundle_editable_in_cart":false,"bundle_sold_individually_context":"","bundle_item_grouping":"","bundle_min_size":"","bundle_max_size":"","bundle_price":[],"bundled_items":[],"bundle_sell_ids":[],"acf":{"zdjecie_bez_watermarka":null,"zdjecie_bez_watermarka_url":"","product_orgin_url":""},"yoast_head":"<!-- This site is optimized with the Yoast SEO plugin v23.9 - https:\/\/yoast.com\/wordpress\/plugins\/seo\/ -->\n<title>BMW E36 \/ E46 - regulowane tylne wahacze - CYBUL<\/title>\n<meta name=\"description\" content=\"Umo\u017cliwiaj\u0105 p\u0142ynn\u0105 regulacj\u0119 pochylenia ko\u0142a w szerokim zakresie. Sprawdzaj\u0105 si\u0119 zar\u00f3wno w motorsporcie, jak i autach przerobionych do stance\u2019u.\" \/>\n<meta name=\"robots\" content=\"index, follow, max-snippet:-1, max-image-preview:large, max-video-preview:-1\" \/>\n<link rel=\"canonical\" href=\"https:\/\/cybul.eu\/pl\/sklep\/bmw-e36-e46-regulowane-tylne-wahacze\/\" \/>\n<meta property=\"og:locale\" content=\"pl_PL\" \/>\n<meta property=\"og:type\" content=\"article\" \/>\n<meta property=\"og:title\" content=\"BMW E36 \/ E46 - regulowane tylne wahacze - CYBUL\" \/>\n<meta property=\"og:description\" content=\"Umo\u017cliwiaj\u0105 p\u0142ynn\u0105 regulacj\u0119 pochylenia ko\u0142a w szerokim zakresie. Sprawdzaj\u0105 si\u0119 zar\u00f3wno w motorsporcie, jak i autach przerobionych do stance\u2019u.\" \/>\n<meta property=\"og:url\" content=\"https:\/\/cybul.eu\/pl\/sklep\/bmw-e36-e46-regulowane-tylne-wahacze\/\" \/>\n<meta property=\"og:site_name\" content=\"CYBUL\" \/>\n<meta property=\"article:modified_time\" content=\"2024-12-02T23:00:36+00:00\" \/>\n<meta name=\"twitter:card\" content=\"summary_large_image\" \/>\n<script type=\"application\/ld+json\" class=\"yoast-schema-graph\">{\"@context\":\"https:\/\/schema.org\",\"@graph\":[{\"@type\":\"WebPage\",\"@id\":\"https:\/\/cybul.eu\/pl\/sklep\/bmw-e36-e46-regulowane-tylne-wahacze\/\",\"url\":\"https:\/\/cybul.eu\/pl\/sklep\/bmw-e36-e46-regulowane-tylne-wahacze\/\",\"name\":\"BMW E36 \/ E46 - regulowane tylne wahacze - CYBUL\",\"isPartOf\":{\"@id\":\"https:\/\/cybul.eu\/pl\/#website\"},\"datePublished\":\"2019-09-25T10:51:03+00:00\",\"dateModified\":\"2024-12-02T23:00:36+00:00\",\"description\":\"Umo\u017cliwiaj\u0105 p\u0142ynn\u0105 regulacj\u0119 pochylenia ko\u0142a w szerokim zakresie. Sprawdzaj\u0105 si\u0119 zar\u00f3wno w motorsporcie, jak i autach przerobionych do stance\u2019u.\",\"breadcrumb\":{\"@id\":\"https:\/\/cybul.eu\/pl\/sklep\/bmw-e36-e46-regulowane-tylne-wahacze\/#breadcrumb\"},\"inLanguage\":\"pl-PL\",\"potentialAction\":[{\"@type\":\"ReadAction\",\"target\":[\"https:\/\/cybul.eu\/pl\/sklep\/bmw-e36-e46-regulowane-tylne-wahacze\/\"]}]},{\"@type\":\"BreadcrumbList\",\"@id\":\"https:\/\/cybul.eu\/pl\/sklep\/bmw-e36-e46-regulowane-tylne-wahacze\/#breadcrumb\",\"itemListElement\":[{\"@type\":\"ListItem\",\"position\":1,\"name\":\"Strona g\u0142\u00f3wna\",\"item\":\"https:\/\/cybul.eu\/pl\/\"},{\"@type\":\"ListItem\",\"position\":2,\"name\":\"Sklep\",\"item\":\"https:\/\/cybul.eu\/pl\/sklep\/\"},{\"@type\":\"ListItem\",\"position\":3,\"name\":\"BMW E36 \/ E46 &#8211; regulowane tylne wahacze\"}]},{\"@type\":\"WebSite\",\"@id\":\"https:\/\/cybul.eu\/pl\/#website\",\"url\":\"https:\/\/cybul.eu\/pl\/\",\"name\":\"CYBUL\",\"description\":\"\",\"potentialAction\":[{\"@type\":\"SearchAction\",\"target\":{\"@type\":\"EntryPoint\",\"urlTemplate\":\"https:\/\/cybul.eu\/pl\/?s={search_term_string}\"},\"query-input\":{\"@type\":\"PropertyValueSpecification\",\"valueRequired\":true,\"valueName\":\"search_term_string\"}}],\"inLanguage\":\"pl-PL\"}]}<\/script>\n<!-- \/ Yoast SEO plugin. -->","yoast_head_json":{"title":"BMW E36 \/ E46 - regulowane tylne wahacze - CYBUL","description":"Umo\u017cliwiaj\u0105 p\u0142ynn\u0105 regulacj\u0119 pochylenia ko\u0142a w szerokim zakresie. Sprawdzaj\u0105 si\u0119 zar\u00f3wno w motorsporcie, jak i autach przerobionych do stance\u2019u.","robots":{"index":"index","follow":"follow","max-snippet":"max-snippet:-1","max-image-preview":"max-image-preview:large","max-video-preview":"max-video-preview:-1"},"canonical":"https:\/\/cybul.eu\/pl\/sklep\/bmw-e36-e46-regulowane-tylne-wahacze\/","og_locale":"pl_PL","og_type":"article","og_title":"BMW E36 \/ E46 - regulowane tylne wahacze - CYBUL","og_description":"Umo\u017cliwiaj\u0105 p\u0142ynn\u0105 regulacj\u0119 pochylenia ko\u0142a w szerokim zakresie. Sprawdzaj\u0105 si\u0119 zar\u00f3wno w motorsporcie, jak i autach przerobionych do stance\u2019u.","og_url":"https:\/\/cybul.eu\/pl\/sklep\/bmw-e36-e46-regulowane-tylne-wahacze\/","og_site_name":"CYBUL","article_modified_time":"2024-12-02T23:00:36+00:00","twitter_card":"summary_large_image","schema":{"@context":"https:\/\/schema.org","@graph":[{"@type":"WebPage","@id":"https:\/\/cybul.eu\/pl\/sklep\/bmw-e36-e46-regulowane-tylne-wahacze\/","url":"https:\/\/cybul.eu\/pl\/sklep\/bmw-e36-e46-regulowane-tylne-wahacze\/","name":"BMW E36 \/ E46 - regulowane tylne wahacze - CYBUL","isPartOf":{"@id":"https:\/\/cybul.eu\/pl\/#website"},"datePublished":"2019-09-25T10:51:03+00:00","dateModified":"2024-12-02T23:00:36+00:00","description":"Umo\u017cliwiaj\u0105 p\u0142ynn\u0105 regulacj\u0119 pochylenia ko\u0142a w szerokim zakresie. Sprawdzaj\u0105 si\u0119 zar\u00f3wno w motorsporcie, jak i autach przerobionych do stance\u2019u.","breadcrumb":{"@id":"https:\/\/cybul.eu\/pl\/sklep\/bmw-e36-e46-regulowane-tylne-wahacze\/#breadcrumb"},"inLanguage":"pl-PL","potentialAction":[{"@type":"ReadAction","target":["https:\/\/cybul.eu\/pl\/sklep\/bmw-e36-e46-regulowane-tylne-wahacze\/"]}]},{"@type":"BreadcrumbList","@id":"https:\/\/cybul.eu\/pl\/sklep\/bmw-e36-e46-regulowane-tylne-wahacze\/#breadcrumb","itemListElement":[{"@type":"ListItem","position":1,"name":"Strona g\u0142\u00f3wna","item":"https:\/\/cybul.eu\/pl\/"},{"@type":"ListItem","position":2,"name":"Sklep","item":"https:\/\/cybul.eu\/pl\/sklep\/"},{"@type":"ListItem","position":3,"name":"BMW E36 \/ E46 &#8211; regulowane tylne wahacze"}]},{"@type":"WebSite","@id":"https:\/\/cybul.eu\/pl\/#website","url":"https:\/\/cybul.eu\/pl\/","name":"CYBUL","description":"","potentialAction":[{"@type":"SearchAction","target":{"@type":"EntryPoint","urlTemplate":"https:\/\/cybul.eu\/pl\/?s={search_term_string}"},"query-input":{"@type":"PropertyValueSpecification","valueRequired":true,"valueName":"search_term_string"}}],"inLanguage":"pl-PL"}]}},"_links":{"self":[{"href":"https:\/\/cybul.eu\/pl\/wp-json\/wp\/v2\/product\/2393","targetHints":{"allow":["GET"]}}],"collection":[{"href":"https:\/\/cybul.eu\/pl\/wp-json\/wp\/v2\/product"}],"about":[{"href":"https:\/\/cybul.eu\/pl\/wp-json\/wp\/v2\/types\/product"}],"replies":[{"embeddable":true,"href":"https:\/\/cybul.eu\/pl\/wp-json\/wp\/v2\/comments?post=2393"}],"wp:attachment":[{"href":"https:\/\/cybul.eu\/pl\/wp-json\/wp\/v2\/media?parent=2393"}],"wp:term":[{"taxonomy":"product_cat","embeddable":true,"href":"https:\/\/cybul.eu\/pl\/wp-json\/wp\/v2\/product_cat?post=2393"},{"taxonomy":"product_tag","embeddable":true,"href":"https:\/\/cybul.eu\/pl\/wp-json\/wp\/v2\/product_tag?post=2393"}],"curies":[{"name":"wp","href":"https:\/\/api.w.org\/{rel}","templated":true}]}}