{"id":2377,"date":"2019-09-30T15:33:27","date_gmt":"2019-09-30T13:33:27","guid":{"rendered":"https:\/\/cybul.eu\/?post_type=product&#038;p=2377"},"modified":"2020-01-23T13:25:35","modified_gmt":"2020-01-23T12:25:35","slug":"nissan-patrol-tylne-dolne-regulowane-wahacze","status":"publish","type":"product","link":"https:\/\/cybul.eu\/pl\/sklep\/nissan-patrol-tylne-dolne-regulowane-wahacze\/","title":{"rendered":"Nissan Patrol &#8211; tylne dolne regulowane wahacze"},"content":{"rendered":"<p>Umo\u017cliwiaj\u0105 p\u0142ynn\u0105 regulacj\u0119 k\u0105ta pochylenia g\u0142\u00f3wki mostu w szerokim zakresie. Pozwala to wyeliminowa\u0107 wibracje wa\u0142u, kt\u00f3re pojawiaj\u0105 si\u0119 przy \u201elifcie\u201d, oraz ustawienie ko\u0142a na \u015brodku b\u0142otnika.<\/p>\n<p>Wykonane z precyzyjnych rur bezszwowych, spawane przez do\u015bwiadczonego spawacza. Sprawdzone w najci\u0119\u017cszych Polskich rajdach, o wiele wytrzymalsze od seryjnych wahaczy.<\/p>\n<p>Tuleje posiadaj\u0105 o wiele grubsz\u0105 \u015bciank\u0119 ni\u017c w seryjnych wahaczach. Dzi\u0119ki temu, nie ma ryzyka rozerwania tulei po zastosowaniu poliuretan\u00f3w.<\/p>\n<p>Wahacze kompatybilne z seryjnymi tulejami do Nissana Patrola.<\/p>\n<p>W naszym sklepie dost\u0119pne s\u0105 r\u00f3wnie\u017c wahacze z tulejami poliuretanowymi.<\/p>\n<p>Produkt lakierowany proszkowo na czarny mat, element gwintowany cynkowany galwanicznie.<\/p>\n","protected":false},"excerpt":{"rendered":"<p>Umo\u017cliwiaj\u0105 regulacj\u0119 k\u0105ta g\u0142\u00f3wki mostu oraz po\u0142o\u017cenia ko\u0142a w b\u0142otniku.<\/p>\n","protected":false},"featured_media":2379,"comment_status":"open","ping_status":"closed","template":"","meta":[],"product_cat":[279],"product_tag":[339],"class_list":{"0":"post-2377","1":"product","2":"type-product","3":"status-publish","4":"has-post-thumbnail","6":"product_cat-patrol","7":"product_tag-wahacze-off-road","9":"first","10":"instock","11":"taxable","12":"shipping-taxable","13":"purchasable","14":"product-type-simple"},"bundled_by":[],"bundle_stock_status":"instock","bundle_stock_quantity":null,"bundle_virtual":false,"bundle_layout":"","bundle_add_to_cart_form_location":"","bundle_editable_in_cart":false,"bundle_sold_individually_context":"","bundle_item_grouping":"","bundle_min_size":"","bundle_max_size":"","bundle_price":[],"bundled_items":[],"bundle_sell_ids":[],"acf":{"zdjecie_bez_watermarka":null,"zdjecie_bez_watermarka_url":"","product_orgin_url":""},"yoast_head":"<!-- This site is optimized with the Yoast SEO plugin v23.9 - https:\/\/yoast.com\/wordpress\/plugins\/seo\/ -->\n<title>Nissan Patrol - tylne dolne regulowane wahacze - CYBUL<\/title>\n<meta name=\"description\" content=\"Bardzo wytrzyma\u0142e, umo\u017cliwiaj\u0105 p\u0142ynn\u0105 regulacj\u0119 k\u0105ta pochylenia g\u0142\u00f3wki mostu w szerokim zakresie.\" \/>\n<meta name=\"robots\" content=\"index, follow, max-snippet:-1, max-image-preview:large, max-video-preview:-1\" \/>\n<link rel=\"canonical\" href=\"https:\/\/cybul.eu\/pl\/sklep\/nissan-patrol-tylne-dolne-regulowane-wahacze\/\" \/>\n<meta property=\"og:locale\" content=\"pl_PL\" \/>\n<meta property=\"og:type\" content=\"article\" \/>\n<meta property=\"og:title\" content=\"Nissan Patrol - tylne dolne regulowane wahacze - CYBUL\" \/>\n<meta property=\"og:description\" content=\"Bardzo wytrzyma\u0142e, umo\u017cliwiaj\u0105 p\u0142ynn\u0105 regulacj\u0119 k\u0105ta pochylenia g\u0142\u00f3wki mostu w szerokim zakresie.\" \/>\n<meta property=\"og:url\" content=\"https:\/\/cybul.eu\/pl\/sklep\/nissan-patrol-tylne-dolne-regulowane-wahacze\/\" \/>\n<meta property=\"og:site_name\" content=\"CYBUL\" \/>\n<meta property=\"article:modified_time\" content=\"2020-01-23T12:25:35+00:00\" \/>\n<meta property=\"og:image\" content=\"https:\/\/cybul.eu\/wp-content\/uploads\/2019\/09\/Nissan-patrol-rear-lower-control-arms.jpg\" \/>\n\t<meta property=\"og:image:width\" content=\"920\" \/>\n\t<meta property=\"og:image:height\" content=\"920\" \/>\n\t<meta property=\"og:image:type\" content=\"image\/jpeg\" \/>\n<meta name=\"twitter:card\" content=\"summary_large_image\" \/>\n<meta name=\"twitter:label1\" content=\"Szacowany czas czytania\" \/>\n\t<meta name=\"twitter:data1\" content=\"1 minuta\" \/>\n<script type=\"application\/ld+json\" class=\"yoast-schema-graph\">{\"@context\":\"https:\/\/schema.org\",\"@graph\":[{\"@type\":\"WebPage\",\"@id\":\"https:\/\/cybul.eu\/pl\/sklep\/nissan-patrol-tylne-dolne-regulowane-wahacze\/\",\"url\":\"https:\/\/cybul.eu\/pl\/sklep\/nissan-patrol-tylne-dolne-regulowane-wahacze\/\",\"name\":\"Nissan Patrol - tylne dolne regulowane wahacze - CYBUL\",\"isPartOf\":{\"@id\":\"https:\/\/cybul.eu\/pl\/#website\"},\"primaryImageOfPage\":{\"@id\":\"https:\/\/cybul.eu\/pl\/sklep\/nissan-patrol-tylne-dolne-regulowane-wahacze\/#primaryimage\"},\"image\":{\"@id\":\"https:\/\/cybul.eu\/pl\/sklep\/nissan-patrol-tylne-dolne-regulowane-wahacze\/#primaryimage\"},\"thumbnailUrl\":\"https:\/\/cybul.eu\/wp-content\/uploads\/2019\/09\/Nissan-patrol-rear-lower-control-arms.jpg\",\"datePublished\":\"2019-09-30T13:33:27+00:00\",\"dateModified\":\"2020-01-23T12:25:35+00:00\",\"description\":\"Bardzo wytrzyma\u0142e, umo\u017cliwiaj\u0105 p\u0142ynn\u0105 regulacj\u0119 k\u0105ta pochylenia g\u0142\u00f3wki mostu w szerokim zakresie.\",\"breadcrumb\":{\"@id\":\"https:\/\/cybul.eu\/pl\/sklep\/nissan-patrol-tylne-dolne-regulowane-wahacze\/#breadcrumb\"},\"inLanguage\":\"pl-PL\",\"potentialAction\":[{\"@type\":\"ReadAction\",\"target\":[\"https:\/\/cybul.eu\/pl\/sklep\/nissan-patrol-tylne-dolne-regulowane-wahacze\/\"]}]},{\"@type\":\"ImageObject\",\"inLanguage\":\"pl-PL\",\"@id\":\"https:\/\/cybul.eu\/pl\/sklep\/nissan-patrol-tylne-dolne-regulowane-wahacze\/#primaryimage\",\"url\":\"https:\/\/cybul.eu\/wp-content\/uploads\/2019\/09\/Nissan-patrol-rear-lower-control-arms.jpg\",\"contentUrl\":\"https:\/\/cybul.eu\/wp-content\/uploads\/2019\/09\/Nissan-patrol-rear-lower-control-arms.jpg\",\"width\":920,\"height\":920,\"caption\":\"Wyk.Vision-Media\"},{\"@type\":\"BreadcrumbList\",\"@id\":\"https:\/\/cybul.eu\/pl\/sklep\/nissan-patrol-tylne-dolne-regulowane-wahacze\/#breadcrumb\",\"itemListElement\":[{\"@type\":\"ListItem\",\"position\":1,\"name\":\"Strona g\u0142\u00f3wna\",\"item\":\"https:\/\/cybul.eu\/pl\/\"},{\"@type\":\"ListItem\",\"position\":2,\"name\":\"Sklep\",\"item\":\"https:\/\/cybul.eu\/pl\/sklep\/\"},{\"@type\":\"ListItem\",\"position\":3,\"name\":\"Nissan Patrol &#8211; tylne dolne regulowane wahacze\"}]},{\"@type\":\"WebSite\",\"@id\":\"https:\/\/cybul.eu\/pl\/#website\",\"url\":\"https:\/\/cybul.eu\/pl\/\",\"name\":\"CYBUL\",\"description\":\"\",\"potentialAction\":[{\"@type\":\"SearchAction\",\"target\":{\"@type\":\"EntryPoint\",\"urlTemplate\":\"https:\/\/cybul.eu\/pl\/?s={search_term_string}\"},\"query-input\":{\"@type\":\"PropertyValueSpecification\",\"valueRequired\":true,\"valueName\":\"search_term_string\"}}],\"inLanguage\":\"pl-PL\"}]}<\/script>\n<!-- \/ Yoast SEO plugin. -->","yoast_head_json":{"title":"Nissan Patrol - tylne dolne regulowane wahacze - CYBUL","description":"Bardzo wytrzyma\u0142e, umo\u017cliwiaj\u0105 p\u0142ynn\u0105 regulacj\u0119 k\u0105ta pochylenia g\u0142\u00f3wki mostu w szerokim zakresie.","robots":{"index":"index","follow":"follow","max-snippet":"max-snippet:-1","max-image-preview":"max-image-preview:large","max-video-preview":"max-video-preview:-1"},"canonical":"https:\/\/cybul.eu\/pl\/sklep\/nissan-patrol-tylne-dolne-regulowane-wahacze\/","og_locale":"pl_PL","og_type":"article","og_title":"Nissan Patrol - tylne dolne regulowane wahacze - CYBUL","og_description":"Bardzo wytrzyma\u0142e, umo\u017cliwiaj\u0105 p\u0142ynn\u0105 regulacj\u0119 k\u0105ta pochylenia g\u0142\u00f3wki mostu w szerokim zakresie.","og_url":"https:\/\/cybul.eu\/pl\/sklep\/nissan-patrol-tylne-dolne-regulowane-wahacze\/","og_site_name":"CYBUL","article_modified_time":"2020-01-23T12:25:35+00:00","og_image":[{"width":920,"height":920,"url":"https:\/\/cybul.eu\/wp-content\/uploads\/2019\/09\/Nissan-patrol-rear-lower-control-arms.jpg","type":"image\/jpeg"}],"twitter_card":"summary_large_image","twitter_misc":{"Szacowany czas czytania":"1 minuta"},"schema":{"@context":"https:\/\/schema.org","@graph":[{"@type":"WebPage","@id":"https:\/\/cybul.eu\/pl\/sklep\/nissan-patrol-tylne-dolne-regulowane-wahacze\/","url":"https:\/\/cybul.eu\/pl\/sklep\/nissan-patrol-tylne-dolne-regulowane-wahacze\/","name":"Nissan Patrol - tylne dolne regulowane wahacze - CYBUL","isPartOf":{"@id":"https:\/\/cybul.eu\/pl\/#website"},"primaryImageOfPage":{"@id":"https:\/\/cybul.eu\/pl\/sklep\/nissan-patrol-tylne-dolne-regulowane-wahacze\/#primaryimage"},"image":{"@id":"https:\/\/cybul.eu\/pl\/sklep\/nissan-patrol-tylne-dolne-regulowane-wahacze\/#primaryimage"},"thumbnailUrl":"https:\/\/cybul.eu\/wp-content\/uploads\/2019\/09\/Nissan-patrol-rear-lower-control-arms.jpg","datePublished":"2019-09-30T13:33:27+00:00","dateModified":"2020-01-23T12:25:35+00:00","description":"Bardzo wytrzyma\u0142e, umo\u017cliwiaj\u0105 p\u0142ynn\u0105 regulacj\u0119 k\u0105ta pochylenia g\u0142\u00f3wki mostu w szerokim zakresie.","breadcrumb":{"@id":"https:\/\/cybul.eu\/pl\/sklep\/nissan-patrol-tylne-dolne-regulowane-wahacze\/#breadcrumb"},"inLanguage":"pl-PL","potentialAction":[{"@type":"ReadAction","target":["https:\/\/cybul.eu\/pl\/sklep\/nissan-patrol-tylne-dolne-regulowane-wahacze\/"]}]},{"@type":"ImageObject","inLanguage":"pl-PL","@id":"https:\/\/cybul.eu\/pl\/sklep\/nissan-patrol-tylne-dolne-regulowane-wahacze\/#primaryimage","url":"https:\/\/cybul.eu\/wp-content\/uploads\/2019\/09\/Nissan-patrol-rear-lower-control-arms.jpg","contentUrl":"https:\/\/cybul.eu\/wp-content\/uploads\/2019\/09\/Nissan-patrol-rear-lower-control-arms.jpg","width":920,"height":920,"caption":"Wyk.Vision-Media"},{"@type":"BreadcrumbList","@id":"https:\/\/cybul.eu\/pl\/sklep\/nissan-patrol-tylne-dolne-regulowane-wahacze\/#breadcrumb","itemListElement":[{"@type":"ListItem","position":1,"name":"Strona g\u0142\u00f3wna","item":"https:\/\/cybul.eu\/pl\/"},{"@type":"ListItem","position":2,"name":"Sklep","item":"https:\/\/cybul.eu\/pl\/sklep\/"},{"@type":"ListItem","position":3,"name":"Nissan Patrol &#8211; tylne dolne regulowane wahacze"}]},{"@type":"WebSite","@id":"https:\/\/cybul.eu\/pl\/#website","url":"https:\/\/cybul.eu\/pl\/","name":"CYBUL","description":"","potentialAction":[{"@type":"SearchAction","target":{"@type":"EntryPoint","urlTemplate":"https:\/\/cybul.eu\/pl\/?s={search_term_string}"},"query-input":{"@type":"PropertyValueSpecification","valueRequired":true,"valueName":"search_term_string"}}],"inLanguage":"pl-PL"}]}},"_links":{"self":[{"href":"https:\/\/cybul.eu\/pl\/wp-json\/wp\/v2\/product\/2377","targetHints":{"allow":["GET"]}}],"collection":[{"href":"https:\/\/cybul.eu\/pl\/wp-json\/wp\/v2\/product"}],"about":[{"href":"https:\/\/cybul.eu\/pl\/wp-json\/wp\/v2\/types\/product"}],"replies":[{"embeddable":true,"href":"https:\/\/cybul.eu\/pl\/wp-json\/wp\/v2\/comments?post=2377"}],"wp:featuredmedia":[{"embeddable":true,"href":"https:\/\/cybul.eu\/pl\/wp-json\/wp\/v2\/media\/2379"}],"wp:attachment":[{"href":"https:\/\/cybul.eu\/pl\/wp-json\/wp\/v2\/media?parent=2377"}],"wp:term":[{"taxonomy":"product_cat","embeddable":true,"href":"https:\/\/cybul.eu\/pl\/wp-json\/wp\/v2\/product_cat?post=2377"},{"taxonomy":"product_tag","embeddable":true,"href":"https:\/\/cybul.eu\/pl\/wp-json\/wp\/v2\/product_tag?post=2377"}],"curies":[{"name":"wp","href":"https:\/\/api.w.org\/{rel}","templated":true}]}}