{"id":2364,"date":"2019-09-30T15:16:59","date_gmt":"2019-09-30T13:16:59","guid":{"rendered":"https:\/\/cybul.eu\/?post_type=product&#038;p=2364"},"modified":"2023-11-28T00:00:57","modified_gmt":"2023-11-27T23:00:57","slug":"jeep-grand-cherokee-wj-przedni-panhard","status":"publish","type":"product","link":"https:\/\/cybul.eu\/pl\/sklep\/jeep-grand-cherokee-wj-przedni-panhard\/","title":{"rendered":"Jeep Grand Cherokee WJ &#8211; regulowany przedni panhard"},"content":{"rendered":"<p>Umo\u017cliwia wyregulowanie po\u0142o\u017cenia mostu prawo-lewo. Jest to konieczne w ka\u017cdym samochodzie z podniesionym zawieszeniem \u2013 podczas \u201eliftu\u201d most jest \u015bci\u0105gany w bok. Korekta jego po\u0142o\u017cenia jest niezb\u0119dna, do zachowania poprawnych w\u0142a\u015bciwo\u015bci jezdnych.<\/p>\n<p>Po\u0142\u0105czenie tulei poliuretanowych i uniballa \u0142\u0105czy najlepsze cechy obydw\u00f3ch rozwi\u0105za\u0144. Poliuretany t\u0142umi\u0105 drgania, zwi\u0119kszaj\u0105c \u017cywotno\u015b\u0107 uniballa. Uniball natomiast umo\u017cliwiaj\u0105 prac\u0119 pod du\u017cymi k\u0105tami bez wytwarzania dodatkowego tarcia.<\/p>\n<p>Wykonany z bezszwowej, precyzyjnej rury o podwy\u017cszonej twardo\u015bci, o wiele wytrzymalszy od seryjnego dr\u0105\u017cka. Produkt lakierowany proszkowo na czarno.<\/p>\n<p>Monta\u017c nie wymaga \u017cadnych modyfikacji &#8211; jest to tzw. produkt &#8222;bolt on&#8221;. Zakres regulacji g\u0142ugo\u015bci 845mm-865mm.<\/p>\n<p>W zestwie tuleja poliuretanowa o twardo\u015bci 95ShA, uniball, tuleje redukcyjne i nakr\u0119tka<\/p>\n","protected":false},"excerpt":{"rendered":"<p>Umo\u017cliwia po\u0142o\u017cenie mostu prawo-lewo.<\/p>\n","protected":false},"featured_media":2366,"comment_status":"open","ping_status":"closed","template":"","meta":[],"product_cat":[277],"product_tag":[349,350],"class_list":{"0":"post-2364","1":"product","2":"type-product","3":"status-publish","4":"has-post-thumbnail","6":"product_cat-wj","7":"product_tag-track-bar-pl","8":"product_tag-drazek-panharda","10":"first","11":"instock","12":"taxable","13":"shipping-taxable","14":"purchasable","15":"product-type-simple"},"bundled_by":[],"bundle_stock_status":"instock","bundle_stock_quantity":null,"bundle_virtual":false,"bundle_layout":"","bundle_add_to_cart_form_location":"","bundle_editable_in_cart":false,"bundle_sold_individually_context":"","bundle_item_grouping":"","bundle_min_size":"","bundle_max_size":"","bundle_price":[],"bundled_items":[],"bundle_sell_ids":[],"acf":{"zdjecie_bez_watermarka":null,"zdjecie_bez_watermarka_url":"","product_orgin_url":""},"yoast_head":"<!-- This site is optimized with the Yoast SEO plugin v23.9 - https:\/\/yoast.com\/wordpress\/plugins\/seo\/ -->\n<title>Jeep Grand Cherokee WJ - regulowany przedni panhard - CYBUL<\/title>\n<meta name=\"description\" content=\"Umo\u017cliwia wyregulowanie po\u0142o\u017cenia mostu prawo-lewo. Jest to konieczne w ka\u017cdym samochodzie z podniesionym zawieszeniem \u2013 podczas \u201eliftu\u201d most jest \u015bci\u0105gany w bok.\" \/>\n<meta name=\"robots\" content=\"index, follow, max-snippet:-1, max-image-preview:large, max-video-preview:-1\" \/>\n<link rel=\"canonical\" href=\"https:\/\/cybul.eu\/pl\/sklep\/jeep-grand-cherokee-wj-przedni-panhard\/\" \/>\n<meta property=\"og:locale\" content=\"pl_PL\" \/>\n<meta property=\"og:type\" content=\"article\" \/>\n<meta property=\"og:title\" content=\"Jeep Grand Cherokee WJ - regulowany przedni panhard - CYBUL\" \/>\n<meta property=\"og:description\" content=\"Umo\u017cliwia wyregulowanie po\u0142o\u017cenia mostu prawo-lewo. Jest to konieczne w ka\u017cdym samochodzie z podniesionym zawieszeniem \u2013 podczas \u201eliftu\u201d most jest \u015bci\u0105gany w bok.\" \/>\n<meta property=\"og:url\" content=\"https:\/\/cybul.eu\/pl\/sklep\/jeep-grand-cherokee-wj-przedni-panhard\/\" \/>\n<meta property=\"og:site_name\" content=\"CYBUL\" \/>\n<meta property=\"article:modified_time\" content=\"2023-11-27T23:00:57+00:00\" \/>\n<meta property=\"og:image\" content=\"https:\/\/cybul.eu\/wp-content\/uploads\/2019\/09\/Jeep-WJ-front-track-barpanhard-rod.jpg\" \/>\n\t<meta property=\"og:image:width\" content=\"920\" \/>\n\t<meta property=\"og:image:height\" content=\"920\" \/>\n\t<meta property=\"og:image:type\" content=\"image\/jpeg\" \/>\n<meta name=\"twitter:card\" content=\"summary_large_image\" \/>\n<meta name=\"twitter:label1\" content=\"Szacowany czas czytania\" \/>\n\t<meta name=\"twitter:data1\" content=\"1 minuta\" \/>\n<script type=\"application\/ld+json\" class=\"yoast-schema-graph\">{\"@context\":\"https:\/\/schema.org\",\"@graph\":[{\"@type\":\"WebPage\",\"@id\":\"https:\/\/cybul.eu\/pl\/sklep\/jeep-grand-cherokee-wj-przedni-panhard\/\",\"url\":\"https:\/\/cybul.eu\/pl\/sklep\/jeep-grand-cherokee-wj-przedni-panhard\/\",\"name\":\"Jeep Grand Cherokee WJ - regulowany przedni panhard - CYBUL\",\"isPartOf\":{\"@id\":\"https:\/\/cybul.eu\/pl\/#website\"},\"primaryImageOfPage\":{\"@id\":\"https:\/\/cybul.eu\/pl\/sklep\/jeep-grand-cherokee-wj-przedni-panhard\/#primaryimage\"},\"image\":{\"@id\":\"https:\/\/cybul.eu\/pl\/sklep\/jeep-grand-cherokee-wj-przedni-panhard\/#primaryimage\"},\"thumbnailUrl\":\"https:\/\/cybul.eu\/wp-content\/uploads\/2019\/09\/Jeep-WJ-front-track-barpanhard-rod.jpg\",\"datePublished\":\"2019-09-30T13:16:59+00:00\",\"dateModified\":\"2023-11-27T23:00:57+00:00\",\"description\":\"Umo\u017cliwia wyregulowanie po\u0142o\u017cenia mostu prawo-lewo. Jest to konieczne w ka\u017cdym samochodzie z podniesionym zawieszeniem \u2013 podczas \u201eliftu\u201d most jest \u015bci\u0105gany w bok.\",\"breadcrumb\":{\"@id\":\"https:\/\/cybul.eu\/pl\/sklep\/jeep-grand-cherokee-wj-przedni-panhard\/#breadcrumb\"},\"inLanguage\":\"pl-PL\",\"potentialAction\":[{\"@type\":\"ReadAction\",\"target\":[\"https:\/\/cybul.eu\/pl\/sklep\/jeep-grand-cherokee-wj-przedni-panhard\/\"]}]},{\"@type\":\"ImageObject\",\"inLanguage\":\"pl-PL\",\"@id\":\"https:\/\/cybul.eu\/pl\/sklep\/jeep-grand-cherokee-wj-przedni-panhard\/#primaryimage\",\"url\":\"https:\/\/cybul.eu\/wp-content\/uploads\/2019\/09\/Jeep-WJ-front-track-barpanhard-rod.jpg\",\"contentUrl\":\"https:\/\/cybul.eu\/wp-content\/uploads\/2019\/09\/Jeep-WJ-front-track-barpanhard-rod.jpg\",\"width\":920,\"height\":920,\"caption\":\"Wyk.Vision-Media\"},{\"@type\":\"BreadcrumbList\",\"@id\":\"https:\/\/cybul.eu\/pl\/sklep\/jeep-grand-cherokee-wj-przedni-panhard\/#breadcrumb\",\"itemListElement\":[{\"@type\":\"ListItem\",\"position\":1,\"name\":\"Strona g\u0142\u00f3wna\",\"item\":\"https:\/\/cybul.eu\/pl\/\"},{\"@type\":\"ListItem\",\"position\":2,\"name\":\"Sklep\",\"item\":\"https:\/\/cybul.eu\/pl\/sklep\/\"},{\"@type\":\"ListItem\",\"position\":3,\"name\":\"Jeep Grand Cherokee WJ &#8211; regulowany przedni panhard\"}]},{\"@type\":\"WebSite\",\"@id\":\"https:\/\/cybul.eu\/pl\/#website\",\"url\":\"https:\/\/cybul.eu\/pl\/\",\"name\":\"CYBUL\",\"description\":\"\",\"potentialAction\":[{\"@type\":\"SearchAction\",\"target\":{\"@type\":\"EntryPoint\",\"urlTemplate\":\"https:\/\/cybul.eu\/pl\/?s={search_term_string}\"},\"query-input\":{\"@type\":\"PropertyValueSpecification\",\"valueRequired\":true,\"valueName\":\"search_term_string\"}}],\"inLanguage\":\"pl-PL\"}]}<\/script>\n<!-- \/ Yoast SEO plugin. -->","yoast_head_json":{"title":"Jeep Grand Cherokee WJ - regulowany przedni panhard - CYBUL","description":"Umo\u017cliwia wyregulowanie po\u0142o\u017cenia mostu prawo-lewo. Jest to konieczne w ka\u017cdym samochodzie z podniesionym zawieszeniem \u2013 podczas \u201eliftu\u201d most jest \u015bci\u0105gany w bok.","robots":{"index":"index","follow":"follow","max-snippet":"max-snippet:-1","max-image-preview":"max-image-preview:large","max-video-preview":"max-video-preview:-1"},"canonical":"https:\/\/cybul.eu\/pl\/sklep\/jeep-grand-cherokee-wj-przedni-panhard\/","og_locale":"pl_PL","og_type":"article","og_title":"Jeep Grand Cherokee WJ - regulowany przedni panhard - CYBUL","og_description":"Umo\u017cliwia wyregulowanie po\u0142o\u017cenia mostu prawo-lewo. Jest to konieczne w ka\u017cdym samochodzie z podniesionym zawieszeniem \u2013 podczas \u201eliftu\u201d most jest \u015bci\u0105gany w bok.","og_url":"https:\/\/cybul.eu\/pl\/sklep\/jeep-grand-cherokee-wj-przedni-panhard\/","og_site_name":"CYBUL","article_modified_time":"2023-11-27T23:00:57+00:00","og_image":[{"width":920,"height":920,"url":"https:\/\/cybul.eu\/wp-content\/uploads\/2019\/09\/Jeep-WJ-front-track-barpanhard-rod.jpg","type":"image\/jpeg"}],"twitter_card":"summary_large_image","twitter_misc":{"Szacowany czas czytania":"1 minuta"},"schema":{"@context":"https:\/\/schema.org","@graph":[{"@type":"WebPage","@id":"https:\/\/cybul.eu\/pl\/sklep\/jeep-grand-cherokee-wj-przedni-panhard\/","url":"https:\/\/cybul.eu\/pl\/sklep\/jeep-grand-cherokee-wj-przedni-panhard\/","name":"Jeep Grand Cherokee WJ - regulowany przedni panhard - CYBUL","isPartOf":{"@id":"https:\/\/cybul.eu\/pl\/#website"},"primaryImageOfPage":{"@id":"https:\/\/cybul.eu\/pl\/sklep\/jeep-grand-cherokee-wj-przedni-panhard\/#primaryimage"},"image":{"@id":"https:\/\/cybul.eu\/pl\/sklep\/jeep-grand-cherokee-wj-przedni-panhard\/#primaryimage"},"thumbnailUrl":"https:\/\/cybul.eu\/wp-content\/uploads\/2019\/09\/Jeep-WJ-front-track-barpanhard-rod.jpg","datePublished":"2019-09-30T13:16:59+00:00","dateModified":"2023-11-27T23:00:57+00:00","description":"Umo\u017cliwia wyregulowanie po\u0142o\u017cenia mostu prawo-lewo. Jest to konieczne w ka\u017cdym samochodzie z podniesionym zawieszeniem \u2013 podczas \u201eliftu\u201d most jest \u015bci\u0105gany w bok.","breadcrumb":{"@id":"https:\/\/cybul.eu\/pl\/sklep\/jeep-grand-cherokee-wj-przedni-panhard\/#breadcrumb"},"inLanguage":"pl-PL","potentialAction":[{"@type":"ReadAction","target":["https:\/\/cybul.eu\/pl\/sklep\/jeep-grand-cherokee-wj-przedni-panhard\/"]}]},{"@type":"ImageObject","inLanguage":"pl-PL","@id":"https:\/\/cybul.eu\/pl\/sklep\/jeep-grand-cherokee-wj-przedni-panhard\/#primaryimage","url":"https:\/\/cybul.eu\/wp-content\/uploads\/2019\/09\/Jeep-WJ-front-track-barpanhard-rod.jpg","contentUrl":"https:\/\/cybul.eu\/wp-content\/uploads\/2019\/09\/Jeep-WJ-front-track-barpanhard-rod.jpg","width":920,"height":920,"caption":"Wyk.Vision-Media"},{"@type":"BreadcrumbList","@id":"https:\/\/cybul.eu\/pl\/sklep\/jeep-grand-cherokee-wj-przedni-panhard\/#breadcrumb","itemListElement":[{"@type":"ListItem","position":1,"name":"Strona g\u0142\u00f3wna","item":"https:\/\/cybul.eu\/pl\/"},{"@type":"ListItem","position":2,"name":"Sklep","item":"https:\/\/cybul.eu\/pl\/sklep\/"},{"@type":"ListItem","position":3,"name":"Jeep Grand Cherokee WJ &#8211; regulowany przedni panhard"}]},{"@type":"WebSite","@id":"https:\/\/cybul.eu\/pl\/#website","url":"https:\/\/cybul.eu\/pl\/","name":"CYBUL","description":"","potentialAction":[{"@type":"SearchAction","target":{"@type":"EntryPoint","urlTemplate":"https:\/\/cybul.eu\/pl\/?s={search_term_string}"},"query-input":{"@type":"PropertyValueSpecification","valueRequired":true,"valueName":"search_term_string"}}],"inLanguage":"pl-PL"}]}},"_links":{"self":[{"href":"https:\/\/cybul.eu\/pl\/wp-json\/wp\/v2\/product\/2364","targetHints":{"allow":["GET"]}}],"collection":[{"href":"https:\/\/cybul.eu\/pl\/wp-json\/wp\/v2\/product"}],"about":[{"href":"https:\/\/cybul.eu\/pl\/wp-json\/wp\/v2\/types\/product"}],"replies":[{"embeddable":true,"href":"https:\/\/cybul.eu\/pl\/wp-json\/wp\/v2\/comments?post=2364"}],"wp:featuredmedia":[{"embeddable":true,"href":"https:\/\/cybul.eu\/pl\/wp-json\/wp\/v2\/media\/2366"}],"wp:attachment":[{"href":"https:\/\/cybul.eu\/pl\/wp-json\/wp\/v2\/media?parent=2364"}],"wp:term":[{"taxonomy":"product_cat","embeddable":true,"href":"https:\/\/cybul.eu\/pl\/wp-json\/wp\/v2\/product_cat?post=2364"},{"taxonomy":"product_tag","embeddable":true,"href":"https:\/\/cybul.eu\/pl\/wp-json\/wp\/v2\/product_tag?post=2364"}],"curies":[{"name":"wp","href":"https:\/\/api.w.org\/{rel}","templated":true}]}}