{"id":23561,"date":"2019-05-17T13:59:57","date_gmt":"2019-05-17T11:59:57","guid":{"rendered":"https:\/\/cybul.eu\/shop\/przedni-drazek-kierowniczy-do-nissan-patrol-przed-2000-rokiem\/"},"modified":"2025-06-05T11:58:41","modified_gmt":"2025-06-05T09:58:41","slug":"przedni-drazek-kierowniczy-do-nissan-patrol-przed-2000-rokiem","status":"publish","type":"product","link":"https:\/\/cybul.eu\/pl\/sklep\/przedni-drazek-kierowniczy-do-nissan-patrol-przed-2000-rokiem\/","title":{"rendered":"Przedni dr\u0105\u017cek kierowniczy do Nissan Patrol przed 2000 rokiem"},"content":{"rendered":"<div class=\"\" data-offset-key=\"at676-0-0\" data-editor=\"1ilbf\" data-block=\"true\">\n<p>Wykonany z precyzyjnej bezszwowej rury o wysokiej twardo\u015bci, znacznie mocniejszy od standardowego dr\u0105\u017cka. W przeciwie\u0144stwie do oryginalnego dr\u0105\u017cka kierowniczego, nasz produkt posiada dwa wymienne ko\u0144ce.<\/p>\n<p>W rezultacie obni\u017casz koszty naprawy &#8211; je\u015bli jeden z ko\u0144c\u00f3w ulegnie uszkodzeniu, mo\u017cesz go wymieni\u0107 bez potrzeby kupowania nowego dr\u0105\u017cka kierowniczego.<\/p>\n<p>Wersje mocowania stabilizatora dr\u0105\u017cka: oczko-oczko (po 2000 roku). W naszym sklepie znajdziesz r\u00f3wnie\u017c dr\u0105\u017cek z mocowaniem stabilizatora typu strut-strut.<\/p>\n<p>Regulacja d\u0142ugo\u015bci dr\u0105\u017cka oparta jest na mechanizmie \u015bruby rzymskiej, co pozwala na p\u0142ynn\u0105 regulacj\u0119 pozycji kierownicy.<\/p>\n<p>Pokryty proszkowo na metaliczny szary grafit. Zestaw zawiera dwa ko\u0144ce dr\u0105\u017cka kierowniczego, dr\u0105\u017cek, mocowanie stabilizatora dr\u0105\u017cka oraz zestaw nakr\u0119tek.<\/p>\n<p>Uwaga: ceny w GBP nie zawieraj\u0105 podatku VAT. Klienci z Irlandii P\u00f3\u0142nocnej b\u0119d\u0105 musieli doliczy\u0107 23% VAT.<\/p>\n<\/div>\n","protected":false},"excerpt":{"rendered":"<p>Wykonany z precyzyjnej bezszwowej rury o wysokiej twardo\u015bci, znacznie mocniejszy od standardowego dr\u0105\u017cka. W przeciwie\u0144stwie do oryginalnego dr\u0105\u017cka kierowniczego, nasz produkt posiada dwa wymienne ko\u0144ce. W rezultacie obni\u017casz koszty naprawy &#8211; je\u015bli jeden z ko\u0144c\u00f3w ulegnie uszkodzeniu, mo\u017cesz go wymieni\u0107 bez potrzeby kupowania nowego dr\u0105\u017cka kierowniczego. Wersje mocowania stabilizatora dr\u0105\u017cka: oczko-oczko (po 2000 roku). W [&#8230;]\n","protected":false},"featured_media":24504,"comment_status":"open","ping_status":"open","template":"","meta":[],"product_cat":[279,20],"product_tag":[352],"class_list":{"0":"post-23561","1":"product","2":"type-product","3":"status-publish","4":"has-post-thumbnail","6":"product_cat-patrol","7":"product_cat-nissanpl","8":"product_tag-drazki-kierownicze-off-road","10":"first","11":"instock","12":"taxable","13":"shipping-taxable","14":"purchasable","15":"product-type-simple"},"bundled_by":[],"bundle_stock_status":"instock","bundle_stock_quantity":null,"bundle_virtual":false,"bundle_layout":"","bundle_add_to_cart_form_location":"","bundle_editable_in_cart":false,"bundle_sold_individually_context":"","bundle_item_grouping":"","bundle_min_size":"","bundle_max_size":"","bundle_price":[],"bundled_items":[],"bundle_sell_ids":[],"acf":{"zdjecie_bez_watermarka":null,"zdjecie_bez_watermarka_url":"","product_orgin_url":""},"yoast_head":"<!-- This site is optimized with the Yoast SEO plugin v23.9 - https:\/\/yoast.com\/wordpress\/plugins\/seo\/ -->\n<title>Przedni dr\u0105\u017cek kierowniczy do Nissan Patrol przed 2000 rokiem - CYBUL<\/title>\n<meta name=\"robots\" content=\"index, follow, max-snippet:-1, max-image-preview:large, max-video-preview:-1\" \/>\n<link rel=\"canonical\" href=\"https:\/\/cybul.eu\/pl\/sklep\/przedni-drazek-kierowniczy-do-nissan-patrol-przed-2000-rokiem\/\" \/>\n<meta property=\"og:locale\" content=\"pl_PL\" \/>\n<meta property=\"og:type\" content=\"article\" \/>\n<meta property=\"og:title\" content=\"Przedni dr\u0105\u017cek kierowniczy do Nissan Patrol przed 2000 rokiem - CYBUL\" \/>\n<meta property=\"og:description\" content=\"Wykonany z precyzyjnej bezszwowej rury o wysokiej twardo\u015bci, znacznie mocniejszy od standardowego dr\u0105\u017cka. W przeciwie\u0144stwie do oryginalnego dr\u0105\u017cka kierowniczego, nasz produkt posiada dwa wymienne ko\u0144ce. W rezultacie obni\u017casz koszty naprawy &#8211; je\u015bli jeden z ko\u0144c\u00f3w ulegnie uszkodzeniu, mo\u017cesz go wymieni\u0107 bez potrzeby kupowania nowego dr\u0105\u017cka kierowniczego. Wersje mocowania stabilizatora dr\u0105\u017cka: oczko-oczko (po 2000 roku). W [...]\" \/>\n<meta property=\"og:url\" content=\"https:\/\/cybul.eu\/pl\/sklep\/przedni-drazek-kierowniczy-do-nissan-patrol-przed-2000-rokiem\/\" \/>\n<meta property=\"og:site_name\" content=\"CYBUL\" \/>\n<meta property=\"article:modified_time\" content=\"2025-06-05T09:58:41+00:00\" \/>\n<meta property=\"og:image\" content=\"https:\/\/cybul.eu\/wp-content\/uploads\/2025\/04\/NISSAN-PATROL-steering-rod-with-Yamato-rod-ends-new-type-mount-of-steering-damper-3.jpg\" \/>\n\t<meta property=\"og:image:width\" content=\"1600\" \/>\n\t<meta property=\"og:image:height\" content=\"1600\" \/>\n\t<meta property=\"og:image:type\" content=\"image\/jpeg\" \/>\n<meta name=\"twitter:card\" content=\"summary_large_image\" \/>\n<meta name=\"twitter:label1\" content=\"Szacowany czas czytania\" \/>\n\t<meta name=\"twitter:data1\" content=\"1 minuta\" \/>\n<script type=\"application\/ld+json\" class=\"yoast-schema-graph\">{\"@context\":\"https:\/\/schema.org\",\"@graph\":[{\"@type\":\"WebPage\",\"@id\":\"https:\/\/cybul.eu\/pl\/sklep\/przedni-drazek-kierowniczy-do-nissan-patrol-przed-2000-rokiem\/\",\"url\":\"https:\/\/cybul.eu\/pl\/sklep\/przedni-drazek-kierowniczy-do-nissan-patrol-przed-2000-rokiem\/\",\"name\":\"Przedni dr\u0105\u017cek kierowniczy do Nissan Patrol przed 2000 rokiem - CYBUL\",\"isPartOf\":{\"@id\":\"https:\/\/cybul.eu\/pl\/#website\"},\"primaryImageOfPage\":{\"@id\":\"https:\/\/cybul.eu\/pl\/sklep\/przedni-drazek-kierowniczy-do-nissan-patrol-przed-2000-rokiem\/#primaryimage\"},\"image\":{\"@id\":\"https:\/\/cybul.eu\/pl\/sklep\/przedni-drazek-kierowniczy-do-nissan-patrol-przed-2000-rokiem\/#primaryimage\"},\"thumbnailUrl\":\"https:\/\/cybul.eu\/wp-content\/uploads\/2025\/04\/NISSAN-PATROL-steering-rod-with-Yamato-rod-ends-new-type-mount-of-steering-damper-3.jpg\",\"datePublished\":\"2019-05-17T11:59:57+00:00\",\"dateModified\":\"2025-06-05T09:58:41+00:00\",\"breadcrumb\":{\"@id\":\"https:\/\/cybul.eu\/pl\/sklep\/przedni-drazek-kierowniczy-do-nissan-patrol-przed-2000-rokiem\/#breadcrumb\"},\"inLanguage\":\"pl-PL\",\"potentialAction\":[{\"@type\":\"ReadAction\",\"target\":[\"https:\/\/cybul.eu\/pl\/sklep\/przedni-drazek-kierowniczy-do-nissan-patrol-przed-2000-rokiem\/\"]}]},{\"@type\":\"ImageObject\",\"inLanguage\":\"pl-PL\",\"@id\":\"https:\/\/cybul.eu\/pl\/sklep\/przedni-drazek-kierowniczy-do-nissan-patrol-przed-2000-rokiem\/#primaryimage\",\"url\":\"https:\/\/cybul.eu\/wp-content\/uploads\/2025\/04\/NISSAN-PATROL-steering-rod-with-Yamato-rod-ends-new-type-mount-of-steering-damper-3.jpg\",\"contentUrl\":\"https:\/\/cybul.eu\/wp-content\/uploads\/2025\/04\/NISSAN-PATROL-steering-rod-with-Yamato-rod-ends-new-type-mount-of-steering-damper-3.jpg\",\"width\":1600,\"height\":1600},{\"@type\":\"BreadcrumbList\",\"@id\":\"https:\/\/cybul.eu\/pl\/sklep\/przedni-drazek-kierowniczy-do-nissan-patrol-przed-2000-rokiem\/#breadcrumb\",\"itemListElement\":[{\"@type\":\"ListItem\",\"position\":1,\"name\":\"Strona g\u0142\u00f3wna\",\"item\":\"https:\/\/cybul.eu\/pl\/\"},{\"@type\":\"ListItem\",\"position\":2,\"name\":\"Sklep\",\"item\":\"https:\/\/cybul.eu\/pl\/sklep\/\"},{\"@type\":\"ListItem\",\"position\":3,\"name\":\"Przedni dr\u0105\u017cek kierowniczy do Nissan Patrol przed 2000 rokiem\"}]},{\"@type\":\"WebSite\",\"@id\":\"https:\/\/cybul.eu\/pl\/#website\",\"url\":\"https:\/\/cybul.eu\/pl\/\",\"name\":\"CYBUL\",\"description\":\"\",\"potentialAction\":[{\"@type\":\"SearchAction\",\"target\":{\"@type\":\"EntryPoint\",\"urlTemplate\":\"https:\/\/cybul.eu\/pl\/?s={search_term_string}\"},\"query-input\":{\"@type\":\"PropertyValueSpecification\",\"valueRequired\":true,\"valueName\":\"search_term_string\"}}],\"inLanguage\":\"pl-PL\"}]}<\/script>\n<!-- \/ Yoast SEO plugin. -->","yoast_head_json":{"title":"Przedni dr\u0105\u017cek kierowniczy do Nissan Patrol przed 2000 rokiem - CYBUL","robots":{"index":"index","follow":"follow","max-snippet":"max-snippet:-1","max-image-preview":"max-image-preview:large","max-video-preview":"max-video-preview:-1"},"canonical":"https:\/\/cybul.eu\/pl\/sklep\/przedni-drazek-kierowniczy-do-nissan-patrol-przed-2000-rokiem\/","og_locale":"pl_PL","og_type":"article","og_title":"Przedni dr\u0105\u017cek kierowniczy do Nissan Patrol przed 2000 rokiem - CYBUL","og_description":"Wykonany z precyzyjnej bezszwowej rury o wysokiej twardo\u015bci, znacznie mocniejszy od standardowego dr\u0105\u017cka. W przeciwie\u0144stwie do oryginalnego dr\u0105\u017cka kierowniczego, nasz produkt posiada dwa wymienne ko\u0144ce. W rezultacie obni\u017casz koszty naprawy &#8211; je\u015bli jeden z ko\u0144c\u00f3w ulegnie uszkodzeniu, mo\u017cesz go wymieni\u0107 bez potrzeby kupowania nowego dr\u0105\u017cka kierowniczego. Wersje mocowania stabilizatora dr\u0105\u017cka: oczko-oczko (po 2000 roku). W [...]","og_url":"https:\/\/cybul.eu\/pl\/sklep\/przedni-drazek-kierowniczy-do-nissan-patrol-przed-2000-rokiem\/","og_site_name":"CYBUL","article_modified_time":"2025-06-05T09:58:41+00:00","og_image":[{"width":1600,"height":1600,"url":"https:\/\/cybul.eu\/wp-content\/uploads\/2025\/04\/NISSAN-PATROL-steering-rod-with-Yamato-rod-ends-new-type-mount-of-steering-damper-3.jpg","type":"image\/jpeg"}],"twitter_card":"summary_large_image","twitter_misc":{"Szacowany czas czytania":"1 minuta"},"schema":{"@context":"https:\/\/schema.org","@graph":[{"@type":"WebPage","@id":"https:\/\/cybul.eu\/pl\/sklep\/przedni-drazek-kierowniczy-do-nissan-patrol-przed-2000-rokiem\/","url":"https:\/\/cybul.eu\/pl\/sklep\/przedni-drazek-kierowniczy-do-nissan-patrol-przed-2000-rokiem\/","name":"Przedni dr\u0105\u017cek kierowniczy do Nissan Patrol przed 2000 rokiem - CYBUL","isPartOf":{"@id":"https:\/\/cybul.eu\/pl\/#website"},"primaryImageOfPage":{"@id":"https:\/\/cybul.eu\/pl\/sklep\/przedni-drazek-kierowniczy-do-nissan-patrol-przed-2000-rokiem\/#primaryimage"},"image":{"@id":"https:\/\/cybul.eu\/pl\/sklep\/przedni-drazek-kierowniczy-do-nissan-patrol-przed-2000-rokiem\/#primaryimage"},"thumbnailUrl":"https:\/\/cybul.eu\/wp-content\/uploads\/2025\/04\/NISSAN-PATROL-steering-rod-with-Yamato-rod-ends-new-type-mount-of-steering-damper-3.jpg","datePublished":"2019-05-17T11:59:57+00:00","dateModified":"2025-06-05T09:58:41+00:00","breadcrumb":{"@id":"https:\/\/cybul.eu\/pl\/sklep\/przedni-drazek-kierowniczy-do-nissan-patrol-przed-2000-rokiem\/#breadcrumb"},"inLanguage":"pl-PL","potentialAction":[{"@type":"ReadAction","target":["https:\/\/cybul.eu\/pl\/sklep\/przedni-drazek-kierowniczy-do-nissan-patrol-przed-2000-rokiem\/"]}]},{"@type":"ImageObject","inLanguage":"pl-PL","@id":"https:\/\/cybul.eu\/pl\/sklep\/przedni-drazek-kierowniczy-do-nissan-patrol-przed-2000-rokiem\/#primaryimage","url":"https:\/\/cybul.eu\/wp-content\/uploads\/2025\/04\/NISSAN-PATROL-steering-rod-with-Yamato-rod-ends-new-type-mount-of-steering-damper-3.jpg","contentUrl":"https:\/\/cybul.eu\/wp-content\/uploads\/2025\/04\/NISSAN-PATROL-steering-rod-with-Yamato-rod-ends-new-type-mount-of-steering-damper-3.jpg","width":1600,"height":1600},{"@type":"BreadcrumbList","@id":"https:\/\/cybul.eu\/pl\/sklep\/przedni-drazek-kierowniczy-do-nissan-patrol-przed-2000-rokiem\/#breadcrumb","itemListElement":[{"@type":"ListItem","position":1,"name":"Strona g\u0142\u00f3wna","item":"https:\/\/cybul.eu\/pl\/"},{"@type":"ListItem","position":2,"name":"Sklep","item":"https:\/\/cybul.eu\/pl\/sklep\/"},{"@type":"ListItem","position":3,"name":"Przedni dr\u0105\u017cek kierowniczy do Nissan Patrol przed 2000 rokiem"}]},{"@type":"WebSite","@id":"https:\/\/cybul.eu\/pl\/#website","url":"https:\/\/cybul.eu\/pl\/","name":"CYBUL","description":"","potentialAction":[{"@type":"SearchAction","target":{"@type":"EntryPoint","urlTemplate":"https:\/\/cybul.eu\/pl\/?s={search_term_string}"},"query-input":{"@type":"PropertyValueSpecification","valueRequired":true,"valueName":"search_term_string"}}],"inLanguage":"pl-PL"}]}},"_links":{"self":[{"href":"https:\/\/cybul.eu\/pl\/wp-json\/wp\/v2\/product\/23561","targetHints":{"allow":["GET"]}}],"collection":[{"href":"https:\/\/cybul.eu\/pl\/wp-json\/wp\/v2\/product"}],"about":[{"href":"https:\/\/cybul.eu\/pl\/wp-json\/wp\/v2\/types\/product"}],"replies":[{"embeddable":true,"href":"https:\/\/cybul.eu\/pl\/wp-json\/wp\/v2\/comments?post=23561"}],"wp:featuredmedia":[{"embeddable":true,"href":"https:\/\/cybul.eu\/pl\/wp-json\/wp\/v2\/media\/24504"}],"wp:attachment":[{"href":"https:\/\/cybul.eu\/pl\/wp-json\/wp\/v2\/media?parent=23561"}],"wp:term":[{"taxonomy":"product_cat","embeddable":true,"href":"https:\/\/cybul.eu\/pl\/wp-json\/wp\/v2\/product_cat?post=23561"},{"taxonomy":"product_tag","embeddable":true,"href":"https:\/\/cybul.eu\/pl\/wp-json\/wp\/v2\/product_tag?post=23561"}],"curies":[{"name":"wp","href":"https:\/\/api.w.org\/{rel}","templated":true}]}}