{"id":23553,"date":"2020-09-10T13:41:41","date_gmt":"2020-09-10T11:41:41","guid":{"rendered":"https:\/\/cybul.eu\/shop\/nissan-patrol-y61-tylny-drazek-kierowniczy-hd\/"},"modified":"2025-06-05T11:58:40","modified_gmt":"2025-06-05T09:58:40","slug":"nissan-patrol-y61-tylny-drazek-kierowniczy-hd","status":"publish","type":"product","link":"https:\/\/cybul.eu\/pl\/sklep\/nissan-patrol-y61-tylny-drazek-kierowniczy-hd\/","title":{"rendered":"Nissan Patrol Y61, tylny dr\u0105\u017cek kierowniczy HD"},"content":{"rendered":"<p>Ten dr\u0105\u017cek kierowniczy wykonany jest z wysokotwardej precyzyjnej rury bezszwowej, co czyni go znacznie mocniejszym ni\u017c standardowy dr\u0105\u017cek.<\/p>\n<p><strong>G\u0142\u00f3wne korzy\u015bci:<\/strong><\/p>\n<ul>\n<li>Regulacja d\u0142ugo\u015bci oparta na mechanizmie \u015brubowym, co pozwala na bezstopniowe ustawienie pozycji kierownicy.<\/li>\n<\/ul>\n<p><strong>Kluczowe cechy:<\/strong><\/p>\n<ul>\n<li>Malowany proszkowo na kolor grafitowy szary dla zwi\u0119kszonej trwa\u0142o\u015bci.<\/li>\n<li>Zestaw zawiera dwa ko\u0144ce dr\u0105\u017ck\u00f3w kierowniczych oraz sam dr\u0105\u017cek.<\/li>\n<\/ul>\n","protected":false},"excerpt":{"rendered":"<p>Ten dr\u0105\u017cek kierowniczy wykonany jest z wysokotwardej precyzyjnej rury bezszwowej, co czyni go znacznie mocniejszym ni\u017c standardowy dr\u0105\u017cek. G\u0142\u00f3wne korzy\u015bci: Regulacja d\u0142ugo\u015bci oparta na mechanizmie \u015brubowym, co pozwala na bezstopniowe ustawienie pozycji kierownicy. Kluczowe cechy: Malowany proszkowo na kolor grafitowy szary dla zwi\u0119kszonej trwa\u0142o\u015bci. Zestaw zawiera dwa ko\u0144ce dr\u0105\u017ck\u00f3w kierowniczych oraz sam dr\u0105\u017cek.<\/p>\n","protected":false},"featured_media":1318,"comment_status":"open","ping_status":"closed","template":"","meta":[],"product_cat":[279],"product_tag":[352],"class_list":{"0":"post-23553","1":"product","2":"type-product","3":"status-publish","4":"has-post-thumbnail","6":"product_cat-patrol","7":"product_tag-drazki-kierownicze-off-road","9":"first","10":"instock","11":"taxable","12":"shipping-taxable","13":"purchasable","14":"product-type-simple"},"bundled_by":[],"bundle_stock_status":"instock","bundle_stock_quantity":null,"bundle_virtual":false,"bundle_layout":"","bundle_add_to_cart_form_location":"","bundle_editable_in_cart":false,"bundle_sold_individually_context":"","bundle_item_grouping":"","bundle_min_size":"","bundle_max_size":"","bundle_price":[],"bundled_items":[],"bundle_sell_ids":[],"acf":{"zdjecie_bez_watermarka":null,"zdjecie_bez_watermarka_url":"","product_orgin_url":""},"yoast_head":"<!-- This site is optimized with the Yoast SEO plugin v23.9 - https:\/\/yoast.com\/wordpress\/plugins\/seo\/ -->\n<title>Nissan Patrol Y61, tylny dr\u0105\u017cek kierowniczy HD - CYBUL<\/title>\n<meta name=\"robots\" content=\"index, follow, max-snippet:-1, max-image-preview:large, max-video-preview:-1\" \/>\n<link rel=\"canonical\" href=\"https:\/\/cybul.eu\/pl\/sklep\/nissan-patrol-y61-tylny-drazek-kierowniczy-hd\/\" \/>\n<meta property=\"og:locale\" content=\"pl_PL\" \/>\n<meta property=\"og:type\" content=\"article\" \/>\n<meta property=\"og:title\" content=\"Nissan Patrol Y61, tylny dr\u0105\u017cek kierowniczy HD - CYBUL\" \/>\n<meta property=\"og:description\" content=\"Ten dr\u0105\u017cek kierowniczy wykonany jest z wysokotwardej precyzyjnej rury bezszwowej, co czyni go znacznie mocniejszym ni\u017c standardowy dr\u0105\u017cek. G\u0142\u00f3wne korzy\u015bci: Regulacja d\u0142ugo\u015bci oparta na mechanizmie \u015brubowym, co pozwala na bezstopniowe ustawienie pozycji kierownicy. Kluczowe cechy: Malowany proszkowo na kolor grafitowy szary dla zwi\u0119kszonej trwa\u0142o\u015bci. Zestaw zawiera dwa ko\u0144ce dr\u0105\u017ck\u00f3w kierowniczych oraz sam dr\u0105\u017cek.\" \/>\n<meta property=\"og:url\" content=\"https:\/\/cybul.eu\/pl\/sklep\/nissan-patrol-y61-tylny-drazek-kierowniczy-hd\/\" \/>\n<meta property=\"og:site_name\" content=\"CYBUL\" \/>\n<meta property=\"article:modified_time\" content=\"2025-06-05T09:58:40+00:00\" \/>\n<meta property=\"og:image\" content=\"https:\/\/cybul.eu\/wp-content\/uploads\/2019\/05\/Nissan-Patrol-HD-rear-steering-rod.jpg\" \/>\n\t<meta property=\"og:image:width\" content=\"1600\" \/>\n\t<meta property=\"og:image:height\" content=\"1600\" \/>\n\t<meta property=\"og:image:type\" content=\"image\/jpeg\" \/>\n<meta name=\"twitter:card\" content=\"summary_large_image\" \/>\n<script type=\"application\/ld+json\" class=\"yoast-schema-graph\">{\"@context\":\"https:\/\/schema.org\",\"@graph\":[{\"@type\":\"WebPage\",\"@id\":\"https:\/\/cybul.eu\/pl\/sklep\/nissan-patrol-y61-tylny-drazek-kierowniczy-hd\/\",\"url\":\"https:\/\/cybul.eu\/pl\/sklep\/nissan-patrol-y61-tylny-drazek-kierowniczy-hd\/\",\"name\":\"Nissan Patrol Y61, tylny dr\u0105\u017cek kierowniczy HD - CYBUL\",\"isPartOf\":{\"@id\":\"https:\/\/cybul.eu\/pl\/#website\"},\"primaryImageOfPage\":{\"@id\":\"https:\/\/cybul.eu\/pl\/sklep\/nissan-patrol-y61-tylny-drazek-kierowniczy-hd\/#primaryimage\"},\"image\":{\"@id\":\"https:\/\/cybul.eu\/pl\/sklep\/nissan-patrol-y61-tylny-drazek-kierowniczy-hd\/#primaryimage\"},\"thumbnailUrl\":\"https:\/\/cybul.eu\/wp-content\/uploads\/2019\/05\/Nissan-Patrol-HD-rear-steering-rod.jpg\",\"datePublished\":\"2020-09-10T11:41:41+00:00\",\"dateModified\":\"2025-06-05T09:58:40+00:00\",\"breadcrumb\":{\"@id\":\"https:\/\/cybul.eu\/pl\/sklep\/nissan-patrol-y61-tylny-drazek-kierowniczy-hd\/#breadcrumb\"},\"inLanguage\":\"pl-PL\",\"potentialAction\":[{\"@type\":\"ReadAction\",\"target\":[\"https:\/\/cybul.eu\/pl\/sklep\/nissan-patrol-y61-tylny-drazek-kierowniczy-hd\/\"]}]},{\"@type\":\"ImageObject\",\"inLanguage\":\"pl-PL\",\"@id\":\"https:\/\/cybul.eu\/pl\/sklep\/nissan-patrol-y61-tylny-drazek-kierowniczy-hd\/#primaryimage\",\"url\":\"https:\/\/cybul.eu\/wp-content\/uploads\/2019\/05\/Nissan-Patrol-HD-rear-steering-rod.jpg\",\"contentUrl\":\"https:\/\/cybul.eu\/wp-content\/uploads\/2019\/05\/Nissan-Patrol-HD-rear-steering-rod.jpg\",\"width\":1600,\"height\":1600,\"caption\":\"Nissan Patrol tylny dr\u0105\u017cek kierowniczy\"},{\"@type\":\"BreadcrumbList\",\"@id\":\"https:\/\/cybul.eu\/pl\/sklep\/nissan-patrol-y61-tylny-drazek-kierowniczy-hd\/#breadcrumb\",\"itemListElement\":[{\"@type\":\"ListItem\",\"position\":1,\"name\":\"Strona g\u0142\u00f3wna\",\"item\":\"https:\/\/cybul.eu\/pl\/\"},{\"@type\":\"ListItem\",\"position\":2,\"name\":\"Sklep\",\"item\":\"https:\/\/cybul.eu\/pl\/sklep\/\"},{\"@type\":\"ListItem\",\"position\":3,\"name\":\"Nissan Patrol Y61, tylny dr\u0105\u017cek kierowniczy HD\"}]},{\"@type\":\"WebSite\",\"@id\":\"https:\/\/cybul.eu\/pl\/#website\",\"url\":\"https:\/\/cybul.eu\/pl\/\",\"name\":\"CYBUL\",\"description\":\"\",\"potentialAction\":[{\"@type\":\"SearchAction\",\"target\":{\"@type\":\"EntryPoint\",\"urlTemplate\":\"https:\/\/cybul.eu\/pl\/?s={search_term_string}\"},\"query-input\":{\"@type\":\"PropertyValueSpecification\",\"valueRequired\":true,\"valueName\":\"search_term_string\"}}],\"inLanguage\":\"pl-PL\"}]}<\/script>\n<!-- \/ Yoast SEO plugin. -->","yoast_head_json":{"title":"Nissan Patrol Y61, tylny dr\u0105\u017cek kierowniczy HD - CYBUL","robots":{"index":"index","follow":"follow","max-snippet":"max-snippet:-1","max-image-preview":"max-image-preview:large","max-video-preview":"max-video-preview:-1"},"canonical":"https:\/\/cybul.eu\/pl\/sklep\/nissan-patrol-y61-tylny-drazek-kierowniczy-hd\/","og_locale":"pl_PL","og_type":"article","og_title":"Nissan Patrol Y61, tylny dr\u0105\u017cek kierowniczy HD - CYBUL","og_description":"Ten dr\u0105\u017cek kierowniczy wykonany jest z wysokotwardej precyzyjnej rury bezszwowej, co czyni go znacznie mocniejszym ni\u017c standardowy dr\u0105\u017cek. G\u0142\u00f3wne korzy\u015bci: Regulacja d\u0142ugo\u015bci oparta na mechanizmie \u015brubowym, co pozwala na bezstopniowe ustawienie pozycji kierownicy. Kluczowe cechy: Malowany proszkowo na kolor grafitowy szary dla zwi\u0119kszonej trwa\u0142o\u015bci. Zestaw zawiera dwa ko\u0144ce dr\u0105\u017ck\u00f3w kierowniczych oraz sam dr\u0105\u017cek.","og_url":"https:\/\/cybul.eu\/pl\/sklep\/nissan-patrol-y61-tylny-drazek-kierowniczy-hd\/","og_site_name":"CYBUL","article_modified_time":"2025-06-05T09:58:40+00:00","og_image":[{"width":1600,"height":1600,"url":"https:\/\/cybul.eu\/wp-content\/uploads\/2019\/05\/Nissan-Patrol-HD-rear-steering-rod.jpg","type":"image\/jpeg"}],"twitter_card":"summary_large_image","schema":{"@context":"https:\/\/schema.org","@graph":[{"@type":"WebPage","@id":"https:\/\/cybul.eu\/pl\/sklep\/nissan-patrol-y61-tylny-drazek-kierowniczy-hd\/","url":"https:\/\/cybul.eu\/pl\/sklep\/nissan-patrol-y61-tylny-drazek-kierowniczy-hd\/","name":"Nissan Patrol Y61, tylny dr\u0105\u017cek kierowniczy HD - CYBUL","isPartOf":{"@id":"https:\/\/cybul.eu\/pl\/#website"},"primaryImageOfPage":{"@id":"https:\/\/cybul.eu\/pl\/sklep\/nissan-patrol-y61-tylny-drazek-kierowniczy-hd\/#primaryimage"},"image":{"@id":"https:\/\/cybul.eu\/pl\/sklep\/nissan-patrol-y61-tylny-drazek-kierowniczy-hd\/#primaryimage"},"thumbnailUrl":"https:\/\/cybul.eu\/wp-content\/uploads\/2019\/05\/Nissan-Patrol-HD-rear-steering-rod.jpg","datePublished":"2020-09-10T11:41:41+00:00","dateModified":"2025-06-05T09:58:40+00:00","breadcrumb":{"@id":"https:\/\/cybul.eu\/pl\/sklep\/nissan-patrol-y61-tylny-drazek-kierowniczy-hd\/#breadcrumb"},"inLanguage":"pl-PL","potentialAction":[{"@type":"ReadAction","target":["https:\/\/cybul.eu\/pl\/sklep\/nissan-patrol-y61-tylny-drazek-kierowniczy-hd\/"]}]},{"@type":"ImageObject","inLanguage":"pl-PL","@id":"https:\/\/cybul.eu\/pl\/sklep\/nissan-patrol-y61-tylny-drazek-kierowniczy-hd\/#primaryimage","url":"https:\/\/cybul.eu\/wp-content\/uploads\/2019\/05\/Nissan-Patrol-HD-rear-steering-rod.jpg","contentUrl":"https:\/\/cybul.eu\/wp-content\/uploads\/2019\/05\/Nissan-Patrol-HD-rear-steering-rod.jpg","width":1600,"height":1600,"caption":"Nissan Patrol tylny dr\u0105\u017cek kierowniczy"},{"@type":"BreadcrumbList","@id":"https:\/\/cybul.eu\/pl\/sklep\/nissan-patrol-y61-tylny-drazek-kierowniczy-hd\/#breadcrumb","itemListElement":[{"@type":"ListItem","position":1,"name":"Strona g\u0142\u00f3wna","item":"https:\/\/cybul.eu\/pl\/"},{"@type":"ListItem","position":2,"name":"Sklep","item":"https:\/\/cybul.eu\/pl\/sklep\/"},{"@type":"ListItem","position":3,"name":"Nissan Patrol Y61, tylny dr\u0105\u017cek kierowniczy HD"}]},{"@type":"WebSite","@id":"https:\/\/cybul.eu\/pl\/#website","url":"https:\/\/cybul.eu\/pl\/","name":"CYBUL","description":"","potentialAction":[{"@type":"SearchAction","target":{"@type":"EntryPoint","urlTemplate":"https:\/\/cybul.eu\/pl\/?s={search_term_string}"},"query-input":{"@type":"PropertyValueSpecification","valueRequired":true,"valueName":"search_term_string"}}],"inLanguage":"pl-PL"}]}},"_links":{"self":[{"href":"https:\/\/cybul.eu\/pl\/wp-json\/wp\/v2\/product\/23553","targetHints":{"allow":["GET"]}}],"collection":[{"href":"https:\/\/cybul.eu\/pl\/wp-json\/wp\/v2\/product"}],"about":[{"href":"https:\/\/cybul.eu\/pl\/wp-json\/wp\/v2\/types\/product"}],"replies":[{"embeddable":true,"href":"https:\/\/cybul.eu\/pl\/wp-json\/wp\/v2\/comments?post=23553"}],"wp:featuredmedia":[{"embeddable":true,"href":"https:\/\/cybul.eu\/pl\/wp-json\/wp\/v2\/media\/1318"}],"wp:attachment":[{"href":"https:\/\/cybul.eu\/pl\/wp-json\/wp\/v2\/media?parent=23553"}],"wp:term":[{"taxonomy":"product_cat","embeddable":true,"href":"https:\/\/cybul.eu\/pl\/wp-json\/wp\/v2\/product_cat?post=23553"},{"taxonomy":"product_tag","embeddable":true,"href":"https:\/\/cybul.eu\/pl\/wp-json\/wp\/v2\/product_tag?post=23553"}],"curies":[{"name":"wp","href":"https:\/\/api.w.org\/{rel}","templated":true}]}}