{"id":23544,"date":"2020-12-21T08:11:43","date_gmt":"2020-12-21T07:11:43","guid":{"rendered":"https:\/\/cybul.eu\/shop\/mazda-mx-5-nc-dolna-rozporka-x-brace\/"},"modified":"2025-06-05T11:58:38","modified_gmt":"2025-06-05T09:58:38","slug":"mazda-mx-5-nc-dolna-rozporka-x-brace","status":"publish","type":"product","link":"https:\/\/cybul.eu\/pl\/sklep\/mazda-mx-5-nc-dolna-rozporka-x-brace\/","title":{"rendered":"Mazda MX-5 NC &#8211; dolna rozp\u00f3rka X-brace"},"content":{"rendered":"<p><strong>Mazda MX-5 NC, rozp\u00f3rka X-brace.<\/strong><\/p>\n<p>Bardziej sztywna alternatywa dla rozp\u00f3rki X-brace znajduj\u0105cej si\u0119 w \u015brodkowej cz\u0119\u015bci samochodu. Standardowa rozp\u00f3rka jest skr\u0119calna r\u0119k\u0105; ta jest wykonana z wysokiej wytrzyma\u0142o\u015bci stali konstrukcyjnej. W przeciwie\u0144stwie do aluminiowych rozp\u00f3rek, jest odporna na p\u0119kni\u0119cia, nawet przy maksymalnym obci\u0105\u017ceniu.<\/p>\n<p><strong>G\u0142\u00f3wne korzy\u015bci:<\/strong><\/p>\n<ul>\n<li>Sztywniejsza ni\u017c standardowa o ponad 300%.<\/li>\n<li>Znacznie redukuje skr\u0119canie nadwozia w po\u0142\u0105czeniu z innymi stabilizatorami z naszej oferty.<\/li>\n<li>Produkt 100% bolt-on; nie wymaga modyfikacji samochodu.<\/li>\n<li>Blisko nadwozia, aby zachowa\u0107 jak najwi\u0119kszy prze\u015bwit.<\/li>\n<li>Zwi\u0119ksza subiektywne odczucie prowadzenia oraz reakcj\u0119 kierownicy.<\/li>\n<\/ul>\n<p><strong>Kluczowe cechy:<\/strong><\/p>\n<ul>\n<li>Na ostatnim zdj\u0119ciu mo\u017cna zobaczy\u0107, jak te rozp\u00f3rki wygl\u0105daj\u0105 zamontowane w samochodzie w pe\u0142nym zestawie dolnych wzmocnie\u0144.<\/li>\n<li>Malowane proszkowo na kolor grafitowy metaliczny.<\/li>\n<li>Waga: 2,35 kg.<\/li>\n<li>Przy zakupie w kompletnym zestawie malowanie na ponad 100 kolor\u00f3w w wyko\u0144czeniu matowym lub b\u0142yszcz\u0105cym jest wliczone w cen\u0119.<\/li>\n<\/ul>\n","protected":false},"excerpt":{"rendered":"<p>Mazda MX-5 NC, rozp\u00f3rka X-brace. Bardziej sztywna alternatywa dla rozp\u00f3rki X-brace znajduj\u0105cej si\u0119 w \u015brodkowej cz\u0119\u015bci samochodu. Standardowa rozp\u00f3rka jest skr\u0119calna r\u0119k\u0105; ta jest wykonana z wysokiej wytrzyma\u0142o\u015bci stali konstrukcyjnej. W przeciwie\u0144stwie do aluminiowych rozp\u00f3rek, jest odporna na p\u0119kni\u0119cia, nawet przy maksymalnym obci\u0105\u017ceniu. G\u0142\u00f3wne korzy\u015bci: Sztywniejsza ni\u017c standardowa o ponad 300%. Znacznie redukuje skr\u0119canie nadwozia [&#8230;]\n","protected":false},"featured_media":3936,"comment_status":"open","ping_status":"closed","template":"","meta":[],"product_cat":[447],"product_tag":[],"class_list":{"0":"post-23544","1":"product","2":"type-product","3":"status-publish","4":"has-post-thumbnail","6":"product_cat-mx-5-nc-pl","8":"first","9":"instock","10":"taxable","11":"shipping-taxable","12":"purchasable","13":"product-type-simple"},"bundled_by":[],"bundle_stock_status":"instock","bundle_stock_quantity":null,"bundle_virtual":false,"bundle_layout":"","bundle_add_to_cart_form_location":"","bundle_editable_in_cart":false,"bundle_sold_individually_context":"","bundle_item_grouping":"","bundle_min_size":"","bundle_max_size":"","bundle_price":[],"bundled_items":[],"bundle_sell_ids":[],"acf":{"zdjecie_bez_watermarka":null,"zdjecie_bez_watermarka_url":"","product_orgin_url":""},"yoast_head":"<!-- This site is optimized with the Yoast SEO plugin v23.9 - https:\/\/yoast.com\/wordpress\/plugins\/seo\/ -->\n<title>Mazda MX-5 NC - dolna rozp\u00f3rka X-brace - CYBUL<\/title>\n<meta name=\"robots\" content=\"index, follow, max-snippet:-1, max-image-preview:large, max-video-preview:-1\" \/>\n<link rel=\"canonical\" href=\"https:\/\/cybul.eu\/pl\/sklep\/mazda-mx-5-nc-dolna-rozporka-x-brace\/\" \/>\n<meta property=\"og:locale\" content=\"pl_PL\" \/>\n<meta property=\"og:type\" content=\"article\" \/>\n<meta property=\"og:title\" content=\"Mazda MX-5 NC - dolna rozp\u00f3rka X-brace - CYBUL\" \/>\n<meta property=\"og:description\" content=\"Mazda MX-5 NC, rozp\u00f3rka X-brace. Bardziej sztywna alternatywa dla rozp\u00f3rki X-brace znajduj\u0105cej si\u0119 w \u015brodkowej cz\u0119\u015bci samochodu. Standardowa rozp\u00f3rka jest skr\u0119calna r\u0119k\u0105; ta jest wykonana z wysokiej wytrzyma\u0142o\u015bci stali konstrukcyjnej. W przeciwie\u0144stwie do aluminiowych rozp\u00f3rek, jest odporna na p\u0119kni\u0119cia, nawet przy maksymalnym obci\u0105\u017ceniu. G\u0142\u00f3wne korzy\u015bci: Sztywniejsza ni\u017c standardowa o ponad 300%. Znacznie redukuje skr\u0119canie nadwozia [...]\" \/>\n<meta property=\"og:url\" content=\"https:\/\/cybul.eu\/pl\/sklep\/mazda-mx-5-nc-dolna-rozporka-x-brace\/\" \/>\n<meta property=\"og:site_name\" content=\"CYBUL\" \/>\n<meta property=\"article:modified_time\" content=\"2025-06-05T09:58:38+00:00\" \/>\n<meta property=\"og:image\" content=\"https:\/\/cybul.eu\/wp-content\/uploads\/2020\/12\/MX-5-NC-middle-lower-strut-bar-rs.png\" \/>\n\t<meta property=\"og:image:width\" content=\"800\" \/>\n\t<meta property=\"og:image:height\" content=\"800\" \/>\n\t<meta property=\"og:image:type\" content=\"image\/png\" \/>\n<meta name=\"twitter:card\" content=\"summary_large_image\" \/>\n<meta name=\"twitter:label1\" content=\"Szacowany czas czytania\" \/>\n\t<meta name=\"twitter:data1\" content=\"1 minuta\" \/>\n<script type=\"application\/ld+json\" class=\"yoast-schema-graph\">{\"@context\":\"https:\/\/schema.org\",\"@graph\":[{\"@type\":\"WebPage\",\"@id\":\"https:\/\/cybul.eu\/pl\/sklep\/mazda-mx-5-nc-dolna-rozporka-x-brace\/\",\"url\":\"https:\/\/cybul.eu\/pl\/sklep\/mazda-mx-5-nc-dolna-rozporka-x-brace\/\",\"name\":\"Mazda MX-5 NC - dolna rozp\u00f3rka X-brace - CYBUL\",\"isPartOf\":{\"@id\":\"https:\/\/cybul.eu\/pl\/#website\"},\"primaryImageOfPage\":{\"@id\":\"https:\/\/cybul.eu\/pl\/sklep\/mazda-mx-5-nc-dolna-rozporka-x-brace\/#primaryimage\"},\"image\":{\"@id\":\"https:\/\/cybul.eu\/pl\/sklep\/mazda-mx-5-nc-dolna-rozporka-x-brace\/#primaryimage\"},\"thumbnailUrl\":\"https:\/\/cybul.eu\/wp-content\/uploads\/2020\/12\/MX-5-NC-middle-lower-strut-bar-rs.png\",\"datePublished\":\"2020-12-21T07:11:43+00:00\",\"dateModified\":\"2025-06-05T09:58:38+00:00\",\"breadcrumb\":{\"@id\":\"https:\/\/cybul.eu\/pl\/sklep\/mazda-mx-5-nc-dolna-rozporka-x-brace\/#breadcrumb\"},\"inLanguage\":\"pl-PL\",\"potentialAction\":[{\"@type\":\"ReadAction\",\"target\":[\"https:\/\/cybul.eu\/pl\/sklep\/mazda-mx-5-nc-dolna-rozporka-x-brace\/\"]}]},{\"@type\":\"ImageObject\",\"inLanguage\":\"pl-PL\",\"@id\":\"https:\/\/cybul.eu\/pl\/sklep\/mazda-mx-5-nc-dolna-rozporka-x-brace\/#primaryimage\",\"url\":\"https:\/\/cybul.eu\/wp-content\/uploads\/2020\/12\/MX-5-NC-middle-lower-strut-bar-rs.png\",\"contentUrl\":\"https:\/\/cybul.eu\/wp-content\/uploads\/2020\/12\/MX-5-NC-middle-lower-strut-bar-rs.png\",\"width\":800,\"height\":800,\"caption\":\"MX-5 NC lower middle strut bar by Cybul Radical Solutions\"},{\"@type\":\"BreadcrumbList\",\"@id\":\"https:\/\/cybul.eu\/pl\/sklep\/mazda-mx-5-nc-dolna-rozporka-x-brace\/#breadcrumb\",\"itemListElement\":[{\"@type\":\"ListItem\",\"position\":1,\"name\":\"Strona g\u0142\u00f3wna\",\"item\":\"https:\/\/cybul.eu\/pl\/\"},{\"@type\":\"ListItem\",\"position\":2,\"name\":\"Sklep\",\"item\":\"https:\/\/cybul.eu\/pl\/sklep\/\"},{\"@type\":\"ListItem\",\"position\":3,\"name\":\"Mazda MX-5 NC &#8211; dolna rozp\u00f3rka X-brace\"}]},{\"@type\":\"WebSite\",\"@id\":\"https:\/\/cybul.eu\/pl\/#website\",\"url\":\"https:\/\/cybul.eu\/pl\/\",\"name\":\"CYBUL\",\"description\":\"\",\"potentialAction\":[{\"@type\":\"SearchAction\",\"target\":{\"@type\":\"EntryPoint\",\"urlTemplate\":\"https:\/\/cybul.eu\/pl\/?s={search_term_string}\"},\"query-input\":{\"@type\":\"PropertyValueSpecification\",\"valueRequired\":true,\"valueName\":\"search_term_string\"}}],\"inLanguage\":\"pl-PL\"}]}<\/script>\n<!-- \/ Yoast SEO plugin. -->","yoast_head_json":{"title":"Mazda MX-5 NC - dolna rozp\u00f3rka X-brace - CYBUL","robots":{"index":"index","follow":"follow","max-snippet":"max-snippet:-1","max-image-preview":"max-image-preview:large","max-video-preview":"max-video-preview:-1"},"canonical":"https:\/\/cybul.eu\/pl\/sklep\/mazda-mx-5-nc-dolna-rozporka-x-brace\/","og_locale":"pl_PL","og_type":"article","og_title":"Mazda MX-5 NC - dolna rozp\u00f3rka X-brace - CYBUL","og_description":"Mazda MX-5 NC, rozp\u00f3rka X-brace. Bardziej sztywna alternatywa dla rozp\u00f3rki X-brace znajduj\u0105cej si\u0119 w \u015brodkowej cz\u0119\u015bci samochodu. Standardowa rozp\u00f3rka jest skr\u0119calna r\u0119k\u0105; ta jest wykonana z wysokiej wytrzyma\u0142o\u015bci stali konstrukcyjnej. W przeciwie\u0144stwie do aluminiowych rozp\u00f3rek, jest odporna na p\u0119kni\u0119cia, nawet przy maksymalnym obci\u0105\u017ceniu. G\u0142\u00f3wne korzy\u015bci: Sztywniejsza ni\u017c standardowa o ponad 300%. Znacznie redukuje skr\u0119canie nadwozia [...]","og_url":"https:\/\/cybul.eu\/pl\/sklep\/mazda-mx-5-nc-dolna-rozporka-x-brace\/","og_site_name":"CYBUL","article_modified_time":"2025-06-05T09:58:38+00:00","og_image":[{"width":800,"height":800,"url":"https:\/\/cybul.eu\/wp-content\/uploads\/2020\/12\/MX-5-NC-middle-lower-strut-bar-rs.png","type":"image\/png"}],"twitter_card":"summary_large_image","twitter_misc":{"Szacowany czas czytania":"1 minuta"},"schema":{"@context":"https:\/\/schema.org","@graph":[{"@type":"WebPage","@id":"https:\/\/cybul.eu\/pl\/sklep\/mazda-mx-5-nc-dolna-rozporka-x-brace\/","url":"https:\/\/cybul.eu\/pl\/sklep\/mazda-mx-5-nc-dolna-rozporka-x-brace\/","name":"Mazda MX-5 NC - dolna rozp\u00f3rka X-brace - CYBUL","isPartOf":{"@id":"https:\/\/cybul.eu\/pl\/#website"},"primaryImageOfPage":{"@id":"https:\/\/cybul.eu\/pl\/sklep\/mazda-mx-5-nc-dolna-rozporka-x-brace\/#primaryimage"},"image":{"@id":"https:\/\/cybul.eu\/pl\/sklep\/mazda-mx-5-nc-dolna-rozporka-x-brace\/#primaryimage"},"thumbnailUrl":"https:\/\/cybul.eu\/wp-content\/uploads\/2020\/12\/MX-5-NC-middle-lower-strut-bar-rs.png","datePublished":"2020-12-21T07:11:43+00:00","dateModified":"2025-06-05T09:58:38+00:00","breadcrumb":{"@id":"https:\/\/cybul.eu\/pl\/sklep\/mazda-mx-5-nc-dolna-rozporka-x-brace\/#breadcrumb"},"inLanguage":"pl-PL","potentialAction":[{"@type":"ReadAction","target":["https:\/\/cybul.eu\/pl\/sklep\/mazda-mx-5-nc-dolna-rozporka-x-brace\/"]}]},{"@type":"ImageObject","inLanguage":"pl-PL","@id":"https:\/\/cybul.eu\/pl\/sklep\/mazda-mx-5-nc-dolna-rozporka-x-brace\/#primaryimage","url":"https:\/\/cybul.eu\/wp-content\/uploads\/2020\/12\/MX-5-NC-middle-lower-strut-bar-rs.png","contentUrl":"https:\/\/cybul.eu\/wp-content\/uploads\/2020\/12\/MX-5-NC-middle-lower-strut-bar-rs.png","width":800,"height":800,"caption":"MX-5 NC lower middle strut bar by Cybul Radical Solutions"},{"@type":"BreadcrumbList","@id":"https:\/\/cybul.eu\/pl\/sklep\/mazda-mx-5-nc-dolna-rozporka-x-brace\/#breadcrumb","itemListElement":[{"@type":"ListItem","position":1,"name":"Strona g\u0142\u00f3wna","item":"https:\/\/cybul.eu\/pl\/"},{"@type":"ListItem","position":2,"name":"Sklep","item":"https:\/\/cybul.eu\/pl\/sklep\/"},{"@type":"ListItem","position":3,"name":"Mazda MX-5 NC &#8211; dolna rozp\u00f3rka X-brace"}]},{"@type":"WebSite","@id":"https:\/\/cybul.eu\/pl\/#website","url":"https:\/\/cybul.eu\/pl\/","name":"CYBUL","description":"","potentialAction":[{"@type":"SearchAction","target":{"@type":"EntryPoint","urlTemplate":"https:\/\/cybul.eu\/pl\/?s={search_term_string}"},"query-input":{"@type":"PropertyValueSpecification","valueRequired":true,"valueName":"search_term_string"}}],"inLanguage":"pl-PL"}]}},"_links":{"self":[{"href":"https:\/\/cybul.eu\/pl\/wp-json\/wp\/v2\/product\/23544","targetHints":{"allow":["GET"]}}],"collection":[{"href":"https:\/\/cybul.eu\/pl\/wp-json\/wp\/v2\/product"}],"about":[{"href":"https:\/\/cybul.eu\/pl\/wp-json\/wp\/v2\/types\/product"}],"replies":[{"embeddable":true,"href":"https:\/\/cybul.eu\/pl\/wp-json\/wp\/v2\/comments?post=23544"}],"wp:featuredmedia":[{"embeddable":true,"href":"https:\/\/cybul.eu\/pl\/wp-json\/wp\/v2\/media\/3936"}],"wp:attachment":[{"href":"https:\/\/cybul.eu\/pl\/wp-json\/wp\/v2\/media?parent=23544"}],"wp:term":[{"taxonomy":"product_cat","embeddable":true,"href":"https:\/\/cybul.eu\/pl\/wp-json\/wp\/v2\/product_cat?post=23544"},{"taxonomy":"product_tag","embeddable":true,"href":"https:\/\/cybul.eu\/pl\/wp-json\/wp\/v2\/product_tag?post=23544"}],"curies":[{"name":"wp","href":"https:\/\/api.w.org\/{rel}","templated":true}]}}