{"id":23543,"date":"2020-12-21T08:17:17","date_gmt":"2020-12-21T07:17:17","guid":{"rendered":"https:\/\/cybul.eu\/shop\/mazda-mx-5-nc-tylna-dolna-rozporka\/"},"modified":"2025-06-05T11:58:38","modified_gmt":"2025-06-05T09:58:38","slug":"mazda-mx-5-nc-tylna-dolna-rozporka","status":"publish","type":"product","link":"https:\/\/cybul.eu\/pl\/sklep\/mazda-mx-5-nc-tylna-dolna-rozporka\/","title":{"rendered":"Mazda MX-5 NC tylna dolna rozp\u00f3rka"},"content":{"rendered":"<p><strong>Mazda MX-5 NC &#8211; tylna dolna rozp\u00f3rka<\/strong><\/p>\n<p>Ta rozp\u00f3rka wzmacnia ca\u0142\u0105 tyln\u0105 cz\u0119\u015b\u0107 pojazdu. \u0141\u0105czy nadwozie z tylnym zawieszeniem i spina lew\u0105 stron\u0119 samochodu z praw\u0105.<\/p>\n<p><strong>G\u0142\u00f3wne korzy\u015bci:<\/strong><\/p>\n<ul>\n<li>Wykonana z wysokiej wytrzyma\u0142o\u015bci stali konstrukcyjnej, odpornej na p\u0119kni\u0119cia, nawet przy maksymalnym obci\u0105\u017ceniu.<\/li>\n<li>Znacznie redukuje skr\u0119canie nadwozia w po\u0142\u0105czeniu z innymi rozp\u00f3rkami z naszej oferty.<\/li>\n<li>Produkt 100% bolt-on; nie wymaga modyfikacji samochodu.<\/li>\n<li>Blisko nadwozia, aby zachowa\u0107 jak najwi\u0119kszy prze\u015bwit.<\/li>\n<li>Zwi\u0119ksza subiektywne odczucie prowadzenia oraz reakcj\u0119 kierownicy.<\/li>\n<\/ul>\n<p><strong>Kluczowe cechy:<\/strong><\/p>\n<ul>\n<li>Jeden z naszych klient\u00f3w zg\u0142osi\u0142 wzrost subiektywnej sztywno\u015bci nadwozia o 30%, stwierdzaj\u0105c: &#8222;Samoch\u00f3d lepiej reaguje na kierownic\u0119, czuj\u0119 si\u0119 jak b\u00f3g za kierownic\u0105.&#8221;<\/li>\n<li>Na ostatnim zdj\u0119ciu mo\u017cna zobaczy\u0107, jak te stabilizatory wygl\u0105daj\u0105 zamontowane w samochodzie w pe\u0142nym zestawie dolnych wzmocnie\u0144.<\/li>\n<li>Malowane proszkowo na kolor grafitowy metaliczny.<\/li>\n<li>Waga: 5,45 kg.<\/li>\n<li>Przy zakupie w kompletnym zestawie malowanie na ponad 100 kolor\u00f3w w wyko\u0144czeniu matowym lub b\u0142yszcz\u0105cym jest wliczone w cen\u0119.<\/li>\n<\/ul>\n","protected":false},"excerpt":{"rendered":"<p>Mazda MX-5 NC &#8211; tylna dolna rozp\u00f3rka Ta rozp\u00f3rka wzmacnia ca\u0142\u0105 tyln\u0105 cz\u0119\u015b\u0107 pojazdu. \u0141\u0105czy nadwozie z tylnym zawieszeniem i spina lew\u0105 stron\u0119 samochodu z praw\u0105. G\u0142\u00f3wne korzy\u015bci: Wykonana z wysokiej wytrzyma\u0142o\u015bci stali konstrukcyjnej, odpornej na p\u0119kni\u0119cia, nawet przy maksymalnym obci\u0105\u017ceniu. Znacznie redukuje skr\u0119canie nadwozia w po\u0142\u0105czeniu z innymi rozp\u00f3rkami z naszej oferty. Produkt 100% [&#8230;]\n","protected":false},"featured_media":3939,"comment_status":"open","ping_status":"closed","template":"","meta":[],"product_cat":[447],"product_tag":[],"class_list":{"0":"post-23543","1":"product","2":"type-product","3":"status-publish","4":"has-post-thumbnail","6":"product_cat-mx-5-nc-pl","8":"first","9":"instock","10":"taxable","11":"shipping-taxable","12":"purchasable","13":"product-type-simple"},"bundled_by":[],"bundle_stock_status":"instock","bundle_stock_quantity":null,"bundle_virtual":false,"bundle_layout":"","bundle_add_to_cart_form_location":"","bundle_editable_in_cart":false,"bundle_sold_individually_context":"","bundle_item_grouping":"","bundle_min_size":"","bundle_max_size":"","bundle_price":[],"bundled_items":[],"bundle_sell_ids":[],"acf":{"zdjecie_bez_watermarka":null,"zdjecie_bez_watermarka_url":"","product_orgin_url":""},"yoast_head":"<!-- This site is optimized with the Yoast SEO plugin v23.9 - https:\/\/yoast.com\/wordpress\/plugins\/seo\/ -->\n<title>Mazda MX-5 NC tylna dolna rozp\u00f3rka - CYBUL<\/title>\n<meta name=\"robots\" content=\"index, follow, max-snippet:-1, max-image-preview:large, max-video-preview:-1\" \/>\n<link rel=\"canonical\" href=\"https:\/\/cybul.eu\/pl\/sklep\/mazda-mx-5-nc-tylna-dolna-rozporka\/\" \/>\n<meta property=\"og:locale\" content=\"pl_PL\" \/>\n<meta property=\"og:type\" content=\"article\" \/>\n<meta property=\"og:title\" content=\"Mazda MX-5 NC tylna dolna rozp\u00f3rka - CYBUL\" \/>\n<meta property=\"og:description\" content=\"Mazda MX-5 NC &#8211; tylna dolna rozp\u00f3rka Ta rozp\u00f3rka wzmacnia ca\u0142\u0105 tyln\u0105 cz\u0119\u015b\u0107 pojazdu. \u0141\u0105czy nadwozie z tylnym zawieszeniem i spina lew\u0105 stron\u0119 samochodu z praw\u0105. G\u0142\u00f3wne korzy\u015bci: Wykonana z wysokiej wytrzyma\u0142o\u015bci stali konstrukcyjnej, odpornej na p\u0119kni\u0119cia, nawet przy maksymalnym obci\u0105\u017ceniu. Znacznie redukuje skr\u0119canie nadwozia w po\u0142\u0105czeniu z innymi rozp\u00f3rkami z naszej oferty. Produkt 100% [...]\" \/>\n<meta property=\"og:url\" content=\"https:\/\/cybul.eu\/pl\/sklep\/mazda-mx-5-nc-tylna-dolna-rozporka\/\" \/>\n<meta property=\"og:site_name\" content=\"CYBUL\" \/>\n<meta property=\"article:modified_time\" content=\"2025-06-05T09:58:38+00:00\" \/>\n<meta property=\"og:image\" content=\"https:\/\/cybul.eu\/wp-content\/uploads\/2020\/12\/MX-5-NC-rear-lower-strut-bar-rs.png\" \/>\n\t<meta property=\"og:image:width\" content=\"800\" \/>\n\t<meta property=\"og:image:height\" content=\"800\" \/>\n\t<meta property=\"og:image:type\" content=\"image\/png\" \/>\n<meta name=\"twitter:card\" content=\"summary_large_image\" \/>\n<meta name=\"twitter:label1\" content=\"Szacowany czas czytania\" \/>\n\t<meta name=\"twitter:data1\" content=\"1 minuta\" \/>\n<script type=\"application\/ld+json\" class=\"yoast-schema-graph\">{\"@context\":\"https:\/\/schema.org\",\"@graph\":[{\"@type\":\"WebPage\",\"@id\":\"https:\/\/cybul.eu\/pl\/sklep\/mazda-mx-5-nc-tylna-dolna-rozporka\/\",\"url\":\"https:\/\/cybul.eu\/pl\/sklep\/mazda-mx-5-nc-tylna-dolna-rozporka\/\",\"name\":\"Mazda MX-5 NC tylna dolna rozp\u00f3rka - CYBUL\",\"isPartOf\":{\"@id\":\"https:\/\/cybul.eu\/pl\/#website\"},\"primaryImageOfPage\":{\"@id\":\"https:\/\/cybul.eu\/pl\/sklep\/mazda-mx-5-nc-tylna-dolna-rozporka\/#primaryimage\"},\"image\":{\"@id\":\"https:\/\/cybul.eu\/pl\/sklep\/mazda-mx-5-nc-tylna-dolna-rozporka\/#primaryimage\"},\"thumbnailUrl\":\"https:\/\/cybul.eu\/wp-content\/uploads\/2020\/12\/MX-5-NC-rear-lower-strut-bar-rs.png\",\"datePublished\":\"2020-12-21T07:17:17+00:00\",\"dateModified\":\"2025-06-05T09:58:38+00:00\",\"breadcrumb\":{\"@id\":\"https:\/\/cybul.eu\/pl\/sklep\/mazda-mx-5-nc-tylna-dolna-rozporka\/#breadcrumb\"},\"inLanguage\":\"pl-PL\",\"potentialAction\":[{\"@type\":\"ReadAction\",\"target\":[\"https:\/\/cybul.eu\/pl\/sklep\/mazda-mx-5-nc-tylna-dolna-rozporka\/\"]}]},{\"@type\":\"ImageObject\",\"inLanguage\":\"pl-PL\",\"@id\":\"https:\/\/cybul.eu\/pl\/sklep\/mazda-mx-5-nc-tylna-dolna-rozporka\/#primaryimage\",\"url\":\"https:\/\/cybul.eu\/wp-content\/uploads\/2020\/12\/MX-5-NC-rear-lower-strut-bar-rs.png\",\"contentUrl\":\"https:\/\/cybul.eu\/wp-content\/uploads\/2020\/12\/MX-5-NC-rear-lower-strut-bar-rs.png\",\"width\":800,\"height\":800,\"caption\":\"MX-5 NC lower rear strut bar by Cybul Radical Solutions\"},{\"@type\":\"BreadcrumbList\",\"@id\":\"https:\/\/cybul.eu\/pl\/sklep\/mazda-mx-5-nc-tylna-dolna-rozporka\/#breadcrumb\",\"itemListElement\":[{\"@type\":\"ListItem\",\"position\":1,\"name\":\"Strona g\u0142\u00f3wna\",\"item\":\"https:\/\/cybul.eu\/pl\/\"},{\"@type\":\"ListItem\",\"position\":2,\"name\":\"Sklep\",\"item\":\"https:\/\/cybul.eu\/pl\/sklep\/\"},{\"@type\":\"ListItem\",\"position\":3,\"name\":\"Mazda MX-5 NC tylna dolna rozp\u00f3rka\"}]},{\"@type\":\"WebSite\",\"@id\":\"https:\/\/cybul.eu\/pl\/#website\",\"url\":\"https:\/\/cybul.eu\/pl\/\",\"name\":\"CYBUL\",\"description\":\"\",\"potentialAction\":[{\"@type\":\"SearchAction\",\"target\":{\"@type\":\"EntryPoint\",\"urlTemplate\":\"https:\/\/cybul.eu\/pl\/?s={search_term_string}\"},\"query-input\":{\"@type\":\"PropertyValueSpecification\",\"valueRequired\":true,\"valueName\":\"search_term_string\"}}],\"inLanguage\":\"pl-PL\"}]}<\/script>\n<!-- \/ Yoast SEO plugin. -->","yoast_head_json":{"title":"Mazda MX-5 NC tylna dolna rozp\u00f3rka - CYBUL","robots":{"index":"index","follow":"follow","max-snippet":"max-snippet:-1","max-image-preview":"max-image-preview:large","max-video-preview":"max-video-preview:-1"},"canonical":"https:\/\/cybul.eu\/pl\/sklep\/mazda-mx-5-nc-tylna-dolna-rozporka\/","og_locale":"pl_PL","og_type":"article","og_title":"Mazda MX-5 NC tylna dolna rozp\u00f3rka - CYBUL","og_description":"Mazda MX-5 NC &#8211; tylna dolna rozp\u00f3rka Ta rozp\u00f3rka wzmacnia ca\u0142\u0105 tyln\u0105 cz\u0119\u015b\u0107 pojazdu. \u0141\u0105czy nadwozie z tylnym zawieszeniem i spina lew\u0105 stron\u0119 samochodu z praw\u0105. G\u0142\u00f3wne korzy\u015bci: Wykonana z wysokiej wytrzyma\u0142o\u015bci stali konstrukcyjnej, odpornej na p\u0119kni\u0119cia, nawet przy maksymalnym obci\u0105\u017ceniu. Znacznie redukuje skr\u0119canie nadwozia w po\u0142\u0105czeniu z innymi rozp\u00f3rkami z naszej oferty. Produkt 100% [...]","og_url":"https:\/\/cybul.eu\/pl\/sklep\/mazda-mx-5-nc-tylna-dolna-rozporka\/","og_site_name":"CYBUL","article_modified_time":"2025-06-05T09:58:38+00:00","og_image":[{"width":800,"height":800,"url":"https:\/\/cybul.eu\/wp-content\/uploads\/2020\/12\/MX-5-NC-rear-lower-strut-bar-rs.png","type":"image\/png"}],"twitter_card":"summary_large_image","twitter_misc":{"Szacowany czas czytania":"1 minuta"},"schema":{"@context":"https:\/\/schema.org","@graph":[{"@type":"WebPage","@id":"https:\/\/cybul.eu\/pl\/sklep\/mazda-mx-5-nc-tylna-dolna-rozporka\/","url":"https:\/\/cybul.eu\/pl\/sklep\/mazda-mx-5-nc-tylna-dolna-rozporka\/","name":"Mazda MX-5 NC tylna dolna rozp\u00f3rka - CYBUL","isPartOf":{"@id":"https:\/\/cybul.eu\/pl\/#website"},"primaryImageOfPage":{"@id":"https:\/\/cybul.eu\/pl\/sklep\/mazda-mx-5-nc-tylna-dolna-rozporka\/#primaryimage"},"image":{"@id":"https:\/\/cybul.eu\/pl\/sklep\/mazda-mx-5-nc-tylna-dolna-rozporka\/#primaryimage"},"thumbnailUrl":"https:\/\/cybul.eu\/wp-content\/uploads\/2020\/12\/MX-5-NC-rear-lower-strut-bar-rs.png","datePublished":"2020-12-21T07:17:17+00:00","dateModified":"2025-06-05T09:58:38+00:00","breadcrumb":{"@id":"https:\/\/cybul.eu\/pl\/sklep\/mazda-mx-5-nc-tylna-dolna-rozporka\/#breadcrumb"},"inLanguage":"pl-PL","potentialAction":[{"@type":"ReadAction","target":["https:\/\/cybul.eu\/pl\/sklep\/mazda-mx-5-nc-tylna-dolna-rozporka\/"]}]},{"@type":"ImageObject","inLanguage":"pl-PL","@id":"https:\/\/cybul.eu\/pl\/sklep\/mazda-mx-5-nc-tylna-dolna-rozporka\/#primaryimage","url":"https:\/\/cybul.eu\/wp-content\/uploads\/2020\/12\/MX-5-NC-rear-lower-strut-bar-rs.png","contentUrl":"https:\/\/cybul.eu\/wp-content\/uploads\/2020\/12\/MX-5-NC-rear-lower-strut-bar-rs.png","width":800,"height":800,"caption":"MX-5 NC lower rear strut bar by Cybul Radical Solutions"},{"@type":"BreadcrumbList","@id":"https:\/\/cybul.eu\/pl\/sklep\/mazda-mx-5-nc-tylna-dolna-rozporka\/#breadcrumb","itemListElement":[{"@type":"ListItem","position":1,"name":"Strona g\u0142\u00f3wna","item":"https:\/\/cybul.eu\/pl\/"},{"@type":"ListItem","position":2,"name":"Sklep","item":"https:\/\/cybul.eu\/pl\/sklep\/"},{"@type":"ListItem","position":3,"name":"Mazda MX-5 NC tylna dolna rozp\u00f3rka"}]},{"@type":"WebSite","@id":"https:\/\/cybul.eu\/pl\/#website","url":"https:\/\/cybul.eu\/pl\/","name":"CYBUL","description":"","potentialAction":[{"@type":"SearchAction","target":{"@type":"EntryPoint","urlTemplate":"https:\/\/cybul.eu\/pl\/?s={search_term_string}"},"query-input":{"@type":"PropertyValueSpecification","valueRequired":true,"valueName":"search_term_string"}}],"inLanguage":"pl-PL"}]}},"_links":{"self":[{"href":"https:\/\/cybul.eu\/pl\/wp-json\/wp\/v2\/product\/23543","targetHints":{"allow":["GET"]}}],"collection":[{"href":"https:\/\/cybul.eu\/pl\/wp-json\/wp\/v2\/product"}],"about":[{"href":"https:\/\/cybul.eu\/pl\/wp-json\/wp\/v2\/types\/product"}],"replies":[{"embeddable":true,"href":"https:\/\/cybul.eu\/pl\/wp-json\/wp\/v2\/comments?post=23543"}],"wp:featuredmedia":[{"embeddable":true,"href":"https:\/\/cybul.eu\/pl\/wp-json\/wp\/v2\/media\/3939"}],"wp:attachment":[{"href":"https:\/\/cybul.eu\/pl\/wp-json\/wp\/v2\/media?parent=23543"}],"wp:term":[{"taxonomy":"product_cat","embeddable":true,"href":"https:\/\/cybul.eu\/pl\/wp-json\/wp\/v2\/product_cat?post=23543"},{"taxonomy":"product_tag","embeddable":true,"href":"https:\/\/cybul.eu\/pl\/wp-json\/wp\/v2\/product_tag?post=23543"}],"curies":[{"name":"wp","href":"https:\/\/api.w.org\/{rel}","templated":true}]}}