{"id":23527,"date":"2024-05-24T14:23:08","date_gmt":"2024-05-24T12:23:08","guid":{"rendered":"https:\/\/cybul.eu\/shop\/sparco-r345-kierownica-skorzana\/"},"modified":"2024-05-24T14:23:08","modified_gmt":"2024-05-24T12:23:08","slug":"sparco-r345-kierownica-skorzana","status":"publish","type":"product","link":"https:\/\/cybul.eu\/pl\/sklep\/sparco-r345-kierownica-skorzana\/","title":{"rendered":"Sparco R345 kierownica sk\u00f3rzana"},"content":{"rendered":"<p>Sparco R345 kierownica<\/p>\n<ul>\n<li>Klakson: tak<\/li>\n<li>Kolor: czarny<\/li>\n<li>Materia\u0142: sk\u00f3ra<\/li>\n<li>G\u0142\u0119boko\u015b\u0107: 63 mm<\/li>\n<li>\u015arednica: 350 mm<\/li>\n<li>Uchwyt: owalny &#8211; 32\/28 mm<\/li>\n<li>Liczba ramion: 3<\/li>\n<\/ul>\n","protected":false},"excerpt":{"rendered":"<p>Sparco R345 kierownica<\/p>\n<ul>\n<li>Klakson: tak<\/li>\n<li>Kolor: czarny<\/li>\n<li>Materia\u0142: sk\u00f3ra<\/li>\n<li>G\u0142\u0119boko\u015b\u0107: 63 mm<\/li>\n<li>\u015arednica: 350 mm<\/li>\n<li>Uchwyt: owalny &#8211; 32\/28 mm<\/li>\n<li>Liczba ramion: 3<\/li>\n<\/ul>\n","protected":false},"featured_media":9427,"comment_status":"closed","ping_status":"open","template":"","meta":[],"product_cat":[540],"product_tag":[],"class_list":{"0":"post-23527","1":"product","2":"type-product","3":"status-publish","4":"has-post-thumbnail","6":"product_cat-kierownice-rajdowe","8":"first","9":"instock","10":"taxable","11":"shipping-taxable","12":"purchasable","13":"product-type-simple"},"bundled_by":[],"bundle_stock_status":"instock","bundle_stock_quantity":null,"bundle_virtual":false,"bundle_layout":"","bundle_add_to_cart_form_location":"","bundle_editable_in_cart":false,"bundle_sold_individually_context":"","bundle_item_grouping":"","bundle_min_size":"","bundle_max_size":"","bundle_price":[],"bundled_items":[],"bundle_sell_ids":[],"acf":{"zdjecie_bez_watermarka":null,"zdjecie_bez_watermarka_url":"","product_orgin_url":"https:\/\/inter-rally.pl\/product-eng-678-Kierownica-skorzana-Sparco-R345.html"},"yoast_head":"<!-- This site is optimized with the Yoast SEO plugin v23.9 - https:\/\/yoast.com\/wordpress\/plugins\/seo\/ -->\n<title>Sparco R345 kierownica sk\u00f3rzana - CYBUL<\/title>\n<meta name=\"robots\" content=\"index, follow, max-snippet:-1, max-image-preview:large, max-video-preview:-1\" \/>\n<link rel=\"canonical\" href=\"https:\/\/cybul.eu\/pl\/sklep\/sparco-r345-kierownica-skorzana\/\" \/>\n<meta property=\"og:locale\" content=\"pl_PL\" \/>\n<meta property=\"og:type\" content=\"article\" \/>\n<meta property=\"og:title\" content=\"Sparco R345 kierownica sk\u00f3rzana - CYBUL\" \/>\n<meta property=\"og:description\" content=\"Sparco R345 kierownica   Klakson: tak  Kolor: czarny  Materia\u0142: sk\u00f3ra  G\u0142\u0119boko\u015b\u0107: 63 mm  \u015arednica: 350 mm  Uchwyt: owalny - 32\/28 mm  Liczba ramion: 3\" \/>\n<meta property=\"og:url\" content=\"https:\/\/cybul.eu\/pl\/sklep\/sparco-r345-kierownica-skorzana\/\" \/>\n<meta property=\"og:site_name\" content=\"CYBUL\" \/>\n<meta property=\"og:image\" content=\"https:\/\/cybul.eu\/wp-content\/uploads\/2024\/05\/pol_pl_Kierownica-skorzana-Sparco-R345-678_1.jpg\" \/>\n\t<meta property=\"og:image:width\" content=\"900\" \/>\n\t<meta property=\"og:image:height\" content=\"900\" \/>\n\t<meta property=\"og:image:type\" content=\"image\/jpeg\" \/>\n<meta name=\"twitter:card\" content=\"summary_large_image\" \/>\n<script type=\"application\/ld+json\" class=\"yoast-schema-graph\">{\"@context\":\"https:\/\/schema.org\",\"@graph\":[{\"@type\":\"WebPage\",\"@id\":\"https:\/\/cybul.eu\/pl\/sklep\/sparco-r345-kierownica-skorzana\/\",\"url\":\"https:\/\/cybul.eu\/pl\/sklep\/sparco-r345-kierownica-skorzana\/\",\"name\":\"Sparco R345 kierownica sk\u00f3rzana - CYBUL\",\"isPartOf\":{\"@id\":\"https:\/\/cybul.eu\/pl\/#website\"},\"primaryImageOfPage\":{\"@id\":\"https:\/\/cybul.eu\/pl\/sklep\/sparco-r345-kierownica-skorzana\/#primaryimage\"},\"image\":{\"@id\":\"https:\/\/cybul.eu\/pl\/sklep\/sparco-r345-kierownica-skorzana\/#primaryimage\"},\"thumbnailUrl\":\"https:\/\/cybul.eu\/wp-content\/uploads\/2024\/05\/pol_pl_Kierownica-skorzana-Sparco-R345-678_1.jpg\",\"datePublished\":\"2024-05-24T12:23:08+00:00\",\"dateModified\":\"2024-05-24T12:23:08+00:00\",\"breadcrumb\":{\"@id\":\"https:\/\/cybul.eu\/pl\/sklep\/sparco-r345-kierownica-skorzana\/#breadcrumb\"},\"inLanguage\":\"pl-PL\",\"potentialAction\":[{\"@type\":\"ReadAction\",\"target\":[\"https:\/\/cybul.eu\/pl\/sklep\/sparco-r345-kierownica-skorzana\/\"]}]},{\"@type\":\"ImageObject\",\"inLanguage\":\"pl-PL\",\"@id\":\"https:\/\/cybul.eu\/pl\/sklep\/sparco-r345-kierownica-skorzana\/#primaryimage\",\"url\":\"https:\/\/cybul.eu\/wp-content\/uploads\/2024\/05\/pol_pl_Kierownica-skorzana-Sparco-R345-678_1.jpg\",\"contentUrl\":\"https:\/\/cybul.eu\/wp-content\/uploads\/2024\/05\/pol_pl_Kierownica-skorzana-Sparco-R345-678_1.jpg\",\"width\":900,\"height\":900},{\"@type\":\"BreadcrumbList\",\"@id\":\"https:\/\/cybul.eu\/pl\/sklep\/sparco-r345-kierownica-skorzana\/#breadcrumb\",\"itemListElement\":[{\"@type\":\"ListItem\",\"position\":1,\"name\":\"Strona g\u0142\u00f3wna\",\"item\":\"https:\/\/cybul.eu\/pl\/\"},{\"@type\":\"ListItem\",\"position\":2,\"name\":\"Sklep\",\"item\":\"https:\/\/cybul.eu\/pl\/sklep\/\"},{\"@type\":\"ListItem\",\"position\":3,\"name\":\"Sparco R345 kierownica sk\u00f3rzana\"}]},{\"@type\":\"WebSite\",\"@id\":\"https:\/\/cybul.eu\/pl\/#website\",\"url\":\"https:\/\/cybul.eu\/pl\/\",\"name\":\"CYBUL\",\"description\":\"\",\"potentialAction\":[{\"@type\":\"SearchAction\",\"target\":{\"@type\":\"EntryPoint\",\"urlTemplate\":\"https:\/\/cybul.eu\/pl\/?s={search_term_string}\"},\"query-input\":{\"@type\":\"PropertyValueSpecification\",\"valueRequired\":true,\"valueName\":\"search_term_string\"}}],\"inLanguage\":\"pl-PL\"}]}<\/script>\n<!-- \/ Yoast SEO plugin. -->","yoast_head_json":{"title":"Sparco R345 kierownica sk\u00f3rzana - CYBUL","robots":{"index":"index","follow":"follow","max-snippet":"max-snippet:-1","max-image-preview":"max-image-preview:large","max-video-preview":"max-video-preview:-1"},"canonical":"https:\/\/cybul.eu\/pl\/sklep\/sparco-r345-kierownica-skorzana\/","og_locale":"pl_PL","og_type":"article","og_title":"Sparco R345 kierownica sk\u00f3rzana - CYBUL","og_description":"Sparco R345 kierownica   Klakson: tak  Kolor: czarny  Materia\u0142: sk\u00f3ra  G\u0142\u0119boko\u015b\u0107: 63 mm  \u015arednica: 350 mm  Uchwyt: owalny - 32\/28 mm  Liczba ramion: 3","og_url":"https:\/\/cybul.eu\/pl\/sklep\/sparco-r345-kierownica-skorzana\/","og_site_name":"CYBUL","og_image":[{"width":900,"height":900,"url":"https:\/\/cybul.eu\/wp-content\/uploads\/2024\/05\/pol_pl_Kierownica-skorzana-Sparco-R345-678_1.jpg","type":"image\/jpeg"}],"twitter_card":"summary_large_image","schema":{"@context":"https:\/\/schema.org","@graph":[{"@type":"WebPage","@id":"https:\/\/cybul.eu\/pl\/sklep\/sparco-r345-kierownica-skorzana\/","url":"https:\/\/cybul.eu\/pl\/sklep\/sparco-r345-kierownica-skorzana\/","name":"Sparco R345 kierownica sk\u00f3rzana - CYBUL","isPartOf":{"@id":"https:\/\/cybul.eu\/pl\/#website"},"primaryImageOfPage":{"@id":"https:\/\/cybul.eu\/pl\/sklep\/sparco-r345-kierownica-skorzana\/#primaryimage"},"image":{"@id":"https:\/\/cybul.eu\/pl\/sklep\/sparco-r345-kierownica-skorzana\/#primaryimage"},"thumbnailUrl":"https:\/\/cybul.eu\/wp-content\/uploads\/2024\/05\/pol_pl_Kierownica-skorzana-Sparco-R345-678_1.jpg","datePublished":"2024-05-24T12:23:08+00:00","dateModified":"2024-05-24T12:23:08+00:00","breadcrumb":{"@id":"https:\/\/cybul.eu\/pl\/sklep\/sparco-r345-kierownica-skorzana\/#breadcrumb"},"inLanguage":"pl-PL","potentialAction":[{"@type":"ReadAction","target":["https:\/\/cybul.eu\/pl\/sklep\/sparco-r345-kierownica-skorzana\/"]}]},{"@type":"ImageObject","inLanguage":"pl-PL","@id":"https:\/\/cybul.eu\/pl\/sklep\/sparco-r345-kierownica-skorzana\/#primaryimage","url":"https:\/\/cybul.eu\/wp-content\/uploads\/2024\/05\/pol_pl_Kierownica-skorzana-Sparco-R345-678_1.jpg","contentUrl":"https:\/\/cybul.eu\/wp-content\/uploads\/2024\/05\/pol_pl_Kierownica-skorzana-Sparco-R345-678_1.jpg","width":900,"height":900},{"@type":"BreadcrumbList","@id":"https:\/\/cybul.eu\/pl\/sklep\/sparco-r345-kierownica-skorzana\/#breadcrumb","itemListElement":[{"@type":"ListItem","position":1,"name":"Strona g\u0142\u00f3wna","item":"https:\/\/cybul.eu\/pl\/"},{"@type":"ListItem","position":2,"name":"Sklep","item":"https:\/\/cybul.eu\/pl\/sklep\/"},{"@type":"ListItem","position":3,"name":"Sparco R345 kierownica sk\u00f3rzana"}]},{"@type":"WebSite","@id":"https:\/\/cybul.eu\/pl\/#website","url":"https:\/\/cybul.eu\/pl\/","name":"CYBUL","description":"","potentialAction":[{"@type":"SearchAction","target":{"@type":"EntryPoint","urlTemplate":"https:\/\/cybul.eu\/pl\/?s={search_term_string}"},"query-input":{"@type":"PropertyValueSpecification","valueRequired":true,"valueName":"search_term_string"}}],"inLanguage":"pl-PL"}]}},"_links":{"self":[{"href":"https:\/\/cybul.eu\/pl\/wp-json\/wp\/v2\/product\/23527","targetHints":{"allow":["GET"]}}],"collection":[{"href":"https:\/\/cybul.eu\/pl\/wp-json\/wp\/v2\/product"}],"about":[{"href":"https:\/\/cybul.eu\/pl\/wp-json\/wp\/v2\/types\/product"}],"replies":[{"embeddable":true,"href":"https:\/\/cybul.eu\/pl\/wp-json\/wp\/v2\/comments?post=23527"}],"wp:featuredmedia":[{"embeddable":true,"href":"https:\/\/cybul.eu\/pl\/wp-json\/wp\/v2\/media\/9427"}],"wp:attachment":[{"href":"https:\/\/cybul.eu\/pl\/wp-json\/wp\/v2\/media?parent=23527"}],"wp:term":[{"taxonomy":"product_cat","embeddable":true,"href":"https:\/\/cybul.eu\/pl\/wp-json\/wp\/v2\/product_cat?post=23527"},{"taxonomy":"product_tag","embeddable":true,"href":"https:\/\/cybul.eu\/pl\/wp-json\/wp\/v2\/product_tag?post=23527"}],"curies":[{"name":"wp","href":"https:\/\/api.w.org\/{rel}","templated":true}]}}