{"id":23377,"date":"2024-10-11T09:52:26","date_gmt":"2024-10-11T07:52:27","guid":{"rendered":"https:\/\/cybul.eu\/?post_type=product&#038;p=23377"},"modified":"2025-06-05T11:58:31","modified_gmt":"2025-06-05T09:58:31","slug":"toyota-gt86-klatka-bezpieczenstwa-v2","status":"publish","type":"product","link":"https:\/\/cybul.eu\/pl\/sklep\/toyota-gt86-klatka-bezpieczenstwa-v2\/","title":{"rendered":"Toyota GT86 klatka bezpiecze\u0144stwa V2"},"content":{"rendered":"<p>Przedstawiamy najwy\u017cszej jako\u015bci klatk\u0119 bezpiecze\u0144stwa od Cybul Radical Solutions, zaprojektowan\u0105 z my\u015bl\u0105 o maksymalnym bezpiecze\u0144stwie i sztywno\u015bci nadwozia.<\/p>\n<p><strong>G\u0142\u00f3wne zalety:<\/strong><\/p>\n<p>\u2022 Wszystkie rury maj\u0105 laserowo grawerowane oznaczenia punkt\u00f3w styku z innymi rurami<br \/>\n\u2022 Zwi\u0119ksza ochron\u0119 pasa\u017cer\u00f3w podczas wypadku<br \/>\n\u2022 Zwi\u0119ksza ochron\u0119 nadwozia podczas wypadku<br \/>\n\u2022 Poprawia sztywno\u015b\u0107 nadwozia, co przek\u0142ada si\u0119 na lepsze prowadzenie pojazdu<br \/>\n\u2022 Wykonana z rur zatwierdzonych przez FIA<br \/>\n\u2022 Spe\u0142nia wymagania wi\u0119kszo\u015bci track day&#8217;\u00f3w i zawod\u00f3w driftingowych<\/p>\n<p><strong>Kluczowe cechy:<\/strong><\/p>\n<p>\u2022 Precyzyjny projekt 3D CAD oraz skanowanie 3D nadwozia zapewniaj\u0105 idealne dopasowanie<br \/>\n\u2022 Rury s\u0105 ci\u0119te laserowo w technologii 3D, co zapewnia precyzj\u0119 monta\u017cu<br \/>\n\u2022 Ka\u017cda rura jest laserowo grawerowana numerem odpowiadaj\u0105cym rysunkowi monta\u017cowemu<br \/>\n\u2022 Wszystkie rury s\u0105 gi\u0119te na gi\u0119tarce CNC dla zapewnienia najwy\u017cszej precyzji<br \/>\n\u2022 Zestaw zawiera laserowo wycinane &#8222;w\u0119z\u0142\u00f3wki&#8221; oraz wszystkie blachy widoczne na renderingu<br \/>\n\u2022 Wykonane z rur bezszwowych, zimnoci\u0105gnionych, stal E355. Pa\u0142\u0105k g\u0142\u00f3wny wykonany z rury 45&#215;2,5mm, pozosta\u0142e rury z 40x2mm &#8211; zgodnie z wymaganiami za\u0142\u0105cznika J FIA dotycz\u0105cymi materia\u0142\u00f3w na klatki bezpiecze\u0144stwa<br \/>\n\u2022 W zestawie znajduje si\u0119 instrukcja monta\u017cu oraz schemat u\u0142atwiaj\u0105cy instalacj\u0119<\/p>\n<p><strong>W zestawie otrzymujesz:<\/strong><\/p>\n<p>\u2022 Laserowo wycinane i grawerowane, gi\u0119te na gi\u0119tarce CNC rury<br \/>\n\u2022 W\u0119z\u0142\u00f3wki i p\u0142yty monta\u017cowe<br \/>\n\u2022 Zestaw testowych rur do poprawnego ustawienia spawarki<br \/>\n\u2022 Zestaw \u015brub i nakr\u0119tek<br \/>\n\u2022 Drukowan\u0105 instrukcj\u0119 monta\u017cu<\/p>\n<p>W naszej galerii pierwsze dwa zdj\u0119cia przedstawiaj\u0105 konkretne wizualizacje wersji klatki bezpiecze\u0144stwa, kt\u00f3r\u0105 ogl\u0105dasz. Pokazuj\u0105 one dok\u0142adny stopie\u0144 rozbudowy i monta\u017cu modelu, kt\u00f3ry rozwa\u017casz. Prosimy zwr\u00f3ci\u0107 uwag\u0119, \u017ce dodatkowe zdj\u0119cia w galerii pokazuj\u0105 idealne dopasowanie naszych klatek po zainstalowaniu, jednak s\u0105 to og\u00f3lne reprezentacje i mog\u0105 nie odzwierciedla\u0107 dok\u0142adnie rozbudowy wybranego modelu.<\/p>\n","protected":false},"excerpt":{"rendered":"<p>Przedstawiamy najwy\u017cszej jako\u015bci klatk\u0119 bezpiecze\u0144stwa od Cybul Radical Solutions, zaprojektowan\u0105 z my\u015bl\u0105 o maksymalnym bezpiecze\u0144stwie i sztywno\u015bci nadwozia. G\u0142\u00f3wne zalety: \u2022 Wszystkie rury maj\u0105 laserowo grawerowane oznaczenia punkt\u00f3w styku z innymi rurami \u2022 Zwi\u0119ksza ochron\u0119 pasa\u017cer\u00f3w podczas wypadku \u2022 Zwi\u0119ksza ochron\u0119 nadwozia podczas wypadku \u2022 Poprawia sztywno\u015b\u0107 nadwozia, co przek\u0142ada si\u0119 na lepsze prowadzenie pojazdu [&#8230;]\n","protected":false},"featured_media":23381,"comment_status":"open","ping_status":"closed","template":"","meta":[],"product_cat":[615,342],"product_tag":[346,430,431,617,618],"class_list":{"0":"post-23377","1":"product","2":"type-product","3":"status-publish","4":"has-post-thumbnail","6":"product_cat-gt86-pl","7":"product_cat-klatki-bezpieczenstwa","8":"product_tag-mx5-pl","9":"product_tag-klatka-pl","10":"product_tag-rollcage-pl","11":"product_tag-miata-pl","12":"product_tag-mazda-pl","13":"product_shipping_class-klatka-bezpiczenstwa","15":"first","16":"instock","17":"taxable","18":"shipping-taxable","19":"purchasable","20":"product-type-simple"},"bundled_by":[],"bundle_stock_status":"instock","bundle_stock_quantity":null,"bundle_virtual":false,"bundle_layout":"","bundle_add_to_cart_form_location":"","bundle_editable_in_cart":false,"bundle_sold_individually_context":"","bundle_item_grouping":"","bundle_min_size":"","bundle_max_size":"","bundle_price":[],"bundled_items":[],"bundle_sell_ids":[],"acf":{"zdjecie_bez_watermarka":null,"zdjecie_bez_watermarka_url":"","product_orgin_url":""},"yoast_head":"<!-- This site is optimized with the Yoast SEO plugin v23.9 - https:\/\/yoast.com\/wordpress\/plugins\/seo\/ -->\n<title>Toyota GT86 klatka bezpiecze\u0144stwa V2 - CYBUL<\/title>\n<meta name=\"description\" content=\"Klatka bezpiecze\u0144stwa Cybul Radical Solutions zapewnia idealne spasowanie z nadwoziem i najwy\u017csz\u0105 ochron\u0119 w przypadku dachowania.\" \/>\n<meta name=\"robots\" content=\"index, follow, max-snippet:-1, max-image-preview:large, max-video-preview:-1\" \/>\n<link rel=\"canonical\" href=\"https:\/\/cybul.eu\/pl\/sklep\/toyota-gt86-klatka-bezpieczenstwa-v2\/\" \/>\n<meta property=\"og:locale\" content=\"pl_PL\" \/>\n<meta property=\"og:type\" content=\"article\" \/>\n<meta property=\"og:title\" content=\"Toyota GT86 klatka bezpiecze\u0144stwa V2 - CYBUL\" \/>\n<meta property=\"og:description\" content=\"Klatka bezpiecze\u0144stwa Cybul Radical Solutions zapewnia idealne spasowanie z nadwoziem i najwy\u017csz\u0105 ochron\u0119 w przypadku dachowania.\" \/>\n<meta property=\"og:url\" content=\"https:\/\/cybul.eu\/pl\/sklep\/toyota-gt86-klatka-bezpieczenstwa-v2\/\" \/>\n<meta property=\"og:site_name\" content=\"CYBUL\" \/>\n<meta property=\"article:modified_time\" content=\"2025-06-05T09:58:31+00:00\" \/>\n<meta property=\"og:image\" content=\"https:\/\/cybul.eu\/wp-content\/uploads\/2024\/10\/GT86-V2_R-scaled.jpg\" \/>\n\t<meta property=\"og:image:width\" content=\"2560\" \/>\n\t<meta property=\"og:image:height\" content=\"2560\" \/>\n\t<meta property=\"og:image:type\" content=\"image\/jpeg\" \/>\n<meta name=\"twitter:card\" content=\"summary_large_image\" \/>\n<meta name=\"twitter:label1\" content=\"Szacowany czas czytania\" \/>\n\t<meta name=\"twitter:data1\" content=\"2 minuty\" \/>\n<script type=\"application\/ld+json\" class=\"yoast-schema-graph\">{\"@context\":\"https:\/\/schema.org\",\"@graph\":[{\"@type\":\"WebPage\",\"@id\":\"https:\/\/cybul.eu\/pl\/sklep\/toyota-gt86-klatka-bezpieczenstwa-v2\/\",\"url\":\"https:\/\/cybul.eu\/pl\/sklep\/toyota-gt86-klatka-bezpieczenstwa-v2\/\",\"name\":\"Toyota GT86 klatka bezpiecze\u0144stwa V2 - CYBUL\",\"isPartOf\":{\"@id\":\"https:\/\/cybul.eu\/pl\/#website\"},\"primaryImageOfPage\":{\"@id\":\"https:\/\/cybul.eu\/pl\/sklep\/toyota-gt86-klatka-bezpieczenstwa-v2\/#primaryimage\"},\"image\":{\"@id\":\"https:\/\/cybul.eu\/pl\/sklep\/toyota-gt86-klatka-bezpieczenstwa-v2\/#primaryimage\"},\"thumbnailUrl\":\"https:\/\/cybul.eu\/wp-content\/uploads\/2024\/10\/GT86-V2_R-scaled.jpg\",\"datePublished\":\"2024-10-11T07:52:27+00:00\",\"dateModified\":\"2025-06-05T09:58:31+00:00\",\"description\":\"Klatka bezpiecze\u0144stwa Cybul Radical Solutions zapewnia idealne spasowanie z nadwoziem i najwy\u017csz\u0105 ochron\u0119 w przypadku dachowania.\",\"breadcrumb\":{\"@id\":\"https:\/\/cybul.eu\/pl\/sklep\/toyota-gt86-klatka-bezpieczenstwa-v2\/#breadcrumb\"},\"inLanguage\":\"pl-PL\",\"potentialAction\":[{\"@type\":\"ReadAction\",\"target\":[\"https:\/\/cybul.eu\/pl\/sklep\/toyota-gt86-klatka-bezpieczenstwa-v2\/\"]}]},{\"@type\":\"ImageObject\",\"inLanguage\":\"pl-PL\",\"@id\":\"https:\/\/cybul.eu\/pl\/sklep\/toyota-gt86-klatka-bezpieczenstwa-v2\/#primaryimage\",\"url\":\"https:\/\/cybul.eu\/wp-content\/uploads\/2024\/10\/GT86-V2_R-scaled.jpg\",\"contentUrl\":\"https:\/\/cybul.eu\/wp-content\/uploads\/2024\/10\/GT86-V2_R-scaled.jpg\",\"width\":2560,\"height\":2560,\"caption\":\"Toyota GT86 V2 roll cage by Cybul Radical Solutions\"},{\"@type\":\"BreadcrumbList\",\"@id\":\"https:\/\/cybul.eu\/pl\/sklep\/toyota-gt86-klatka-bezpieczenstwa-v2\/#breadcrumb\",\"itemListElement\":[{\"@type\":\"ListItem\",\"position\":1,\"name\":\"Strona g\u0142\u00f3wna\",\"item\":\"https:\/\/cybul.eu\/pl\/\"},{\"@type\":\"ListItem\",\"position\":2,\"name\":\"Sklep\",\"item\":\"https:\/\/cybul.eu\/pl\/sklep\/\"},{\"@type\":\"ListItem\",\"position\":3,\"name\":\"Toyota GT86 klatka bezpiecze\u0144stwa V2\"}]},{\"@type\":\"WebSite\",\"@id\":\"https:\/\/cybul.eu\/pl\/#website\",\"url\":\"https:\/\/cybul.eu\/pl\/\",\"name\":\"CYBUL\",\"description\":\"\",\"potentialAction\":[{\"@type\":\"SearchAction\",\"target\":{\"@type\":\"EntryPoint\",\"urlTemplate\":\"https:\/\/cybul.eu\/pl\/?s={search_term_string}\"},\"query-input\":{\"@type\":\"PropertyValueSpecification\",\"valueRequired\":true,\"valueName\":\"search_term_string\"}}],\"inLanguage\":\"pl-PL\"}]}<\/script>\n<!-- \/ Yoast SEO plugin. -->","yoast_head_json":{"title":"Toyota GT86 klatka bezpiecze\u0144stwa V2 - CYBUL","description":"Klatka bezpiecze\u0144stwa Cybul Radical Solutions zapewnia idealne spasowanie z nadwoziem i najwy\u017csz\u0105 ochron\u0119 w przypadku dachowania.","robots":{"index":"index","follow":"follow","max-snippet":"max-snippet:-1","max-image-preview":"max-image-preview:large","max-video-preview":"max-video-preview:-1"},"canonical":"https:\/\/cybul.eu\/pl\/sklep\/toyota-gt86-klatka-bezpieczenstwa-v2\/","og_locale":"pl_PL","og_type":"article","og_title":"Toyota GT86 klatka bezpiecze\u0144stwa V2 - CYBUL","og_description":"Klatka bezpiecze\u0144stwa Cybul Radical Solutions zapewnia idealne spasowanie z nadwoziem i najwy\u017csz\u0105 ochron\u0119 w przypadku dachowania.","og_url":"https:\/\/cybul.eu\/pl\/sklep\/toyota-gt86-klatka-bezpieczenstwa-v2\/","og_site_name":"CYBUL","article_modified_time":"2025-06-05T09:58:31+00:00","og_image":[{"width":2560,"height":2560,"url":"https:\/\/cybul.eu\/wp-content\/uploads\/2024\/10\/GT86-V2_R-scaled.jpg","type":"image\/jpeg"}],"twitter_card":"summary_large_image","twitter_misc":{"Szacowany czas czytania":"2 minuty"},"schema":{"@context":"https:\/\/schema.org","@graph":[{"@type":"WebPage","@id":"https:\/\/cybul.eu\/pl\/sklep\/toyota-gt86-klatka-bezpieczenstwa-v2\/","url":"https:\/\/cybul.eu\/pl\/sklep\/toyota-gt86-klatka-bezpieczenstwa-v2\/","name":"Toyota GT86 klatka bezpiecze\u0144stwa V2 - CYBUL","isPartOf":{"@id":"https:\/\/cybul.eu\/pl\/#website"},"primaryImageOfPage":{"@id":"https:\/\/cybul.eu\/pl\/sklep\/toyota-gt86-klatka-bezpieczenstwa-v2\/#primaryimage"},"image":{"@id":"https:\/\/cybul.eu\/pl\/sklep\/toyota-gt86-klatka-bezpieczenstwa-v2\/#primaryimage"},"thumbnailUrl":"https:\/\/cybul.eu\/wp-content\/uploads\/2024\/10\/GT86-V2_R-scaled.jpg","datePublished":"2024-10-11T07:52:27+00:00","dateModified":"2025-06-05T09:58:31+00:00","description":"Klatka bezpiecze\u0144stwa Cybul Radical Solutions zapewnia idealne spasowanie z nadwoziem i najwy\u017csz\u0105 ochron\u0119 w przypadku dachowania.","breadcrumb":{"@id":"https:\/\/cybul.eu\/pl\/sklep\/toyota-gt86-klatka-bezpieczenstwa-v2\/#breadcrumb"},"inLanguage":"pl-PL","potentialAction":[{"@type":"ReadAction","target":["https:\/\/cybul.eu\/pl\/sklep\/toyota-gt86-klatka-bezpieczenstwa-v2\/"]}]},{"@type":"ImageObject","inLanguage":"pl-PL","@id":"https:\/\/cybul.eu\/pl\/sklep\/toyota-gt86-klatka-bezpieczenstwa-v2\/#primaryimage","url":"https:\/\/cybul.eu\/wp-content\/uploads\/2024\/10\/GT86-V2_R-scaled.jpg","contentUrl":"https:\/\/cybul.eu\/wp-content\/uploads\/2024\/10\/GT86-V2_R-scaled.jpg","width":2560,"height":2560,"caption":"Toyota GT86 V2 roll cage by Cybul Radical Solutions"},{"@type":"BreadcrumbList","@id":"https:\/\/cybul.eu\/pl\/sklep\/toyota-gt86-klatka-bezpieczenstwa-v2\/#breadcrumb","itemListElement":[{"@type":"ListItem","position":1,"name":"Strona g\u0142\u00f3wna","item":"https:\/\/cybul.eu\/pl\/"},{"@type":"ListItem","position":2,"name":"Sklep","item":"https:\/\/cybul.eu\/pl\/sklep\/"},{"@type":"ListItem","position":3,"name":"Toyota GT86 klatka bezpiecze\u0144stwa V2"}]},{"@type":"WebSite","@id":"https:\/\/cybul.eu\/pl\/#website","url":"https:\/\/cybul.eu\/pl\/","name":"CYBUL","description":"","potentialAction":[{"@type":"SearchAction","target":{"@type":"EntryPoint","urlTemplate":"https:\/\/cybul.eu\/pl\/?s={search_term_string}"},"query-input":{"@type":"PropertyValueSpecification","valueRequired":true,"valueName":"search_term_string"}}],"inLanguage":"pl-PL"}]}},"_links":{"self":[{"href":"https:\/\/cybul.eu\/pl\/wp-json\/wp\/v2\/product\/23377","targetHints":{"allow":["GET"]}}],"collection":[{"href":"https:\/\/cybul.eu\/pl\/wp-json\/wp\/v2\/product"}],"about":[{"href":"https:\/\/cybul.eu\/pl\/wp-json\/wp\/v2\/types\/product"}],"replies":[{"embeddable":true,"href":"https:\/\/cybul.eu\/pl\/wp-json\/wp\/v2\/comments?post=23377"}],"wp:featuredmedia":[{"embeddable":true,"href":"https:\/\/cybul.eu\/pl\/wp-json\/wp\/v2\/media\/23381"}],"wp:attachment":[{"href":"https:\/\/cybul.eu\/pl\/wp-json\/wp\/v2\/media?parent=23377"}],"wp:term":[{"taxonomy":"product_cat","embeddable":true,"href":"https:\/\/cybul.eu\/pl\/wp-json\/wp\/v2\/product_cat?post=23377"},{"taxonomy":"product_tag","embeddable":true,"href":"https:\/\/cybul.eu\/pl\/wp-json\/wp\/v2\/product_tag?post=23377"}],"curies":[{"name":"wp","href":"https:\/\/api.w.org\/{rel}","templated":true}]}}