{"id":23357,"date":"2024-10-09T13:57:10","date_gmt":"2024-10-09T11:57:12","guid":{"rendered":"https:\/\/cybul.eu\/?post_type=product&#038;p=23357"},"modified":"2025-06-05T11:58:29","modified_gmt":"2025-06-05T09:58:29","slug":"mazda-mx-5-nd-roll-bar-soft-top-wersja-torowa","status":"publish","type":"product","link":"https:\/\/cybul.eu\/pl\/sklep\/mazda-mx-5-nd-roll-bar-soft-top-wersja-torowa\/","title":{"rendered":"Mazda MX-5 ND &#8211; roll bar soft top wersja torowa"},"content":{"rendered":"<p>Roll bar do MX-5 ND, kt\u00f3ry mo\u017cecie u nas kupi\u0107 jest najbardziej zbli\u017conym rozwi\u0105zaniem do seryjnej &#8222;rolki&#8221;. Jest r\u00f3wnie\u017c o wiele wytrzymalszy, zachowuj\u0105c jej pe\u0142n\u0105 funkcjonalno\u015b\u0107:<\/p>\n<ul>\n<li data-line-height=\"m\"><span style=\"font-size: 100%;\">Posiada mocowania wszystkich os\u0142on plastikowych<\/span><\/li>\n<li><span style=\"font-size: 100%;\">Posiada mocowanie mechanizmu trzymaj\u0105cego dach po z\u0142o\u017ceniu<\/span><\/li>\n<li data-line-height=\"m\"><span style=\"font-size: 100%;\">Posiada mocowanie mechanizmu zwijaj\u0105cego pasy<\/span><\/li>\n<\/ul>\n<div class=\"\" data-block=\"true\" data-editor=\"bnd4h\" data-offset-key=\"402cu-0-0\">\n<p><strong>G\u0142\u00f3wne korzy\u015bci:<\/strong><\/p>\n<ul>\n<li>Ponad 45 mm wy\u017cszy ni\u017c seryjny roll bar<\/li>\n<li>Wykonany z bezszwowych rur 45&#215;2,5 E355, zatwierdzonych przez FIA i NHRA do produkcji klatek bezpiecze\u0144stwa<\/li>\n<li>Zwi\u0119kszona wytrzyma\u0142o\u015b\u0107 dzi\u0119ki jednocz\u0119\u015bciowemu s\u0142upkowi B, co zapewnia wi\u0119ksz\u0105 ochron\u0119 w razie dachowania<\/li>\n<\/ul>\n<p><strong>Kluczowe cechy:<\/strong><\/p>\n<ul>\n<li>Seryjny deflektor wiatru jest w pe\u0142ni funkcjonalny<\/li>\n<li>Malowanie proszkowe w ponad 100 kolorach, dost\u0119pne w wyko\u0144czeniu matowym lub b\u0142yszcz\u0105cym, wliczone w cen\u0119<\/li>\n<li>Wyposa\u017cony w punkty monta\u017cowe do pas\u00f3w wy\u015bcigowych (gwinty do \u015brub oczkowych)<\/li>\n<li>Wa\u017cy 18,85 kg<\/li>\n<\/ul>\n<p><strong>Kluczowe r\u00f3\u017cnice w stosunku do wersji ulicznej:<\/strong><\/p>\n<ul>\n<li>G\u0142\u00f3wny pa\u0142\u0105k (s\u0142upek B) jest jedn\u0105 rur\u0105, co zapewnia wi\u0119ksz\u0105 wytrzyma\u0142o\u015b\u0107, ale wymaga ci\u0119cia bocznych mocowa\u0144 w samochodzie podczas instalacji<\/li>\n<li>Wy\u017csze punkty mocowania tylnych rurek zapewniaj\u0105 lepsze podparcie, co zwi\u0119ksza sztywno\u015b\u0107 nadwozia i bezpiecze\u0144stwo w przypadku dachowania<\/li>\n<li>Monta\u017c wymaga wi\u0119kszej ingerencji w os\u0142ony plastikowe<\/li>\n<li>Wymagane jest ci\u0119cie fabrycznego po\u0142\u0105czenia mi\u0119dzy dachem a s\u0142upkiem B oraz roll barem w celu zamontowania roll bara<\/li>\n<\/ul>\n<p><strong>W zestawie otrzymasz:<\/strong><\/p>\n<ul>\n<li>Roll bar<\/li>\n<li>Zestaw \u015brub i nakr\u0119tek<\/li>\n<\/ul>\n<\/div>\n","protected":false},"excerpt":{"rendered":"<ul>\n<li data-line-height=\"m\">Ponad 40mm wy\u017cszy od seryjnego roll bara<\/li>\n<li data-line-height=\"m\">W 100% bolt-on<\/li>\n<li data-line-height=\"m\">Wyposa\u017cony w mocowania plastikowych os\u0142on<\/li>\n<li data-line-height=\"m\">Dost\u0119pny w ponad 100 kolorach z palety RAL<\/li>\n<\/ul>\n","protected":false},"featured_media":23361,"comment_status":"open","ping_status":"closed","template":"","meta":[],"product_cat":[524,476,284],"product_tag":[346,347],"class_list":{"0":"post-23357","1":"product","2":"type-product","3":"status-publish","4":"has-post-thumbnail","6":"product_cat-bezpieczenstwo-mx-5-nd","7":"product_cat-mx-5-nd-pl","8":"product_cat-mazda-pl","9":"product_tag-mx5-pl","10":"product_tag-mx5-podwozie-i-nadwozie","11":"product_shipping_class-roll-bar-nc-pl","13":"first","14":"instock","15":"taxable","16":"shipping-taxable","17":"purchasable","18":"product-type-simple"},"bundled_by":[],"bundle_stock_status":"instock","bundle_stock_quantity":null,"bundle_virtual":false,"bundle_layout":"","bundle_add_to_cart_form_location":"","bundle_editable_in_cart":false,"bundle_sold_individually_context":"","bundle_item_grouping":"","bundle_min_size":"","bundle_max_size":"","bundle_price":[],"bundled_items":[],"bundle_sell_ids":[],"acf":{"zdjecie_bez_watermarka":null,"zdjecie_bez_watermarka_url":"","product_orgin_url":""},"yoast_head":"<!-- This site is optimized with the Yoast SEO plugin v23.9 - https:\/\/yoast.com\/wordpress\/plugins\/seo\/ -->\n<title>Mazda MX-5 ND - roll bar soft top wersja torowa - CYBUL<\/title>\n<meta name=\"description\" content=\"Najbardziej zbli\u017cone rozwi\u0105zanie do seryjnego roll bara. Zwi\u0119ksza bezpiecze\u0144stwo, posiada wszystkie funkcje seryjnej &quot;rolki&quot;\" \/>\n<meta name=\"robots\" content=\"index, follow, max-snippet:-1, max-image-preview:large, max-video-preview:-1\" \/>\n<link rel=\"canonical\" href=\"https:\/\/cybul.eu\/pl\/sklep\/mazda-mx-5-nd-roll-bar-soft-top-wersja-torowa\/\" \/>\n<meta property=\"og:locale\" content=\"pl_PL\" \/>\n<meta property=\"og:type\" content=\"article\" \/>\n<meta property=\"og:title\" content=\"Mazda MX-5 ND - roll bar soft top wersja torowa - CYBUL\" \/>\n<meta property=\"og:description\" content=\"Najbardziej zbli\u017cone rozwi\u0105zanie do seryjnego roll bara. Zwi\u0119ksza bezpiecze\u0144stwo, posiada wszystkie funkcje seryjnej &quot;rolki&quot;\" \/>\n<meta property=\"og:url\" content=\"https:\/\/cybul.eu\/pl\/sklep\/mazda-mx-5-nd-roll-bar-soft-top-wersja-torowa\/\" \/>\n<meta property=\"og:site_name\" content=\"CYBUL\" \/>\n<meta property=\"article:modified_time\" content=\"2025-06-05T09:58:29+00:00\" \/>\n<meta property=\"og:image\" content=\"https:\/\/cybul.eu\/wp-content\/uploads\/2024\/10\/CYBUL_RB_ND_NOWY_001B-scaled.jpg\" \/>\n\t<meta property=\"og:image:width\" content=\"2560\" \/>\n\t<meta property=\"og:image:height\" content=\"2560\" \/>\n\t<meta property=\"og:image:type\" content=\"image\/jpeg\" \/>\n<meta name=\"twitter:card\" content=\"summary_large_image\" \/>\n<meta name=\"twitter:label1\" content=\"Szacowany czas czytania\" \/>\n\t<meta name=\"twitter:data1\" content=\"1 minuta\" \/>\n<script type=\"application\/ld+json\" class=\"yoast-schema-graph\">{\"@context\":\"https:\/\/schema.org\",\"@graph\":[{\"@type\":\"WebPage\",\"@id\":\"https:\/\/cybul.eu\/pl\/sklep\/mazda-mx-5-nd-roll-bar-soft-top-wersja-torowa\/\",\"url\":\"https:\/\/cybul.eu\/pl\/sklep\/mazda-mx-5-nd-roll-bar-soft-top-wersja-torowa\/\",\"name\":\"Mazda MX-5 ND - roll bar soft top wersja torowa - CYBUL\",\"isPartOf\":{\"@id\":\"https:\/\/cybul.eu\/pl\/#website\"},\"primaryImageOfPage\":{\"@id\":\"https:\/\/cybul.eu\/pl\/sklep\/mazda-mx-5-nd-roll-bar-soft-top-wersja-torowa\/#primaryimage\"},\"image\":{\"@id\":\"https:\/\/cybul.eu\/pl\/sklep\/mazda-mx-5-nd-roll-bar-soft-top-wersja-torowa\/#primaryimage\"},\"thumbnailUrl\":\"https:\/\/cybul.eu\/wp-content\/uploads\/2024\/10\/CYBUL_RB_ND_NOWY_001B-scaled.jpg\",\"datePublished\":\"2024-10-09T11:57:12+00:00\",\"dateModified\":\"2025-06-05T09:58:29+00:00\",\"description\":\"Najbardziej zbli\u017cone rozwi\u0105zanie do seryjnego roll bara. Zwi\u0119ksza bezpiecze\u0144stwo, posiada wszystkie funkcje seryjnej \\\"rolki\\\"\",\"breadcrumb\":{\"@id\":\"https:\/\/cybul.eu\/pl\/sklep\/mazda-mx-5-nd-roll-bar-soft-top-wersja-torowa\/#breadcrumb\"},\"inLanguage\":\"pl-PL\",\"potentialAction\":[{\"@type\":\"ReadAction\",\"target\":[\"https:\/\/cybul.eu\/pl\/sklep\/mazda-mx-5-nd-roll-bar-soft-top-wersja-torowa\/\"]}]},{\"@type\":\"ImageObject\",\"inLanguage\":\"pl-PL\",\"@id\":\"https:\/\/cybul.eu\/pl\/sklep\/mazda-mx-5-nd-roll-bar-soft-top-wersja-torowa\/#primaryimage\",\"url\":\"https:\/\/cybul.eu\/wp-content\/uploads\/2024\/10\/CYBUL_RB_ND_NOWY_001B-scaled.jpg\",\"contentUrl\":\"https:\/\/cybul.eu\/wp-content\/uploads\/2024\/10\/CYBUL_RB_ND_NOWY_001B-scaled.jpg\",\"width\":2560,\"height\":2560,\"caption\":\"Mazda MX-5 ND soft top roll bar by Cybul Radical Solutions\"},{\"@type\":\"BreadcrumbList\",\"@id\":\"https:\/\/cybul.eu\/pl\/sklep\/mazda-mx-5-nd-roll-bar-soft-top-wersja-torowa\/#breadcrumb\",\"itemListElement\":[{\"@type\":\"ListItem\",\"position\":1,\"name\":\"Strona g\u0142\u00f3wna\",\"item\":\"https:\/\/cybul.eu\/pl\/\"},{\"@type\":\"ListItem\",\"position\":2,\"name\":\"Sklep\",\"item\":\"https:\/\/cybul.eu\/pl\/sklep\/\"},{\"@type\":\"ListItem\",\"position\":3,\"name\":\"Mazda MX-5 ND &#8211; roll bar soft top wersja torowa\"}]},{\"@type\":\"WebSite\",\"@id\":\"https:\/\/cybul.eu\/pl\/#website\",\"url\":\"https:\/\/cybul.eu\/pl\/\",\"name\":\"CYBUL\",\"description\":\"\",\"potentialAction\":[{\"@type\":\"SearchAction\",\"target\":{\"@type\":\"EntryPoint\",\"urlTemplate\":\"https:\/\/cybul.eu\/pl\/?s={search_term_string}\"},\"query-input\":{\"@type\":\"PropertyValueSpecification\",\"valueRequired\":true,\"valueName\":\"search_term_string\"}}],\"inLanguage\":\"pl-PL\"}]}<\/script>\n<!-- \/ Yoast SEO plugin. -->","yoast_head_json":{"title":"Mazda MX-5 ND - roll bar soft top wersja torowa - CYBUL","description":"Najbardziej zbli\u017cone rozwi\u0105zanie do seryjnego roll bara. Zwi\u0119ksza bezpiecze\u0144stwo, posiada wszystkie funkcje seryjnej \"rolki\"","robots":{"index":"index","follow":"follow","max-snippet":"max-snippet:-1","max-image-preview":"max-image-preview:large","max-video-preview":"max-video-preview:-1"},"canonical":"https:\/\/cybul.eu\/pl\/sklep\/mazda-mx-5-nd-roll-bar-soft-top-wersja-torowa\/","og_locale":"pl_PL","og_type":"article","og_title":"Mazda MX-5 ND - roll bar soft top wersja torowa - CYBUL","og_description":"Najbardziej zbli\u017cone rozwi\u0105zanie do seryjnego roll bara. Zwi\u0119ksza bezpiecze\u0144stwo, posiada wszystkie funkcje seryjnej \"rolki\"","og_url":"https:\/\/cybul.eu\/pl\/sklep\/mazda-mx-5-nd-roll-bar-soft-top-wersja-torowa\/","og_site_name":"CYBUL","article_modified_time":"2025-06-05T09:58:29+00:00","og_image":[{"width":2560,"height":2560,"url":"https:\/\/cybul.eu\/wp-content\/uploads\/2024\/10\/CYBUL_RB_ND_NOWY_001B-scaled.jpg","type":"image\/jpeg"}],"twitter_card":"summary_large_image","twitter_misc":{"Szacowany czas czytania":"1 minuta"},"schema":{"@context":"https:\/\/schema.org","@graph":[{"@type":"WebPage","@id":"https:\/\/cybul.eu\/pl\/sklep\/mazda-mx-5-nd-roll-bar-soft-top-wersja-torowa\/","url":"https:\/\/cybul.eu\/pl\/sklep\/mazda-mx-5-nd-roll-bar-soft-top-wersja-torowa\/","name":"Mazda MX-5 ND - roll bar soft top wersja torowa - CYBUL","isPartOf":{"@id":"https:\/\/cybul.eu\/pl\/#website"},"primaryImageOfPage":{"@id":"https:\/\/cybul.eu\/pl\/sklep\/mazda-mx-5-nd-roll-bar-soft-top-wersja-torowa\/#primaryimage"},"image":{"@id":"https:\/\/cybul.eu\/pl\/sklep\/mazda-mx-5-nd-roll-bar-soft-top-wersja-torowa\/#primaryimage"},"thumbnailUrl":"https:\/\/cybul.eu\/wp-content\/uploads\/2024\/10\/CYBUL_RB_ND_NOWY_001B-scaled.jpg","datePublished":"2024-10-09T11:57:12+00:00","dateModified":"2025-06-05T09:58:29+00:00","description":"Najbardziej zbli\u017cone rozwi\u0105zanie do seryjnego roll bara. Zwi\u0119ksza bezpiecze\u0144stwo, posiada wszystkie funkcje seryjnej \"rolki\"","breadcrumb":{"@id":"https:\/\/cybul.eu\/pl\/sklep\/mazda-mx-5-nd-roll-bar-soft-top-wersja-torowa\/#breadcrumb"},"inLanguage":"pl-PL","potentialAction":[{"@type":"ReadAction","target":["https:\/\/cybul.eu\/pl\/sklep\/mazda-mx-5-nd-roll-bar-soft-top-wersja-torowa\/"]}]},{"@type":"ImageObject","inLanguage":"pl-PL","@id":"https:\/\/cybul.eu\/pl\/sklep\/mazda-mx-5-nd-roll-bar-soft-top-wersja-torowa\/#primaryimage","url":"https:\/\/cybul.eu\/wp-content\/uploads\/2024\/10\/CYBUL_RB_ND_NOWY_001B-scaled.jpg","contentUrl":"https:\/\/cybul.eu\/wp-content\/uploads\/2024\/10\/CYBUL_RB_ND_NOWY_001B-scaled.jpg","width":2560,"height":2560,"caption":"Mazda MX-5 ND soft top roll bar by Cybul Radical Solutions"},{"@type":"BreadcrumbList","@id":"https:\/\/cybul.eu\/pl\/sklep\/mazda-mx-5-nd-roll-bar-soft-top-wersja-torowa\/#breadcrumb","itemListElement":[{"@type":"ListItem","position":1,"name":"Strona g\u0142\u00f3wna","item":"https:\/\/cybul.eu\/pl\/"},{"@type":"ListItem","position":2,"name":"Sklep","item":"https:\/\/cybul.eu\/pl\/sklep\/"},{"@type":"ListItem","position":3,"name":"Mazda MX-5 ND &#8211; roll bar soft top wersja torowa"}]},{"@type":"WebSite","@id":"https:\/\/cybul.eu\/pl\/#website","url":"https:\/\/cybul.eu\/pl\/","name":"CYBUL","description":"","potentialAction":[{"@type":"SearchAction","target":{"@type":"EntryPoint","urlTemplate":"https:\/\/cybul.eu\/pl\/?s={search_term_string}"},"query-input":{"@type":"PropertyValueSpecification","valueRequired":true,"valueName":"search_term_string"}}],"inLanguage":"pl-PL"}]}},"_links":{"self":[{"href":"https:\/\/cybul.eu\/pl\/wp-json\/wp\/v2\/product\/23357","targetHints":{"allow":["GET"]}}],"collection":[{"href":"https:\/\/cybul.eu\/pl\/wp-json\/wp\/v2\/product"}],"about":[{"href":"https:\/\/cybul.eu\/pl\/wp-json\/wp\/v2\/types\/product"}],"replies":[{"embeddable":true,"href":"https:\/\/cybul.eu\/pl\/wp-json\/wp\/v2\/comments?post=23357"}],"wp:featuredmedia":[{"embeddable":true,"href":"https:\/\/cybul.eu\/pl\/wp-json\/wp\/v2\/media\/23361"}],"wp:attachment":[{"href":"https:\/\/cybul.eu\/pl\/wp-json\/wp\/v2\/media?parent=23357"}],"wp:term":[{"taxonomy":"product_cat","embeddable":true,"href":"https:\/\/cybul.eu\/pl\/wp-json\/wp\/v2\/product_cat?post=23357"},{"taxonomy":"product_tag","embeddable":true,"href":"https:\/\/cybul.eu\/pl\/wp-json\/wp\/v2\/product_tag?post=23357"}],"curies":[{"name":"wp","href":"https:\/\/api.w.org\/{rel}","templated":true}]}}