{"id":23348,"date":"2024-10-09T09:26:03","date_gmt":"2024-10-09T07:26:03","guid":{"rendered":"https:\/\/cybul.eu\/?post_type=product&#038;p=23348"},"modified":"2025-06-05T11:58:29","modified_gmt":"2025-06-05T09:58:29","slug":"mazda-mx-5-nc-koncowki-drazkow-kierowniczych-korygujace-bump-steer-o-20mm","status":"publish","type":"product","link":"https:\/\/cybul.eu\/pl\/sklep\/mazda-mx-5-nc-koncowki-drazkow-kierowniczych-korygujace-bump-steer-o-20mm\/","title":{"rendered":"Mazda MX-5 NC dr\u0105\u017cki kierownicze koryguj\u0105ce bump steer"},"content":{"rendered":"<p>Ko\u0144c\u00f3wki dr\u0105\u017ck\u00f3w kierowniczych Cybul z korekcj\u0105 Roll Center do Mazdy MX-5 NC zosta\u0142y zaprojektowane, aby poprawi\u0107 geometri\u0119 zawieszenia po zmianie roll center wynikaj\u0105cej z monta\u017cu rurowych sanek Cybul. Oferuj\u0105 korekcj\u0119 bump steer, obni\u017caj\u0105c dr\u0105\u017cek kierowniczy na zwrotnicy o 20mm.<\/p>\n<p>G\u0142\u00f3wne korzy\u015bci:<\/p>\n<ul>\n<li>Eliminacja bump steer: Dzi\u0119ki obni\u017ceniu ko\u0144c\u00f3wek dr\u0105\u017ck\u00f3w kierowniczych, geometria uk\u0142adu kierowniczego pozostaje zbli\u017cona do fabrycznej po skorygowaniu roll center za pomoc\u0105 sanek Cybul.<\/li>\n<li>Poprawiona sterowno\u015b\u0107: Zaprojektowane do pracy w po\u0142\u0105czeniu z naszymi rurowymi sankami i innymi komponentami zawieszenia, te ko\u0144c\u00f3wki dr\u0105\u017ck\u00f3w poprawiaj\u0105 prowadzenie pojazdu, zapewniaj\u0105c bardziej responsyjne wra\u017cenia z jazdy.<\/li>\n<\/ul>\n<p>Kluczowe cechy:<\/p>\n<ul>\n<li>Dok\u0142adna korekcja o 20 mm: Oferuj\u0105 idealn\u0105 korekcj\u0119 bump steer o 20 mm, aby idealnie wsp\u00f3\u0142pracowa\u0107 z rurowymi sankami przednimi Cybul.<\/li>\n<li>100% rozwi\u0105zanie bolt-on: W pe\u0142ni kompatybilne z fabryczn\u0105 zwrotnic\u0105.<\/li>\n<li>Wytrzyma\u0142a konstrukcja: wykonane na maszynach CNC ze stali chromowo-molibdenowej 4140.<\/li>\n<li>Uniballe przeznaczone do motorsportu: Zapewniaj\u0105 trwa\u0142o\u015b\u0107 i wytrzyma\u0142o\u015b\u0107.<\/li>\n<\/ul>\n<p>W zestawie otrzymasz:<\/p>\n<ul>\n<li>2 uniballe<\/li>\n<li>2 gumowe os\u0142ony na uniballe<\/li>\n<li>2 regulowane rurowe \u0142\u0105czniki uniballi<\/li>\n<li>4 tuleje do uniballi<\/li>\n<li>2 sto\u017ckowe inserty do zwrotnic<\/li>\n<li>Zestaw nakr\u0119tek do insert\u00f3w sto\u017ckowych i uniballi<\/li>\n<\/ul>\n<p>Produkt ten by\u0142 testowany przez ca\u0142y sezon 6-godzinnych wy\u015bcig\u00f3w endurance &#8222;The Race&#8221;. Samoch\u00f3d, kt\u00f3ry u\u017cywa\u0142 tych dr\u0105\u017ck\u00f3w, zaj\u0105\u0142 pierwsze miejsce w wi\u0119kszo\u015bci wy\u015bcig\u00f3w oraz pierwsze miejsce w klasyfikacji generalnej sezonu. \u017baden z komponent\u00f3w nie musia\u0142 by\u0107 wymieniany przez ca\u0142y sezon, co \u015bwiadczy o trwa\u0142o\u015bci i wytrzyma\u0142o\u015bci tej konstrukcji.<\/p>\n","protected":false},"excerpt":{"rendered":"<ul>\n<li>Umo\u017cliwiaj\u0105 korekcj\u0119 bump steer przez opuszczenie ko\u0144c\u00f3wki o 20mm<\/li>\n<li>Rozwi\u0105zanie w 100% &#8222;bolt on&#8221;<\/li>\n<\/ul>\n","protected":false},"featured_media":23355,"comment_status":"open","ping_status":"closed","template":"","meta":[],"product_cat":[447,496],"product_tag":[429,462],"class_list":{"0":"post-23348","1":"product","2":"type-product","3":"status-publish","4":"has-post-thumbnail","6":"product_cat-mx-5-nc-pl","7":"product_cat-zawieszenie","8":"product_tag-drift-pl","9":"product_tag-mx-5-nc-pl","11":"first","12":"instock","13":"taxable","14":"shipping-taxable","15":"purchasable","16":"product-type-simple"},"bundled_by":[],"bundle_stock_status":"instock","bundle_stock_quantity":null,"bundle_virtual":false,"bundle_layout":"","bundle_add_to_cart_form_location":"","bundle_editable_in_cart":false,"bundle_sold_individually_context":"","bundle_item_grouping":"","bundle_min_size":"","bundle_max_size":"","bundle_price":[],"bundled_items":[],"bundle_sell_ids":[],"acf":{"zdjecie_bez_watermarka":null,"zdjecie_bez_watermarka_url":"","product_orgin_url":""},"yoast_head":"<!-- This site is optimized with the Yoast SEO plugin v23.9 - https:\/\/yoast.com\/wordpress\/plugins\/seo\/ -->\n<title>Mazda MX-5 NC dr\u0105\u017cki kierownicze koryguj\u0105ce bump steer - CYBUL<\/title>\n<meta name=\"description\" content=\"Ko\u0144c\u00f3wki dr\u0105\u017ck\u00f3w z korekcj\u0105 roll center Obni\u017caj\u0105 dr\u0105\u017cek o 20 mm, eliminuj\u0105 bump steer. Wytrzyma\u0142a konstrukcja, pe\u0142na kompatybilno\u015b\u0107 z seryjn\u0105 zwrotnic\u0105.\" \/>\n<meta name=\"robots\" content=\"index, follow, max-snippet:-1, max-image-preview:large, max-video-preview:-1\" \/>\n<link rel=\"canonical\" href=\"https:\/\/cybul.eu\/pl\/sklep\/mazda-mx-5-nc-koncowki-drazkow-kierowniczych-korygujace-bump-steer-o-20mm\/\" \/>\n<meta property=\"og:locale\" content=\"pl_PL\" \/>\n<meta property=\"og:type\" content=\"article\" \/>\n<meta property=\"og:title\" content=\"Mazda MX-5 NC dr\u0105\u017cki kierownicze koryguj\u0105ce bump steer - CYBUL\" \/>\n<meta property=\"og:description\" content=\"Ko\u0144c\u00f3wki dr\u0105\u017ck\u00f3w z korekcj\u0105 roll center Obni\u017caj\u0105 dr\u0105\u017cek o 20 mm, eliminuj\u0105 bump steer. Wytrzyma\u0142a konstrukcja, pe\u0142na kompatybilno\u015b\u0107 z seryjn\u0105 zwrotnic\u0105.\" \/>\n<meta property=\"og:url\" content=\"https:\/\/cybul.eu\/pl\/sklep\/mazda-mx-5-nc-koncowki-drazkow-kierowniczych-korygujace-bump-steer-o-20mm\/\" \/>\n<meta property=\"og:site_name\" content=\"CYBUL\" \/>\n<meta property=\"article:modified_time\" content=\"2025-06-05T09:58:29+00:00\" \/>\n<meta property=\"og:image\" content=\"https:\/\/cybul.eu\/wp-content\/uploads\/2024\/10\/DRAZKI_01B-scaled.jpg\" \/>\n\t<meta property=\"og:image:width\" content=\"2560\" \/>\n\t<meta property=\"og:image:height\" content=\"2560\" \/>\n\t<meta property=\"og:image:type\" content=\"image\/jpeg\" \/>\n<meta name=\"twitter:card\" content=\"summary_large_image\" \/>\n<meta name=\"twitter:label1\" content=\"Szacowany czas czytania\" \/>\n\t<meta name=\"twitter:data1\" content=\"1 minuta\" \/>\n<script type=\"application\/ld+json\" class=\"yoast-schema-graph\">{\"@context\":\"https:\/\/schema.org\",\"@graph\":[{\"@type\":\"WebPage\",\"@id\":\"https:\/\/cybul.eu\/pl\/sklep\/mazda-mx-5-nc-koncowki-drazkow-kierowniczych-korygujace-bump-steer-o-20mm\/\",\"url\":\"https:\/\/cybul.eu\/pl\/sklep\/mazda-mx-5-nc-koncowki-drazkow-kierowniczych-korygujace-bump-steer-o-20mm\/\",\"name\":\"Mazda MX-5 NC dr\u0105\u017cki kierownicze koryguj\u0105ce bump steer - CYBUL\",\"isPartOf\":{\"@id\":\"https:\/\/cybul.eu\/pl\/#website\"},\"primaryImageOfPage\":{\"@id\":\"https:\/\/cybul.eu\/pl\/sklep\/mazda-mx-5-nc-koncowki-drazkow-kierowniczych-korygujace-bump-steer-o-20mm\/#primaryimage\"},\"image\":{\"@id\":\"https:\/\/cybul.eu\/pl\/sklep\/mazda-mx-5-nc-koncowki-drazkow-kierowniczych-korygujace-bump-steer-o-20mm\/#primaryimage\"},\"thumbnailUrl\":\"https:\/\/cybul.eu\/wp-content\/uploads\/2024\/10\/DRAZKI_01B-scaled.jpg\",\"datePublished\":\"2024-10-09T07:26:03+00:00\",\"dateModified\":\"2025-06-05T09:58:29+00:00\",\"description\":\"Ko\u0144c\u00f3wki dr\u0105\u017ck\u00f3w z korekcj\u0105 roll center Obni\u017caj\u0105 dr\u0105\u017cek o 20 mm, eliminuj\u0105 bump steer. Wytrzyma\u0142a konstrukcja, pe\u0142na kompatybilno\u015b\u0107 z seryjn\u0105 zwrotnic\u0105.\",\"breadcrumb\":{\"@id\":\"https:\/\/cybul.eu\/pl\/sklep\/mazda-mx-5-nc-koncowki-drazkow-kierowniczych-korygujace-bump-steer-o-20mm\/#breadcrumb\"},\"inLanguage\":\"pl-PL\",\"potentialAction\":[{\"@type\":\"ReadAction\",\"target\":[\"https:\/\/cybul.eu\/pl\/sklep\/mazda-mx-5-nc-koncowki-drazkow-kierowniczych-korygujace-bump-steer-o-20mm\/\"]}]},{\"@type\":\"ImageObject\",\"inLanguage\":\"pl-PL\",\"@id\":\"https:\/\/cybul.eu\/pl\/sklep\/mazda-mx-5-nc-koncowki-drazkow-kierowniczych-korygujace-bump-steer-o-20mm\/#primaryimage\",\"url\":\"https:\/\/cybul.eu\/wp-content\/uploads\/2024\/10\/DRAZKI_01B-scaled.jpg\",\"contentUrl\":\"https:\/\/cybul.eu\/wp-content\/uploads\/2024\/10\/DRAZKI_01B-scaled.jpg\",\"width\":2560,\"height\":2560,\"caption\":\"Mazda MX-5 NC steering tie rods with 20mm bump steer correction\"},{\"@type\":\"BreadcrumbList\",\"@id\":\"https:\/\/cybul.eu\/pl\/sklep\/mazda-mx-5-nc-koncowki-drazkow-kierowniczych-korygujace-bump-steer-o-20mm\/#breadcrumb\",\"itemListElement\":[{\"@type\":\"ListItem\",\"position\":1,\"name\":\"Strona g\u0142\u00f3wna\",\"item\":\"https:\/\/cybul.eu\/pl\/\"},{\"@type\":\"ListItem\",\"position\":2,\"name\":\"Sklep\",\"item\":\"https:\/\/cybul.eu\/pl\/sklep\/\"},{\"@type\":\"ListItem\",\"position\":3,\"name\":\"Mazda MX-5 NC dr\u0105\u017cki kierownicze koryguj\u0105ce bump steer\"}]},{\"@type\":\"WebSite\",\"@id\":\"https:\/\/cybul.eu\/pl\/#website\",\"url\":\"https:\/\/cybul.eu\/pl\/\",\"name\":\"CYBUL\",\"description\":\"\",\"potentialAction\":[{\"@type\":\"SearchAction\",\"target\":{\"@type\":\"EntryPoint\",\"urlTemplate\":\"https:\/\/cybul.eu\/pl\/?s={search_term_string}\"},\"query-input\":{\"@type\":\"PropertyValueSpecification\",\"valueRequired\":true,\"valueName\":\"search_term_string\"}}],\"inLanguage\":\"pl-PL\"}]}<\/script>\n<!-- \/ Yoast SEO plugin. -->","yoast_head_json":{"title":"Mazda MX-5 NC dr\u0105\u017cki kierownicze koryguj\u0105ce bump steer - CYBUL","description":"Ko\u0144c\u00f3wki dr\u0105\u017ck\u00f3w z korekcj\u0105 roll center Obni\u017caj\u0105 dr\u0105\u017cek o 20 mm, eliminuj\u0105 bump steer. Wytrzyma\u0142a konstrukcja, pe\u0142na kompatybilno\u015b\u0107 z seryjn\u0105 zwrotnic\u0105.","robots":{"index":"index","follow":"follow","max-snippet":"max-snippet:-1","max-image-preview":"max-image-preview:large","max-video-preview":"max-video-preview:-1"},"canonical":"https:\/\/cybul.eu\/pl\/sklep\/mazda-mx-5-nc-koncowki-drazkow-kierowniczych-korygujace-bump-steer-o-20mm\/","og_locale":"pl_PL","og_type":"article","og_title":"Mazda MX-5 NC dr\u0105\u017cki kierownicze koryguj\u0105ce bump steer - CYBUL","og_description":"Ko\u0144c\u00f3wki dr\u0105\u017ck\u00f3w z korekcj\u0105 roll center Obni\u017caj\u0105 dr\u0105\u017cek o 20 mm, eliminuj\u0105 bump steer. Wytrzyma\u0142a konstrukcja, pe\u0142na kompatybilno\u015b\u0107 z seryjn\u0105 zwrotnic\u0105.","og_url":"https:\/\/cybul.eu\/pl\/sklep\/mazda-mx-5-nc-koncowki-drazkow-kierowniczych-korygujace-bump-steer-o-20mm\/","og_site_name":"CYBUL","article_modified_time":"2025-06-05T09:58:29+00:00","og_image":[{"width":2560,"height":2560,"url":"https:\/\/cybul.eu\/wp-content\/uploads\/2024\/10\/DRAZKI_01B-scaled.jpg","type":"image\/jpeg"}],"twitter_card":"summary_large_image","twitter_misc":{"Szacowany czas czytania":"1 minuta"},"schema":{"@context":"https:\/\/schema.org","@graph":[{"@type":"WebPage","@id":"https:\/\/cybul.eu\/pl\/sklep\/mazda-mx-5-nc-koncowki-drazkow-kierowniczych-korygujace-bump-steer-o-20mm\/","url":"https:\/\/cybul.eu\/pl\/sklep\/mazda-mx-5-nc-koncowki-drazkow-kierowniczych-korygujace-bump-steer-o-20mm\/","name":"Mazda MX-5 NC dr\u0105\u017cki kierownicze koryguj\u0105ce bump steer - CYBUL","isPartOf":{"@id":"https:\/\/cybul.eu\/pl\/#website"},"primaryImageOfPage":{"@id":"https:\/\/cybul.eu\/pl\/sklep\/mazda-mx-5-nc-koncowki-drazkow-kierowniczych-korygujace-bump-steer-o-20mm\/#primaryimage"},"image":{"@id":"https:\/\/cybul.eu\/pl\/sklep\/mazda-mx-5-nc-koncowki-drazkow-kierowniczych-korygujace-bump-steer-o-20mm\/#primaryimage"},"thumbnailUrl":"https:\/\/cybul.eu\/wp-content\/uploads\/2024\/10\/DRAZKI_01B-scaled.jpg","datePublished":"2024-10-09T07:26:03+00:00","dateModified":"2025-06-05T09:58:29+00:00","description":"Ko\u0144c\u00f3wki dr\u0105\u017ck\u00f3w z korekcj\u0105 roll center Obni\u017caj\u0105 dr\u0105\u017cek o 20 mm, eliminuj\u0105 bump steer. Wytrzyma\u0142a konstrukcja, pe\u0142na kompatybilno\u015b\u0107 z seryjn\u0105 zwrotnic\u0105.","breadcrumb":{"@id":"https:\/\/cybul.eu\/pl\/sklep\/mazda-mx-5-nc-koncowki-drazkow-kierowniczych-korygujace-bump-steer-o-20mm\/#breadcrumb"},"inLanguage":"pl-PL","potentialAction":[{"@type":"ReadAction","target":["https:\/\/cybul.eu\/pl\/sklep\/mazda-mx-5-nc-koncowki-drazkow-kierowniczych-korygujace-bump-steer-o-20mm\/"]}]},{"@type":"ImageObject","inLanguage":"pl-PL","@id":"https:\/\/cybul.eu\/pl\/sklep\/mazda-mx-5-nc-koncowki-drazkow-kierowniczych-korygujace-bump-steer-o-20mm\/#primaryimage","url":"https:\/\/cybul.eu\/wp-content\/uploads\/2024\/10\/DRAZKI_01B-scaled.jpg","contentUrl":"https:\/\/cybul.eu\/wp-content\/uploads\/2024\/10\/DRAZKI_01B-scaled.jpg","width":2560,"height":2560,"caption":"Mazda MX-5 NC steering tie rods with 20mm bump steer correction"},{"@type":"BreadcrumbList","@id":"https:\/\/cybul.eu\/pl\/sklep\/mazda-mx-5-nc-koncowki-drazkow-kierowniczych-korygujace-bump-steer-o-20mm\/#breadcrumb","itemListElement":[{"@type":"ListItem","position":1,"name":"Strona g\u0142\u00f3wna","item":"https:\/\/cybul.eu\/pl\/"},{"@type":"ListItem","position":2,"name":"Sklep","item":"https:\/\/cybul.eu\/pl\/sklep\/"},{"@type":"ListItem","position":3,"name":"Mazda MX-5 NC dr\u0105\u017cki kierownicze koryguj\u0105ce bump steer"}]},{"@type":"WebSite","@id":"https:\/\/cybul.eu\/pl\/#website","url":"https:\/\/cybul.eu\/pl\/","name":"CYBUL","description":"","potentialAction":[{"@type":"SearchAction","target":{"@type":"EntryPoint","urlTemplate":"https:\/\/cybul.eu\/pl\/?s={search_term_string}"},"query-input":{"@type":"PropertyValueSpecification","valueRequired":true,"valueName":"search_term_string"}}],"inLanguage":"pl-PL"}]}},"_links":{"self":[{"href":"https:\/\/cybul.eu\/pl\/wp-json\/wp\/v2\/product\/23348","targetHints":{"allow":["GET"]}}],"collection":[{"href":"https:\/\/cybul.eu\/pl\/wp-json\/wp\/v2\/product"}],"about":[{"href":"https:\/\/cybul.eu\/pl\/wp-json\/wp\/v2\/types\/product"}],"replies":[{"embeddable":true,"href":"https:\/\/cybul.eu\/pl\/wp-json\/wp\/v2\/comments?post=23348"}],"wp:featuredmedia":[{"embeddable":true,"href":"https:\/\/cybul.eu\/pl\/wp-json\/wp\/v2\/media\/23355"}],"wp:attachment":[{"href":"https:\/\/cybul.eu\/pl\/wp-json\/wp\/v2\/media?parent=23348"}],"wp:term":[{"taxonomy":"product_cat","embeddable":true,"href":"https:\/\/cybul.eu\/pl\/wp-json\/wp\/v2\/product_cat?post=23348"},{"taxonomy":"product_tag","embeddable":true,"href":"https:\/\/cybul.eu\/pl\/wp-json\/wp\/v2\/product_tag?post=23348"}],"curies":[{"name":"wp","href":"https:\/\/api.w.org\/{rel}","templated":true}]}}