{"id":23323,"date":"2024-10-07T14:08:26","date_gmt":"2024-10-07T12:08:27","guid":{"rendered":"https:\/\/cybul.eu\/?post_type=product&#038;p=23323"},"modified":"2025-06-05T11:58:28","modified_gmt":"2025-06-05T09:58:28","slug":"mazda-mx-5-nc-przednie-rurowe-sanki","status":"publish","type":"product","link":"https:\/\/cybul.eu\/pl\/sklep\/mazda-mx-5-nc-przednie-rurowe-sanki\/","title":{"rendered":"Mazda MX-5 NC przednie rurowe sanki"},"content":{"rendered":"<p>Rewolucyjne rurowe sanki przednie do Mazdy MX-5 NC. Wykonane z wytrzyma\u0142ych rur chromowo-molibdenowych, zapewniaj\u0105 znaczn\u0105 popraw\u0119 sztywno\u015bci pojazdu i redukcj\u0119 masy.<\/p>\n<p>G\u0142\u00f3wne korzy\u015bci:<\/p>\n<ul>\n<li>Korekcja roll center: Oferuje dodatkowe punkty mocowania zar\u00f3wno dla dolnych, jak i g\u00f3rnych wahaczy, z pozycjami o 20 mm wy\u017cej. Ta opcja pomaga skorygowa\u0107 roll center, co jest kluczowe dla obni\u017conych pojazd\u00f3w, poprawiaj\u0105c prowadzenie i zmniejszaj\u0105c podsterowno\u015b\u0107.<\/li>\n<li>Redukcja wagi: L\u017cejsza o 30% ni\u017c oryginalna, poprawia prowadzenie, czyni\u0105c Twoje do\u015bwiadczenia z jazdy bardziej responsywnymi i anga\u017cuj\u0105cymi.<\/li>\n<li>Zwi\u0119kszona sztywno\u015b\u0107 nadwozia: Wykonana z chromowo-molibdenowej stali, konstrukcja przestrzenna sanek z licznymi sko\u015bnymi wzmocnieniami znacznie zwi\u0119ksza sztywno\u015b\u0107 nadwozia.<\/li>\n<\/ul>\n<p>Kluczowe cechy:<\/p>\n<ul>\n<li>Konstrukcja z chromowo-molibdenowej stali: Wykorzystuje rury z chromowo-molibdenowej stali, co skutkuje produktem znacznie mocniejszym i odpornym na uszkodzenia.<\/li>\n<li>Pe\u0142na kompatybilno\u015b\u0107 z oryginalnymi elementami: Zachowuje wszystkie oryginalne punkty monta\u017cowe sanek \u2013 posiada mocowania silnika, os\u0142on plastikowych, ch\u0142odnicy, maglownicy i stabilizatora, zapewniaj\u0105c bezproblemow\u0105 integracj\u0119 z oryginalnymi komponentami pojazdu.<\/li>\n<li>U\u0142atwiony dost\u0119p do silnika: Tworzy wi\u0119cej miejsca pod mask\u0105, u\u0142atwiaj\u0105c naprawy i monta\u017c dodatkowych element\u00f3w w komorze silnika.<\/li>\n<li>Gotowa na swap silnika: U\u0142atwia monta\u017c wi\u0119kszych silnik\u00f3w, jak V8, dzi\u0119ki zapewnieniu niezb\u0119dnej przestrzeni na misk\u0119 olejow\u0105.<\/li>\n<\/ul>\n<p>W zestawie otrzymujesz:<\/p>\n<ul>\n<li>Rurowe sanki: Wysokiej wytrzyma\u0142o\u015bci, zaprojektowane dla Mazdy MX-5 NC.<\/li>\n<li>Zestaw \u015brub i nakr\u0119tek: Wszystkie niezb\u0119dne elementy monta\u017cowe dla bezpiecznej instalacji.<\/li>\n<\/ul>\n<p>Aby w pe\u0142ni zoptymalizowa\u0107 regulacj\u0119 roll center dla lepszego prowadzenia, konieczne jest po\u0142\u0105czenie naszegych sanek z zestawem do konwersji na \u0142o\u017cysko sferyczne tylnej tulei przedniego dolnego wahacza, obni\u017conymi ko\u0144c\u00f3wkami\u00a0 kierowniczymi oraz regulowanymi przednimi g\u00f3rnymi wahaczami.<\/p>\n<p>W celu korekcji roll center, niezb\u0119dne jest zastosowanie zestawu \u0142o\u017cysk sferycznych, kt\u00f3ry podnosi punkt monta\u017cowy tylnego wahacza, co zmienia geometri\u0119 zawieszenia. Dodatkowo, nasze regulowane przednie g\u00f3rne wahacze s\u0105 wymagane, poniewa\u017c posiadaj\u0105 tuleje poliuretanowe o mniejszej \u015brednicy, co umo\u017cliwia ich monta\u017c w ciasnym g\u00f3rnym mocowaniu, gdzie fabryczne wahacze nie pasuj\u0105.<\/p>\n<p>Po skorygowaniu roll center, konieczne jest r\u00f3wnie\u017c wyeliminowanie bump steer. W tym celu nasze obni\u017cone dr\u0105\u017cki kierownicze s\u0105 niezb\u0119dne, poniewa\u017c przesuwaj\u0105 ko\u0144c\u00f3wki dr\u0105\u017ck\u00f3w kierowniczych w d\u00f3\u0142, zapewniaj\u0105c w\u0142a\u015bciw\u0105 geometri\u0119 uk\u0142adu kierowniczego i eliminuj\u0105c bump steer, co skutkuje lepsz\u0105 kontrol\u0105 podczas ruchu zawieszenia.<\/p>\n","protected":false},"excerpt":{"rendered":"<ul>\n<li>Umo\u017cliwiaj\u0105 korekcj\u0119 roll center przez podniesienie mocowa\u0144 wahaczy o 20 mm.<\/li>\n<li>30% l\u017cejsze od seryjnych sanek<\/li>\n<li>Sztywniejsze od seryjnych sanek<\/li>\n<li>Umo\u017cliwiaj\u0105 swap silnika na V8<\/li>\n<\/ul>\n","protected":false},"featured_media":23340,"comment_status":"open","ping_status":"closed","template":"","meta":[],"product_cat":[447,496],"product_tag":[429,462],"class_list":{"0":"post-23323","1":"product","2":"type-product","3":"status-publish","4":"has-post-thumbnail","6":"product_cat-mx-5-nc-pl","7":"product_cat-zawieszenie","8":"product_tag-drift-pl","9":"product_tag-mx-5-nc-pl","10":"product_shipping_class-standard","12":"first","13":"instock","14":"taxable","15":"shipping-taxable","16":"purchasable","17":"product-type-simple"},"bundled_by":[],"bundle_stock_status":"instock","bundle_stock_quantity":null,"bundle_virtual":false,"bundle_layout":"","bundle_add_to_cart_form_location":"","bundle_editable_in_cart":false,"bundle_sold_individually_context":"","bundle_item_grouping":"","bundle_min_size":"","bundle_max_size":"","bundle_price":[],"bundled_items":[],"bundle_sell_ids":[23348,4315,4350],"acf":{"zdjecie_bez_watermarka":null,"zdjecie_bez_watermarka_url":"","product_orgin_url":""},"yoast_head":"<!-- This site is optimized with the Yoast SEO plugin v23.9 - https:\/\/yoast.com\/wordpress\/plugins\/seo\/ -->\n<title>Mazda MX-5 NC przednie rurowe sanki - CYBUL<\/title>\n<meta name=\"description\" content=\"Jedyne sanki z korekcj\u0105 roll center, wykonane z rur chromowo-molibdenowych 4130. 30% l\u017cejsze od seryjnych, sztywniejsze, umo\u017cliwiaj\u0105 swap silnika V8.\" \/>\n<meta name=\"robots\" content=\"index, follow, max-snippet:-1, max-image-preview:large, max-video-preview:-1\" \/>\n<link rel=\"canonical\" href=\"https:\/\/cybul.eu\/pl\/sklep\/mazda-mx-5-nc-przednie-rurowe-sanki\/\" \/>\n<meta property=\"og:locale\" content=\"pl_PL\" \/>\n<meta property=\"og:type\" content=\"article\" \/>\n<meta property=\"og:title\" content=\"Mazda MX-5 NC przednie rurowe sanki - CYBUL\" \/>\n<meta property=\"og:description\" content=\"Jedyne sanki z korekcj\u0105 roll center, wykonane z rur chromowo-molibdenowych 4130. 30% l\u017cejsze od seryjnych, sztywniejsze, umo\u017cliwiaj\u0105 swap silnika V8.\" \/>\n<meta property=\"og:url\" content=\"https:\/\/cybul.eu\/pl\/sklep\/mazda-mx-5-nc-przednie-rurowe-sanki\/\" \/>\n<meta property=\"og:site_name\" content=\"CYBUL\" \/>\n<meta property=\"article:modified_time\" content=\"2025-06-05T09:58:28+00:00\" \/>\n<meta property=\"og:image\" content=\"https:\/\/cybul.eu\/wp-content\/uploads\/2024\/10\/SANKI_009-scaled.jpg\" \/>\n\t<meta property=\"og:image:width\" content=\"2560\" \/>\n\t<meta property=\"og:image:height\" content=\"2560\" \/>\n\t<meta property=\"og:image:type\" content=\"image\/jpeg\" \/>\n<meta name=\"twitter:card\" content=\"summary_large_image\" \/>\n<meta name=\"twitter:label1\" content=\"Szacowany czas czytania\" \/>\n\t<meta name=\"twitter:data1\" content=\"2 minuty\" \/>\n<script type=\"application\/ld+json\" class=\"yoast-schema-graph\">{\"@context\":\"https:\/\/schema.org\",\"@graph\":[{\"@type\":\"WebPage\",\"@id\":\"https:\/\/cybul.eu\/pl\/sklep\/mazda-mx-5-nc-przednie-rurowe-sanki\/\",\"url\":\"https:\/\/cybul.eu\/pl\/sklep\/mazda-mx-5-nc-przednie-rurowe-sanki\/\",\"name\":\"Mazda MX-5 NC przednie rurowe sanki - CYBUL\",\"isPartOf\":{\"@id\":\"https:\/\/cybul.eu\/pl\/#website\"},\"primaryImageOfPage\":{\"@id\":\"https:\/\/cybul.eu\/pl\/sklep\/mazda-mx-5-nc-przednie-rurowe-sanki\/#primaryimage\"},\"image\":{\"@id\":\"https:\/\/cybul.eu\/pl\/sklep\/mazda-mx-5-nc-przednie-rurowe-sanki\/#primaryimage\"},\"thumbnailUrl\":\"https:\/\/cybul.eu\/wp-content\/uploads\/2024\/10\/SANKI_009-scaled.jpg\",\"datePublished\":\"2024-10-07T12:08:27+00:00\",\"dateModified\":\"2025-06-05T09:58:28+00:00\",\"description\":\"Jedyne sanki z korekcj\u0105 roll center, wykonane z rur chromowo-molibdenowych 4130. 30% l\u017cejsze od seryjnych, sztywniejsze, umo\u017cliwiaj\u0105 swap silnika V8.\",\"breadcrumb\":{\"@id\":\"https:\/\/cybul.eu\/pl\/sklep\/mazda-mx-5-nc-przednie-rurowe-sanki\/#breadcrumb\"},\"inLanguage\":\"pl-PL\",\"potentialAction\":[{\"@type\":\"ReadAction\",\"target\":[\"https:\/\/cybul.eu\/pl\/sklep\/mazda-mx-5-nc-przednie-rurowe-sanki\/\"]}]},{\"@type\":\"ImageObject\",\"inLanguage\":\"pl-PL\",\"@id\":\"https:\/\/cybul.eu\/pl\/sklep\/mazda-mx-5-nc-przednie-rurowe-sanki\/#primaryimage\",\"url\":\"https:\/\/cybul.eu\/wp-content\/uploads\/2024\/10\/SANKI_009-scaled.jpg\",\"contentUrl\":\"https:\/\/cybul.eu\/wp-content\/uploads\/2024\/10\/SANKI_009-scaled.jpg\",\"width\":2560,\"height\":2560,\"caption\":\"Mazda MX-5 NC przednie rurowe sanki\"},{\"@type\":\"BreadcrumbList\",\"@id\":\"https:\/\/cybul.eu\/pl\/sklep\/mazda-mx-5-nc-przednie-rurowe-sanki\/#breadcrumb\",\"itemListElement\":[{\"@type\":\"ListItem\",\"position\":1,\"name\":\"Strona g\u0142\u00f3wna\",\"item\":\"https:\/\/cybul.eu\/pl\/\"},{\"@type\":\"ListItem\",\"position\":2,\"name\":\"Sklep\",\"item\":\"https:\/\/cybul.eu\/pl\/sklep\/\"},{\"@type\":\"ListItem\",\"position\":3,\"name\":\"Mazda MX-5 NC przednie rurowe sanki\"}]},{\"@type\":\"WebSite\",\"@id\":\"https:\/\/cybul.eu\/pl\/#website\",\"url\":\"https:\/\/cybul.eu\/pl\/\",\"name\":\"CYBUL\",\"description\":\"\",\"potentialAction\":[{\"@type\":\"SearchAction\",\"target\":{\"@type\":\"EntryPoint\",\"urlTemplate\":\"https:\/\/cybul.eu\/pl\/?s={search_term_string}\"},\"query-input\":{\"@type\":\"PropertyValueSpecification\",\"valueRequired\":true,\"valueName\":\"search_term_string\"}}],\"inLanguage\":\"pl-PL\"}]}<\/script>\n<!-- \/ Yoast SEO plugin. -->","yoast_head_json":{"title":"Mazda MX-5 NC przednie rurowe sanki - CYBUL","description":"Jedyne sanki z korekcj\u0105 roll center, wykonane z rur chromowo-molibdenowych 4130. 30% l\u017cejsze od seryjnych, sztywniejsze, umo\u017cliwiaj\u0105 swap silnika V8.","robots":{"index":"index","follow":"follow","max-snippet":"max-snippet:-1","max-image-preview":"max-image-preview:large","max-video-preview":"max-video-preview:-1"},"canonical":"https:\/\/cybul.eu\/pl\/sklep\/mazda-mx-5-nc-przednie-rurowe-sanki\/","og_locale":"pl_PL","og_type":"article","og_title":"Mazda MX-5 NC przednie rurowe sanki - CYBUL","og_description":"Jedyne sanki z korekcj\u0105 roll center, wykonane z rur chromowo-molibdenowych 4130. 30% l\u017cejsze od seryjnych, sztywniejsze, umo\u017cliwiaj\u0105 swap silnika V8.","og_url":"https:\/\/cybul.eu\/pl\/sklep\/mazda-mx-5-nc-przednie-rurowe-sanki\/","og_site_name":"CYBUL","article_modified_time":"2025-06-05T09:58:28+00:00","og_image":[{"width":2560,"height":2560,"url":"https:\/\/cybul.eu\/wp-content\/uploads\/2024\/10\/SANKI_009-scaled.jpg","type":"image\/jpeg"}],"twitter_card":"summary_large_image","twitter_misc":{"Szacowany czas czytania":"2 minuty"},"schema":{"@context":"https:\/\/schema.org","@graph":[{"@type":"WebPage","@id":"https:\/\/cybul.eu\/pl\/sklep\/mazda-mx-5-nc-przednie-rurowe-sanki\/","url":"https:\/\/cybul.eu\/pl\/sklep\/mazda-mx-5-nc-przednie-rurowe-sanki\/","name":"Mazda MX-5 NC przednie rurowe sanki - CYBUL","isPartOf":{"@id":"https:\/\/cybul.eu\/pl\/#website"},"primaryImageOfPage":{"@id":"https:\/\/cybul.eu\/pl\/sklep\/mazda-mx-5-nc-przednie-rurowe-sanki\/#primaryimage"},"image":{"@id":"https:\/\/cybul.eu\/pl\/sklep\/mazda-mx-5-nc-przednie-rurowe-sanki\/#primaryimage"},"thumbnailUrl":"https:\/\/cybul.eu\/wp-content\/uploads\/2024\/10\/SANKI_009-scaled.jpg","datePublished":"2024-10-07T12:08:27+00:00","dateModified":"2025-06-05T09:58:28+00:00","description":"Jedyne sanki z korekcj\u0105 roll center, wykonane z rur chromowo-molibdenowych 4130. 30% l\u017cejsze od seryjnych, sztywniejsze, umo\u017cliwiaj\u0105 swap silnika V8.","breadcrumb":{"@id":"https:\/\/cybul.eu\/pl\/sklep\/mazda-mx-5-nc-przednie-rurowe-sanki\/#breadcrumb"},"inLanguage":"pl-PL","potentialAction":[{"@type":"ReadAction","target":["https:\/\/cybul.eu\/pl\/sklep\/mazda-mx-5-nc-przednie-rurowe-sanki\/"]}]},{"@type":"ImageObject","inLanguage":"pl-PL","@id":"https:\/\/cybul.eu\/pl\/sklep\/mazda-mx-5-nc-przednie-rurowe-sanki\/#primaryimage","url":"https:\/\/cybul.eu\/wp-content\/uploads\/2024\/10\/SANKI_009-scaled.jpg","contentUrl":"https:\/\/cybul.eu\/wp-content\/uploads\/2024\/10\/SANKI_009-scaled.jpg","width":2560,"height":2560,"caption":"Mazda MX-5 NC przednie rurowe sanki"},{"@type":"BreadcrumbList","@id":"https:\/\/cybul.eu\/pl\/sklep\/mazda-mx-5-nc-przednie-rurowe-sanki\/#breadcrumb","itemListElement":[{"@type":"ListItem","position":1,"name":"Strona g\u0142\u00f3wna","item":"https:\/\/cybul.eu\/pl\/"},{"@type":"ListItem","position":2,"name":"Sklep","item":"https:\/\/cybul.eu\/pl\/sklep\/"},{"@type":"ListItem","position":3,"name":"Mazda MX-5 NC przednie rurowe sanki"}]},{"@type":"WebSite","@id":"https:\/\/cybul.eu\/pl\/#website","url":"https:\/\/cybul.eu\/pl\/","name":"CYBUL","description":"","potentialAction":[{"@type":"SearchAction","target":{"@type":"EntryPoint","urlTemplate":"https:\/\/cybul.eu\/pl\/?s={search_term_string}"},"query-input":{"@type":"PropertyValueSpecification","valueRequired":true,"valueName":"search_term_string"}}],"inLanguage":"pl-PL"}]}},"_links":{"self":[{"href":"https:\/\/cybul.eu\/pl\/wp-json\/wp\/v2\/product\/23323","targetHints":{"allow":["GET"]}}],"collection":[{"href":"https:\/\/cybul.eu\/pl\/wp-json\/wp\/v2\/product"}],"about":[{"href":"https:\/\/cybul.eu\/pl\/wp-json\/wp\/v2\/types\/product"}],"replies":[{"embeddable":true,"href":"https:\/\/cybul.eu\/pl\/wp-json\/wp\/v2\/comments?post=23323"}],"wp:featuredmedia":[{"embeddable":true,"href":"https:\/\/cybul.eu\/pl\/wp-json\/wp\/v2\/media\/23340"}],"wp:attachment":[{"href":"https:\/\/cybul.eu\/pl\/wp-json\/wp\/v2\/media?parent=23323"}],"wp:term":[{"taxonomy":"product_cat","embeddable":true,"href":"https:\/\/cybul.eu\/pl\/wp-json\/wp\/v2\/product_cat?post=23323"},{"taxonomy":"product_tag","embeddable":true,"href":"https:\/\/cybul.eu\/pl\/wp-json\/wp\/v2\/product_tag?post=23323"}],"curies":[{"name":"wp","href":"https:\/\/api.w.org\/{rel}","templated":true}]}}