{"id":2270,"date":"2019-09-25T14:22:05","date_gmt":"2019-09-25T12:22:05","guid":{"rendered":"https:\/\/cybul.eu\/?post_type=product&#038;p=2270"},"modified":"2023-11-28T00:00:56","modified_gmt":"2023-11-27T23:00:56","slug":"jeep-tj-zj-xj-wj-przednie-gorne-wahacze","status":"publish","type":"product","link":"https:\/\/cybul.eu\/pl\/sklep\/jeep-tj-zj-xj-wj-przednie-gorne-wahacze\/","title":{"rendered":"Jeep TJ ZJ XJ WJ &#8211; przednie g\u00f3rne wahacze"},"content":{"rendered":"<p>Umo\u017cliwiaj\u0105 p\u0142ynn\u0105 regulacj\u0119 k\u0105ta pochylenia g\u0142\u00f3wki mostu \/ k\u0105ta wyprzedzania zwrotnicy w szerokim zakresie. Pozwala to wyeliminowa\u0107 wibracje wa\u0142u, kt\u00f3re pojawiaj\u0105 si\u0119 przy \u201elifcie\u201d, oraz ustawienie ko\u0142a na \u015brodku b\u0142otnika. Dzi\u0119ki zastosowaniu \u015bruby rzymskiej zmiana nastaw\u00f3w nie wymaga demonta\u017cu wahacza.<\/p>\n<p>Wykonane z precyzyjnych rur bezszwowych, spawane przez do\u015bwiadczonego spawacza. Sprawdzone w najci\u0119\u017cszych Polskich rajdach, o wiele wytrzymalsze od seryjnych wahaczy.<\/p>\n<p>W zestawie znajduj\u0105 si\u0119 tuleje poliuretanowe w twardo\u015bci 95ShA, znacz\u0105co\u00a0 zwi\u0119kszaj\u0105ce sztywno\u015b\u0107 zawieszenia i przek\u0142adaj\u0105ce si\u0119 na podniesienie precyzji prowadzenia.<\/p>\n<p>Produkt lakierowany proszkowo na metaliczny szary grafit, element gwintowany cynkowany galwanicznie.<\/p>\n","protected":false},"excerpt":{"rendered":"<p>O wiele wytrzymalsze od seryjnych, umo\u017cliwiaj\u0105 ustawienie ko\u0142a na \u015brodku b\u0142otnika oraz regulacj\u0119 k\u0105ta g\u0142\u00f3wki mostu<\/p>\n","protected":false},"featured_media":2272,"comment_status":"open","ping_status":"closed","template":"","meta":[],"product_cat":[275,277,274,276],"product_tag":[339],"class_list":{"0":"post-2270","1":"product","2":"type-product","3":"status-publish","4":"has-post-thumbnail","6":"product_cat-tj","7":"product_cat-wj","8":"product_cat-xj","9":"product_cat-zj","10":"product_tag-wahacze-off-road","12":"first","13":"instock","14":"taxable","15":"shipping-taxable","16":"purchasable","17":"product-type-simple"},"bundled_by":[],"bundle_stock_status":"instock","bundle_stock_quantity":null,"bundle_virtual":false,"bundle_layout":"","bundle_add_to_cart_form_location":"","bundle_editable_in_cart":false,"bundle_sold_individually_context":"","bundle_item_grouping":"","bundle_min_size":"","bundle_max_size":"","bundle_price":[],"bundled_items":[],"bundle_sell_ids":[],"acf":{"zdjecie_bez_watermarka":6766,"zdjecie_bez_watermarka_url":"https:\/\/cybul.eu\/wp-content\/uploads\/2019\/09\/Wahacze-przod-gora.jpg","product_orgin_url":""},"yoast_head":"<!-- This site is optimized with the Yoast SEO plugin v23.9 - https:\/\/yoast.com\/wordpress\/plugins\/seo\/ -->\n<title>Jeep TJ ZJ XJ WJ - przednie g\u00f3rne wahacze - CYBUL<\/title>\n<meta name=\"description\" content=\"O wiele wytrzymalsze od seryjnych, umo\u017cliwiaj\u0105 ustawienie ko\u0142a na \u015brodku b\u0142otnika oraz regulacj\u0119 k\u0105ta g\u0142\u00f3wki mostu\" \/>\n<meta name=\"robots\" content=\"index, follow, max-snippet:-1, max-image-preview:large, max-video-preview:-1\" \/>\n<link rel=\"canonical\" href=\"https:\/\/cybul.eu\/pl\/sklep\/jeep-tj-zj-xj-wj-przednie-gorne-wahacze\/\" \/>\n<meta property=\"og:locale\" content=\"pl_PL\" \/>\n<meta property=\"og:type\" content=\"article\" \/>\n<meta property=\"og:title\" content=\"Jeep TJ ZJ XJ WJ - przednie g\u00f3rne wahacze - CYBUL\" \/>\n<meta property=\"og:description\" content=\"O wiele wytrzymalsze od seryjnych, umo\u017cliwiaj\u0105 ustawienie ko\u0142a na \u015brodku b\u0142otnika oraz regulacj\u0119 k\u0105ta g\u0142\u00f3wki mostu\" \/>\n<meta property=\"og:url\" content=\"https:\/\/cybul.eu\/pl\/sklep\/jeep-tj-zj-xj-wj-przednie-gorne-wahacze\/\" \/>\n<meta property=\"og:site_name\" content=\"CYBUL\" \/>\n<meta property=\"article:modified_time\" content=\"2023-11-27T23:00:56+00:00\" \/>\n<meta property=\"og:image\" content=\"https:\/\/cybul.eu\/wp-content\/uploads\/2019\/09\/Jeep-TJ-WJ-ZJ-XJ-front-upper-adjustable-arms.jpg\" \/>\n\t<meta property=\"og:image:width\" content=\"920\" \/>\n\t<meta property=\"og:image:height\" content=\"920\" \/>\n\t<meta property=\"og:image:type\" content=\"image\/jpeg\" \/>\n<meta name=\"twitter:card\" content=\"summary_large_image\" \/>\n<meta name=\"twitter:label1\" content=\"Szacowany czas czytania\" \/>\n\t<meta name=\"twitter:data1\" content=\"1 minuta\" \/>\n<script type=\"application\/ld+json\" class=\"yoast-schema-graph\">{\"@context\":\"https:\/\/schema.org\",\"@graph\":[{\"@type\":\"WebPage\",\"@id\":\"https:\/\/cybul.eu\/pl\/sklep\/jeep-tj-zj-xj-wj-przednie-gorne-wahacze\/\",\"url\":\"https:\/\/cybul.eu\/pl\/sklep\/jeep-tj-zj-xj-wj-przednie-gorne-wahacze\/\",\"name\":\"Jeep TJ ZJ XJ WJ - przednie g\u00f3rne wahacze - CYBUL\",\"isPartOf\":{\"@id\":\"https:\/\/cybul.eu\/pl\/#website\"},\"primaryImageOfPage\":{\"@id\":\"https:\/\/cybul.eu\/pl\/sklep\/jeep-tj-zj-xj-wj-przednie-gorne-wahacze\/#primaryimage\"},\"image\":{\"@id\":\"https:\/\/cybul.eu\/pl\/sklep\/jeep-tj-zj-xj-wj-przednie-gorne-wahacze\/#primaryimage\"},\"thumbnailUrl\":\"https:\/\/cybul.eu\/wp-content\/uploads\/2019\/09\/Jeep-TJ-WJ-ZJ-XJ-front-upper-adjustable-arms.jpg\",\"datePublished\":\"2019-09-25T12:22:05+00:00\",\"dateModified\":\"2023-11-27T23:00:56+00:00\",\"description\":\"O wiele wytrzymalsze od seryjnych, umo\u017cliwiaj\u0105 ustawienie ko\u0142a na \u015brodku b\u0142otnika oraz regulacj\u0119 k\u0105ta g\u0142\u00f3wki mostu\",\"breadcrumb\":{\"@id\":\"https:\/\/cybul.eu\/pl\/sklep\/jeep-tj-zj-xj-wj-przednie-gorne-wahacze\/#breadcrumb\"},\"inLanguage\":\"pl-PL\",\"potentialAction\":[{\"@type\":\"ReadAction\",\"target\":[\"https:\/\/cybul.eu\/pl\/sklep\/jeep-tj-zj-xj-wj-przednie-gorne-wahacze\/\"]}]},{\"@type\":\"ImageObject\",\"inLanguage\":\"pl-PL\",\"@id\":\"https:\/\/cybul.eu\/pl\/sklep\/jeep-tj-zj-xj-wj-przednie-gorne-wahacze\/#primaryimage\",\"url\":\"https:\/\/cybul.eu\/wp-content\/uploads\/2019\/09\/Jeep-TJ-WJ-ZJ-XJ-front-upper-adjustable-arms.jpg\",\"contentUrl\":\"https:\/\/cybul.eu\/wp-content\/uploads\/2019\/09\/Jeep-TJ-WJ-ZJ-XJ-front-upper-adjustable-arms.jpg\",\"width\":920,\"height\":920,\"caption\":\"Wyk.Vision-Media\"},{\"@type\":\"BreadcrumbList\",\"@id\":\"https:\/\/cybul.eu\/pl\/sklep\/jeep-tj-zj-xj-wj-przednie-gorne-wahacze\/#breadcrumb\",\"itemListElement\":[{\"@type\":\"ListItem\",\"position\":1,\"name\":\"Strona g\u0142\u00f3wna\",\"item\":\"https:\/\/cybul.eu\/pl\/\"},{\"@type\":\"ListItem\",\"position\":2,\"name\":\"Sklep\",\"item\":\"https:\/\/cybul.eu\/pl\/sklep\/\"},{\"@type\":\"ListItem\",\"position\":3,\"name\":\"Jeep TJ ZJ XJ WJ &#8211; przednie g\u00f3rne wahacze\"}]},{\"@type\":\"WebSite\",\"@id\":\"https:\/\/cybul.eu\/pl\/#website\",\"url\":\"https:\/\/cybul.eu\/pl\/\",\"name\":\"CYBUL\",\"description\":\"\",\"potentialAction\":[{\"@type\":\"SearchAction\",\"target\":{\"@type\":\"EntryPoint\",\"urlTemplate\":\"https:\/\/cybul.eu\/pl\/?s={search_term_string}\"},\"query-input\":{\"@type\":\"PropertyValueSpecification\",\"valueRequired\":true,\"valueName\":\"search_term_string\"}}],\"inLanguage\":\"pl-PL\"}]}<\/script>\n<!-- \/ Yoast SEO plugin. -->","yoast_head_json":{"title":"Jeep TJ ZJ XJ WJ - przednie g\u00f3rne wahacze - CYBUL","description":"O wiele wytrzymalsze od seryjnych, umo\u017cliwiaj\u0105 ustawienie ko\u0142a na \u015brodku b\u0142otnika oraz regulacj\u0119 k\u0105ta g\u0142\u00f3wki mostu","robots":{"index":"index","follow":"follow","max-snippet":"max-snippet:-1","max-image-preview":"max-image-preview:large","max-video-preview":"max-video-preview:-1"},"canonical":"https:\/\/cybul.eu\/pl\/sklep\/jeep-tj-zj-xj-wj-przednie-gorne-wahacze\/","og_locale":"pl_PL","og_type":"article","og_title":"Jeep TJ ZJ XJ WJ - przednie g\u00f3rne wahacze - CYBUL","og_description":"O wiele wytrzymalsze od seryjnych, umo\u017cliwiaj\u0105 ustawienie ko\u0142a na \u015brodku b\u0142otnika oraz regulacj\u0119 k\u0105ta g\u0142\u00f3wki mostu","og_url":"https:\/\/cybul.eu\/pl\/sklep\/jeep-tj-zj-xj-wj-przednie-gorne-wahacze\/","og_site_name":"CYBUL","article_modified_time":"2023-11-27T23:00:56+00:00","og_image":[{"width":920,"height":920,"url":"https:\/\/cybul.eu\/wp-content\/uploads\/2019\/09\/Jeep-TJ-WJ-ZJ-XJ-front-upper-adjustable-arms.jpg","type":"image\/jpeg"}],"twitter_card":"summary_large_image","twitter_misc":{"Szacowany czas czytania":"1 minuta"},"schema":{"@context":"https:\/\/schema.org","@graph":[{"@type":"WebPage","@id":"https:\/\/cybul.eu\/pl\/sklep\/jeep-tj-zj-xj-wj-przednie-gorne-wahacze\/","url":"https:\/\/cybul.eu\/pl\/sklep\/jeep-tj-zj-xj-wj-przednie-gorne-wahacze\/","name":"Jeep TJ ZJ XJ WJ - przednie g\u00f3rne wahacze - CYBUL","isPartOf":{"@id":"https:\/\/cybul.eu\/pl\/#website"},"primaryImageOfPage":{"@id":"https:\/\/cybul.eu\/pl\/sklep\/jeep-tj-zj-xj-wj-przednie-gorne-wahacze\/#primaryimage"},"image":{"@id":"https:\/\/cybul.eu\/pl\/sklep\/jeep-tj-zj-xj-wj-przednie-gorne-wahacze\/#primaryimage"},"thumbnailUrl":"https:\/\/cybul.eu\/wp-content\/uploads\/2019\/09\/Jeep-TJ-WJ-ZJ-XJ-front-upper-adjustable-arms.jpg","datePublished":"2019-09-25T12:22:05+00:00","dateModified":"2023-11-27T23:00:56+00:00","description":"O wiele wytrzymalsze od seryjnych, umo\u017cliwiaj\u0105 ustawienie ko\u0142a na \u015brodku b\u0142otnika oraz regulacj\u0119 k\u0105ta g\u0142\u00f3wki mostu","breadcrumb":{"@id":"https:\/\/cybul.eu\/pl\/sklep\/jeep-tj-zj-xj-wj-przednie-gorne-wahacze\/#breadcrumb"},"inLanguage":"pl-PL","potentialAction":[{"@type":"ReadAction","target":["https:\/\/cybul.eu\/pl\/sklep\/jeep-tj-zj-xj-wj-przednie-gorne-wahacze\/"]}]},{"@type":"ImageObject","inLanguage":"pl-PL","@id":"https:\/\/cybul.eu\/pl\/sklep\/jeep-tj-zj-xj-wj-przednie-gorne-wahacze\/#primaryimage","url":"https:\/\/cybul.eu\/wp-content\/uploads\/2019\/09\/Jeep-TJ-WJ-ZJ-XJ-front-upper-adjustable-arms.jpg","contentUrl":"https:\/\/cybul.eu\/wp-content\/uploads\/2019\/09\/Jeep-TJ-WJ-ZJ-XJ-front-upper-adjustable-arms.jpg","width":920,"height":920,"caption":"Wyk.Vision-Media"},{"@type":"BreadcrumbList","@id":"https:\/\/cybul.eu\/pl\/sklep\/jeep-tj-zj-xj-wj-przednie-gorne-wahacze\/#breadcrumb","itemListElement":[{"@type":"ListItem","position":1,"name":"Strona g\u0142\u00f3wna","item":"https:\/\/cybul.eu\/pl\/"},{"@type":"ListItem","position":2,"name":"Sklep","item":"https:\/\/cybul.eu\/pl\/sklep\/"},{"@type":"ListItem","position":3,"name":"Jeep TJ ZJ XJ WJ &#8211; przednie g\u00f3rne wahacze"}]},{"@type":"WebSite","@id":"https:\/\/cybul.eu\/pl\/#website","url":"https:\/\/cybul.eu\/pl\/","name":"CYBUL","description":"","potentialAction":[{"@type":"SearchAction","target":{"@type":"EntryPoint","urlTemplate":"https:\/\/cybul.eu\/pl\/?s={search_term_string}"},"query-input":{"@type":"PropertyValueSpecification","valueRequired":true,"valueName":"search_term_string"}}],"inLanguage":"pl-PL"}]}},"_links":{"self":[{"href":"https:\/\/cybul.eu\/pl\/wp-json\/wp\/v2\/product\/2270","targetHints":{"allow":["GET"]}}],"collection":[{"href":"https:\/\/cybul.eu\/pl\/wp-json\/wp\/v2\/product"}],"about":[{"href":"https:\/\/cybul.eu\/pl\/wp-json\/wp\/v2\/types\/product"}],"replies":[{"embeddable":true,"href":"https:\/\/cybul.eu\/pl\/wp-json\/wp\/v2\/comments?post=2270"}],"wp:featuredmedia":[{"embeddable":true,"href":"https:\/\/cybul.eu\/pl\/wp-json\/wp\/v2\/media\/2272"}],"wp:attachment":[{"href":"https:\/\/cybul.eu\/pl\/wp-json\/wp\/v2\/media?parent=2270"}],"wp:term":[{"taxonomy":"product_cat","embeddable":true,"href":"https:\/\/cybul.eu\/pl\/wp-json\/wp\/v2\/product_cat?post=2270"},{"taxonomy":"product_tag","embeddable":true,"href":"https:\/\/cybul.eu\/pl\/wp-json\/wp\/v2\/product_tag?post=2270"}],"curies":[{"name":"wp","href":"https:\/\/api.w.org\/{rel}","templated":true}]}}