{"id":22233,"date":"2024-06-29T10:10:22","date_gmt":"2024-06-29T08:10:22","guid":{"rendered":"https:\/\/cybul.eu\/shop\/klocki-hamulcowe-tyl-ferodo-racing-ds1-11-bmw-3-e30-fcp578w\/"},"modified":"2024-06-29T10:10:25","modified_gmt":"2024-06-29T08:10:25","slug":"klocki-hamulcowe-tyl-ferodo-racing-ds1-11-bmw-3-e30-fcp578w","status":"publish","type":"product","link":"https:\/\/cybul.eu\/pl\/sklep\/klocki-hamulcowe-tyl-ferodo-racing-ds1-11-bmw-3-e30-fcp578w\/","title":{"rendered":"KLOCKI HAMULCOWE TY\u0141 FERODO RACING DS1.11 BMW 3 (E30) &#8211; FCP578W"},"content":{"rendered":"<p>Klocki hamulcowe Ferodo Racing DS1.11 BMW 3 (E30)<\/p>\n<p><b>Marka: BMW<\/b><\/p>\n<p><b> <\/b><\/p>\n<p><b>Model:&nbsp;3 (E30)<\/b><\/p>\n<p>O\u015b:&nbsp;Ty\u0142<\/p>\n<p>Zestaw na o\u015b (4szt).<\/p>\n<p>Index:&nbsp;FCP578W<\/p>\n<p>Proponowane przeznaczenie: asfalt, d\u0142uga \u017cywotno\u015b\u0107<\/p>\n<p>Dogrzewanie: wymagane<\/p>\n<p>Homologacja drogowa: NIE<\/p>\n<p>Mieszanka: DS1.11<\/p>\n<p><\/p>\n<p>Pasuj\u0105 do wersji auta:  <\/p>\n<p>Silnik: M3 2.3, Pojemno\u015b\u0107 (cc): 2303, Moc (kw): 143, Rok: 1986 &#8211; 1991 ,  Zaciski: ATE<br \/>Silnik: M3 2.3, Pojemno\u015b\u0107 (cc): 2303, Moc (kw): 147, Rok: 1987 &#8211; 1989 ,  Zaciski: ATE<br \/>Silnik: M3 2.3, Pojemno\u015b\u0107 (cc): 2303, Moc (kw): 158, Rok: 1985 &#8211; 1991 ,  Zaciski: ATE<\/p>\n","protected":false},"excerpt":{"rendered":"<p>Klocki hamulcowe Ferodo Racing DS1.11 BMW 3 (E30)<\/p>\n","protected":false},"featured_media":22217,"comment_status":"closed","ping_status":"open","template":"","meta":[],"product_cat":[593,374,375],"product_tag":[],"class_list":{"0":"post-22233","1":"product","2":"type-product","3":"status-publish","4":"has-post-thumbnail","6":"product_cat-uklad-hamulcowy-e30","7":"product_cat-bmwpl","8":"product_cat-e30","10":"first","11":"instock","12":"taxable","13":"shipping-taxable","14":"purchasable","15":"product-type-simple"},"bundled_by":[],"bundle_stock_status":"instock","bundle_stock_quantity":null,"bundle_virtual":false,"bundle_layout":"","bundle_add_to_cart_form_location":"","bundle_editable_in_cart":false,"bundle_sold_individually_context":"","bundle_item_grouping":"","bundle_min_size":"","bundle_max_size":"","bundle_price":[],"bundled_items":[],"bundle_sell_ids":[],"acf":{"zdjecie_bez_watermarka":null,"zdjecie_bez_watermarka_url":"","product_orgin_url":"https:\/\/inter-rally.pl\/product-eng-38218-Klocki-hamulcowe-Tyl-Ferodo-Racing-DS1-11-BMW-3-E30-FCP578W.html"},"yoast_head":"<!-- This site is optimized with the Yoast SEO plugin v23.9 - https:\/\/yoast.com\/wordpress\/plugins\/seo\/ -->\n<title>KLOCKI HAMULCOWE TY\u0141 FERODO RACING DS1.11 BMW 3 (E30) - FCP578W - CYBUL<\/title>\n<meta name=\"robots\" content=\"index, follow, max-snippet:-1, max-image-preview:large, max-video-preview:-1\" \/>\n<link rel=\"canonical\" href=\"https:\/\/cybul.eu\/pl\/sklep\/klocki-hamulcowe-tyl-ferodo-racing-ds1-11-bmw-3-e30-fcp578w\/\" \/>\n<meta property=\"og:locale\" content=\"pl_PL\" \/>\n<meta property=\"og:type\" content=\"article\" \/>\n<meta property=\"og:title\" content=\"KLOCKI HAMULCOWE TY\u0141 FERODO RACING DS1.11 BMW 3 (E30) - FCP578W - CYBUL\" \/>\n<meta property=\"og:description\" content=\"Klocki hamulcowe Ferodo Racing DS1.11 BMW 3 (E30)\" \/>\n<meta property=\"og:url\" content=\"https:\/\/cybul.eu\/pl\/sklep\/klocki-hamulcowe-tyl-ferodo-racing-ds1-11-bmw-3-e30-fcp578w\/\" \/>\n<meta property=\"og:site_name\" content=\"CYBUL\" \/>\n<meta property=\"article:modified_time\" content=\"2024-06-29T08:10:25+00:00\" \/>\n<meta property=\"og:image\" content=\"https:\/\/cybul.eu\/wp-content\/uploads\/2024\/06\/pol_pl_Klocki-hamulcowe-Tyl-Ferodo-Racing-DS1-11-BMW-3-E30-FCP578W-38218_1.jpg\" \/>\n\t<meta property=\"og:image:width\" content=\"900\" \/>\n\t<meta property=\"og:image:height\" content=\"679\" \/>\n\t<meta property=\"og:image:type\" content=\"image\/jpeg\" \/>\n<meta name=\"twitter:card\" content=\"summary_large_image\" \/>\n<script type=\"application\/ld+json\" class=\"yoast-schema-graph\">{\"@context\":\"https:\/\/schema.org\",\"@graph\":[{\"@type\":\"WebPage\",\"@id\":\"https:\/\/cybul.eu\/pl\/sklep\/klocki-hamulcowe-tyl-ferodo-racing-ds1-11-bmw-3-e30-fcp578w\/\",\"url\":\"https:\/\/cybul.eu\/pl\/sklep\/klocki-hamulcowe-tyl-ferodo-racing-ds1-11-bmw-3-e30-fcp578w\/\",\"name\":\"KLOCKI HAMULCOWE TY\u0141 FERODO RACING DS1.11 BMW 3 (E30) - FCP578W - CYBUL\",\"isPartOf\":{\"@id\":\"https:\/\/cybul.eu\/pl\/#website\"},\"primaryImageOfPage\":{\"@id\":\"https:\/\/cybul.eu\/pl\/sklep\/klocki-hamulcowe-tyl-ferodo-racing-ds1-11-bmw-3-e30-fcp578w\/#primaryimage\"},\"image\":{\"@id\":\"https:\/\/cybul.eu\/pl\/sklep\/klocki-hamulcowe-tyl-ferodo-racing-ds1-11-bmw-3-e30-fcp578w\/#primaryimage\"},\"thumbnailUrl\":\"https:\/\/cybul.eu\/wp-content\/uploads\/2024\/06\/pol_pl_Klocki-hamulcowe-Tyl-Ferodo-Racing-DS1-11-BMW-3-E30-FCP578W-38218_1.jpg\",\"datePublished\":\"2024-06-29T08:10:22+00:00\",\"dateModified\":\"2024-06-29T08:10:25+00:00\",\"breadcrumb\":{\"@id\":\"https:\/\/cybul.eu\/pl\/sklep\/klocki-hamulcowe-tyl-ferodo-racing-ds1-11-bmw-3-e30-fcp578w\/#breadcrumb\"},\"inLanguage\":\"pl-PL\",\"potentialAction\":[{\"@type\":\"ReadAction\",\"target\":[\"https:\/\/cybul.eu\/pl\/sklep\/klocki-hamulcowe-tyl-ferodo-racing-ds1-11-bmw-3-e30-fcp578w\/\"]}]},{\"@type\":\"ImageObject\",\"inLanguage\":\"pl-PL\",\"@id\":\"https:\/\/cybul.eu\/pl\/sklep\/klocki-hamulcowe-tyl-ferodo-racing-ds1-11-bmw-3-e30-fcp578w\/#primaryimage\",\"url\":\"https:\/\/cybul.eu\/wp-content\/uploads\/2024\/06\/pol_pl_Klocki-hamulcowe-Tyl-Ferodo-Racing-DS1-11-BMW-3-E30-FCP578W-38218_1.jpg\",\"contentUrl\":\"https:\/\/cybul.eu\/wp-content\/uploads\/2024\/06\/pol_pl_Klocki-hamulcowe-Tyl-Ferodo-Racing-DS1-11-BMW-3-E30-FCP578W-38218_1.jpg\",\"width\":900,\"height\":679},{\"@type\":\"BreadcrumbList\",\"@id\":\"https:\/\/cybul.eu\/pl\/sklep\/klocki-hamulcowe-tyl-ferodo-racing-ds1-11-bmw-3-e30-fcp578w\/#breadcrumb\",\"itemListElement\":[{\"@type\":\"ListItem\",\"position\":1,\"name\":\"Strona g\u0142\u00f3wna\",\"item\":\"https:\/\/cybul.eu\/pl\/\"},{\"@type\":\"ListItem\",\"position\":2,\"name\":\"Sklep\",\"item\":\"https:\/\/cybul.eu\/pl\/sklep\/\"},{\"@type\":\"ListItem\",\"position\":3,\"name\":\"KLOCKI HAMULCOWE TY\u0141 FERODO RACING DS1.11 BMW 3 (E30) &#8211; FCP578W\"}]},{\"@type\":\"WebSite\",\"@id\":\"https:\/\/cybul.eu\/pl\/#website\",\"url\":\"https:\/\/cybul.eu\/pl\/\",\"name\":\"CYBUL\",\"description\":\"\",\"potentialAction\":[{\"@type\":\"SearchAction\",\"target\":{\"@type\":\"EntryPoint\",\"urlTemplate\":\"https:\/\/cybul.eu\/pl\/?s={search_term_string}\"},\"query-input\":{\"@type\":\"PropertyValueSpecification\",\"valueRequired\":true,\"valueName\":\"search_term_string\"}}],\"inLanguage\":\"pl-PL\"}]}<\/script>\n<!-- \/ Yoast SEO plugin. -->","yoast_head_json":{"title":"KLOCKI HAMULCOWE TY\u0141 FERODO RACING DS1.11 BMW 3 (E30) - FCP578W - CYBUL","robots":{"index":"index","follow":"follow","max-snippet":"max-snippet:-1","max-image-preview":"max-image-preview:large","max-video-preview":"max-video-preview:-1"},"canonical":"https:\/\/cybul.eu\/pl\/sklep\/klocki-hamulcowe-tyl-ferodo-racing-ds1-11-bmw-3-e30-fcp578w\/","og_locale":"pl_PL","og_type":"article","og_title":"KLOCKI HAMULCOWE TY\u0141 FERODO RACING DS1.11 BMW 3 (E30) - FCP578W - CYBUL","og_description":"Klocki hamulcowe Ferodo Racing DS1.11 BMW 3 (E30)","og_url":"https:\/\/cybul.eu\/pl\/sklep\/klocki-hamulcowe-tyl-ferodo-racing-ds1-11-bmw-3-e30-fcp578w\/","og_site_name":"CYBUL","article_modified_time":"2024-06-29T08:10:25+00:00","og_image":[{"width":900,"height":679,"url":"https:\/\/cybul.eu\/wp-content\/uploads\/2024\/06\/pol_pl_Klocki-hamulcowe-Tyl-Ferodo-Racing-DS1-11-BMW-3-E30-FCP578W-38218_1.jpg","type":"image\/jpeg"}],"twitter_card":"summary_large_image","schema":{"@context":"https:\/\/schema.org","@graph":[{"@type":"WebPage","@id":"https:\/\/cybul.eu\/pl\/sklep\/klocki-hamulcowe-tyl-ferodo-racing-ds1-11-bmw-3-e30-fcp578w\/","url":"https:\/\/cybul.eu\/pl\/sklep\/klocki-hamulcowe-tyl-ferodo-racing-ds1-11-bmw-3-e30-fcp578w\/","name":"KLOCKI HAMULCOWE TY\u0141 FERODO RACING DS1.11 BMW 3 (E30) - FCP578W - CYBUL","isPartOf":{"@id":"https:\/\/cybul.eu\/pl\/#website"},"primaryImageOfPage":{"@id":"https:\/\/cybul.eu\/pl\/sklep\/klocki-hamulcowe-tyl-ferodo-racing-ds1-11-bmw-3-e30-fcp578w\/#primaryimage"},"image":{"@id":"https:\/\/cybul.eu\/pl\/sklep\/klocki-hamulcowe-tyl-ferodo-racing-ds1-11-bmw-3-e30-fcp578w\/#primaryimage"},"thumbnailUrl":"https:\/\/cybul.eu\/wp-content\/uploads\/2024\/06\/pol_pl_Klocki-hamulcowe-Tyl-Ferodo-Racing-DS1-11-BMW-3-E30-FCP578W-38218_1.jpg","datePublished":"2024-06-29T08:10:22+00:00","dateModified":"2024-06-29T08:10:25+00:00","breadcrumb":{"@id":"https:\/\/cybul.eu\/pl\/sklep\/klocki-hamulcowe-tyl-ferodo-racing-ds1-11-bmw-3-e30-fcp578w\/#breadcrumb"},"inLanguage":"pl-PL","potentialAction":[{"@type":"ReadAction","target":["https:\/\/cybul.eu\/pl\/sklep\/klocki-hamulcowe-tyl-ferodo-racing-ds1-11-bmw-3-e30-fcp578w\/"]}]},{"@type":"ImageObject","inLanguage":"pl-PL","@id":"https:\/\/cybul.eu\/pl\/sklep\/klocki-hamulcowe-tyl-ferodo-racing-ds1-11-bmw-3-e30-fcp578w\/#primaryimage","url":"https:\/\/cybul.eu\/wp-content\/uploads\/2024\/06\/pol_pl_Klocki-hamulcowe-Tyl-Ferodo-Racing-DS1-11-BMW-3-E30-FCP578W-38218_1.jpg","contentUrl":"https:\/\/cybul.eu\/wp-content\/uploads\/2024\/06\/pol_pl_Klocki-hamulcowe-Tyl-Ferodo-Racing-DS1-11-BMW-3-E30-FCP578W-38218_1.jpg","width":900,"height":679},{"@type":"BreadcrumbList","@id":"https:\/\/cybul.eu\/pl\/sklep\/klocki-hamulcowe-tyl-ferodo-racing-ds1-11-bmw-3-e30-fcp578w\/#breadcrumb","itemListElement":[{"@type":"ListItem","position":1,"name":"Strona g\u0142\u00f3wna","item":"https:\/\/cybul.eu\/pl\/"},{"@type":"ListItem","position":2,"name":"Sklep","item":"https:\/\/cybul.eu\/pl\/sklep\/"},{"@type":"ListItem","position":3,"name":"KLOCKI HAMULCOWE TY\u0141 FERODO RACING DS1.11 BMW 3 (E30) &#8211; FCP578W"}]},{"@type":"WebSite","@id":"https:\/\/cybul.eu\/pl\/#website","url":"https:\/\/cybul.eu\/pl\/","name":"CYBUL","description":"","potentialAction":[{"@type":"SearchAction","target":{"@type":"EntryPoint","urlTemplate":"https:\/\/cybul.eu\/pl\/?s={search_term_string}"},"query-input":{"@type":"PropertyValueSpecification","valueRequired":true,"valueName":"search_term_string"}}],"inLanguage":"pl-PL"}]}},"_links":{"self":[{"href":"https:\/\/cybul.eu\/pl\/wp-json\/wp\/v2\/product\/22233","targetHints":{"allow":["GET"]}}],"collection":[{"href":"https:\/\/cybul.eu\/pl\/wp-json\/wp\/v2\/product"}],"about":[{"href":"https:\/\/cybul.eu\/pl\/wp-json\/wp\/v2\/types\/product"}],"replies":[{"embeddable":true,"href":"https:\/\/cybul.eu\/pl\/wp-json\/wp\/v2\/comments?post=22233"}],"wp:featuredmedia":[{"embeddable":true,"href":"https:\/\/cybul.eu\/pl\/wp-json\/wp\/v2\/media\/22217"}],"wp:attachment":[{"href":"https:\/\/cybul.eu\/pl\/wp-json\/wp\/v2\/media?parent=22233"}],"wp:term":[{"taxonomy":"product_cat","embeddable":true,"href":"https:\/\/cybul.eu\/pl\/wp-json\/wp\/v2\/product_cat?post=22233"},{"taxonomy":"product_tag","embeddable":true,"href":"https:\/\/cybul.eu\/pl\/wp-json\/wp\/v2\/product_tag?post=22233"}],"curies":[{"name":"wp","href":"https:\/\/api.w.org\/{rel}","templated":true}]}}