{"id":22200,"date":"2024-06-28T19:04:30","date_gmt":"2024-06-28T17:04:30","guid":{"rendered":"https:\/\/cybul.eu\/shop\/tasma-termoizolacyjna-do-kolektora-i-wydechu-powersprint-htx-e\/"},"modified":"2024-06-28T19:04:53","modified_gmt":"2024-06-28T17:04:53","slug":"tasma-termoizolacyjna-do-kolektora-i-wydechu-powersprint-htx-e","status":"publish","type":"product","link":"https:\/\/cybul.eu\/pl\/sklep\/tasma-termoizolacyjna-do-kolektora-i-wydechu-powersprint-htx-e\/","title":{"rendered":"TA\u015aMA TERMOIZOLACYJNA DO KOLEKTORA I WYDECHU POWERSPRINT HTX-E"},"content":{"rendered":"<div class=\"n56174_desc\">\n<p>Wykonana ze specjalnych, impregnowanych tkanin szklanych ta\u015bma przeznaczona do izolacji termicznej nagrzewaj\u0105cych si\u0119 do wysokich temperatur element\u00f3w uk\u0142adu wydechowego. W obr\u0119bie komory silnika, w szczeg\u00f3lno\u015bci kolektor\u00f3w wydechowych, osprz\u0119tu turbospr\u0119\u017carek itp.<\/p>\n<p>Ta\u015bma znacz\u0105co redukuje poziom promieniowania cieplnego obni\u017caj\u0105c przy tym samym temperatur\u0119 pozosta\u0142ych podzespo\u0142\u00f3w znajduj\u0105cych si\u0119 w komorze silnika.<\/p>\n<p>Nasza ta\u015bma jednocze\u015bnie stabilizuje temperatur\u0119 pracy zaizolowanych element\u00f3w uk\u0142adu wydechowego wyd\u0142u\u017caj\u0105c ich \u017cywotno\u015b\u0107 oraz poprawiaj\u0105c osi\u0105gi i parametry pracy silnika.<\/p>\n<p>Tkaninowa izolacja uk\u0142ad\u00f3w wydechowych jest stosowana w sportach wyczynowych od ko\u0144ca lat 80-tych i znalaz\u0142a r\u00f3wnie\u017c zastosowanie w ci\u0119\u017ckich pojazdach przemys\u0142owych, militarnych, w przemy\u015ble stoczniowym oraz lotniczym, potwierdzaj\u0105c swoj\u0105 popularno\u015bci\u0105, jak powa\u017cnym problemem jest ciep\u0142o wydzielane przez uk\u0142ad wydechowy.<\/p>\n<p>Spos\u00f3b monta\u017cu:<br \/>1. Ustali\u0107 wymagan\u0105 d\u0142ugo\u015b\u0107 ta\u015bmy do owini\u0119cia elementu wydechowego, korzystaj\u0105c z tabeli poni\u017cej. Nale\u017cy zwr\u00f3ci\u0107 uwag\u0119, aby doda\u0107 ok. 20cm do ca\u0142kowitej d\u0142ugo\u015bci ta\u015bmy na ka\u017cde zagi\u0119cie lub kolano.<br \/>2. Owin\u0105\u0107 ta\u015bm\u0119 na pocz\u0105tku izolowanego fragmenty rury wydechowej i zabezpieczy\u0107 spink\u0105 lub cybantem.<br \/>3. Kontynuowa\u0107 owijanie elementu zwracaj\u0105c uwag\u0119, aby ta\u015bma by\u0142a dobrze naci\u0105gni\u0119ta, a jej poszczeg\u00f3lne oploty zachodzi\u0142y na siebie ok. 5-6mm.<br \/>4. Po owini\u0119ciu ca\u0142ego elementu zabezpieczy\u0107 ostatni oplot spink\u0105 lub cybantem.<\/p>\n<p><img loading=\"lazy\" decoding=\"async\" style=\"display: block; margin-left: auto; margin-right: auto;\" src=\"https:\/\/cybul.eu\/wp-content\/uploads\/2024\/06\/Proporcje_tasmy_irp.jpg\" border=\"0\" width=\"549\" height=\"171\"><\/p>\n<p><strong><br \/>UWAGA!<\/strong>: Pierwszego uruchomienia silnika po wykonaniu izolacji nale\u017cy wykona\u0107 na zewn\u0105trz luz w dobrze wentylowanym pomieszczeniu. Ze wzgl\u0119du na specyfikacj\u0119 procesu produkcyjnego, ta\u015bma zawiera niewielkie ilo\u015bci oleju oraz innych substancji, co mo\u017ce by\u0107 przyczyn\u0105 wydzielania si\u0119 niewielkich ilo\u015bci dymu podczas pierwszego rozgrzania..<\/p>\n<p>Dymienie powinno usta\u0107 po ok. 30 minutach pracy silnika. W\u0142\u00f3kna a szklane, z kt\u00f3rych zrobiona jest ta\u015bma, mog\u0105 powodowa\u0107 nieznaczne podra\u017cnienie sk\u00f3ry, dlatego zalecamy prac\u0119 w r\u0119kawicach ochronnych podczas monta\u017cu.<\/p>\n<p>&#8211; Wytrzyma\u0142o\u015b\u0107 do 800\u00b0C<br \/>&#8211; Grubo\u015b\u0107 ok. 2mm<br \/>&#8211; Nie zawiera azbestu<\/p>\n<\/p><\/div>\n","protected":false},"excerpt":{"rendered":"<p>Wykonana ze specjalnych, impregnowanych tkanin szklanych ta\u015bma przeznaczona do izolacji termicznej nagrzewaj\u0105cych si\u0119 do wysokich temperatur element\u00f3w uk\u0142adu wydechowego. W obr\u0119bie komory silnika, w szczeg\u00f3lno\u015bci kolektor\u00f3w wydechowych, osprz\u0119tu turbospr\u0119\u017carek itp.<\/p>\n<p>Ta\u015bma znacz\u0105co redukuje poziom promieniowania cieplnego obni\u017caj\u0105c przy tym samym temperatur\u0119 pozosta\u0142ych podzespo\u0142\u00f3w znajduj\u0105cych si\u0119 w komorze silnika.<\/p>\n<p>Nasza ta\u015bma jednocze\u015bnie stabilizuje temperatur\u0119 pracy zaizolowanych element\u00f3w uk\u0142adu wydechowego wyd\u0142u\u017caj\u0105c ich \u017cywotno\u015b\u0107 oraz poprawiaj\u0105c osi\u0105gi i parametry pracy silnika.<\/p>\n<p>Tkaninowa izolacja uk\u0142ad\u00f3w wydechowych jest stosowana w sportach wyczynowych od ko\u0144ca lat 80-tych i znalaz\u0142a r\u00f3wnie\u017c zastosowanie w ci\u0119\u017ckich pojazdach przemys\u0142owych, militarnych, w przemy\u015ble stoczniowym oraz lotniczym, potwierdzaj\u0105c swoj\u0105 popularno\u015bci\u0105, jak powa\u017cnym problemem jest ciep\u0142o wydzielane przez uk\u0142ad wydechowy.<\/p>\n<p>Spos\u00f3b monta\u017cu:<br \/>1. Ustali\u0107 wymagan\u0105 d\u0142ugo\u015b\u0107 ta\u015bmy do owini\u0119cia elementu wydechowego, korzystaj\u0105c z tabeli poni\u017cej. Nale\u017cy zwr\u00f3ci\u0107 uwag\u0119, aby doda\u0107 ok. 20cm do ca\u0142kowitej d\u0142ugo\u015bci ta\u015bmy na ka\u017cde zagi\u0119cie lub kolano.<br \/>2. Owin\u0105\u0107 ta\u015bm\u0119 na pocz\u0105tku izolowanego fragmenty rury wydechowej i zabezpieczy\u0107 spink\u0105 lub cybantem.<br \/>3. Kontynuowa\u0107 owijanie elementu zwracaj\u0105c uwag\u0119, aby ta\u015bma by\u0142a dobrze naci\u0105gni\u0119ta, a jej poszczeg\u00f3lne oploty zachodzi\u0142y na siebie ok. 5-6mm.<br \/>4. Po owini\u0119ciu ca\u0142ego elementu zabezpieczy\u0107 ostatni oplot spink\u0105 lub cybantem.<\/p>\n","protected":false},"featured_media":22162,"comment_status":"closed","ping_status":"open","template":"","meta":[],"product_cat":[603,605],"product_tag":[],"class_list":{"0":"post-22200","1":"product","2":"type-product","3":"status-publish","4":"has-post-thumbnail","6":"product_cat-uklad-wydechowy","7":"product_cat-tasmy-termiczne","9":"first","10":"instock","11":"taxable","12":"shipping-taxable","13":"purchasable","14":"product-type-simple"},"bundled_by":[],"bundle_stock_status":"instock","bundle_stock_quantity":null,"bundle_virtual":false,"bundle_layout":"","bundle_add_to_cart_form_location":"","bundle_editable_in_cart":false,"bundle_sold_individually_context":"","bundle_item_grouping":"","bundle_min_size":"","bundle_max_size":"","bundle_price":[],"bundled_items":[],"bundle_sell_ids":[],"acf":{"zdjecie_bez_watermarka":null,"zdjecie_bez_watermarka_url":"","product_orgin_url":"https:\/\/inter-rally.pl\/product-eng-78392-Tasma-termoizolacyjna-do-kolektora-i-wydechu-Powersprint-HTX-E.html"},"yoast_head":"<!-- This site is optimized with the Yoast SEO plugin v23.9 - https:\/\/yoast.com\/wordpress\/plugins\/seo\/ -->\n<title>TA\u015aMA TERMOIZOLACYJNA DO KOLEKTORA I WYDECHU POWERSPRINT HTX-E - CYBUL<\/title>\n<meta name=\"robots\" content=\"index, follow, max-snippet:-1, max-image-preview:large, max-video-preview:-1\" \/>\n<link rel=\"canonical\" href=\"https:\/\/cybul.eu\/pl\/sklep\/tasma-termoizolacyjna-do-kolektora-i-wydechu-powersprint-htx-e\/\" \/>\n<meta property=\"og:locale\" content=\"pl_PL\" \/>\n<meta property=\"og:type\" content=\"article\" \/>\n<meta property=\"og:title\" content=\"TA\u015aMA TERMOIZOLACYJNA DO KOLEKTORA I WYDECHU POWERSPRINT HTX-E - CYBUL\" \/>\n<meta property=\"og:description\" content=\"Wykonana ze specjalnych, impregnowanych tkanin szklanych ta\u015bma przeznaczona do izolacji termicznej nagrzewaj\u0105cych si\u0119 do wysokich temperatur element\u00f3w uk\u0142adu wydechowego. W obr\u0119bie komory silnika, w szczeg\u00f3lno\u015bci kolektor\u00f3w wydechowych, osprz\u0119tu turbospr\u0119\u017carek itp.Ta\u015bma znacz\u0105co redukuje poziom promieniowania cieplnego obni\u017caj\u0105c przy tym samym temperatur\u0119 pozosta\u0142ych podzespo\u0142\u00f3w znajduj\u0105cych si\u0119 w komorze silnika.Nasza ta\u015bma jednocze\u015bnie stabilizuje temperatur\u0119 pracy zaizolowanych element\u00f3w uk\u0142adu wydechowego wyd\u0142u\u017caj\u0105c ich \u017cywotno\u015b\u0107 oraz poprawiaj\u0105c osi\u0105gi i parametry pracy silnika.Tkaninowa izolacja uk\u0142ad\u00f3w wydechowych jest stosowana w sportach wyczynowych od ko\u0144ca lat 80-tych i znalaz\u0142a r\u00f3wnie\u017c zastosowanie w ci\u0119\u017ckich pojazdach przemys\u0142owych, militarnych, w przemy\u015ble stoczniowym oraz lotniczym, potwierdzaj\u0105c swoj\u0105 popularno\u015bci\u0105, jak powa\u017cnym problemem jest ciep\u0142o wydzielane przez uk\u0142ad wydechowy.Spos\u00f3b monta\u017cu:1. Ustali\u0107 wymagan\u0105 d\u0142ugo\u015b\u0107 ta\u015bmy do owini\u0119cia elementu wydechowego, korzystaj\u0105c z tabeli poni\u017cej. Nale\u017cy zwr\u00f3ci\u0107 uwag\u0119, aby doda\u0107 ok. 20cm do ca\u0142kowitej d\u0142ugo\u015bci ta\u015bmy na ka\u017cde zagi\u0119cie lub kolano.2. Owin\u0105\u0107 ta\u015bm\u0119 na pocz\u0105tku izolowanego fragmenty rury wydechowej i zabezpieczy\u0107 spink\u0105 lub cybantem.3. Kontynuowa\u0107 owijanie elementu zwracaj\u0105c uwag\u0119, aby ta\u015bma by\u0142a dobrze naci\u0105gni\u0119ta, a jej poszczeg\u00f3lne oploty zachodzi\u0142y na siebie ok. 5-6mm.4. Po owini\u0119ciu ca\u0142ego elementu zabezpieczy\u0107 ostatni oplot spink\u0105 lub cybantem.\" \/>\n<meta property=\"og:url\" content=\"https:\/\/cybul.eu\/pl\/sklep\/tasma-termoizolacyjna-do-kolektora-i-wydechu-powersprint-htx-e\/\" \/>\n<meta property=\"og:site_name\" content=\"CYBUL\" \/>\n<meta property=\"article:modified_time\" content=\"2024-06-28T17:04:53+00:00\" \/>\n<meta property=\"og:image\" content=\"https:\/\/cybul.eu\/wp-content\/uploads\/2024\/06\/pol_pl_Tasma-termoizolacyjna-do-kolektora-i-wydechu-Powersprint-HTX-E-78392_1.jpg\" \/>\n\t<meta property=\"og:image:width\" content=\"900\" \/>\n\t<meta property=\"og:image:height\" content=\"900\" \/>\n\t<meta property=\"og:image:type\" content=\"image\/jpeg\" \/>\n<meta name=\"twitter:card\" content=\"summary_large_image\" \/>\n<meta name=\"twitter:label1\" content=\"Szacowany czas czytania\" \/>\n\t<meta name=\"twitter:data1\" content=\"2 minuty\" \/>\n<script type=\"application\/ld+json\" class=\"yoast-schema-graph\">{\"@context\":\"https:\/\/schema.org\",\"@graph\":[{\"@type\":\"WebPage\",\"@id\":\"https:\/\/cybul.eu\/pl\/sklep\/tasma-termoizolacyjna-do-kolektora-i-wydechu-powersprint-htx-e\/\",\"url\":\"https:\/\/cybul.eu\/pl\/sklep\/tasma-termoizolacyjna-do-kolektora-i-wydechu-powersprint-htx-e\/\",\"name\":\"TA\u015aMA TERMOIZOLACYJNA DO KOLEKTORA I WYDECHU POWERSPRINT HTX-E - CYBUL\",\"isPartOf\":{\"@id\":\"https:\/\/cybul.eu\/pl\/#website\"},\"primaryImageOfPage\":{\"@id\":\"https:\/\/cybul.eu\/pl\/sklep\/tasma-termoizolacyjna-do-kolektora-i-wydechu-powersprint-htx-e\/#primaryimage\"},\"image\":{\"@id\":\"https:\/\/cybul.eu\/pl\/sklep\/tasma-termoizolacyjna-do-kolektora-i-wydechu-powersprint-htx-e\/#primaryimage\"},\"thumbnailUrl\":\"https:\/\/cybul.eu\/wp-content\/uploads\/2024\/06\/pol_pl_Tasma-termoizolacyjna-do-kolektora-i-wydechu-Powersprint-HTX-E-78392_1.jpg\",\"datePublished\":\"2024-06-28T17:04:30+00:00\",\"dateModified\":\"2024-06-28T17:04:53+00:00\",\"breadcrumb\":{\"@id\":\"https:\/\/cybul.eu\/pl\/sklep\/tasma-termoizolacyjna-do-kolektora-i-wydechu-powersprint-htx-e\/#breadcrumb\"},\"inLanguage\":\"pl-PL\",\"potentialAction\":[{\"@type\":\"ReadAction\",\"target\":[\"https:\/\/cybul.eu\/pl\/sklep\/tasma-termoizolacyjna-do-kolektora-i-wydechu-powersprint-htx-e\/\"]}]},{\"@type\":\"ImageObject\",\"inLanguage\":\"pl-PL\",\"@id\":\"https:\/\/cybul.eu\/pl\/sklep\/tasma-termoizolacyjna-do-kolektora-i-wydechu-powersprint-htx-e\/#primaryimage\",\"url\":\"https:\/\/cybul.eu\/wp-content\/uploads\/2024\/06\/pol_pl_Tasma-termoizolacyjna-do-kolektora-i-wydechu-Powersprint-HTX-E-78392_1.jpg\",\"contentUrl\":\"https:\/\/cybul.eu\/wp-content\/uploads\/2024\/06\/pol_pl_Tasma-termoizolacyjna-do-kolektora-i-wydechu-Powersprint-HTX-E-78392_1.jpg\",\"width\":900,\"height\":900},{\"@type\":\"BreadcrumbList\",\"@id\":\"https:\/\/cybul.eu\/pl\/sklep\/tasma-termoizolacyjna-do-kolektora-i-wydechu-powersprint-htx-e\/#breadcrumb\",\"itemListElement\":[{\"@type\":\"ListItem\",\"position\":1,\"name\":\"Strona g\u0142\u00f3wna\",\"item\":\"https:\/\/cybul.eu\/pl\/\"},{\"@type\":\"ListItem\",\"position\":2,\"name\":\"Sklep\",\"item\":\"https:\/\/cybul.eu\/pl\/sklep\/\"},{\"@type\":\"ListItem\",\"position\":3,\"name\":\"TA\u015aMA TERMOIZOLACYJNA DO KOLEKTORA I WYDECHU POWERSPRINT HTX-E\"}]},{\"@type\":\"WebSite\",\"@id\":\"https:\/\/cybul.eu\/pl\/#website\",\"url\":\"https:\/\/cybul.eu\/pl\/\",\"name\":\"CYBUL\",\"description\":\"\",\"potentialAction\":[{\"@type\":\"SearchAction\",\"target\":{\"@type\":\"EntryPoint\",\"urlTemplate\":\"https:\/\/cybul.eu\/pl\/?s={search_term_string}\"},\"query-input\":{\"@type\":\"PropertyValueSpecification\",\"valueRequired\":true,\"valueName\":\"search_term_string\"}}],\"inLanguage\":\"pl-PL\"}]}<\/script>\n<!-- \/ Yoast SEO plugin. -->","yoast_head_json":{"title":"TA\u015aMA TERMOIZOLACYJNA DO KOLEKTORA I WYDECHU POWERSPRINT HTX-E - CYBUL","robots":{"index":"index","follow":"follow","max-snippet":"max-snippet:-1","max-image-preview":"max-image-preview:large","max-video-preview":"max-video-preview:-1"},"canonical":"https:\/\/cybul.eu\/pl\/sklep\/tasma-termoizolacyjna-do-kolektora-i-wydechu-powersprint-htx-e\/","og_locale":"pl_PL","og_type":"article","og_title":"TA\u015aMA TERMOIZOLACYJNA DO KOLEKTORA I WYDECHU POWERSPRINT HTX-E - CYBUL","og_description":"Wykonana ze specjalnych, impregnowanych tkanin szklanych ta\u015bma przeznaczona do izolacji termicznej nagrzewaj\u0105cych si\u0119 do wysokich temperatur element\u00f3w uk\u0142adu wydechowego. W obr\u0119bie komory silnika, w szczeg\u00f3lno\u015bci kolektor\u00f3w wydechowych, osprz\u0119tu turbospr\u0119\u017carek itp.Ta\u015bma znacz\u0105co redukuje poziom promieniowania cieplnego obni\u017caj\u0105c przy tym samym temperatur\u0119 pozosta\u0142ych podzespo\u0142\u00f3w znajduj\u0105cych si\u0119 w komorze silnika.Nasza ta\u015bma jednocze\u015bnie stabilizuje temperatur\u0119 pracy zaizolowanych element\u00f3w uk\u0142adu wydechowego wyd\u0142u\u017caj\u0105c ich \u017cywotno\u015b\u0107 oraz poprawiaj\u0105c osi\u0105gi i parametry pracy silnika.Tkaninowa izolacja uk\u0142ad\u00f3w wydechowych jest stosowana w sportach wyczynowych od ko\u0144ca lat 80-tych i znalaz\u0142a r\u00f3wnie\u017c zastosowanie w ci\u0119\u017ckich pojazdach przemys\u0142owych, militarnych, w przemy\u015ble stoczniowym oraz lotniczym, potwierdzaj\u0105c swoj\u0105 popularno\u015bci\u0105, jak powa\u017cnym problemem jest ciep\u0142o wydzielane przez uk\u0142ad wydechowy.Spos\u00f3b monta\u017cu:1. Ustali\u0107 wymagan\u0105 d\u0142ugo\u015b\u0107 ta\u015bmy do owini\u0119cia elementu wydechowego, korzystaj\u0105c z tabeli poni\u017cej. Nale\u017cy zwr\u00f3ci\u0107 uwag\u0119, aby doda\u0107 ok. 20cm do ca\u0142kowitej d\u0142ugo\u015bci ta\u015bmy na ka\u017cde zagi\u0119cie lub kolano.2. Owin\u0105\u0107 ta\u015bm\u0119 na pocz\u0105tku izolowanego fragmenty rury wydechowej i zabezpieczy\u0107 spink\u0105 lub cybantem.3. Kontynuowa\u0107 owijanie elementu zwracaj\u0105c uwag\u0119, aby ta\u015bma by\u0142a dobrze naci\u0105gni\u0119ta, a jej poszczeg\u00f3lne oploty zachodzi\u0142y na siebie ok. 5-6mm.4. Po owini\u0119ciu ca\u0142ego elementu zabezpieczy\u0107 ostatni oplot spink\u0105 lub cybantem.","og_url":"https:\/\/cybul.eu\/pl\/sklep\/tasma-termoizolacyjna-do-kolektora-i-wydechu-powersprint-htx-e\/","og_site_name":"CYBUL","article_modified_time":"2024-06-28T17:04:53+00:00","og_image":[{"width":900,"height":900,"url":"https:\/\/cybul.eu\/wp-content\/uploads\/2024\/06\/pol_pl_Tasma-termoizolacyjna-do-kolektora-i-wydechu-Powersprint-HTX-E-78392_1.jpg","type":"image\/jpeg"}],"twitter_card":"summary_large_image","twitter_misc":{"Szacowany czas czytania":"2 minuty"},"schema":{"@context":"https:\/\/schema.org","@graph":[{"@type":"WebPage","@id":"https:\/\/cybul.eu\/pl\/sklep\/tasma-termoizolacyjna-do-kolektora-i-wydechu-powersprint-htx-e\/","url":"https:\/\/cybul.eu\/pl\/sklep\/tasma-termoizolacyjna-do-kolektora-i-wydechu-powersprint-htx-e\/","name":"TA\u015aMA TERMOIZOLACYJNA DO KOLEKTORA I WYDECHU POWERSPRINT HTX-E - CYBUL","isPartOf":{"@id":"https:\/\/cybul.eu\/pl\/#website"},"primaryImageOfPage":{"@id":"https:\/\/cybul.eu\/pl\/sklep\/tasma-termoizolacyjna-do-kolektora-i-wydechu-powersprint-htx-e\/#primaryimage"},"image":{"@id":"https:\/\/cybul.eu\/pl\/sklep\/tasma-termoizolacyjna-do-kolektora-i-wydechu-powersprint-htx-e\/#primaryimage"},"thumbnailUrl":"https:\/\/cybul.eu\/wp-content\/uploads\/2024\/06\/pol_pl_Tasma-termoizolacyjna-do-kolektora-i-wydechu-Powersprint-HTX-E-78392_1.jpg","datePublished":"2024-06-28T17:04:30+00:00","dateModified":"2024-06-28T17:04:53+00:00","breadcrumb":{"@id":"https:\/\/cybul.eu\/pl\/sklep\/tasma-termoizolacyjna-do-kolektora-i-wydechu-powersprint-htx-e\/#breadcrumb"},"inLanguage":"pl-PL","potentialAction":[{"@type":"ReadAction","target":["https:\/\/cybul.eu\/pl\/sklep\/tasma-termoizolacyjna-do-kolektora-i-wydechu-powersprint-htx-e\/"]}]},{"@type":"ImageObject","inLanguage":"pl-PL","@id":"https:\/\/cybul.eu\/pl\/sklep\/tasma-termoizolacyjna-do-kolektora-i-wydechu-powersprint-htx-e\/#primaryimage","url":"https:\/\/cybul.eu\/wp-content\/uploads\/2024\/06\/pol_pl_Tasma-termoizolacyjna-do-kolektora-i-wydechu-Powersprint-HTX-E-78392_1.jpg","contentUrl":"https:\/\/cybul.eu\/wp-content\/uploads\/2024\/06\/pol_pl_Tasma-termoizolacyjna-do-kolektora-i-wydechu-Powersprint-HTX-E-78392_1.jpg","width":900,"height":900},{"@type":"BreadcrumbList","@id":"https:\/\/cybul.eu\/pl\/sklep\/tasma-termoizolacyjna-do-kolektora-i-wydechu-powersprint-htx-e\/#breadcrumb","itemListElement":[{"@type":"ListItem","position":1,"name":"Strona g\u0142\u00f3wna","item":"https:\/\/cybul.eu\/pl\/"},{"@type":"ListItem","position":2,"name":"Sklep","item":"https:\/\/cybul.eu\/pl\/sklep\/"},{"@type":"ListItem","position":3,"name":"TA\u015aMA TERMOIZOLACYJNA DO KOLEKTORA I WYDECHU POWERSPRINT HTX-E"}]},{"@type":"WebSite","@id":"https:\/\/cybul.eu\/pl\/#website","url":"https:\/\/cybul.eu\/pl\/","name":"CYBUL","description":"","potentialAction":[{"@type":"SearchAction","target":{"@type":"EntryPoint","urlTemplate":"https:\/\/cybul.eu\/pl\/?s={search_term_string}"},"query-input":{"@type":"PropertyValueSpecification","valueRequired":true,"valueName":"search_term_string"}}],"inLanguage":"pl-PL"}]}},"_links":{"self":[{"href":"https:\/\/cybul.eu\/pl\/wp-json\/wp\/v2\/product\/22200","targetHints":{"allow":["GET"]}}],"collection":[{"href":"https:\/\/cybul.eu\/pl\/wp-json\/wp\/v2\/product"}],"about":[{"href":"https:\/\/cybul.eu\/pl\/wp-json\/wp\/v2\/types\/product"}],"replies":[{"embeddable":true,"href":"https:\/\/cybul.eu\/pl\/wp-json\/wp\/v2\/comments?post=22200"}],"wp:featuredmedia":[{"embeddable":true,"href":"https:\/\/cybul.eu\/pl\/wp-json\/wp\/v2\/media\/22162"}],"wp:attachment":[{"href":"https:\/\/cybul.eu\/pl\/wp-json\/wp\/v2\/media?parent=22200"}],"wp:term":[{"taxonomy":"product_cat","embeddable":true,"href":"https:\/\/cybul.eu\/pl\/wp-json\/wp\/v2\/product_cat?post=22200"},{"taxonomy":"product_tag","embeddable":true,"href":"https:\/\/cybul.eu\/pl\/wp-json\/wp\/v2\/product_tag?post=22200"}],"curies":[{"name":"wp","href":"https:\/\/api.w.org\/{rel}","templated":true}]}}