{"id":22191,"date":"2024-06-28T19:04:30","date_gmt":"2024-06-28T17:04:30","guid":{"rendered":"https:\/\/cybul.eu\/shop\/samoprzylepna-tasma-termiczna-z-wlokna-szklanego-irp\/"},"modified":"2024-06-28T19:04:38","modified_gmt":"2024-06-28T17:04:38","slug":"samoprzylepna-tasma-termiczna-z-wlokna-szklanego-irp","status":"publish","type":"product","link":"https:\/\/cybul.eu\/pl\/sklep\/samoprzylepna-tasma-termiczna-z-wlokna-szklanego-irp\/","title":{"rendered":"SAMOPRZYLEPNA TA\u015aMA TERMICZNA Z W\u0141\u00d3KNA SZKLANEGO IRP"},"content":{"rendered":"<p><strong>Samoprzylepna ta\u015bma termiczna na przewody i w\u0119\u017ce IRP<br \/><\/strong><br \/>Przeznaczona do rur dolotowych, turbo, intercoolera oraz przewod\u00f3w i w\u0119\u017cy.<br \/>Ta\u015bma jest samoprzylepna i mo\u017cna j\u0105 swobodnie owija\u0107 wok\u00f3\u0142 rury, w\u0119\u017ca lub przewodu.<br \/>Wytrzymuje temperatur\u0119 do&nbsp;550\u00b0C oraz&nbsp;promieniowanie cieplne do&nbsp;1093\u00b0C.<\/p>\n<p><strong>Szeroko\u015b\u0107:<\/strong> 51mm<br \/><strong>D\u0142ugo\u015b\u0107:<\/strong> 5m<\/p>\n<p><strong>Zestaw zawiera:<\/strong><br \/>&#8211; 1x ta\u015bma izolacyjna<br \/>&#8211; 4x opaska zaciskowa ze stali nierdzewnej &#8211; 300mm<\/p>\n","protected":false},"excerpt":{"rendered":"<p><strong>Samoprzylepna ta\u015bma termiczna na przewody i w\u0119\u017ce IRP<br \/><\/strong><br \/>Przeznaczona do rur dolotowych, turbo, intercoolera oraz przewod\u00f3w i w\u0119\u017cy.<br \/>Ta\u015bma jest samoprzylepna i mo\u017cna j\u0105 swobodnie owija\u0107 wok\u00f3\u0142 rury, w\u0119\u017ca lub przewodu.<br \/>Wytrzymuje temperatur\u0119 do&nbsp;550\u00b0C oraz&nbsp;promieniowanie cieplne do&nbsp;1093\u00b0C.<\/p>\n<p><strong>Szeroko\u015b\u0107:<\/strong> 51mm<br \/><strong>D\u0142ugo\u015b\u0107:<\/strong> 5m<\/p>\n<p><strong>Zestaw zawiera:<\/strong><br \/>&#8211; 1x ta\u015bma izolacyjna<br \/>&#8211; 4x opaska zaciskowa ze stali nierdzewnej &#8211; 300mm<\/p>\n","protected":false},"featured_media":22107,"comment_status":"closed","ping_status":"open","template":"","meta":[],"product_cat":[603,605],"product_tag":[],"class_list":{"0":"post-22191","1":"product","2":"type-product","3":"status-publish","4":"has-post-thumbnail","6":"product_cat-uklad-wydechowy","7":"product_cat-tasmy-termiczne","9":"first","10":"instock","11":"taxable","12":"shipping-taxable","13":"purchasable","14":"product-type-simple"},"bundled_by":[],"bundle_stock_status":"instock","bundle_stock_quantity":null,"bundle_virtual":false,"bundle_layout":"","bundle_add_to_cart_form_location":"","bundle_editable_in_cart":false,"bundle_sold_individually_context":"","bundle_item_grouping":"","bundle_min_size":"","bundle_max_size":"","bundle_price":[],"bundled_items":[],"bundle_sell_ids":[],"acf":{"zdjecie_bez_watermarka":null,"zdjecie_bez_watermarka_url":"","product_orgin_url":"https:\/\/inter-rally.pl\/product-eng-184739-Samoprzylepna-tasma-termiczna-z-wlokna-szklanego-IRP.html"},"yoast_head":"<!-- This site is optimized with the Yoast SEO plugin v23.9 - https:\/\/yoast.com\/wordpress\/plugins\/seo\/ -->\n<title>SAMOPRZYLEPNA TA\u015aMA TERMICZNA Z W\u0141\u00d3KNA SZKLANEGO IRP - CYBUL<\/title>\n<meta name=\"robots\" content=\"index, follow, max-snippet:-1, max-image-preview:large, max-video-preview:-1\" \/>\n<link rel=\"canonical\" href=\"https:\/\/cybul.eu\/pl\/sklep\/samoprzylepna-tasma-termiczna-z-wlokna-szklanego-irp\/\" \/>\n<meta property=\"og:locale\" content=\"pl_PL\" \/>\n<meta property=\"og:type\" content=\"article\" \/>\n<meta property=\"og:title\" content=\"SAMOPRZYLEPNA TA\u015aMA TERMICZNA Z W\u0141\u00d3KNA SZKLANEGO IRP - CYBUL\" \/>\n<meta property=\"og:description\" content=\"Samoprzylepna ta\u015bma termiczna na przewody i w\u0119\u017ce IRPPrzeznaczona do rur dolotowych, turbo, intercoolera oraz przewod\u00f3w i w\u0119\u017cy.Ta\u015bma jest samoprzylepna i mo\u017cna j\u0105 swobodnie owija\u0107 wok\u00f3\u0142 rury, w\u0119\u017ca lub przewodu.Wytrzymuje temperatur\u0119 do&nbsp;550\u00b0C oraz&nbsp;promieniowanie cieplne do&nbsp;1093\u00b0C.Szeroko\u015b\u0107: 51mmD\u0142ugo\u015b\u0107: 5mZestaw zawiera:- 1x ta\u015bma izolacyjna- 4x opaska zaciskowa ze stali nierdzewnej - 300mm\" \/>\n<meta property=\"og:url\" content=\"https:\/\/cybul.eu\/pl\/sklep\/samoprzylepna-tasma-termiczna-z-wlokna-szklanego-irp\/\" \/>\n<meta property=\"og:site_name\" content=\"CYBUL\" \/>\n<meta property=\"article:modified_time\" content=\"2024-06-28T17:04:38+00:00\" \/>\n<meta property=\"og:image\" content=\"https:\/\/cybul.eu\/wp-content\/uploads\/2024\/06\/pol_pl_Samoprzylepna-tasma-termiczna-z-wlokna-szklanego-IRP-184739_5.jpg\" \/>\n\t<meta property=\"og:image:width\" content=\"900\" \/>\n\t<meta property=\"og:image:height\" content=\"506\" \/>\n\t<meta property=\"og:image:type\" content=\"image\/jpeg\" \/>\n<meta name=\"twitter:card\" content=\"summary_large_image\" \/>\n<script type=\"application\/ld+json\" class=\"yoast-schema-graph\">{\"@context\":\"https:\/\/schema.org\",\"@graph\":[{\"@type\":\"WebPage\",\"@id\":\"https:\/\/cybul.eu\/pl\/sklep\/samoprzylepna-tasma-termiczna-z-wlokna-szklanego-irp\/\",\"url\":\"https:\/\/cybul.eu\/pl\/sklep\/samoprzylepna-tasma-termiczna-z-wlokna-szklanego-irp\/\",\"name\":\"SAMOPRZYLEPNA TA\u015aMA TERMICZNA Z W\u0141\u00d3KNA SZKLANEGO IRP - CYBUL\",\"isPartOf\":{\"@id\":\"https:\/\/cybul.eu\/pl\/#website\"},\"primaryImageOfPage\":{\"@id\":\"https:\/\/cybul.eu\/pl\/sklep\/samoprzylepna-tasma-termiczna-z-wlokna-szklanego-irp\/#primaryimage\"},\"image\":{\"@id\":\"https:\/\/cybul.eu\/pl\/sklep\/samoprzylepna-tasma-termiczna-z-wlokna-szklanego-irp\/#primaryimage\"},\"thumbnailUrl\":\"https:\/\/cybul.eu\/wp-content\/uploads\/2024\/06\/pol_pl_Samoprzylepna-tasma-termiczna-z-wlokna-szklanego-IRP-184739_5.jpg\",\"datePublished\":\"2024-06-28T17:04:30+00:00\",\"dateModified\":\"2024-06-28T17:04:38+00:00\",\"breadcrumb\":{\"@id\":\"https:\/\/cybul.eu\/pl\/sklep\/samoprzylepna-tasma-termiczna-z-wlokna-szklanego-irp\/#breadcrumb\"},\"inLanguage\":\"pl-PL\",\"potentialAction\":[{\"@type\":\"ReadAction\",\"target\":[\"https:\/\/cybul.eu\/pl\/sklep\/samoprzylepna-tasma-termiczna-z-wlokna-szklanego-irp\/\"]}]},{\"@type\":\"ImageObject\",\"inLanguage\":\"pl-PL\",\"@id\":\"https:\/\/cybul.eu\/pl\/sklep\/samoprzylepna-tasma-termiczna-z-wlokna-szklanego-irp\/#primaryimage\",\"url\":\"https:\/\/cybul.eu\/wp-content\/uploads\/2024\/06\/pol_pl_Samoprzylepna-tasma-termiczna-z-wlokna-szklanego-IRP-184739_5.jpg\",\"contentUrl\":\"https:\/\/cybul.eu\/wp-content\/uploads\/2024\/06\/pol_pl_Samoprzylepna-tasma-termiczna-z-wlokna-szklanego-IRP-184739_5.jpg\",\"width\":900,\"height\":506},{\"@type\":\"BreadcrumbList\",\"@id\":\"https:\/\/cybul.eu\/pl\/sklep\/samoprzylepna-tasma-termiczna-z-wlokna-szklanego-irp\/#breadcrumb\",\"itemListElement\":[{\"@type\":\"ListItem\",\"position\":1,\"name\":\"Strona g\u0142\u00f3wna\",\"item\":\"https:\/\/cybul.eu\/pl\/\"},{\"@type\":\"ListItem\",\"position\":2,\"name\":\"Sklep\",\"item\":\"https:\/\/cybul.eu\/pl\/sklep\/\"},{\"@type\":\"ListItem\",\"position\":3,\"name\":\"SAMOPRZYLEPNA TA\u015aMA TERMICZNA Z W\u0141\u00d3KNA SZKLANEGO IRP\"}]},{\"@type\":\"WebSite\",\"@id\":\"https:\/\/cybul.eu\/pl\/#website\",\"url\":\"https:\/\/cybul.eu\/pl\/\",\"name\":\"CYBUL\",\"description\":\"\",\"potentialAction\":[{\"@type\":\"SearchAction\",\"target\":{\"@type\":\"EntryPoint\",\"urlTemplate\":\"https:\/\/cybul.eu\/pl\/?s={search_term_string}\"},\"query-input\":{\"@type\":\"PropertyValueSpecification\",\"valueRequired\":true,\"valueName\":\"search_term_string\"}}],\"inLanguage\":\"pl-PL\"}]}<\/script>\n<!-- \/ Yoast SEO plugin. -->","yoast_head_json":{"title":"SAMOPRZYLEPNA TA\u015aMA TERMICZNA Z W\u0141\u00d3KNA SZKLANEGO IRP - CYBUL","robots":{"index":"index","follow":"follow","max-snippet":"max-snippet:-1","max-image-preview":"max-image-preview:large","max-video-preview":"max-video-preview:-1"},"canonical":"https:\/\/cybul.eu\/pl\/sklep\/samoprzylepna-tasma-termiczna-z-wlokna-szklanego-irp\/","og_locale":"pl_PL","og_type":"article","og_title":"SAMOPRZYLEPNA TA\u015aMA TERMICZNA Z W\u0141\u00d3KNA SZKLANEGO IRP - CYBUL","og_description":"Samoprzylepna ta\u015bma termiczna na przewody i w\u0119\u017ce IRPPrzeznaczona do rur dolotowych, turbo, intercoolera oraz przewod\u00f3w i w\u0119\u017cy.Ta\u015bma jest samoprzylepna i mo\u017cna j\u0105 swobodnie owija\u0107 wok\u00f3\u0142 rury, w\u0119\u017ca lub przewodu.Wytrzymuje temperatur\u0119 do&nbsp;550\u00b0C oraz&nbsp;promieniowanie cieplne do&nbsp;1093\u00b0C.Szeroko\u015b\u0107: 51mmD\u0142ugo\u015b\u0107: 5mZestaw zawiera:- 1x ta\u015bma izolacyjna- 4x opaska zaciskowa ze stali nierdzewnej - 300mm","og_url":"https:\/\/cybul.eu\/pl\/sklep\/samoprzylepna-tasma-termiczna-z-wlokna-szklanego-irp\/","og_site_name":"CYBUL","article_modified_time":"2024-06-28T17:04:38+00:00","og_image":[{"width":900,"height":506,"url":"https:\/\/cybul.eu\/wp-content\/uploads\/2024\/06\/pol_pl_Samoprzylepna-tasma-termiczna-z-wlokna-szklanego-IRP-184739_5.jpg","type":"image\/jpeg"}],"twitter_card":"summary_large_image","schema":{"@context":"https:\/\/schema.org","@graph":[{"@type":"WebPage","@id":"https:\/\/cybul.eu\/pl\/sklep\/samoprzylepna-tasma-termiczna-z-wlokna-szklanego-irp\/","url":"https:\/\/cybul.eu\/pl\/sklep\/samoprzylepna-tasma-termiczna-z-wlokna-szklanego-irp\/","name":"SAMOPRZYLEPNA TA\u015aMA TERMICZNA Z W\u0141\u00d3KNA SZKLANEGO IRP - CYBUL","isPartOf":{"@id":"https:\/\/cybul.eu\/pl\/#website"},"primaryImageOfPage":{"@id":"https:\/\/cybul.eu\/pl\/sklep\/samoprzylepna-tasma-termiczna-z-wlokna-szklanego-irp\/#primaryimage"},"image":{"@id":"https:\/\/cybul.eu\/pl\/sklep\/samoprzylepna-tasma-termiczna-z-wlokna-szklanego-irp\/#primaryimage"},"thumbnailUrl":"https:\/\/cybul.eu\/wp-content\/uploads\/2024\/06\/pol_pl_Samoprzylepna-tasma-termiczna-z-wlokna-szklanego-IRP-184739_5.jpg","datePublished":"2024-06-28T17:04:30+00:00","dateModified":"2024-06-28T17:04:38+00:00","breadcrumb":{"@id":"https:\/\/cybul.eu\/pl\/sklep\/samoprzylepna-tasma-termiczna-z-wlokna-szklanego-irp\/#breadcrumb"},"inLanguage":"pl-PL","potentialAction":[{"@type":"ReadAction","target":["https:\/\/cybul.eu\/pl\/sklep\/samoprzylepna-tasma-termiczna-z-wlokna-szklanego-irp\/"]}]},{"@type":"ImageObject","inLanguage":"pl-PL","@id":"https:\/\/cybul.eu\/pl\/sklep\/samoprzylepna-tasma-termiczna-z-wlokna-szklanego-irp\/#primaryimage","url":"https:\/\/cybul.eu\/wp-content\/uploads\/2024\/06\/pol_pl_Samoprzylepna-tasma-termiczna-z-wlokna-szklanego-IRP-184739_5.jpg","contentUrl":"https:\/\/cybul.eu\/wp-content\/uploads\/2024\/06\/pol_pl_Samoprzylepna-tasma-termiczna-z-wlokna-szklanego-IRP-184739_5.jpg","width":900,"height":506},{"@type":"BreadcrumbList","@id":"https:\/\/cybul.eu\/pl\/sklep\/samoprzylepna-tasma-termiczna-z-wlokna-szklanego-irp\/#breadcrumb","itemListElement":[{"@type":"ListItem","position":1,"name":"Strona g\u0142\u00f3wna","item":"https:\/\/cybul.eu\/pl\/"},{"@type":"ListItem","position":2,"name":"Sklep","item":"https:\/\/cybul.eu\/pl\/sklep\/"},{"@type":"ListItem","position":3,"name":"SAMOPRZYLEPNA TA\u015aMA TERMICZNA Z W\u0141\u00d3KNA SZKLANEGO IRP"}]},{"@type":"WebSite","@id":"https:\/\/cybul.eu\/pl\/#website","url":"https:\/\/cybul.eu\/pl\/","name":"CYBUL","description":"","potentialAction":[{"@type":"SearchAction","target":{"@type":"EntryPoint","urlTemplate":"https:\/\/cybul.eu\/pl\/?s={search_term_string}"},"query-input":{"@type":"PropertyValueSpecification","valueRequired":true,"valueName":"search_term_string"}}],"inLanguage":"pl-PL"}]}},"_links":{"self":[{"href":"https:\/\/cybul.eu\/pl\/wp-json\/wp\/v2\/product\/22191","targetHints":{"allow":["GET"]}}],"collection":[{"href":"https:\/\/cybul.eu\/pl\/wp-json\/wp\/v2\/product"}],"about":[{"href":"https:\/\/cybul.eu\/pl\/wp-json\/wp\/v2\/types\/product"}],"replies":[{"embeddable":true,"href":"https:\/\/cybul.eu\/pl\/wp-json\/wp\/v2\/comments?post=22191"}],"wp:featuredmedia":[{"embeddable":true,"href":"https:\/\/cybul.eu\/pl\/wp-json\/wp\/v2\/media\/22107"}],"wp:attachment":[{"href":"https:\/\/cybul.eu\/pl\/wp-json\/wp\/v2\/media?parent=22191"}],"wp:term":[{"taxonomy":"product_cat","embeddable":true,"href":"https:\/\/cybul.eu\/pl\/wp-json\/wp\/v2\/product_cat?post=22191"},{"taxonomy":"product_tag","embeddable":true,"href":"https:\/\/cybul.eu\/pl\/wp-json\/wp\/v2\/product_tag?post=22191"}],"curies":[{"name":"wp","href":"https:\/\/api.w.org\/{rel}","templated":true}]}}