{"id":22186,"date":"2024-06-28T19:04:30","date_gmt":"2024-06-28T17:04:30","guid":{"rendered":"https:\/\/cybul.eu\/shop\/biala-tasma-termiczna-do-kolektora-i-wydechu-irp\/"},"modified":"2024-06-28T19:04:33","modified_gmt":"2024-06-28T17:04:33","slug":"biala-tasma-termiczna-do-kolektora-i-wydechu-irp","status":"publish","type":"product","link":"https:\/\/cybul.eu\/pl\/sklep\/biala-tasma-termiczna-do-kolektora-i-wydechu-irp\/","title":{"rendered":"BIA\u0141A TA\u015aMA TERMICZNA DO KOLEKTORA I WYDECHU IRP"},"content":{"rendered":"<p><strong>Ta\u015bma termiczna do kolektora i wydechu IRP<\/strong><\/p>\n<p>Banda\u017c termoizolacyjny z w\u0142\u00f3kna szklanego firmy IRP dobrze znosi temperatury do 550\u00b0C.<br \/> Jej g\u0142\u00f3wnym zastosowaniem jest izolacja kolektor\u00f3w wydechowych i dalszych element\u00f3w uk\u0142adu wydechowego.<br \/> Skutecznie obni\u017ca temperatur\u0119 pod mask\u0105 i przy\u015bpiesza opr\u00f3\u017cnianie uk\u0142adu wydechowego, co pozytywnie wp\u0142ywa na moc.<\/p>\n<p>&#8211; Wytrzyma\u0142o\u015b\u0107 do 550\u00b0C<br \/>&#8211; Szeroko\u015b\u0107:&nbsp;5cm<br \/>&#8211; D\u0142ugo\u015b\u0107: 10m<br \/>&#8211; W zestawie 4 opaski zaciskowe ze stali nierdzewnej<\/p>\n","protected":false},"excerpt":{"rendered":"<p><strong>Ta\u015bma termiczna do kolektora i wydechu IRP<\/strong><\/p>\n<p>Banda\u017c termoizolacyjny z w\u0142\u00f3kna szklanego firmy IRP dobrze znosi temperatury do 550\u00b0C.<br \/> Jej g\u0142\u00f3wnym zastosowaniem jest izolacja kolektor\u00f3w wydechowych i dalszych element\u00f3w uk\u0142adu wydechowego.<br \/> Skutecznie obni\u017ca temperatur\u0119 pod mask\u0105 i przy\u015bpiesza opr\u00f3\u017cnianie uk\u0142adu wydechowego, co pozytywnie wp\u0142ywa na moc.<\/p>\n<p>&#8211; Wytrzyma\u0142o\u015b\u0107 do 550\u00b0C<br \/>&#8211; Szeroko\u015b\u0107:&nbsp;5cm<br \/>&#8211; D\u0142ugo\u015b\u0107: 10m<br \/>&#8211; W zestawie 4 opaski zaciskowe ze stali nierdzewnej<\/p>\n","protected":false},"featured_media":22082,"comment_status":"closed","ping_status":"open","template":"","meta":[],"product_cat":[603,605],"product_tag":[],"class_list":{"0":"post-22186","1":"product","2":"type-product","3":"status-publish","4":"has-post-thumbnail","6":"product_cat-uklad-wydechowy","7":"product_cat-tasmy-termiczne","9":"first","10":"instock","11":"taxable","12":"shipping-taxable","13":"purchasable","14":"product-type-simple"},"bundled_by":[],"bundle_stock_status":"instock","bundle_stock_quantity":null,"bundle_virtual":false,"bundle_layout":"","bundle_add_to_cart_form_location":"","bundle_editable_in_cart":false,"bundle_sold_individually_context":"","bundle_item_grouping":"","bundle_min_size":"","bundle_max_size":"","bundle_price":[],"bundled_items":[],"bundle_sell_ids":[],"acf":{"zdjecie_bez_watermarka":null,"zdjecie_bez_watermarka_url":"","product_orgin_url":"https:\/\/inter-rally.pl\/product-eng-184748-Biala-tasma-termiczna-do-kolektora-i-wydechu-IRP.html"},"yoast_head":"<!-- This site is optimized with the Yoast SEO plugin v23.9 - https:\/\/yoast.com\/wordpress\/plugins\/seo\/ -->\n<title>BIA\u0141A TA\u015aMA TERMICZNA DO KOLEKTORA I WYDECHU IRP - CYBUL<\/title>\n<meta name=\"robots\" content=\"index, follow, max-snippet:-1, max-image-preview:large, max-video-preview:-1\" \/>\n<link rel=\"canonical\" href=\"https:\/\/cybul.eu\/pl\/sklep\/biala-tasma-termiczna-do-kolektora-i-wydechu-irp\/\" \/>\n<meta property=\"og:locale\" content=\"pl_PL\" \/>\n<meta property=\"og:type\" content=\"article\" \/>\n<meta property=\"og:title\" content=\"BIA\u0141A TA\u015aMA TERMICZNA DO KOLEKTORA I WYDECHU IRP - CYBUL\" \/>\n<meta property=\"og:description\" content=\"Ta\u015bma termiczna do kolektora i wydechu IRPBanda\u017c termoizolacyjny z w\u0142\u00f3kna szklanego firmy IRP dobrze znosi temperatury do 550\u00b0C. Jej g\u0142\u00f3wnym zastosowaniem jest izolacja kolektor\u00f3w wydechowych i dalszych element\u00f3w uk\u0142adu wydechowego. Skutecznie obni\u017ca temperatur\u0119 pod mask\u0105 i przy\u015bpiesza opr\u00f3\u017cnianie uk\u0142adu wydechowego, co pozytywnie wp\u0142ywa na moc.- Wytrzyma\u0142o\u015b\u0107 do 550\u00b0C- Szeroko\u015b\u0107:&nbsp;5cm- D\u0142ugo\u015b\u0107: 10m- W zestawie 4 opaski zaciskowe ze stali nierdzewnej\" \/>\n<meta property=\"og:url\" content=\"https:\/\/cybul.eu\/pl\/sklep\/biala-tasma-termiczna-do-kolektora-i-wydechu-irp\/\" \/>\n<meta property=\"og:site_name\" content=\"CYBUL\" \/>\n<meta property=\"article:modified_time\" content=\"2024-06-28T17:04:33+00:00\" \/>\n<meta property=\"og:image\" content=\"https:\/\/cybul.eu\/wp-content\/uploads\/2024\/06\/pol_pl_Biala-tasma-termiczna-do-kolektora-i-wydechu-IRP-184748_1.jpg\" \/>\n\t<meta property=\"og:image:width\" content=\"900\" \/>\n\t<meta property=\"og:image:height\" content=\"506\" \/>\n\t<meta property=\"og:image:type\" content=\"image\/jpeg\" \/>\n<meta name=\"twitter:card\" content=\"summary_large_image\" \/>\n<script type=\"application\/ld+json\" class=\"yoast-schema-graph\">{\"@context\":\"https:\/\/schema.org\",\"@graph\":[{\"@type\":\"WebPage\",\"@id\":\"https:\/\/cybul.eu\/pl\/sklep\/biala-tasma-termiczna-do-kolektora-i-wydechu-irp\/\",\"url\":\"https:\/\/cybul.eu\/pl\/sklep\/biala-tasma-termiczna-do-kolektora-i-wydechu-irp\/\",\"name\":\"BIA\u0141A TA\u015aMA TERMICZNA DO KOLEKTORA I WYDECHU IRP - CYBUL\",\"isPartOf\":{\"@id\":\"https:\/\/cybul.eu\/pl\/#website\"},\"primaryImageOfPage\":{\"@id\":\"https:\/\/cybul.eu\/pl\/sklep\/biala-tasma-termiczna-do-kolektora-i-wydechu-irp\/#primaryimage\"},\"image\":{\"@id\":\"https:\/\/cybul.eu\/pl\/sklep\/biala-tasma-termiczna-do-kolektora-i-wydechu-irp\/#primaryimage\"},\"thumbnailUrl\":\"https:\/\/cybul.eu\/wp-content\/uploads\/2024\/06\/pol_pl_Biala-tasma-termiczna-do-kolektora-i-wydechu-IRP-184748_1.jpg\",\"datePublished\":\"2024-06-28T17:04:30+00:00\",\"dateModified\":\"2024-06-28T17:04:33+00:00\",\"breadcrumb\":{\"@id\":\"https:\/\/cybul.eu\/pl\/sklep\/biala-tasma-termiczna-do-kolektora-i-wydechu-irp\/#breadcrumb\"},\"inLanguage\":\"pl-PL\",\"potentialAction\":[{\"@type\":\"ReadAction\",\"target\":[\"https:\/\/cybul.eu\/pl\/sklep\/biala-tasma-termiczna-do-kolektora-i-wydechu-irp\/\"]}]},{\"@type\":\"ImageObject\",\"inLanguage\":\"pl-PL\",\"@id\":\"https:\/\/cybul.eu\/pl\/sklep\/biala-tasma-termiczna-do-kolektora-i-wydechu-irp\/#primaryimage\",\"url\":\"https:\/\/cybul.eu\/wp-content\/uploads\/2024\/06\/pol_pl_Biala-tasma-termiczna-do-kolektora-i-wydechu-IRP-184748_1.jpg\",\"contentUrl\":\"https:\/\/cybul.eu\/wp-content\/uploads\/2024\/06\/pol_pl_Biala-tasma-termiczna-do-kolektora-i-wydechu-IRP-184748_1.jpg\",\"width\":900,\"height\":506},{\"@type\":\"BreadcrumbList\",\"@id\":\"https:\/\/cybul.eu\/pl\/sklep\/biala-tasma-termiczna-do-kolektora-i-wydechu-irp\/#breadcrumb\",\"itemListElement\":[{\"@type\":\"ListItem\",\"position\":1,\"name\":\"Strona g\u0142\u00f3wna\",\"item\":\"https:\/\/cybul.eu\/pl\/\"},{\"@type\":\"ListItem\",\"position\":2,\"name\":\"Sklep\",\"item\":\"https:\/\/cybul.eu\/pl\/sklep\/\"},{\"@type\":\"ListItem\",\"position\":3,\"name\":\"BIA\u0141A TA\u015aMA TERMICZNA DO KOLEKTORA I WYDECHU IRP\"}]},{\"@type\":\"WebSite\",\"@id\":\"https:\/\/cybul.eu\/pl\/#website\",\"url\":\"https:\/\/cybul.eu\/pl\/\",\"name\":\"CYBUL\",\"description\":\"\",\"potentialAction\":[{\"@type\":\"SearchAction\",\"target\":{\"@type\":\"EntryPoint\",\"urlTemplate\":\"https:\/\/cybul.eu\/pl\/?s={search_term_string}\"},\"query-input\":{\"@type\":\"PropertyValueSpecification\",\"valueRequired\":true,\"valueName\":\"search_term_string\"}}],\"inLanguage\":\"pl-PL\"}]}<\/script>\n<!-- \/ Yoast SEO plugin. -->","yoast_head_json":{"title":"BIA\u0141A TA\u015aMA TERMICZNA DO KOLEKTORA I WYDECHU IRP - CYBUL","robots":{"index":"index","follow":"follow","max-snippet":"max-snippet:-1","max-image-preview":"max-image-preview:large","max-video-preview":"max-video-preview:-1"},"canonical":"https:\/\/cybul.eu\/pl\/sklep\/biala-tasma-termiczna-do-kolektora-i-wydechu-irp\/","og_locale":"pl_PL","og_type":"article","og_title":"BIA\u0141A TA\u015aMA TERMICZNA DO KOLEKTORA I WYDECHU IRP - CYBUL","og_description":"Ta\u015bma termiczna do kolektora i wydechu IRPBanda\u017c termoizolacyjny z w\u0142\u00f3kna szklanego firmy IRP dobrze znosi temperatury do 550\u00b0C. Jej g\u0142\u00f3wnym zastosowaniem jest izolacja kolektor\u00f3w wydechowych i dalszych element\u00f3w uk\u0142adu wydechowego. Skutecznie obni\u017ca temperatur\u0119 pod mask\u0105 i przy\u015bpiesza opr\u00f3\u017cnianie uk\u0142adu wydechowego, co pozytywnie wp\u0142ywa na moc.- Wytrzyma\u0142o\u015b\u0107 do 550\u00b0C- Szeroko\u015b\u0107:&nbsp;5cm- D\u0142ugo\u015b\u0107: 10m- W zestawie 4 opaski zaciskowe ze stali nierdzewnej","og_url":"https:\/\/cybul.eu\/pl\/sklep\/biala-tasma-termiczna-do-kolektora-i-wydechu-irp\/","og_site_name":"CYBUL","article_modified_time":"2024-06-28T17:04:33+00:00","og_image":[{"width":900,"height":506,"url":"https:\/\/cybul.eu\/wp-content\/uploads\/2024\/06\/pol_pl_Biala-tasma-termiczna-do-kolektora-i-wydechu-IRP-184748_1.jpg","type":"image\/jpeg"}],"twitter_card":"summary_large_image","schema":{"@context":"https:\/\/schema.org","@graph":[{"@type":"WebPage","@id":"https:\/\/cybul.eu\/pl\/sklep\/biala-tasma-termiczna-do-kolektora-i-wydechu-irp\/","url":"https:\/\/cybul.eu\/pl\/sklep\/biala-tasma-termiczna-do-kolektora-i-wydechu-irp\/","name":"BIA\u0141A TA\u015aMA TERMICZNA DO KOLEKTORA I WYDECHU IRP - CYBUL","isPartOf":{"@id":"https:\/\/cybul.eu\/pl\/#website"},"primaryImageOfPage":{"@id":"https:\/\/cybul.eu\/pl\/sklep\/biala-tasma-termiczna-do-kolektora-i-wydechu-irp\/#primaryimage"},"image":{"@id":"https:\/\/cybul.eu\/pl\/sklep\/biala-tasma-termiczna-do-kolektora-i-wydechu-irp\/#primaryimage"},"thumbnailUrl":"https:\/\/cybul.eu\/wp-content\/uploads\/2024\/06\/pol_pl_Biala-tasma-termiczna-do-kolektora-i-wydechu-IRP-184748_1.jpg","datePublished":"2024-06-28T17:04:30+00:00","dateModified":"2024-06-28T17:04:33+00:00","breadcrumb":{"@id":"https:\/\/cybul.eu\/pl\/sklep\/biala-tasma-termiczna-do-kolektora-i-wydechu-irp\/#breadcrumb"},"inLanguage":"pl-PL","potentialAction":[{"@type":"ReadAction","target":["https:\/\/cybul.eu\/pl\/sklep\/biala-tasma-termiczna-do-kolektora-i-wydechu-irp\/"]}]},{"@type":"ImageObject","inLanguage":"pl-PL","@id":"https:\/\/cybul.eu\/pl\/sklep\/biala-tasma-termiczna-do-kolektora-i-wydechu-irp\/#primaryimage","url":"https:\/\/cybul.eu\/wp-content\/uploads\/2024\/06\/pol_pl_Biala-tasma-termiczna-do-kolektora-i-wydechu-IRP-184748_1.jpg","contentUrl":"https:\/\/cybul.eu\/wp-content\/uploads\/2024\/06\/pol_pl_Biala-tasma-termiczna-do-kolektora-i-wydechu-IRP-184748_1.jpg","width":900,"height":506},{"@type":"BreadcrumbList","@id":"https:\/\/cybul.eu\/pl\/sklep\/biala-tasma-termiczna-do-kolektora-i-wydechu-irp\/#breadcrumb","itemListElement":[{"@type":"ListItem","position":1,"name":"Strona g\u0142\u00f3wna","item":"https:\/\/cybul.eu\/pl\/"},{"@type":"ListItem","position":2,"name":"Sklep","item":"https:\/\/cybul.eu\/pl\/sklep\/"},{"@type":"ListItem","position":3,"name":"BIA\u0141A TA\u015aMA TERMICZNA DO KOLEKTORA I WYDECHU IRP"}]},{"@type":"WebSite","@id":"https:\/\/cybul.eu\/pl\/#website","url":"https:\/\/cybul.eu\/pl\/","name":"CYBUL","description":"","potentialAction":[{"@type":"SearchAction","target":{"@type":"EntryPoint","urlTemplate":"https:\/\/cybul.eu\/pl\/?s={search_term_string}"},"query-input":{"@type":"PropertyValueSpecification","valueRequired":true,"valueName":"search_term_string"}}],"inLanguage":"pl-PL"}]}},"_links":{"self":[{"href":"https:\/\/cybul.eu\/pl\/wp-json\/wp\/v2\/product\/22186","targetHints":{"allow":["GET"]}}],"collection":[{"href":"https:\/\/cybul.eu\/pl\/wp-json\/wp\/v2\/product"}],"about":[{"href":"https:\/\/cybul.eu\/pl\/wp-json\/wp\/v2\/types\/product"}],"replies":[{"embeddable":true,"href":"https:\/\/cybul.eu\/pl\/wp-json\/wp\/v2\/comments?post=22186"}],"wp:featuredmedia":[{"embeddable":true,"href":"https:\/\/cybul.eu\/pl\/wp-json\/wp\/v2\/media\/22082"}],"wp:attachment":[{"href":"https:\/\/cybul.eu\/pl\/wp-json\/wp\/v2\/media?parent=22186"}],"wp:term":[{"taxonomy":"product_cat","embeddable":true,"href":"https:\/\/cybul.eu\/pl\/wp-json\/wp\/v2\/product_cat?post=22186"},{"taxonomy":"product_tag","embeddable":true,"href":"https:\/\/cybul.eu\/pl\/wp-json\/wp\/v2\/product_tag?post=22186"}],"curies":[{"name":"wp","href":"https:\/\/api.w.org\/{rel}","templated":true}]}}