{"id":22065,"date":"2024-06-28T18:33:36","date_gmt":"2024-06-28T16:33:36","guid":{"rendered":"https:\/\/cybul.eu\/shop\/kask-stilo-st5-fn-8860-abp-carbon\/"},"modified":"2024-06-28T18:33:42","modified_gmt":"2024-06-28T16:33:42","slug":"kask-stilo-st5-fn-8860-abp-carbon","status":"publish","type":"product","link":"https:\/\/cybul.eu\/pl\/sklep\/kask-stilo-st5-fn-8860-abp-carbon\/","title":{"rendered":"KASK STILO ST5 FN 8860 ABP CARBON"},"content":{"rendered":"<p><strong>Kask&nbsp;Stilo ST5 FN 8860 ABP Carbon<\/strong><\/p>\n<p>Homologacja: <strong>FIA 8860-2018ABP<br \/><\/strong><br \/>Najnowszy i najbardziej zaawansowany kask Stilo. Posiada najnowsz\u0105 homologacj\u0119 FIA 8860-2018ABP, kt\u00f3ra czyni go najbezpieczniejszym kaskiem na \u015bwiecie.<br \/>Zapewnia maksymalne bezpiecze\u0144stwo oraz wysoki komfort. Skorupa zosta\u0142a wykonana z najwy\u017cszej jako\u015bci autoklawowanego carbonu.<\/p>\n<p>&#8211; <strong>Nauszniki<\/strong>: idealnie przywieraj\u0105 do g\u0142owy zapewniaj\u0105c t\u0142umienie ha\u0142as\u00f3w. Mog\u0105 by\u0107 regulowane za pomoc\u0105 dost\u0119pnych w zestawie g\u0105bek.<br \/>&#8211; <strong>Wizjer<\/strong>: wyposa\u017cony w system \u0142atwego otwierania, dzi\u0119ki czemu mo\u017cna nim operowa\u0107 jedn\u0105 r\u0119k\u0105.<br \/>&#8211; <strong>Dodatki<\/strong>: do kasku do\u0142\u0105czone s\u0105: przedni spojler, tylny spojler, lekko przyciemniony wizjer, przyciemniony wizjer, zestaw zrywek oraz torb\u0119 na kask.<br \/>&#8211; Kask nie jest wyposa\u017cony w s\u0142uchawki i mikrofon.<br \/>&#8211; Jest kompatybilny z systemem HANS.<\/p>\n<p>Waga: oko\u0142o <strong>1680g<\/strong> (w zale\u017cno\u015bci od rozmiaru).<\/p>\n<p><strong>&nbsp;<\/strong><\/p>\n","protected":false},"excerpt":{"rendered":"<p><strong>Kask&nbsp;Stilo ST5 FN 8860 ABP Carbon<\/strong><\/p>\n<p>Homologacja: <strong>FIA 8860-2018ABP<br \/><\/strong><br \/>Najnowszy i najbardziej zaawansowany kask Stilo. Posiada najnowsz\u0105 homologacj\u0119 FIA 8860-2018ABP, kt\u00f3ra czyni go najbezpieczniejszym kaskiem na \u015bwiecie.<br \/>Zapewnia maksymalne bezpiecze\u0144stwo oraz wysoki komfort. Skorupa zosta\u0142a wykonana z najwy\u017cszej jako\u015bci autoklawowanego carbonu.<\/p>\n<p>&#8211; <strong>Nauszniki<\/strong>: idealnie przywieraj\u0105 do g\u0142owy zapewniaj\u0105c t\u0142umienie ha\u0142as\u00f3w. Mog\u0105 by\u0107 regulowane za pomoc\u0105 dost\u0119pnych w zestawie g\u0105bek.<br \/>&#8211; <strong>Wizjer<\/strong>: wyposa\u017cony w system \u0142atwego otwierania, dzi\u0119ki czemu mo\u017cna nim operowa\u0107 jedn\u0105 r\u0119k\u0105.<br \/>&#8211; <strong>Dodatki<\/strong>: do kasku do\u0142\u0105czone s\u0105: przedni spojler, tylny spojler, lekko przyciemniony wizjer, przyciemniony wizjer, zestaw zrywek oraz torb\u0119 na kask.<br \/>&#8211; Kask nie jest wyposa\u017cony w s\u0142uchawki i mikrofon.<br \/>&#8211; Jest kompatybilny z systemem HANS.<\/p>\n<p>Waga: oko\u0142o <strong>1680g<\/strong> (w zale\u017cno\u015bci od rozmiaru).<\/p>\n","protected":false},"featured_media":21899,"comment_status":"closed","ping_status":"open","template":"","meta":[],"product_cat":[609,560],"product_tag":[],"class_list":{"0":"post-22065","1":"product","2":"type-product","3":"status-publish","4":"has-post-thumbnail","6":"product_cat-kaski-zamkniete","7":"product_cat-odziez-rajdowa-fia","9":"first","10":"instock","11":"taxable","12":"shipping-taxable","13":"purchasable","14":"product-type-simple"},"bundled_by":[],"bundle_stock_status":"instock","bundle_stock_quantity":null,"bundle_virtual":false,"bundle_layout":"","bundle_add_to_cart_form_location":"","bundle_editable_in_cart":false,"bundle_sold_individually_context":"","bundle_item_grouping":"","bundle_min_size":"","bundle_max_size":"","bundle_price":[],"bundled_items":[],"bundle_sell_ids":[],"acf":{"zdjecie_bez_watermarka":null,"zdjecie_bez_watermarka_url":"","product_orgin_url":"https:\/\/inter-rally.pl\/product-eng-97637-Kask-Stilo-ST5-FN-8860-ABP-Carbon.html"},"yoast_head":"<!-- This site is optimized with the Yoast SEO plugin v23.9 - https:\/\/yoast.com\/wordpress\/plugins\/seo\/ -->\n<title>KASK STILO ST5 FN 8860 ABP CARBON - CYBUL<\/title>\n<meta name=\"robots\" content=\"index, follow, max-snippet:-1, max-image-preview:large, max-video-preview:-1\" \/>\n<link rel=\"canonical\" href=\"https:\/\/cybul.eu\/pl\/sklep\/kask-stilo-st5-fn-8860-abp-carbon\/\" \/>\n<meta property=\"og:locale\" content=\"pl_PL\" \/>\n<meta property=\"og:type\" content=\"article\" \/>\n<meta property=\"og:title\" content=\"KASK STILO ST5 FN 8860 ABP CARBON - CYBUL\" \/>\n<meta property=\"og:description\" content=\"Kask&nbsp;Stilo ST5 FN 8860 ABP CarbonHomologacja: FIA 8860-2018ABPNajnowszy i najbardziej zaawansowany kask Stilo. Posiada najnowsz\u0105 homologacj\u0119 FIA 8860-2018ABP, kt\u00f3ra czyni go najbezpieczniejszym kaskiem na \u015bwiecie.Zapewnia maksymalne bezpiecze\u0144stwo oraz wysoki komfort. Skorupa zosta\u0142a wykonana z najwy\u017cszej jako\u015bci autoklawowanego carbonu.- Nauszniki: idealnie przywieraj\u0105 do g\u0142owy zapewniaj\u0105c t\u0142umienie ha\u0142as\u00f3w. Mog\u0105 by\u0107 regulowane za pomoc\u0105 dost\u0119pnych w zestawie g\u0105bek.- Wizjer: wyposa\u017cony w system \u0142atwego otwierania, dzi\u0119ki czemu mo\u017cna nim operowa\u0107 jedn\u0105 r\u0119k\u0105.- Dodatki: do kasku do\u0142\u0105czone s\u0105: przedni spojler, tylny spojler, lekko przyciemniony wizjer, przyciemniony wizjer, zestaw zrywek oraz torb\u0119 na kask.- Kask nie jest wyposa\u017cony w s\u0142uchawki i mikrofon.- Jest kompatybilny z systemem HANS.Waga: oko\u0142o 1680g (w zale\u017cno\u015bci od rozmiaru).\" \/>\n<meta property=\"og:url\" content=\"https:\/\/cybul.eu\/pl\/sklep\/kask-stilo-st5-fn-8860-abp-carbon\/\" \/>\n<meta property=\"og:site_name\" content=\"CYBUL\" \/>\n<meta property=\"article:modified_time\" content=\"2024-06-28T16:33:42+00:00\" \/>\n<meta property=\"og:image\" content=\"https:\/\/cybul.eu\/wp-content\/uploads\/2024\/06\/pol_pl_Kask-Stilo-ST5-FN-8860-ABP-Carbon-97637_1.jpg\" \/>\n\t<meta property=\"og:image:width\" content=\"900\" \/>\n\t<meta property=\"og:image:height\" content=\"900\" \/>\n\t<meta property=\"og:image:type\" content=\"image\/jpeg\" \/>\n<meta name=\"twitter:card\" content=\"summary_large_image\" \/>\n<meta name=\"twitter:label1\" content=\"Szacowany czas czytania\" \/>\n\t<meta name=\"twitter:data1\" content=\"1 minuta\" \/>\n<script type=\"application\/ld+json\" class=\"yoast-schema-graph\">{\"@context\":\"https:\/\/schema.org\",\"@graph\":[{\"@type\":\"WebPage\",\"@id\":\"https:\/\/cybul.eu\/pl\/sklep\/kask-stilo-st5-fn-8860-abp-carbon\/\",\"url\":\"https:\/\/cybul.eu\/pl\/sklep\/kask-stilo-st5-fn-8860-abp-carbon\/\",\"name\":\"KASK STILO ST5 FN 8860 ABP CARBON - CYBUL\",\"isPartOf\":{\"@id\":\"https:\/\/cybul.eu\/pl\/#website\"},\"primaryImageOfPage\":{\"@id\":\"https:\/\/cybul.eu\/pl\/sklep\/kask-stilo-st5-fn-8860-abp-carbon\/#primaryimage\"},\"image\":{\"@id\":\"https:\/\/cybul.eu\/pl\/sklep\/kask-stilo-st5-fn-8860-abp-carbon\/#primaryimage\"},\"thumbnailUrl\":\"https:\/\/cybul.eu\/wp-content\/uploads\/2024\/06\/pol_pl_Kask-Stilo-ST5-FN-8860-ABP-Carbon-97637_1.jpg\",\"datePublished\":\"2024-06-28T16:33:36+00:00\",\"dateModified\":\"2024-06-28T16:33:42+00:00\",\"breadcrumb\":{\"@id\":\"https:\/\/cybul.eu\/pl\/sklep\/kask-stilo-st5-fn-8860-abp-carbon\/#breadcrumb\"},\"inLanguage\":\"pl-PL\",\"potentialAction\":[{\"@type\":\"ReadAction\",\"target\":[\"https:\/\/cybul.eu\/pl\/sklep\/kask-stilo-st5-fn-8860-abp-carbon\/\"]}]},{\"@type\":\"ImageObject\",\"inLanguage\":\"pl-PL\",\"@id\":\"https:\/\/cybul.eu\/pl\/sklep\/kask-stilo-st5-fn-8860-abp-carbon\/#primaryimage\",\"url\":\"https:\/\/cybul.eu\/wp-content\/uploads\/2024\/06\/pol_pl_Kask-Stilo-ST5-FN-8860-ABP-Carbon-97637_1.jpg\",\"contentUrl\":\"https:\/\/cybul.eu\/wp-content\/uploads\/2024\/06\/pol_pl_Kask-Stilo-ST5-FN-8860-ABP-Carbon-97637_1.jpg\",\"width\":900,\"height\":900},{\"@type\":\"BreadcrumbList\",\"@id\":\"https:\/\/cybul.eu\/pl\/sklep\/kask-stilo-st5-fn-8860-abp-carbon\/#breadcrumb\",\"itemListElement\":[{\"@type\":\"ListItem\",\"position\":1,\"name\":\"Strona g\u0142\u00f3wna\",\"item\":\"https:\/\/cybul.eu\/pl\/\"},{\"@type\":\"ListItem\",\"position\":2,\"name\":\"Sklep\",\"item\":\"https:\/\/cybul.eu\/pl\/sklep\/\"},{\"@type\":\"ListItem\",\"position\":3,\"name\":\"KASK STILO ST5 FN 8860 ABP CARBON\"}]},{\"@type\":\"WebSite\",\"@id\":\"https:\/\/cybul.eu\/pl\/#website\",\"url\":\"https:\/\/cybul.eu\/pl\/\",\"name\":\"CYBUL\",\"description\":\"\",\"potentialAction\":[{\"@type\":\"SearchAction\",\"target\":{\"@type\":\"EntryPoint\",\"urlTemplate\":\"https:\/\/cybul.eu\/pl\/?s={search_term_string}\"},\"query-input\":{\"@type\":\"PropertyValueSpecification\",\"valueRequired\":true,\"valueName\":\"search_term_string\"}}],\"inLanguage\":\"pl-PL\"}]}<\/script>\n<!-- \/ Yoast SEO plugin. -->","yoast_head_json":{"title":"KASK STILO ST5 FN 8860 ABP CARBON - CYBUL","robots":{"index":"index","follow":"follow","max-snippet":"max-snippet:-1","max-image-preview":"max-image-preview:large","max-video-preview":"max-video-preview:-1"},"canonical":"https:\/\/cybul.eu\/pl\/sklep\/kask-stilo-st5-fn-8860-abp-carbon\/","og_locale":"pl_PL","og_type":"article","og_title":"KASK STILO ST5 FN 8860 ABP CARBON - CYBUL","og_description":"Kask&nbsp;Stilo ST5 FN 8860 ABP CarbonHomologacja: FIA 8860-2018ABPNajnowszy i najbardziej zaawansowany kask Stilo. Posiada najnowsz\u0105 homologacj\u0119 FIA 8860-2018ABP, kt\u00f3ra czyni go najbezpieczniejszym kaskiem na \u015bwiecie.Zapewnia maksymalne bezpiecze\u0144stwo oraz wysoki komfort. Skorupa zosta\u0142a wykonana z najwy\u017cszej jako\u015bci autoklawowanego carbonu.- Nauszniki: idealnie przywieraj\u0105 do g\u0142owy zapewniaj\u0105c t\u0142umienie ha\u0142as\u00f3w. Mog\u0105 by\u0107 regulowane za pomoc\u0105 dost\u0119pnych w zestawie g\u0105bek.- Wizjer: wyposa\u017cony w system \u0142atwego otwierania, dzi\u0119ki czemu mo\u017cna nim operowa\u0107 jedn\u0105 r\u0119k\u0105.- Dodatki: do kasku do\u0142\u0105czone s\u0105: przedni spojler, tylny spojler, lekko przyciemniony wizjer, przyciemniony wizjer, zestaw zrywek oraz torb\u0119 na kask.- Kask nie jest wyposa\u017cony w s\u0142uchawki i mikrofon.- Jest kompatybilny z systemem HANS.Waga: oko\u0142o 1680g (w zale\u017cno\u015bci od rozmiaru).","og_url":"https:\/\/cybul.eu\/pl\/sklep\/kask-stilo-st5-fn-8860-abp-carbon\/","og_site_name":"CYBUL","article_modified_time":"2024-06-28T16:33:42+00:00","og_image":[{"width":900,"height":900,"url":"https:\/\/cybul.eu\/wp-content\/uploads\/2024\/06\/pol_pl_Kask-Stilo-ST5-FN-8860-ABP-Carbon-97637_1.jpg","type":"image\/jpeg"}],"twitter_card":"summary_large_image","twitter_misc":{"Szacowany czas czytania":"1 minuta"},"schema":{"@context":"https:\/\/schema.org","@graph":[{"@type":"WebPage","@id":"https:\/\/cybul.eu\/pl\/sklep\/kask-stilo-st5-fn-8860-abp-carbon\/","url":"https:\/\/cybul.eu\/pl\/sklep\/kask-stilo-st5-fn-8860-abp-carbon\/","name":"KASK STILO ST5 FN 8860 ABP CARBON - CYBUL","isPartOf":{"@id":"https:\/\/cybul.eu\/pl\/#website"},"primaryImageOfPage":{"@id":"https:\/\/cybul.eu\/pl\/sklep\/kask-stilo-st5-fn-8860-abp-carbon\/#primaryimage"},"image":{"@id":"https:\/\/cybul.eu\/pl\/sklep\/kask-stilo-st5-fn-8860-abp-carbon\/#primaryimage"},"thumbnailUrl":"https:\/\/cybul.eu\/wp-content\/uploads\/2024\/06\/pol_pl_Kask-Stilo-ST5-FN-8860-ABP-Carbon-97637_1.jpg","datePublished":"2024-06-28T16:33:36+00:00","dateModified":"2024-06-28T16:33:42+00:00","breadcrumb":{"@id":"https:\/\/cybul.eu\/pl\/sklep\/kask-stilo-st5-fn-8860-abp-carbon\/#breadcrumb"},"inLanguage":"pl-PL","potentialAction":[{"@type":"ReadAction","target":["https:\/\/cybul.eu\/pl\/sklep\/kask-stilo-st5-fn-8860-abp-carbon\/"]}]},{"@type":"ImageObject","inLanguage":"pl-PL","@id":"https:\/\/cybul.eu\/pl\/sklep\/kask-stilo-st5-fn-8860-abp-carbon\/#primaryimage","url":"https:\/\/cybul.eu\/wp-content\/uploads\/2024\/06\/pol_pl_Kask-Stilo-ST5-FN-8860-ABP-Carbon-97637_1.jpg","contentUrl":"https:\/\/cybul.eu\/wp-content\/uploads\/2024\/06\/pol_pl_Kask-Stilo-ST5-FN-8860-ABP-Carbon-97637_1.jpg","width":900,"height":900},{"@type":"BreadcrumbList","@id":"https:\/\/cybul.eu\/pl\/sklep\/kask-stilo-st5-fn-8860-abp-carbon\/#breadcrumb","itemListElement":[{"@type":"ListItem","position":1,"name":"Strona g\u0142\u00f3wna","item":"https:\/\/cybul.eu\/pl\/"},{"@type":"ListItem","position":2,"name":"Sklep","item":"https:\/\/cybul.eu\/pl\/sklep\/"},{"@type":"ListItem","position":3,"name":"KASK STILO ST5 FN 8860 ABP CARBON"}]},{"@type":"WebSite","@id":"https:\/\/cybul.eu\/pl\/#website","url":"https:\/\/cybul.eu\/pl\/","name":"CYBUL","description":"","potentialAction":[{"@type":"SearchAction","target":{"@type":"EntryPoint","urlTemplate":"https:\/\/cybul.eu\/pl\/?s={search_term_string}"},"query-input":{"@type":"PropertyValueSpecification","valueRequired":true,"valueName":"search_term_string"}}],"inLanguage":"pl-PL"}]}},"_links":{"self":[{"href":"https:\/\/cybul.eu\/pl\/wp-json\/wp\/v2\/product\/22065","targetHints":{"allow":["GET"]}}],"collection":[{"href":"https:\/\/cybul.eu\/pl\/wp-json\/wp\/v2\/product"}],"about":[{"href":"https:\/\/cybul.eu\/pl\/wp-json\/wp\/v2\/types\/product"}],"replies":[{"embeddable":true,"href":"https:\/\/cybul.eu\/pl\/wp-json\/wp\/v2\/comments?post=22065"}],"wp:featuredmedia":[{"embeddable":true,"href":"https:\/\/cybul.eu\/pl\/wp-json\/wp\/v2\/media\/21899"}],"wp:attachment":[{"href":"https:\/\/cybul.eu\/pl\/wp-json\/wp\/v2\/media?parent=22065"}],"wp:term":[{"taxonomy":"product_cat","embeddable":true,"href":"https:\/\/cybul.eu\/pl\/wp-json\/wp\/v2\/product_cat?post=22065"},{"taxonomy":"product_tag","embeddable":true,"href":"https:\/\/cybul.eu\/pl\/wp-json\/wp\/v2\/product_tag?post=22065"}],"curies":[{"name":"wp","href":"https:\/\/api.w.org\/{rel}","templated":true}]}}