{"id":22055,"date":"2024-06-28T18:32:48","date_gmt":"2024-06-28T16:32:48","guid":{"rendered":"https:\/\/cybul.eu\/shop\/kask-stilo-venti-wrx-raid-carbon\/"},"modified":"2024-06-28T18:33:10","modified_gmt":"2024-06-28T16:33:10","slug":"kask-stilo-venti-wrx-raid-carbon","status":"publish","type":"product","link":"https:\/\/cybul.eu\/pl\/sklep\/kask-stilo-venti-wrx-raid-carbon\/","title":{"rendered":"KASK STILO VENTI WRX RAID CARBON"},"content":{"rendered":"<p><strong>Kask Stilo Venti WRX Raid&nbsp;Carbon<\/strong><span><\/p>\n<p>Homologacja:&nbsp;<strong>FIA 8859-2015<\/strong> \/ <strong>Snell SA2020<\/strong><\/p>\n<p><\/span>Kask carbonowy Venti WRX Raid zosta\u0142 opracowany przez Stilo, aby sprosta\u0107 ekstremalnym wymaganiom wy\u015bcig\u00f3w terenowych. Lekka i bardzo mocna skorupa z w\u0142\u00f3kna w\u0119glowego ma du\u017cy otw\u00f3r wizjera zapewniaj\u0105cy lepsze pole widzenia, a zintegrowany zestaw s\u0142uchawkowy z interkomem zapo\u017cyczony z kasku rajdowego Venti WRC zapewnia optymaln\u0105 klarowno\u015b\u0107 komunikacji zar\u00f3wno w formacie przewodowym, jak i bezprzewodowym.<\/p>\n<p>&#8211;&nbsp;Opracowany do wy\u015bcig\u00f3w terenowych, ale nadaje si\u0119 do wielu dyscyplin sport\u00f3w motorowych<br \/>&#8211;&nbsp;Szeroki otw\u00f3r wizjera (o 34% wi\u0119kszy ni\u017c w Stilo ST5) zapewnia doskona\u0142e pole widzenia<br \/>&#8211;&nbsp;Regulowany daszek przeciws\u0142oneczny z w\u0142\u00f3kna w\u0119glowego redukuj\u0105cy odblaski w jasne dni, zapewniaj\u0105cy lepsz\u0105 widoczno\u015b\u0107 i mniejsze zm\u0119czenie oczu<br \/>&#8211;&nbsp;Wbudowany zestaw s\u0142uchawkowy z interkomem zapewnia wyj\u0105tkowy poziom przejrzysto\u015bci komunikacji, z kt\u00f3rej s\u0142ynie Stilo<br \/>&#8211;&nbsp;Nauszniki t\u0142umi\u0105ce ha\u0142as blokuj\u0105 niepo\u017c\u0105dane d\u017awi\u0119ki, dzi\u0119ki czemu mo\u017cesz skupi\u0107 si\u0119 na komunikacji interkomowej<br \/>&#8211;&nbsp;Regulowany mikrofon z redukcj\u0105 szum\u00f3w zapewnia optymaln\u0105 odleg\u0142o\u015b\u0107 od ust, zapewniaj\u0105c najlepsz\u0105 komunikacj\u0119<br \/>&#8211;&nbsp;Kompatybilny z przewodowymi lub bezprzewodowymi centralkami interkom\u00f3w serii Stilo WRC lub DG<\/p>\n<p><strong>Waga:<br \/><\/strong>&#8211; oko\u0142o <strong>1250g<\/strong> &#8211; rozmiary XS, S, M<br \/>&#8211; oko\u0142o <strong>1370g<\/strong> &#8211; rozmiary L, XL<br \/>&#8211; oko\u0142o <strong>1480g<\/strong> &#8211; rozmiary 2XL, 3XL<\/p>\n","protected":false},"excerpt":{"rendered":"<p><strong>Kask Stilo Venti WRX Raid&nbsp;Carbon<\/strong><span><\/p>\n<p>Homologacja:&nbsp;<strong>FIA 8859-2015<\/strong> \/ <strong>Snell SA2020<\/strong><\/p>\n<p><\/span>Kask carbonowy Venti WRX Raid zosta\u0142 opracowany przez Stilo, aby sprosta\u0107 ekstremalnym wymaganiom wy\u015bcig\u00f3w terenowych. Lekka i bardzo mocna skorupa z w\u0142\u00f3kna w\u0119glowego ma du\u017cy otw\u00f3r wizjera zapewniaj\u0105cy lepsze pole widzenia, a zintegrowany zestaw s\u0142uchawkowy z interkomem zapo\u017cyczony z kasku rajdowego Venti WRC zapewnia optymaln\u0105 klarowno\u015b\u0107 komunikacji zar\u00f3wno w formacie przewodowym, jak i bezprzewodowym.<\/p>\n<p>&#8211;&nbsp;Opracowany do wy\u015bcig\u00f3w terenowych, ale nadaje si\u0119 do wielu dyscyplin sport\u00f3w motorowych<br \/>&#8211;&nbsp;Szeroki otw\u00f3r wizjera (o 34% wi\u0119kszy ni\u017c w Stilo ST5) zapewnia doskona\u0142e pole widzenia<br \/>&#8211;&nbsp;Regulowany daszek przeciws\u0142oneczny z w\u0142\u00f3kna w\u0119glowego redukuj\u0105cy odblaski w jasne dni, zapewniaj\u0105cy lepsz\u0105 widoczno\u015b\u0107 i mniejsze zm\u0119czenie oczu<br \/>&#8211;&nbsp;Wbudowany zestaw s\u0142uchawkowy z interkomem zapewnia wyj\u0105tkowy poziom przejrzysto\u015bci komunikacji, z kt\u00f3rej s\u0142ynie Stilo<br \/>&#8211;&nbsp;Nauszniki t\u0142umi\u0105ce ha\u0142as blokuj\u0105 niepo\u017c\u0105dane d\u017awi\u0119ki, dzi\u0119ki czemu mo\u017cesz skupi\u0107 si\u0119 na komunikacji interkomowej<br \/>&#8211;&nbsp;Regulowany mikrofon z redukcj\u0105 szum\u00f3w zapewnia optymaln\u0105 odleg\u0142o\u015b\u0107 od ust, zapewniaj\u0105c najlepsz\u0105 komunikacj\u0119<br \/>&#8211;&nbsp;Kompatybilny z przewodowymi lub bezprzewodowymi centralkami interkom\u00f3w serii Stilo WRC lub DG<\/p>\n<p><strong>Waga:<br \/><\/strong>&#8211; oko\u0142o <strong>1250g<\/strong> &#8211; rozmiary XS, S, M<br \/>&#8211; oko\u0142o <strong>1370g<\/strong> &#8211; rozmiary L, XL<br \/>&#8211; oko\u0142o <strong>1480g<\/strong> &#8211; rozmiary 2XL, 3XL<\/p>\n","protected":false},"featured_media":21807,"comment_status":"closed","ping_status":"open","template":"","meta":[],"product_cat":[609,560],"product_tag":[],"class_list":{"0":"post-22055","1":"product","2":"type-product","3":"status-publish","4":"has-post-thumbnail","6":"product_cat-kaski-zamkniete","7":"product_cat-odziez-rajdowa-fia","9":"first","10":"instock","11":"taxable","12":"shipping-taxable","13":"purchasable","14":"product-type-simple"},"bundled_by":[],"bundle_stock_status":"instock","bundle_stock_quantity":null,"bundle_virtual":false,"bundle_layout":"","bundle_add_to_cart_form_location":"","bundle_editable_in_cart":false,"bundle_sold_individually_context":"","bundle_item_grouping":"","bundle_min_size":"","bundle_max_size":"","bundle_price":[],"bundled_items":[],"bundle_sell_ids":[],"acf":{"zdjecie_bez_watermarka":null,"zdjecie_bez_watermarka_url":"","product_orgin_url":"https:\/\/inter-rally.pl\/product-eng-202642-Kask-Stilo-Venti-WRX-Raid-Carbon.html"},"yoast_head":"<!-- This site is optimized with the Yoast SEO plugin v23.9 - https:\/\/yoast.com\/wordpress\/plugins\/seo\/ -->\n<title>KASK STILO VENTI WRX RAID CARBON - CYBUL<\/title>\n<meta name=\"robots\" content=\"index, follow, max-snippet:-1, max-image-preview:large, max-video-preview:-1\" \/>\n<link rel=\"canonical\" href=\"https:\/\/cybul.eu\/pl\/sklep\/kask-stilo-venti-wrx-raid-carbon\/\" \/>\n<meta property=\"og:locale\" content=\"pl_PL\" \/>\n<meta property=\"og:type\" content=\"article\" \/>\n<meta property=\"og:title\" content=\"KASK STILO VENTI WRX RAID CARBON - CYBUL\" \/>\n<meta property=\"og:description\" content=\"Kask Stilo Venti WRX Raid&nbsp;CarbonHomologacja:&nbsp;FIA 8859-2015 \/ Snell SA2020Kask carbonowy Venti WRX Raid zosta\u0142 opracowany przez Stilo, aby sprosta\u0107 ekstremalnym wymaganiom wy\u015bcig\u00f3w terenowych. Lekka i bardzo mocna skorupa z w\u0142\u00f3kna w\u0119glowego ma du\u017cy otw\u00f3r wizjera zapewniaj\u0105cy lepsze pole widzenia, a zintegrowany zestaw s\u0142uchawkowy z interkomem zapo\u017cyczony z kasku rajdowego Venti WRC zapewnia optymaln\u0105 klarowno\u015b\u0107 komunikacji zar\u00f3wno w formacie przewodowym, jak i bezprzewodowym.-&nbsp;Opracowany do wy\u015bcig\u00f3w terenowych, ale nadaje si\u0119 do wielu dyscyplin sport\u00f3w motorowych-&nbsp;Szeroki otw\u00f3r wizjera (o 34% wi\u0119kszy ni\u017c w Stilo ST5) zapewnia doskona\u0142e pole widzenia-&nbsp;Regulowany daszek przeciws\u0142oneczny z w\u0142\u00f3kna w\u0119glowego redukuj\u0105cy odblaski w jasne dni, zapewniaj\u0105cy lepsz\u0105 widoczno\u015b\u0107 i mniejsze zm\u0119czenie oczu-&nbsp;Wbudowany zestaw s\u0142uchawkowy z interkomem zapewnia wyj\u0105tkowy poziom przejrzysto\u015bci komunikacji, z kt\u00f3rej s\u0142ynie Stilo-&nbsp;Nauszniki t\u0142umi\u0105ce ha\u0142as blokuj\u0105 niepo\u017c\u0105dane d\u017awi\u0119ki, dzi\u0119ki czemu mo\u017cesz skupi\u0107 si\u0119 na komunikacji interkomowej-&nbsp;Regulowany mikrofon z redukcj\u0105 szum\u00f3w zapewnia optymaln\u0105 odleg\u0142o\u015b\u0107 od ust, zapewniaj\u0105c najlepsz\u0105 komunikacj\u0119-&nbsp;Kompatybilny z przewodowymi lub bezprzewodowymi centralkami interkom\u00f3w serii Stilo WRC lub DGWaga:- oko\u0142o 1250g - rozmiary XS, S, M- oko\u0142o 1370g - rozmiary L, XL- oko\u0142o 1480g - rozmiary 2XL, 3XL\" \/>\n<meta property=\"og:url\" content=\"https:\/\/cybul.eu\/pl\/sklep\/kask-stilo-venti-wrx-raid-carbon\/\" \/>\n<meta property=\"og:site_name\" content=\"CYBUL\" \/>\n<meta property=\"article:modified_time\" content=\"2024-06-28T16:33:10+00:00\" \/>\n<meta property=\"og:image\" content=\"https:\/\/cybul.eu\/wp-content\/uploads\/2024\/06\/pol_pl_Kask-Stilo-Venti-WRX-Raid-Carbon-202642_1.jpg\" \/>\n\t<meta property=\"og:image:width\" content=\"900\" \/>\n\t<meta property=\"og:image:height\" content=\"900\" \/>\n\t<meta property=\"og:image:type\" content=\"image\/jpeg\" \/>\n<meta name=\"twitter:card\" content=\"summary_large_image\" \/>\n<meta name=\"twitter:label1\" content=\"Szacowany czas czytania\" \/>\n\t<meta name=\"twitter:data1\" content=\"1 minuta\" \/>\n<script type=\"application\/ld+json\" class=\"yoast-schema-graph\">{\"@context\":\"https:\/\/schema.org\",\"@graph\":[{\"@type\":\"WebPage\",\"@id\":\"https:\/\/cybul.eu\/pl\/sklep\/kask-stilo-venti-wrx-raid-carbon\/\",\"url\":\"https:\/\/cybul.eu\/pl\/sklep\/kask-stilo-venti-wrx-raid-carbon\/\",\"name\":\"KASK STILO VENTI WRX RAID CARBON - CYBUL\",\"isPartOf\":{\"@id\":\"https:\/\/cybul.eu\/pl\/#website\"},\"primaryImageOfPage\":{\"@id\":\"https:\/\/cybul.eu\/pl\/sklep\/kask-stilo-venti-wrx-raid-carbon\/#primaryimage\"},\"image\":{\"@id\":\"https:\/\/cybul.eu\/pl\/sklep\/kask-stilo-venti-wrx-raid-carbon\/#primaryimage\"},\"thumbnailUrl\":\"https:\/\/cybul.eu\/wp-content\/uploads\/2024\/06\/pol_pl_Kask-Stilo-Venti-WRX-Raid-Carbon-202642_1.jpg\",\"datePublished\":\"2024-06-28T16:32:48+00:00\",\"dateModified\":\"2024-06-28T16:33:10+00:00\",\"breadcrumb\":{\"@id\":\"https:\/\/cybul.eu\/pl\/sklep\/kask-stilo-venti-wrx-raid-carbon\/#breadcrumb\"},\"inLanguage\":\"pl-PL\",\"potentialAction\":[{\"@type\":\"ReadAction\",\"target\":[\"https:\/\/cybul.eu\/pl\/sklep\/kask-stilo-venti-wrx-raid-carbon\/\"]}]},{\"@type\":\"ImageObject\",\"inLanguage\":\"pl-PL\",\"@id\":\"https:\/\/cybul.eu\/pl\/sklep\/kask-stilo-venti-wrx-raid-carbon\/#primaryimage\",\"url\":\"https:\/\/cybul.eu\/wp-content\/uploads\/2024\/06\/pol_pl_Kask-Stilo-Venti-WRX-Raid-Carbon-202642_1.jpg\",\"contentUrl\":\"https:\/\/cybul.eu\/wp-content\/uploads\/2024\/06\/pol_pl_Kask-Stilo-Venti-WRX-Raid-Carbon-202642_1.jpg\",\"width\":900,\"height\":900},{\"@type\":\"BreadcrumbList\",\"@id\":\"https:\/\/cybul.eu\/pl\/sklep\/kask-stilo-venti-wrx-raid-carbon\/#breadcrumb\",\"itemListElement\":[{\"@type\":\"ListItem\",\"position\":1,\"name\":\"Strona g\u0142\u00f3wna\",\"item\":\"https:\/\/cybul.eu\/pl\/\"},{\"@type\":\"ListItem\",\"position\":2,\"name\":\"Sklep\",\"item\":\"https:\/\/cybul.eu\/pl\/sklep\/\"},{\"@type\":\"ListItem\",\"position\":3,\"name\":\"KASK STILO VENTI WRX RAID CARBON\"}]},{\"@type\":\"WebSite\",\"@id\":\"https:\/\/cybul.eu\/pl\/#website\",\"url\":\"https:\/\/cybul.eu\/pl\/\",\"name\":\"CYBUL\",\"description\":\"\",\"potentialAction\":[{\"@type\":\"SearchAction\",\"target\":{\"@type\":\"EntryPoint\",\"urlTemplate\":\"https:\/\/cybul.eu\/pl\/?s={search_term_string}\"},\"query-input\":{\"@type\":\"PropertyValueSpecification\",\"valueRequired\":true,\"valueName\":\"search_term_string\"}}],\"inLanguage\":\"pl-PL\"}]}<\/script>\n<!-- \/ Yoast SEO plugin. -->","yoast_head_json":{"title":"KASK STILO VENTI WRX RAID CARBON - CYBUL","robots":{"index":"index","follow":"follow","max-snippet":"max-snippet:-1","max-image-preview":"max-image-preview:large","max-video-preview":"max-video-preview:-1"},"canonical":"https:\/\/cybul.eu\/pl\/sklep\/kask-stilo-venti-wrx-raid-carbon\/","og_locale":"pl_PL","og_type":"article","og_title":"KASK STILO VENTI WRX RAID CARBON - CYBUL","og_description":"Kask Stilo Venti WRX Raid&nbsp;CarbonHomologacja:&nbsp;FIA 8859-2015 \/ Snell SA2020Kask carbonowy Venti WRX Raid zosta\u0142 opracowany przez Stilo, aby sprosta\u0107 ekstremalnym wymaganiom wy\u015bcig\u00f3w terenowych. Lekka i bardzo mocna skorupa z w\u0142\u00f3kna w\u0119glowego ma du\u017cy otw\u00f3r wizjera zapewniaj\u0105cy lepsze pole widzenia, a zintegrowany zestaw s\u0142uchawkowy z interkomem zapo\u017cyczony z kasku rajdowego Venti WRC zapewnia optymaln\u0105 klarowno\u015b\u0107 komunikacji zar\u00f3wno w formacie przewodowym, jak i bezprzewodowym.-&nbsp;Opracowany do wy\u015bcig\u00f3w terenowych, ale nadaje si\u0119 do wielu dyscyplin sport\u00f3w motorowych-&nbsp;Szeroki otw\u00f3r wizjera (o 34% wi\u0119kszy ni\u017c w Stilo ST5) zapewnia doskona\u0142e pole widzenia-&nbsp;Regulowany daszek przeciws\u0142oneczny z w\u0142\u00f3kna w\u0119glowego redukuj\u0105cy odblaski w jasne dni, zapewniaj\u0105cy lepsz\u0105 widoczno\u015b\u0107 i mniejsze zm\u0119czenie oczu-&nbsp;Wbudowany zestaw s\u0142uchawkowy z interkomem zapewnia wyj\u0105tkowy poziom przejrzysto\u015bci komunikacji, z kt\u00f3rej s\u0142ynie Stilo-&nbsp;Nauszniki t\u0142umi\u0105ce ha\u0142as blokuj\u0105 niepo\u017c\u0105dane d\u017awi\u0119ki, dzi\u0119ki czemu mo\u017cesz skupi\u0107 si\u0119 na komunikacji interkomowej-&nbsp;Regulowany mikrofon z redukcj\u0105 szum\u00f3w zapewnia optymaln\u0105 odleg\u0142o\u015b\u0107 od ust, zapewniaj\u0105c najlepsz\u0105 komunikacj\u0119-&nbsp;Kompatybilny z przewodowymi lub bezprzewodowymi centralkami interkom\u00f3w serii Stilo WRC lub DGWaga:- oko\u0142o 1250g - rozmiary XS, S, M- oko\u0142o 1370g - rozmiary L, XL- oko\u0142o 1480g - rozmiary 2XL, 3XL","og_url":"https:\/\/cybul.eu\/pl\/sklep\/kask-stilo-venti-wrx-raid-carbon\/","og_site_name":"CYBUL","article_modified_time":"2024-06-28T16:33:10+00:00","og_image":[{"width":900,"height":900,"url":"https:\/\/cybul.eu\/wp-content\/uploads\/2024\/06\/pol_pl_Kask-Stilo-Venti-WRX-Raid-Carbon-202642_1.jpg","type":"image\/jpeg"}],"twitter_card":"summary_large_image","twitter_misc":{"Szacowany czas czytania":"1 minuta"},"schema":{"@context":"https:\/\/schema.org","@graph":[{"@type":"WebPage","@id":"https:\/\/cybul.eu\/pl\/sklep\/kask-stilo-venti-wrx-raid-carbon\/","url":"https:\/\/cybul.eu\/pl\/sklep\/kask-stilo-venti-wrx-raid-carbon\/","name":"KASK STILO VENTI WRX RAID CARBON - CYBUL","isPartOf":{"@id":"https:\/\/cybul.eu\/pl\/#website"},"primaryImageOfPage":{"@id":"https:\/\/cybul.eu\/pl\/sklep\/kask-stilo-venti-wrx-raid-carbon\/#primaryimage"},"image":{"@id":"https:\/\/cybul.eu\/pl\/sklep\/kask-stilo-venti-wrx-raid-carbon\/#primaryimage"},"thumbnailUrl":"https:\/\/cybul.eu\/wp-content\/uploads\/2024\/06\/pol_pl_Kask-Stilo-Venti-WRX-Raid-Carbon-202642_1.jpg","datePublished":"2024-06-28T16:32:48+00:00","dateModified":"2024-06-28T16:33:10+00:00","breadcrumb":{"@id":"https:\/\/cybul.eu\/pl\/sklep\/kask-stilo-venti-wrx-raid-carbon\/#breadcrumb"},"inLanguage":"pl-PL","potentialAction":[{"@type":"ReadAction","target":["https:\/\/cybul.eu\/pl\/sklep\/kask-stilo-venti-wrx-raid-carbon\/"]}]},{"@type":"ImageObject","inLanguage":"pl-PL","@id":"https:\/\/cybul.eu\/pl\/sklep\/kask-stilo-venti-wrx-raid-carbon\/#primaryimage","url":"https:\/\/cybul.eu\/wp-content\/uploads\/2024\/06\/pol_pl_Kask-Stilo-Venti-WRX-Raid-Carbon-202642_1.jpg","contentUrl":"https:\/\/cybul.eu\/wp-content\/uploads\/2024\/06\/pol_pl_Kask-Stilo-Venti-WRX-Raid-Carbon-202642_1.jpg","width":900,"height":900},{"@type":"BreadcrumbList","@id":"https:\/\/cybul.eu\/pl\/sklep\/kask-stilo-venti-wrx-raid-carbon\/#breadcrumb","itemListElement":[{"@type":"ListItem","position":1,"name":"Strona g\u0142\u00f3wna","item":"https:\/\/cybul.eu\/pl\/"},{"@type":"ListItem","position":2,"name":"Sklep","item":"https:\/\/cybul.eu\/pl\/sklep\/"},{"@type":"ListItem","position":3,"name":"KASK STILO VENTI WRX RAID CARBON"}]},{"@type":"WebSite","@id":"https:\/\/cybul.eu\/pl\/#website","url":"https:\/\/cybul.eu\/pl\/","name":"CYBUL","description":"","potentialAction":[{"@type":"SearchAction","target":{"@type":"EntryPoint","urlTemplate":"https:\/\/cybul.eu\/pl\/?s={search_term_string}"},"query-input":{"@type":"PropertyValueSpecification","valueRequired":true,"valueName":"search_term_string"}}],"inLanguage":"pl-PL"}]}},"_links":{"self":[{"href":"https:\/\/cybul.eu\/pl\/wp-json\/wp\/v2\/product\/22055","targetHints":{"allow":["GET"]}}],"collection":[{"href":"https:\/\/cybul.eu\/pl\/wp-json\/wp\/v2\/product"}],"about":[{"href":"https:\/\/cybul.eu\/pl\/wp-json\/wp\/v2\/types\/product"}],"replies":[{"embeddable":true,"href":"https:\/\/cybul.eu\/pl\/wp-json\/wp\/v2\/comments?post=22055"}],"wp:featuredmedia":[{"embeddable":true,"href":"https:\/\/cybul.eu\/pl\/wp-json\/wp\/v2\/media\/21807"}],"wp:attachment":[{"href":"https:\/\/cybul.eu\/pl\/wp-json\/wp\/v2\/media?parent=22055"}],"wp:term":[{"taxonomy":"product_cat","embeddable":true,"href":"https:\/\/cybul.eu\/pl\/wp-json\/wp\/v2\/product_cat?post=22055"},{"taxonomy":"product_tag","embeddable":true,"href":"https:\/\/cybul.eu\/pl\/wp-json\/wp\/v2\/product_tag?post=22055"}],"curies":[{"name":"wp","href":"https:\/\/api.w.org\/{rel}","templated":true}]}}