{"id":22049,"date":"2024-06-28T18:32:48","date_gmt":"2024-06-28T16:32:48","guid":{"rendered":"https:\/\/cybul.eu\/shop\/kask-stilo-st5-fn-carbon\/"},"modified":"2024-06-28T18:32:59","modified_gmt":"2024-06-28T16:32:59","slug":"kask-stilo-st5-fn-carbon","status":"publish","type":"product","link":"https:\/\/cybul.eu\/pl\/sklep\/kask-stilo-st5-fn-carbon\/","title":{"rendered":"KASK STILO ST5 FN CARBON"},"content":{"rendered":"<p><strong>Kask Stilo ST5 FN Carbon<\/p>\n<p><\/strong>Homologacja:<strong> FIA 8859-2015<\/strong><strong><\/p>\n<p><\/strong>Kask Stilo ST5 FN Carbon jest cz\u0119\u015bci\u0105 niezwykle popularnej serii kask\u00f3w ST5 opracowanych z my\u015bl\u0105 o zapewnieniu najlepszych osi\u0105g\u00f3w i komfortu. Ta wersja FN Carbon jest idealna do wy\u015bcig\u00f3w z otwartym kokpitem i nie jest wyposa\u017cona w \u017cadn\u0105 elektronik\u0119 ani boczne porty, co zapewnia smuklejszy i bardziej aerodynamiczny profil, a tak\u017ce zmniejsza ca\u0142kowit\u0105 wag\u0119.<\/p>\n<p>&#8211;&nbsp;Brak elektroniki i bocznych port\u00f3w, co zmniejsza wag\u0119 i sprawia, \u017ce profil jest bardziej aerodynamiczny<br \/>&#8211;&nbsp;Idealny do samochod\u00f3w z otwartym kokpitem<br \/>&#8211;&nbsp;Znakomity system wentylacji umo\u017cliwiaj\u0105cy optymalny przep\u0142yw powietrza przez kask<strong><br \/><\/strong>&#8211; Zdejmowane nauszniki zapewniaj\u0105 doskona\u0142\u0105 izolacj\u0119 od ha\u0142asu zewn\u0119trznego. Dostarczane z wymiennymi podk\u0142adkami o r\u00f3\u017cnej grubo\u015bci dla optymalnego komfortu<br \/>&#8211;<strong> Jest kompatybilny z systemem HANS<\/p>\n<p><\/strong>Waga: oko\u0142o 1400g (w zale\u017cno\u015bci od rozmiaru).<\/p>\n","protected":false},"excerpt":{"rendered":"<p><strong>Kask Stilo ST5 FN Carbon<\/p>\n<p><\/strong>Homologacja:<strong> FIA 8859-2015<\/strong><strong><\/p>\n<p><\/strong>Kask Stilo ST5 FN Carbon jest cz\u0119\u015bci\u0105 niezwykle popularnej serii kask\u00f3w ST5 opracowanych z my\u015bl\u0105 o zapewnieniu najlepszych osi\u0105g\u00f3w i komfortu. Ta wersja FN Carbon jest idealna do wy\u015bcig\u00f3w z otwartym kokpitem i nie jest wyposa\u017cona w \u017cadn\u0105 elektronik\u0119 ani boczne porty, co zapewnia smuklejszy i bardziej aerodynamiczny profil, a tak\u017ce zmniejsza ca\u0142kowit\u0105 wag\u0119.<\/p>\n<p>&#8211;&nbsp;Brak elektroniki i bocznych port\u00f3w, co zmniejsza wag\u0119 i sprawia, \u017ce profil jest bardziej aerodynamiczny<br \/>&#8211;&nbsp;Idealny do samochod\u00f3w z otwartym kokpitem<br \/>&#8211;&nbsp;Znakomity system wentylacji umo\u017cliwiaj\u0105cy optymalny przep\u0142yw powietrza przez kask<strong><br \/><\/strong>&#8211; Zdejmowane nauszniki zapewniaj\u0105 doskona\u0142\u0105 izolacj\u0119 od ha\u0142asu zewn\u0119trznego. Dostarczane z wymiennymi podk\u0142adkami o r\u00f3\u017cnej grubo\u015bci dla optymalnego komfortu<br \/>&#8211;<strong> Jest kompatybilny z systemem HANS<\/p>\n<p><\/strong>Waga: oko\u0142o 1400g (w zale\u017cno\u015bci od rozmiaru).<\/p>\n","protected":false},"featured_media":21753,"comment_status":"closed","ping_status":"open","template":"","meta":[],"product_cat":[609,560],"product_tag":[],"class_list":{"0":"post-22049","1":"product","2":"type-product","3":"status-publish","4":"has-post-thumbnail","6":"product_cat-kaski-zamkniete","7":"product_cat-odziez-rajdowa-fia","9":"first","10":"instock","11":"taxable","12":"shipping-taxable","13":"purchasable","14":"product-type-simple"},"bundled_by":[],"bundle_stock_status":"instock","bundle_stock_quantity":null,"bundle_virtual":false,"bundle_layout":"","bundle_add_to_cart_form_location":"","bundle_editable_in_cart":false,"bundle_sold_individually_context":"","bundle_item_grouping":"","bundle_min_size":"","bundle_max_size":"","bundle_price":[],"bundled_items":[],"bundle_sell_ids":[],"acf":{"zdjecie_bez_watermarka":null,"zdjecie_bez_watermarka_url":"","product_orgin_url":"https:\/\/inter-rally.pl\/product-eng-74348-Kask-Stilo-ST5-FN-Carbon.html"},"yoast_head":"<!-- This site is optimized with the Yoast SEO plugin v23.9 - https:\/\/yoast.com\/wordpress\/plugins\/seo\/ -->\n<title>KASK STILO ST5 FN CARBON - CYBUL<\/title>\n<meta name=\"robots\" content=\"index, follow, max-snippet:-1, max-image-preview:large, max-video-preview:-1\" \/>\n<link rel=\"canonical\" href=\"https:\/\/cybul.eu\/pl\/sklep\/kask-stilo-st5-fn-carbon\/\" \/>\n<meta property=\"og:locale\" content=\"pl_PL\" \/>\n<meta property=\"og:type\" content=\"article\" \/>\n<meta property=\"og:title\" content=\"KASK STILO ST5 FN CARBON - CYBUL\" \/>\n<meta property=\"og:description\" content=\"Kask Stilo ST5 FN CarbonHomologacja: FIA 8859-2015Kask Stilo ST5 FN Carbon jest cz\u0119\u015bci\u0105 niezwykle popularnej serii kask\u00f3w ST5 opracowanych z my\u015bl\u0105 o zapewnieniu najlepszych osi\u0105g\u00f3w i komfortu. Ta wersja FN Carbon jest idealna do wy\u015bcig\u00f3w z otwartym kokpitem i nie jest wyposa\u017cona w \u017cadn\u0105 elektronik\u0119 ani boczne porty, co zapewnia smuklejszy i bardziej aerodynamiczny profil, a tak\u017ce zmniejsza ca\u0142kowit\u0105 wag\u0119.-&nbsp;Brak elektroniki i bocznych port\u00f3w, co zmniejsza wag\u0119 i sprawia, \u017ce profil jest bardziej aerodynamiczny-&nbsp;Idealny do samochod\u00f3w z otwartym kokpitem-&nbsp;Znakomity system wentylacji umo\u017cliwiaj\u0105cy optymalny przep\u0142yw powietrza przez kask- Zdejmowane nauszniki zapewniaj\u0105 doskona\u0142\u0105 izolacj\u0119 od ha\u0142asu zewn\u0119trznego. Dostarczane z wymiennymi podk\u0142adkami o r\u00f3\u017cnej grubo\u015bci dla optymalnego komfortu- Jest kompatybilny z systemem HANSWaga: oko\u0142o 1400g (w zale\u017cno\u015bci od rozmiaru).\" \/>\n<meta property=\"og:url\" content=\"https:\/\/cybul.eu\/pl\/sklep\/kask-stilo-st5-fn-carbon\/\" \/>\n<meta property=\"og:site_name\" content=\"CYBUL\" \/>\n<meta property=\"article:modified_time\" content=\"2024-06-28T16:32:59+00:00\" \/>\n<meta property=\"og:image\" content=\"https:\/\/cybul.eu\/wp-content\/uploads\/2024\/06\/pol_pl_Kask-Stilo-ST5-FN-Carbon-74348_1.jpg\" \/>\n\t<meta property=\"og:image:width\" content=\"900\" \/>\n\t<meta property=\"og:image:height\" content=\"900\" \/>\n\t<meta property=\"og:image:type\" content=\"image\/jpeg\" \/>\n<meta name=\"twitter:card\" content=\"summary_large_image\" \/>\n<meta name=\"twitter:label1\" content=\"Szacowany czas czytania\" \/>\n\t<meta name=\"twitter:data1\" content=\"1 minuta\" \/>\n<script type=\"application\/ld+json\" class=\"yoast-schema-graph\">{\"@context\":\"https:\/\/schema.org\",\"@graph\":[{\"@type\":\"WebPage\",\"@id\":\"https:\/\/cybul.eu\/pl\/sklep\/kask-stilo-st5-fn-carbon\/\",\"url\":\"https:\/\/cybul.eu\/pl\/sklep\/kask-stilo-st5-fn-carbon\/\",\"name\":\"KASK STILO ST5 FN CARBON - CYBUL\",\"isPartOf\":{\"@id\":\"https:\/\/cybul.eu\/pl\/#website\"},\"primaryImageOfPage\":{\"@id\":\"https:\/\/cybul.eu\/pl\/sklep\/kask-stilo-st5-fn-carbon\/#primaryimage\"},\"image\":{\"@id\":\"https:\/\/cybul.eu\/pl\/sklep\/kask-stilo-st5-fn-carbon\/#primaryimage\"},\"thumbnailUrl\":\"https:\/\/cybul.eu\/wp-content\/uploads\/2024\/06\/pol_pl_Kask-Stilo-ST5-FN-Carbon-74348_1.jpg\",\"datePublished\":\"2024-06-28T16:32:48+00:00\",\"dateModified\":\"2024-06-28T16:32:59+00:00\",\"breadcrumb\":{\"@id\":\"https:\/\/cybul.eu\/pl\/sklep\/kask-stilo-st5-fn-carbon\/#breadcrumb\"},\"inLanguage\":\"pl-PL\",\"potentialAction\":[{\"@type\":\"ReadAction\",\"target\":[\"https:\/\/cybul.eu\/pl\/sklep\/kask-stilo-st5-fn-carbon\/\"]}]},{\"@type\":\"ImageObject\",\"inLanguage\":\"pl-PL\",\"@id\":\"https:\/\/cybul.eu\/pl\/sklep\/kask-stilo-st5-fn-carbon\/#primaryimage\",\"url\":\"https:\/\/cybul.eu\/wp-content\/uploads\/2024\/06\/pol_pl_Kask-Stilo-ST5-FN-Carbon-74348_1.jpg\",\"contentUrl\":\"https:\/\/cybul.eu\/wp-content\/uploads\/2024\/06\/pol_pl_Kask-Stilo-ST5-FN-Carbon-74348_1.jpg\",\"width\":900,\"height\":900},{\"@type\":\"BreadcrumbList\",\"@id\":\"https:\/\/cybul.eu\/pl\/sklep\/kask-stilo-st5-fn-carbon\/#breadcrumb\",\"itemListElement\":[{\"@type\":\"ListItem\",\"position\":1,\"name\":\"Strona g\u0142\u00f3wna\",\"item\":\"https:\/\/cybul.eu\/pl\/\"},{\"@type\":\"ListItem\",\"position\":2,\"name\":\"Sklep\",\"item\":\"https:\/\/cybul.eu\/pl\/sklep\/\"},{\"@type\":\"ListItem\",\"position\":3,\"name\":\"KASK STILO ST5 FN CARBON\"}]},{\"@type\":\"WebSite\",\"@id\":\"https:\/\/cybul.eu\/pl\/#website\",\"url\":\"https:\/\/cybul.eu\/pl\/\",\"name\":\"CYBUL\",\"description\":\"\",\"potentialAction\":[{\"@type\":\"SearchAction\",\"target\":{\"@type\":\"EntryPoint\",\"urlTemplate\":\"https:\/\/cybul.eu\/pl\/?s={search_term_string}\"},\"query-input\":{\"@type\":\"PropertyValueSpecification\",\"valueRequired\":true,\"valueName\":\"search_term_string\"}}],\"inLanguage\":\"pl-PL\"}]}<\/script>\n<!-- \/ Yoast SEO plugin. -->","yoast_head_json":{"title":"KASK STILO ST5 FN CARBON - CYBUL","robots":{"index":"index","follow":"follow","max-snippet":"max-snippet:-1","max-image-preview":"max-image-preview:large","max-video-preview":"max-video-preview:-1"},"canonical":"https:\/\/cybul.eu\/pl\/sklep\/kask-stilo-st5-fn-carbon\/","og_locale":"pl_PL","og_type":"article","og_title":"KASK STILO ST5 FN CARBON - CYBUL","og_description":"Kask Stilo ST5 FN CarbonHomologacja: FIA 8859-2015Kask Stilo ST5 FN Carbon jest cz\u0119\u015bci\u0105 niezwykle popularnej serii kask\u00f3w ST5 opracowanych z my\u015bl\u0105 o zapewnieniu najlepszych osi\u0105g\u00f3w i komfortu. Ta wersja FN Carbon jest idealna do wy\u015bcig\u00f3w z otwartym kokpitem i nie jest wyposa\u017cona w \u017cadn\u0105 elektronik\u0119 ani boczne porty, co zapewnia smuklejszy i bardziej aerodynamiczny profil, a tak\u017ce zmniejsza ca\u0142kowit\u0105 wag\u0119.-&nbsp;Brak elektroniki i bocznych port\u00f3w, co zmniejsza wag\u0119 i sprawia, \u017ce profil jest bardziej aerodynamiczny-&nbsp;Idealny do samochod\u00f3w z otwartym kokpitem-&nbsp;Znakomity system wentylacji umo\u017cliwiaj\u0105cy optymalny przep\u0142yw powietrza przez kask- Zdejmowane nauszniki zapewniaj\u0105 doskona\u0142\u0105 izolacj\u0119 od ha\u0142asu zewn\u0119trznego. Dostarczane z wymiennymi podk\u0142adkami o r\u00f3\u017cnej grubo\u015bci dla optymalnego komfortu- Jest kompatybilny z systemem HANSWaga: oko\u0142o 1400g (w zale\u017cno\u015bci od rozmiaru).","og_url":"https:\/\/cybul.eu\/pl\/sklep\/kask-stilo-st5-fn-carbon\/","og_site_name":"CYBUL","article_modified_time":"2024-06-28T16:32:59+00:00","og_image":[{"width":900,"height":900,"url":"https:\/\/cybul.eu\/wp-content\/uploads\/2024\/06\/pol_pl_Kask-Stilo-ST5-FN-Carbon-74348_1.jpg","type":"image\/jpeg"}],"twitter_card":"summary_large_image","twitter_misc":{"Szacowany czas czytania":"1 minuta"},"schema":{"@context":"https:\/\/schema.org","@graph":[{"@type":"WebPage","@id":"https:\/\/cybul.eu\/pl\/sklep\/kask-stilo-st5-fn-carbon\/","url":"https:\/\/cybul.eu\/pl\/sklep\/kask-stilo-st5-fn-carbon\/","name":"KASK STILO ST5 FN CARBON - CYBUL","isPartOf":{"@id":"https:\/\/cybul.eu\/pl\/#website"},"primaryImageOfPage":{"@id":"https:\/\/cybul.eu\/pl\/sklep\/kask-stilo-st5-fn-carbon\/#primaryimage"},"image":{"@id":"https:\/\/cybul.eu\/pl\/sklep\/kask-stilo-st5-fn-carbon\/#primaryimage"},"thumbnailUrl":"https:\/\/cybul.eu\/wp-content\/uploads\/2024\/06\/pol_pl_Kask-Stilo-ST5-FN-Carbon-74348_1.jpg","datePublished":"2024-06-28T16:32:48+00:00","dateModified":"2024-06-28T16:32:59+00:00","breadcrumb":{"@id":"https:\/\/cybul.eu\/pl\/sklep\/kask-stilo-st5-fn-carbon\/#breadcrumb"},"inLanguage":"pl-PL","potentialAction":[{"@type":"ReadAction","target":["https:\/\/cybul.eu\/pl\/sklep\/kask-stilo-st5-fn-carbon\/"]}]},{"@type":"ImageObject","inLanguage":"pl-PL","@id":"https:\/\/cybul.eu\/pl\/sklep\/kask-stilo-st5-fn-carbon\/#primaryimage","url":"https:\/\/cybul.eu\/wp-content\/uploads\/2024\/06\/pol_pl_Kask-Stilo-ST5-FN-Carbon-74348_1.jpg","contentUrl":"https:\/\/cybul.eu\/wp-content\/uploads\/2024\/06\/pol_pl_Kask-Stilo-ST5-FN-Carbon-74348_1.jpg","width":900,"height":900},{"@type":"BreadcrumbList","@id":"https:\/\/cybul.eu\/pl\/sklep\/kask-stilo-st5-fn-carbon\/#breadcrumb","itemListElement":[{"@type":"ListItem","position":1,"name":"Strona g\u0142\u00f3wna","item":"https:\/\/cybul.eu\/pl\/"},{"@type":"ListItem","position":2,"name":"Sklep","item":"https:\/\/cybul.eu\/pl\/sklep\/"},{"@type":"ListItem","position":3,"name":"KASK STILO ST5 FN CARBON"}]},{"@type":"WebSite","@id":"https:\/\/cybul.eu\/pl\/#website","url":"https:\/\/cybul.eu\/pl\/","name":"CYBUL","description":"","potentialAction":[{"@type":"SearchAction","target":{"@type":"EntryPoint","urlTemplate":"https:\/\/cybul.eu\/pl\/?s={search_term_string}"},"query-input":{"@type":"PropertyValueSpecification","valueRequired":true,"valueName":"search_term_string"}}],"inLanguage":"pl-PL"}]}},"_links":{"self":[{"href":"https:\/\/cybul.eu\/pl\/wp-json\/wp\/v2\/product\/22049","targetHints":{"allow":["GET"]}}],"collection":[{"href":"https:\/\/cybul.eu\/pl\/wp-json\/wp\/v2\/product"}],"about":[{"href":"https:\/\/cybul.eu\/pl\/wp-json\/wp\/v2\/types\/product"}],"replies":[{"embeddable":true,"href":"https:\/\/cybul.eu\/pl\/wp-json\/wp\/v2\/comments?post=22049"}],"wp:featuredmedia":[{"embeddable":true,"href":"https:\/\/cybul.eu\/pl\/wp-json\/wp\/v2\/media\/21753"}],"wp:attachment":[{"href":"https:\/\/cybul.eu\/pl\/wp-json\/wp\/v2\/media?parent=22049"}],"wp:term":[{"taxonomy":"product_cat","embeddable":true,"href":"https:\/\/cybul.eu\/pl\/wp-json\/wp\/v2\/product_cat?post=22049"},{"taxonomy":"product_tag","embeddable":true,"href":"https:\/\/cybul.eu\/pl\/wp-json\/wp\/v2\/product_tag?post=22049"}],"curies":[{"name":"wp","href":"https:\/\/api.w.org\/{rel}","templated":true}]}}