{"id":22046,"date":"2024-06-28T18:32:48","date_gmt":"2024-06-28T16:32:48","guid":{"rendered":"https:\/\/cybul.eu\/shop\/kask-bell-gtx3-carbon\/"},"modified":"2024-06-28T18:32:55","modified_gmt":"2024-06-28T16:32:55","slug":"kask-bell-gtx3-carbon","status":"publish","type":"product","link":"https:\/\/cybul.eu\/pl\/sklep\/kask-bell-gtx3-carbon\/","title":{"rendered":"KASK BELL GTX3 CARBON"},"content":{"rendered":"<p><strong>Kask&nbsp;Bell GTX3 Carbon<\/strong><\/p>\n<p>Homologacja:&nbsp;<strong>FIA 8859-2015<\/strong>&nbsp;\/&nbsp;<strong>Snell&nbsp;2015<br \/><\/strong><br \/>Profesjonalny zamkni\u0119ty kask&nbsp;firmy Bell.<br \/>Kask posiada bardzo lekk\u0105 i niesamowicie wytrzyma\u0142\u0105 skorup\u0119 wykonan\u0105 z carbonu oraz dwuwarstwowy wizjer przeciwmgielny, zapewniaj\u0105cy doskona\u0142\u0105 widoczno\u015b\u0107.<br \/>Splitter na brodzie oraz zintegrowany, carbonowy spojler poprawiaj\u0105 aerodynamik\u0119 kasku. Posiada 6 otwor\u00f3w wentylacyjnych na &#8222;brodzie&#8221;.<br \/>Posiada fabrycznie zamontowane klipsy HANS.<\/p>\n","protected":false},"excerpt":{"rendered":"<p><strong>Kask&nbsp;Bell GTX3 Carbon<\/strong><\/p>\n<p>Homologacja:&nbsp;<strong>FIA 8859-2015<\/strong>&nbsp;\/&nbsp;<strong>Snell&nbsp;2015<br \/><\/strong><br \/>Profesjonalny zamkni\u0119ty kask&nbsp;firmy Bell.<br \/>Kask posiada bardzo lekk\u0105 i niesamowicie wytrzyma\u0142\u0105 skorup\u0119 wykonan\u0105 z carbonu oraz dwuwarstwowy wizjer przeciwmgielny, zapewniaj\u0105cy doskona\u0142\u0105 widoczno\u015b\u0107.<br \/>Splitter na brodzie oraz zintegrowany, carbonowy spojler poprawiaj\u0105 aerodynamik\u0119 kasku. Posiada 6 otwor\u00f3w wentylacyjnych na &#8222;brodzie&#8221;.<br \/>Posiada fabrycznie zamontowane klipsy HANS.<\/p>\n","protected":false},"featured_media":21730,"comment_status":"closed","ping_status":"open","template":"","meta":[],"product_cat":[609,560],"product_tag":[],"class_list":{"0":"post-22046","1":"product","2":"type-product","3":"status-publish","4":"has-post-thumbnail","6":"product_cat-kaski-zamkniete","7":"product_cat-odziez-rajdowa-fia","9":"first","10":"instock","11":"taxable","12":"shipping-taxable","13":"purchasable","14":"product-type-simple"},"bundled_by":[],"bundle_stock_status":"instock","bundle_stock_quantity":null,"bundle_virtual":false,"bundle_layout":"","bundle_add_to_cart_form_location":"","bundle_editable_in_cart":false,"bundle_sold_individually_context":"","bundle_item_grouping":"","bundle_min_size":"","bundle_max_size":"","bundle_price":[],"bundled_items":[],"bundle_sell_ids":[],"acf":{"zdjecie_bez_watermarka":null,"zdjecie_bez_watermarka_url":"","product_orgin_url":"https:\/\/inter-rally.pl\/product-eng-85460-Kask-Bell-GTX3-Carbon.html"},"yoast_head":"<!-- This site is optimized with the Yoast SEO plugin v23.9 - https:\/\/yoast.com\/wordpress\/plugins\/seo\/ -->\n<title>KASK BELL GTX3 CARBON - CYBUL<\/title>\n<meta name=\"robots\" content=\"index, follow, max-snippet:-1, max-image-preview:large, max-video-preview:-1\" \/>\n<link rel=\"canonical\" href=\"https:\/\/cybul.eu\/pl\/sklep\/kask-bell-gtx3-carbon\/\" \/>\n<meta property=\"og:locale\" content=\"pl_PL\" \/>\n<meta property=\"og:type\" content=\"article\" \/>\n<meta property=\"og:title\" content=\"KASK BELL GTX3 CARBON - CYBUL\" \/>\n<meta property=\"og:description\" content=\"Kask&nbsp;Bell GTX3 CarbonHomologacja:&nbsp;FIA 8859-2015&nbsp;\/&nbsp;Snell&nbsp;2015Profesjonalny zamkni\u0119ty kask&nbsp;firmy Bell.Kask posiada bardzo lekk\u0105 i niesamowicie wytrzyma\u0142\u0105 skorup\u0119 wykonan\u0105 z carbonu oraz dwuwarstwowy wizjer przeciwmgielny, zapewniaj\u0105cy doskona\u0142\u0105 widoczno\u015b\u0107.Splitter na brodzie oraz zintegrowany, carbonowy spojler poprawiaj\u0105 aerodynamik\u0119 kasku. Posiada 6 otwor\u00f3w wentylacyjnych na &quot;brodzie&quot;.Posiada fabrycznie zamontowane klipsy HANS.\" \/>\n<meta property=\"og:url\" content=\"https:\/\/cybul.eu\/pl\/sklep\/kask-bell-gtx3-carbon\/\" \/>\n<meta property=\"og:site_name\" content=\"CYBUL\" \/>\n<meta property=\"article:modified_time\" content=\"2024-06-28T16:32:55+00:00\" \/>\n<meta property=\"og:image\" content=\"https:\/\/cybul.eu\/wp-content\/uploads\/2024\/06\/pol_pl_Kask-Bell-GTX3-Carbon-85460_1.jpg\" \/>\n\t<meta property=\"og:image:width\" content=\"900\" \/>\n\t<meta property=\"og:image:height\" content=\"900\" \/>\n\t<meta property=\"og:image:type\" content=\"image\/jpeg\" \/>\n<meta name=\"twitter:card\" content=\"summary_large_image\" \/>\n<script type=\"application\/ld+json\" class=\"yoast-schema-graph\">{\"@context\":\"https:\/\/schema.org\",\"@graph\":[{\"@type\":\"WebPage\",\"@id\":\"https:\/\/cybul.eu\/pl\/sklep\/kask-bell-gtx3-carbon\/\",\"url\":\"https:\/\/cybul.eu\/pl\/sklep\/kask-bell-gtx3-carbon\/\",\"name\":\"KASK BELL GTX3 CARBON - CYBUL\",\"isPartOf\":{\"@id\":\"https:\/\/cybul.eu\/pl\/#website\"},\"primaryImageOfPage\":{\"@id\":\"https:\/\/cybul.eu\/pl\/sklep\/kask-bell-gtx3-carbon\/#primaryimage\"},\"image\":{\"@id\":\"https:\/\/cybul.eu\/pl\/sklep\/kask-bell-gtx3-carbon\/#primaryimage\"},\"thumbnailUrl\":\"https:\/\/cybul.eu\/wp-content\/uploads\/2024\/06\/pol_pl_Kask-Bell-GTX3-Carbon-85460_1.jpg\",\"datePublished\":\"2024-06-28T16:32:48+00:00\",\"dateModified\":\"2024-06-28T16:32:55+00:00\",\"breadcrumb\":{\"@id\":\"https:\/\/cybul.eu\/pl\/sklep\/kask-bell-gtx3-carbon\/#breadcrumb\"},\"inLanguage\":\"pl-PL\",\"potentialAction\":[{\"@type\":\"ReadAction\",\"target\":[\"https:\/\/cybul.eu\/pl\/sklep\/kask-bell-gtx3-carbon\/\"]}]},{\"@type\":\"ImageObject\",\"inLanguage\":\"pl-PL\",\"@id\":\"https:\/\/cybul.eu\/pl\/sklep\/kask-bell-gtx3-carbon\/#primaryimage\",\"url\":\"https:\/\/cybul.eu\/wp-content\/uploads\/2024\/06\/pol_pl_Kask-Bell-GTX3-Carbon-85460_1.jpg\",\"contentUrl\":\"https:\/\/cybul.eu\/wp-content\/uploads\/2024\/06\/pol_pl_Kask-Bell-GTX3-Carbon-85460_1.jpg\",\"width\":900,\"height\":900},{\"@type\":\"BreadcrumbList\",\"@id\":\"https:\/\/cybul.eu\/pl\/sklep\/kask-bell-gtx3-carbon\/#breadcrumb\",\"itemListElement\":[{\"@type\":\"ListItem\",\"position\":1,\"name\":\"Strona g\u0142\u00f3wna\",\"item\":\"https:\/\/cybul.eu\/pl\/\"},{\"@type\":\"ListItem\",\"position\":2,\"name\":\"Sklep\",\"item\":\"https:\/\/cybul.eu\/pl\/sklep\/\"},{\"@type\":\"ListItem\",\"position\":3,\"name\":\"KASK BELL GTX3 CARBON\"}]},{\"@type\":\"WebSite\",\"@id\":\"https:\/\/cybul.eu\/pl\/#website\",\"url\":\"https:\/\/cybul.eu\/pl\/\",\"name\":\"CYBUL\",\"description\":\"\",\"potentialAction\":[{\"@type\":\"SearchAction\",\"target\":{\"@type\":\"EntryPoint\",\"urlTemplate\":\"https:\/\/cybul.eu\/pl\/?s={search_term_string}\"},\"query-input\":{\"@type\":\"PropertyValueSpecification\",\"valueRequired\":true,\"valueName\":\"search_term_string\"}}],\"inLanguage\":\"pl-PL\"}]}<\/script>\n<!-- \/ Yoast SEO plugin. -->","yoast_head_json":{"title":"KASK BELL GTX3 CARBON - CYBUL","robots":{"index":"index","follow":"follow","max-snippet":"max-snippet:-1","max-image-preview":"max-image-preview:large","max-video-preview":"max-video-preview:-1"},"canonical":"https:\/\/cybul.eu\/pl\/sklep\/kask-bell-gtx3-carbon\/","og_locale":"pl_PL","og_type":"article","og_title":"KASK BELL GTX3 CARBON - CYBUL","og_description":"Kask&nbsp;Bell GTX3 CarbonHomologacja:&nbsp;FIA 8859-2015&nbsp;\/&nbsp;Snell&nbsp;2015Profesjonalny zamkni\u0119ty kask&nbsp;firmy Bell.Kask posiada bardzo lekk\u0105 i niesamowicie wytrzyma\u0142\u0105 skorup\u0119 wykonan\u0105 z carbonu oraz dwuwarstwowy wizjer przeciwmgielny, zapewniaj\u0105cy doskona\u0142\u0105 widoczno\u015b\u0107.Splitter na brodzie oraz zintegrowany, carbonowy spojler poprawiaj\u0105 aerodynamik\u0119 kasku. Posiada 6 otwor\u00f3w wentylacyjnych na \"brodzie\".Posiada fabrycznie zamontowane klipsy HANS.","og_url":"https:\/\/cybul.eu\/pl\/sklep\/kask-bell-gtx3-carbon\/","og_site_name":"CYBUL","article_modified_time":"2024-06-28T16:32:55+00:00","og_image":[{"width":900,"height":900,"url":"https:\/\/cybul.eu\/wp-content\/uploads\/2024\/06\/pol_pl_Kask-Bell-GTX3-Carbon-85460_1.jpg","type":"image\/jpeg"}],"twitter_card":"summary_large_image","schema":{"@context":"https:\/\/schema.org","@graph":[{"@type":"WebPage","@id":"https:\/\/cybul.eu\/pl\/sklep\/kask-bell-gtx3-carbon\/","url":"https:\/\/cybul.eu\/pl\/sklep\/kask-bell-gtx3-carbon\/","name":"KASK BELL GTX3 CARBON - CYBUL","isPartOf":{"@id":"https:\/\/cybul.eu\/pl\/#website"},"primaryImageOfPage":{"@id":"https:\/\/cybul.eu\/pl\/sklep\/kask-bell-gtx3-carbon\/#primaryimage"},"image":{"@id":"https:\/\/cybul.eu\/pl\/sklep\/kask-bell-gtx3-carbon\/#primaryimage"},"thumbnailUrl":"https:\/\/cybul.eu\/wp-content\/uploads\/2024\/06\/pol_pl_Kask-Bell-GTX3-Carbon-85460_1.jpg","datePublished":"2024-06-28T16:32:48+00:00","dateModified":"2024-06-28T16:32:55+00:00","breadcrumb":{"@id":"https:\/\/cybul.eu\/pl\/sklep\/kask-bell-gtx3-carbon\/#breadcrumb"},"inLanguage":"pl-PL","potentialAction":[{"@type":"ReadAction","target":["https:\/\/cybul.eu\/pl\/sklep\/kask-bell-gtx3-carbon\/"]}]},{"@type":"ImageObject","inLanguage":"pl-PL","@id":"https:\/\/cybul.eu\/pl\/sklep\/kask-bell-gtx3-carbon\/#primaryimage","url":"https:\/\/cybul.eu\/wp-content\/uploads\/2024\/06\/pol_pl_Kask-Bell-GTX3-Carbon-85460_1.jpg","contentUrl":"https:\/\/cybul.eu\/wp-content\/uploads\/2024\/06\/pol_pl_Kask-Bell-GTX3-Carbon-85460_1.jpg","width":900,"height":900},{"@type":"BreadcrumbList","@id":"https:\/\/cybul.eu\/pl\/sklep\/kask-bell-gtx3-carbon\/#breadcrumb","itemListElement":[{"@type":"ListItem","position":1,"name":"Strona g\u0142\u00f3wna","item":"https:\/\/cybul.eu\/pl\/"},{"@type":"ListItem","position":2,"name":"Sklep","item":"https:\/\/cybul.eu\/pl\/sklep\/"},{"@type":"ListItem","position":3,"name":"KASK BELL GTX3 CARBON"}]},{"@type":"WebSite","@id":"https:\/\/cybul.eu\/pl\/#website","url":"https:\/\/cybul.eu\/pl\/","name":"CYBUL","description":"","potentialAction":[{"@type":"SearchAction","target":{"@type":"EntryPoint","urlTemplate":"https:\/\/cybul.eu\/pl\/?s={search_term_string}"},"query-input":{"@type":"PropertyValueSpecification","valueRequired":true,"valueName":"search_term_string"}}],"inLanguage":"pl-PL"}]}},"_links":{"self":[{"href":"https:\/\/cybul.eu\/pl\/wp-json\/wp\/v2\/product\/22046","targetHints":{"allow":["GET"]}}],"collection":[{"href":"https:\/\/cybul.eu\/pl\/wp-json\/wp\/v2\/product"}],"about":[{"href":"https:\/\/cybul.eu\/pl\/wp-json\/wp\/v2\/types\/product"}],"replies":[{"embeddable":true,"href":"https:\/\/cybul.eu\/pl\/wp-json\/wp\/v2\/comments?post=22046"}],"wp:featuredmedia":[{"embeddable":true,"href":"https:\/\/cybul.eu\/pl\/wp-json\/wp\/v2\/media\/21730"}],"wp:attachment":[{"href":"https:\/\/cybul.eu\/pl\/wp-json\/wp\/v2\/media?parent=22046"}],"wp:term":[{"taxonomy":"product_cat","embeddable":true,"href":"https:\/\/cybul.eu\/pl\/wp-json\/wp\/v2\/product_cat?post=22046"},{"taxonomy":"product_tag","embeddable":true,"href":"https:\/\/cybul.eu\/pl\/wp-json\/wp\/v2\/product_tag?post=22046"}],"curies":[{"name":"wp","href":"https:\/\/api.w.org\/{rel}","templated":true}]}}