{"id":22034,"date":"2024-06-28T18:32:08","date_gmt":"2024-06-28T16:32:08","guid":{"rendered":"https:\/\/cybul.eu\/shop\/kask-stilo-st5-r-composite-rally\/"},"modified":"2024-06-28T18:32:22","modified_gmt":"2024-06-28T16:32:22","slug":"kask-stilo-st5-r-composite-rally","status":"publish","type":"product","link":"https:\/\/cybul.eu\/pl\/sklep\/kask-stilo-st5-r-composite-rally\/","title":{"rendered":"KASK STILO ST5 R COMPOSITE RALLY"},"content":{"rendered":"<p><strong>Kask Stilo ST5 R Composite Rally<\/p>\n<p><\/strong>Homologacja:<strong> FIA 8859-2015<\/strong><strong><\/p>\n<p><\/strong>Zapewnia maksymalne bezpiecze\u0144stwo oraz wysoki komfort. Skorupa zosta\u0142a&nbsp;wykonana z kevlaru.&nbsp;Posiada ulepszony system wentylacji.<br \/>Jest wyposa\u017cony w zintegrowany interkom WRC, kt\u00f3ry posiada: wyposa\u017cone w g\u0142o\u015bniki nauszniki t\u0142umi\u0105ce ha\u0142as, mikrofon z redukcj\u0105 szum\u00f3w, zintegrowan\u0105 wtyczk\u0119 interkomu. Posiada <strong>klipsy HANS<\/strong>.<\/p>\n<p><strong>&#8211; Regulowany mikrofon:<\/strong>&nbsp;kask posiada wbudowany mikrofon. Mo\u017ce by\u0107 z \u0142atwo\u015bci\u0105 regulowany za pomoc\u0105&nbsp;specjalnych dystans\u00f3w do\u0142\u0105czonych do zestawu.<br \/><strong>&#8211; Wbudowana wtyczka: <\/strong>ST5R Composite&nbsp;jest wyposa\u017cony we wbudowan\u0105 wtyczk\u0119 interkomu, kt\u00f3ra jest zamontowana pod k\u0105tem, aby u\u0142atwi\u0107 pod\u0142\u0105czenie do interkomu.<br \/><strong>&#8211; Nauszniki: <\/strong>wyposa\u017cone w g\u0142o\u015bniki,&nbsp;idealnie przywieraj\u0105 do g\u0142owy zapewniaj\u0105c t\u0142umienie ha\u0142as\u00f3w. Podobnie jak mikrofon, mog\u0105 by\u0107 regulowane za pomoc\u0105 dost\u0119pnych w zestawie g\u0105bek.<br \/><strong>&#8211; Daszek:<\/strong> kask posiada regulowany daszek, kt\u00f3ry dodatkowo mo\u017ce by\u0107 doposa\u017cony w <strong>regulowany wizjer (do kupienia osobno)<\/strong>, aby jeszcze lepiej chroni\u0107 przed s\u0142o\u0144cem.<br \/><strong>&#8211; Miejsce do pod\u0142\u0105czenia systemu do picia:&nbsp;<\/strong>z lewej strony kasku wbudowane jest wej\u015bcie pozwalaj\u0105ce na zamontowanie systemu do picia. Posiada sytem quick relase do szybkiego pod\u0142\u0105czania i od\u0142\u0105czania systemu, co u\u0142atwia wsiadanie i wysiadanie z pojazdu.<br \/><strong>&#8211; Jest kompatybilny z systemem HANS.<\/p>\n<p><\/strong>Waga: oko\u0142o 1500g (w zale\u017cno\u015bci od rozmiaru).<\/p>\n<p><strong><span style=\"color: #ff0000;\">Kompatybilny z centralkami:<\/span><br \/><\/strong>&#8211; DG-30<br \/>&#8211; DG-10<br \/>&#8211; WRC 03<br \/>&#8211; WRC DES 9V<\/p>\n","protected":false},"excerpt":{"rendered":"<p><strong>Kask Stilo ST5 R Composite Rally<\/p>\n<p><\/strong>Homologacja:<strong> FIA 8859-2015<\/strong><strong><\/p>\n<p><\/strong>Zapewnia maksymalne bezpiecze\u0144stwo oraz wysoki komfort. Skorupa zosta\u0142a&nbsp;wykonana z kevlaru.&nbsp;Posiada ulepszony system wentylacji.<br \/>Jest wyposa\u017cony w zintegrowany interkom WRC, kt\u00f3ry posiada: wyposa\u017cone w g\u0142o\u015bniki nauszniki t\u0142umi\u0105ce ha\u0142as, mikrofon z redukcj\u0105 szum\u00f3w, zintegrowan\u0105 wtyczk\u0119 interkomu. Posiada <strong>klipsy HANS<\/strong>.<\/p>\n<p><strong>&#8211; Regulowany mikrofon:<\/strong>&nbsp;kask posiada wbudowany mikrofon. Mo\u017ce by\u0107 z \u0142atwo\u015bci\u0105 regulowany za pomoc\u0105&nbsp;specjalnych dystans\u00f3w do\u0142\u0105czonych do zestawu.<br \/><strong>&#8211; Wbudowana wtyczka: <\/strong>ST5R Composite&nbsp;jest wyposa\u017cony we wbudowan\u0105 wtyczk\u0119 interkomu, kt\u00f3ra jest zamontowana pod k\u0105tem, aby u\u0142atwi\u0107 pod\u0142\u0105czenie do interkomu.<br \/><strong>&#8211; Nauszniki: <\/strong>wyposa\u017cone w g\u0142o\u015bniki,&nbsp;idealnie przywieraj\u0105 do g\u0142owy zapewniaj\u0105c t\u0142umienie ha\u0142as\u00f3w. Podobnie jak mikrofon, mog\u0105 by\u0107 regulowane za pomoc\u0105 dost\u0119pnych w zestawie g\u0105bek.<br \/><strong>&#8211; Daszek:<\/strong> kask posiada regulowany daszek, kt\u00f3ry dodatkowo mo\u017ce by\u0107 doposa\u017cony w <strong>regulowany wizjer (do kupienia osobno)<\/strong>, aby jeszcze lepiej chroni\u0107 przed s\u0142o\u0144cem.<br \/><strong>&#8211; Miejsce do pod\u0142\u0105czenia systemu do picia:&nbsp;<\/strong>z lewej strony kasku wbudowane jest wej\u015bcie pozwalaj\u0105ce na zamontowanie systemu do picia. Posiada sytem quick relase do szybkiego pod\u0142\u0105czania i od\u0142\u0105czania systemu, co u\u0142atwia wsiadanie i wysiadanie z pojazdu.<br \/><strong>&#8211; Jest kompatybilny z systemem HANS.<\/p>\n<p><\/strong>Waga: oko\u0142o 1500g (w zale\u017cno\u015bci od rozmiaru).<\/p>\n<p><strong><span style=\"color: #ff0000;\">Kompatybilny z centralkami:<\/span><br \/><\/strong>&#8211; DG-30<br \/>&#8211; DG-10<br \/>&#8211; WRC 03<br \/>&#8211; WRC DES 9V<\/p>\n","protected":false},"featured_media":21640,"comment_status":"closed","ping_status":"open","template":"","meta":[],"product_cat":[609,560],"product_tag":[],"class_list":{"0":"post-22034","1":"product","2":"type-product","3":"status-publish","4":"has-post-thumbnail","6":"product_cat-kaski-zamkniete","7":"product_cat-odziez-rajdowa-fia","9":"first","10":"instock","11":"taxable","12":"shipping-taxable","13":"purchasable","14":"product-type-simple"},"bundled_by":[],"bundle_stock_status":"instock","bundle_stock_quantity":null,"bundle_virtual":false,"bundle_layout":"","bundle_add_to_cart_form_location":"","bundle_editable_in_cart":false,"bundle_sold_individually_context":"","bundle_item_grouping":"","bundle_min_size":"","bundle_max_size":"","bundle_price":[],"bundled_items":[],"bundle_sell_ids":[],"acf":{"zdjecie_bez_watermarka":null,"zdjecie_bez_watermarka_url":"","product_orgin_url":"https:\/\/inter-rally.pl\/product-eng-29980-Kask-Stilo-ST5-R-Composite-Rally.html"},"yoast_head":"<!-- This site is optimized with the Yoast SEO plugin v23.9 - https:\/\/yoast.com\/wordpress\/plugins\/seo\/ -->\n<title>KASK STILO ST5 R COMPOSITE RALLY - CYBUL<\/title>\n<meta name=\"robots\" content=\"index, follow, max-snippet:-1, max-image-preview:large, max-video-preview:-1\" \/>\n<link rel=\"canonical\" href=\"https:\/\/cybul.eu\/pl\/sklep\/kask-stilo-st5-r-composite-rally\/\" \/>\n<meta property=\"og:locale\" content=\"pl_PL\" \/>\n<meta property=\"og:type\" content=\"article\" \/>\n<meta property=\"og:title\" content=\"KASK STILO ST5 R COMPOSITE RALLY - CYBUL\" \/>\n<meta property=\"og:description\" content=\"Kask Stilo ST5 R Composite RallyHomologacja: FIA 8859-2015Zapewnia maksymalne bezpiecze\u0144stwo oraz wysoki komfort. Skorupa zosta\u0142a&nbsp;wykonana z kevlaru.&nbsp;Posiada ulepszony system wentylacji.Jest wyposa\u017cony w zintegrowany interkom WRC, kt\u00f3ry posiada: wyposa\u017cone w g\u0142o\u015bniki nauszniki t\u0142umi\u0105ce ha\u0142as, mikrofon z redukcj\u0105 szum\u00f3w, zintegrowan\u0105 wtyczk\u0119 interkomu. Posiada klipsy HANS.- Regulowany mikrofon:&nbsp;kask posiada wbudowany mikrofon. Mo\u017ce by\u0107 z \u0142atwo\u015bci\u0105 regulowany za pomoc\u0105&nbsp;specjalnych dystans\u00f3w do\u0142\u0105czonych do zestawu.- Wbudowana wtyczka: ST5R Composite&nbsp;jest wyposa\u017cony we wbudowan\u0105 wtyczk\u0119 interkomu, kt\u00f3ra jest zamontowana pod k\u0105tem, aby u\u0142atwi\u0107 pod\u0142\u0105czenie do interkomu.- Nauszniki: wyposa\u017cone w g\u0142o\u015bniki,&nbsp;idealnie przywieraj\u0105 do g\u0142owy zapewniaj\u0105c t\u0142umienie ha\u0142as\u00f3w. Podobnie jak mikrofon, mog\u0105 by\u0107 regulowane za pomoc\u0105 dost\u0119pnych w zestawie g\u0105bek.- Daszek: kask posiada regulowany daszek, kt\u00f3ry dodatkowo mo\u017ce by\u0107 doposa\u017cony w regulowany wizjer (do kupienia osobno), aby jeszcze lepiej chroni\u0107 przed s\u0142o\u0144cem.- Miejsce do pod\u0142\u0105czenia systemu do picia:&nbsp;z lewej strony kasku wbudowane jest wej\u015bcie pozwalaj\u0105ce na zamontowanie systemu do picia. Posiada sytem quick relase do szybkiego pod\u0142\u0105czania i od\u0142\u0105czania systemu, co u\u0142atwia wsiadanie i wysiadanie z pojazdu.- Jest kompatybilny z systemem HANS.Waga: oko\u0142o 1500g (w zale\u017cno\u015bci od rozmiaru).Kompatybilny z centralkami:- DG-30- DG-10- WRC 03- WRC DES 9V\" \/>\n<meta property=\"og:url\" content=\"https:\/\/cybul.eu\/pl\/sklep\/kask-stilo-st5-r-composite-rally\/\" \/>\n<meta property=\"og:site_name\" content=\"CYBUL\" \/>\n<meta property=\"article:modified_time\" content=\"2024-06-28T16:32:22+00:00\" \/>\n<meta property=\"og:image\" content=\"https:\/\/cybul.eu\/wp-content\/uploads\/2024\/06\/pol_pl_Kask-Stilo-ST5-R-Composite-Rally-29980_1.jpg\" \/>\n\t<meta property=\"og:image:width\" content=\"900\" \/>\n\t<meta property=\"og:image:height\" content=\"900\" \/>\n\t<meta property=\"og:image:type\" content=\"image\/jpeg\" \/>\n<meta name=\"twitter:card\" content=\"summary_large_image\" \/>\n<meta name=\"twitter:label1\" content=\"Szacowany czas czytania\" \/>\n\t<meta name=\"twitter:data1\" content=\"1 minuta\" \/>\n<script type=\"application\/ld+json\" class=\"yoast-schema-graph\">{\"@context\":\"https:\/\/schema.org\",\"@graph\":[{\"@type\":\"WebPage\",\"@id\":\"https:\/\/cybul.eu\/pl\/sklep\/kask-stilo-st5-r-composite-rally\/\",\"url\":\"https:\/\/cybul.eu\/pl\/sklep\/kask-stilo-st5-r-composite-rally\/\",\"name\":\"KASK STILO ST5 R COMPOSITE RALLY - CYBUL\",\"isPartOf\":{\"@id\":\"https:\/\/cybul.eu\/pl\/#website\"},\"primaryImageOfPage\":{\"@id\":\"https:\/\/cybul.eu\/pl\/sklep\/kask-stilo-st5-r-composite-rally\/#primaryimage\"},\"image\":{\"@id\":\"https:\/\/cybul.eu\/pl\/sklep\/kask-stilo-st5-r-composite-rally\/#primaryimage\"},\"thumbnailUrl\":\"https:\/\/cybul.eu\/wp-content\/uploads\/2024\/06\/pol_pl_Kask-Stilo-ST5-R-Composite-Rally-29980_1.jpg\",\"datePublished\":\"2024-06-28T16:32:08+00:00\",\"dateModified\":\"2024-06-28T16:32:22+00:00\",\"breadcrumb\":{\"@id\":\"https:\/\/cybul.eu\/pl\/sklep\/kask-stilo-st5-r-composite-rally\/#breadcrumb\"},\"inLanguage\":\"pl-PL\",\"potentialAction\":[{\"@type\":\"ReadAction\",\"target\":[\"https:\/\/cybul.eu\/pl\/sklep\/kask-stilo-st5-r-composite-rally\/\"]}]},{\"@type\":\"ImageObject\",\"inLanguage\":\"pl-PL\",\"@id\":\"https:\/\/cybul.eu\/pl\/sklep\/kask-stilo-st5-r-composite-rally\/#primaryimage\",\"url\":\"https:\/\/cybul.eu\/wp-content\/uploads\/2024\/06\/pol_pl_Kask-Stilo-ST5-R-Composite-Rally-29980_1.jpg\",\"contentUrl\":\"https:\/\/cybul.eu\/wp-content\/uploads\/2024\/06\/pol_pl_Kask-Stilo-ST5-R-Composite-Rally-29980_1.jpg\",\"width\":900,\"height\":900},{\"@type\":\"BreadcrumbList\",\"@id\":\"https:\/\/cybul.eu\/pl\/sklep\/kask-stilo-st5-r-composite-rally\/#breadcrumb\",\"itemListElement\":[{\"@type\":\"ListItem\",\"position\":1,\"name\":\"Strona g\u0142\u00f3wna\",\"item\":\"https:\/\/cybul.eu\/pl\/\"},{\"@type\":\"ListItem\",\"position\":2,\"name\":\"Sklep\",\"item\":\"https:\/\/cybul.eu\/pl\/sklep\/\"},{\"@type\":\"ListItem\",\"position\":3,\"name\":\"KASK STILO ST5 R COMPOSITE RALLY\"}]},{\"@type\":\"WebSite\",\"@id\":\"https:\/\/cybul.eu\/pl\/#website\",\"url\":\"https:\/\/cybul.eu\/pl\/\",\"name\":\"CYBUL\",\"description\":\"\",\"potentialAction\":[{\"@type\":\"SearchAction\",\"target\":{\"@type\":\"EntryPoint\",\"urlTemplate\":\"https:\/\/cybul.eu\/pl\/?s={search_term_string}\"},\"query-input\":{\"@type\":\"PropertyValueSpecification\",\"valueRequired\":true,\"valueName\":\"search_term_string\"}}],\"inLanguage\":\"pl-PL\"}]}<\/script>\n<!-- \/ Yoast SEO plugin. -->","yoast_head_json":{"title":"KASK STILO ST5 R COMPOSITE RALLY - CYBUL","robots":{"index":"index","follow":"follow","max-snippet":"max-snippet:-1","max-image-preview":"max-image-preview:large","max-video-preview":"max-video-preview:-1"},"canonical":"https:\/\/cybul.eu\/pl\/sklep\/kask-stilo-st5-r-composite-rally\/","og_locale":"pl_PL","og_type":"article","og_title":"KASK STILO ST5 R COMPOSITE RALLY - CYBUL","og_description":"Kask Stilo ST5 R Composite RallyHomologacja: FIA 8859-2015Zapewnia maksymalne bezpiecze\u0144stwo oraz wysoki komfort. Skorupa zosta\u0142a&nbsp;wykonana z kevlaru.&nbsp;Posiada ulepszony system wentylacji.Jest wyposa\u017cony w zintegrowany interkom WRC, kt\u00f3ry posiada: wyposa\u017cone w g\u0142o\u015bniki nauszniki t\u0142umi\u0105ce ha\u0142as, mikrofon z redukcj\u0105 szum\u00f3w, zintegrowan\u0105 wtyczk\u0119 interkomu. Posiada klipsy HANS.- Regulowany mikrofon:&nbsp;kask posiada wbudowany mikrofon. Mo\u017ce by\u0107 z \u0142atwo\u015bci\u0105 regulowany za pomoc\u0105&nbsp;specjalnych dystans\u00f3w do\u0142\u0105czonych do zestawu.- Wbudowana wtyczka: ST5R Composite&nbsp;jest wyposa\u017cony we wbudowan\u0105 wtyczk\u0119 interkomu, kt\u00f3ra jest zamontowana pod k\u0105tem, aby u\u0142atwi\u0107 pod\u0142\u0105czenie do interkomu.- Nauszniki: wyposa\u017cone w g\u0142o\u015bniki,&nbsp;idealnie przywieraj\u0105 do g\u0142owy zapewniaj\u0105c t\u0142umienie ha\u0142as\u00f3w. Podobnie jak mikrofon, mog\u0105 by\u0107 regulowane za pomoc\u0105 dost\u0119pnych w zestawie g\u0105bek.- Daszek: kask posiada regulowany daszek, kt\u00f3ry dodatkowo mo\u017ce by\u0107 doposa\u017cony w regulowany wizjer (do kupienia osobno), aby jeszcze lepiej chroni\u0107 przed s\u0142o\u0144cem.- Miejsce do pod\u0142\u0105czenia systemu do picia:&nbsp;z lewej strony kasku wbudowane jest wej\u015bcie pozwalaj\u0105ce na zamontowanie systemu do picia. Posiada sytem quick relase do szybkiego pod\u0142\u0105czania i od\u0142\u0105czania systemu, co u\u0142atwia wsiadanie i wysiadanie z pojazdu.- Jest kompatybilny z systemem HANS.Waga: oko\u0142o 1500g (w zale\u017cno\u015bci od rozmiaru).Kompatybilny z centralkami:- DG-30- DG-10- WRC 03- WRC DES 9V","og_url":"https:\/\/cybul.eu\/pl\/sklep\/kask-stilo-st5-r-composite-rally\/","og_site_name":"CYBUL","article_modified_time":"2024-06-28T16:32:22+00:00","og_image":[{"width":900,"height":900,"url":"https:\/\/cybul.eu\/wp-content\/uploads\/2024\/06\/pol_pl_Kask-Stilo-ST5-R-Composite-Rally-29980_1.jpg","type":"image\/jpeg"}],"twitter_card":"summary_large_image","twitter_misc":{"Szacowany czas czytania":"1 minuta"},"schema":{"@context":"https:\/\/schema.org","@graph":[{"@type":"WebPage","@id":"https:\/\/cybul.eu\/pl\/sklep\/kask-stilo-st5-r-composite-rally\/","url":"https:\/\/cybul.eu\/pl\/sklep\/kask-stilo-st5-r-composite-rally\/","name":"KASK STILO ST5 R COMPOSITE RALLY - CYBUL","isPartOf":{"@id":"https:\/\/cybul.eu\/pl\/#website"},"primaryImageOfPage":{"@id":"https:\/\/cybul.eu\/pl\/sklep\/kask-stilo-st5-r-composite-rally\/#primaryimage"},"image":{"@id":"https:\/\/cybul.eu\/pl\/sklep\/kask-stilo-st5-r-composite-rally\/#primaryimage"},"thumbnailUrl":"https:\/\/cybul.eu\/wp-content\/uploads\/2024\/06\/pol_pl_Kask-Stilo-ST5-R-Composite-Rally-29980_1.jpg","datePublished":"2024-06-28T16:32:08+00:00","dateModified":"2024-06-28T16:32:22+00:00","breadcrumb":{"@id":"https:\/\/cybul.eu\/pl\/sklep\/kask-stilo-st5-r-composite-rally\/#breadcrumb"},"inLanguage":"pl-PL","potentialAction":[{"@type":"ReadAction","target":["https:\/\/cybul.eu\/pl\/sklep\/kask-stilo-st5-r-composite-rally\/"]}]},{"@type":"ImageObject","inLanguage":"pl-PL","@id":"https:\/\/cybul.eu\/pl\/sklep\/kask-stilo-st5-r-composite-rally\/#primaryimage","url":"https:\/\/cybul.eu\/wp-content\/uploads\/2024\/06\/pol_pl_Kask-Stilo-ST5-R-Composite-Rally-29980_1.jpg","contentUrl":"https:\/\/cybul.eu\/wp-content\/uploads\/2024\/06\/pol_pl_Kask-Stilo-ST5-R-Composite-Rally-29980_1.jpg","width":900,"height":900},{"@type":"BreadcrumbList","@id":"https:\/\/cybul.eu\/pl\/sklep\/kask-stilo-st5-r-composite-rally\/#breadcrumb","itemListElement":[{"@type":"ListItem","position":1,"name":"Strona g\u0142\u00f3wna","item":"https:\/\/cybul.eu\/pl\/"},{"@type":"ListItem","position":2,"name":"Sklep","item":"https:\/\/cybul.eu\/pl\/sklep\/"},{"@type":"ListItem","position":3,"name":"KASK STILO ST5 R COMPOSITE RALLY"}]},{"@type":"WebSite","@id":"https:\/\/cybul.eu\/pl\/#website","url":"https:\/\/cybul.eu\/pl\/","name":"CYBUL","description":"","potentialAction":[{"@type":"SearchAction","target":{"@type":"EntryPoint","urlTemplate":"https:\/\/cybul.eu\/pl\/?s={search_term_string}"},"query-input":{"@type":"PropertyValueSpecification","valueRequired":true,"valueName":"search_term_string"}}],"inLanguage":"pl-PL"}]}},"_links":{"self":[{"href":"https:\/\/cybul.eu\/pl\/wp-json\/wp\/v2\/product\/22034","targetHints":{"allow":["GET"]}}],"collection":[{"href":"https:\/\/cybul.eu\/pl\/wp-json\/wp\/v2\/product"}],"about":[{"href":"https:\/\/cybul.eu\/pl\/wp-json\/wp\/v2\/types\/product"}],"replies":[{"embeddable":true,"href":"https:\/\/cybul.eu\/pl\/wp-json\/wp\/v2\/comments?post=22034"}],"wp:featuredmedia":[{"embeddable":true,"href":"https:\/\/cybul.eu\/pl\/wp-json\/wp\/v2\/media\/21640"}],"wp:attachment":[{"href":"https:\/\/cybul.eu\/pl\/wp-json\/wp\/v2\/media?parent=22034"}],"wp:term":[{"taxonomy":"product_cat","embeddable":true,"href":"https:\/\/cybul.eu\/pl\/wp-json\/wp\/v2\/product_cat?post=22034"},{"taxonomy":"product_tag","embeddable":true,"href":"https:\/\/cybul.eu\/pl\/wp-json\/wp\/v2\/product_tag?post=22034"}],"curies":[{"name":"wp","href":"https:\/\/api.w.org\/{rel}","templated":true}]}}