{"id":22012,"date":"2024-06-28T18:31:24","date_gmt":"2024-06-28T16:31:24","guid":{"rendered":"https:\/\/cybul.eu\/shop\/kask-zamkniety-rrs-circuit\/"},"modified":"2024-06-28T18:31:42","modified_gmt":"2024-06-28T16:31:42","slug":"kask-zamkniety-rrs-circuit","status":"publish","type":"product","link":"https:\/\/cybul.eu\/pl\/sklep\/kask-zamkniety-rrs-circuit\/","title":{"rendered":"KASK ZAMKNI\u0118TY RRS CIRCUIT"},"content":{"rendered":"<p><strong>Kask zamkni\u0119ty RRS CIRCUIT<\/strong><\/p>\n<p>Homologacja: <strong>FIA 8859-2015 \/ Snell SA2020<\/strong><\/p>\n<p>&#8211; Montowane fabrycznie klipsy HANS firmy Schroth<br \/>&#8211; Lekka pow\u0142oka kompozytowa<br \/>&#8211; Wentylacja brody i czo\u0142a<br \/>&#8211; Odpinane wn\u0119trze nadaj\u0105ce si\u0119 do prania<br \/>&#8211; Mo\u017cliwo\u015b\u0107 instalacji interkomu (s\u0142uchawki)<br \/>&#8211; Zapi\u0119cie wykonane z Kevlaru<br \/>&#8211; Czarne, niepalne, anty-alergiczne wn\u0119trze<br \/>&#8211; Szybka mo\u017ce by\u0107 zmieniona na daszek typu Rally<br \/>&#8211; W komplecie szybka przezroczysta &#8211; 3mm<\/p>\n<p>Kask zamkni\u0119ty RRS (FFR) wykonany jest z w\u0142\u00f3kien kompozytowych co powoduje \u017ce jest bardzo lekki i wytrzyma\u0142y.<br \/>Bardzo modny design w stylu \u2018Turismo\u2019, a zarazem bardzo wysoka jako\u015b wyko\u0144czenia.&nbsp;<br \/>Posiada 10 otwor\u00f3w wentylacyjnych, r\u00f3wnie\u017c na brodzie, dla zwi\u0119kszenia komfortu kierowcy.&nbsp;<br \/>Zamontowane klipsy HANS oraz homologacja SNELL SA2020<br \/>daj\u0119 mo\u017cliwo\u015b\u0107 wykorzystania go w ka\u017cdym sporcie motorowym w\u0142\u0105czaj\u0105c wy\u015bcigi torowe na szczeblu mi\u0119dzynarodowym.&nbsp;<br \/>Jako\u015b wykonania i cechy kasku oferuj\u0105 znakomity stosunek warto\u015bci do ceny produktu.<\/p>\n<p>Mo\u017cliwo\u015b\u0107 dokupienia wizjera ciemnego oraz iridium<\/p>\n<p>&nbsp;<\/p>\n<p>Tabela rozmiar\u00f3w:<\/p>\n<p><span style=\"font-size: small;\"><img loading=\"lazy\" decoding=\"async\" style=\"display: block; margin-left: auto; margin-right: auto;\" src=\"https:\/\/cybul.eu\/wp-content\/uploads\/2024\/06\/kaski_rrs.jpg\" border=\"0\" alt=\"\" width=\"536\" height=\"248\"><\/span><\/p>\n","protected":false},"excerpt":{"rendered":"<p><strong>Kask zamkni\u0119ty RRS CIRCUIT<\/strong><\/p>\n<p>Homologacja: <strong>FIA 8859-2015 \/ Snell SA2020<\/strong><\/p>\n<p>&#8211; Montowane fabrycznie klipsy HANS firmy Schroth<br \/>&#8211; Lekka pow\u0142oka kompozytowa<br \/>&#8211; Wentylacja brody i czo\u0142a<br \/>&#8211; Odpinane wn\u0119trze nadaj\u0105ce si\u0119 do prania<br \/>&#8211; Mo\u017cliwo\u015b\u0107 instalacji interkomu (s\u0142uchawki)<br \/>&#8211; Zapi\u0119cie wykonane z Kevlaru<br \/>&#8211; Czarne, niepalne, anty-alergiczne wn\u0119trze<br \/>&#8211; Szybka mo\u017ce by\u0107 zmieniona na daszek typu Rally<br \/>&#8211; W komplecie szybka przezroczysta &#8211; 3mm<\/p>\n","protected":false},"featured_media":21526,"comment_status":"closed","ping_status":"open","template":"","meta":[],"product_cat":[609,560],"product_tag":[],"class_list":{"0":"post-22012","1":"product","2":"type-product","3":"status-publish","4":"has-post-thumbnail","6":"product_cat-kaski-zamkniete","7":"product_cat-odziez-rajdowa-fia","9":"first","10":"instock","11":"taxable","12":"shipping-taxable","13":"purchasable","14":"product-type-simple"},"bundled_by":[],"bundle_stock_status":"instock","bundle_stock_quantity":null,"bundle_virtual":false,"bundle_layout":"","bundle_add_to_cart_form_location":"","bundle_editable_in_cart":false,"bundle_sold_individually_context":"","bundle_item_grouping":"","bundle_min_size":"","bundle_max_size":"","bundle_price":[],"bundled_items":[],"bundle_sell_ids":[],"acf":{"zdjecie_bez_watermarka":null,"zdjecie_bez_watermarka_url":"","product_orgin_url":"https:\/\/inter-rally.pl\/product-eng-67473-Kask-zamkniety-RRS-CIRCUIT.html"},"yoast_head":"<!-- This site is optimized with the Yoast SEO plugin v23.9 - https:\/\/yoast.com\/wordpress\/plugins\/seo\/ -->\n<title>KASK ZAMKNI\u0118TY RRS CIRCUIT - CYBUL<\/title>\n<meta name=\"robots\" content=\"index, follow, max-snippet:-1, max-image-preview:large, max-video-preview:-1\" \/>\n<link rel=\"canonical\" href=\"https:\/\/cybul.eu\/pl\/sklep\/kask-zamkniety-rrs-circuit\/\" \/>\n<meta property=\"og:locale\" content=\"pl_PL\" \/>\n<meta property=\"og:type\" content=\"article\" \/>\n<meta property=\"og:title\" content=\"KASK ZAMKNI\u0118TY RRS CIRCUIT - CYBUL\" \/>\n<meta property=\"og:description\" content=\"Kask zamkni\u0119ty RRS CIRCUITHomologacja: FIA 8859-2015 \/ Snell SA2020- Montowane fabrycznie klipsy HANS firmy Schroth- Lekka pow\u0142oka kompozytowa- Wentylacja brody i czo\u0142a- Odpinane wn\u0119trze nadaj\u0105ce si\u0119 do prania- Mo\u017cliwo\u015b\u0107 instalacji interkomu (s\u0142uchawki)- Zapi\u0119cie wykonane z Kevlaru- Czarne, niepalne, anty-alergiczne wn\u0119trze- Szybka mo\u017ce by\u0107 zmieniona na daszek typu Rally- W komplecie szybka przezroczysta - 3mm\" \/>\n<meta property=\"og:url\" content=\"https:\/\/cybul.eu\/pl\/sklep\/kask-zamkniety-rrs-circuit\/\" \/>\n<meta property=\"og:site_name\" content=\"CYBUL\" \/>\n<meta property=\"article:modified_time\" content=\"2024-06-28T16:31:42+00:00\" \/>\n<meta property=\"og:image\" content=\"https:\/\/cybul.eu\/wp-content\/uploads\/2024\/06\/pol_pl_Kask-zamkniety-RRS-CIRCUIT-67473_1.jpg\" \/>\n\t<meta property=\"og:image:width\" content=\"600\" \/>\n\t<meta property=\"og:image:height\" content=\"600\" \/>\n\t<meta property=\"og:image:type\" content=\"image\/jpeg\" \/>\n<meta name=\"twitter:card\" content=\"summary_large_image\" \/>\n<meta name=\"twitter:label1\" content=\"Szacowany czas czytania\" \/>\n\t<meta name=\"twitter:data1\" content=\"1 minuta\" \/>\n<script type=\"application\/ld+json\" class=\"yoast-schema-graph\">{\"@context\":\"https:\/\/schema.org\",\"@graph\":[{\"@type\":\"WebPage\",\"@id\":\"https:\/\/cybul.eu\/pl\/sklep\/kask-zamkniety-rrs-circuit\/\",\"url\":\"https:\/\/cybul.eu\/pl\/sklep\/kask-zamkniety-rrs-circuit\/\",\"name\":\"KASK ZAMKNI\u0118TY RRS CIRCUIT - CYBUL\",\"isPartOf\":{\"@id\":\"https:\/\/cybul.eu\/pl\/#website\"},\"primaryImageOfPage\":{\"@id\":\"https:\/\/cybul.eu\/pl\/sklep\/kask-zamkniety-rrs-circuit\/#primaryimage\"},\"image\":{\"@id\":\"https:\/\/cybul.eu\/pl\/sklep\/kask-zamkniety-rrs-circuit\/#primaryimage\"},\"thumbnailUrl\":\"https:\/\/cybul.eu\/wp-content\/uploads\/2024\/06\/pol_pl_Kask-zamkniety-RRS-CIRCUIT-67473_1.jpg\",\"datePublished\":\"2024-06-28T16:31:24+00:00\",\"dateModified\":\"2024-06-28T16:31:42+00:00\",\"breadcrumb\":{\"@id\":\"https:\/\/cybul.eu\/pl\/sklep\/kask-zamkniety-rrs-circuit\/#breadcrumb\"},\"inLanguage\":\"pl-PL\",\"potentialAction\":[{\"@type\":\"ReadAction\",\"target\":[\"https:\/\/cybul.eu\/pl\/sklep\/kask-zamkniety-rrs-circuit\/\"]}]},{\"@type\":\"ImageObject\",\"inLanguage\":\"pl-PL\",\"@id\":\"https:\/\/cybul.eu\/pl\/sklep\/kask-zamkniety-rrs-circuit\/#primaryimage\",\"url\":\"https:\/\/cybul.eu\/wp-content\/uploads\/2024\/06\/pol_pl_Kask-zamkniety-RRS-CIRCUIT-67473_1.jpg\",\"contentUrl\":\"https:\/\/cybul.eu\/wp-content\/uploads\/2024\/06\/pol_pl_Kask-zamkniety-RRS-CIRCUIT-67473_1.jpg\",\"width\":600,\"height\":600},{\"@type\":\"BreadcrumbList\",\"@id\":\"https:\/\/cybul.eu\/pl\/sklep\/kask-zamkniety-rrs-circuit\/#breadcrumb\",\"itemListElement\":[{\"@type\":\"ListItem\",\"position\":1,\"name\":\"Strona g\u0142\u00f3wna\",\"item\":\"https:\/\/cybul.eu\/pl\/\"},{\"@type\":\"ListItem\",\"position\":2,\"name\":\"Sklep\",\"item\":\"https:\/\/cybul.eu\/pl\/sklep\/\"},{\"@type\":\"ListItem\",\"position\":3,\"name\":\"KASK ZAMKNI\u0118TY RRS CIRCUIT\"}]},{\"@type\":\"WebSite\",\"@id\":\"https:\/\/cybul.eu\/pl\/#website\",\"url\":\"https:\/\/cybul.eu\/pl\/\",\"name\":\"CYBUL\",\"description\":\"\",\"potentialAction\":[{\"@type\":\"SearchAction\",\"target\":{\"@type\":\"EntryPoint\",\"urlTemplate\":\"https:\/\/cybul.eu\/pl\/?s={search_term_string}\"},\"query-input\":{\"@type\":\"PropertyValueSpecification\",\"valueRequired\":true,\"valueName\":\"search_term_string\"}}],\"inLanguage\":\"pl-PL\"}]}<\/script>\n<!-- \/ Yoast SEO plugin. -->","yoast_head_json":{"title":"KASK ZAMKNI\u0118TY RRS CIRCUIT - CYBUL","robots":{"index":"index","follow":"follow","max-snippet":"max-snippet:-1","max-image-preview":"max-image-preview:large","max-video-preview":"max-video-preview:-1"},"canonical":"https:\/\/cybul.eu\/pl\/sklep\/kask-zamkniety-rrs-circuit\/","og_locale":"pl_PL","og_type":"article","og_title":"KASK ZAMKNI\u0118TY RRS CIRCUIT - CYBUL","og_description":"Kask zamkni\u0119ty RRS CIRCUITHomologacja: FIA 8859-2015 \/ Snell SA2020- Montowane fabrycznie klipsy HANS firmy Schroth- Lekka pow\u0142oka kompozytowa- Wentylacja brody i czo\u0142a- Odpinane wn\u0119trze nadaj\u0105ce si\u0119 do prania- Mo\u017cliwo\u015b\u0107 instalacji interkomu (s\u0142uchawki)- Zapi\u0119cie wykonane z Kevlaru- Czarne, niepalne, anty-alergiczne wn\u0119trze- Szybka mo\u017ce by\u0107 zmieniona na daszek typu Rally- W komplecie szybka przezroczysta - 3mm","og_url":"https:\/\/cybul.eu\/pl\/sklep\/kask-zamkniety-rrs-circuit\/","og_site_name":"CYBUL","article_modified_time":"2024-06-28T16:31:42+00:00","og_image":[{"width":600,"height":600,"url":"https:\/\/cybul.eu\/wp-content\/uploads\/2024\/06\/pol_pl_Kask-zamkniety-RRS-CIRCUIT-67473_1.jpg","type":"image\/jpeg"}],"twitter_card":"summary_large_image","twitter_misc":{"Szacowany czas czytania":"1 minuta"},"schema":{"@context":"https:\/\/schema.org","@graph":[{"@type":"WebPage","@id":"https:\/\/cybul.eu\/pl\/sklep\/kask-zamkniety-rrs-circuit\/","url":"https:\/\/cybul.eu\/pl\/sklep\/kask-zamkniety-rrs-circuit\/","name":"KASK ZAMKNI\u0118TY RRS CIRCUIT - CYBUL","isPartOf":{"@id":"https:\/\/cybul.eu\/pl\/#website"},"primaryImageOfPage":{"@id":"https:\/\/cybul.eu\/pl\/sklep\/kask-zamkniety-rrs-circuit\/#primaryimage"},"image":{"@id":"https:\/\/cybul.eu\/pl\/sklep\/kask-zamkniety-rrs-circuit\/#primaryimage"},"thumbnailUrl":"https:\/\/cybul.eu\/wp-content\/uploads\/2024\/06\/pol_pl_Kask-zamkniety-RRS-CIRCUIT-67473_1.jpg","datePublished":"2024-06-28T16:31:24+00:00","dateModified":"2024-06-28T16:31:42+00:00","breadcrumb":{"@id":"https:\/\/cybul.eu\/pl\/sklep\/kask-zamkniety-rrs-circuit\/#breadcrumb"},"inLanguage":"pl-PL","potentialAction":[{"@type":"ReadAction","target":["https:\/\/cybul.eu\/pl\/sklep\/kask-zamkniety-rrs-circuit\/"]}]},{"@type":"ImageObject","inLanguage":"pl-PL","@id":"https:\/\/cybul.eu\/pl\/sklep\/kask-zamkniety-rrs-circuit\/#primaryimage","url":"https:\/\/cybul.eu\/wp-content\/uploads\/2024\/06\/pol_pl_Kask-zamkniety-RRS-CIRCUIT-67473_1.jpg","contentUrl":"https:\/\/cybul.eu\/wp-content\/uploads\/2024\/06\/pol_pl_Kask-zamkniety-RRS-CIRCUIT-67473_1.jpg","width":600,"height":600},{"@type":"BreadcrumbList","@id":"https:\/\/cybul.eu\/pl\/sklep\/kask-zamkniety-rrs-circuit\/#breadcrumb","itemListElement":[{"@type":"ListItem","position":1,"name":"Strona g\u0142\u00f3wna","item":"https:\/\/cybul.eu\/pl\/"},{"@type":"ListItem","position":2,"name":"Sklep","item":"https:\/\/cybul.eu\/pl\/sklep\/"},{"@type":"ListItem","position":3,"name":"KASK ZAMKNI\u0118TY RRS CIRCUIT"}]},{"@type":"WebSite","@id":"https:\/\/cybul.eu\/pl\/#website","url":"https:\/\/cybul.eu\/pl\/","name":"CYBUL","description":"","potentialAction":[{"@type":"SearchAction","target":{"@type":"EntryPoint","urlTemplate":"https:\/\/cybul.eu\/pl\/?s={search_term_string}"},"query-input":{"@type":"PropertyValueSpecification","valueRequired":true,"valueName":"search_term_string"}}],"inLanguage":"pl-PL"}]}},"_links":{"self":[{"href":"https:\/\/cybul.eu\/pl\/wp-json\/wp\/v2\/product\/22012","targetHints":{"allow":["GET"]}}],"collection":[{"href":"https:\/\/cybul.eu\/pl\/wp-json\/wp\/v2\/product"}],"about":[{"href":"https:\/\/cybul.eu\/pl\/wp-json\/wp\/v2\/types\/product"}],"replies":[{"embeddable":true,"href":"https:\/\/cybul.eu\/pl\/wp-json\/wp\/v2\/comments?post=22012"}],"wp:featuredmedia":[{"embeddable":true,"href":"https:\/\/cybul.eu\/pl\/wp-json\/wp\/v2\/media\/21526"}],"wp:attachment":[{"href":"https:\/\/cybul.eu\/pl\/wp-json\/wp\/v2\/media?parent=22012"}],"wp:term":[{"taxonomy":"product_cat","embeddable":true,"href":"https:\/\/cybul.eu\/pl\/wp-json\/wp\/v2\/product_cat?post=22012"},{"taxonomy":"product_tag","embeddable":true,"href":"https:\/\/cybul.eu\/pl\/wp-json\/wp\/v2\/product_tag?post=22012"}],"curies":[{"name":"wp","href":"https:\/\/api.w.org\/{rel}","templated":true}]}}