{"id":22011,"date":"2024-06-28T18:31:24","date_gmt":"2024-06-28T16:31:24","guid":{"rendered":"https:\/\/cybul.eu\/shop\/kask-zamkniety-rrs-protect-rally-2\/"},"modified":"2024-06-28T18:31:37","modified_gmt":"2024-06-28T16:31:37","slug":"kask-zamkniety-rrs-protect-rally-2","status":"publish","type":"product","link":"https:\/\/cybul.eu\/pl\/sklep\/kask-zamkniety-rrs-protect-rally-2\/","title":{"rendered":"KASK ZAMKNI\u0118TY RRS PROTECT RALLY"},"content":{"rendered":"<p><strong>Kask zamkni\u0119ty RRS Protect Rally<\/strong><\/p>\n<p>Homologacja: <strong>FIA 8859-2015 \/&nbsp;Snell SA2020<\/strong><\/p>\n<p>&#8211; Lekka pow\u0142oka kompozytowa<br \/>&#8211; Montowane fabrycznie klipsy HANS<br \/>&#8211; Lekka pow\u0142oka kompozytowa<br \/>&#8211; Daszek typu Rally<br \/>&#8211; 10 otwor\u00f3w wentylacyjnych<br \/>&#8211; Odpinane wn\u0119trze nadaj\u0105ce si\u0119 do prania<br \/>&#8211; Mo\u017cliwo\u015b\u0107 instalacji interkomu (s\u0142uchawki + mikrofon)<br \/>&#8211; Zapi\u0119cie wykonane z Kevlaru<br \/>&#8211; Daszek mo\u017ce by\u0107 zmieniony na szybk\u0119<\/p>\n<p>Kask zamkni\u0119ty RRS Protect Rally&nbsp;wykonany jest z w\u0142\u00f3kien kompozytowych co powoduje \u017ce jest bardzo lekki i wytrzyma\u0142y.<br \/>Bardzo modny design w stylu \u2018Turismo\u2019, a zarazem bardzo wysoka jako\u015b wyko\u0144czenia. <br \/>Posiada 10 otwor\u00f3w wentylacyjnych, r\u00f3wnie\u017c na brodzie, dla zwi\u0119kszenia komfortu kierowcy. <br \/>Zamontowane klipsy HANS firmy Schroth.<br \/>Kask posiada homologacj\u0119 SNELL SA2020.<br \/>daj\u0119 mo\u017cliwo\u015b\u0107 wykorzystania go w ka\u017cdym sporcie motorowym w\u0142\u0105czaj\u0105c wy\u015bcigi torowe na szczeblu mi\u0119dzynarodowym. <br \/>Jako\u015b wykonania i cechy kasku oferuj\u0105 znakomity stosunek warto\u015bci do ceny produktu.<br \/>Kask jest w komplecie z daszkiem typu Rally, co sprawia \u017ce kask nadaj\u0119 si\u0119 do aut z zamkni\u0119tym kokpitem.<\/p>\n<p><strong>Tabela rozmiar\u00f3w:<\/strong><\/p>\n<p><span><img loading=\"lazy\" decoding=\"async\" style=\"display: block; margin-left: auto; margin-right: auto;\" src=\"https:\/\/cybul.eu\/wp-content\/uploads\/2024\/06\/kaski_rrs.jpg\" border=\"0\" alt=\"\" width=\"536\" height=\"248\"><\/span><\/p>\n","protected":false},"excerpt":{"rendered":"<p><strong>Kask zamkni\u0119ty RRS Protect Rally<\/strong><\/p>\n<p>Homologacja: <strong>FIA 8859-2015 \/&nbsp;Snell SA2020<\/strong><\/p>\n<p>&#8211; Lekka pow\u0142oka kompozytowa<br \/>&#8211; Montowane fabrycznie klipsy HANS<br \/>&#8211; Lekka pow\u0142oka kompozytowa<br \/>&#8211; Daszek typu Rally<br \/>&#8211; 10 otwor\u00f3w wentylacyjnych<br \/>&#8211; Odpinane wn\u0119trze nadaj\u0105ce si\u0119 do prania<br \/>&#8211; Mo\u017cliwo\u015b\u0107 instalacji interkomu (s\u0142uchawki + mikrofon)<br \/>&#8211; Zapi\u0119cie wykonane z Kevlaru<br \/>&#8211; Daszek mo\u017ce by\u0107 zmieniony na szybk\u0119<\/p>\n<p>Kask zamkni\u0119ty RRS Protect Rally&nbsp;wykonany jest z w\u0142\u00f3kien kompozytowych co powoduje \u017ce jest bardzo lekki i wytrzyma\u0142y.<br \/>Bardzo modny design w stylu \u2018Turismo\u2019, a zarazem bardzo wysoka jako\u015b wyko\u0144czenia. <br \/>Posiada 10 otwor\u00f3w wentylacyjnych, r\u00f3wnie\u017c na brodzie, dla zwi\u0119kszenia komfortu kierowcy. <br \/>Zamontowane klipsy HANS firmy Schroth.<br \/>Kask posiada homologacj\u0119 SNELL SA2020.<br \/>daj\u0119 mo\u017cliwo\u015b\u0107 wykorzystania go w ka\u017cdym sporcie motorowym w\u0142\u0105czaj\u0105c wy\u015bcigi torowe na szczeblu mi\u0119dzynarodowym. <br \/>Jako\u015b wykonania i cechy kasku oferuj\u0105 znakomity stosunek warto\u015bci do ceny produktu.<br \/>Kask jest w komplecie z daszkiem typu Rally, co sprawia \u017ce kask nadaj\u0119 si\u0119 do aut z zamkni\u0119tym kokpitem.<\/p>\n<p><strong>Tabela rozmiar\u00f3w:<\/strong><\/p>\n","protected":false},"featured_media":21507,"comment_status":"closed","ping_status":"open","template":"","meta":[],"product_cat":[609,560],"product_tag":[],"class_list":{"0":"post-22011","1":"product","2":"type-product","3":"status-publish","4":"has-post-thumbnail","6":"product_cat-kaski-zamkniete","7":"product_cat-odziez-rajdowa-fia","9":"first","10":"instock","11":"taxable","12":"shipping-taxable","13":"purchasable","14":"product-type-simple"},"bundled_by":[],"bundle_stock_status":"instock","bundle_stock_quantity":null,"bundle_virtual":false,"bundle_layout":"","bundle_add_to_cart_form_location":"","bundle_editable_in_cart":false,"bundle_sold_individually_context":"","bundle_item_grouping":"","bundle_min_size":"","bundle_max_size":"","bundle_price":[],"bundled_items":[],"bundle_sell_ids":[],"acf":{"zdjecie_bez_watermarka":null,"zdjecie_bez_watermarka_url":"","product_orgin_url":"https:\/\/inter-rally.pl\/product-eng-489-Kask-zamkniety-RRS-Protect-Rally.html"},"yoast_head":"<!-- This site is optimized with the Yoast SEO plugin v23.9 - https:\/\/yoast.com\/wordpress\/plugins\/seo\/ -->\n<title>KASK ZAMKNI\u0118TY RRS PROTECT RALLY - CYBUL<\/title>\n<meta name=\"robots\" content=\"index, follow, max-snippet:-1, max-image-preview:large, max-video-preview:-1\" \/>\n<link rel=\"canonical\" href=\"https:\/\/cybul.eu\/pl\/sklep\/kask-zamkniety-rrs-protect-rally-2\/\" \/>\n<meta property=\"og:locale\" content=\"pl_PL\" \/>\n<meta property=\"og:type\" content=\"article\" \/>\n<meta property=\"og:title\" content=\"KASK ZAMKNI\u0118TY RRS PROTECT RALLY - CYBUL\" \/>\n<meta property=\"og:description\" content=\"Kask zamkni\u0119ty RRS Protect RallyHomologacja: FIA 8859-2015 \/&nbsp;Snell SA2020- Lekka pow\u0142oka kompozytowa- Montowane fabrycznie klipsy HANS- Lekka pow\u0142oka kompozytowa- Daszek typu Rally- 10 otwor\u00f3w wentylacyjnych- Odpinane wn\u0119trze nadaj\u0105ce si\u0119 do prania- Mo\u017cliwo\u015b\u0107 instalacji interkomu (s\u0142uchawki + mikrofon)- Zapi\u0119cie wykonane z Kevlaru- Daszek mo\u017ce by\u0107 zmieniony na szybk\u0119Kask zamkni\u0119ty RRS Protect Rally&nbsp;wykonany jest z w\u0142\u00f3kien kompozytowych co powoduje \u017ce jest bardzo lekki i wytrzyma\u0142y.Bardzo modny design w stylu \u2018Turismo\u2019, a zarazem bardzo wysoka jako\u015b wyko\u0144czenia. Posiada 10 otwor\u00f3w wentylacyjnych, r\u00f3wnie\u017c na brodzie, dla zwi\u0119kszenia komfortu kierowcy. Zamontowane klipsy HANS firmy Schroth.Kask posiada homologacj\u0119 SNELL SA2020.daj\u0119 mo\u017cliwo\u015b\u0107 wykorzystania go w ka\u017cdym sporcie motorowym w\u0142\u0105czaj\u0105c wy\u015bcigi torowe na szczeblu mi\u0119dzynarodowym. Jako\u015b wykonania i cechy kasku oferuj\u0105 znakomity stosunek warto\u015bci do ceny produktu.Kask jest w komplecie z daszkiem typu Rally, co sprawia \u017ce kask nadaj\u0119 si\u0119 do aut z zamkni\u0119tym kokpitem.Tabela rozmiar\u00f3w:\" \/>\n<meta property=\"og:url\" content=\"https:\/\/cybul.eu\/pl\/sklep\/kask-zamkniety-rrs-protect-rally-2\/\" \/>\n<meta property=\"og:site_name\" content=\"CYBUL\" \/>\n<meta property=\"article:modified_time\" content=\"2024-06-28T16:31:37+00:00\" \/>\n<meta property=\"og:image\" content=\"https:\/\/cybul.eu\/wp-content\/uploads\/2024\/06\/pol_pl_Kask-zamkniety-RRS-Protect-Rally-489_9.jpg\" \/>\n\t<meta property=\"og:image:width\" content=\"600\" \/>\n\t<meta property=\"og:image:height\" content=\"600\" \/>\n\t<meta property=\"og:image:type\" content=\"image\/jpeg\" \/>\n<meta name=\"twitter:card\" content=\"summary_large_image\" \/>\n<meta name=\"twitter:label1\" content=\"Szacowany czas czytania\" \/>\n\t<meta name=\"twitter:data1\" content=\"1 minuta\" \/>\n<script type=\"application\/ld+json\" class=\"yoast-schema-graph\">{\"@context\":\"https:\/\/schema.org\",\"@graph\":[{\"@type\":\"WebPage\",\"@id\":\"https:\/\/cybul.eu\/pl\/sklep\/kask-zamkniety-rrs-protect-rally-2\/\",\"url\":\"https:\/\/cybul.eu\/pl\/sklep\/kask-zamkniety-rrs-protect-rally-2\/\",\"name\":\"KASK ZAMKNI\u0118TY RRS PROTECT RALLY - CYBUL\",\"isPartOf\":{\"@id\":\"https:\/\/cybul.eu\/pl\/#website\"},\"primaryImageOfPage\":{\"@id\":\"https:\/\/cybul.eu\/pl\/sklep\/kask-zamkniety-rrs-protect-rally-2\/#primaryimage\"},\"image\":{\"@id\":\"https:\/\/cybul.eu\/pl\/sklep\/kask-zamkniety-rrs-protect-rally-2\/#primaryimage\"},\"thumbnailUrl\":\"https:\/\/cybul.eu\/wp-content\/uploads\/2024\/06\/pol_pl_Kask-zamkniety-RRS-Protect-Rally-489_9.jpg\",\"datePublished\":\"2024-06-28T16:31:24+00:00\",\"dateModified\":\"2024-06-28T16:31:37+00:00\",\"breadcrumb\":{\"@id\":\"https:\/\/cybul.eu\/pl\/sklep\/kask-zamkniety-rrs-protect-rally-2\/#breadcrumb\"},\"inLanguage\":\"pl-PL\",\"potentialAction\":[{\"@type\":\"ReadAction\",\"target\":[\"https:\/\/cybul.eu\/pl\/sklep\/kask-zamkniety-rrs-protect-rally-2\/\"]}]},{\"@type\":\"ImageObject\",\"inLanguage\":\"pl-PL\",\"@id\":\"https:\/\/cybul.eu\/pl\/sklep\/kask-zamkniety-rrs-protect-rally-2\/#primaryimage\",\"url\":\"https:\/\/cybul.eu\/wp-content\/uploads\/2024\/06\/pol_pl_Kask-zamkniety-RRS-Protect-Rally-489_9.jpg\",\"contentUrl\":\"https:\/\/cybul.eu\/wp-content\/uploads\/2024\/06\/pol_pl_Kask-zamkniety-RRS-Protect-Rally-489_9.jpg\",\"width\":600,\"height\":600},{\"@type\":\"BreadcrumbList\",\"@id\":\"https:\/\/cybul.eu\/pl\/sklep\/kask-zamkniety-rrs-protect-rally-2\/#breadcrumb\",\"itemListElement\":[{\"@type\":\"ListItem\",\"position\":1,\"name\":\"Strona g\u0142\u00f3wna\",\"item\":\"https:\/\/cybul.eu\/pl\/\"},{\"@type\":\"ListItem\",\"position\":2,\"name\":\"Sklep\",\"item\":\"https:\/\/cybul.eu\/pl\/sklep\/\"},{\"@type\":\"ListItem\",\"position\":3,\"name\":\"KASK ZAMKNI\u0118TY RRS PROTECT RALLY\"}]},{\"@type\":\"WebSite\",\"@id\":\"https:\/\/cybul.eu\/pl\/#website\",\"url\":\"https:\/\/cybul.eu\/pl\/\",\"name\":\"CYBUL\",\"description\":\"\",\"potentialAction\":[{\"@type\":\"SearchAction\",\"target\":{\"@type\":\"EntryPoint\",\"urlTemplate\":\"https:\/\/cybul.eu\/pl\/?s={search_term_string}\"},\"query-input\":{\"@type\":\"PropertyValueSpecification\",\"valueRequired\":true,\"valueName\":\"search_term_string\"}}],\"inLanguage\":\"pl-PL\"}]}<\/script>\n<!-- \/ Yoast SEO plugin. -->","yoast_head_json":{"title":"KASK ZAMKNI\u0118TY RRS PROTECT RALLY - CYBUL","robots":{"index":"index","follow":"follow","max-snippet":"max-snippet:-1","max-image-preview":"max-image-preview:large","max-video-preview":"max-video-preview:-1"},"canonical":"https:\/\/cybul.eu\/pl\/sklep\/kask-zamkniety-rrs-protect-rally-2\/","og_locale":"pl_PL","og_type":"article","og_title":"KASK ZAMKNI\u0118TY RRS PROTECT RALLY - CYBUL","og_description":"Kask zamkni\u0119ty RRS Protect RallyHomologacja: FIA 8859-2015 \/&nbsp;Snell SA2020- Lekka pow\u0142oka kompozytowa- Montowane fabrycznie klipsy HANS- Lekka pow\u0142oka kompozytowa- Daszek typu Rally- 10 otwor\u00f3w wentylacyjnych- Odpinane wn\u0119trze nadaj\u0105ce si\u0119 do prania- Mo\u017cliwo\u015b\u0107 instalacji interkomu (s\u0142uchawki + mikrofon)- Zapi\u0119cie wykonane z Kevlaru- Daszek mo\u017ce by\u0107 zmieniony na szybk\u0119Kask zamkni\u0119ty RRS Protect Rally&nbsp;wykonany jest z w\u0142\u00f3kien kompozytowych co powoduje \u017ce jest bardzo lekki i wytrzyma\u0142y.Bardzo modny design w stylu \u2018Turismo\u2019, a zarazem bardzo wysoka jako\u015b wyko\u0144czenia. Posiada 10 otwor\u00f3w wentylacyjnych, r\u00f3wnie\u017c na brodzie, dla zwi\u0119kszenia komfortu kierowcy. Zamontowane klipsy HANS firmy Schroth.Kask posiada homologacj\u0119 SNELL SA2020.daj\u0119 mo\u017cliwo\u015b\u0107 wykorzystania go w ka\u017cdym sporcie motorowym w\u0142\u0105czaj\u0105c wy\u015bcigi torowe na szczeblu mi\u0119dzynarodowym. Jako\u015b wykonania i cechy kasku oferuj\u0105 znakomity stosunek warto\u015bci do ceny produktu.Kask jest w komplecie z daszkiem typu Rally, co sprawia \u017ce kask nadaj\u0119 si\u0119 do aut z zamkni\u0119tym kokpitem.Tabela rozmiar\u00f3w:","og_url":"https:\/\/cybul.eu\/pl\/sklep\/kask-zamkniety-rrs-protect-rally-2\/","og_site_name":"CYBUL","article_modified_time":"2024-06-28T16:31:37+00:00","og_image":[{"width":600,"height":600,"url":"https:\/\/cybul.eu\/wp-content\/uploads\/2024\/06\/pol_pl_Kask-zamkniety-RRS-Protect-Rally-489_9.jpg","type":"image\/jpeg"}],"twitter_card":"summary_large_image","twitter_misc":{"Szacowany czas czytania":"1 minuta"},"schema":{"@context":"https:\/\/schema.org","@graph":[{"@type":"WebPage","@id":"https:\/\/cybul.eu\/pl\/sklep\/kask-zamkniety-rrs-protect-rally-2\/","url":"https:\/\/cybul.eu\/pl\/sklep\/kask-zamkniety-rrs-protect-rally-2\/","name":"KASK ZAMKNI\u0118TY RRS PROTECT RALLY - CYBUL","isPartOf":{"@id":"https:\/\/cybul.eu\/pl\/#website"},"primaryImageOfPage":{"@id":"https:\/\/cybul.eu\/pl\/sklep\/kask-zamkniety-rrs-protect-rally-2\/#primaryimage"},"image":{"@id":"https:\/\/cybul.eu\/pl\/sklep\/kask-zamkniety-rrs-protect-rally-2\/#primaryimage"},"thumbnailUrl":"https:\/\/cybul.eu\/wp-content\/uploads\/2024\/06\/pol_pl_Kask-zamkniety-RRS-Protect-Rally-489_9.jpg","datePublished":"2024-06-28T16:31:24+00:00","dateModified":"2024-06-28T16:31:37+00:00","breadcrumb":{"@id":"https:\/\/cybul.eu\/pl\/sklep\/kask-zamkniety-rrs-protect-rally-2\/#breadcrumb"},"inLanguage":"pl-PL","potentialAction":[{"@type":"ReadAction","target":["https:\/\/cybul.eu\/pl\/sklep\/kask-zamkniety-rrs-protect-rally-2\/"]}]},{"@type":"ImageObject","inLanguage":"pl-PL","@id":"https:\/\/cybul.eu\/pl\/sklep\/kask-zamkniety-rrs-protect-rally-2\/#primaryimage","url":"https:\/\/cybul.eu\/wp-content\/uploads\/2024\/06\/pol_pl_Kask-zamkniety-RRS-Protect-Rally-489_9.jpg","contentUrl":"https:\/\/cybul.eu\/wp-content\/uploads\/2024\/06\/pol_pl_Kask-zamkniety-RRS-Protect-Rally-489_9.jpg","width":600,"height":600},{"@type":"BreadcrumbList","@id":"https:\/\/cybul.eu\/pl\/sklep\/kask-zamkniety-rrs-protect-rally-2\/#breadcrumb","itemListElement":[{"@type":"ListItem","position":1,"name":"Strona g\u0142\u00f3wna","item":"https:\/\/cybul.eu\/pl\/"},{"@type":"ListItem","position":2,"name":"Sklep","item":"https:\/\/cybul.eu\/pl\/sklep\/"},{"@type":"ListItem","position":3,"name":"KASK ZAMKNI\u0118TY RRS PROTECT RALLY"}]},{"@type":"WebSite","@id":"https:\/\/cybul.eu\/pl\/#website","url":"https:\/\/cybul.eu\/pl\/","name":"CYBUL","description":"","potentialAction":[{"@type":"SearchAction","target":{"@type":"EntryPoint","urlTemplate":"https:\/\/cybul.eu\/pl\/?s={search_term_string}"},"query-input":{"@type":"PropertyValueSpecification","valueRequired":true,"valueName":"search_term_string"}}],"inLanguage":"pl-PL"}]}},"_links":{"self":[{"href":"https:\/\/cybul.eu\/pl\/wp-json\/wp\/v2\/product\/22011","targetHints":{"allow":["GET"]}}],"collection":[{"href":"https:\/\/cybul.eu\/pl\/wp-json\/wp\/v2\/product"}],"about":[{"href":"https:\/\/cybul.eu\/pl\/wp-json\/wp\/v2\/types\/product"}],"replies":[{"embeddable":true,"href":"https:\/\/cybul.eu\/pl\/wp-json\/wp\/v2\/comments?post=22011"}],"wp:featuredmedia":[{"embeddable":true,"href":"https:\/\/cybul.eu\/pl\/wp-json\/wp\/v2\/media\/21507"}],"wp:attachment":[{"href":"https:\/\/cybul.eu\/pl\/wp-json\/wp\/v2\/media?parent=22011"}],"wp:term":[{"taxonomy":"product_cat","embeddable":true,"href":"https:\/\/cybul.eu\/pl\/wp-json\/wp\/v2\/product_cat?post=22011"},{"taxonomy":"product_tag","embeddable":true,"href":"https:\/\/cybul.eu\/pl\/wp-json\/wp\/v2\/product_tag?post=22011"}],"curies":[{"name":"wp","href":"https:\/\/api.w.org\/{rel}","templated":true}]}}