{"id":22008,"date":"2024-06-28T18:31:24","date_gmt":"2024-06-28T16:31:24","guid":{"rendered":"https:\/\/cybul.eu\/shop\/kask-omp-circuit-evo-2-2\/"},"modified":"2024-06-28T18:31:32","modified_gmt":"2024-06-28T16:31:32","slug":"kask-omp-circuit-evo-2-2","status":"publish","type":"product","link":"https:\/\/cybul.eu\/pl\/sklep\/kask-omp-circuit-evo-2-2\/","title":{"rendered":"KASK OMP CIRCUIT EVO 2"},"content":{"rendered":"<p><span><strong>Kask kartingowy OMP Circuit EVO 2<\/p>\n<p><\/strong>Homologacja:<strong> ECE 22.05<\/p>\n<p><\/strong>Zamkni\u0119ty kask kartingowy wyprodukowany przez renomowan\u0105 firm\u0119&nbsp;<\/span>OMP Racing.<br \/>Poprawiona i udoskonalona wersja kasku OMP Circuit<span>&nbsp;<\/span><span>EVO<\/span>.<br \/>Wykonany z termoplastycznego tworzywa.<br \/>Idealny do kartingu lub do imprez amatorskich.<br \/>Wyposa\u017cony w 5 otwor\u00f3w wentylacyjnych dla poprawienia komfortu u\u017cytkowania.<br \/>Dost\u0119pny w rozmiarach: XS-XXL<\/p>\n","protected":false},"excerpt":{"rendered":"<p><span><strong>Kask kartingowy OMP Circuit EVO 2<\/p>\n<p><\/strong>Homologacja:<strong> ECE 22.05<\/p>\n<p><\/strong>Zamkni\u0119ty kask kartingowy wyprodukowany przez renomowan\u0105 firm\u0119&nbsp;<\/span>OMP Racing.<br \/>Poprawiona i udoskonalona wersja kasku OMP Circuit<span>&nbsp;<\/span><span>EVO<\/span>.<br \/>Wykonany z termoplastycznego tworzywa.<br \/>Idealny do kartingu lub do imprez amatorskich.<br \/>Wyposa\u017cony w 5 otwor\u00f3w wentylacyjnych dla poprawienia komfortu u\u017cytkowania.<br \/>Dost\u0119pny w rozmiarach: XS-XXL<\/p>\n","protected":false},"featured_media":21476,"comment_status":"closed","ping_status":"open","template":"","meta":[],"product_cat":[609,560],"product_tag":[],"class_list":{"0":"post-22008","1":"product","2":"type-product","3":"status-publish","4":"has-post-thumbnail","6":"product_cat-kaski-zamkniete","7":"product_cat-odziez-rajdowa-fia","9":"first","10":"instock","11":"taxable","12":"shipping-taxable","13":"purchasable","14":"product-type-simple"},"bundled_by":[],"bundle_stock_status":"instock","bundle_stock_quantity":null,"bundle_virtual":false,"bundle_layout":"","bundle_add_to_cart_form_location":"","bundle_editable_in_cart":false,"bundle_sold_individually_context":"","bundle_item_grouping":"","bundle_min_size":"","bundle_max_size":"","bundle_price":[],"bundled_items":[],"bundle_sell_ids":[],"acf":{"zdjecie_bez_watermarka":null,"zdjecie_bez_watermarka_url":"","product_orgin_url":"https:\/\/inter-rally.pl\/product-eng-97603-Kask-OMP-Circuit-EVO-2.html"},"yoast_head":"<!-- This site is optimized with the Yoast SEO plugin v23.9 - https:\/\/yoast.com\/wordpress\/plugins\/seo\/ -->\n<title>KASK OMP CIRCUIT EVO 2 - CYBUL<\/title>\n<meta name=\"robots\" content=\"index, follow, max-snippet:-1, max-image-preview:large, max-video-preview:-1\" \/>\n<link rel=\"canonical\" href=\"https:\/\/cybul.eu\/pl\/sklep\/kask-omp-circuit-evo-2-2\/\" \/>\n<meta property=\"og:locale\" content=\"pl_PL\" \/>\n<meta property=\"og:type\" content=\"article\" \/>\n<meta property=\"og:title\" content=\"KASK OMP CIRCUIT EVO 2 - CYBUL\" \/>\n<meta property=\"og:description\" content=\"Kask kartingowy OMP Circuit EVO 2Homologacja: ECE 22.05Zamkni\u0119ty kask kartingowy wyprodukowany przez renomowan\u0105 firm\u0119&nbsp;OMP Racing.Poprawiona i udoskonalona wersja kasku OMP Circuit&nbsp;EVO.Wykonany z termoplastycznego tworzywa.Idealny do kartingu lub do imprez amatorskich.Wyposa\u017cony w 5 otwor\u00f3w wentylacyjnych dla poprawienia komfortu u\u017cytkowania.Dost\u0119pny w rozmiarach: XS-XXL\" \/>\n<meta property=\"og:url\" content=\"https:\/\/cybul.eu\/pl\/sklep\/kask-omp-circuit-evo-2-2\/\" \/>\n<meta property=\"og:site_name\" content=\"CYBUL\" \/>\n<meta property=\"article:modified_time\" content=\"2024-06-28T16:31:32+00:00\" \/>\n<meta property=\"og:image\" content=\"https:\/\/cybul.eu\/wp-content\/uploads\/2024\/06\/pol_pl_Kask-OMP-Circuit-EVO-2-97603_1.jpg\" \/>\n\t<meta property=\"og:image:width\" content=\"900\" \/>\n\t<meta property=\"og:image:height\" content=\"900\" \/>\n\t<meta property=\"og:image:type\" content=\"image\/jpeg\" \/>\n<meta name=\"twitter:card\" content=\"summary_large_image\" \/>\n<script type=\"application\/ld+json\" class=\"yoast-schema-graph\">{\"@context\":\"https:\/\/schema.org\",\"@graph\":[{\"@type\":\"WebPage\",\"@id\":\"https:\/\/cybul.eu\/pl\/sklep\/kask-omp-circuit-evo-2-2\/\",\"url\":\"https:\/\/cybul.eu\/pl\/sklep\/kask-omp-circuit-evo-2-2\/\",\"name\":\"KASK OMP CIRCUIT EVO 2 - CYBUL\",\"isPartOf\":{\"@id\":\"https:\/\/cybul.eu\/pl\/#website\"},\"primaryImageOfPage\":{\"@id\":\"https:\/\/cybul.eu\/pl\/sklep\/kask-omp-circuit-evo-2-2\/#primaryimage\"},\"image\":{\"@id\":\"https:\/\/cybul.eu\/pl\/sklep\/kask-omp-circuit-evo-2-2\/#primaryimage\"},\"thumbnailUrl\":\"https:\/\/cybul.eu\/wp-content\/uploads\/2024\/06\/pol_pl_Kask-OMP-Circuit-EVO-2-97603_1.jpg\",\"datePublished\":\"2024-06-28T16:31:24+00:00\",\"dateModified\":\"2024-06-28T16:31:32+00:00\",\"breadcrumb\":{\"@id\":\"https:\/\/cybul.eu\/pl\/sklep\/kask-omp-circuit-evo-2-2\/#breadcrumb\"},\"inLanguage\":\"pl-PL\",\"potentialAction\":[{\"@type\":\"ReadAction\",\"target\":[\"https:\/\/cybul.eu\/pl\/sklep\/kask-omp-circuit-evo-2-2\/\"]}]},{\"@type\":\"ImageObject\",\"inLanguage\":\"pl-PL\",\"@id\":\"https:\/\/cybul.eu\/pl\/sklep\/kask-omp-circuit-evo-2-2\/#primaryimage\",\"url\":\"https:\/\/cybul.eu\/wp-content\/uploads\/2024\/06\/pol_pl_Kask-OMP-Circuit-EVO-2-97603_1.jpg\",\"contentUrl\":\"https:\/\/cybul.eu\/wp-content\/uploads\/2024\/06\/pol_pl_Kask-OMP-Circuit-EVO-2-97603_1.jpg\",\"width\":900,\"height\":900},{\"@type\":\"BreadcrumbList\",\"@id\":\"https:\/\/cybul.eu\/pl\/sklep\/kask-omp-circuit-evo-2-2\/#breadcrumb\",\"itemListElement\":[{\"@type\":\"ListItem\",\"position\":1,\"name\":\"Strona g\u0142\u00f3wna\",\"item\":\"https:\/\/cybul.eu\/pl\/\"},{\"@type\":\"ListItem\",\"position\":2,\"name\":\"Sklep\",\"item\":\"https:\/\/cybul.eu\/pl\/sklep\/\"},{\"@type\":\"ListItem\",\"position\":3,\"name\":\"KASK OMP CIRCUIT EVO 2\"}]},{\"@type\":\"WebSite\",\"@id\":\"https:\/\/cybul.eu\/pl\/#website\",\"url\":\"https:\/\/cybul.eu\/pl\/\",\"name\":\"CYBUL\",\"description\":\"\",\"potentialAction\":[{\"@type\":\"SearchAction\",\"target\":{\"@type\":\"EntryPoint\",\"urlTemplate\":\"https:\/\/cybul.eu\/pl\/?s={search_term_string}\"},\"query-input\":{\"@type\":\"PropertyValueSpecification\",\"valueRequired\":true,\"valueName\":\"search_term_string\"}}],\"inLanguage\":\"pl-PL\"}]}<\/script>\n<!-- \/ Yoast SEO plugin. -->","yoast_head_json":{"title":"KASK OMP CIRCUIT EVO 2 - CYBUL","robots":{"index":"index","follow":"follow","max-snippet":"max-snippet:-1","max-image-preview":"max-image-preview:large","max-video-preview":"max-video-preview:-1"},"canonical":"https:\/\/cybul.eu\/pl\/sklep\/kask-omp-circuit-evo-2-2\/","og_locale":"pl_PL","og_type":"article","og_title":"KASK OMP CIRCUIT EVO 2 - CYBUL","og_description":"Kask kartingowy OMP Circuit EVO 2Homologacja: ECE 22.05Zamkni\u0119ty kask kartingowy wyprodukowany przez renomowan\u0105 firm\u0119&nbsp;OMP Racing.Poprawiona i udoskonalona wersja kasku OMP Circuit&nbsp;EVO.Wykonany z termoplastycznego tworzywa.Idealny do kartingu lub do imprez amatorskich.Wyposa\u017cony w 5 otwor\u00f3w wentylacyjnych dla poprawienia komfortu u\u017cytkowania.Dost\u0119pny w rozmiarach: XS-XXL","og_url":"https:\/\/cybul.eu\/pl\/sklep\/kask-omp-circuit-evo-2-2\/","og_site_name":"CYBUL","article_modified_time":"2024-06-28T16:31:32+00:00","og_image":[{"width":900,"height":900,"url":"https:\/\/cybul.eu\/wp-content\/uploads\/2024\/06\/pol_pl_Kask-OMP-Circuit-EVO-2-97603_1.jpg","type":"image\/jpeg"}],"twitter_card":"summary_large_image","schema":{"@context":"https:\/\/schema.org","@graph":[{"@type":"WebPage","@id":"https:\/\/cybul.eu\/pl\/sklep\/kask-omp-circuit-evo-2-2\/","url":"https:\/\/cybul.eu\/pl\/sklep\/kask-omp-circuit-evo-2-2\/","name":"KASK OMP CIRCUIT EVO 2 - CYBUL","isPartOf":{"@id":"https:\/\/cybul.eu\/pl\/#website"},"primaryImageOfPage":{"@id":"https:\/\/cybul.eu\/pl\/sklep\/kask-omp-circuit-evo-2-2\/#primaryimage"},"image":{"@id":"https:\/\/cybul.eu\/pl\/sklep\/kask-omp-circuit-evo-2-2\/#primaryimage"},"thumbnailUrl":"https:\/\/cybul.eu\/wp-content\/uploads\/2024\/06\/pol_pl_Kask-OMP-Circuit-EVO-2-97603_1.jpg","datePublished":"2024-06-28T16:31:24+00:00","dateModified":"2024-06-28T16:31:32+00:00","breadcrumb":{"@id":"https:\/\/cybul.eu\/pl\/sklep\/kask-omp-circuit-evo-2-2\/#breadcrumb"},"inLanguage":"pl-PL","potentialAction":[{"@type":"ReadAction","target":["https:\/\/cybul.eu\/pl\/sklep\/kask-omp-circuit-evo-2-2\/"]}]},{"@type":"ImageObject","inLanguage":"pl-PL","@id":"https:\/\/cybul.eu\/pl\/sklep\/kask-omp-circuit-evo-2-2\/#primaryimage","url":"https:\/\/cybul.eu\/wp-content\/uploads\/2024\/06\/pol_pl_Kask-OMP-Circuit-EVO-2-97603_1.jpg","contentUrl":"https:\/\/cybul.eu\/wp-content\/uploads\/2024\/06\/pol_pl_Kask-OMP-Circuit-EVO-2-97603_1.jpg","width":900,"height":900},{"@type":"BreadcrumbList","@id":"https:\/\/cybul.eu\/pl\/sklep\/kask-omp-circuit-evo-2-2\/#breadcrumb","itemListElement":[{"@type":"ListItem","position":1,"name":"Strona g\u0142\u00f3wna","item":"https:\/\/cybul.eu\/pl\/"},{"@type":"ListItem","position":2,"name":"Sklep","item":"https:\/\/cybul.eu\/pl\/sklep\/"},{"@type":"ListItem","position":3,"name":"KASK OMP CIRCUIT EVO 2"}]},{"@type":"WebSite","@id":"https:\/\/cybul.eu\/pl\/#website","url":"https:\/\/cybul.eu\/pl\/","name":"CYBUL","description":"","potentialAction":[{"@type":"SearchAction","target":{"@type":"EntryPoint","urlTemplate":"https:\/\/cybul.eu\/pl\/?s={search_term_string}"},"query-input":{"@type":"PropertyValueSpecification","valueRequired":true,"valueName":"search_term_string"}}],"inLanguage":"pl-PL"}]}},"_links":{"self":[{"href":"https:\/\/cybul.eu\/pl\/wp-json\/wp\/v2\/product\/22008","targetHints":{"allow":["GET"]}}],"collection":[{"href":"https:\/\/cybul.eu\/pl\/wp-json\/wp\/v2\/product"}],"about":[{"href":"https:\/\/cybul.eu\/pl\/wp-json\/wp\/v2\/types\/product"}],"replies":[{"embeddable":true,"href":"https:\/\/cybul.eu\/pl\/wp-json\/wp\/v2\/comments?post=22008"}],"wp:featuredmedia":[{"embeddable":true,"href":"https:\/\/cybul.eu\/pl\/wp-json\/wp\/v2\/media\/21476"}],"wp:attachment":[{"href":"https:\/\/cybul.eu\/pl\/wp-json\/wp\/v2\/media?parent=22008"}],"wp:term":[{"taxonomy":"product_cat","embeddable":true,"href":"https:\/\/cybul.eu\/pl\/wp-json\/wp\/v2\/product_cat?post=22008"},{"taxonomy":"product_tag","embeddable":true,"href":"https:\/\/cybul.eu\/pl\/wp-json\/wp\/v2\/product_tag?post=22008"}],"curies":[{"name":"wp","href":"https:\/\/api.w.org\/{rel}","templated":true}]}}