{"id":22006,"date":"2024-06-28T18:31:24","date_gmt":"2024-06-28T16:31:24","guid":{"rendered":"https:\/\/cybul.eu\/shop\/kask-sparco-x-pro-2\/"},"modified":"2024-06-28T18:31:30","modified_gmt":"2024-06-28T16:31:30","slug":"kask-sparco-x-pro-2","status":"publish","type":"product","link":"https:\/\/cybul.eu\/pl\/sklep\/kask-sparco-x-pro-2\/","title":{"rendered":"KASK SPARCO X-PRO"},"content":{"rendered":"<p><span><strong>Kask zamkni\u0119ty Sparco&nbsp;X-Pro<\/p>\n<p><\/strong><\/span>X-Pro firmy Sparco to kask zamkni\u0119ty dla pocz\u0105tkuj\u0105cych, odpowiedni do zawod\u00f3w, kt\u00f3re nie wymagaj\u0105 kasku zatwierdzonego przez FIA lub Snell. Wykonane z lekkiej skorupy ATM z mi\u0119kk\u0105 i wygodn\u0105 hipoalergiczn\u0105 wy\u015bci\u00f3\u0142k\u0105 oraz zamykanymi otworami wentylacyjnymi, kt\u00f3re w razie potrzeby zapewniaj\u0105 przep\u0142yw powietrza przez kask.<\/p>\n<p>&#8211; Homologacja&nbsp;ECE 22.06<br \/>&#8211;&nbsp;<span>Lekka skorupa ATM redukuj\u0105ca stres i obci\u0105\u017cenie mi\u0119\u015bni szyi<\/span><br \/>&#8211; Pe\u0142na os\u0142ona twarzy z nieograniczon\u0105 mo\u017cliwo\u015bci\u0105 regulacji za pomoc\u0105 mechanizmu zapadkowego<br \/>&#8211;&nbsp;Otwory wentylacyjne na brodzie i w g\u00f3rnej cz\u0119\u015bci kasku zapewniaj\u0105 doskona\u0142\u0105 wentylacj\u0119, dzi\u0119ki czemu g\u0142owa jest ch\u0142odniejsza. W razie potrzeby otwory wentylacyjne mo\u017cna zamkn\u0105\u0107<br \/>&#8211;&nbsp;Mi\u0119kka hipoalergiczna wy\u015bci\u00f3\u0142ka zapewnia wygodne dopasowanie<\/p>\n","protected":false},"excerpt":{"rendered":"<p><span><strong>Kask zamkni\u0119ty Sparco&nbsp;X-Pro<\/p>\n<p><\/strong><\/span>X-Pro firmy Sparco to kask zamkni\u0119ty dla pocz\u0105tkuj\u0105cych, odpowiedni do zawod\u00f3w, kt\u00f3re nie wymagaj\u0105 kasku zatwierdzonego przez FIA lub Snell. Wykonane z lekkiej skorupy ATM z mi\u0119kk\u0105 i wygodn\u0105 hipoalergiczn\u0105 wy\u015bci\u00f3\u0142k\u0105 oraz zamykanymi otworami wentylacyjnymi, kt\u00f3re w razie potrzeby zapewniaj\u0105 przep\u0142yw powietrza przez kask.<\/p>\n<p>&#8211; Homologacja&nbsp;ECE 22.06<br \/>&#8211;&nbsp;<span>Lekka skorupa ATM redukuj\u0105ca stres i obci\u0105\u017cenie mi\u0119\u015bni szyi<\/span><br \/>&#8211; Pe\u0142na os\u0142ona twarzy z nieograniczon\u0105 mo\u017cliwo\u015bci\u0105 regulacji za pomoc\u0105 mechanizmu zapadkowego<br \/>&#8211;&nbsp;Otwory wentylacyjne na brodzie i w g\u00f3rnej cz\u0119\u015bci kasku zapewniaj\u0105 doskona\u0142\u0105 wentylacj\u0119, dzi\u0119ki czemu g\u0142owa jest ch\u0142odniejsza. W razie potrzeby otwory wentylacyjne mo\u017cna zamkn\u0105\u0107<br \/>&#8211;&nbsp;Mi\u0119kka hipoalergiczna wy\u015bci\u00f3\u0142ka zapewnia wygodne dopasowanie<\/p>\n","protected":false},"featured_media":21464,"comment_status":"closed","ping_status":"open","template":"","meta":[],"product_cat":[609,560],"product_tag":[],"class_list":{"0":"post-22006","1":"product","2":"type-product","3":"status-publish","4":"has-post-thumbnail","6":"product_cat-kaski-zamkniete","7":"product_cat-odziez-rajdowa-fia","9":"first","10":"instock","11":"taxable","12":"shipping-taxable","13":"purchasable","14":"product-type-simple"},"bundled_by":[],"bundle_stock_status":"instock","bundle_stock_quantity":null,"bundle_virtual":false,"bundle_layout":"","bundle_add_to_cart_form_location":"","bundle_editable_in_cart":false,"bundle_sold_individually_context":"","bundle_item_grouping":"","bundle_min_size":"","bundle_max_size":"","bundle_price":[],"bundled_items":[],"bundle_sell_ids":[],"acf":{"zdjecie_bez_watermarka":null,"zdjecie_bez_watermarka_url":"","product_orgin_url":"https:\/\/inter-rally.pl\/product-eng-202610-Kask-Sparco-X-Pro.html"},"yoast_head":"<!-- This site is optimized with the Yoast SEO plugin v23.9 - https:\/\/yoast.com\/wordpress\/plugins\/seo\/ -->\n<title>KASK SPARCO X-PRO - CYBUL<\/title>\n<meta name=\"robots\" content=\"index, follow, max-snippet:-1, max-image-preview:large, max-video-preview:-1\" \/>\n<link rel=\"canonical\" href=\"https:\/\/cybul.eu\/pl\/sklep\/kask-sparco-x-pro-2\/\" \/>\n<meta property=\"og:locale\" content=\"pl_PL\" \/>\n<meta property=\"og:type\" content=\"article\" \/>\n<meta property=\"og:title\" content=\"KASK SPARCO X-PRO - CYBUL\" \/>\n<meta property=\"og:description\" content=\"Kask zamkni\u0119ty Sparco&nbsp;X-ProX-Pro firmy Sparco to kask zamkni\u0119ty dla pocz\u0105tkuj\u0105cych, odpowiedni do zawod\u00f3w, kt\u00f3re nie wymagaj\u0105 kasku zatwierdzonego przez FIA lub Snell. Wykonane z lekkiej skorupy ATM z mi\u0119kk\u0105 i wygodn\u0105 hipoalergiczn\u0105 wy\u015bci\u00f3\u0142k\u0105 oraz zamykanymi otworami wentylacyjnymi, kt\u00f3re w razie potrzeby zapewniaj\u0105 przep\u0142yw powietrza przez kask.- Homologacja&nbsp;ECE 22.06-&nbsp;Lekka skorupa ATM redukuj\u0105ca stres i obci\u0105\u017cenie mi\u0119\u015bni szyi- Pe\u0142na os\u0142ona twarzy z nieograniczon\u0105 mo\u017cliwo\u015bci\u0105 regulacji za pomoc\u0105 mechanizmu zapadkowego-&nbsp;Otwory wentylacyjne na brodzie i w g\u00f3rnej cz\u0119\u015bci kasku zapewniaj\u0105 doskona\u0142\u0105 wentylacj\u0119, dzi\u0119ki czemu g\u0142owa jest ch\u0142odniejsza. W razie potrzeby otwory wentylacyjne mo\u017cna zamkn\u0105\u0107-&nbsp;Mi\u0119kka hipoalergiczna wy\u015bci\u00f3\u0142ka zapewnia wygodne dopasowanie\" \/>\n<meta property=\"og:url\" content=\"https:\/\/cybul.eu\/pl\/sklep\/kask-sparco-x-pro-2\/\" \/>\n<meta property=\"og:site_name\" content=\"CYBUL\" \/>\n<meta property=\"article:modified_time\" content=\"2024-06-28T16:31:30+00:00\" \/>\n<meta property=\"og:image\" content=\"https:\/\/cybul.eu\/wp-content\/uploads\/2024\/06\/pol_pl_Kask-Sparco-X-Pro-202610_1.jpg\" \/>\n\t<meta property=\"og:image:width\" content=\"900\" \/>\n\t<meta property=\"og:image:height\" content=\"900\" \/>\n\t<meta property=\"og:image:type\" content=\"image\/jpeg\" \/>\n<meta name=\"twitter:card\" content=\"summary_large_image\" \/>\n<meta name=\"twitter:label1\" content=\"Szacowany czas czytania\" \/>\n\t<meta name=\"twitter:data1\" content=\"1 minuta\" \/>\n<script type=\"application\/ld+json\" class=\"yoast-schema-graph\">{\"@context\":\"https:\/\/schema.org\",\"@graph\":[{\"@type\":\"WebPage\",\"@id\":\"https:\/\/cybul.eu\/pl\/sklep\/kask-sparco-x-pro-2\/\",\"url\":\"https:\/\/cybul.eu\/pl\/sklep\/kask-sparco-x-pro-2\/\",\"name\":\"KASK SPARCO X-PRO - CYBUL\",\"isPartOf\":{\"@id\":\"https:\/\/cybul.eu\/pl\/#website\"},\"primaryImageOfPage\":{\"@id\":\"https:\/\/cybul.eu\/pl\/sklep\/kask-sparco-x-pro-2\/#primaryimage\"},\"image\":{\"@id\":\"https:\/\/cybul.eu\/pl\/sklep\/kask-sparco-x-pro-2\/#primaryimage\"},\"thumbnailUrl\":\"https:\/\/cybul.eu\/wp-content\/uploads\/2024\/06\/pol_pl_Kask-Sparco-X-Pro-202610_1.jpg\",\"datePublished\":\"2024-06-28T16:31:24+00:00\",\"dateModified\":\"2024-06-28T16:31:30+00:00\",\"breadcrumb\":{\"@id\":\"https:\/\/cybul.eu\/pl\/sklep\/kask-sparco-x-pro-2\/#breadcrumb\"},\"inLanguage\":\"pl-PL\",\"potentialAction\":[{\"@type\":\"ReadAction\",\"target\":[\"https:\/\/cybul.eu\/pl\/sklep\/kask-sparco-x-pro-2\/\"]}]},{\"@type\":\"ImageObject\",\"inLanguage\":\"pl-PL\",\"@id\":\"https:\/\/cybul.eu\/pl\/sklep\/kask-sparco-x-pro-2\/#primaryimage\",\"url\":\"https:\/\/cybul.eu\/wp-content\/uploads\/2024\/06\/pol_pl_Kask-Sparco-X-Pro-202610_1.jpg\",\"contentUrl\":\"https:\/\/cybul.eu\/wp-content\/uploads\/2024\/06\/pol_pl_Kask-Sparco-X-Pro-202610_1.jpg\",\"width\":900,\"height\":900},{\"@type\":\"BreadcrumbList\",\"@id\":\"https:\/\/cybul.eu\/pl\/sklep\/kask-sparco-x-pro-2\/#breadcrumb\",\"itemListElement\":[{\"@type\":\"ListItem\",\"position\":1,\"name\":\"Strona g\u0142\u00f3wna\",\"item\":\"https:\/\/cybul.eu\/pl\/\"},{\"@type\":\"ListItem\",\"position\":2,\"name\":\"Sklep\",\"item\":\"https:\/\/cybul.eu\/pl\/sklep\/\"},{\"@type\":\"ListItem\",\"position\":3,\"name\":\"KASK SPARCO X-PRO\"}]},{\"@type\":\"WebSite\",\"@id\":\"https:\/\/cybul.eu\/pl\/#website\",\"url\":\"https:\/\/cybul.eu\/pl\/\",\"name\":\"CYBUL\",\"description\":\"\",\"potentialAction\":[{\"@type\":\"SearchAction\",\"target\":{\"@type\":\"EntryPoint\",\"urlTemplate\":\"https:\/\/cybul.eu\/pl\/?s={search_term_string}\"},\"query-input\":{\"@type\":\"PropertyValueSpecification\",\"valueRequired\":true,\"valueName\":\"search_term_string\"}}],\"inLanguage\":\"pl-PL\"}]}<\/script>\n<!-- \/ Yoast SEO plugin. -->","yoast_head_json":{"title":"KASK SPARCO X-PRO - CYBUL","robots":{"index":"index","follow":"follow","max-snippet":"max-snippet:-1","max-image-preview":"max-image-preview:large","max-video-preview":"max-video-preview:-1"},"canonical":"https:\/\/cybul.eu\/pl\/sklep\/kask-sparco-x-pro-2\/","og_locale":"pl_PL","og_type":"article","og_title":"KASK SPARCO X-PRO - CYBUL","og_description":"Kask zamkni\u0119ty Sparco&nbsp;X-ProX-Pro firmy Sparco to kask zamkni\u0119ty dla pocz\u0105tkuj\u0105cych, odpowiedni do zawod\u00f3w, kt\u00f3re nie wymagaj\u0105 kasku zatwierdzonego przez FIA lub Snell. Wykonane z lekkiej skorupy ATM z mi\u0119kk\u0105 i wygodn\u0105 hipoalergiczn\u0105 wy\u015bci\u00f3\u0142k\u0105 oraz zamykanymi otworami wentylacyjnymi, kt\u00f3re w razie potrzeby zapewniaj\u0105 przep\u0142yw powietrza przez kask.- Homologacja&nbsp;ECE 22.06-&nbsp;Lekka skorupa ATM redukuj\u0105ca stres i obci\u0105\u017cenie mi\u0119\u015bni szyi- Pe\u0142na os\u0142ona twarzy z nieograniczon\u0105 mo\u017cliwo\u015bci\u0105 regulacji za pomoc\u0105 mechanizmu zapadkowego-&nbsp;Otwory wentylacyjne na brodzie i w g\u00f3rnej cz\u0119\u015bci kasku zapewniaj\u0105 doskona\u0142\u0105 wentylacj\u0119, dzi\u0119ki czemu g\u0142owa jest ch\u0142odniejsza. W razie potrzeby otwory wentylacyjne mo\u017cna zamkn\u0105\u0107-&nbsp;Mi\u0119kka hipoalergiczna wy\u015bci\u00f3\u0142ka zapewnia wygodne dopasowanie","og_url":"https:\/\/cybul.eu\/pl\/sklep\/kask-sparco-x-pro-2\/","og_site_name":"CYBUL","article_modified_time":"2024-06-28T16:31:30+00:00","og_image":[{"width":900,"height":900,"url":"https:\/\/cybul.eu\/wp-content\/uploads\/2024\/06\/pol_pl_Kask-Sparco-X-Pro-202610_1.jpg","type":"image\/jpeg"}],"twitter_card":"summary_large_image","twitter_misc":{"Szacowany czas czytania":"1 minuta"},"schema":{"@context":"https:\/\/schema.org","@graph":[{"@type":"WebPage","@id":"https:\/\/cybul.eu\/pl\/sklep\/kask-sparco-x-pro-2\/","url":"https:\/\/cybul.eu\/pl\/sklep\/kask-sparco-x-pro-2\/","name":"KASK SPARCO X-PRO - CYBUL","isPartOf":{"@id":"https:\/\/cybul.eu\/pl\/#website"},"primaryImageOfPage":{"@id":"https:\/\/cybul.eu\/pl\/sklep\/kask-sparco-x-pro-2\/#primaryimage"},"image":{"@id":"https:\/\/cybul.eu\/pl\/sklep\/kask-sparco-x-pro-2\/#primaryimage"},"thumbnailUrl":"https:\/\/cybul.eu\/wp-content\/uploads\/2024\/06\/pol_pl_Kask-Sparco-X-Pro-202610_1.jpg","datePublished":"2024-06-28T16:31:24+00:00","dateModified":"2024-06-28T16:31:30+00:00","breadcrumb":{"@id":"https:\/\/cybul.eu\/pl\/sklep\/kask-sparco-x-pro-2\/#breadcrumb"},"inLanguage":"pl-PL","potentialAction":[{"@type":"ReadAction","target":["https:\/\/cybul.eu\/pl\/sklep\/kask-sparco-x-pro-2\/"]}]},{"@type":"ImageObject","inLanguage":"pl-PL","@id":"https:\/\/cybul.eu\/pl\/sklep\/kask-sparco-x-pro-2\/#primaryimage","url":"https:\/\/cybul.eu\/wp-content\/uploads\/2024\/06\/pol_pl_Kask-Sparco-X-Pro-202610_1.jpg","contentUrl":"https:\/\/cybul.eu\/wp-content\/uploads\/2024\/06\/pol_pl_Kask-Sparco-X-Pro-202610_1.jpg","width":900,"height":900},{"@type":"BreadcrumbList","@id":"https:\/\/cybul.eu\/pl\/sklep\/kask-sparco-x-pro-2\/#breadcrumb","itemListElement":[{"@type":"ListItem","position":1,"name":"Strona g\u0142\u00f3wna","item":"https:\/\/cybul.eu\/pl\/"},{"@type":"ListItem","position":2,"name":"Sklep","item":"https:\/\/cybul.eu\/pl\/sklep\/"},{"@type":"ListItem","position":3,"name":"KASK SPARCO X-PRO"}]},{"@type":"WebSite","@id":"https:\/\/cybul.eu\/pl\/#website","url":"https:\/\/cybul.eu\/pl\/","name":"CYBUL","description":"","potentialAction":[{"@type":"SearchAction","target":{"@type":"EntryPoint","urlTemplate":"https:\/\/cybul.eu\/pl\/?s={search_term_string}"},"query-input":{"@type":"PropertyValueSpecification","valueRequired":true,"valueName":"search_term_string"}}],"inLanguage":"pl-PL"}]}},"_links":{"self":[{"href":"https:\/\/cybul.eu\/pl\/wp-json\/wp\/v2\/product\/22006","targetHints":{"allow":["GET"]}}],"collection":[{"href":"https:\/\/cybul.eu\/pl\/wp-json\/wp\/v2\/product"}],"about":[{"href":"https:\/\/cybul.eu\/pl\/wp-json\/wp\/v2\/types\/product"}],"replies":[{"embeddable":true,"href":"https:\/\/cybul.eu\/pl\/wp-json\/wp\/v2\/comments?post=22006"}],"wp:featuredmedia":[{"embeddable":true,"href":"https:\/\/cybul.eu\/pl\/wp-json\/wp\/v2\/media\/21464"}],"wp:attachment":[{"href":"https:\/\/cybul.eu\/pl\/wp-json\/wp\/v2\/media?parent=22006"}],"wp:term":[{"taxonomy":"product_cat","embeddable":true,"href":"https:\/\/cybul.eu\/pl\/wp-json\/wp\/v2\/product_cat?post=22006"},{"taxonomy":"product_tag","embeddable":true,"href":"https:\/\/cybul.eu\/pl\/wp-json\/wp\/v2\/product_tag?post=22006"}],"curies":[{"name":"wp","href":"https:\/\/api.w.org\/{rel}","templated":true}]}}