{"id":21446,"date":"2024-06-28T17:46:38","date_gmt":"2024-06-28T15:46:38","guid":{"rendered":"https:\/\/cybul.eu\/shop\/kask-stilo-venti-wrc-zero-8860-carbon-rally\/"},"modified":"2024-06-28T17:47:14","modified_gmt":"2024-06-28T15:47:14","slug":"kask-stilo-venti-wrc-zero-8860-carbon-rally","status":"publish","type":"product","link":"https:\/\/cybul.eu\/pl\/sklep\/kask-stilo-venti-wrc-zero-8860-carbon-rally\/","title":{"rendered":"KASK STILO VENTI WRC ZERO 8860 CARBON RALLY"},"content":{"rendered":"<p><strong>Kask Stilo Venti WRC Zero 8860 Carbon Rally<\/p>\n<p><\/strong>Homologacja:<strong> FIA 8860-2018<\/strong><strong><\/p>\n<p><\/strong>Najnowsza wersja kasku Stilo z homologacj\u0105 FIA 8860-2018. Zaprojektowany z my\u015bl\u0105 o jak najni\u017cszej wadze przy jednoczesnym zachowaniu niesamowitej wytrzyma\u0142o\u015bci jak\u0105 dyktuje homologacja. Skorupa wykonana jest w 100% z carbonu.<br \/>Budowa skorupy pozwala na u\u017cytkowanie z bezprzewodowym interkomem Stilo WL-10. Jest tak\u017ce kompatybilny z tradycyjnymi centralkami z wtyczk\u0105 Stilo.<br \/>Skorupa kasku wykonana w najnowszej technologii PURO, kt\u00f3ra pozwala na wyeliminowanie zewn\u0119trznej warstwy lakieru i redukcji wagi.<br \/>Jest wyposa\u017cony w zintegrowany interkom, kt\u00f3ry posiada: wyposa\u017cone w g\u0142o\u015bniki nauszniki t\u0142umi\u0105ce ha\u0142as, mikrofon z redukcj\u0105 szum\u00f3w, zintegrowan\u0105 wtyczk\u0119 interkomu. Posiada klipsy HANS.<\/p>\n<p>&#8211; <strong>Regulowany mikrofon:<\/strong> kask posiada wbudowany mikrofon. Mo\u017ce by\u0107 z \u0142atwo\u015bci\u0105 regulowany za pomoc\u0105 specjalnych dystans\u00f3w do\u0142\u0105czonych do zestawu.<br \/>&#8211; <strong>Wbudowana wtyczka:<\/strong> Venti WRC jest wyposa\u017cony we wbudowan\u0105 wtyczk\u0119 interkomu, kt\u00f3ra jest zamontowana pod k\u0105tem, aby u\u0142atwi\u0107 pod\u0142\u0105czenie do interkomu. Jest kompatybilny z bezprzewodowym interkomem Stilo WL-10 oraz innymi przewodowymi centralkami z wtyczk\u0105 Stilo.<br \/>&#8211; <strong>Nauszniki:<\/strong> wyposa\u017cone w g\u0142o\u015bniki, idealnie przywieraj\u0105 do g\u0142owy zapewniaj\u0105c t\u0142umienie ha\u0142as\u00f3w. Podobnie jak mikrofon, mog\u0105 by\u0107 regulowane za pomoc\u0105 dost\u0119pnych w zestawie g\u0105bek.<br \/>&#8211; <strong>Daszek:<\/strong> kask posiada regulowany daszek, kt\u00f3ry dodatkowo mo\u017ce by\u0107 doposa\u017cony w regulowany wizjer (do kupienia osobno), aby jeszcze lepiej chroni\u0107 przed s\u0142o\u0144cem.<\/p>\n<p><strong>Waga:<\/strong><br \/>&#8211; oko\u0142o <strong>1190g<\/strong> &#8211; rozmiary XS, S, M, L<br \/>&#8211; oko\u0142o <strong>1220g<\/strong> &#8211; rozmiary L, XL<\/p>\n<p><strong style=\"color: #ff0000;\">Kompatybilny z centralkami:<br \/><\/strong>&#8211; WL-10<br \/>&#8211; DG-30<br \/>&#8211; DG-10<br \/>&#8211; WRC 03<br \/>&#8211; WRC DES 9V<\/p>\n","protected":false},"excerpt":{"rendered":"<p><strong>Kask Stilo Venti WRC Zero 8860 Carbon Rally<\/p>\n<p><\/strong>Homologacja:<strong> FIA 8860-2018<\/strong><strong><\/p>\n<p><\/strong>Najnowsza wersja kasku Stilo z homologacj\u0105 FIA 8860-2018. Zaprojektowany z my\u015bl\u0105 o jak najni\u017cszej wadze przy jednoczesnym zachowaniu niesamowitej wytrzyma\u0142o\u015bci jak\u0105 dyktuje homologacja. Skorupa wykonana jest w 100% z carbonu.<br \/>Budowa skorupy pozwala na u\u017cytkowanie z bezprzewodowym interkomem Stilo WL-10. Jest tak\u017ce kompatybilny z tradycyjnymi centralkami z wtyczk\u0105 Stilo.<br \/>Skorupa kasku wykonana w najnowszej technologii PURO, kt\u00f3ra pozwala na wyeliminowanie zewn\u0119trznej warstwy lakieru i redukcji wagi.<br \/>Jest wyposa\u017cony w zintegrowany interkom, kt\u00f3ry posiada: wyposa\u017cone w g\u0142o\u015bniki nauszniki t\u0142umi\u0105ce ha\u0142as, mikrofon z redukcj\u0105 szum\u00f3w, zintegrowan\u0105 wtyczk\u0119 interkomu. Posiada klipsy HANS.<\/p>\n<p>&#8211; <strong>Regulowany mikrofon:<\/strong> kask posiada wbudowany mikrofon. Mo\u017ce by\u0107 z \u0142atwo\u015bci\u0105 regulowany za pomoc\u0105 specjalnych dystans\u00f3w do\u0142\u0105czonych do zestawu.<br \/>&#8211; <strong>Wbudowana wtyczka:<\/strong> Venti WRC jest wyposa\u017cony we wbudowan\u0105 wtyczk\u0119 interkomu, kt\u00f3ra jest zamontowana pod k\u0105tem, aby u\u0142atwi\u0107 pod\u0142\u0105czenie do interkomu. Jest kompatybilny z bezprzewodowym interkomem Stilo WL-10 oraz innymi przewodowymi centralkami z wtyczk\u0105 Stilo.<br \/>&#8211; <strong>Nauszniki:<\/strong> wyposa\u017cone w g\u0142o\u015bniki, idealnie przywieraj\u0105 do g\u0142owy zapewniaj\u0105c t\u0142umienie ha\u0142as\u00f3w. Podobnie jak mikrofon, mog\u0105 by\u0107 regulowane za pomoc\u0105 dost\u0119pnych w zestawie g\u0105bek.<br \/>&#8211; <strong>Daszek:<\/strong> kask posiada regulowany daszek, kt\u00f3ry dodatkowo mo\u017ce by\u0107 doposa\u017cony w regulowany wizjer (do kupienia osobno), aby jeszcze lepiej chroni\u0107 przed s\u0142o\u0144cem.<\/p>\n<p><strong>Waga:<\/strong><br \/>&#8211; oko\u0142o <strong>1190g<\/strong> &#8211; rozmiary XS, S, M, L<br \/>&#8211; oko\u0142o <strong>1220g<\/strong> &#8211; rozmiary L, XL<\/p>\n<p><strong style=\"color: #ff0000;\">Kompatybilny z centralkami:<br \/><\/strong>&#8211; WL-10<br \/>&#8211; DG-30<br \/>&#8211; DG-10<br \/>&#8211; WRC 03<br \/>&#8211; WRC DES 9V<\/p>\n","protected":false},"featured_media":21360,"comment_status":"closed","ping_status":"open","template":"","meta":[],"product_cat":[607,560],"product_tag":[],"class_list":{"0":"post-21446","1":"product","2":"type-product","3":"status-publish","4":"has-post-thumbnail","6":"product_cat-kaski-otwarte","7":"product_cat-odziez-rajdowa-fia","9":"first","10":"instock","11":"taxable","12":"shipping-taxable","13":"purchasable","14":"product-type-simple"},"bundled_by":[],"bundle_stock_status":"instock","bundle_stock_quantity":null,"bundle_virtual":false,"bundle_layout":"","bundle_add_to_cart_form_location":"","bundle_editable_in_cart":false,"bundle_sold_individually_context":"","bundle_item_grouping":"","bundle_min_size":"","bundle_max_size":"","bundle_price":[],"bundled_items":[],"bundle_sell_ids":[],"acf":{"zdjecie_bez_watermarka":null,"zdjecie_bez_watermarka_url":"","product_orgin_url":"https:\/\/inter-rally.pl\/product-eng-74118-Kask-Stilo-Venti-WRC-Zero-8860-Carbon-Rally.html"},"yoast_head":"<!-- This site is optimized with the Yoast SEO plugin v23.9 - https:\/\/yoast.com\/wordpress\/plugins\/seo\/ -->\n<title>KASK STILO VENTI WRC ZERO 8860 CARBON RALLY - CYBUL<\/title>\n<meta name=\"robots\" content=\"index, follow, max-snippet:-1, max-image-preview:large, max-video-preview:-1\" \/>\n<link rel=\"canonical\" href=\"https:\/\/cybul.eu\/pl\/sklep\/kask-stilo-venti-wrc-zero-8860-carbon-rally\/\" \/>\n<meta property=\"og:locale\" content=\"pl_PL\" \/>\n<meta property=\"og:type\" content=\"article\" \/>\n<meta property=\"og:title\" content=\"KASK STILO VENTI WRC ZERO 8860 CARBON RALLY - CYBUL\" \/>\n<meta property=\"og:description\" content=\"Kask Stilo Venti WRC Zero 8860 Carbon RallyHomologacja: FIA 8860-2018Najnowsza wersja kasku Stilo z homologacj\u0105 FIA 8860-2018. Zaprojektowany z my\u015bl\u0105 o jak najni\u017cszej wadze przy jednoczesnym zachowaniu niesamowitej wytrzyma\u0142o\u015bci jak\u0105 dyktuje homologacja. Skorupa wykonana jest w 100% z carbonu.Budowa skorupy pozwala na u\u017cytkowanie z bezprzewodowym interkomem Stilo WL-10. Jest tak\u017ce kompatybilny z tradycyjnymi centralkami z wtyczk\u0105 Stilo.Skorupa kasku wykonana w najnowszej technologii PURO, kt\u00f3ra pozwala na wyeliminowanie zewn\u0119trznej warstwy lakieru i redukcji wagi.Jest wyposa\u017cony w zintegrowany interkom, kt\u00f3ry posiada: wyposa\u017cone w g\u0142o\u015bniki nauszniki t\u0142umi\u0105ce ha\u0142as, mikrofon z redukcj\u0105 szum\u00f3w, zintegrowan\u0105 wtyczk\u0119 interkomu. Posiada klipsy HANS.- Regulowany mikrofon: kask posiada wbudowany mikrofon. Mo\u017ce by\u0107 z \u0142atwo\u015bci\u0105 regulowany za pomoc\u0105 specjalnych dystans\u00f3w do\u0142\u0105czonych do zestawu.- Wbudowana wtyczka: Venti WRC jest wyposa\u017cony we wbudowan\u0105 wtyczk\u0119 interkomu, kt\u00f3ra jest zamontowana pod k\u0105tem, aby u\u0142atwi\u0107 pod\u0142\u0105czenie do interkomu. Jest kompatybilny z bezprzewodowym interkomem Stilo WL-10 oraz innymi przewodowymi centralkami z wtyczk\u0105 Stilo.- Nauszniki: wyposa\u017cone w g\u0142o\u015bniki, idealnie przywieraj\u0105 do g\u0142owy zapewniaj\u0105c t\u0142umienie ha\u0142as\u00f3w. Podobnie jak mikrofon, mog\u0105 by\u0107 regulowane za pomoc\u0105 dost\u0119pnych w zestawie g\u0105bek.- Daszek: kask posiada regulowany daszek, kt\u00f3ry dodatkowo mo\u017ce by\u0107 doposa\u017cony w regulowany wizjer (do kupienia osobno), aby jeszcze lepiej chroni\u0107 przed s\u0142o\u0144cem.Waga:- oko\u0142o 1190g - rozmiary XS, S, M, L- oko\u0142o 1220g - rozmiary L, XLKompatybilny z centralkami:- WL-10- DG-30- DG-10- WRC 03- WRC DES 9V\" \/>\n<meta property=\"og:url\" content=\"https:\/\/cybul.eu\/pl\/sklep\/kask-stilo-venti-wrc-zero-8860-carbon-rally\/\" \/>\n<meta property=\"og:site_name\" content=\"CYBUL\" \/>\n<meta property=\"article:modified_time\" content=\"2024-06-28T15:47:14+00:00\" \/>\n<meta property=\"og:image\" content=\"https:\/\/cybul.eu\/wp-content\/uploads\/2024\/06\/pol_pl_Kask-Stilo-Venti-WRC-Zero-8860-Carbon-Rally-74118_1.jpg\" \/>\n\t<meta property=\"og:image:width\" content=\"900\" \/>\n\t<meta property=\"og:image:height\" content=\"900\" \/>\n\t<meta property=\"og:image:type\" content=\"image\/jpeg\" \/>\n<meta name=\"twitter:card\" content=\"summary_large_image\" \/>\n<meta name=\"twitter:label1\" content=\"Szacowany czas czytania\" \/>\n\t<meta name=\"twitter:data1\" content=\"1 minuta\" \/>\n<script type=\"application\/ld+json\" class=\"yoast-schema-graph\">{\"@context\":\"https:\/\/schema.org\",\"@graph\":[{\"@type\":\"WebPage\",\"@id\":\"https:\/\/cybul.eu\/pl\/sklep\/kask-stilo-venti-wrc-zero-8860-carbon-rally\/\",\"url\":\"https:\/\/cybul.eu\/pl\/sklep\/kask-stilo-venti-wrc-zero-8860-carbon-rally\/\",\"name\":\"KASK STILO VENTI WRC ZERO 8860 CARBON RALLY - CYBUL\",\"isPartOf\":{\"@id\":\"https:\/\/cybul.eu\/pl\/#website\"},\"primaryImageOfPage\":{\"@id\":\"https:\/\/cybul.eu\/pl\/sklep\/kask-stilo-venti-wrc-zero-8860-carbon-rally\/#primaryimage\"},\"image\":{\"@id\":\"https:\/\/cybul.eu\/pl\/sklep\/kask-stilo-venti-wrc-zero-8860-carbon-rally\/#primaryimage\"},\"thumbnailUrl\":\"https:\/\/cybul.eu\/wp-content\/uploads\/2024\/06\/pol_pl_Kask-Stilo-Venti-WRC-Zero-8860-Carbon-Rally-74118_1.jpg\",\"datePublished\":\"2024-06-28T15:46:38+00:00\",\"dateModified\":\"2024-06-28T15:47:14+00:00\",\"breadcrumb\":{\"@id\":\"https:\/\/cybul.eu\/pl\/sklep\/kask-stilo-venti-wrc-zero-8860-carbon-rally\/#breadcrumb\"},\"inLanguage\":\"pl-PL\",\"potentialAction\":[{\"@type\":\"ReadAction\",\"target\":[\"https:\/\/cybul.eu\/pl\/sklep\/kask-stilo-venti-wrc-zero-8860-carbon-rally\/\"]}]},{\"@type\":\"ImageObject\",\"inLanguage\":\"pl-PL\",\"@id\":\"https:\/\/cybul.eu\/pl\/sklep\/kask-stilo-venti-wrc-zero-8860-carbon-rally\/#primaryimage\",\"url\":\"https:\/\/cybul.eu\/wp-content\/uploads\/2024\/06\/pol_pl_Kask-Stilo-Venti-WRC-Zero-8860-Carbon-Rally-74118_1.jpg\",\"contentUrl\":\"https:\/\/cybul.eu\/wp-content\/uploads\/2024\/06\/pol_pl_Kask-Stilo-Venti-WRC-Zero-8860-Carbon-Rally-74118_1.jpg\",\"width\":900,\"height\":900},{\"@type\":\"BreadcrumbList\",\"@id\":\"https:\/\/cybul.eu\/pl\/sklep\/kask-stilo-venti-wrc-zero-8860-carbon-rally\/#breadcrumb\",\"itemListElement\":[{\"@type\":\"ListItem\",\"position\":1,\"name\":\"Strona g\u0142\u00f3wna\",\"item\":\"https:\/\/cybul.eu\/pl\/\"},{\"@type\":\"ListItem\",\"position\":2,\"name\":\"Sklep\",\"item\":\"https:\/\/cybul.eu\/pl\/sklep\/\"},{\"@type\":\"ListItem\",\"position\":3,\"name\":\"KASK STILO VENTI WRC ZERO 8860 CARBON RALLY\"}]},{\"@type\":\"WebSite\",\"@id\":\"https:\/\/cybul.eu\/pl\/#website\",\"url\":\"https:\/\/cybul.eu\/pl\/\",\"name\":\"CYBUL\",\"description\":\"\",\"potentialAction\":[{\"@type\":\"SearchAction\",\"target\":{\"@type\":\"EntryPoint\",\"urlTemplate\":\"https:\/\/cybul.eu\/pl\/?s={search_term_string}\"},\"query-input\":{\"@type\":\"PropertyValueSpecification\",\"valueRequired\":true,\"valueName\":\"search_term_string\"}}],\"inLanguage\":\"pl-PL\"}]}<\/script>\n<!-- \/ Yoast SEO plugin. -->","yoast_head_json":{"title":"KASK STILO VENTI WRC ZERO 8860 CARBON RALLY - CYBUL","robots":{"index":"index","follow":"follow","max-snippet":"max-snippet:-1","max-image-preview":"max-image-preview:large","max-video-preview":"max-video-preview:-1"},"canonical":"https:\/\/cybul.eu\/pl\/sklep\/kask-stilo-venti-wrc-zero-8860-carbon-rally\/","og_locale":"pl_PL","og_type":"article","og_title":"KASK STILO VENTI WRC ZERO 8860 CARBON RALLY - CYBUL","og_description":"Kask Stilo Venti WRC Zero 8860 Carbon RallyHomologacja: FIA 8860-2018Najnowsza wersja kasku Stilo z homologacj\u0105 FIA 8860-2018. Zaprojektowany z my\u015bl\u0105 o jak najni\u017cszej wadze przy jednoczesnym zachowaniu niesamowitej wytrzyma\u0142o\u015bci jak\u0105 dyktuje homologacja. Skorupa wykonana jest w 100% z carbonu.Budowa skorupy pozwala na u\u017cytkowanie z bezprzewodowym interkomem Stilo WL-10. Jest tak\u017ce kompatybilny z tradycyjnymi centralkami z wtyczk\u0105 Stilo.Skorupa kasku wykonana w najnowszej technologii PURO, kt\u00f3ra pozwala na wyeliminowanie zewn\u0119trznej warstwy lakieru i redukcji wagi.Jest wyposa\u017cony w zintegrowany interkom, kt\u00f3ry posiada: wyposa\u017cone w g\u0142o\u015bniki nauszniki t\u0142umi\u0105ce ha\u0142as, mikrofon z redukcj\u0105 szum\u00f3w, zintegrowan\u0105 wtyczk\u0119 interkomu. Posiada klipsy HANS.- Regulowany mikrofon: kask posiada wbudowany mikrofon. Mo\u017ce by\u0107 z \u0142atwo\u015bci\u0105 regulowany za pomoc\u0105 specjalnych dystans\u00f3w do\u0142\u0105czonych do zestawu.- Wbudowana wtyczka: Venti WRC jest wyposa\u017cony we wbudowan\u0105 wtyczk\u0119 interkomu, kt\u00f3ra jest zamontowana pod k\u0105tem, aby u\u0142atwi\u0107 pod\u0142\u0105czenie do interkomu. Jest kompatybilny z bezprzewodowym interkomem Stilo WL-10 oraz innymi przewodowymi centralkami z wtyczk\u0105 Stilo.- Nauszniki: wyposa\u017cone w g\u0142o\u015bniki, idealnie przywieraj\u0105 do g\u0142owy zapewniaj\u0105c t\u0142umienie ha\u0142as\u00f3w. Podobnie jak mikrofon, mog\u0105 by\u0107 regulowane za pomoc\u0105 dost\u0119pnych w zestawie g\u0105bek.- Daszek: kask posiada regulowany daszek, kt\u00f3ry dodatkowo mo\u017ce by\u0107 doposa\u017cony w regulowany wizjer (do kupienia osobno), aby jeszcze lepiej chroni\u0107 przed s\u0142o\u0144cem.Waga:- oko\u0142o 1190g - rozmiary XS, S, M, L- oko\u0142o 1220g - rozmiary L, XLKompatybilny z centralkami:- WL-10- DG-30- DG-10- WRC 03- WRC DES 9V","og_url":"https:\/\/cybul.eu\/pl\/sklep\/kask-stilo-venti-wrc-zero-8860-carbon-rally\/","og_site_name":"CYBUL","article_modified_time":"2024-06-28T15:47:14+00:00","og_image":[{"width":900,"height":900,"url":"https:\/\/cybul.eu\/wp-content\/uploads\/2024\/06\/pol_pl_Kask-Stilo-Venti-WRC-Zero-8860-Carbon-Rally-74118_1.jpg","type":"image\/jpeg"}],"twitter_card":"summary_large_image","twitter_misc":{"Szacowany czas czytania":"1 minuta"},"schema":{"@context":"https:\/\/schema.org","@graph":[{"@type":"WebPage","@id":"https:\/\/cybul.eu\/pl\/sklep\/kask-stilo-venti-wrc-zero-8860-carbon-rally\/","url":"https:\/\/cybul.eu\/pl\/sklep\/kask-stilo-venti-wrc-zero-8860-carbon-rally\/","name":"KASK STILO VENTI WRC ZERO 8860 CARBON RALLY - CYBUL","isPartOf":{"@id":"https:\/\/cybul.eu\/pl\/#website"},"primaryImageOfPage":{"@id":"https:\/\/cybul.eu\/pl\/sklep\/kask-stilo-venti-wrc-zero-8860-carbon-rally\/#primaryimage"},"image":{"@id":"https:\/\/cybul.eu\/pl\/sklep\/kask-stilo-venti-wrc-zero-8860-carbon-rally\/#primaryimage"},"thumbnailUrl":"https:\/\/cybul.eu\/wp-content\/uploads\/2024\/06\/pol_pl_Kask-Stilo-Venti-WRC-Zero-8860-Carbon-Rally-74118_1.jpg","datePublished":"2024-06-28T15:46:38+00:00","dateModified":"2024-06-28T15:47:14+00:00","breadcrumb":{"@id":"https:\/\/cybul.eu\/pl\/sklep\/kask-stilo-venti-wrc-zero-8860-carbon-rally\/#breadcrumb"},"inLanguage":"pl-PL","potentialAction":[{"@type":"ReadAction","target":["https:\/\/cybul.eu\/pl\/sklep\/kask-stilo-venti-wrc-zero-8860-carbon-rally\/"]}]},{"@type":"ImageObject","inLanguage":"pl-PL","@id":"https:\/\/cybul.eu\/pl\/sklep\/kask-stilo-venti-wrc-zero-8860-carbon-rally\/#primaryimage","url":"https:\/\/cybul.eu\/wp-content\/uploads\/2024\/06\/pol_pl_Kask-Stilo-Venti-WRC-Zero-8860-Carbon-Rally-74118_1.jpg","contentUrl":"https:\/\/cybul.eu\/wp-content\/uploads\/2024\/06\/pol_pl_Kask-Stilo-Venti-WRC-Zero-8860-Carbon-Rally-74118_1.jpg","width":900,"height":900},{"@type":"BreadcrumbList","@id":"https:\/\/cybul.eu\/pl\/sklep\/kask-stilo-venti-wrc-zero-8860-carbon-rally\/#breadcrumb","itemListElement":[{"@type":"ListItem","position":1,"name":"Strona g\u0142\u00f3wna","item":"https:\/\/cybul.eu\/pl\/"},{"@type":"ListItem","position":2,"name":"Sklep","item":"https:\/\/cybul.eu\/pl\/sklep\/"},{"@type":"ListItem","position":3,"name":"KASK STILO VENTI WRC ZERO 8860 CARBON RALLY"}]},{"@type":"WebSite","@id":"https:\/\/cybul.eu\/pl\/#website","url":"https:\/\/cybul.eu\/pl\/","name":"CYBUL","description":"","potentialAction":[{"@type":"SearchAction","target":{"@type":"EntryPoint","urlTemplate":"https:\/\/cybul.eu\/pl\/?s={search_term_string}"},"query-input":{"@type":"PropertyValueSpecification","valueRequired":true,"valueName":"search_term_string"}}],"inLanguage":"pl-PL"}]}},"_links":{"self":[{"href":"https:\/\/cybul.eu\/pl\/wp-json\/wp\/v2\/product\/21446","targetHints":{"allow":["GET"]}}],"collection":[{"href":"https:\/\/cybul.eu\/pl\/wp-json\/wp\/v2\/product"}],"about":[{"href":"https:\/\/cybul.eu\/pl\/wp-json\/wp\/v2\/types\/product"}],"replies":[{"embeddable":true,"href":"https:\/\/cybul.eu\/pl\/wp-json\/wp\/v2\/comments?post=21446"}],"wp:featuredmedia":[{"embeddable":true,"href":"https:\/\/cybul.eu\/pl\/wp-json\/wp\/v2\/media\/21360"}],"wp:attachment":[{"href":"https:\/\/cybul.eu\/pl\/wp-json\/wp\/v2\/media?parent=21446"}],"wp:term":[{"taxonomy":"product_cat","embeddable":true,"href":"https:\/\/cybul.eu\/pl\/wp-json\/wp\/v2\/product_cat?post=21446"},{"taxonomy":"product_tag","embeddable":true,"href":"https:\/\/cybul.eu\/pl\/wp-json\/wp\/v2\/product_tag?post=21446"}],"curies":[{"name":"wp","href":"https:\/\/api.w.org\/{rel}","templated":true}]}}