{"id":21421,"date":"2024-06-28T17:45:06","date_gmt":"2024-06-28T15:45:06","guid":{"rendered":"https:\/\/cybul.eu\/shop\/zestaw-kask-stilo-venti-trophy-offshore-kolnierz-hans-schroth-super-sport-xlt-20-2\/"},"modified":"2024-06-28T17:45:50","modified_gmt":"2024-06-28T15:45:50","slug":"zestaw-kask-stilo-venti-trophy-offshore-kolnierz-hans-schroth-super-sport-xlt-20-2","status":"publish","type":"product","link":"https:\/\/cybul.eu\/pl\/sklep\/zestaw-kask-stilo-venti-trophy-offshore-kolnierz-hans-schroth-super-sport-xlt-20-2\/","title":{"rendered":"ZESTAW KASK STILO VENTI TROPHY OFFSHORE + KO\u0141NIERZ HANS SCHROTH SUPER SPORT XLT 20\u00b0"},"content":{"rendered":"<p><strong>Zestaw Kask Stilo Venti Trophy Offshore + Ko\u0142nierz HANS Schroth Super Sport XLT 20\u00b0<\/strong><\/p>\n<p>&nbsp;<\/p>\n<p><strong>Zestaw zawiera:<\/strong><\/p>\n<p>&nbsp;<\/p>\n<p><strong>Kask Stilo Venti Trophy Offshore<br \/>Ko\u0142nierz HANS Schroth Super Sport XLT 20\u00b0<br \/>Klipsy Schroth&nbsp;Flex Twist<br \/><\/strong><\/p>\n<p>&nbsp;<\/p>\n<p><strong>Kask Stilo Venti Trophy Offshore<\/strong><\/p>\n<p>&nbsp;<\/p>\n<p>Homologacja:<strong> FIA 8859-2015&nbsp;\/ Snell 2020<\/strong><strong><\/p>\n<p><\/strong><span>Jest pomalowany jaskraw\u0105 pomara\u0144czow\u0105 farb\u0105. Dedykowany do sport\u00f3w motorowodnych.<br \/><\/span>Jest wyposa\u017cony w zintegrowany interkom, kt\u00f3ry posiada: wyposa\u017cone w g\u0142o\u015bniki nauszniki t\u0142umi\u0105ce ha\u0142as, mikrofon z redukcj\u0105 szum\u00f3w, zintegrowan\u0105 wtyczk\u0119 interkomu.&nbsp;<\/p>\n<p><strong>&#8211; Mikrofon:<\/strong>&nbsp;kask jest wyposa\u017cony w wysokiej jako\u015bci mikrofon na elastycznym ramieniu.<br \/><strong>&#8211; Wbudowana wtyczka: <\/strong>Venti Trophy Offshore jest wyposa\u017cony we wbudowan\u0105 wtyczk\u0119 interkomu, kt\u00f3ra jest zamontowana pod k\u0105tem, aby u\u0142atwi\u0107 pod\u0142\u0105czenie do interkomu.<br \/><strong>&#8211; Nauszniki: <\/strong>wyposa\u017cone w g\u0142o\u015bniki,&nbsp;idealnie przywieraj\u0105 do g\u0142owy zapewniaj\u0105c t\u0142umienie ha\u0142as\u00f3w. Podobnie jak mikrofon, mog\u0105 by\u0107 regulowane za pomoc\u0105 dost\u0119pnych w zestawie g\u0105bek.<br \/><strong>&#8211; Daszek:<\/strong> kask posiada regulowany daszek, kt\u00f3ry dodatkowo mo\u017ce by\u0107 doposa\u017cony w <strong>regulowany wizjer (do kupienia osobno)<\/strong>, aby jeszcze lepiej chroni\u0107 przed s\u0142o\u0144cem.<\/p>\n<p>Waga: oko\u0142o 1500g (w zale\u017cno\u015bci od rozmiaru).<\/p>\n<p><strong style=\"color: #ff0000;\">Kompatybilny z centralkami:<br \/><\/strong>&#8211; DG-30<br \/>&#8211; DG-10<br \/>&#8211; WRC 03<br \/>&#8211; WRC DES 9V<\/p>\n<p>&nbsp;<\/p>\n<p><strong>Ko\u0142nierz HANS Schroth Super Sport XLT 20\u00b0<\/p>\n<p><\/strong><span>Homologacja:<span>&nbsp;<\/span><\/span><strong>FIA 8858-2010<\/strong><\/p>\n<p><span>System HANS firmy Schroth to bardzo dobra oferta cenowa i jednocze\u015bnie bardzo wysoka jako\u015b\u0107 produktu.<\/span><br \/><span>HANS zaprojektowany przez Schroth wykorzystuje tworzywa termoplastyczne &#8211; mocne i wytrzyma\u0142e, a tym samym bardzo lekkie<\/span><br \/><span>Oferowany HANS posiada Vision System &#8211; poruszanie g\u0142ow\u0105 na boki, ochronne etui oraz instrukcj\u0119.<\/span><br \/><span>20\u00b0 to k\u0105t idealny dla pozycji p\u00f3\u0142le\u017c\u0105cej &#8211; dedykowany do aut rajdowych.<\/span><\/p>\n<p><strong>W zestawie klipsy Schroth&nbsp;Flex Twist!<\/strong><\/p>\n<p><span>Ko\u0142nierz niemieckiej firmy Schroth<\/span><\/p>\n<p><span>Rozmiar M &#8211; obw\u00f3d szyi:<span>&nbsp;<\/span><\/span><strong>35-44 cm<br \/><\/strong><span>Rozmiar L &#8211; obw\u00f3d szyi:<\/span><strong><span>&nbsp;<\/span>41-50 cm<\/strong><\/p>\n<p><span>Waga ko\u0142nierza:<span>&nbsp;<\/span><\/span><strong>oko\u0142o&nbsp;775g<\/strong><\/p>\n","protected":false},"excerpt":{"rendered":"<p><strong>Zestaw Kask Stilo Venti Trophy Offshore + Ko\u0142nierz HANS Schroth Super Sport XLT 20\u00b0<\/strong><\/p>\n","protected":false},"featured_media":14550,"comment_status":"closed","ping_status":"open","template":"","meta":[],"product_cat":[607,560],"product_tag":[],"class_list":{"0":"post-21421","1":"product","2":"type-product","3":"status-publish","4":"has-post-thumbnail","6":"product_cat-kaski-otwarte","7":"product_cat-odziez-rajdowa-fia","9":"first","10":"instock","11":"taxable","12":"shipping-taxable","13":"purchasable","14":"product-type-simple"},"bundled_by":[],"bundle_stock_status":"instock","bundle_stock_quantity":null,"bundle_virtual":false,"bundle_layout":"","bundle_add_to_cart_form_location":"","bundle_editable_in_cart":false,"bundle_sold_individually_context":"","bundle_item_grouping":"","bundle_min_size":"","bundle_max_size":"","bundle_price":[],"bundled_items":[],"bundle_sell_ids":[],"acf":{"zdjecie_bez_watermarka":null,"zdjecie_bez_watermarka_url":"","product_orgin_url":"https:\/\/inter-rally.pl\/product-eng-205488-Zestaw-Kask-Stilo-Venti-Trophy-Offshore-Kolnierz-HANS-Schroth-Super-Sport-XLT-20.html"},"yoast_head":"<!-- This site is optimized with the Yoast SEO plugin v23.9 - https:\/\/yoast.com\/wordpress\/plugins\/seo\/ -->\n<title>ZESTAW KASK STILO VENTI TROPHY OFFSHORE + KO\u0141NIERZ HANS SCHROTH SUPER SPORT XLT 20\u00b0 - CYBUL<\/title>\n<meta name=\"robots\" content=\"index, follow, max-snippet:-1, max-image-preview:large, max-video-preview:-1\" \/>\n<link rel=\"canonical\" href=\"https:\/\/cybul.eu\/pl\/sklep\/zestaw-kask-stilo-venti-trophy-offshore-kolnierz-hans-schroth-super-sport-xlt-20-2\/\" \/>\n<meta property=\"og:locale\" content=\"pl_PL\" \/>\n<meta property=\"og:type\" content=\"article\" \/>\n<meta property=\"og:title\" content=\"ZESTAW KASK STILO VENTI TROPHY OFFSHORE + KO\u0141NIERZ HANS SCHROTH SUPER SPORT XLT 20\u00b0 - CYBUL\" \/>\n<meta property=\"og:description\" content=\"Zestaw Kask Stilo Venti Trophy Offshore + Ko\u0142nierz HANS Schroth Super Sport XLT 20\u00b0\" \/>\n<meta property=\"og:url\" content=\"https:\/\/cybul.eu\/pl\/sklep\/zestaw-kask-stilo-venti-trophy-offshore-kolnierz-hans-schroth-super-sport-xlt-20-2\/\" \/>\n<meta property=\"og:site_name\" content=\"CYBUL\" \/>\n<meta property=\"article:modified_time\" content=\"2024-06-28T15:45:50+00:00\" \/>\n<meta property=\"og:image\" content=\"https:\/\/cybul.eu\/wp-content\/uploads\/2024\/06\/pol_pl_Zestaw-Kask-Stilo-Venti-Trophy-Offshore-Kolnierz-HANS-Schroth-Super-Sport-XLT-20-205488_1.jpg\" \/>\n\t<meta property=\"og:image:width\" content=\"900\" \/>\n\t<meta property=\"og:image:height\" content=\"900\" \/>\n\t<meta property=\"og:image:type\" content=\"image\/jpeg\" \/>\n<meta name=\"twitter:card\" content=\"summary_large_image\" \/>\n<meta name=\"twitter:label1\" content=\"Szacowany czas czytania\" \/>\n\t<meta name=\"twitter:data1\" content=\"2 minuty\" \/>\n<script type=\"application\/ld+json\" class=\"yoast-schema-graph\">{\"@context\":\"https:\/\/schema.org\",\"@graph\":[{\"@type\":\"WebPage\",\"@id\":\"https:\/\/cybul.eu\/pl\/sklep\/zestaw-kask-stilo-venti-trophy-offshore-kolnierz-hans-schroth-super-sport-xlt-20-2\/\",\"url\":\"https:\/\/cybul.eu\/pl\/sklep\/zestaw-kask-stilo-venti-trophy-offshore-kolnierz-hans-schroth-super-sport-xlt-20-2\/\",\"name\":\"ZESTAW KASK STILO VENTI TROPHY OFFSHORE + KO\u0141NIERZ HANS SCHROTH SUPER SPORT XLT 20\u00b0 - CYBUL\",\"isPartOf\":{\"@id\":\"https:\/\/cybul.eu\/pl\/#website\"},\"primaryImageOfPage\":{\"@id\":\"https:\/\/cybul.eu\/pl\/sklep\/zestaw-kask-stilo-venti-trophy-offshore-kolnierz-hans-schroth-super-sport-xlt-20-2\/#primaryimage\"},\"image\":{\"@id\":\"https:\/\/cybul.eu\/pl\/sklep\/zestaw-kask-stilo-venti-trophy-offshore-kolnierz-hans-schroth-super-sport-xlt-20-2\/#primaryimage\"},\"thumbnailUrl\":\"https:\/\/cybul.eu\/wp-content\/uploads\/2024\/06\/pol_pl_Zestaw-Kask-Stilo-Venti-Trophy-Offshore-Kolnierz-HANS-Schroth-Super-Sport-XLT-20-205488_1.jpg\",\"datePublished\":\"2024-06-28T15:45:06+00:00\",\"dateModified\":\"2024-06-28T15:45:50+00:00\",\"breadcrumb\":{\"@id\":\"https:\/\/cybul.eu\/pl\/sklep\/zestaw-kask-stilo-venti-trophy-offshore-kolnierz-hans-schroth-super-sport-xlt-20-2\/#breadcrumb\"},\"inLanguage\":\"pl-PL\",\"potentialAction\":[{\"@type\":\"ReadAction\",\"target\":[\"https:\/\/cybul.eu\/pl\/sklep\/zestaw-kask-stilo-venti-trophy-offshore-kolnierz-hans-schroth-super-sport-xlt-20-2\/\"]}]},{\"@type\":\"ImageObject\",\"inLanguage\":\"pl-PL\",\"@id\":\"https:\/\/cybul.eu\/pl\/sklep\/zestaw-kask-stilo-venti-trophy-offshore-kolnierz-hans-schroth-super-sport-xlt-20-2\/#primaryimage\",\"url\":\"https:\/\/cybul.eu\/wp-content\/uploads\/2024\/06\/pol_pl_Zestaw-Kask-Stilo-Venti-Trophy-Offshore-Kolnierz-HANS-Schroth-Super-Sport-XLT-20-205488_1.jpg\",\"contentUrl\":\"https:\/\/cybul.eu\/wp-content\/uploads\/2024\/06\/pol_pl_Zestaw-Kask-Stilo-Venti-Trophy-Offshore-Kolnierz-HANS-Schroth-Super-Sport-XLT-20-205488_1.jpg\",\"width\":900,\"height\":900},{\"@type\":\"BreadcrumbList\",\"@id\":\"https:\/\/cybul.eu\/pl\/sklep\/zestaw-kask-stilo-venti-trophy-offshore-kolnierz-hans-schroth-super-sport-xlt-20-2\/#breadcrumb\",\"itemListElement\":[{\"@type\":\"ListItem\",\"position\":1,\"name\":\"Strona g\u0142\u00f3wna\",\"item\":\"https:\/\/cybul.eu\/pl\/\"},{\"@type\":\"ListItem\",\"position\":2,\"name\":\"Sklep\",\"item\":\"https:\/\/cybul.eu\/pl\/sklep\/\"},{\"@type\":\"ListItem\",\"position\":3,\"name\":\"ZESTAW KASK STILO VENTI TROPHY OFFSHORE + KO\u0141NIERZ HANS SCHROTH SUPER SPORT XLT 20\u00b0\"}]},{\"@type\":\"WebSite\",\"@id\":\"https:\/\/cybul.eu\/pl\/#website\",\"url\":\"https:\/\/cybul.eu\/pl\/\",\"name\":\"CYBUL\",\"description\":\"\",\"potentialAction\":[{\"@type\":\"SearchAction\",\"target\":{\"@type\":\"EntryPoint\",\"urlTemplate\":\"https:\/\/cybul.eu\/pl\/?s={search_term_string}\"},\"query-input\":{\"@type\":\"PropertyValueSpecification\",\"valueRequired\":true,\"valueName\":\"search_term_string\"}}],\"inLanguage\":\"pl-PL\"}]}<\/script>\n<!-- \/ Yoast SEO plugin. -->","yoast_head_json":{"title":"ZESTAW KASK STILO VENTI TROPHY OFFSHORE + KO\u0141NIERZ HANS SCHROTH SUPER SPORT XLT 20\u00b0 - CYBUL","robots":{"index":"index","follow":"follow","max-snippet":"max-snippet:-1","max-image-preview":"max-image-preview:large","max-video-preview":"max-video-preview:-1"},"canonical":"https:\/\/cybul.eu\/pl\/sklep\/zestaw-kask-stilo-venti-trophy-offshore-kolnierz-hans-schroth-super-sport-xlt-20-2\/","og_locale":"pl_PL","og_type":"article","og_title":"ZESTAW KASK STILO VENTI TROPHY OFFSHORE + KO\u0141NIERZ HANS SCHROTH SUPER SPORT XLT 20\u00b0 - CYBUL","og_description":"Zestaw Kask Stilo Venti Trophy Offshore + Ko\u0142nierz HANS Schroth Super Sport XLT 20\u00b0","og_url":"https:\/\/cybul.eu\/pl\/sklep\/zestaw-kask-stilo-venti-trophy-offshore-kolnierz-hans-schroth-super-sport-xlt-20-2\/","og_site_name":"CYBUL","article_modified_time":"2024-06-28T15:45:50+00:00","og_image":[{"width":900,"height":900,"url":"https:\/\/cybul.eu\/wp-content\/uploads\/2024\/06\/pol_pl_Zestaw-Kask-Stilo-Venti-Trophy-Offshore-Kolnierz-HANS-Schroth-Super-Sport-XLT-20-205488_1.jpg","type":"image\/jpeg"}],"twitter_card":"summary_large_image","twitter_misc":{"Szacowany czas czytania":"2 minuty"},"schema":{"@context":"https:\/\/schema.org","@graph":[{"@type":"WebPage","@id":"https:\/\/cybul.eu\/pl\/sklep\/zestaw-kask-stilo-venti-trophy-offshore-kolnierz-hans-schroth-super-sport-xlt-20-2\/","url":"https:\/\/cybul.eu\/pl\/sklep\/zestaw-kask-stilo-venti-trophy-offshore-kolnierz-hans-schroth-super-sport-xlt-20-2\/","name":"ZESTAW KASK STILO VENTI TROPHY OFFSHORE + KO\u0141NIERZ HANS SCHROTH SUPER SPORT XLT 20\u00b0 - CYBUL","isPartOf":{"@id":"https:\/\/cybul.eu\/pl\/#website"},"primaryImageOfPage":{"@id":"https:\/\/cybul.eu\/pl\/sklep\/zestaw-kask-stilo-venti-trophy-offshore-kolnierz-hans-schroth-super-sport-xlt-20-2\/#primaryimage"},"image":{"@id":"https:\/\/cybul.eu\/pl\/sklep\/zestaw-kask-stilo-venti-trophy-offshore-kolnierz-hans-schroth-super-sport-xlt-20-2\/#primaryimage"},"thumbnailUrl":"https:\/\/cybul.eu\/wp-content\/uploads\/2024\/06\/pol_pl_Zestaw-Kask-Stilo-Venti-Trophy-Offshore-Kolnierz-HANS-Schroth-Super-Sport-XLT-20-205488_1.jpg","datePublished":"2024-06-28T15:45:06+00:00","dateModified":"2024-06-28T15:45:50+00:00","breadcrumb":{"@id":"https:\/\/cybul.eu\/pl\/sklep\/zestaw-kask-stilo-venti-trophy-offshore-kolnierz-hans-schroth-super-sport-xlt-20-2\/#breadcrumb"},"inLanguage":"pl-PL","potentialAction":[{"@type":"ReadAction","target":["https:\/\/cybul.eu\/pl\/sklep\/zestaw-kask-stilo-venti-trophy-offshore-kolnierz-hans-schroth-super-sport-xlt-20-2\/"]}]},{"@type":"ImageObject","inLanguage":"pl-PL","@id":"https:\/\/cybul.eu\/pl\/sklep\/zestaw-kask-stilo-venti-trophy-offshore-kolnierz-hans-schroth-super-sport-xlt-20-2\/#primaryimage","url":"https:\/\/cybul.eu\/wp-content\/uploads\/2024\/06\/pol_pl_Zestaw-Kask-Stilo-Venti-Trophy-Offshore-Kolnierz-HANS-Schroth-Super-Sport-XLT-20-205488_1.jpg","contentUrl":"https:\/\/cybul.eu\/wp-content\/uploads\/2024\/06\/pol_pl_Zestaw-Kask-Stilo-Venti-Trophy-Offshore-Kolnierz-HANS-Schroth-Super-Sport-XLT-20-205488_1.jpg","width":900,"height":900},{"@type":"BreadcrumbList","@id":"https:\/\/cybul.eu\/pl\/sklep\/zestaw-kask-stilo-venti-trophy-offshore-kolnierz-hans-schroth-super-sport-xlt-20-2\/#breadcrumb","itemListElement":[{"@type":"ListItem","position":1,"name":"Strona g\u0142\u00f3wna","item":"https:\/\/cybul.eu\/pl\/"},{"@type":"ListItem","position":2,"name":"Sklep","item":"https:\/\/cybul.eu\/pl\/sklep\/"},{"@type":"ListItem","position":3,"name":"ZESTAW KASK STILO VENTI TROPHY OFFSHORE + KO\u0141NIERZ HANS SCHROTH SUPER SPORT XLT 20\u00b0"}]},{"@type":"WebSite","@id":"https:\/\/cybul.eu\/pl\/#website","url":"https:\/\/cybul.eu\/pl\/","name":"CYBUL","description":"","potentialAction":[{"@type":"SearchAction","target":{"@type":"EntryPoint","urlTemplate":"https:\/\/cybul.eu\/pl\/?s={search_term_string}"},"query-input":{"@type":"PropertyValueSpecification","valueRequired":true,"valueName":"search_term_string"}}],"inLanguage":"pl-PL"}]}},"_links":{"self":[{"href":"https:\/\/cybul.eu\/pl\/wp-json\/wp\/v2\/product\/21421","targetHints":{"allow":["GET"]}}],"collection":[{"href":"https:\/\/cybul.eu\/pl\/wp-json\/wp\/v2\/product"}],"about":[{"href":"https:\/\/cybul.eu\/pl\/wp-json\/wp\/v2\/types\/product"}],"replies":[{"embeddable":true,"href":"https:\/\/cybul.eu\/pl\/wp-json\/wp\/v2\/comments?post=21421"}],"wp:featuredmedia":[{"embeddable":true,"href":"https:\/\/cybul.eu\/pl\/wp-json\/wp\/v2\/media\/14550"}],"wp:attachment":[{"href":"https:\/\/cybul.eu\/pl\/wp-json\/wp\/v2\/media?parent=21421"}],"wp:term":[{"taxonomy":"product_cat","embeddable":true,"href":"https:\/\/cybul.eu\/pl\/wp-json\/wp\/v2\/product_cat?post=21421"},{"taxonomy":"product_tag","embeddable":true,"href":"https:\/\/cybul.eu\/pl\/wp-json\/wp\/v2\/product_tag?post=21421"}],"curies":[{"name":"wp","href":"https:\/\/api.w.org\/{rel}","templated":true}]}}