{"id":21395,"date":"2024-06-28T17:43:58","date_gmt":"2024-06-28T15:43:58","guid":{"rendered":"https:\/\/cybul.eu\/shop\/kask-otwarty-rrs-protect-wrc-sport\/"},"modified":"2024-06-28T17:44:05","modified_gmt":"2024-06-28T15:44:05","slug":"kask-otwarty-rrs-protect-wrc-sport","status":"publish","type":"product","link":"https:\/\/cybul.eu\/pl\/sklep\/kask-otwarty-rrs-protect-wrc-sport\/","title":{"rendered":"KASK OTWARTY RRS PROTECT WRC SPORT"},"content":{"rendered":"<p><strong>Kask Otwarty RRS Protect WRC Sport<\/strong><\/p>\n<p>Homologacja: <strong>SNELL SA2020<\/strong>&nbsp;\/ <strong>FIA&nbsp;8859-2015<\/strong><\/p>\n<p>&#8211; Skorupa kasku wykonana z innowacyjnych w\u0142\u00f3kien kompozytowych i Kevlaru\u00ae<br \/>&#8211; Wn\u0119trze wykonane z czarnej, ognioodpornej tkaniny przeciw alergicznej<br \/>&#8211; Wyg\u0142uszaj\u0105ce wk\u0142adki<br \/>&#8211; Mo\u017cliwo\u015b\u0107 zamontowania interkomu<br \/>&#8211; Specjalne otwory z lewej i z prawej strony do mocowania mikrofonu intercomu<br \/>&#8211; W&nbsp;komplecie srebrny daszek<br \/>&#8211; Kask przystosowany do systemu HANS &#8211; Klipsy HANS 8858-2010<br \/>&#8211; Waga:&nbsp;<strong>ok. 1420g<\/strong><\/p>\n<p>Dost\u0119pne rozmiary: M, L, XL, XXL<\/p>\n<p><strong>Tabela rozmiar\u00f3w:<\/strong><\/p>\n<table border=\"1\" cellspacing=\"0\" cellpadding=\"0\">\n<tbody>\n<tr>\n<td valign=\"top\" width=\"83\">\n<p>Rozmiar<\/p>\n<\/td>\n<td valign=\"top\" width=\"170\">\n<p>Obw\u00f3d g\u0142owy w cm<\/p>\n<\/td>\n<\/tr>\n<tr>\n<td valign=\"top\" width=\"83\">\n<p>M<\/p>\n<\/td>\n<td valign=\"top\" width=\"170\">\n<p>56-57<\/p>\n<\/td>\n<\/tr>\n<tr>\n<td valign=\"top\" width=\"83\">\n<p>L<\/p>\n<\/td>\n<td valign=\"top\" width=\"170\">\n<p>58-59<\/p>\n<\/td>\n<\/tr>\n<tr>\n<td valign=\"top\" width=\"83\">\n<p>XL<\/p>\n<\/td>\n<td valign=\"top\" width=\"170\">\n<p>60-61<\/p>\n<\/td>\n<\/tr>\n<tr>\n<td valign=\"top\" width=\"83\">\n<p>XXL<\/p>\n<\/td>\n<td valign=\"top\" width=\"170\">\n<p>62-63<\/p>\n<\/td>\n<\/tr>\n<\/tbody>\n<\/table>\n","protected":false},"excerpt":{"rendered":"<p><strong>Kask Otwarty RRS Protect WRC Sport<\/strong><\/p>\n<p>Homologacja: <strong>SNELL SA2020<\/strong>&nbsp;\/ <strong>FIA&nbsp;8859-2015<\/strong><\/p>\n<p>&#8211; Skorupa kasku wykonana z innowacyjnych w\u0142\u00f3kien kompozytowych i Kevlaru\u00ae<br \/>&#8211; Wn\u0119trze wykonane z czarnej, ognioodpornej tkaniny przeciw alergicznej<br \/>&#8211; Wyg\u0142uszaj\u0105ce wk\u0142adki<br \/>&#8211; Mo\u017cliwo\u015b\u0107 zamontowania interkomu<br \/>&#8211; Specjalne otwory z lewej i z prawej strony do mocowania mikrofonu intercomu<br \/>&#8211; W&nbsp;komplecie srebrny daszek<br \/>&#8211; Kask przystosowany do systemu HANS &#8211; Klipsy HANS 8858-2010<br \/>&#8211; Waga:&nbsp;<strong>ok. 1420g<\/strong><\/p>\n<p>Dost\u0119pne rozmiary: M, L, XL, XXL<\/p>\n<p><strong>Tabela rozmiar\u00f3w:<\/strong><\/p>\n","protected":false},"featured_media":20883,"comment_status":"closed","ping_status":"open","template":"","meta":[],"product_cat":[607,560],"product_tag":[],"class_list":{"0":"post-21395","1":"product","2":"type-product","3":"status-publish","4":"has-post-thumbnail","6":"product_cat-kaski-otwarte","7":"product_cat-odziez-rajdowa-fia","9":"first","10":"instock","11":"taxable","12":"shipping-taxable","13":"purchasable","14":"product-type-simple"},"bundled_by":[],"bundle_stock_status":"instock","bundle_stock_quantity":null,"bundle_virtual":false,"bundle_layout":"","bundle_add_to_cart_form_location":"","bundle_editable_in_cart":false,"bundle_sold_individually_context":"","bundle_item_grouping":"","bundle_min_size":"","bundle_max_size":"","bundle_price":[],"bundled_items":[],"bundle_sell_ids":[],"acf":{"zdjecie_bez_watermarka":null,"zdjecie_bez_watermarka_url":"","product_orgin_url":"https:\/\/inter-rally.pl\/product-eng-154684-Kask-Otwarty-RRS-Protect-WRC-Sport.html"},"yoast_head":"<!-- This site is optimized with the Yoast SEO plugin v23.9 - https:\/\/yoast.com\/wordpress\/plugins\/seo\/ -->\n<title>KASK OTWARTY RRS PROTECT WRC SPORT - CYBUL<\/title>\n<meta name=\"robots\" content=\"index, follow, max-snippet:-1, max-image-preview:large, max-video-preview:-1\" \/>\n<link rel=\"canonical\" href=\"https:\/\/cybul.eu\/pl\/sklep\/kask-otwarty-rrs-protect-wrc-sport\/\" \/>\n<meta property=\"og:locale\" content=\"pl_PL\" \/>\n<meta property=\"og:type\" content=\"article\" \/>\n<meta property=\"og:title\" content=\"KASK OTWARTY RRS PROTECT WRC SPORT - CYBUL\" \/>\n<meta property=\"og:description\" content=\"Kask Otwarty RRS Protect WRC SportHomologacja: SNELL SA2020&nbsp;\/ FIA&nbsp;8859-2015- Skorupa kasku wykonana z innowacyjnych w\u0142\u00f3kien kompozytowych i Kevlaru\u00ae- Wn\u0119trze wykonane z czarnej, ognioodpornej tkaniny przeciw alergicznej- Wyg\u0142uszaj\u0105ce wk\u0142adki- Mo\u017cliwo\u015b\u0107 zamontowania interkomu- Specjalne otwory z lewej i z prawej strony do mocowania mikrofonu intercomu- W&nbsp;komplecie srebrny daszek- Kask przystosowany do systemu HANS - Klipsy HANS 8858-2010- Waga:&nbsp;ok. 1420gDost\u0119pne rozmiary: M, L, XL, XXLTabela rozmiar\u00f3w:\" \/>\n<meta property=\"og:url\" content=\"https:\/\/cybul.eu\/pl\/sklep\/kask-otwarty-rrs-protect-wrc-sport\/\" \/>\n<meta property=\"og:site_name\" content=\"CYBUL\" \/>\n<meta property=\"article:modified_time\" content=\"2024-06-28T15:44:05+00:00\" \/>\n<meta property=\"og:image\" content=\"https:\/\/cybul.eu\/wp-content\/uploads\/2024\/06\/pol_pl_Kask-Otwarty-RRS-Protect-WRC-Sport-154684_1.jpg\" \/>\n\t<meta property=\"og:image:width\" content=\"600\" \/>\n\t<meta property=\"og:image:height\" content=\"600\" \/>\n\t<meta property=\"og:image:type\" content=\"image\/jpeg\" \/>\n<meta name=\"twitter:card\" content=\"summary_large_image\" \/>\n<script type=\"application\/ld+json\" class=\"yoast-schema-graph\">{\"@context\":\"https:\/\/schema.org\",\"@graph\":[{\"@type\":\"WebPage\",\"@id\":\"https:\/\/cybul.eu\/pl\/sklep\/kask-otwarty-rrs-protect-wrc-sport\/\",\"url\":\"https:\/\/cybul.eu\/pl\/sklep\/kask-otwarty-rrs-protect-wrc-sport\/\",\"name\":\"KASK OTWARTY RRS PROTECT WRC SPORT - CYBUL\",\"isPartOf\":{\"@id\":\"https:\/\/cybul.eu\/pl\/#website\"},\"primaryImageOfPage\":{\"@id\":\"https:\/\/cybul.eu\/pl\/sklep\/kask-otwarty-rrs-protect-wrc-sport\/#primaryimage\"},\"image\":{\"@id\":\"https:\/\/cybul.eu\/pl\/sklep\/kask-otwarty-rrs-protect-wrc-sport\/#primaryimage\"},\"thumbnailUrl\":\"https:\/\/cybul.eu\/wp-content\/uploads\/2024\/06\/pol_pl_Kask-Otwarty-RRS-Protect-WRC-Sport-154684_1.jpg\",\"datePublished\":\"2024-06-28T15:43:58+00:00\",\"dateModified\":\"2024-06-28T15:44:05+00:00\",\"breadcrumb\":{\"@id\":\"https:\/\/cybul.eu\/pl\/sklep\/kask-otwarty-rrs-protect-wrc-sport\/#breadcrumb\"},\"inLanguage\":\"pl-PL\",\"potentialAction\":[{\"@type\":\"ReadAction\",\"target\":[\"https:\/\/cybul.eu\/pl\/sklep\/kask-otwarty-rrs-protect-wrc-sport\/\"]}]},{\"@type\":\"ImageObject\",\"inLanguage\":\"pl-PL\",\"@id\":\"https:\/\/cybul.eu\/pl\/sklep\/kask-otwarty-rrs-protect-wrc-sport\/#primaryimage\",\"url\":\"https:\/\/cybul.eu\/wp-content\/uploads\/2024\/06\/pol_pl_Kask-Otwarty-RRS-Protect-WRC-Sport-154684_1.jpg\",\"contentUrl\":\"https:\/\/cybul.eu\/wp-content\/uploads\/2024\/06\/pol_pl_Kask-Otwarty-RRS-Protect-WRC-Sport-154684_1.jpg\",\"width\":600,\"height\":600},{\"@type\":\"BreadcrumbList\",\"@id\":\"https:\/\/cybul.eu\/pl\/sklep\/kask-otwarty-rrs-protect-wrc-sport\/#breadcrumb\",\"itemListElement\":[{\"@type\":\"ListItem\",\"position\":1,\"name\":\"Strona g\u0142\u00f3wna\",\"item\":\"https:\/\/cybul.eu\/pl\/\"},{\"@type\":\"ListItem\",\"position\":2,\"name\":\"Sklep\",\"item\":\"https:\/\/cybul.eu\/pl\/sklep\/\"},{\"@type\":\"ListItem\",\"position\":3,\"name\":\"KASK OTWARTY RRS PROTECT WRC SPORT\"}]},{\"@type\":\"WebSite\",\"@id\":\"https:\/\/cybul.eu\/pl\/#website\",\"url\":\"https:\/\/cybul.eu\/pl\/\",\"name\":\"CYBUL\",\"description\":\"\",\"potentialAction\":[{\"@type\":\"SearchAction\",\"target\":{\"@type\":\"EntryPoint\",\"urlTemplate\":\"https:\/\/cybul.eu\/pl\/?s={search_term_string}\"},\"query-input\":{\"@type\":\"PropertyValueSpecification\",\"valueRequired\":true,\"valueName\":\"search_term_string\"}}],\"inLanguage\":\"pl-PL\"}]}<\/script>\n<!-- \/ Yoast SEO plugin. -->","yoast_head_json":{"title":"KASK OTWARTY RRS PROTECT WRC SPORT - CYBUL","robots":{"index":"index","follow":"follow","max-snippet":"max-snippet:-1","max-image-preview":"max-image-preview:large","max-video-preview":"max-video-preview:-1"},"canonical":"https:\/\/cybul.eu\/pl\/sklep\/kask-otwarty-rrs-protect-wrc-sport\/","og_locale":"pl_PL","og_type":"article","og_title":"KASK OTWARTY RRS PROTECT WRC SPORT - CYBUL","og_description":"Kask Otwarty RRS Protect WRC SportHomologacja: SNELL SA2020&nbsp;\/ FIA&nbsp;8859-2015- Skorupa kasku wykonana z innowacyjnych w\u0142\u00f3kien kompozytowych i Kevlaru\u00ae- Wn\u0119trze wykonane z czarnej, ognioodpornej tkaniny przeciw alergicznej- Wyg\u0142uszaj\u0105ce wk\u0142adki- Mo\u017cliwo\u015b\u0107 zamontowania interkomu- Specjalne otwory z lewej i z prawej strony do mocowania mikrofonu intercomu- W&nbsp;komplecie srebrny daszek- Kask przystosowany do systemu HANS - Klipsy HANS 8858-2010- Waga:&nbsp;ok. 1420gDost\u0119pne rozmiary: M, L, XL, XXLTabela rozmiar\u00f3w:","og_url":"https:\/\/cybul.eu\/pl\/sklep\/kask-otwarty-rrs-protect-wrc-sport\/","og_site_name":"CYBUL","article_modified_time":"2024-06-28T15:44:05+00:00","og_image":[{"width":600,"height":600,"url":"https:\/\/cybul.eu\/wp-content\/uploads\/2024\/06\/pol_pl_Kask-Otwarty-RRS-Protect-WRC-Sport-154684_1.jpg","type":"image\/jpeg"}],"twitter_card":"summary_large_image","schema":{"@context":"https:\/\/schema.org","@graph":[{"@type":"WebPage","@id":"https:\/\/cybul.eu\/pl\/sklep\/kask-otwarty-rrs-protect-wrc-sport\/","url":"https:\/\/cybul.eu\/pl\/sklep\/kask-otwarty-rrs-protect-wrc-sport\/","name":"KASK OTWARTY RRS PROTECT WRC SPORT - CYBUL","isPartOf":{"@id":"https:\/\/cybul.eu\/pl\/#website"},"primaryImageOfPage":{"@id":"https:\/\/cybul.eu\/pl\/sklep\/kask-otwarty-rrs-protect-wrc-sport\/#primaryimage"},"image":{"@id":"https:\/\/cybul.eu\/pl\/sklep\/kask-otwarty-rrs-protect-wrc-sport\/#primaryimage"},"thumbnailUrl":"https:\/\/cybul.eu\/wp-content\/uploads\/2024\/06\/pol_pl_Kask-Otwarty-RRS-Protect-WRC-Sport-154684_1.jpg","datePublished":"2024-06-28T15:43:58+00:00","dateModified":"2024-06-28T15:44:05+00:00","breadcrumb":{"@id":"https:\/\/cybul.eu\/pl\/sklep\/kask-otwarty-rrs-protect-wrc-sport\/#breadcrumb"},"inLanguage":"pl-PL","potentialAction":[{"@type":"ReadAction","target":["https:\/\/cybul.eu\/pl\/sklep\/kask-otwarty-rrs-protect-wrc-sport\/"]}]},{"@type":"ImageObject","inLanguage":"pl-PL","@id":"https:\/\/cybul.eu\/pl\/sklep\/kask-otwarty-rrs-protect-wrc-sport\/#primaryimage","url":"https:\/\/cybul.eu\/wp-content\/uploads\/2024\/06\/pol_pl_Kask-Otwarty-RRS-Protect-WRC-Sport-154684_1.jpg","contentUrl":"https:\/\/cybul.eu\/wp-content\/uploads\/2024\/06\/pol_pl_Kask-Otwarty-RRS-Protect-WRC-Sport-154684_1.jpg","width":600,"height":600},{"@type":"BreadcrumbList","@id":"https:\/\/cybul.eu\/pl\/sklep\/kask-otwarty-rrs-protect-wrc-sport\/#breadcrumb","itemListElement":[{"@type":"ListItem","position":1,"name":"Strona g\u0142\u00f3wna","item":"https:\/\/cybul.eu\/pl\/"},{"@type":"ListItem","position":2,"name":"Sklep","item":"https:\/\/cybul.eu\/pl\/sklep\/"},{"@type":"ListItem","position":3,"name":"KASK OTWARTY RRS PROTECT WRC SPORT"}]},{"@type":"WebSite","@id":"https:\/\/cybul.eu\/pl\/#website","url":"https:\/\/cybul.eu\/pl\/","name":"CYBUL","description":"","potentialAction":[{"@type":"SearchAction","target":{"@type":"EntryPoint","urlTemplate":"https:\/\/cybul.eu\/pl\/?s={search_term_string}"},"query-input":{"@type":"PropertyValueSpecification","valueRequired":true,"valueName":"search_term_string"}}],"inLanguage":"pl-PL"}]}},"_links":{"self":[{"href":"https:\/\/cybul.eu\/pl\/wp-json\/wp\/v2\/product\/21395","targetHints":{"allow":["GET"]}}],"collection":[{"href":"https:\/\/cybul.eu\/pl\/wp-json\/wp\/v2\/product"}],"about":[{"href":"https:\/\/cybul.eu\/pl\/wp-json\/wp\/v2\/types\/product"}],"replies":[{"embeddable":true,"href":"https:\/\/cybul.eu\/pl\/wp-json\/wp\/v2\/comments?post=21395"}],"wp:featuredmedia":[{"embeddable":true,"href":"https:\/\/cybul.eu\/pl\/wp-json\/wp\/v2\/media\/20883"}],"wp:attachment":[{"href":"https:\/\/cybul.eu\/pl\/wp-json\/wp\/v2\/media?parent=21395"}],"wp:term":[{"taxonomy":"product_cat","embeddable":true,"href":"https:\/\/cybul.eu\/pl\/wp-json\/wp\/v2\/product_cat?post=21395"},{"taxonomy":"product_tag","embeddable":true,"href":"https:\/\/cybul.eu\/pl\/wp-json\/wp\/v2\/product_tag?post=21395"}],"curies":[{"name":"wp","href":"https:\/\/api.w.org\/{rel}","templated":true}]}}