{"id":21394,"date":"2024-06-28T17:43:58","date_gmt":"2024-06-28T15:43:58","guid":{"rendered":"https:\/\/cybul.eu\/shop\/kask-sparco-rj\/"},"modified":"2024-06-28T17:44:02","modified_gmt":"2024-06-28T15:44:02","slug":"kask-sparco-rj","status":"publish","type":"product","link":"https:\/\/cybul.eu\/pl\/sklep\/kask-sparco-rj\/","title":{"rendered":"KASK SPARCO RJ"},"content":{"rendered":"<p><strong>Kask Sparco RJ<\/strong><\/p>\n<p>Homologacja:<strong> FIA 8859-2015 \/ Snell SA2020<\/p>\n<p><\/strong>Kask RJ firmy Sparco \u0142\u0105czy w sobie skorup\u0119 z w\u0142\u00f3kna szklanego, kt\u00f3ra zosta\u0142a wzmocniona w\u0142\u00f3knem w\u0119glowym i kevlarem, aby zapewni\u0107 mocny i lekki kask z otwart\u0105 twarz\u0105.<br \/>Wewn\u0105trz kasku znajduje si\u0119 zdejmowana wy\u015bci\u00f3\u0142ka, aby umo\u017cliwi\u0107 pranie. Kask posiada r\u00f3wnie\u017c daszek z w\u0142\u00f3kna szklanego.<\/p>\n<p>&#8211; Kask kompatybilny z systemem HANS<br \/>&#8211;&nbsp;Podszewk\u0119 mo\u017cna zdj\u0105\u0107 i wypra\u0107, dzi\u0119ki czemu kask pozostaje czysty i \u015bwie\u017cy<br \/>&#8211;&nbsp;Lekka waga z mi\u0119kk\u0105 i wygodn\u0105 wy\u015bci\u00f3\u0142k\u0105<\/p>\n","protected":false},"excerpt":{"rendered":"<p><strong>Kask Sparco RJ<\/strong><\/p>\n<p>Homologacja:<strong> FIA 8859-2015 \/ Snell SA2020<\/p>\n<p><\/strong>Kask RJ firmy Sparco \u0142\u0105czy w sobie skorup\u0119 z w\u0142\u00f3kna szklanego, kt\u00f3ra zosta\u0142a wzmocniona w\u0142\u00f3knem w\u0119glowym i kevlarem, aby zapewni\u0107 mocny i lekki kask z otwart\u0105 twarz\u0105.<br \/>Wewn\u0105trz kasku znajduje si\u0119 zdejmowana wy\u015bci\u00f3\u0142ka, aby umo\u017cliwi\u0107 pranie. Kask posiada r\u00f3wnie\u017c daszek z w\u0142\u00f3kna szklanego.<\/p>\n<p>&#8211; Kask kompatybilny z systemem HANS<br \/>&#8211;&nbsp;Podszewk\u0119 mo\u017cna zdj\u0105\u0107 i wypra\u0107, dzi\u0119ki czemu kask pozostaje czysty i \u015bwie\u017cy<br \/>&#8211;&nbsp;Lekka waga z mi\u0119kk\u0105 i wygodn\u0105 wy\u015bci\u00f3\u0142k\u0105<\/p>\n","protected":false},"featured_media":20876,"comment_status":"closed","ping_status":"open","template":"","meta":[],"product_cat":[607,560],"product_tag":[],"class_list":{"0":"post-21394","1":"product","2":"type-product","3":"status-publish","4":"has-post-thumbnail","6":"product_cat-kaski-otwarte","7":"product_cat-odziez-rajdowa-fia","9":"first","10":"instock","11":"taxable","12":"shipping-taxable","13":"purchasable","14":"product-type-simple"},"bundled_by":[],"bundle_stock_status":"instock","bundle_stock_quantity":null,"bundle_virtual":false,"bundle_layout":"","bundle_add_to_cart_form_location":"","bundle_editable_in_cart":false,"bundle_sold_individually_context":"","bundle_item_grouping":"","bundle_min_size":"","bundle_max_size":"","bundle_price":[],"bundled_items":[],"bundle_sell_ids":[],"acf":{"zdjecie_bez_watermarka":null,"zdjecie_bez_watermarka_url":"","product_orgin_url":"https:\/\/inter-rally.pl\/product-eng-960-Kask-Sparco-RJ.html"},"yoast_head":"<!-- This site is optimized with the Yoast SEO plugin v23.9 - https:\/\/yoast.com\/wordpress\/plugins\/seo\/ -->\n<title>KASK SPARCO RJ - CYBUL<\/title>\n<meta name=\"robots\" content=\"index, follow, max-snippet:-1, max-image-preview:large, max-video-preview:-1\" \/>\n<link rel=\"canonical\" href=\"https:\/\/cybul.eu\/pl\/sklep\/kask-sparco-rj\/\" \/>\n<meta property=\"og:locale\" content=\"pl_PL\" \/>\n<meta property=\"og:type\" content=\"article\" \/>\n<meta property=\"og:title\" content=\"KASK SPARCO RJ - CYBUL\" \/>\n<meta property=\"og:description\" content=\"Kask Sparco RJHomologacja: FIA 8859-2015 \/ Snell SA2020Kask RJ firmy Sparco \u0142\u0105czy w sobie skorup\u0119 z w\u0142\u00f3kna szklanego, kt\u00f3ra zosta\u0142a wzmocniona w\u0142\u00f3knem w\u0119glowym i kevlarem, aby zapewni\u0107 mocny i lekki kask z otwart\u0105 twarz\u0105.Wewn\u0105trz kasku znajduje si\u0119 zdejmowana wy\u015bci\u00f3\u0142ka, aby umo\u017cliwi\u0107 pranie. Kask posiada r\u00f3wnie\u017c daszek z w\u0142\u00f3kna szklanego.- Kask kompatybilny z systemem HANS-&nbsp;Podszewk\u0119 mo\u017cna zdj\u0105\u0107 i wypra\u0107, dzi\u0119ki czemu kask pozostaje czysty i \u015bwie\u017cy-&nbsp;Lekka waga z mi\u0119kk\u0105 i wygodn\u0105 wy\u015bci\u00f3\u0142k\u0105\" \/>\n<meta property=\"og:url\" content=\"https:\/\/cybul.eu\/pl\/sklep\/kask-sparco-rj\/\" \/>\n<meta property=\"og:site_name\" content=\"CYBUL\" \/>\n<meta property=\"article:modified_time\" content=\"2024-06-28T15:44:02+00:00\" \/>\n<meta property=\"og:image\" content=\"https:\/\/cybul.eu\/wp-content\/uploads\/2024\/06\/pol_pl_Kask-Sparco-RJ-960_1.jpg\" \/>\n\t<meta property=\"og:image:width\" content=\"900\" \/>\n\t<meta property=\"og:image:height\" content=\"900\" \/>\n\t<meta property=\"og:image:type\" content=\"image\/jpeg\" \/>\n<meta name=\"twitter:card\" content=\"summary_large_image\" \/>\n<script type=\"application\/ld+json\" class=\"yoast-schema-graph\">{\"@context\":\"https:\/\/schema.org\",\"@graph\":[{\"@type\":\"WebPage\",\"@id\":\"https:\/\/cybul.eu\/pl\/sklep\/kask-sparco-rj\/\",\"url\":\"https:\/\/cybul.eu\/pl\/sklep\/kask-sparco-rj\/\",\"name\":\"KASK SPARCO RJ - CYBUL\",\"isPartOf\":{\"@id\":\"https:\/\/cybul.eu\/pl\/#website\"},\"primaryImageOfPage\":{\"@id\":\"https:\/\/cybul.eu\/pl\/sklep\/kask-sparco-rj\/#primaryimage\"},\"image\":{\"@id\":\"https:\/\/cybul.eu\/pl\/sklep\/kask-sparco-rj\/#primaryimage\"},\"thumbnailUrl\":\"https:\/\/cybul.eu\/wp-content\/uploads\/2024\/06\/pol_pl_Kask-Sparco-RJ-960_1.jpg\",\"datePublished\":\"2024-06-28T15:43:58+00:00\",\"dateModified\":\"2024-06-28T15:44:02+00:00\",\"breadcrumb\":{\"@id\":\"https:\/\/cybul.eu\/pl\/sklep\/kask-sparco-rj\/#breadcrumb\"},\"inLanguage\":\"pl-PL\",\"potentialAction\":[{\"@type\":\"ReadAction\",\"target\":[\"https:\/\/cybul.eu\/pl\/sklep\/kask-sparco-rj\/\"]}]},{\"@type\":\"ImageObject\",\"inLanguage\":\"pl-PL\",\"@id\":\"https:\/\/cybul.eu\/pl\/sklep\/kask-sparco-rj\/#primaryimage\",\"url\":\"https:\/\/cybul.eu\/wp-content\/uploads\/2024\/06\/pol_pl_Kask-Sparco-RJ-960_1.jpg\",\"contentUrl\":\"https:\/\/cybul.eu\/wp-content\/uploads\/2024\/06\/pol_pl_Kask-Sparco-RJ-960_1.jpg\",\"width\":900,\"height\":900},{\"@type\":\"BreadcrumbList\",\"@id\":\"https:\/\/cybul.eu\/pl\/sklep\/kask-sparco-rj\/#breadcrumb\",\"itemListElement\":[{\"@type\":\"ListItem\",\"position\":1,\"name\":\"Strona g\u0142\u00f3wna\",\"item\":\"https:\/\/cybul.eu\/pl\/\"},{\"@type\":\"ListItem\",\"position\":2,\"name\":\"Sklep\",\"item\":\"https:\/\/cybul.eu\/pl\/sklep\/\"},{\"@type\":\"ListItem\",\"position\":3,\"name\":\"KASK SPARCO RJ\"}]},{\"@type\":\"WebSite\",\"@id\":\"https:\/\/cybul.eu\/pl\/#website\",\"url\":\"https:\/\/cybul.eu\/pl\/\",\"name\":\"CYBUL\",\"description\":\"\",\"potentialAction\":[{\"@type\":\"SearchAction\",\"target\":{\"@type\":\"EntryPoint\",\"urlTemplate\":\"https:\/\/cybul.eu\/pl\/?s={search_term_string}\"},\"query-input\":{\"@type\":\"PropertyValueSpecification\",\"valueRequired\":true,\"valueName\":\"search_term_string\"}}],\"inLanguage\":\"pl-PL\"}]}<\/script>\n<!-- \/ Yoast SEO plugin. -->","yoast_head_json":{"title":"KASK SPARCO RJ - CYBUL","robots":{"index":"index","follow":"follow","max-snippet":"max-snippet:-1","max-image-preview":"max-image-preview:large","max-video-preview":"max-video-preview:-1"},"canonical":"https:\/\/cybul.eu\/pl\/sklep\/kask-sparco-rj\/","og_locale":"pl_PL","og_type":"article","og_title":"KASK SPARCO RJ - CYBUL","og_description":"Kask Sparco RJHomologacja: FIA 8859-2015 \/ Snell SA2020Kask RJ firmy Sparco \u0142\u0105czy w sobie skorup\u0119 z w\u0142\u00f3kna szklanego, kt\u00f3ra zosta\u0142a wzmocniona w\u0142\u00f3knem w\u0119glowym i kevlarem, aby zapewni\u0107 mocny i lekki kask z otwart\u0105 twarz\u0105.Wewn\u0105trz kasku znajduje si\u0119 zdejmowana wy\u015bci\u00f3\u0142ka, aby umo\u017cliwi\u0107 pranie. Kask posiada r\u00f3wnie\u017c daszek z w\u0142\u00f3kna szklanego.- Kask kompatybilny z systemem HANS-&nbsp;Podszewk\u0119 mo\u017cna zdj\u0105\u0107 i wypra\u0107, dzi\u0119ki czemu kask pozostaje czysty i \u015bwie\u017cy-&nbsp;Lekka waga z mi\u0119kk\u0105 i wygodn\u0105 wy\u015bci\u00f3\u0142k\u0105","og_url":"https:\/\/cybul.eu\/pl\/sklep\/kask-sparco-rj\/","og_site_name":"CYBUL","article_modified_time":"2024-06-28T15:44:02+00:00","og_image":[{"width":900,"height":900,"url":"https:\/\/cybul.eu\/wp-content\/uploads\/2024\/06\/pol_pl_Kask-Sparco-RJ-960_1.jpg","type":"image\/jpeg"}],"twitter_card":"summary_large_image","schema":{"@context":"https:\/\/schema.org","@graph":[{"@type":"WebPage","@id":"https:\/\/cybul.eu\/pl\/sklep\/kask-sparco-rj\/","url":"https:\/\/cybul.eu\/pl\/sklep\/kask-sparco-rj\/","name":"KASK SPARCO RJ - CYBUL","isPartOf":{"@id":"https:\/\/cybul.eu\/pl\/#website"},"primaryImageOfPage":{"@id":"https:\/\/cybul.eu\/pl\/sklep\/kask-sparco-rj\/#primaryimage"},"image":{"@id":"https:\/\/cybul.eu\/pl\/sklep\/kask-sparco-rj\/#primaryimage"},"thumbnailUrl":"https:\/\/cybul.eu\/wp-content\/uploads\/2024\/06\/pol_pl_Kask-Sparco-RJ-960_1.jpg","datePublished":"2024-06-28T15:43:58+00:00","dateModified":"2024-06-28T15:44:02+00:00","breadcrumb":{"@id":"https:\/\/cybul.eu\/pl\/sklep\/kask-sparco-rj\/#breadcrumb"},"inLanguage":"pl-PL","potentialAction":[{"@type":"ReadAction","target":["https:\/\/cybul.eu\/pl\/sklep\/kask-sparco-rj\/"]}]},{"@type":"ImageObject","inLanguage":"pl-PL","@id":"https:\/\/cybul.eu\/pl\/sklep\/kask-sparco-rj\/#primaryimage","url":"https:\/\/cybul.eu\/wp-content\/uploads\/2024\/06\/pol_pl_Kask-Sparco-RJ-960_1.jpg","contentUrl":"https:\/\/cybul.eu\/wp-content\/uploads\/2024\/06\/pol_pl_Kask-Sparco-RJ-960_1.jpg","width":900,"height":900},{"@type":"BreadcrumbList","@id":"https:\/\/cybul.eu\/pl\/sklep\/kask-sparco-rj\/#breadcrumb","itemListElement":[{"@type":"ListItem","position":1,"name":"Strona g\u0142\u00f3wna","item":"https:\/\/cybul.eu\/pl\/"},{"@type":"ListItem","position":2,"name":"Sklep","item":"https:\/\/cybul.eu\/pl\/sklep\/"},{"@type":"ListItem","position":3,"name":"KASK SPARCO RJ"}]},{"@type":"WebSite","@id":"https:\/\/cybul.eu\/pl\/#website","url":"https:\/\/cybul.eu\/pl\/","name":"CYBUL","description":"","potentialAction":[{"@type":"SearchAction","target":{"@type":"EntryPoint","urlTemplate":"https:\/\/cybul.eu\/pl\/?s={search_term_string}"},"query-input":{"@type":"PropertyValueSpecification","valueRequired":true,"valueName":"search_term_string"}}],"inLanguage":"pl-PL"}]}},"_links":{"self":[{"href":"https:\/\/cybul.eu\/pl\/wp-json\/wp\/v2\/product\/21394","targetHints":{"allow":["GET"]}}],"collection":[{"href":"https:\/\/cybul.eu\/pl\/wp-json\/wp\/v2\/product"}],"about":[{"href":"https:\/\/cybul.eu\/pl\/wp-json\/wp\/v2\/types\/product"}],"replies":[{"embeddable":true,"href":"https:\/\/cybul.eu\/pl\/wp-json\/wp\/v2\/comments?post=21394"}],"wp:featuredmedia":[{"embeddable":true,"href":"https:\/\/cybul.eu\/pl\/wp-json\/wp\/v2\/media\/20876"}],"wp:attachment":[{"href":"https:\/\/cybul.eu\/pl\/wp-json\/wp\/v2\/media?parent=21394"}],"wp:term":[{"taxonomy":"product_cat","embeddable":true,"href":"https:\/\/cybul.eu\/pl\/wp-json\/wp\/v2\/product_cat?post=21394"},{"taxonomy":"product_tag","embeddable":true,"href":"https:\/\/cybul.eu\/pl\/wp-json\/wp\/v2\/product_tag?post=21394"}],"curies":[{"name":"wp","href":"https:\/\/api.w.org\/{rel}","templated":true}]}}