{"id":1751,"date":"2019-06-18T14:28:19","date_gmt":"2019-06-18T12:28:20","guid":{"rendered":"https:\/\/cybul.eu\/?post_type=product&#038;p=1751"},"modified":"2019-09-30T15:23:01","modified_gmt":"2019-09-30T13:23:01","slug":"nissan-patrol-przedni-drazek-kierowniczy-copy","status":"publish","type":"product","link":"https:\/\/cybul.eu\/pl\/sklep\/nissan-patrol-przedni-drazek-kierowniczy-copy\/","title":{"rendered":"Nissan Patrol &#8211; przedni dr\u0105\u017cek kierowniczy przed 2000r"},"content":{"rendered":"<p>Wykonany z bezszwowej, precyzyjnej rury o podwy\u017cszonej twardo\u015bci, o wiele wytrzymalszy od seryjnego.<\/p>\n<p>W przeciwie\u0144stwie do seryjnego dr\u0105\u017cka, nasz posiada wymienne ko\u0144c\u00f3wki. Znacz\u0105co zmniejszaj\u0105 one koszty napraw. W przypadku uszkodzenia wystarczy wymiana jednego elementu ruchomego.<\/p>\n<p>Mocowanie amortyzatora skr\u0119tu szpilka-szpilka (przed 2000r). W naszym sklepie dost\u0119pna jest r\u00f3wnie\u017c wersja z mocowaniem szpilka-szpilka.<\/p>\n<p>Produkt lakierowany proszkowo na metaliczny grafit. W zestawie znajduj\u0105 si\u0119 dwie ko\u0144c\u00f3wki kierownicze, dr\u0105\u017cek, mocowanie amortyzatora skr\u0119tu i zestaw nakr\u0119tek.<\/p>\n","protected":false},"excerpt":{"rendered":"<p>Wymienne ko\u0144c\u00f3wki zmniejszaj\u0105 koszty napraw.<\/p>\n","protected":false},"featured_media":0,"comment_status":"closed","ping_status":"open","template":"","meta":[],"product_cat":[279],"product_tag":[352],"class_list":{"0":"post-1751","1":"product","2":"type-product","3":"status-publish","5":"product_cat-patrol","6":"product_tag-drazki-kierownicze-off-road","8":"first","9":"instock","10":"purchasable","11":"product-type-simple"},"bundled_by":[],"bundle_stock_status":"instock","bundle_stock_quantity":null,"bundle_virtual":false,"bundle_layout":"","bundle_add_to_cart_form_location":"","bundle_editable_in_cart":false,"bundle_sold_individually_context":"","bundle_item_grouping":"","bundle_min_size":"","bundle_max_size":"","bundle_price":[],"bundled_items":[],"bundle_sell_ids":[],"acf":{"zdjecie_bez_watermarka":null,"zdjecie_bez_watermarka_url":"","product_orgin_url":""},"yoast_head":"<!-- This site is optimized with the Yoast SEO plugin v23.9 - https:\/\/yoast.com\/wordpress\/plugins\/seo\/ -->\n<title>Nissan Patrol - przedni dr\u0105\u017cek kierowniczy przed 2000r - CYBUL<\/title>\n<meta name=\"robots\" content=\"index, follow, max-snippet:-1, max-image-preview:large, max-video-preview:-1\" \/>\n<link rel=\"canonical\" href=\"https:\/\/cybul.eu\/pl\/sklep\/nissan-patrol-przedni-drazek-kierowniczy-copy\/\" \/>\n<meta property=\"og:locale\" content=\"pl_PL\" \/>\n<meta property=\"og:type\" content=\"article\" \/>\n<meta property=\"og:title\" content=\"Nissan Patrol - przedni dr\u0105\u017cek kierowniczy przed 2000r - CYBUL\" \/>\n<meta property=\"og:description\" content=\"Wymienne ko\u0144c\u00f3wki zmniejszaj\u0105 koszty napraw.\" \/>\n<meta property=\"og:url\" content=\"https:\/\/cybul.eu\/pl\/sklep\/nissan-patrol-przedni-drazek-kierowniczy-copy\/\" \/>\n<meta property=\"og:site_name\" content=\"CYBUL\" \/>\n<meta property=\"article:modified_time\" content=\"2019-09-30T13:23:01+00:00\" \/>\n<meta property=\"og:image\" content=\"https:\/\/cybul.eu\/wp-content\/uploads\/2019\/06\/NISSAN-PATROL-steering-rod-with-Yamato-rod-ends-old-type-mount-of-steering-damper-6_mod.jpg\" \/>\n\t<meta property=\"og:image:width\" content=\"1800\" \/>\n\t<meta property=\"og:image:height\" content=\"1800\" \/>\n\t<meta property=\"og:image:type\" content=\"image\/jpeg\" \/>\n<meta name=\"twitter:card\" content=\"summary_large_image\" \/>\n<script type=\"application\/ld+json\" class=\"yoast-schema-graph\">{\"@context\":\"https:\/\/schema.org\",\"@graph\":[{\"@type\":\"WebPage\",\"@id\":\"https:\/\/cybul.eu\/pl\/sklep\/nissan-patrol-przedni-drazek-kierowniczy-copy\/\",\"url\":\"https:\/\/cybul.eu\/pl\/sklep\/nissan-patrol-przedni-drazek-kierowniczy-copy\/\",\"name\":\"Nissan Patrol - przedni dr\u0105\u017cek kierowniczy przed 2000r - CYBUL\",\"isPartOf\":{\"@id\":\"https:\/\/cybul.eu\/pl\/#website\"},\"datePublished\":\"2019-06-18T12:28:20+00:00\",\"dateModified\":\"2019-09-30T13:23:01+00:00\",\"breadcrumb\":{\"@id\":\"https:\/\/cybul.eu\/pl\/sklep\/nissan-patrol-przedni-drazek-kierowniczy-copy\/#breadcrumb\"},\"inLanguage\":\"pl-PL\",\"potentialAction\":[{\"@type\":\"ReadAction\",\"target\":[\"https:\/\/cybul.eu\/pl\/sklep\/nissan-patrol-przedni-drazek-kierowniczy-copy\/\"]}]},{\"@type\":\"BreadcrumbList\",\"@id\":\"https:\/\/cybul.eu\/pl\/sklep\/nissan-patrol-przedni-drazek-kierowniczy-copy\/#breadcrumb\",\"itemListElement\":[{\"@type\":\"ListItem\",\"position\":1,\"name\":\"Strona g\u0142\u00f3wna\",\"item\":\"https:\/\/cybul.eu\/pl\/\"},{\"@type\":\"ListItem\",\"position\":2,\"name\":\"Sklep\",\"item\":\"https:\/\/cybul.eu\/pl\/sklep\/\"},{\"@type\":\"ListItem\",\"position\":3,\"name\":\"Nissan Patrol &#8211; przedni dr\u0105\u017cek kierowniczy przed 2000r\"}]},{\"@type\":\"WebSite\",\"@id\":\"https:\/\/cybul.eu\/pl\/#website\",\"url\":\"https:\/\/cybul.eu\/pl\/\",\"name\":\"CYBUL\",\"description\":\"\",\"potentialAction\":[{\"@type\":\"SearchAction\",\"target\":{\"@type\":\"EntryPoint\",\"urlTemplate\":\"https:\/\/cybul.eu\/pl\/?s={search_term_string}\"},\"query-input\":{\"@type\":\"PropertyValueSpecification\",\"valueRequired\":true,\"valueName\":\"search_term_string\"}}],\"inLanguage\":\"pl-PL\"}]}<\/script>\n<!-- \/ Yoast SEO plugin. -->","yoast_head_json":{"title":"Nissan Patrol - przedni dr\u0105\u017cek kierowniczy przed 2000r - CYBUL","robots":{"index":"index","follow":"follow","max-snippet":"max-snippet:-1","max-image-preview":"max-image-preview:large","max-video-preview":"max-video-preview:-1"},"canonical":"https:\/\/cybul.eu\/pl\/sklep\/nissan-patrol-przedni-drazek-kierowniczy-copy\/","og_locale":"pl_PL","og_type":"article","og_title":"Nissan Patrol - przedni dr\u0105\u017cek kierowniczy przed 2000r - CYBUL","og_description":"Wymienne ko\u0144c\u00f3wki zmniejszaj\u0105 koszty napraw.","og_url":"https:\/\/cybul.eu\/pl\/sklep\/nissan-patrol-przedni-drazek-kierowniczy-copy\/","og_site_name":"CYBUL","article_modified_time":"2019-09-30T13:23:01+00:00","og_image":[{"width":1800,"height":1800,"url":"https:\/\/cybul.eu\/wp-content\/uploads\/2019\/06\/NISSAN-PATROL-steering-rod-with-Yamato-rod-ends-old-type-mount-of-steering-damper-6_mod.jpg","type":"image\/jpeg"}],"twitter_card":"summary_large_image","schema":{"@context":"https:\/\/schema.org","@graph":[{"@type":"WebPage","@id":"https:\/\/cybul.eu\/pl\/sklep\/nissan-patrol-przedni-drazek-kierowniczy-copy\/","url":"https:\/\/cybul.eu\/pl\/sklep\/nissan-patrol-przedni-drazek-kierowniczy-copy\/","name":"Nissan Patrol - przedni dr\u0105\u017cek kierowniczy przed 2000r - CYBUL","isPartOf":{"@id":"https:\/\/cybul.eu\/pl\/#website"},"datePublished":"2019-06-18T12:28:20+00:00","dateModified":"2019-09-30T13:23:01+00:00","breadcrumb":{"@id":"https:\/\/cybul.eu\/pl\/sklep\/nissan-patrol-przedni-drazek-kierowniczy-copy\/#breadcrumb"},"inLanguage":"pl-PL","potentialAction":[{"@type":"ReadAction","target":["https:\/\/cybul.eu\/pl\/sklep\/nissan-patrol-przedni-drazek-kierowniczy-copy\/"]}]},{"@type":"BreadcrumbList","@id":"https:\/\/cybul.eu\/pl\/sklep\/nissan-patrol-przedni-drazek-kierowniczy-copy\/#breadcrumb","itemListElement":[{"@type":"ListItem","position":1,"name":"Strona g\u0142\u00f3wna","item":"https:\/\/cybul.eu\/pl\/"},{"@type":"ListItem","position":2,"name":"Sklep","item":"https:\/\/cybul.eu\/pl\/sklep\/"},{"@type":"ListItem","position":3,"name":"Nissan Patrol &#8211; przedni dr\u0105\u017cek kierowniczy przed 2000r"}]},{"@type":"WebSite","@id":"https:\/\/cybul.eu\/pl\/#website","url":"https:\/\/cybul.eu\/pl\/","name":"CYBUL","description":"","potentialAction":[{"@type":"SearchAction","target":{"@type":"EntryPoint","urlTemplate":"https:\/\/cybul.eu\/pl\/?s={search_term_string}"},"query-input":{"@type":"PropertyValueSpecification","valueRequired":true,"valueName":"search_term_string"}}],"inLanguage":"pl-PL"}]}},"_links":{"self":[{"href":"https:\/\/cybul.eu\/pl\/wp-json\/wp\/v2\/product\/1751","targetHints":{"allow":["GET"]}}],"collection":[{"href":"https:\/\/cybul.eu\/pl\/wp-json\/wp\/v2\/product"}],"about":[{"href":"https:\/\/cybul.eu\/pl\/wp-json\/wp\/v2\/types\/product"}],"replies":[{"embeddable":true,"href":"https:\/\/cybul.eu\/pl\/wp-json\/wp\/v2\/comments?post=1751"}],"wp:attachment":[{"href":"https:\/\/cybul.eu\/pl\/wp-json\/wp\/v2\/media?parent=1751"}],"wp:term":[{"taxonomy":"product_cat","embeddable":true,"href":"https:\/\/cybul.eu\/pl\/wp-json\/wp\/v2\/product_cat?post=1751"},{"taxonomy":"product_tag","embeddable":true,"href":"https:\/\/cybul.eu\/pl\/wp-json\/wp\/v2\/product_tag?post=1751"}],"curies":[{"name":"wp","href":"https:\/\/api.w.org\/{rel}","templated":true}]}}