{"id":1724,"date":"2019-05-14T11:27:44","date_gmt":"2019-05-14T09:27:44","guid":{"rendered":"https:\/\/cybul.eu\/shop\/mx5-na-i-nb-roll-bar-double-hoop\/"},"modified":"2025-06-05T11:56:37","modified_gmt":"2025-06-05T09:56:37","slug":"mx5-na-i-nb-roll-bar-double-hoop","status":"publish","type":"product","link":"https:\/\/cybul.eu\/pl\/sklep\/mx5-na-i-nb-roll-bar-double-hoop\/","title":{"rendered":"MX5 NA i NB &#8211; roll bar double hoop"},"content":{"rendered":"<p>Po pierwsze, ten roll bar b\u0119dzie wygl\u0105da\u0142 wy\u015bmienicie na Twojej MX5. Polakierujemy go dla Ciebie na wi\u0119kszo\u015b\u0107 kolor\u00f3w z palety RAL. Wszystko po to, \u017ceby efekt finalny sprosta\u0142 Twoim wyg\u00f3rowanym oczekiwaniom.<\/p>\n<p>Wygl\u0105d to nie wszystko \u2013 \u201erolka\u201d znacz\u0105co zwi\u0119ksza bezpiecze\u0144stwo. Nasze roll bary uchroni\u0142y wiele os\u00f3b podczas dachowania.<\/p>\n<p>Kompatybilny z hardtop&#8217;em i mi\u0119kkim dachem \u2013 zar\u00f3wno ze szklan\u0105, jak i mi\u0119kk\u0105 szyb\u0105.<\/p>\n<p>Konstrukcja doble hoop\u2019a umo\u017cliwia \u0142atwe sk\u0142adanie i rozk\u0142adanie dachu.<\/p>\n<p>Wykonany z precyzyjnych rur bezszwowych E355 o \u015brednicy 45&#215;2,5 i 40&#215;2 oraz stali wycinanej laserem i gi\u0119tej na maszynie CNC. Spawany przez do\u015bwiadczonego spawacza.<\/p>\n<p>W zestawie znajduj\u0105 si\u0119 wszystkie elementy monta\u017cowe \u2013 blachy, komplet \u015brub i nakr\u0119tek oraz instrukcja monta\u017cu. Instalacja w samochodzie wymaga u\u017cycia no\u017cyc do blachy, lub szlifierki k\u0105towej, wiertarki, oraz zestawu podstawowych kluczy.<\/p>\n<p>Podczas mota\u017cu hardtopa, niezb\u0119dna jest drobna modyfikacja bocznych &#8222;klips\u00f3w&#8221;. Wynika to z szeroko\u015bci roll bara. Jak wiesz, MX5 jest bardzo ma\u0142ym autem i kompromisy s\u0105 nieuniknione. Wyb\u00f3r pomi\u0119dzy Twoim bezpiecze\u0144stwem a nienaruszonym &#8222;klipsem&#8221; by\u0142 prosty &#8211; Twoje \u017cycie jest wa\u017cniejsze.<\/p>\n<p>Istnieje mo\u017cliwo\u015b\u0107 doposa\u017cenia roll bara w harness bar (mocowanie naramennej cz\u0119\u015bci pas\u00f3w czteropunktowych) oraz door bary (rury id\u0105ce wzd\u0142u\u017c drzwi). Je\u015bli chcesz zam\u00f3wi\u0107 roll bar w kolorze czarnym, wybierz RAL 9005.<\/p>\n","protected":false},"excerpt":{"rendered":"<p>Chroni kierowc\u0119 i pasa\u017cera w przypadku dachowania.<\/p>\n","protected":false},"featured_media":24334,"comment_status":"open","ping_status":"open","template":"","meta":[],"product_cat":[387,515,523,388,284],"product_tag":[346,370,371],"class_list":{"0":"post-1724","1":"product","2":"type-product","3":"status-publish","4":"has-post-thumbnail","6":"product_cat-mx5-na-pl","7":"product_cat-bezpieczenstwo","8":"product_cat-bezpieczenstwo-mx-5-nb-mx5-nb-pl","9":"product_cat-mx5-nb-pl","10":"product_cat-mazda-pl","11":"product_tag-mx5-pl","12":"product_tag-roll-bar-pl","13":"product_tag-mx5-roll-bar-pl","14":"product_shipping_class-roll-bar-dh-pl","16":"first","17":"instock","18":"taxable","19":"shipping-taxable","20":"purchasable","21":"product-type-simple"},"bundled_by":[],"bundle_stock_status":"instock","bundle_stock_quantity":null,"bundle_virtual":false,"bundle_layout":"","bundle_add_to_cart_form_location":"","bundle_editable_in_cart":false,"bundle_sold_individually_context":"","bundle_item_grouping":"","bundle_min_size":"","bundle_max_size":"","bundle_price":[],"bundled_items":[],"bundle_sell_ids":[],"acf":{"zdjecie_bez_watermarka":null,"zdjecie_bez_watermarka_url":"","product_orgin_url":""},"yoast_head":"<!-- This site is optimized with the Yoast SEO plugin v23.9 - https:\/\/yoast.com\/wordpress\/plugins\/seo\/ -->\n<title>MX5 NA i NB - roll bar double hoop - CYBUL<\/title>\n<meta name=\"robots\" content=\"index, follow, max-snippet:-1, max-image-preview:large, max-video-preview:-1\" \/>\n<link rel=\"canonical\" href=\"https:\/\/cybul.eu\/pl\/sklep\/mx5-na-i-nb-roll-bar-double-hoop\/\" \/>\n<meta property=\"og:locale\" content=\"pl_PL\" \/>\n<meta property=\"og:type\" content=\"article\" \/>\n<meta property=\"og:title\" content=\"MX5 NA i NB - roll bar double hoop - CYBUL\" \/>\n<meta property=\"og:description\" content=\"Chroni kierowc\u0119 i pasa\u017cera w przypadku dachowania.\" \/>\n<meta property=\"og:url\" content=\"https:\/\/cybul.eu\/pl\/sklep\/mx5-na-i-nb-roll-bar-double-hoop\/\" \/>\n<meta property=\"og:site_name\" content=\"CYBUL\" \/>\n<meta property=\"article:modified_time\" content=\"2025-06-05T09:56:37+00:00\" \/>\n<meta property=\"og:image\" content=\"https:\/\/cybul.eu\/wp-content\/uploads\/2025\/04\/test.png\" \/>\n\t<meta property=\"og:image:width\" content=\"800\" \/>\n\t<meta property=\"og:image:height\" content=\"800\" \/>\n\t<meta property=\"og:image:type\" content=\"image\/jpeg\" \/>\n<meta name=\"twitter:card\" content=\"summary_large_image\" \/>\n<meta name=\"twitter:label1\" content=\"Szacowany czas czytania\" \/>\n\t<meta name=\"twitter:data1\" content=\"1 minuta\" \/>\n<script type=\"application\/ld+json\" class=\"yoast-schema-graph\">{\"@context\":\"https:\/\/schema.org\",\"@graph\":[{\"@type\":\"WebPage\",\"@id\":\"https:\/\/cybul.eu\/pl\/sklep\/mx5-na-i-nb-roll-bar-double-hoop\/\",\"url\":\"https:\/\/cybul.eu\/pl\/sklep\/mx5-na-i-nb-roll-bar-double-hoop\/\",\"name\":\"MX5 NA i NB - roll bar double hoop - CYBUL\",\"isPartOf\":{\"@id\":\"https:\/\/cybul.eu\/pl\/#website\"},\"primaryImageOfPage\":{\"@id\":\"https:\/\/cybul.eu\/pl\/sklep\/mx5-na-i-nb-roll-bar-double-hoop\/#primaryimage\"},\"image\":{\"@id\":\"https:\/\/cybul.eu\/pl\/sklep\/mx5-na-i-nb-roll-bar-double-hoop\/#primaryimage\"},\"thumbnailUrl\":\"https:\/\/cybul.eu\/wp-content\/uploads\/2025\/04\/test.png\",\"datePublished\":\"2019-05-14T09:27:44+00:00\",\"dateModified\":\"2025-06-05T09:56:37+00:00\",\"breadcrumb\":{\"@id\":\"https:\/\/cybul.eu\/pl\/sklep\/mx5-na-i-nb-roll-bar-double-hoop\/#breadcrumb\"},\"inLanguage\":\"pl-PL\",\"potentialAction\":[{\"@type\":\"ReadAction\",\"target\":[\"https:\/\/cybul.eu\/pl\/sklep\/mx5-na-i-nb-roll-bar-double-hoop\/\"]}]},{\"@type\":\"ImageObject\",\"inLanguage\":\"pl-PL\",\"@id\":\"https:\/\/cybul.eu\/pl\/sklep\/mx5-na-i-nb-roll-bar-double-hoop\/#primaryimage\",\"url\":\"https:\/\/cybul.eu\/wp-content\/uploads\/2025\/04\/test.png\",\"contentUrl\":\"https:\/\/cybul.eu\/wp-content\/uploads\/2025\/04\/test.png\",\"width\":800,\"height\":800},{\"@type\":\"BreadcrumbList\",\"@id\":\"https:\/\/cybul.eu\/pl\/sklep\/mx5-na-i-nb-roll-bar-double-hoop\/#breadcrumb\",\"itemListElement\":[{\"@type\":\"ListItem\",\"position\":1,\"name\":\"Strona g\u0142\u00f3wna\",\"item\":\"https:\/\/cybul.eu\/pl\/\"},{\"@type\":\"ListItem\",\"position\":2,\"name\":\"Sklep\",\"item\":\"https:\/\/cybul.eu\/pl\/sklep\/\"},{\"@type\":\"ListItem\",\"position\":3,\"name\":\"MX5 NA i NB &#8211; roll bar double hoop\"}]},{\"@type\":\"WebSite\",\"@id\":\"https:\/\/cybul.eu\/pl\/#website\",\"url\":\"https:\/\/cybul.eu\/pl\/\",\"name\":\"CYBUL\",\"description\":\"\",\"potentialAction\":[{\"@type\":\"SearchAction\",\"target\":{\"@type\":\"EntryPoint\",\"urlTemplate\":\"https:\/\/cybul.eu\/pl\/?s={search_term_string}\"},\"query-input\":{\"@type\":\"PropertyValueSpecification\",\"valueRequired\":true,\"valueName\":\"search_term_string\"}}],\"inLanguage\":\"pl-PL\"}]}<\/script>\n<!-- \/ Yoast SEO plugin. -->","yoast_head_json":{"title":"MX5 NA i NB - roll bar double hoop - CYBUL","robots":{"index":"index","follow":"follow","max-snippet":"max-snippet:-1","max-image-preview":"max-image-preview:large","max-video-preview":"max-video-preview:-1"},"canonical":"https:\/\/cybul.eu\/pl\/sklep\/mx5-na-i-nb-roll-bar-double-hoop\/","og_locale":"pl_PL","og_type":"article","og_title":"MX5 NA i NB - roll bar double hoop - CYBUL","og_description":"Chroni kierowc\u0119 i pasa\u017cera w przypadku dachowania.","og_url":"https:\/\/cybul.eu\/pl\/sklep\/mx5-na-i-nb-roll-bar-double-hoop\/","og_site_name":"CYBUL","article_modified_time":"2025-06-05T09:56:37+00:00","og_image":[{"width":800,"height":800,"url":"https:\/\/cybul.eu\/wp-content\/uploads\/2025\/04\/test.png","type":"image\/jpeg"}],"twitter_card":"summary_large_image","twitter_misc":{"Szacowany czas czytania":"1 minuta"},"schema":{"@context":"https:\/\/schema.org","@graph":[{"@type":"WebPage","@id":"https:\/\/cybul.eu\/pl\/sklep\/mx5-na-i-nb-roll-bar-double-hoop\/","url":"https:\/\/cybul.eu\/pl\/sklep\/mx5-na-i-nb-roll-bar-double-hoop\/","name":"MX5 NA i NB - roll bar double hoop - CYBUL","isPartOf":{"@id":"https:\/\/cybul.eu\/pl\/#website"},"primaryImageOfPage":{"@id":"https:\/\/cybul.eu\/pl\/sklep\/mx5-na-i-nb-roll-bar-double-hoop\/#primaryimage"},"image":{"@id":"https:\/\/cybul.eu\/pl\/sklep\/mx5-na-i-nb-roll-bar-double-hoop\/#primaryimage"},"thumbnailUrl":"https:\/\/cybul.eu\/wp-content\/uploads\/2025\/04\/test.png","datePublished":"2019-05-14T09:27:44+00:00","dateModified":"2025-06-05T09:56:37+00:00","breadcrumb":{"@id":"https:\/\/cybul.eu\/pl\/sklep\/mx5-na-i-nb-roll-bar-double-hoop\/#breadcrumb"},"inLanguage":"pl-PL","potentialAction":[{"@type":"ReadAction","target":["https:\/\/cybul.eu\/pl\/sklep\/mx5-na-i-nb-roll-bar-double-hoop\/"]}]},{"@type":"ImageObject","inLanguage":"pl-PL","@id":"https:\/\/cybul.eu\/pl\/sklep\/mx5-na-i-nb-roll-bar-double-hoop\/#primaryimage","url":"https:\/\/cybul.eu\/wp-content\/uploads\/2025\/04\/test.png","contentUrl":"https:\/\/cybul.eu\/wp-content\/uploads\/2025\/04\/test.png","width":800,"height":800},{"@type":"BreadcrumbList","@id":"https:\/\/cybul.eu\/pl\/sklep\/mx5-na-i-nb-roll-bar-double-hoop\/#breadcrumb","itemListElement":[{"@type":"ListItem","position":1,"name":"Strona g\u0142\u00f3wna","item":"https:\/\/cybul.eu\/pl\/"},{"@type":"ListItem","position":2,"name":"Sklep","item":"https:\/\/cybul.eu\/pl\/sklep\/"},{"@type":"ListItem","position":3,"name":"MX5 NA i NB &#8211; roll bar double hoop"}]},{"@type":"WebSite","@id":"https:\/\/cybul.eu\/pl\/#website","url":"https:\/\/cybul.eu\/pl\/","name":"CYBUL","description":"","potentialAction":[{"@type":"SearchAction","target":{"@type":"EntryPoint","urlTemplate":"https:\/\/cybul.eu\/pl\/?s={search_term_string}"},"query-input":{"@type":"PropertyValueSpecification","valueRequired":true,"valueName":"search_term_string"}}],"inLanguage":"pl-PL"}]}},"_links":{"self":[{"href":"https:\/\/cybul.eu\/pl\/wp-json\/wp\/v2\/product\/1724","targetHints":{"allow":["GET"]}}],"collection":[{"href":"https:\/\/cybul.eu\/pl\/wp-json\/wp\/v2\/product"}],"about":[{"href":"https:\/\/cybul.eu\/pl\/wp-json\/wp\/v2\/types\/product"}],"replies":[{"embeddable":true,"href":"https:\/\/cybul.eu\/pl\/wp-json\/wp\/v2\/comments?post=1724"}],"wp:featuredmedia":[{"embeddable":true,"href":"https:\/\/cybul.eu\/pl\/wp-json\/wp\/v2\/media\/24334"}],"wp:attachment":[{"href":"https:\/\/cybul.eu\/pl\/wp-json\/wp\/v2\/media?parent=1724"}],"wp:term":[{"taxonomy":"product_cat","embeddable":true,"href":"https:\/\/cybul.eu\/pl\/wp-json\/wp\/v2\/product_cat?post=1724"},{"taxonomy":"product_tag","embeddable":true,"href":"https:\/\/cybul.eu\/pl\/wp-json\/wp\/v2\/product_tag?post=1724"}],"curies":[{"name":"wp","href":"https:\/\/api.w.org\/{rel}","templated":true}]}}