{"id":1722,"date":"2019-05-14T12:13:48","date_gmt":"2019-05-14T10:13:48","guid":{"rendered":"https:\/\/cybul.eu\/shop\/mx5-na-rozporka-przednia\/"},"modified":"2025-06-05T11:56:36","modified_gmt":"2025-06-05T09:56:36","slug":"mx5-na-rozporka-przednia","status":"publish","type":"product","link":"https:\/\/cybul.eu\/pl\/sklep\/mx5-na-rozporka-przednia\/","title":{"rendered":"MX5 NA  \u2013 Rozp\u00f3rka przednia"},"content":{"rendered":"<p>Znacz\u0105co zwi\u0119ksza sztywno\u015b\u0107 nadwozia. Jest to szczeg\u00f3lnie wa\u017cne w przypadku roadster\u00f3w, kt\u00f3re fabrycznie maj\u0105 tendencj\u0119 do \u201epracy\u201d przy dynamicznej je\u017adzie.<\/p>\n<p>Po\u0142\u0105czenie bezszwowej rury i blach wyci\u0119tych na laserze gwarantuje najwy\u017csz\u0105 odporno\u015b\u0107 na przeci\u0105\u017cenia. Podobnie, jak w przypadku roll bar\u00f3w, jako\u015b\u0107 tego produktu jest absolutnie najwy\u017csza na rynku. Waga &#8211; 1,5kg<\/p>\n<p>Rozp\u00f3rka lakierowana na metaliczny grafit, w przypadku zakupu razem z roll barem, istnieje mo\u017cliwo\u015b\u0107 lakierownia na kolor \u201erolki\u201d.<\/p>\n","protected":false},"excerpt":{"rendered":"<p>Zwi\u0119ksza sztywno\u015b\u0107 nadwozia<\/p>\n","protected":false},"featured_media":24350,"comment_status":"open","ping_status":"open","template":"","meta":[],"product_cat":[387,284],"product_tag":[346,347],"class_list":{"0":"post-1722","1":"product","2":"type-product","3":"status-publish","4":"has-post-thumbnail","6":"product_cat-mx5-na-pl","7":"product_cat-mazda-pl","8":"product_tag-mx5-pl","9":"product_tag-mx5-podwozie-i-nadwozie","11":"first","12":"instock","13":"taxable","14":"shipping-taxable","15":"purchasable","16":"product-type-simple"},"bundled_by":[],"bundle_stock_status":"instock","bundle_stock_quantity":null,"bundle_virtual":false,"bundle_layout":"","bundle_add_to_cart_form_location":"","bundle_editable_in_cart":false,"bundle_sold_individually_context":"","bundle_item_grouping":"","bundle_min_size":"","bundle_max_size":"","bundle_price":[],"bundled_items":[],"bundle_sell_ids":[],"acf":{"zdjecie_bez_watermarka":null,"zdjecie_bez_watermarka_url":"","product_orgin_url":""},"yoast_head":"<!-- This site is optimized with the Yoast SEO plugin v23.9 - https:\/\/yoast.com\/wordpress\/plugins\/seo\/ -->\n<title>MX5 NA \u2013 Rozp\u00f3rka przednia - CYBUL<\/title>\n<meta name=\"robots\" content=\"index, follow, max-snippet:-1, max-image-preview:large, max-video-preview:-1\" \/>\n<link rel=\"canonical\" href=\"https:\/\/cybul.eu\/pl\/sklep\/mx5-na-rozporka-przednia\/\" \/>\n<meta property=\"og:locale\" content=\"pl_PL\" \/>\n<meta property=\"og:type\" content=\"article\" \/>\n<meta property=\"og:title\" content=\"MX5 NA \u2013 Rozp\u00f3rka przednia - CYBUL\" \/>\n<meta property=\"og:description\" content=\"Zwi\u0119ksza sztywno\u015b\u0107 nadwozia\" \/>\n<meta property=\"og:url\" content=\"https:\/\/cybul.eu\/pl\/sklep\/mx5-na-rozporka-przednia\/\" \/>\n<meta property=\"og:site_name\" content=\"CYBUL\" \/>\n<meta property=\"article:modified_time\" content=\"2025-06-05T09:56:36+00:00\" \/>\n<meta property=\"og:image\" content=\"https:\/\/cybul.eu\/wp-content\/uploads\/2025\/04\/MAZDA-MX5-STRUT-BAR_mod.jpg\" \/>\n\t<meta property=\"og:image:width\" content=\"800\" \/>\n\t<meta property=\"og:image:height\" content=\"800\" \/>\n\t<meta property=\"og:image:type\" content=\"image\/jpeg\" \/>\n<meta name=\"twitter:card\" content=\"summary_large_image\" \/>\n<script type=\"application\/ld+json\" class=\"yoast-schema-graph\">{\"@context\":\"https:\/\/schema.org\",\"@graph\":[{\"@type\":\"WebPage\",\"@id\":\"https:\/\/cybul.eu\/pl\/sklep\/mx5-na-rozporka-przednia\/\",\"url\":\"https:\/\/cybul.eu\/pl\/sklep\/mx5-na-rozporka-przednia\/\",\"name\":\"MX5 NA \u2013 Rozp\u00f3rka przednia - CYBUL\",\"isPartOf\":{\"@id\":\"https:\/\/cybul.eu\/pl\/#website\"},\"primaryImageOfPage\":{\"@id\":\"https:\/\/cybul.eu\/pl\/sklep\/mx5-na-rozporka-przednia\/#primaryimage\"},\"image\":{\"@id\":\"https:\/\/cybul.eu\/pl\/sklep\/mx5-na-rozporka-przednia\/#primaryimage\"},\"thumbnailUrl\":\"https:\/\/cybul.eu\/wp-content\/uploads\/2025\/04\/MAZDA-MX5-STRUT-BAR_mod.jpg\",\"datePublished\":\"2019-05-14T10:13:48+00:00\",\"dateModified\":\"2025-06-05T09:56:36+00:00\",\"breadcrumb\":{\"@id\":\"https:\/\/cybul.eu\/pl\/sklep\/mx5-na-rozporka-przednia\/#breadcrumb\"},\"inLanguage\":\"pl-PL\",\"potentialAction\":[{\"@type\":\"ReadAction\",\"target\":[\"https:\/\/cybul.eu\/pl\/sklep\/mx5-na-rozporka-przednia\/\"]}]},{\"@type\":\"ImageObject\",\"inLanguage\":\"pl-PL\",\"@id\":\"https:\/\/cybul.eu\/pl\/sklep\/mx5-na-rozporka-przednia\/#primaryimage\",\"url\":\"https:\/\/cybul.eu\/wp-content\/uploads\/2025\/04\/MAZDA-MX5-STRUT-BAR_mod.jpg\",\"contentUrl\":\"https:\/\/cybul.eu\/wp-content\/uploads\/2025\/04\/MAZDA-MX5-STRUT-BAR_mod.jpg\",\"width\":800,\"height\":800},{\"@type\":\"BreadcrumbList\",\"@id\":\"https:\/\/cybul.eu\/pl\/sklep\/mx5-na-rozporka-przednia\/#breadcrumb\",\"itemListElement\":[{\"@type\":\"ListItem\",\"position\":1,\"name\":\"Strona g\u0142\u00f3wna\",\"item\":\"https:\/\/cybul.eu\/pl\/\"},{\"@type\":\"ListItem\",\"position\":2,\"name\":\"Sklep\",\"item\":\"https:\/\/cybul.eu\/pl\/sklep\/\"},{\"@type\":\"ListItem\",\"position\":3,\"name\":\"MX5 NA \u2013 Rozp\u00f3rka przednia\"}]},{\"@type\":\"WebSite\",\"@id\":\"https:\/\/cybul.eu\/pl\/#website\",\"url\":\"https:\/\/cybul.eu\/pl\/\",\"name\":\"CYBUL\",\"description\":\"\",\"potentialAction\":[{\"@type\":\"SearchAction\",\"target\":{\"@type\":\"EntryPoint\",\"urlTemplate\":\"https:\/\/cybul.eu\/pl\/?s={search_term_string}\"},\"query-input\":{\"@type\":\"PropertyValueSpecification\",\"valueRequired\":true,\"valueName\":\"search_term_string\"}}],\"inLanguage\":\"pl-PL\"}]}<\/script>\n<!-- \/ Yoast SEO plugin. -->","yoast_head_json":{"title":"MX5 NA \u2013 Rozp\u00f3rka przednia - CYBUL","robots":{"index":"index","follow":"follow","max-snippet":"max-snippet:-1","max-image-preview":"max-image-preview:large","max-video-preview":"max-video-preview:-1"},"canonical":"https:\/\/cybul.eu\/pl\/sklep\/mx5-na-rozporka-przednia\/","og_locale":"pl_PL","og_type":"article","og_title":"MX5 NA \u2013 Rozp\u00f3rka przednia - CYBUL","og_description":"Zwi\u0119ksza sztywno\u015b\u0107 nadwozia","og_url":"https:\/\/cybul.eu\/pl\/sklep\/mx5-na-rozporka-przednia\/","og_site_name":"CYBUL","article_modified_time":"2025-06-05T09:56:36+00:00","og_image":[{"width":800,"height":800,"url":"https:\/\/cybul.eu\/wp-content\/uploads\/2025\/04\/MAZDA-MX5-STRUT-BAR_mod.jpg","type":"image\/jpeg"}],"twitter_card":"summary_large_image","schema":{"@context":"https:\/\/schema.org","@graph":[{"@type":"WebPage","@id":"https:\/\/cybul.eu\/pl\/sklep\/mx5-na-rozporka-przednia\/","url":"https:\/\/cybul.eu\/pl\/sklep\/mx5-na-rozporka-przednia\/","name":"MX5 NA \u2013 Rozp\u00f3rka przednia - CYBUL","isPartOf":{"@id":"https:\/\/cybul.eu\/pl\/#website"},"primaryImageOfPage":{"@id":"https:\/\/cybul.eu\/pl\/sklep\/mx5-na-rozporka-przednia\/#primaryimage"},"image":{"@id":"https:\/\/cybul.eu\/pl\/sklep\/mx5-na-rozporka-przednia\/#primaryimage"},"thumbnailUrl":"https:\/\/cybul.eu\/wp-content\/uploads\/2025\/04\/MAZDA-MX5-STRUT-BAR_mod.jpg","datePublished":"2019-05-14T10:13:48+00:00","dateModified":"2025-06-05T09:56:36+00:00","breadcrumb":{"@id":"https:\/\/cybul.eu\/pl\/sklep\/mx5-na-rozporka-przednia\/#breadcrumb"},"inLanguage":"pl-PL","potentialAction":[{"@type":"ReadAction","target":["https:\/\/cybul.eu\/pl\/sklep\/mx5-na-rozporka-przednia\/"]}]},{"@type":"ImageObject","inLanguage":"pl-PL","@id":"https:\/\/cybul.eu\/pl\/sklep\/mx5-na-rozporka-przednia\/#primaryimage","url":"https:\/\/cybul.eu\/wp-content\/uploads\/2025\/04\/MAZDA-MX5-STRUT-BAR_mod.jpg","contentUrl":"https:\/\/cybul.eu\/wp-content\/uploads\/2025\/04\/MAZDA-MX5-STRUT-BAR_mod.jpg","width":800,"height":800},{"@type":"BreadcrumbList","@id":"https:\/\/cybul.eu\/pl\/sklep\/mx5-na-rozporka-przednia\/#breadcrumb","itemListElement":[{"@type":"ListItem","position":1,"name":"Strona g\u0142\u00f3wna","item":"https:\/\/cybul.eu\/pl\/"},{"@type":"ListItem","position":2,"name":"Sklep","item":"https:\/\/cybul.eu\/pl\/sklep\/"},{"@type":"ListItem","position":3,"name":"MX5 NA \u2013 Rozp\u00f3rka przednia"}]},{"@type":"WebSite","@id":"https:\/\/cybul.eu\/pl\/#website","url":"https:\/\/cybul.eu\/pl\/","name":"CYBUL","description":"","potentialAction":[{"@type":"SearchAction","target":{"@type":"EntryPoint","urlTemplate":"https:\/\/cybul.eu\/pl\/?s={search_term_string}"},"query-input":{"@type":"PropertyValueSpecification","valueRequired":true,"valueName":"search_term_string"}}],"inLanguage":"pl-PL"}]}},"_links":{"self":[{"href":"https:\/\/cybul.eu\/pl\/wp-json\/wp\/v2\/product\/1722","targetHints":{"allow":["GET"]}}],"collection":[{"href":"https:\/\/cybul.eu\/pl\/wp-json\/wp\/v2\/product"}],"about":[{"href":"https:\/\/cybul.eu\/pl\/wp-json\/wp\/v2\/types\/product"}],"replies":[{"embeddable":true,"href":"https:\/\/cybul.eu\/pl\/wp-json\/wp\/v2\/comments?post=1722"}],"wp:featuredmedia":[{"embeddable":true,"href":"https:\/\/cybul.eu\/pl\/wp-json\/wp\/v2\/media\/24350"}],"wp:attachment":[{"href":"https:\/\/cybul.eu\/pl\/wp-json\/wp\/v2\/media?parent=1722"}],"wp:term":[{"taxonomy":"product_cat","embeddable":true,"href":"https:\/\/cybul.eu\/pl\/wp-json\/wp\/v2\/product_cat?post=1722"},{"taxonomy":"product_tag","embeddable":true,"href":"https:\/\/cybul.eu\/pl\/wp-json\/wp\/v2\/product_tag?post=1722"}],"curies":[{"name":"wp","href":"https:\/\/api.w.org\/{rel}","templated":true}]}}