{"id":1721,"date":"2019-05-14T12:46:18","date_gmt":"2019-05-14T10:46:18","guid":{"rendered":"https:\/\/cybul.eu\/shop\/mx5-na-i-nb-frog-armsy\/"},"modified":"2025-06-05T11:56:36","modified_gmt":"2025-06-05T09:56:36","slug":"mx5-na-i-nb-frog-armsy","status":"publish","type":"product","link":"https:\/\/cybul.eu\/pl\/sklep\/mx5-na-i-nb-frog-armsy\/","title":{"rendered":"MX5 NA i NB &#8211; frog arms&#8217;y"},"content":{"rendered":"<p>Znacz\u0105co zwi\u0119kszaj\u0105 sztywno\u015b\u0107 nadwozia. Przek\u0142ada si\u0119 to na popraw\u0119 prowadzenia i skr\u00f3cenie czasu reakcji na ruch kierownic\u0105.<\/p>\n<p>Wykonane z rur o podwy\u017cszonej twardo\u015bci, oraz blach wycinanych laserem i gi\u0119tych na maszynach CNC. Pospawanie przez do\u015bwiadczonego spawacza.<\/p>\n<p>W zestawie znajduje si\u0119 zestaw \u015brub, nakr\u0119tek, oraz blach monta\u017cowych. Instalacja na samochodzie nie wymaga u\u017cycia spawarki \u2013 konieczne jest u\u017cycie wiertarki, oraz zestaw podstawowych kluczy.<\/p>\n<p>Produkt lakierowany proszkowo na metaliczny grafit, waga zestawu 2,4kg<\/p>\n","protected":false},"excerpt":{"rendered":"<p>Zwi\u0119kszaj\u0105 sztywno\u015b\u0107 nadwozia<\/p>\n","protected":false},"featured_media":24356,"comment_status":"open","ping_status":"open","template":"","meta":[],"product_cat":[620,387,388,284],"product_tag":[346,347],"class_list":{"0":"post-1721","1":"product","2":"type-product","3":"status-publish","4":"has-post-thumbnail","6":"product_cat-podwozie","7":"product_cat-mx5-na-pl","8":"product_cat-mx5-nb-pl","9":"product_cat-mazda-pl","10":"product_tag-mx5-pl","11":"product_tag-mx5-podwozie-i-nadwozie","13":"first","14":"instock","15":"taxable","16":"shipping-taxable","17":"purchasable","18":"product-type-simple"},"bundled_by":[],"bundle_stock_status":"instock","bundle_stock_quantity":null,"bundle_virtual":false,"bundle_layout":"","bundle_add_to_cart_form_location":"","bundle_editable_in_cart":false,"bundle_sold_individually_context":"","bundle_item_grouping":"","bundle_min_size":"","bundle_max_size":"","bundle_price":[],"bundled_items":[],"bundle_sell_ids":[],"acf":{"zdjecie_bez_watermarka":null,"zdjecie_bez_watermarka_url":"","product_orgin_url":""},"yoast_head":"<!-- This site is optimized with the Yoast SEO plugin v23.9 - https:\/\/yoast.com\/wordpress\/plugins\/seo\/ -->\n<title>MX5 NA i NB - frog arms&#039;y - CYBUL<\/title>\n<meta name=\"robots\" content=\"index, follow, max-snippet:-1, max-image-preview:large, max-video-preview:-1\" \/>\n<link rel=\"canonical\" href=\"https:\/\/cybul.eu\/pl\/sklep\/mx5-na-i-nb-frog-armsy\/\" \/>\n<meta property=\"og:locale\" content=\"pl_PL\" \/>\n<meta property=\"og:type\" content=\"article\" \/>\n<meta property=\"og:title\" content=\"MX5 NA i NB - frog arms&#039;y - CYBUL\" \/>\n<meta property=\"og:description\" content=\"Zwi\u0119kszaj\u0105 sztywno\u015b\u0107 nadwozia\" \/>\n<meta property=\"og:url\" content=\"https:\/\/cybul.eu\/pl\/sklep\/mx5-na-i-nb-frog-armsy\/\" \/>\n<meta property=\"og:site_name\" content=\"CYBUL\" \/>\n<meta property=\"article:modified_time\" content=\"2025-06-05T09:56:36+00:00\" \/>\n<meta property=\"og:image\" content=\"https:\/\/cybul.eu\/wp-content\/uploads\/2025\/04\/MAZDA-MX5-FROG-ARMS_mod-1.jpg\" \/>\n\t<meta property=\"og:image:width\" content=\"800\" \/>\n\t<meta property=\"og:image:height\" content=\"800\" \/>\n\t<meta property=\"og:image:type\" content=\"image\/jpeg\" \/>\n<meta name=\"twitter:card\" content=\"summary_large_image\" \/>\n<script type=\"application\/ld+json\" class=\"yoast-schema-graph\">{\"@context\":\"https:\/\/schema.org\",\"@graph\":[{\"@type\":\"WebPage\",\"@id\":\"https:\/\/cybul.eu\/pl\/sklep\/mx5-na-i-nb-frog-armsy\/\",\"url\":\"https:\/\/cybul.eu\/pl\/sklep\/mx5-na-i-nb-frog-armsy\/\",\"name\":\"MX5 NA i NB - frog arms'y - CYBUL\",\"isPartOf\":{\"@id\":\"https:\/\/cybul.eu\/pl\/#website\"},\"primaryImageOfPage\":{\"@id\":\"https:\/\/cybul.eu\/pl\/sklep\/mx5-na-i-nb-frog-armsy\/#primaryimage\"},\"image\":{\"@id\":\"https:\/\/cybul.eu\/pl\/sklep\/mx5-na-i-nb-frog-armsy\/#primaryimage\"},\"thumbnailUrl\":\"https:\/\/cybul.eu\/wp-content\/uploads\/2025\/04\/MAZDA-MX5-FROG-ARMS_mod-1.jpg\",\"datePublished\":\"2019-05-14T10:46:18+00:00\",\"dateModified\":\"2025-06-05T09:56:36+00:00\",\"breadcrumb\":{\"@id\":\"https:\/\/cybul.eu\/pl\/sklep\/mx5-na-i-nb-frog-armsy\/#breadcrumb\"},\"inLanguage\":\"pl-PL\",\"potentialAction\":[{\"@type\":\"ReadAction\",\"target\":[\"https:\/\/cybul.eu\/pl\/sklep\/mx5-na-i-nb-frog-armsy\/\"]}]},{\"@type\":\"ImageObject\",\"inLanguage\":\"pl-PL\",\"@id\":\"https:\/\/cybul.eu\/pl\/sklep\/mx5-na-i-nb-frog-armsy\/#primaryimage\",\"url\":\"https:\/\/cybul.eu\/wp-content\/uploads\/2025\/04\/MAZDA-MX5-FROG-ARMS_mod-1.jpg\",\"contentUrl\":\"https:\/\/cybul.eu\/wp-content\/uploads\/2025\/04\/MAZDA-MX5-FROG-ARMS_mod-1.jpg\",\"width\":800,\"height\":800},{\"@type\":\"BreadcrumbList\",\"@id\":\"https:\/\/cybul.eu\/pl\/sklep\/mx5-na-i-nb-frog-armsy\/#breadcrumb\",\"itemListElement\":[{\"@type\":\"ListItem\",\"position\":1,\"name\":\"Strona g\u0142\u00f3wna\",\"item\":\"https:\/\/cybul.eu\/pl\/\"},{\"@type\":\"ListItem\",\"position\":2,\"name\":\"Sklep\",\"item\":\"https:\/\/cybul.eu\/pl\/sklep\/\"},{\"@type\":\"ListItem\",\"position\":3,\"name\":\"MX5 NA i NB &#8211; frog arms&#8217;y\"}]},{\"@type\":\"WebSite\",\"@id\":\"https:\/\/cybul.eu\/pl\/#website\",\"url\":\"https:\/\/cybul.eu\/pl\/\",\"name\":\"CYBUL\",\"description\":\"\",\"potentialAction\":[{\"@type\":\"SearchAction\",\"target\":{\"@type\":\"EntryPoint\",\"urlTemplate\":\"https:\/\/cybul.eu\/pl\/?s={search_term_string}\"},\"query-input\":{\"@type\":\"PropertyValueSpecification\",\"valueRequired\":true,\"valueName\":\"search_term_string\"}}],\"inLanguage\":\"pl-PL\"}]}<\/script>\n<!-- \/ Yoast SEO plugin. -->","yoast_head_json":{"title":"MX5 NA i NB - frog arms'y - CYBUL","robots":{"index":"index","follow":"follow","max-snippet":"max-snippet:-1","max-image-preview":"max-image-preview:large","max-video-preview":"max-video-preview:-1"},"canonical":"https:\/\/cybul.eu\/pl\/sklep\/mx5-na-i-nb-frog-armsy\/","og_locale":"pl_PL","og_type":"article","og_title":"MX5 NA i NB - frog arms'y - CYBUL","og_description":"Zwi\u0119kszaj\u0105 sztywno\u015b\u0107 nadwozia","og_url":"https:\/\/cybul.eu\/pl\/sklep\/mx5-na-i-nb-frog-armsy\/","og_site_name":"CYBUL","article_modified_time":"2025-06-05T09:56:36+00:00","og_image":[{"width":800,"height":800,"url":"https:\/\/cybul.eu\/wp-content\/uploads\/2025\/04\/MAZDA-MX5-FROG-ARMS_mod-1.jpg","type":"image\/jpeg"}],"twitter_card":"summary_large_image","schema":{"@context":"https:\/\/schema.org","@graph":[{"@type":"WebPage","@id":"https:\/\/cybul.eu\/pl\/sklep\/mx5-na-i-nb-frog-armsy\/","url":"https:\/\/cybul.eu\/pl\/sklep\/mx5-na-i-nb-frog-armsy\/","name":"MX5 NA i NB - frog arms'y - CYBUL","isPartOf":{"@id":"https:\/\/cybul.eu\/pl\/#website"},"primaryImageOfPage":{"@id":"https:\/\/cybul.eu\/pl\/sklep\/mx5-na-i-nb-frog-armsy\/#primaryimage"},"image":{"@id":"https:\/\/cybul.eu\/pl\/sklep\/mx5-na-i-nb-frog-armsy\/#primaryimage"},"thumbnailUrl":"https:\/\/cybul.eu\/wp-content\/uploads\/2025\/04\/MAZDA-MX5-FROG-ARMS_mod-1.jpg","datePublished":"2019-05-14T10:46:18+00:00","dateModified":"2025-06-05T09:56:36+00:00","breadcrumb":{"@id":"https:\/\/cybul.eu\/pl\/sklep\/mx5-na-i-nb-frog-armsy\/#breadcrumb"},"inLanguage":"pl-PL","potentialAction":[{"@type":"ReadAction","target":["https:\/\/cybul.eu\/pl\/sklep\/mx5-na-i-nb-frog-armsy\/"]}]},{"@type":"ImageObject","inLanguage":"pl-PL","@id":"https:\/\/cybul.eu\/pl\/sklep\/mx5-na-i-nb-frog-armsy\/#primaryimage","url":"https:\/\/cybul.eu\/wp-content\/uploads\/2025\/04\/MAZDA-MX5-FROG-ARMS_mod-1.jpg","contentUrl":"https:\/\/cybul.eu\/wp-content\/uploads\/2025\/04\/MAZDA-MX5-FROG-ARMS_mod-1.jpg","width":800,"height":800},{"@type":"BreadcrumbList","@id":"https:\/\/cybul.eu\/pl\/sklep\/mx5-na-i-nb-frog-armsy\/#breadcrumb","itemListElement":[{"@type":"ListItem","position":1,"name":"Strona g\u0142\u00f3wna","item":"https:\/\/cybul.eu\/pl\/"},{"@type":"ListItem","position":2,"name":"Sklep","item":"https:\/\/cybul.eu\/pl\/sklep\/"},{"@type":"ListItem","position":3,"name":"MX5 NA i NB &#8211; frog arms&#8217;y"}]},{"@type":"WebSite","@id":"https:\/\/cybul.eu\/pl\/#website","url":"https:\/\/cybul.eu\/pl\/","name":"CYBUL","description":"","potentialAction":[{"@type":"SearchAction","target":{"@type":"EntryPoint","urlTemplate":"https:\/\/cybul.eu\/pl\/?s={search_term_string}"},"query-input":{"@type":"PropertyValueSpecification","valueRequired":true,"valueName":"search_term_string"}}],"inLanguage":"pl-PL"}]}},"_links":{"self":[{"href":"https:\/\/cybul.eu\/pl\/wp-json\/wp\/v2\/product\/1721","targetHints":{"allow":["GET"]}}],"collection":[{"href":"https:\/\/cybul.eu\/pl\/wp-json\/wp\/v2\/product"}],"about":[{"href":"https:\/\/cybul.eu\/pl\/wp-json\/wp\/v2\/types\/product"}],"replies":[{"embeddable":true,"href":"https:\/\/cybul.eu\/pl\/wp-json\/wp\/v2\/comments?post=1721"}],"wp:featuredmedia":[{"embeddable":true,"href":"https:\/\/cybul.eu\/pl\/wp-json\/wp\/v2\/media\/24356"}],"wp:attachment":[{"href":"https:\/\/cybul.eu\/pl\/wp-json\/wp\/v2\/media?parent=1721"}],"wp:term":[{"taxonomy":"product_cat","embeddable":true,"href":"https:\/\/cybul.eu\/pl\/wp-json\/wp\/v2\/product_cat?post=1721"},{"taxonomy":"product_tag","embeddable":true,"href":"https:\/\/cybul.eu\/pl\/wp-json\/wp\/v2\/product_tag?post=1721"}],"curies":[{"name":"wp","href":"https:\/\/api.w.org\/{rel}","templated":true}]}}