{"id":1711,"date":"2019-05-14T14:58:06","date_gmt":"2019-05-14T12:58:06","guid":{"rendered":"https:\/\/cybul.eu\/shop\/jeep-xj-long-army\/"},"modified":"2025-06-05T11:56:34","modified_gmt":"2025-06-05T09:56:34","slug":"jeep-xj-long-army","status":"publish","type":"product","link":"https:\/\/cybul.eu\/pl\/sklep\/jeep-xj-long-army\/","title":{"rendered":"Jeep XJ &#8211; Long arm&#8217;y"},"content":{"rendered":"<p>Long arm\u2019y to najlepsze rozwi\u0105zanie do XJ, u\u017cytkowanego w ci\u0119\u017ckim terenie.<\/p>\n<p>Zestaw znacz\u0105co zmniejsza \u201e\u015bci\u0105ganie\u201d ko\u0142a podczas pracy zawieszenia, jednocze\u015bnie umo\u017cliwiaj\u0105c ustawienie ko\u0142a na \u015brodku b\u0142otnika.<\/p>\n<p>Przeznaczony do u\u017cywania w najci\u0119\u017cszej turystyce off-road\u2019owej oraz w rajdach terenowych. Grubo\u015bcienne rury ze stali konstrukcyjnej zapewniaj\u0105 maksymaln\u0105 wytrzyma\u0142o\u015b\u0107.<\/p>\n<p>Po\u0142\u0105czenie tulei poliuretanowych i uniballi \u0142\u0105czy najlepsze cechy obydw\u00f3ch rozwi\u0105za\u0144. Poliuretany t\u0142umi\u0105 drgania, zwi\u0119kszaj\u0105c \u017cywotno\u015b\u0107 uniballi. Uniballe natomiast umo\u017cliwiaj\u0105 prac\u0119 pod du\u017cymi k\u0105tami bez wytwarzania dodatkowego tarcia.<\/p>\n<p>Regulacja po\u0142o\u017cenia ko\u0142a ty\u0142-prz\u00f3d odbywa si\u0119 na uniballach. K\u0105t pochylenia g\u0142\u00f3wki mostu, ustawia si\u0119 na kr\u00f3tkich wahaczach. Dzi\u0119ki zastosowaniu \u015bruby rzymskiej operacja ta nie wymaga demonta\u017cu wahacza.<\/p>\n<p>W zestawie znajduj\u0105 si\u0119 wahacze, belka pod skrzyni\u0119 bieg\u00f3w, uniballe, tuleje redukcyjne do uniballi, tuleje poliuretanowe oraz zestaw \u015brub i nakr\u0119tek potrzebnych do monta\u017cu.<\/p>\n","protected":false},"excerpt":{"rendered":"<p>Najbardziej ekstremalne zawieszenie, przeznaczone do u\u017cytku w najci\u0119\u017cszym terenie<\/p>\n","protected":false},"featured_media":24380,"comment_status":"open","ping_status":"open","template":"","meta":[],"product_cat":[274,393],"product_tag":[368,166,366],"class_list":{"0":"post-1711","1":"product","2":"type-product","3":"status-publish","4":"has-post-thumbnail","6":"product_cat-xj","7":"product_cat-jeep-pl","8":"product_tag-long-army","9":"product_tag-control-arms","10":"product_tag-wahacze-off-road-pl","12":"first","13":"instock","14":"taxable","15":"shipping-taxable","16":"purchasable","17":"product-type-simple"},"bundled_by":[],"bundle_stock_status":"instock","bundle_stock_quantity":null,"bundle_virtual":false,"bundle_layout":"","bundle_add_to_cart_form_location":"","bundle_editable_in_cart":false,"bundle_sold_individually_context":"","bundle_item_grouping":"","bundle_min_size":"","bundle_max_size":"","bundle_price":[],"bundled_items":[],"bundle_sell_ids":[],"acf":{"zdjecie_bez_watermarka":null,"zdjecie_bez_watermarka_url":"","product_orgin_url":""},"yoast_head":"<!-- This site is optimized with the Yoast SEO plugin v23.9 - https:\/\/yoast.com\/wordpress\/plugins\/seo\/ -->\n<title>Jeep XJ - Long arm&#039;y - CYBUL<\/title>\n<meta name=\"robots\" content=\"index, follow, max-snippet:-1, max-image-preview:large, max-video-preview:-1\" \/>\n<link rel=\"canonical\" href=\"https:\/\/cybul.eu\/pl\/sklep\/jeep-xj-long-army\/\" \/>\n<meta property=\"og:locale\" content=\"pl_PL\" \/>\n<meta property=\"og:type\" content=\"article\" \/>\n<meta property=\"og:title\" content=\"Jeep XJ - Long arm&#039;y - CYBUL\" \/>\n<meta property=\"og:description\" content=\"Najbardziej ekstremalne zawieszenie, przeznaczone do u\u017cytku w najci\u0119\u017cszym terenie\" \/>\n<meta property=\"og:url\" content=\"https:\/\/cybul.eu\/pl\/sklep\/jeep-xj-long-army\/\" \/>\n<meta property=\"og:site_name\" content=\"CYBUL\" \/>\n<meta property=\"article:modified_time\" content=\"2025-06-05T09:56:34+00:00\" \/>\n<meta property=\"og:image\" content=\"https:\/\/cybul.eu\/wp-content\/uploads\/2025\/04\/JEEP-XJ-LONGARM-KIT_mod2.jpg\" \/>\n\t<meta property=\"og:image:width\" content=\"1800\" \/>\n\t<meta property=\"og:image:height\" content=\"1800\" \/>\n\t<meta property=\"og:image:type\" content=\"image\/jpeg\" \/>\n<meta name=\"twitter:card\" content=\"summary_large_image\" \/>\n<meta name=\"twitter:label1\" content=\"Szacowany czas czytania\" \/>\n\t<meta name=\"twitter:data1\" content=\"1 minuta\" \/>\n<script type=\"application\/ld+json\" class=\"yoast-schema-graph\">{\"@context\":\"https:\/\/schema.org\",\"@graph\":[{\"@type\":\"WebPage\",\"@id\":\"https:\/\/cybul.eu\/pl\/sklep\/jeep-xj-long-army\/\",\"url\":\"https:\/\/cybul.eu\/pl\/sklep\/jeep-xj-long-army\/\",\"name\":\"Jeep XJ - Long arm'y - CYBUL\",\"isPartOf\":{\"@id\":\"https:\/\/cybul.eu\/pl\/#website\"},\"primaryImageOfPage\":{\"@id\":\"https:\/\/cybul.eu\/pl\/sklep\/jeep-xj-long-army\/#primaryimage\"},\"image\":{\"@id\":\"https:\/\/cybul.eu\/pl\/sklep\/jeep-xj-long-army\/#primaryimage\"},\"thumbnailUrl\":\"https:\/\/cybul.eu\/wp-content\/uploads\/2025\/04\/JEEP-XJ-LONGARM-KIT_mod2.jpg\",\"datePublished\":\"2019-05-14T12:58:06+00:00\",\"dateModified\":\"2025-06-05T09:56:34+00:00\",\"breadcrumb\":{\"@id\":\"https:\/\/cybul.eu\/pl\/sklep\/jeep-xj-long-army\/#breadcrumb\"},\"inLanguage\":\"pl-PL\",\"potentialAction\":[{\"@type\":\"ReadAction\",\"target\":[\"https:\/\/cybul.eu\/pl\/sklep\/jeep-xj-long-army\/\"]}]},{\"@type\":\"ImageObject\",\"inLanguage\":\"pl-PL\",\"@id\":\"https:\/\/cybul.eu\/pl\/sklep\/jeep-xj-long-army\/#primaryimage\",\"url\":\"https:\/\/cybul.eu\/wp-content\/uploads\/2025\/04\/JEEP-XJ-LONGARM-KIT_mod2.jpg\",\"contentUrl\":\"https:\/\/cybul.eu\/wp-content\/uploads\/2025\/04\/JEEP-XJ-LONGARM-KIT_mod2.jpg\",\"width\":1800,\"height\":1800},{\"@type\":\"BreadcrumbList\",\"@id\":\"https:\/\/cybul.eu\/pl\/sklep\/jeep-xj-long-army\/#breadcrumb\",\"itemListElement\":[{\"@type\":\"ListItem\",\"position\":1,\"name\":\"Strona g\u0142\u00f3wna\",\"item\":\"https:\/\/cybul.eu\/pl\/\"},{\"@type\":\"ListItem\",\"position\":2,\"name\":\"Sklep\",\"item\":\"https:\/\/cybul.eu\/pl\/sklep\/\"},{\"@type\":\"ListItem\",\"position\":3,\"name\":\"Jeep XJ &#8211; Long arm&#8217;y\"}]},{\"@type\":\"WebSite\",\"@id\":\"https:\/\/cybul.eu\/pl\/#website\",\"url\":\"https:\/\/cybul.eu\/pl\/\",\"name\":\"CYBUL\",\"description\":\"\",\"potentialAction\":[{\"@type\":\"SearchAction\",\"target\":{\"@type\":\"EntryPoint\",\"urlTemplate\":\"https:\/\/cybul.eu\/pl\/?s={search_term_string}\"},\"query-input\":{\"@type\":\"PropertyValueSpecification\",\"valueRequired\":true,\"valueName\":\"search_term_string\"}}],\"inLanguage\":\"pl-PL\"}]}<\/script>\n<!-- \/ Yoast SEO plugin. -->","yoast_head_json":{"title":"Jeep XJ - Long arm'y - CYBUL","robots":{"index":"index","follow":"follow","max-snippet":"max-snippet:-1","max-image-preview":"max-image-preview:large","max-video-preview":"max-video-preview:-1"},"canonical":"https:\/\/cybul.eu\/pl\/sklep\/jeep-xj-long-army\/","og_locale":"pl_PL","og_type":"article","og_title":"Jeep XJ - Long arm'y - CYBUL","og_description":"Najbardziej ekstremalne zawieszenie, przeznaczone do u\u017cytku w najci\u0119\u017cszym terenie","og_url":"https:\/\/cybul.eu\/pl\/sklep\/jeep-xj-long-army\/","og_site_name":"CYBUL","article_modified_time":"2025-06-05T09:56:34+00:00","og_image":[{"width":1800,"height":1800,"url":"https:\/\/cybul.eu\/wp-content\/uploads\/2025\/04\/JEEP-XJ-LONGARM-KIT_mod2.jpg","type":"image\/jpeg"}],"twitter_card":"summary_large_image","twitter_misc":{"Szacowany czas czytania":"1 minuta"},"schema":{"@context":"https:\/\/schema.org","@graph":[{"@type":"WebPage","@id":"https:\/\/cybul.eu\/pl\/sklep\/jeep-xj-long-army\/","url":"https:\/\/cybul.eu\/pl\/sklep\/jeep-xj-long-army\/","name":"Jeep XJ - Long arm'y - CYBUL","isPartOf":{"@id":"https:\/\/cybul.eu\/pl\/#website"},"primaryImageOfPage":{"@id":"https:\/\/cybul.eu\/pl\/sklep\/jeep-xj-long-army\/#primaryimage"},"image":{"@id":"https:\/\/cybul.eu\/pl\/sklep\/jeep-xj-long-army\/#primaryimage"},"thumbnailUrl":"https:\/\/cybul.eu\/wp-content\/uploads\/2025\/04\/JEEP-XJ-LONGARM-KIT_mod2.jpg","datePublished":"2019-05-14T12:58:06+00:00","dateModified":"2025-06-05T09:56:34+00:00","breadcrumb":{"@id":"https:\/\/cybul.eu\/pl\/sklep\/jeep-xj-long-army\/#breadcrumb"},"inLanguage":"pl-PL","potentialAction":[{"@type":"ReadAction","target":["https:\/\/cybul.eu\/pl\/sklep\/jeep-xj-long-army\/"]}]},{"@type":"ImageObject","inLanguage":"pl-PL","@id":"https:\/\/cybul.eu\/pl\/sklep\/jeep-xj-long-army\/#primaryimage","url":"https:\/\/cybul.eu\/wp-content\/uploads\/2025\/04\/JEEP-XJ-LONGARM-KIT_mod2.jpg","contentUrl":"https:\/\/cybul.eu\/wp-content\/uploads\/2025\/04\/JEEP-XJ-LONGARM-KIT_mod2.jpg","width":1800,"height":1800},{"@type":"BreadcrumbList","@id":"https:\/\/cybul.eu\/pl\/sklep\/jeep-xj-long-army\/#breadcrumb","itemListElement":[{"@type":"ListItem","position":1,"name":"Strona g\u0142\u00f3wna","item":"https:\/\/cybul.eu\/pl\/"},{"@type":"ListItem","position":2,"name":"Sklep","item":"https:\/\/cybul.eu\/pl\/sklep\/"},{"@type":"ListItem","position":3,"name":"Jeep XJ &#8211; Long arm&#8217;y"}]},{"@type":"WebSite","@id":"https:\/\/cybul.eu\/pl\/#website","url":"https:\/\/cybul.eu\/pl\/","name":"CYBUL","description":"","potentialAction":[{"@type":"SearchAction","target":{"@type":"EntryPoint","urlTemplate":"https:\/\/cybul.eu\/pl\/?s={search_term_string}"},"query-input":{"@type":"PropertyValueSpecification","valueRequired":true,"valueName":"search_term_string"}}],"inLanguage":"pl-PL"}]}},"_links":{"self":[{"href":"https:\/\/cybul.eu\/pl\/wp-json\/wp\/v2\/product\/1711","targetHints":{"allow":["GET"]}}],"collection":[{"href":"https:\/\/cybul.eu\/pl\/wp-json\/wp\/v2\/product"}],"about":[{"href":"https:\/\/cybul.eu\/pl\/wp-json\/wp\/v2\/types\/product"}],"replies":[{"embeddable":true,"href":"https:\/\/cybul.eu\/pl\/wp-json\/wp\/v2\/comments?post=1711"}],"wp:featuredmedia":[{"embeddable":true,"href":"https:\/\/cybul.eu\/pl\/wp-json\/wp\/v2\/media\/24380"}],"wp:attachment":[{"href":"https:\/\/cybul.eu\/pl\/wp-json\/wp\/v2\/media?parent=1711"}],"wp:term":[{"taxonomy":"product_cat","embeddable":true,"href":"https:\/\/cybul.eu\/pl\/wp-json\/wp\/v2\/product_cat?post=1711"},{"taxonomy":"product_tag","embeddable":true,"href":"https:\/\/cybul.eu\/pl\/wp-json\/wp\/v2\/product_tag?post=1711"}],"curies":[{"name":"wp","href":"https:\/\/api.w.org\/{rel}","templated":true}]}}