{"id":1705,"date":"2019-05-14T13:57:09","date_gmt":"2019-05-14T13:57:09","guid":{"rendered":"https:\/\/cybul.eu\/shop\/bmw-e36-i-z3-zestaw-do-swapa-silnika-m60-i-m62\/"},"modified":"2025-06-05T11:56:38","modified_gmt":"2025-06-05T09:56:38","slug":"bmw-e36-i-z3-zestaw-do-swapa-silnika-m60-i-m62","status":"publish","type":"product","link":"https:\/\/cybul.eu\/pl\/sklep\/bmw-e36-i-z3-zestaw-do-swapa-silnika-m60-i-m62\/","title":{"rendered":"BMW E36 i Z3 \u2013 zestaw do SWAP\u2019a silnika M60 i M62"},"content":{"rendered":"<p>BMW E36 i Z3 \u2013 zestaw do SWAP\u2019a silnika M60 i M62 rozwi\u0105zuje wszystkie problemy, kt\u00f3re uniemo\u017cliwiaj\u0105 SWAP\u2019a silnika M60 \/ M62 do BMW E36 i Z3.<\/p>\n<p>Umo\u017cliwia regulacj\u0119 po\u0142o\u017cenia silnika ty\u0142-prz\u00f3d w komorze.<\/p>\n<p>W sk\u0142ad zestawu wchodzi miska olejowa, modyfikacja pompy, \u0142apy silnika, poliuretanowe poduszki silnika, sanki z wspawanymi nowymi mocowaniami poduszek, oraz zestaw \u015brub i uszczelek.<\/p>\n<p>Modyfikacj\u0119 sanek ograniczyli\u015bmy do wspawania nowych mocowa\u0144 poduszek silnika. Wszystkie elementy uk\u0142adu kierowniczego pozostaj\u0105 w seryjnym miejscu.<\/p>\n<p>BMW E36 i Z3 \u2013 zestaw do SWAP\u2019a silnika M60 i M62 wymaga u\u017cycia kolektor\u00f3w z BMW X5 lub modyfikacji seryjnych oraz modyfikacji kolumny kierowniczej \u2013 zmniejszenia jej \u015brednicy zewn\u0119trznej.<\/p>\n<p>Wi\u0119cej produkt\u00f3w do BMW E36 znajdziesz w <strong><span style=\"color: #00ff00;\"><a style=\"color: #00ff00;\" href=\"https:\/\/www.cybul.eu\/pl\/category\/bmwpl\/e36\/?v=9b7d173b068d\">zak\u0142adce BMW E36<\/a><\/span><\/strong><\/p>\n","protected":false},"excerpt":{"rendered":"<p>Umo\u017cliwia bezproblemowego SWAP\u2019a silnika M60 i M62 do E36 i Z3<\/p>\n","protected":false},"featured_media":24402,"comment_status":"open","ping_status":"closed","template":"","meta":[],"product_cat":[374,376,397,378,372],"product_tag":[367],"class_list":{"0":"post-1705","1":"product","2":"type-product","3":"status-publish","4":"has-post-thumbnail","6":"product_cat-bmwpl","7":"product_cat-e36","8":"product_cat-e36-compact","9":"product_cat-z3-pl","10":"product_cat-miski-olejowe","11":"product_tag-swap-kity","12":"product_shipping_class-standard","14":"first","15":"instock","16":"taxable","17":"shipping-taxable","18":"purchasable","19":"product-type-variable"},"bundled_by":[],"bundle_stock_status":"instock","bundle_stock_quantity":null,"bundle_virtual":false,"bundle_layout":"","bundle_add_to_cart_form_location":"","bundle_editable_in_cart":false,"bundle_sold_individually_context":"","bundle_item_grouping":"","bundle_min_size":"","bundle_max_size":"","bundle_price":[],"bundled_items":[],"bundle_sell_ids":[],"acf":{"zdjecie_bez_watermarka":24400,"zdjecie_bez_watermarka_url":"https:\/\/cybul.eu\/wp-content\/uploads\/2019\/05\/BMW-E36.46-MISKA-M60.M62-SWAP-KIT-1.jpg","product_orgin_url":""},"yoast_head":"<!-- This site is optimized with the Yoast SEO plugin v23.9 - https:\/\/yoast.com\/wordpress\/plugins\/seo\/ -->\n<title>BMW E36 i Z3 \u2013 zestaw do SWAP\u2019a silnika M60 i M62 - CYBUL<\/title>\n<meta name=\"description\" content=\"BMW E36 i Z3 \u2013 zestaw do SWAP\u2019a silnika M60 i M62 to produkt tzw. \u201ebolt on\u201d \u2013 nie wymaga u\u017cycia spawarki. Umo\u017cliwia regulacj\u0119 po\u0142o\u017cenia silnika ty\u0142-prz\u00f3d.\" \/>\n<meta name=\"robots\" content=\"index, follow, max-snippet:-1, max-image-preview:large, max-video-preview:-1\" \/>\n<link rel=\"canonical\" href=\"https:\/\/cybul.eu\/pl\/sklep\/bmw-e36-i-z3-zestaw-do-swapa-silnika-m60-i-m62\/\" \/>\n<meta property=\"og:locale\" content=\"pl_PL\" \/>\n<meta property=\"og:type\" content=\"article\" \/>\n<meta property=\"og:title\" content=\"BMW E36 i Z3 \u2013 zestaw do SWAP\u2019a silnika M60 i M62 - CYBUL\" \/>\n<meta property=\"og:description\" content=\"BMW E36 i Z3 \u2013 zestaw do SWAP\u2019a silnika M60 i M62 to produkt tzw. \u201ebolt on\u201d \u2013 nie wymaga u\u017cycia spawarki. Umo\u017cliwia regulacj\u0119 po\u0142o\u017cenia silnika ty\u0142-prz\u00f3d.\" \/>\n<meta property=\"og:url\" content=\"https:\/\/cybul.eu\/pl\/sklep\/bmw-e36-i-z3-zestaw-do-swapa-silnika-m60-i-m62\/\" \/>\n<meta property=\"og:site_name\" content=\"CYBUL\" \/>\n<meta property=\"article:modified_time\" content=\"2025-06-05T09:56:38+00:00\" \/>\n<meta property=\"og:image\" content=\"https:\/\/cybul.eu\/wp-content\/uploads\/2025\/04\/BMW-E36.46-MISKA-M60.M62-SWAP-KIT.jpg\" \/>\n\t<meta property=\"og:image:width\" content=\"800\" \/>\n\t<meta property=\"og:image:height\" content=\"800\" \/>\n\t<meta property=\"og:image:type\" content=\"image\/jpeg\" \/>\n<meta name=\"twitter:card\" content=\"summary_large_image\" \/>\n<meta name=\"twitter:label1\" content=\"Szacowany czas czytania\" \/>\n\t<meta name=\"twitter:data1\" content=\"1 minuta\" \/>\n<script type=\"application\/ld+json\" class=\"yoast-schema-graph\">{\"@context\":\"https:\/\/schema.org\",\"@graph\":[{\"@type\":\"WebPage\",\"@id\":\"https:\/\/cybul.eu\/pl\/sklep\/bmw-e36-i-z3-zestaw-do-swapa-silnika-m60-i-m62\/\",\"url\":\"https:\/\/cybul.eu\/pl\/sklep\/bmw-e36-i-z3-zestaw-do-swapa-silnika-m60-i-m62\/\",\"name\":\"BMW E36 i Z3 \u2013 zestaw do SWAP\u2019a silnika M60 i M62 - CYBUL\",\"isPartOf\":{\"@id\":\"https:\/\/cybul.eu\/pl\/#website\"},\"primaryImageOfPage\":{\"@id\":\"https:\/\/cybul.eu\/pl\/sklep\/bmw-e36-i-z3-zestaw-do-swapa-silnika-m60-i-m62\/#primaryimage\"},\"image\":{\"@id\":\"https:\/\/cybul.eu\/pl\/sklep\/bmw-e36-i-z3-zestaw-do-swapa-silnika-m60-i-m62\/#primaryimage\"},\"thumbnailUrl\":\"https:\/\/cybul.eu\/wp-content\/uploads\/2025\/04\/BMW-E36.46-MISKA-M60.M62-SWAP-KIT.jpg\",\"datePublished\":\"2019-05-14T13:57:09+00:00\",\"dateModified\":\"2025-06-05T09:56:38+00:00\",\"description\":\"BMW E36 i Z3 \u2013 zestaw do SWAP\u2019a silnika M60 i M62 to produkt tzw. \u201ebolt on\u201d \u2013 nie wymaga u\u017cycia spawarki. Umo\u017cliwia regulacj\u0119 po\u0142o\u017cenia silnika ty\u0142-prz\u00f3d.\",\"breadcrumb\":{\"@id\":\"https:\/\/cybul.eu\/pl\/sklep\/bmw-e36-i-z3-zestaw-do-swapa-silnika-m60-i-m62\/#breadcrumb\"},\"inLanguage\":\"pl-PL\",\"potentialAction\":[{\"@type\":\"ReadAction\",\"target\":[\"https:\/\/cybul.eu\/pl\/sklep\/bmw-e36-i-z3-zestaw-do-swapa-silnika-m60-i-m62\/\"]}]},{\"@type\":\"ImageObject\",\"inLanguage\":\"pl-PL\",\"@id\":\"https:\/\/cybul.eu\/pl\/sklep\/bmw-e36-i-z3-zestaw-do-swapa-silnika-m60-i-m62\/#primaryimage\",\"url\":\"https:\/\/cybul.eu\/wp-content\/uploads\/2025\/04\/BMW-E36.46-MISKA-M60.M62-SWAP-KIT.jpg\",\"contentUrl\":\"https:\/\/cybul.eu\/wp-content\/uploads\/2025\/04\/BMW-E36.46-MISKA-M60.M62-SWAP-KIT.jpg\",\"width\":800,\"height\":800},{\"@type\":\"BreadcrumbList\",\"@id\":\"https:\/\/cybul.eu\/pl\/sklep\/bmw-e36-i-z3-zestaw-do-swapa-silnika-m60-i-m62\/#breadcrumb\",\"itemListElement\":[{\"@type\":\"ListItem\",\"position\":1,\"name\":\"Strona g\u0142\u00f3wna\",\"item\":\"https:\/\/cybul.eu\/pl\/\"},{\"@type\":\"ListItem\",\"position\":2,\"name\":\"Sklep\",\"item\":\"https:\/\/cybul.eu\/pl\/sklep\/\"},{\"@type\":\"ListItem\",\"position\":3,\"name\":\"BMW E36 i Z3 \u2013 zestaw do SWAP\u2019a silnika M60 i M62\"}]},{\"@type\":\"WebSite\",\"@id\":\"https:\/\/cybul.eu\/pl\/#website\",\"url\":\"https:\/\/cybul.eu\/pl\/\",\"name\":\"CYBUL\",\"description\":\"\",\"potentialAction\":[{\"@type\":\"SearchAction\",\"target\":{\"@type\":\"EntryPoint\",\"urlTemplate\":\"https:\/\/cybul.eu\/pl\/?s={search_term_string}\"},\"query-input\":{\"@type\":\"PropertyValueSpecification\",\"valueRequired\":true,\"valueName\":\"search_term_string\"}}],\"inLanguage\":\"pl-PL\"}]}<\/script>\n<!-- \/ Yoast SEO plugin. -->","yoast_head_json":{"title":"BMW E36 i Z3 \u2013 zestaw do SWAP\u2019a silnika M60 i M62 - CYBUL","description":"BMW E36 i Z3 \u2013 zestaw do SWAP\u2019a silnika M60 i M62 to produkt tzw. \u201ebolt on\u201d \u2013 nie wymaga u\u017cycia spawarki. Umo\u017cliwia regulacj\u0119 po\u0142o\u017cenia silnika ty\u0142-prz\u00f3d.","robots":{"index":"index","follow":"follow","max-snippet":"max-snippet:-1","max-image-preview":"max-image-preview:large","max-video-preview":"max-video-preview:-1"},"canonical":"https:\/\/cybul.eu\/pl\/sklep\/bmw-e36-i-z3-zestaw-do-swapa-silnika-m60-i-m62\/","og_locale":"pl_PL","og_type":"article","og_title":"BMW E36 i Z3 \u2013 zestaw do SWAP\u2019a silnika M60 i M62 - CYBUL","og_description":"BMW E36 i Z3 \u2013 zestaw do SWAP\u2019a silnika M60 i M62 to produkt tzw. \u201ebolt on\u201d \u2013 nie wymaga u\u017cycia spawarki. Umo\u017cliwia regulacj\u0119 po\u0142o\u017cenia silnika ty\u0142-prz\u00f3d.","og_url":"https:\/\/cybul.eu\/pl\/sklep\/bmw-e36-i-z3-zestaw-do-swapa-silnika-m60-i-m62\/","og_site_name":"CYBUL","article_modified_time":"2025-06-05T09:56:38+00:00","og_image":[{"width":800,"height":800,"url":"https:\/\/cybul.eu\/wp-content\/uploads\/2025\/04\/BMW-E36.46-MISKA-M60.M62-SWAP-KIT.jpg","type":"image\/jpeg"}],"twitter_card":"summary_large_image","twitter_misc":{"Szacowany czas czytania":"1 minuta"},"schema":{"@context":"https:\/\/schema.org","@graph":[{"@type":"WebPage","@id":"https:\/\/cybul.eu\/pl\/sklep\/bmw-e36-i-z3-zestaw-do-swapa-silnika-m60-i-m62\/","url":"https:\/\/cybul.eu\/pl\/sklep\/bmw-e36-i-z3-zestaw-do-swapa-silnika-m60-i-m62\/","name":"BMW E36 i Z3 \u2013 zestaw do SWAP\u2019a silnika M60 i M62 - CYBUL","isPartOf":{"@id":"https:\/\/cybul.eu\/pl\/#website"},"primaryImageOfPage":{"@id":"https:\/\/cybul.eu\/pl\/sklep\/bmw-e36-i-z3-zestaw-do-swapa-silnika-m60-i-m62\/#primaryimage"},"image":{"@id":"https:\/\/cybul.eu\/pl\/sklep\/bmw-e36-i-z3-zestaw-do-swapa-silnika-m60-i-m62\/#primaryimage"},"thumbnailUrl":"https:\/\/cybul.eu\/wp-content\/uploads\/2025\/04\/BMW-E36.46-MISKA-M60.M62-SWAP-KIT.jpg","datePublished":"2019-05-14T13:57:09+00:00","dateModified":"2025-06-05T09:56:38+00:00","description":"BMW E36 i Z3 \u2013 zestaw do SWAP\u2019a silnika M60 i M62 to produkt tzw. \u201ebolt on\u201d \u2013 nie wymaga u\u017cycia spawarki. Umo\u017cliwia regulacj\u0119 po\u0142o\u017cenia silnika ty\u0142-prz\u00f3d.","breadcrumb":{"@id":"https:\/\/cybul.eu\/pl\/sklep\/bmw-e36-i-z3-zestaw-do-swapa-silnika-m60-i-m62\/#breadcrumb"},"inLanguage":"pl-PL","potentialAction":[{"@type":"ReadAction","target":["https:\/\/cybul.eu\/pl\/sklep\/bmw-e36-i-z3-zestaw-do-swapa-silnika-m60-i-m62\/"]}]},{"@type":"ImageObject","inLanguage":"pl-PL","@id":"https:\/\/cybul.eu\/pl\/sklep\/bmw-e36-i-z3-zestaw-do-swapa-silnika-m60-i-m62\/#primaryimage","url":"https:\/\/cybul.eu\/wp-content\/uploads\/2025\/04\/BMW-E36.46-MISKA-M60.M62-SWAP-KIT.jpg","contentUrl":"https:\/\/cybul.eu\/wp-content\/uploads\/2025\/04\/BMW-E36.46-MISKA-M60.M62-SWAP-KIT.jpg","width":800,"height":800},{"@type":"BreadcrumbList","@id":"https:\/\/cybul.eu\/pl\/sklep\/bmw-e36-i-z3-zestaw-do-swapa-silnika-m60-i-m62\/#breadcrumb","itemListElement":[{"@type":"ListItem","position":1,"name":"Strona g\u0142\u00f3wna","item":"https:\/\/cybul.eu\/pl\/"},{"@type":"ListItem","position":2,"name":"Sklep","item":"https:\/\/cybul.eu\/pl\/sklep\/"},{"@type":"ListItem","position":3,"name":"BMW E36 i Z3 \u2013 zestaw do SWAP\u2019a silnika M60 i M62"}]},{"@type":"WebSite","@id":"https:\/\/cybul.eu\/pl\/#website","url":"https:\/\/cybul.eu\/pl\/","name":"CYBUL","description":"","potentialAction":[{"@type":"SearchAction","target":{"@type":"EntryPoint","urlTemplate":"https:\/\/cybul.eu\/pl\/?s={search_term_string}"},"query-input":{"@type":"PropertyValueSpecification","valueRequired":true,"valueName":"search_term_string"}}],"inLanguage":"pl-PL"}]}},"_links":{"self":[{"href":"https:\/\/cybul.eu\/pl\/wp-json\/wp\/v2\/product\/1705","targetHints":{"allow":["GET"]}}],"collection":[{"href":"https:\/\/cybul.eu\/pl\/wp-json\/wp\/v2\/product"}],"about":[{"href":"https:\/\/cybul.eu\/pl\/wp-json\/wp\/v2\/types\/product"}],"replies":[{"embeddable":true,"href":"https:\/\/cybul.eu\/pl\/wp-json\/wp\/v2\/comments?post=1705"}],"wp:featuredmedia":[{"embeddable":true,"href":"https:\/\/cybul.eu\/pl\/wp-json\/wp\/v2\/media\/24402"}],"wp:attachment":[{"href":"https:\/\/cybul.eu\/pl\/wp-json\/wp\/v2\/media?parent=1705"}],"wp:term":[{"taxonomy":"product_cat","embeddable":true,"href":"https:\/\/cybul.eu\/pl\/wp-json\/wp\/v2\/product_cat?post=1705"},{"taxonomy":"product_tag","embeddable":true,"href":"https:\/\/cybul.eu\/pl\/wp-json\/wp\/v2\/product_tag?post=1705"}],"curies":[{"name":"wp","href":"https:\/\/api.w.org\/{rel}","templated":true}]}}