{"id":1701,"date":"2019-05-14T14:36:16","date_gmt":"2019-05-14T14:36:16","guid":{"rendered":"https:\/\/cybul.eu\/shop\/bmw-e30-wahacze-do-konwersji-na-5x120\/"},"modified":"2025-06-05T11:56:23","modified_gmt":"2025-06-05T09:56:23","slug":"bmw-e30-wahacze-do-konwersji-na-5x120","status":"publish","type":"product","link":"https:\/\/cybul.eu\/pl\/sklep\/bmw-e30-wahacze-do-konwersji-na-5x120\/","title":{"rendered":"BMW E30 &#8211; wahacze do konwersji na 5&#215;120"},"content":{"rendered":"<p><span style=\"font-size: 110%; font-family: Calibri, sans-serif;\">Umo\u017cliwiaj\u0105 wykonanie konwersji z seryjnych zwrotnic, na zwrotnice z bmw E36. Wycinane na precyzyjnym laserze CNC ze stali konstrukcyjnej, spawane przez do\u015bwiadczonego spawacza. <\/span><\/p>\n<p><span style=\"font-size: 110%; font-family: Calibri, sans-serif;\">Tuleje zosta\u0142y wspawane pod odpowiednim k\u0105tem, dzi\u0119ki czemu sworznie pracuj\u0105 w przewidzianym przez producenta zakresie. Gwarantuje to wysok\u0105 \u017cywotno\u015b\u0107 ruchomych element\u00f3w.<\/span><\/p>\n<p><span style=\"font-size: 110%; font-family: Calibri, sans-serif;\">Zaprojektowane pod seryjne sworznie z BMW E30. Ustawiaj\u0105 ko\u0142o na \u015brodku nadkola bez konieczno\u015bci stosowania acentrycznych silentblock\u00f3w\/tulei poliuretanowych.<\/span><\/p>\n<p><span style=\"font-size: 110%; font-family: Calibri, sans-serif;\">Do monta\u017cu konieczne jest u\u017cycie zwrotnic z BMW E36, produkt lakierowany proszkowo. <\/span><\/p>\n<p><span style=\"font-size: 110%; font-family: Calibri, sans-serif;\">W zestawie znajduj\u0105 si\u0119 wahacze ze sworzniami.\u00a0<\/span><\/p>\n","protected":false},"excerpt":{"rendered":"<p>Umo\u017cliwiaj\u0105 konwersj\u0119 przedniego zawieszenia za zwrotnice z E36 z rozstawem \u015brub 5&#215;120<\/p>\n","protected":false},"featured_media":24430,"comment_status":"open","ping_status":"closed","template":"","meta":[],"product_cat":[374,375],"product_tag":[354],"class_list":{"0":"post-1701","1":"product","2":"type-product","3":"status-publish","4":"has-post-thumbnail","6":"product_cat-bmwpl","7":"product_cat-e30","8":"product_tag-bmw-zawieszenia","10":"first","11":"instock","12":"taxable","13":"shipping-taxable","14":"purchasable","15":"product-type-simple"},"bundled_by":[],"bundle_stock_status":"instock","bundle_stock_quantity":null,"bundle_virtual":false,"bundle_layout":"","bundle_add_to_cart_form_location":"","bundle_editable_in_cart":false,"bundle_sold_individually_context":"","bundle_item_grouping":"","bundle_min_size":"","bundle_max_size":"","bundle_price":[],"bundled_items":[],"bundle_sell_ids":[],"acf":{"zdjecie_bez_watermarka":null,"zdjecie_bez_watermarka_url":"","product_orgin_url":""},"yoast_head":"<!-- This site is optimized with the Yoast SEO plugin v23.9 - https:\/\/yoast.com\/wordpress\/plugins\/seo\/ -->\n<title>BMW E30 - wahacze do konwersji na 5x120 - CYBUL<\/title>\n<meta name=\"description\" content=\"Allow conversion from standard steering knuckles to knuckles from a BMW E36. Centers the wheel in the wheel arch. 100% bolt-on product.\" \/>\n<meta name=\"robots\" content=\"index, follow, max-snippet:-1, max-image-preview:large, max-video-preview:-1\" \/>\n<link rel=\"canonical\" href=\"https:\/\/cybul.eu\/pl\/sklep\/bmw-e30-wahacze-do-konwersji-na-5x120\/\" \/>\n<meta property=\"og:locale\" content=\"pl_PL\" \/>\n<meta property=\"og:type\" content=\"article\" \/>\n<meta property=\"og:title\" content=\"BMW E30 - wahacze do konwersji na 5x120 - CYBUL\" \/>\n<meta property=\"og:description\" content=\"Allow conversion from standard steering knuckles to knuckles from a BMW E36. Centers the wheel in the wheel arch. 100% bolt-on product.\" \/>\n<meta property=\"og:url\" content=\"https:\/\/cybul.eu\/pl\/sklep\/bmw-e30-wahacze-do-konwersji-na-5x120\/\" \/>\n<meta property=\"og:site_name\" content=\"CYBUL\" \/>\n<meta property=\"article:modified_time\" content=\"2025-06-05T09:56:23+00:00\" \/>\n<meta property=\"og:image\" content=\"https:\/\/cybul.eu\/wp-content\/uploads\/2025\/04\/BMW-E30-5x120-conversion-kit.jpg\" \/>\n\t<meta property=\"og:image:width\" content=\"800\" \/>\n\t<meta property=\"og:image:height\" content=\"800\" \/>\n\t<meta property=\"og:image:type\" content=\"image\/jpeg\" \/>\n<meta name=\"twitter:card\" content=\"summary_large_image\" \/>\n<script type=\"application\/ld+json\" class=\"yoast-schema-graph\">{\"@context\":\"https:\/\/schema.org\",\"@graph\":[{\"@type\":\"WebPage\",\"@id\":\"https:\/\/cybul.eu\/pl\/sklep\/bmw-e30-wahacze-do-konwersji-na-5x120\/\",\"url\":\"https:\/\/cybul.eu\/pl\/sklep\/bmw-e30-wahacze-do-konwersji-na-5x120\/\",\"name\":\"BMW E30 - wahacze do konwersji na 5x120 - CYBUL\",\"isPartOf\":{\"@id\":\"https:\/\/cybul.eu\/pl\/#website\"},\"primaryImageOfPage\":{\"@id\":\"https:\/\/cybul.eu\/pl\/sklep\/bmw-e30-wahacze-do-konwersji-na-5x120\/#primaryimage\"},\"image\":{\"@id\":\"https:\/\/cybul.eu\/pl\/sklep\/bmw-e30-wahacze-do-konwersji-na-5x120\/#primaryimage\"},\"thumbnailUrl\":\"https:\/\/cybul.eu\/wp-content\/uploads\/2025\/04\/BMW-E30-5x120-conversion-kit.jpg\",\"datePublished\":\"2019-05-14T14:36:16+00:00\",\"dateModified\":\"2025-06-05T09:56:23+00:00\",\"description\":\"Allow conversion from standard steering knuckles to knuckles from a BMW E36. Centers the wheel in the wheel arch. 100% bolt-on product.\",\"breadcrumb\":{\"@id\":\"https:\/\/cybul.eu\/pl\/sklep\/bmw-e30-wahacze-do-konwersji-na-5x120\/#breadcrumb\"},\"inLanguage\":\"pl-PL\",\"potentialAction\":[{\"@type\":\"ReadAction\",\"target\":[\"https:\/\/cybul.eu\/pl\/sklep\/bmw-e30-wahacze-do-konwersji-na-5x120\/\"]}]},{\"@type\":\"ImageObject\",\"inLanguage\":\"pl-PL\",\"@id\":\"https:\/\/cybul.eu\/pl\/sklep\/bmw-e30-wahacze-do-konwersji-na-5x120\/#primaryimage\",\"url\":\"https:\/\/cybul.eu\/wp-content\/uploads\/2025\/04\/BMW-E30-5x120-conversion-kit.jpg\",\"contentUrl\":\"https:\/\/cybul.eu\/wp-content\/uploads\/2025\/04\/BMW-E30-5x120-conversion-kit.jpg\",\"width\":800,\"height\":800},{\"@type\":\"BreadcrumbList\",\"@id\":\"https:\/\/cybul.eu\/pl\/sklep\/bmw-e30-wahacze-do-konwersji-na-5x120\/#breadcrumb\",\"itemListElement\":[{\"@type\":\"ListItem\",\"position\":1,\"name\":\"Strona g\u0142\u00f3wna\",\"item\":\"https:\/\/cybul.eu\/pl\/\"},{\"@type\":\"ListItem\",\"position\":2,\"name\":\"Sklep\",\"item\":\"https:\/\/cybul.eu\/pl\/sklep\/\"},{\"@type\":\"ListItem\",\"position\":3,\"name\":\"BMW E30 &#8211; wahacze do konwersji na 5&#215;120\"}]},{\"@type\":\"WebSite\",\"@id\":\"https:\/\/cybul.eu\/pl\/#website\",\"url\":\"https:\/\/cybul.eu\/pl\/\",\"name\":\"CYBUL\",\"description\":\"\",\"potentialAction\":[{\"@type\":\"SearchAction\",\"target\":{\"@type\":\"EntryPoint\",\"urlTemplate\":\"https:\/\/cybul.eu\/pl\/?s={search_term_string}\"},\"query-input\":{\"@type\":\"PropertyValueSpecification\",\"valueRequired\":true,\"valueName\":\"search_term_string\"}}],\"inLanguage\":\"pl-PL\"}]}<\/script>\n<!-- \/ Yoast SEO plugin. -->","yoast_head_json":{"title":"BMW E30 - wahacze do konwersji na 5x120 - CYBUL","description":"Allow conversion from standard steering knuckles to knuckles from a BMW E36. Centers the wheel in the wheel arch. 100% bolt-on product.","robots":{"index":"index","follow":"follow","max-snippet":"max-snippet:-1","max-image-preview":"max-image-preview:large","max-video-preview":"max-video-preview:-1"},"canonical":"https:\/\/cybul.eu\/pl\/sklep\/bmw-e30-wahacze-do-konwersji-na-5x120\/","og_locale":"pl_PL","og_type":"article","og_title":"BMW E30 - wahacze do konwersji na 5x120 - CYBUL","og_description":"Allow conversion from standard steering knuckles to knuckles from a BMW E36. Centers the wheel in the wheel arch. 100% bolt-on product.","og_url":"https:\/\/cybul.eu\/pl\/sklep\/bmw-e30-wahacze-do-konwersji-na-5x120\/","og_site_name":"CYBUL","article_modified_time":"2025-06-05T09:56:23+00:00","og_image":[{"width":800,"height":800,"url":"https:\/\/cybul.eu\/wp-content\/uploads\/2025\/04\/BMW-E30-5x120-conversion-kit.jpg","type":"image\/jpeg"}],"twitter_card":"summary_large_image","schema":{"@context":"https:\/\/schema.org","@graph":[{"@type":"WebPage","@id":"https:\/\/cybul.eu\/pl\/sklep\/bmw-e30-wahacze-do-konwersji-na-5x120\/","url":"https:\/\/cybul.eu\/pl\/sklep\/bmw-e30-wahacze-do-konwersji-na-5x120\/","name":"BMW E30 - wahacze do konwersji na 5x120 - CYBUL","isPartOf":{"@id":"https:\/\/cybul.eu\/pl\/#website"},"primaryImageOfPage":{"@id":"https:\/\/cybul.eu\/pl\/sklep\/bmw-e30-wahacze-do-konwersji-na-5x120\/#primaryimage"},"image":{"@id":"https:\/\/cybul.eu\/pl\/sklep\/bmw-e30-wahacze-do-konwersji-na-5x120\/#primaryimage"},"thumbnailUrl":"https:\/\/cybul.eu\/wp-content\/uploads\/2025\/04\/BMW-E30-5x120-conversion-kit.jpg","datePublished":"2019-05-14T14:36:16+00:00","dateModified":"2025-06-05T09:56:23+00:00","description":"Allow conversion from standard steering knuckles to knuckles from a BMW E36. Centers the wheel in the wheel arch. 100% bolt-on product.","breadcrumb":{"@id":"https:\/\/cybul.eu\/pl\/sklep\/bmw-e30-wahacze-do-konwersji-na-5x120\/#breadcrumb"},"inLanguage":"pl-PL","potentialAction":[{"@type":"ReadAction","target":["https:\/\/cybul.eu\/pl\/sklep\/bmw-e30-wahacze-do-konwersji-na-5x120\/"]}]},{"@type":"ImageObject","inLanguage":"pl-PL","@id":"https:\/\/cybul.eu\/pl\/sklep\/bmw-e30-wahacze-do-konwersji-na-5x120\/#primaryimage","url":"https:\/\/cybul.eu\/wp-content\/uploads\/2025\/04\/BMW-E30-5x120-conversion-kit.jpg","contentUrl":"https:\/\/cybul.eu\/wp-content\/uploads\/2025\/04\/BMW-E30-5x120-conversion-kit.jpg","width":800,"height":800},{"@type":"BreadcrumbList","@id":"https:\/\/cybul.eu\/pl\/sklep\/bmw-e30-wahacze-do-konwersji-na-5x120\/#breadcrumb","itemListElement":[{"@type":"ListItem","position":1,"name":"Strona g\u0142\u00f3wna","item":"https:\/\/cybul.eu\/pl\/"},{"@type":"ListItem","position":2,"name":"Sklep","item":"https:\/\/cybul.eu\/pl\/sklep\/"},{"@type":"ListItem","position":3,"name":"BMW E30 &#8211; wahacze do konwersji na 5&#215;120"}]},{"@type":"WebSite","@id":"https:\/\/cybul.eu\/pl\/#website","url":"https:\/\/cybul.eu\/pl\/","name":"CYBUL","description":"","potentialAction":[{"@type":"SearchAction","target":{"@type":"EntryPoint","urlTemplate":"https:\/\/cybul.eu\/pl\/?s={search_term_string}"},"query-input":{"@type":"PropertyValueSpecification","valueRequired":true,"valueName":"search_term_string"}}],"inLanguage":"pl-PL"}]}},"_links":{"self":[{"href":"https:\/\/cybul.eu\/pl\/wp-json\/wp\/v2\/product\/1701","targetHints":{"allow":["GET"]}}],"collection":[{"href":"https:\/\/cybul.eu\/pl\/wp-json\/wp\/v2\/product"}],"about":[{"href":"https:\/\/cybul.eu\/pl\/wp-json\/wp\/v2\/types\/product"}],"replies":[{"embeddable":true,"href":"https:\/\/cybul.eu\/pl\/wp-json\/wp\/v2\/comments?post=1701"}],"wp:featuredmedia":[{"embeddable":true,"href":"https:\/\/cybul.eu\/pl\/wp-json\/wp\/v2\/media\/24430"}],"wp:attachment":[{"href":"https:\/\/cybul.eu\/pl\/wp-json\/wp\/v2\/media?parent=1701"}],"wp:term":[{"taxonomy":"product_cat","embeddable":true,"href":"https:\/\/cybul.eu\/pl\/wp-json\/wp\/v2\/product_cat?post=1701"},{"taxonomy":"product_tag","embeddable":true,"href":"https:\/\/cybul.eu\/pl\/wp-json\/wp\/v2\/product_tag?post=1701"}],"curies":[{"name":"wp","href":"https:\/\/api.w.org\/{rel}","templated":true}]}}