{"id":1700,"date":"2019-05-14T14:43:29","date_gmt":"2019-05-14T14:43:29","guid":{"rendered":"https:\/\/cybul.eu\/shop\/bmw-e30-i-e36-compact-regulowana-tylna-belka\/"},"modified":"2025-06-05T11:56:23","modified_gmt":"2025-06-05T09:56:23","slug":"bmw-e30-i-e36-compact-regulowana-tylna-belka","status":"publish","type":"product","link":"https:\/\/cybul.eu\/pl\/sklep\/bmw-e30-i-e36-compact-regulowana-tylna-belka\/","title":{"rendered":"BMW E30 i E36 compact &#8211; regulowana tylna belka"},"content":{"rendered":"<p>Umo\u017cliwia ustawienie zbie\u017cno\u015bci i k\u0105ta pochylenia ko\u0142a w BMW E30 i E36 compact. Regulacja odbywa si\u0119 na aucie, poprzez kr\u0119cenie \u015brubami z podk\u0142adkami acentrycznymi.<\/p>\n<p>Produkt nie wymaga wprowadzania \u017cadnych modyfikacji w aucie.<\/p>\n<p>Dost\u0119pny w 3 wersjach: +1,25\/-1,25, 0\/+2,5 i +1,25\/+3,75. S\u0105 to zakresy pochylenia ko\u0142a, jakie mo\u017cna uzyska\u0107 w por\u00f3wnaniu z seryjn\u0105 belk\u0105.<\/p>\n<p>Wyb\u00f3r konkretnej wersji zale\u017cy od stopnia obni\u017cenia auta i negatywu, jaki chce si\u0119 osi\u0105gn\u0105\u0107.<\/p>\n<p>W zestawie znajduje si\u0119 belka oraz \u015bruby z acentrycznymi podk\u0142adkami.<\/p>\n","protected":false},"excerpt":{"rendered":"<p>Umo\u017cliwia regulacj\u0119 geometrii tylnego zawieszenia<\/p>\n","protected":false},"featured_media":24436,"comment_status":"open","ping_status":"closed","template":"","meta":[],"product_cat":[374,375,397,378],"product_tag":[354],"class_list":{"0":"post-1700","1":"product","2":"type-product","3":"status-publish","4":"has-post-thumbnail","6":"product_cat-bmwpl","7":"product_cat-e30","8":"product_cat-e36-compact","9":"product_cat-z3-pl","10":"product_tag-bmw-zawieszenia","12":"first","13":"instock","14":"taxable","15":"shipping-taxable","16":"purchasable","17":"product-type-simple"},"bundled_by":[],"bundle_stock_status":"instock","bundle_stock_quantity":null,"bundle_virtual":false,"bundle_layout":"","bundle_add_to_cart_form_location":"","bundle_editable_in_cart":false,"bundle_sold_individually_context":"","bundle_item_grouping":"","bundle_min_size":"","bundle_max_size":"","bundle_price":[],"bundled_items":[],"bundle_sell_ids":[],"acf":{"zdjecie_bez_watermarka":null,"zdjecie_bez_watermarka_url":"","product_orgin_url":""},"yoast_head":"<!-- This site is optimized with the Yoast SEO plugin v23.9 - https:\/\/yoast.com\/wordpress\/plugins\/seo\/ -->\n<title>BMW E30 i E36 compact - regulowana tylna belka - CYBUL<\/title>\n<meta name=\"robots\" content=\"index, follow, max-snippet:-1, max-image-preview:large, max-video-preview:-1\" \/>\n<link rel=\"canonical\" href=\"https:\/\/cybul.eu\/pl\/sklep\/bmw-e30-i-e36-compact-regulowana-tylna-belka\/\" \/>\n<meta property=\"og:locale\" content=\"pl_PL\" \/>\n<meta property=\"og:type\" content=\"article\" \/>\n<meta property=\"og:title\" content=\"BMW E30 i E36 compact - regulowana tylna belka - CYBUL\" \/>\n<meta property=\"og:description\" content=\"Umo\u017cliwia regulacj\u0119 geometrii tylnego zawieszenia\" \/>\n<meta property=\"og:url\" content=\"https:\/\/cybul.eu\/pl\/sklep\/bmw-e30-i-e36-compact-regulowana-tylna-belka\/\" \/>\n<meta property=\"og:site_name\" content=\"CYBUL\" \/>\n<meta property=\"article:modified_time\" content=\"2025-06-05T09:56:23+00:00\" \/>\n<meta property=\"og:image\" content=\"https:\/\/cybul.eu\/wp-content\/uploads\/2025\/04\/BMW-E30E36-BELKA-TYL-2_E30E36C-REAR-SUSPENSION-BAR_mod-1.jpg\" \/>\n\t<meta property=\"og:image:width\" content=\"800\" \/>\n\t<meta property=\"og:image:height\" content=\"800\" \/>\n\t<meta property=\"og:image:type\" content=\"image\/jpeg\" \/>\n<meta name=\"twitter:card\" content=\"summary_large_image\" \/>\n<script type=\"application\/ld+json\" class=\"yoast-schema-graph\">{\"@context\":\"https:\/\/schema.org\",\"@graph\":[{\"@type\":\"WebPage\",\"@id\":\"https:\/\/cybul.eu\/pl\/sklep\/bmw-e30-i-e36-compact-regulowana-tylna-belka\/\",\"url\":\"https:\/\/cybul.eu\/pl\/sklep\/bmw-e30-i-e36-compact-regulowana-tylna-belka\/\",\"name\":\"BMW E30 i E36 compact - regulowana tylna belka - CYBUL\",\"isPartOf\":{\"@id\":\"https:\/\/cybul.eu\/pl\/#website\"},\"primaryImageOfPage\":{\"@id\":\"https:\/\/cybul.eu\/pl\/sklep\/bmw-e30-i-e36-compact-regulowana-tylna-belka\/#primaryimage\"},\"image\":{\"@id\":\"https:\/\/cybul.eu\/pl\/sklep\/bmw-e30-i-e36-compact-regulowana-tylna-belka\/#primaryimage\"},\"thumbnailUrl\":\"https:\/\/cybul.eu\/wp-content\/uploads\/2025\/04\/BMW-E30E36-BELKA-TYL-2_E30E36C-REAR-SUSPENSION-BAR_mod-1.jpg\",\"datePublished\":\"2019-05-14T14:43:29+00:00\",\"dateModified\":\"2025-06-05T09:56:23+00:00\",\"breadcrumb\":{\"@id\":\"https:\/\/cybul.eu\/pl\/sklep\/bmw-e30-i-e36-compact-regulowana-tylna-belka\/#breadcrumb\"},\"inLanguage\":\"pl-PL\",\"potentialAction\":[{\"@type\":\"ReadAction\",\"target\":[\"https:\/\/cybul.eu\/pl\/sklep\/bmw-e30-i-e36-compact-regulowana-tylna-belka\/\"]}]},{\"@type\":\"ImageObject\",\"inLanguage\":\"pl-PL\",\"@id\":\"https:\/\/cybul.eu\/pl\/sklep\/bmw-e30-i-e36-compact-regulowana-tylna-belka\/#primaryimage\",\"url\":\"https:\/\/cybul.eu\/wp-content\/uploads\/2025\/04\/BMW-E30E36-BELKA-TYL-2_E30E36C-REAR-SUSPENSION-BAR_mod-1.jpg\",\"contentUrl\":\"https:\/\/cybul.eu\/wp-content\/uploads\/2025\/04\/BMW-E30E36-BELKA-TYL-2_E30E36C-REAR-SUSPENSION-BAR_mod-1.jpg\",\"width\":800,\"height\":800},{\"@type\":\"BreadcrumbList\",\"@id\":\"https:\/\/cybul.eu\/pl\/sklep\/bmw-e30-i-e36-compact-regulowana-tylna-belka\/#breadcrumb\",\"itemListElement\":[{\"@type\":\"ListItem\",\"position\":1,\"name\":\"Strona g\u0142\u00f3wna\",\"item\":\"https:\/\/cybul.eu\/pl\/\"},{\"@type\":\"ListItem\",\"position\":2,\"name\":\"Sklep\",\"item\":\"https:\/\/cybul.eu\/pl\/sklep\/\"},{\"@type\":\"ListItem\",\"position\":3,\"name\":\"BMW E30 i E36 compact &#8211; regulowana tylna belka\"}]},{\"@type\":\"WebSite\",\"@id\":\"https:\/\/cybul.eu\/pl\/#website\",\"url\":\"https:\/\/cybul.eu\/pl\/\",\"name\":\"CYBUL\",\"description\":\"\",\"potentialAction\":[{\"@type\":\"SearchAction\",\"target\":{\"@type\":\"EntryPoint\",\"urlTemplate\":\"https:\/\/cybul.eu\/pl\/?s={search_term_string}\"},\"query-input\":{\"@type\":\"PropertyValueSpecification\",\"valueRequired\":true,\"valueName\":\"search_term_string\"}}],\"inLanguage\":\"pl-PL\"}]}<\/script>\n<!-- \/ Yoast SEO plugin. -->","yoast_head_json":{"title":"BMW E30 i E36 compact - regulowana tylna belka - CYBUL","robots":{"index":"index","follow":"follow","max-snippet":"max-snippet:-1","max-image-preview":"max-image-preview:large","max-video-preview":"max-video-preview:-1"},"canonical":"https:\/\/cybul.eu\/pl\/sklep\/bmw-e30-i-e36-compact-regulowana-tylna-belka\/","og_locale":"pl_PL","og_type":"article","og_title":"BMW E30 i E36 compact - regulowana tylna belka - CYBUL","og_description":"Umo\u017cliwia regulacj\u0119 geometrii tylnego zawieszenia","og_url":"https:\/\/cybul.eu\/pl\/sklep\/bmw-e30-i-e36-compact-regulowana-tylna-belka\/","og_site_name":"CYBUL","article_modified_time":"2025-06-05T09:56:23+00:00","og_image":[{"width":800,"height":800,"url":"https:\/\/cybul.eu\/wp-content\/uploads\/2025\/04\/BMW-E30E36-BELKA-TYL-2_E30E36C-REAR-SUSPENSION-BAR_mod-1.jpg","type":"image\/jpeg"}],"twitter_card":"summary_large_image","schema":{"@context":"https:\/\/schema.org","@graph":[{"@type":"WebPage","@id":"https:\/\/cybul.eu\/pl\/sklep\/bmw-e30-i-e36-compact-regulowana-tylna-belka\/","url":"https:\/\/cybul.eu\/pl\/sklep\/bmw-e30-i-e36-compact-regulowana-tylna-belka\/","name":"BMW E30 i E36 compact - regulowana tylna belka - CYBUL","isPartOf":{"@id":"https:\/\/cybul.eu\/pl\/#website"},"primaryImageOfPage":{"@id":"https:\/\/cybul.eu\/pl\/sklep\/bmw-e30-i-e36-compact-regulowana-tylna-belka\/#primaryimage"},"image":{"@id":"https:\/\/cybul.eu\/pl\/sklep\/bmw-e30-i-e36-compact-regulowana-tylna-belka\/#primaryimage"},"thumbnailUrl":"https:\/\/cybul.eu\/wp-content\/uploads\/2025\/04\/BMW-E30E36-BELKA-TYL-2_E30E36C-REAR-SUSPENSION-BAR_mod-1.jpg","datePublished":"2019-05-14T14:43:29+00:00","dateModified":"2025-06-05T09:56:23+00:00","breadcrumb":{"@id":"https:\/\/cybul.eu\/pl\/sklep\/bmw-e30-i-e36-compact-regulowana-tylna-belka\/#breadcrumb"},"inLanguage":"pl-PL","potentialAction":[{"@type":"ReadAction","target":["https:\/\/cybul.eu\/pl\/sklep\/bmw-e30-i-e36-compact-regulowana-tylna-belka\/"]}]},{"@type":"ImageObject","inLanguage":"pl-PL","@id":"https:\/\/cybul.eu\/pl\/sklep\/bmw-e30-i-e36-compact-regulowana-tylna-belka\/#primaryimage","url":"https:\/\/cybul.eu\/wp-content\/uploads\/2025\/04\/BMW-E30E36-BELKA-TYL-2_E30E36C-REAR-SUSPENSION-BAR_mod-1.jpg","contentUrl":"https:\/\/cybul.eu\/wp-content\/uploads\/2025\/04\/BMW-E30E36-BELKA-TYL-2_E30E36C-REAR-SUSPENSION-BAR_mod-1.jpg","width":800,"height":800},{"@type":"BreadcrumbList","@id":"https:\/\/cybul.eu\/pl\/sklep\/bmw-e30-i-e36-compact-regulowana-tylna-belka\/#breadcrumb","itemListElement":[{"@type":"ListItem","position":1,"name":"Strona g\u0142\u00f3wna","item":"https:\/\/cybul.eu\/pl\/"},{"@type":"ListItem","position":2,"name":"Sklep","item":"https:\/\/cybul.eu\/pl\/sklep\/"},{"@type":"ListItem","position":3,"name":"BMW E30 i E36 compact &#8211; regulowana tylna belka"}]},{"@type":"WebSite","@id":"https:\/\/cybul.eu\/pl\/#website","url":"https:\/\/cybul.eu\/pl\/","name":"CYBUL","description":"","potentialAction":[{"@type":"SearchAction","target":{"@type":"EntryPoint","urlTemplate":"https:\/\/cybul.eu\/pl\/?s={search_term_string}"},"query-input":{"@type":"PropertyValueSpecification","valueRequired":true,"valueName":"search_term_string"}}],"inLanguage":"pl-PL"}]}},"_links":{"self":[{"href":"https:\/\/cybul.eu\/pl\/wp-json\/wp\/v2\/product\/1700","targetHints":{"allow":["GET"]}}],"collection":[{"href":"https:\/\/cybul.eu\/pl\/wp-json\/wp\/v2\/product"}],"about":[{"href":"https:\/\/cybul.eu\/pl\/wp-json\/wp\/v2\/types\/product"}],"replies":[{"embeddable":true,"href":"https:\/\/cybul.eu\/pl\/wp-json\/wp\/v2\/comments?post=1700"}],"wp:featuredmedia":[{"embeddable":true,"href":"https:\/\/cybul.eu\/pl\/wp-json\/wp\/v2\/media\/24436"}],"wp:attachment":[{"href":"https:\/\/cybul.eu\/pl\/wp-json\/wp\/v2\/media?parent=1700"}],"wp:term":[{"taxonomy":"product_cat","embeddable":true,"href":"https:\/\/cybul.eu\/pl\/wp-json\/wp\/v2\/product_cat?post=1700"},{"taxonomy":"product_tag","embeddable":true,"href":"https:\/\/cybul.eu\/pl\/wp-json\/wp\/v2\/product_tag?post=1700"}],"curies":[{"name":"wp","href":"https:\/\/api.w.org\/{rel}","templated":true}]}}