{"id":1690,"date":"2019-05-15T11:54:44","date_gmt":"2019-05-15T09:54:44","guid":{"rendered":"https:\/\/cybul.eu\/shop\/jeep-tj-zj-xj-przednie-tylne-dolne-wahacze\/"},"modified":"2025-06-05T11:56:21","modified_gmt":"2025-06-05T09:56:21","slug":"jeep-tj-zj-xj-przednie-tylne-dolne-wahacze","status":"publish","type":"product","link":"https:\/\/cybul.eu\/pl\/sklep\/jeep-tj-zj-xj-przednie-tylne-dolne-wahacze\/","title":{"rendered":"Jeep TJ ZJ XJ &#8211; przednie \/ tylne dolne wahacze"},"content":{"rendered":"<p>Umo\u017cliwiaj\u0105 p\u0142ynn\u0105 regulacj\u0119 k\u0105ta pochylenia g\u0142\u00f3wki mostu w szerokim zakresie max\/min 410mm-475mm. Pozwala to wyeliminowa\u0107 wibracje wa\u0142u, kt\u00f3re pojawiaj\u0105 si\u0119 przy \u201elifcie\u201d, oraz ustawienie ko\u0142a na \u015brodku b\u0142otnika.<\/p>\n<p>Dolna tuleja zosta\u0142a wspawana acentrycznie, dzi\u0119ki czemu, nawet przy du\u017cym \u201elifcie\u201d wahacz nie zapiera si\u0119 o mocowanie na mo\u015bcie.<\/p>\n<p>Wykonane z precyzyjnych rur bezszwowych, spawane przez do\u015bwiadczonego spawacza. Sprawdzone w najci\u0119\u017cszych Polskich rajdach, o wiele wytrzymalsze od seryjnych wahaczy.<\/p>\n<p>W zestawie znajduj\u0105 si\u0119 tuleje poliuretanowe w twardo\u015bci 95ShA, znacz\u0105co\u00a0 zwi\u0119kszaj\u0105ce sztywno\u015b\u0107 zawieszenia i przek\u0142adaj\u0105ce si\u0119 na podniesienie precyzji prowadzenia.<\/p>\n<p>Produkt lakierowany proszkowo na metaliczny szary grafit, element gwintowany cynkowany galwanicznie.<\/p>\n","protected":false},"excerpt":{"rendered":"<p>O wiele wytrzymalsze od seryjnych, umo\u017cliwiaj\u0105 ustawienie ko\u0142a na \u015brodku b\u0142otnika.<\/p>\n","protected":false},"featured_media":24476,"comment_status":"open","ping_status":"open","template":"","meta":[],"product_cat":[275,274,276,393],"product_tag":[339],"class_list":{"0":"post-1690","1":"product","2":"type-product","3":"status-publish","4":"has-post-thumbnail","6":"product_cat-tj","7":"product_cat-xj","8":"product_cat-zj","9":"product_cat-jeep-pl","10":"product_tag-wahacze-off-road","12":"first","13":"instock","14":"taxable","15":"shipping-taxable","16":"purchasable","17":"product-type-simple"},"bundled_by":[],"bundle_stock_status":"instock","bundle_stock_quantity":null,"bundle_virtual":false,"bundle_layout":"","bundle_add_to_cart_form_location":"","bundle_editable_in_cart":false,"bundle_sold_individually_context":"","bundle_item_grouping":"","bundle_min_size":"","bundle_max_size":"","bundle_price":[],"bundled_items":[],"bundle_sell_ids":[],"acf":{"zdjecie_bez_watermarka":24474,"zdjecie_bez_watermarka_url":"https:\/\/cybul.eu\/wp-content\/uploads\/2019\/05\/whahaze-przod-i-tyl-dol-XJ-ZT-TJ.jpg","product_orgin_url":""},"yoast_head":"<!-- This site is optimized with the Yoast SEO plugin v23.9 - https:\/\/yoast.com\/wordpress\/plugins\/seo\/ -->\n<title>Jeep TJ ZJ XJ - przednie \/ tylne dolne wahacze - CYBUL<\/title>\n<meta name=\"robots\" content=\"index, follow, max-snippet:-1, max-image-preview:large, max-video-preview:-1\" \/>\n<link rel=\"canonical\" href=\"https:\/\/cybul.eu\/pl\/sklep\/jeep-tj-zj-xj-przednie-tylne-dolne-wahacze\/\" \/>\n<meta property=\"og:locale\" content=\"pl_PL\" \/>\n<meta property=\"og:type\" content=\"article\" \/>\n<meta property=\"og:title\" content=\"Jeep TJ ZJ XJ - przednie \/ tylne dolne wahacze - CYBUL\" \/>\n<meta property=\"og:description\" content=\"O wiele wytrzymalsze od seryjnych, umo\u017cliwiaj\u0105 ustawienie ko\u0142a na \u015brodku b\u0142otnika.\" \/>\n<meta property=\"og:url\" content=\"https:\/\/cybul.eu\/pl\/sklep\/jeep-tj-zj-xj-przednie-tylne-dolne-wahacze\/\" \/>\n<meta property=\"og:site_name\" content=\"CYBUL\" \/>\n<meta property=\"article:modified_time\" content=\"2025-06-05T09:56:21+00:00\" \/>\n<meta property=\"og:image\" content=\"https:\/\/cybul.eu\/wp-content\/uploads\/2025\/04\/Jeep-TJ-ZJ-XJ-fron-and-rear-lower-adjustable-arms_cr.jpg\" \/>\n\t<meta property=\"og:image:width\" content=\"920\" \/>\n\t<meta property=\"og:image:height\" content=\"920\" \/>\n\t<meta property=\"og:image:type\" content=\"image\/jpeg\" \/>\n<meta name=\"twitter:card\" content=\"summary_large_image\" \/>\n<meta name=\"twitter:label1\" content=\"Szacowany czas czytania\" \/>\n\t<meta name=\"twitter:data1\" content=\"1 minuta\" \/>\n<script type=\"application\/ld+json\" class=\"yoast-schema-graph\">{\"@context\":\"https:\/\/schema.org\",\"@graph\":[{\"@type\":\"WebPage\",\"@id\":\"https:\/\/cybul.eu\/pl\/sklep\/jeep-tj-zj-xj-przednie-tylne-dolne-wahacze\/\",\"url\":\"https:\/\/cybul.eu\/pl\/sklep\/jeep-tj-zj-xj-przednie-tylne-dolne-wahacze\/\",\"name\":\"Jeep TJ ZJ XJ - przednie \/ tylne dolne wahacze - CYBUL\",\"isPartOf\":{\"@id\":\"https:\/\/cybul.eu\/pl\/#website\"},\"primaryImageOfPage\":{\"@id\":\"https:\/\/cybul.eu\/pl\/sklep\/jeep-tj-zj-xj-przednie-tylne-dolne-wahacze\/#primaryimage\"},\"image\":{\"@id\":\"https:\/\/cybul.eu\/pl\/sklep\/jeep-tj-zj-xj-przednie-tylne-dolne-wahacze\/#primaryimage\"},\"thumbnailUrl\":\"https:\/\/cybul.eu\/wp-content\/uploads\/2025\/04\/Jeep-TJ-ZJ-XJ-fron-and-rear-lower-adjustable-arms_cr.jpg\",\"datePublished\":\"2019-05-15T09:54:44+00:00\",\"dateModified\":\"2025-06-05T09:56:21+00:00\",\"breadcrumb\":{\"@id\":\"https:\/\/cybul.eu\/pl\/sklep\/jeep-tj-zj-xj-przednie-tylne-dolne-wahacze\/#breadcrumb\"},\"inLanguage\":\"pl-PL\",\"potentialAction\":[{\"@type\":\"ReadAction\",\"target\":[\"https:\/\/cybul.eu\/pl\/sklep\/jeep-tj-zj-xj-przednie-tylne-dolne-wahacze\/\"]}]},{\"@type\":\"ImageObject\",\"inLanguage\":\"pl-PL\",\"@id\":\"https:\/\/cybul.eu\/pl\/sklep\/jeep-tj-zj-xj-przednie-tylne-dolne-wahacze\/#primaryimage\",\"url\":\"https:\/\/cybul.eu\/wp-content\/uploads\/2025\/04\/Jeep-TJ-ZJ-XJ-fron-and-rear-lower-adjustable-arms_cr.jpg\",\"contentUrl\":\"https:\/\/cybul.eu\/wp-content\/uploads\/2025\/04\/Jeep-TJ-ZJ-XJ-fron-and-rear-lower-adjustable-arms_cr.jpg\",\"width\":920,\"height\":920},{\"@type\":\"BreadcrumbList\",\"@id\":\"https:\/\/cybul.eu\/pl\/sklep\/jeep-tj-zj-xj-przednie-tylne-dolne-wahacze\/#breadcrumb\",\"itemListElement\":[{\"@type\":\"ListItem\",\"position\":1,\"name\":\"Strona g\u0142\u00f3wna\",\"item\":\"https:\/\/cybul.eu\/pl\/\"},{\"@type\":\"ListItem\",\"position\":2,\"name\":\"Sklep\",\"item\":\"https:\/\/cybul.eu\/pl\/sklep\/\"},{\"@type\":\"ListItem\",\"position\":3,\"name\":\"Jeep TJ ZJ XJ &#8211; przednie \/ tylne dolne wahacze\"}]},{\"@type\":\"WebSite\",\"@id\":\"https:\/\/cybul.eu\/pl\/#website\",\"url\":\"https:\/\/cybul.eu\/pl\/\",\"name\":\"CYBUL\",\"description\":\"\",\"potentialAction\":[{\"@type\":\"SearchAction\",\"target\":{\"@type\":\"EntryPoint\",\"urlTemplate\":\"https:\/\/cybul.eu\/pl\/?s={search_term_string}\"},\"query-input\":{\"@type\":\"PropertyValueSpecification\",\"valueRequired\":true,\"valueName\":\"search_term_string\"}}],\"inLanguage\":\"pl-PL\"}]}<\/script>\n<!-- \/ Yoast SEO plugin. -->","yoast_head_json":{"title":"Jeep TJ ZJ XJ - przednie \/ tylne dolne wahacze - CYBUL","robots":{"index":"index","follow":"follow","max-snippet":"max-snippet:-1","max-image-preview":"max-image-preview:large","max-video-preview":"max-video-preview:-1"},"canonical":"https:\/\/cybul.eu\/pl\/sklep\/jeep-tj-zj-xj-przednie-tylne-dolne-wahacze\/","og_locale":"pl_PL","og_type":"article","og_title":"Jeep TJ ZJ XJ - przednie \/ tylne dolne wahacze - CYBUL","og_description":"O wiele wytrzymalsze od seryjnych, umo\u017cliwiaj\u0105 ustawienie ko\u0142a na \u015brodku b\u0142otnika.","og_url":"https:\/\/cybul.eu\/pl\/sklep\/jeep-tj-zj-xj-przednie-tylne-dolne-wahacze\/","og_site_name":"CYBUL","article_modified_time":"2025-06-05T09:56:21+00:00","og_image":[{"width":920,"height":920,"url":"https:\/\/cybul.eu\/wp-content\/uploads\/2025\/04\/Jeep-TJ-ZJ-XJ-fron-and-rear-lower-adjustable-arms_cr.jpg","type":"image\/jpeg"}],"twitter_card":"summary_large_image","twitter_misc":{"Szacowany czas czytania":"1 minuta"},"schema":{"@context":"https:\/\/schema.org","@graph":[{"@type":"WebPage","@id":"https:\/\/cybul.eu\/pl\/sklep\/jeep-tj-zj-xj-przednie-tylne-dolne-wahacze\/","url":"https:\/\/cybul.eu\/pl\/sklep\/jeep-tj-zj-xj-przednie-tylne-dolne-wahacze\/","name":"Jeep TJ ZJ XJ - przednie \/ tylne dolne wahacze - CYBUL","isPartOf":{"@id":"https:\/\/cybul.eu\/pl\/#website"},"primaryImageOfPage":{"@id":"https:\/\/cybul.eu\/pl\/sklep\/jeep-tj-zj-xj-przednie-tylne-dolne-wahacze\/#primaryimage"},"image":{"@id":"https:\/\/cybul.eu\/pl\/sklep\/jeep-tj-zj-xj-przednie-tylne-dolne-wahacze\/#primaryimage"},"thumbnailUrl":"https:\/\/cybul.eu\/wp-content\/uploads\/2025\/04\/Jeep-TJ-ZJ-XJ-fron-and-rear-lower-adjustable-arms_cr.jpg","datePublished":"2019-05-15T09:54:44+00:00","dateModified":"2025-06-05T09:56:21+00:00","breadcrumb":{"@id":"https:\/\/cybul.eu\/pl\/sklep\/jeep-tj-zj-xj-przednie-tylne-dolne-wahacze\/#breadcrumb"},"inLanguage":"pl-PL","potentialAction":[{"@type":"ReadAction","target":["https:\/\/cybul.eu\/pl\/sklep\/jeep-tj-zj-xj-przednie-tylne-dolne-wahacze\/"]}]},{"@type":"ImageObject","inLanguage":"pl-PL","@id":"https:\/\/cybul.eu\/pl\/sklep\/jeep-tj-zj-xj-przednie-tylne-dolne-wahacze\/#primaryimage","url":"https:\/\/cybul.eu\/wp-content\/uploads\/2025\/04\/Jeep-TJ-ZJ-XJ-fron-and-rear-lower-adjustable-arms_cr.jpg","contentUrl":"https:\/\/cybul.eu\/wp-content\/uploads\/2025\/04\/Jeep-TJ-ZJ-XJ-fron-and-rear-lower-adjustable-arms_cr.jpg","width":920,"height":920},{"@type":"BreadcrumbList","@id":"https:\/\/cybul.eu\/pl\/sklep\/jeep-tj-zj-xj-przednie-tylne-dolne-wahacze\/#breadcrumb","itemListElement":[{"@type":"ListItem","position":1,"name":"Strona g\u0142\u00f3wna","item":"https:\/\/cybul.eu\/pl\/"},{"@type":"ListItem","position":2,"name":"Sklep","item":"https:\/\/cybul.eu\/pl\/sklep\/"},{"@type":"ListItem","position":3,"name":"Jeep TJ ZJ XJ &#8211; przednie \/ tylne dolne wahacze"}]},{"@type":"WebSite","@id":"https:\/\/cybul.eu\/pl\/#website","url":"https:\/\/cybul.eu\/pl\/","name":"CYBUL","description":"","potentialAction":[{"@type":"SearchAction","target":{"@type":"EntryPoint","urlTemplate":"https:\/\/cybul.eu\/pl\/?s={search_term_string}"},"query-input":{"@type":"PropertyValueSpecification","valueRequired":true,"valueName":"search_term_string"}}],"inLanguage":"pl-PL"}]}},"_links":{"self":[{"href":"https:\/\/cybul.eu\/pl\/wp-json\/wp\/v2\/product\/1690","targetHints":{"allow":["GET"]}}],"collection":[{"href":"https:\/\/cybul.eu\/pl\/wp-json\/wp\/v2\/product"}],"about":[{"href":"https:\/\/cybul.eu\/pl\/wp-json\/wp\/v2\/types\/product"}],"replies":[{"embeddable":true,"href":"https:\/\/cybul.eu\/pl\/wp-json\/wp\/v2\/comments?post=1690"}],"wp:featuredmedia":[{"embeddable":true,"href":"https:\/\/cybul.eu\/pl\/wp-json\/wp\/v2\/media\/24476"}],"wp:attachment":[{"href":"https:\/\/cybul.eu\/pl\/wp-json\/wp\/v2\/media?parent=1690"}],"wp:term":[{"taxonomy":"product_cat","embeddable":true,"href":"https:\/\/cybul.eu\/pl\/wp-json\/wp\/v2\/product_cat?post=1690"},{"taxonomy":"product_tag","embeddable":true,"href":"https:\/\/cybul.eu\/pl\/wp-json\/wp\/v2\/product_tag?post=1690"}],"curies":[{"name":"wp","href":"https:\/\/api.w.org\/{rel}","templated":true}]}}