{"id":1686,"date":"2019-05-15T13:43:05","date_gmt":"2019-05-15T11:43:05","guid":{"rendered":"https:\/\/cybul.eu\/shop\/m60-m62-dwutarczowe-sprzeglo-pod-skrzynie\/"},"modified":"2025-06-05T11:56:19","modified_gmt":"2025-06-05T09:56:19","slug":"m60-m62-dwutarczowe-sprzeglo-pod-skrzynie","status":"publish","type":"product","link":"https:\/\/cybul.eu\/pl\/sklep\/m60-m62-dwutarczowe-sprzeglo-pod-skrzynie\/","title":{"rendered":"M60 M62 &#8211; dwutarczowe sprz\u0119g\u0142o pod skrzyni\u0119 od M57 (GS5-39DZ)"},"content":{"rendered":"<p>Najbardziej wytrzyma\u0142y i p\u0142ynnie dzia\u0142aj\u0105cy zestaw do konwersji silnika M60 i M62 na skrzyni\u0119 bieg\u00f3w od silnika M57 (skrzynia GS5-39DZ).<\/p>\n<p>To sprz\u0119g\u0142o z \u0142atwo\u015bci\u0105 i p\u0142ynnie przenosi ponad 1100NM.<\/p>\n<p>Specjalnie dla silnik\u00f3w M62, adapter zosta\u0142 wyposa\u017cony w miejsce na seryjny czujnik po\u0142o\u017cenia wa\u0142u.<\/p>\n<p>O 50% wi\u0119ksza \u017cywotno\u015b\u0107 w por\u00f3wnaniu do zestaw\u00f3w opartych o docisk BMW. Jak uda\u0142o si\u0119 nam to osi\u0105gn\u0105\u0107? Docisk \u201e\u015bciska\u201d tarcze 4,5mm. To o 50% ni\u017c w przypadku docisku z BMW i o tyle w\u0142a\u015bnie d\u0142u\u017csza jest \u017cywotno\u015b\u0107 sprz\u0119g\u0142a.<\/p>\n<p>Po zamontowaniu tego zestawu nie odczujesz, \u017ce masz za\u0142o\u017cone sportowe sprz\u0119g\u0142o. Peda\u0142 jest mi\u0119kki jak w aucie do u\u017cytku codziennego.<\/p>\n<p>Ruszanie z miejsca nigdy nie by\u0142o takie p\u0142ynne. Dzi\u0119ki dw\u00f3m traczom o \u015brednicy 240mm i du\u017cej powierzchni ciernej, p\u00f3\u0142sprz\u0119g\u0142o jest takie samo, jak w seryjnym aucie.<\/p>\n<p>Podczas projektowania tego produktu, przy\u0142o\u017cyli\u015bmy ogromn\u0105 wag\u0119 do redukcji masy. Aluminium jest odchudzone do granic mo\u017cliwo\u015bci. Wygl\u0105d produktu du\u017co m\u00f3wi o jego jako\u015bci.<\/p>\n<p>\u201ePrzek\u0142adka\u201d porusza si\u0119 po specjalnie opracowanym stopie stali. Dzi\u0119ki temu, zawsze b\u0119dzie \u015bci\u015ble spasowana i nigdy nie dostanie luzu. Jest to znacz\u0105ca przewaga nad ko\u0142ami wykonanymi w ca\u0142o\u015bci z aluminium.<\/p>\n<p>Ko\u0142o zamachowe, docisk i przek\u0142adka s\u0105 wywa\u017cane razem. Pozwala to na ca\u0142kowite wyeliminowanie wibracji.<\/p>\n<p>W sk\u0142ad zestawu wchodzi ko\u0142o zamachowe, dwie tarcze spiekowe, przek\u0142adka, docisk, adapter, \u0142o\u017cysko centruj\u0105ce wa\u0142ek sprz\u0119g\u0142owy, \u0142o\u017cysko oporowe i zestaw \u015brub.<\/p>\n<p>Monta\u017c wymaga u\u017cycia seryjnej koronki rozrusznika z silnika M60 \/ M62 starego typu.<\/p>\n","protected":false},"excerpt":{"rendered":"<p>P\u0142ynnie dzia\u0142aj\u0105cy, bardzo wytrzyma\u0142y zestaw, kt\u00f3ry przenosi ponad <strong>1100NM<\/strong><\/p>\n","protected":false},"featured_media":24486,"comment_status":"open","ping_status":"open","template":"","meta":[],"product_cat":[374,375,376,397,377,378,379,359],"product_tag":[360],"class_list":{"0":"post-1686","1":"product","2":"type-product","3":"status-publish","4":"has-post-thumbnail","6":"product_cat-bmwpl","7":"product_cat-e30","8":"product_cat-e36","9":"product_cat-e36-compact","10":"product_cat-e46","11":"product_cat-z3-pl","12":"product_cat-z4-pl","13":"product_cat-sprzegla","14":"product_tag-sprzegla","16":"first","17":"instock","18":"taxable","19":"shipping-taxable","20":"purchasable","21":"product-type-simple"},"bundled_by":[],"bundle_stock_status":"instock","bundle_stock_quantity":null,"bundle_virtual":false,"bundle_layout":"","bundle_add_to_cart_form_location":"","bundle_editable_in_cart":false,"bundle_sold_individually_context":"","bundle_item_grouping":"","bundle_min_size":"","bundle_max_size":"","bundle_price":[],"bundled_items":[],"bundle_sell_ids":[],"acf":{"zdjecie_bez_watermarka":null,"zdjecie_bez_watermarka_url":"","product_orgin_url":""},"yoast_head":"<!-- This site is optimized with the Yoast SEO plugin v23.9 - https:\/\/yoast.com\/wordpress\/plugins\/seo\/ -->\n<title>M60 M62 - dwutarczowe sprz\u0119g\u0142o pod skrzyni\u0119 od M57 (GS5-39DZ) - CYBUL<\/title>\n<meta name=\"robots\" content=\"index, follow, max-snippet:-1, max-image-preview:large, max-video-preview:-1\" \/>\n<link rel=\"canonical\" href=\"https:\/\/cybul.eu\/pl\/sklep\/m60-m62-dwutarczowe-sprzeglo-pod-skrzynie\/\" \/>\n<meta property=\"og:locale\" content=\"pl_PL\" \/>\n<meta property=\"og:type\" content=\"article\" \/>\n<meta property=\"og:title\" content=\"M60 M62 - dwutarczowe sprz\u0119g\u0142o pod skrzyni\u0119 od M57 (GS5-39DZ) - CYBUL\" \/>\n<meta property=\"og:description\" content=\"P\u0142ynnie dzia\u0142aj\u0105cy, bardzo wytrzyma\u0142y zestaw, kt\u00f3ry przenosi ponad 1100NM\" \/>\n<meta property=\"og:url\" content=\"https:\/\/cybul.eu\/pl\/sklep\/m60-m62-dwutarczowe-sprzeglo-pod-skrzynie\/\" \/>\n<meta property=\"og:site_name\" content=\"CYBUL\" \/>\n<meta property=\"article:modified_time\" content=\"2025-06-05T09:56:19+00:00\" \/>\n<meta property=\"og:image\" content=\"https:\/\/cybul.eu\/wp-content\/uploads\/2025\/04\/M60-and-M62-clutch-kit-with-crankshaft-sensor-mounting-point-2.jpg\" \/>\n\t<meta property=\"og:image:width\" content=\"800\" \/>\n\t<meta property=\"og:image:height\" content=\"800\" \/>\n\t<meta property=\"og:image:type\" content=\"image\/jpeg\" \/>\n<meta name=\"twitter:card\" content=\"summary_large_image\" \/>\n<meta name=\"twitter:label1\" content=\"Szacowany czas czytania\" \/>\n\t<meta name=\"twitter:data1\" content=\"1 minuta\" \/>\n<script type=\"application\/ld+json\" class=\"yoast-schema-graph\">{\"@context\":\"https:\/\/schema.org\",\"@graph\":[{\"@type\":\"WebPage\",\"@id\":\"https:\/\/cybul.eu\/pl\/sklep\/m60-m62-dwutarczowe-sprzeglo-pod-skrzynie\/\",\"url\":\"https:\/\/cybul.eu\/pl\/sklep\/m60-m62-dwutarczowe-sprzeglo-pod-skrzynie\/\",\"name\":\"M60 M62 - dwutarczowe sprz\u0119g\u0142o pod skrzyni\u0119 od M57 (GS5-39DZ) - CYBUL\",\"isPartOf\":{\"@id\":\"https:\/\/cybul.eu\/pl\/#website\"},\"primaryImageOfPage\":{\"@id\":\"https:\/\/cybul.eu\/pl\/sklep\/m60-m62-dwutarczowe-sprzeglo-pod-skrzynie\/#primaryimage\"},\"image\":{\"@id\":\"https:\/\/cybul.eu\/pl\/sklep\/m60-m62-dwutarczowe-sprzeglo-pod-skrzynie\/#primaryimage\"},\"thumbnailUrl\":\"https:\/\/cybul.eu\/wp-content\/uploads\/2025\/04\/M60-and-M62-clutch-kit-with-crankshaft-sensor-mounting-point-2.jpg\",\"datePublished\":\"2019-05-15T11:43:05+00:00\",\"dateModified\":\"2025-06-05T09:56:19+00:00\",\"breadcrumb\":{\"@id\":\"https:\/\/cybul.eu\/pl\/sklep\/m60-m62-dwutarczowe-sprzeglo-pod-skrzynie\/#breadcrumb\"},\"inLanguage\":\"pl-PL\",\"potentialAction\":[{\"@type\":\"ReadAction\",\"target\":[\"https:\/\/cybul.eu\/pl\/sklep\/m60-m62-dwutarczowe-sprzeglo-pod-skrzynie\/\"]}]},{\"@type\":\"ImageObject\",\"inLanguage\":\"pl-PL\",\"@id\":\"https:\/\/cybul.eu\/pl\/sklep\/m60-m62-dwutarczowe-sprzeglo-pod-skrzynie\/#primaryimage\",\"url\":\"https:\/\/cybul.eu\/wp-content\/uploads\/2025\/04\/M60-and-M62-clutch-kit-with-crankshaft-sensor-mounting-point-2.jpg\",\"contentUrl\":\"https:\/\/cybul.eu\/wp-content\/uploads\/2025\/04\/M60-and-M62-clutch-kit-with-crankshaft-sensor-mounting-point-2.jpg\",\"width\":800,\"height\":800},{\"@type\":\"BreadcrumbList\",\"@id\":\"https:\/\/cybul.eu\/pl\/sklep\/m60-m62-dwutarczowe-sprzeglo-pod-skrzynie\/#breadcrumb\",\"itemListElement\":[{\"@type\":\"ListItem\",\"position\":1,\"name\":\"Strona g\u0142\u00f3wna\",\"item\":\"https:\/\/cybul.eu\/pl\/\"},{\"@type\":\"ListItem\",\"position\":2,\"name\":\"Sklep\",\"item\":\"https:\/\/cybul.eu\/pl\/sklep\/\"},{\"@type\":\"ListItem\",\"position\":3,\"name\":\"M60 M62 &#8211; dwutarczowe sprz\u0119g\u0142o pod skrzyni\u0119 od M57 (GS5-39DZ)\"}]},{\"@type\":\"WebSite\",\"@id\":\"https:\/\/cybul.eu\/pl\/#website\",\"url\":\"https:\/\/cybul.eu\/pl\/\",\"name\":\"CYBUL\",\"description\":\"\",\"potentialAction\":[{\"@type\":\"SearchAction\",\"target\":{\"@type\":\"EntryPoint\",\"urlTemplate\":\"https:\/\/cybul.eu\/pl\/?s={search_term_string}\"},\"query-input\":{\"@type\":\"PropertyValueSpecification\",\"valueRequired\":true,\"valueName\":\"search_term_string\"}}],\"inLanguage\":\"pl-PL\"}]}<\/script>\n<!-- \/ Yoast SEO plugin. -->","yoast_head_json":{"title":"M60 M62 - dwutarczowe sprz\u0119g\u0142o pod skrzyni\u0119 od M57 (GS5-39DZ) - CYBUL","robots":{"index":"index","follow":"follow","max-snippet":"max-snippet:-1","max-image-preview":"max-image-preview:large","max-video-preview":"max-video-preview:-1"},"canonical":"https:\/\/cybul.eu\/pl\/sklep\/m60-m62-dwutarczowe-sprzeglo-pod-skrzynie\/","og_locale":"pl_PL","og_type":"article","og_title":"M60 M62 - dwutarczowe sprz\u0119g\u0142o pod skrzyni\u0119 od M57 (GS5-39DZ) - CYBUL","og_description":"P\u0142ynnie dzia\u0142aj\u0105cy, bardzo wytrzyma\u0142y zestaw, kt\u00f3ry przenosi ponad 1100NM","og_url":"https:\/\/cybul.eu\/pl\/sklep\/m60-m62-dwutarczowe-sprzeglo-pod-skrzynie\/","og_site_name":"CYBUL","article_modified_time":"2025-06-05T09:56:19+00:00","og_image":[{"width":800,"height":800,"url":"https:\/\/cybul.eu\/wp-content\/uploads\/2025\/04\/M60-and-M62-clutch-kit-with-crankshaft-sensor-mounting-point-2.jpg","type":"image\/jpeg"}],"twitter_card":"summary_large_image","twitter_misc":{"Szacowany czas czytania":"1 minuta"},"schema":{"@context":"https:\/\/schema.org","@graph":[{"@type":"WebPage","@id":"https:\/\/cybul.eu\/pl\/sklep\/m60-m62-dwutarczowe-sprzeglo-pod-skrzynie\/","url":"https:\/\/cybul.eu\/pl\/sklep\/m60-m62-dwutarczowe-sprzeglo-pod-skrzynie\/","name":"M60 M62 - dwutarczowe sprz\u0119g\u0142o pod skrzyni\u0119 od M57 (GS5-39DZ) - CYBUL","isPartOf":{"@id":"https:\/\/cybul.eu\/pl\/#website"},"primaryImageOfPage":{"@id":"https:\/\/cybul.eu\/pl\/sklep\/m60-m62-dwutarczowe-sprzeglo-pod-skrzynie\/#primaryimage"},"image":{"@id":"https:\/\/cybul.eu\/pl\/sklep\/m60-m62-dwutarczowe-sprzeglo-pod-skrzynie\/#primaryimage"},"thumbnailUrl":"https:\/\/cybul.eu\/wp-content\/uploads\/2025\/04\/M60-and-M62-clutch-kit-with-crankshaft-sensor-mounting-point-2.jpg","datePublished":"2019-05-15T11:43:05+00:00","dateModified":"2025-06-05T09:56:19+00:00","breadcrumb":{"@id":"https:\/\/cybul.eu\/pl\/sklep\/m60-m62-dwutarczowe-sprzeglo-pod-skrzynie\/#breadcrumb"},"inLanguage":"pl-PL","potentialAction":[{"@type":"ReadAction","target":["https:\/\/cybul.eu\/pl\/sklep\/m60-m62-dwutarczowe-sprzeglo-pod-skrzynie\/"]}]},{"@type":"ImageObject","inLanguage":"pl-PL","@id":"https:\/\/cybul.eu\/pl\/sklep\/m60-m62-dwutarczowe-sprzeglo-pod-skrzynie\/#primaryimage","url":"https:\/\/cybul.eu\/wp-content\/uploads\/2025\/04\/M60-and-M62-clutch-kit-with-crankshaft-sensor-mounting-point-2.jpg","contentUrl":"https:\/\/cybul.eu\/wp-content\/uploads\/2025\/04\/M60-and-M62-clutch-kit-with-crankshaft-sensor-mounting-point-2.jpg","width":800,"height":800},{"@type":"BreadcrumbList","@id":"https:\/\/cybul.eu\/pl\/sklep\/m60-m62-dwutarczowe-sprzeglo-pod-skrzynie\/#breadcrumb","itemListElement":[{"@type":"ListItem","position":1,"name":"Strona g\u0142\u00f3wna","item":"https:\/\/cybul.eu\/pl\/"},{"@type":"ListItem","position":2,"name":"Sklep","item":"https:\/\/cybul.eu\/pl\/sklep\/"},{"@type":"ListItem","position":3,"name":"M60 M62 &#8211; dwutarczowe sprz\u0119g\u0142o pod skrzyni\u0119 od M57 (GS5-39DZ)"}]},{"@type":"WebSite","@id":"https:\/\/cybul.eu\/pl\/#website","url":"https:\/\/cybul.eu\/pl\/","name":"CYBUL","description":"","potentialAction":[{"@type":"SearchAction","target":{"@type":"EntryPoint","urlTemplate":"https:\/\/cybul.eu\/pl\/?s={search_term_string}"},"query-input":{"@type":"PropertyValueSpecification","valueRequired":true,"valueName":"search_term_string"}}],"inLanguage":"pl-PL"}]}},"_links":{"self":[{"href":"https:\/\/cybul.eu\/pl\/wp-json\/wp\/v2\/product\/1686","targetHints":{"allow":["GET"]}}],"collection":[{"href":"https:\/\/cybul.eu\/pl\/wp-json\/wp\/v2\/product"}],"about":[{"href":"https:\/\/cybul.eu\/pl\/wp-json\/wp\/v2\/types\/product"}],"replies":[{"embeddable":true,"href":"https:\/\/cybul.eu\/pl\/wp-json\/wp\/v2\/comments?post=1686"}],"wp:featuredmedia":[{"embeddable":true,"href":"https:\/\/cybul.eu\/pl\/wp-json\/wp\/v2\/media\/24486"}],"wp:attachment":[{"href":"https:\/\/cybul.eu\/pl\/wp-json\/wp\/v2\/media?parent=1686"}],"wp:term":[{"taxonomy":"product_cat","embeddable":true,"href":"https:\/\/cybul.eu\/pl\/wp-json\/wp\/v2\/product_cat?post=1686"},{"taxonomy":"product_tag","embeddable":true,"href":"https:\/\/cybul.eu\/pl\/wp-json\/wp\/v2\/product_tag?post=1686"}],"curies":[{"name":"wp","href":"https:\/\/api.w.org\/{rel}","templated":true}]}}